{"id":218,"date":"2021-09-13T08:43:43","date_gmt":"2021-09-13T06:43:43","guid":{"rendered":"https:\/\/bautenschutz-keul.de\/angebote\/feuchter-keller-buchholz-in-der-nordheide\/"},"modified":"2021-09-13T08:43:43","modified_gmt":"2021-09-13T06:43:43","slug":"feuchter-keller-buchholz-in-der-nordheide","status":"publish","type":"page","link":"https:\/\/bautenschutz-keul.de\/angebote\/feuchter-keller-buchholz-in-der-nordheide\/","title":{"rendered":"Feuchter Keller &#8211; Buchholz in der Nordheide"},"content":{"rendered":"<h3>Feuchter Keller: Wir helfen schnell und kompetent!<\/h3>\n<p>Ein feuchter Keller kann auf jeden Fall ungute Auswirkungen auf Befinden und Verfassung der Geb\u00e4udebewohner haben. Schimmelbildung und Sporenablagerungen sind nicht selten die Erkl\u00e4rung f\u00fcr gesundheitliche Beeintr\u00e4chtigungen. Ein weiterer Grund dem feuchten Keller auf den Pelz zu f\u00fchlen. Ein feuchter Keller ist eine Angelegenheit f\u00fcr den Fachmann. Nur ein vorz\u00fcglich geschulter Experte kennt die geeigneten Methoden, wie ein feuchter Keller sofort und erfolgreich saniert werden kann. <\/p>\n<p>Ein feuchter Keller kann unbehandelt zum gravierenden \u00c4rgernis werden. Hausbesitzer sind diesbez\u00fcglich bestens beraten, sich umfangreich \u00fcber eine Sanierung zu erkundigen, falls sie feuchte Stellen in Ihrem Keller lokalisiert haben.<br \/>\nFr\u00fch gesehen, muss ein feuchter Keller nicht zwingend aufw\u00e4ndige und langfristige Sanierungen ausl\u00f6sen. Mutma\u00dfliche Ursachen gibt es zahlreiche.<\/p>\n<h3>Sie ben\u00f6tigen Hilfe gegen einen feuchten Keller? Dann rufen Sie uns bitte an!<\/h3>\n<p>Oft liegt die Ursache f\u00fcr einen feuchten Keller in einer nicht ausreichenden L\u00fcftung. Auch undichte Abflussleitungen d\u00fcrften der Grund f\u00fcr einen feuchten Keller sein. Derlei Ursachen sind in der Regel sofort in Ordnung gebracht. Deutlich schwieriger wird es, wenn diagnostiziert wird, dass die N\u00e4sse von au\u00dferhalb in den Keller gelangt. Ein h\u00f6herer Wasserspiegel f\u00fchrt etwa dazu, dass Feuchtigkeit in das Mauerwerk eindringt. Ebenfalls H\u00e4user mit Hanglage sind bedroht f\u00fcr eindringende Feuchtigkeit. Dort kann es schon mal sein, dass h\u00e4rtere Gesch\u00fctze f\u00fcr eine langanhaltende Sanierung ergriffen werden m\u00fcssen. Doch auch dann ist ein feuchter Keller kein unausweichliches Schicksal. Fragen Sie also am besten erst die Spezialisten unseres Betriebes, falls Sie N\u00e4sse in Ihren R\u00e4umen entdeckt haben. Bei einer Begutachtung unmittelbar bei Ihnen vor Ort nehmen wir die Sch\u00e4den auf und unterbreiten Empfehlungen f\u00fcr eine wirksame Sanierung.<\/p>\n","protected":false},"excerpt":{"rendered":"<p>Feuchter Keller: Wir helfen schnell und kompetent! Ein feuchter Keller kann auf jeden Fall ungute Auswirkungen auf Befinden und Verfassung der Geb\u00e4udebewohner haben. Schimmelbildung und Sporenablagerungen sind nicht selten die Erkl\u00e4rung f\u00fcr gesundheitliche Beeintr\u00e4chtigungen. Ein weiterer Grund dem feuchten Keller auf den Pelz zu f\u00fchlen. Ein feuchter Keller ist eine Angelegenheit f\u00fcr den Fachmann. Nur [&hellip;]<\/p>\n","protected":false},"author":1,"featured_media":0,"parent":0,"menu_order":0,"comment_status":"closed","ping_status":"closed","template":"","meta":{"footnotes":""},"class_list":["post-218","page","type-page","status-publish","hentry"],"meta_box":{"popseo_subtitel":"Feuchter Keller: Wir sind Ihr erfahrener Fachbetrieb im Raum Buchholz in der Nordheide","popseo_subtitel2":"Feuchter Keller - ein Problem, dem man sich stellen muss","popseo_lasttitel":"Feuchter Keller: Wir informieren Sie gerne auch pers\u00f6nlich!","popseo_region":"Buchholz in der Nordheide","popseo_sachwort":"Feuchter Keller","popseo_noupdate":"","popseo_einleitungstext":"<p>Sie haben sich mit der Bauwerksabdichtung besch\u00e4ftigt, weil Ihr Haus feuchte Geb\u00e4udeteile aufweist und Sie nach M\u00f6glichkeiten einer wirkungsvollen und professionellen Sanierung Ausschau halten. Gut, dass Sie zu uns gefunden haben. Nachfolgend m\u00f6chten wir Ihnen n\u00e4here Informationen zu unserem Leistungsangebot geben. Sie lernen auf dieser Internetseite unsere Firma n\u00e4her kennen. <\/p>\n<p>Unser Unternehmen ist ein spezialisierter und erfahrener Fachbetrieb mit Sitz in Brietlingen bei L\u00fcneburg. Bereits seit vielen Jahren sind wir Ihr Spezialist f\u00fcr alle Fragen rund um die Bauwerksabdichtung. Wir setzen ausschlie\u00dflich effektive und praxisbew\u00e4hrte Sanierungssysteme und -methoden ein. Als Sanierungsfachbetrieb blicken wir auf eine lange und intensive Berufserfahrung zur\u00fcck. Unsere engagierten Fachleute informieren Sie mit Vergn\u00fcgen im Detail.<\/p>","popseo_schlusstext":"<p>Sie suchen einen Fachpartner f\u00fcr die fachgerechte Abdichtung und Sanierung Ihrer Immobilie. Toll, dass unser Angebot Ihre Aufmerksamkeit gefunden hat. Worauf Sie neben unserer Fachkompetenz setzen d\u00fcrfen: Unsere erfahrenen Spezialisten arbeiten motiviert und gewissenhaft f\u00fcr Ihren Erfolg. Wir freuen uns sehr, wenn wir Sie in einem unverbindlichen Kundengespr\u00e4ch \u00fcber die zahllosen M\u00f6glichkeiten, die sich Ihnen bieten, informieren d\u00fcrfen. Nehmen Sie bitte Kontakt mit uns auf. Wir sind gerne f\u00fcr Sie da!<\/p>","popseo_stadttext":"<h3>Vor Ort in Buchholz i.d. Nordheide<\/h3>\n<p>Buchholz z\u00e4hlt zum nieders\u00e4chsischen Kreis Harburg und liegt in der Nordheide. Um Verwechslungen mit anderen Orten zu vermeiden, tr\u00e4gt die Stadt Buchholz offiziell die Namenserweiterung \"Buchholz in der Nordheide\". Durch unsere Vertriebst\u00e4tigkeit haben wir uns einen ausgezeichneten \u00dcberblick \u00fcber die Architektur der St\u00e4dte und Gemeinden unseres Einzugsbereiches erarbeiten k\u00f6nnen. Nat\u00fcrlich geh\u00f6rt auch Buchholz i.d. Nordheide zu unserem unmittelbaren Gesch\u00e4ftsgebiet. Wir freuen uns darauf, mit Ihnen in Kontakt zu treten. <\/p>\n<h3>Einige interessante Informationen \u00fcber Buchholz i.d. Nordheide<\/h3>\n<p>Buchholz ist eine g\u00fcnstig gelegene Stadt. Bis in die Gro\u00dfstadt Hamburg sind es nicht mehr als 20 km. Entsprechend viele Pendler wohnen in Buchholz. Wer seine Arbeitsst\u00e4tte in Hamburg hat, allerdings eine eher l\u00e4ndliche Wohnlage bevorzugt, hat es in Buchholz hervorragend getroffen. Der h\u00fcbsche und beschauliche Ort bietet ein wirklich attraktives Lebensumfeld. Summiert wohnen circa 37.000 B\u00fcrger in Buchholz. Stadt und Einzugsgebiet erstrecken sich \u00fcber eine Gesamtfl\u00e4che von ungef\u00e4hr 75 km\u00b2. Buchholz teilt sich auf in insgesamt sechs Stadtteile. Eine kleine Eigenart von Buchholz: Jeder Ortsteil hat einen eigenen B\u00fcrgermeister.<\/p>\n<h3>Reizvolles Buchholz!<\/h3>\n<p>Trotz der r\u00e4umlichen N\u00e4he zur Hansestadt Hamburg, verf\u00fcgt Buchholz \u00fcber ein reges Wirtschaftsleben, das sich \u00fcber drei Gewerbegebiete aufteilt. Gro\u00dfe Einzelh\u00e4ndler wie beispielsweise M\u00f6bel Kraft oder Media Markt unterhalten in Buchholz Filialen. Gepr\u00e4gt wird das Wirtschaftsleben von Buchholz sonst von mittelst\u00e4ndischen Fimen aus den Bereichen Gro\u00dfhandel und Dienstleistung. Au\u00dferdem finden sich in Buchholz etliche Autoh\u00e4ndler. \u00dcber die Autobahnzufahrt Dibbersen ist Buchholz an die Bundesautobahn A1 angeschlossen. Das Buchholzer Dreieck stellt dar\u00fcber hinaus eine Autobahnverbindung mit der A7 her. Au\u00dferdem erreicht man Buchholz mit dem Wagen auch einfach \u00fcber die Bundesstra\u00dfe 75. Wer mit dem Zug nach Buchholz reist, nutzt die Bahnlinie Hamburg-Bremen. Der Verkehrsbetrieb Metronom f\u00e4hrt Buchholz mit der Expresslinie Bremen-Hamburg sowie \u00fcber eine Nahverkehrslinie an.  <\/p>\n<h4>Hohe Qualit\u00e4t f\u00fcr Kunden aus Buchholz i.d. Nordheide<\/h4>\n<p>Wir finden es toll, dass Sie unsere Website gefunden haben. Wir garantieren Ihnen ein sehr gutes Preis-Leistungsverh\u00e4ltnis. Sie m\u00f6chten mehr \u00fcber uns wissen? F\u00fcr R\u00fcckfragen stehen wir Ihnen jederzeit zur Verf\u00fcgung. Unser engagiertes Team freut sich auf Sie.<\/p>","popseo_zusatztext":"<h3>Beim Abdichten sind wir Profi<\/h3>\n<p>Sie haben einen Feuchtigkeitsschaden entdeckt und m\u00fcssen die entsprechenden Mauerbereiche nun so schnell wie m\u00f6glich abdichten. Sch\u00f6n, dass Sie uns gefunden haben! Als erfahrenes Fachunternehmen der Bauwirtschaft kennen wir uns sehr gut aus mit dem Abdichten von Kellern, Mauern oder W\u00e4nden.  <\/p>\n<p>Feuchtigkeitssch\u00e4den sind unsere Fachkompetenz: F\u00fcr unsere Firma geh\u00f6rt das Abdichten von W\u00e4nden, Mauern oder Kellern zur allt\u00e4glichen Arbeit. Wir gehen der Ursache f\u00fcr den Wassereintritt gr\u00fcndlich auf den Grund. Vor dem eigentlichen Abdichten muss allerdings die Ursachenforschung stehen. Erst wenn man den konkreten Grund f\u00fcr eine Durchn\u00e4ssung entdeckt hat, kann man mit dem Abdichten anfangen. Die Analyse gibt die Marschrichtung vor, den das Abdichten eines Bauk\u00f6rpers beinhalten muss.  <\/p>\n<h4>Abdichten: Beste Arbeit durch den Fachbetrieb<\/h4>\n<p>Z\u00f6gern Sie bitte nicht und verabreden Sie zeitnah einen Termin mit einem unserer qualifizierten Mitarbeiter. Ein kurzer Telefonanruf beziehungsweise eine kurze e-Mail gen\u00fcgen! Bei einer Analyse direkt am entsprechenden Objekt, nehmen wir den Schaden auf und entwerfen daraufhin ein Konzept f\u00fcr das langfristige Abdichten der betroffenen Bereiche. Unsere Arbeit ist stets zweckorientiert: Selbstverst\u00e4ndlich flie\u00dfen auch \u00f6konomische Betrachtungen in unsere Entscheidungsfindung f\u00fcr das Abdichten Ihres Hauses mit ein. Alles komplett aus einer Hand: Unsere dynamischen Angestellten f\u00fchren alle notwendigen T\u00e4tigkeiten, die zum Abdichten geh\u00f6ren zeitnah und verl\u00e4sslich aus. Bereits seit Jahren ist unser Haus f\u00fcr eine hohe Fachkompetenz bekannt. Eine unserer Kernkompetenzen liegt im Abdichten von Wohn- und Gesch\u00e4ftsgeb\u00e4uden. Setzen Sie auf Kompetenz und beauftragen Sie unser Unternehmen f\u00fcr das Abdichten von neuralgischen Stellen im Mauerwerk. Wir freuen uns darauf, auch Ihnen helfen zu k\u00f6nnen.<\/p>","popseo_links":"<a href=\"https:\/\/bautenschutz-keul.de\/angebote\/kellersanierung-maschen\/\">Kellersanierung Maschen<\/a>, <a href=\"https:\/\/bautenschutz-keul.de\/angebote\/mauertrockenlegung-buchholz-in-der-nordheide\/\">Mauertrockenlegung Buchholz in der Nordheide<\/a>, <a href=\"https:\/\/bautenschutz-keul.de\/angebote\/mauertrockenlegung-geesthacht\/\">Mauertrockenlegung Geesthacht<\/a>, <a href=\"https:\/\/bautenschutz-keul.de\/angebote\/aufsteigende-feuchtigkeit-lueneburg\/\">aufsteigende Feuchtigkeit L\u00fcneburg<\/a>, <a href=\"https:\/\/bautenschutz-keul.de\/angebote\/innenabdichtung-amt-neuhaus\/\">Innenabdichtung Amt Neuhaus<\/a>, <a href=\"https:\/\/bautenschutz-keul.de\/angebote\/kellerabdichtung-boizenburg\/\">Kellerabdichtung Boizenburg<\/a>, <a href=\"https:\/\/bautenschutz-keul.de\/angebote\/feuchtigkeitsschaden-seevetal-rosengarten\/\">Feuchtigkeitsschaden Seevetal Rosengarten<\/a>, <a href=\"https:\/\/bautenschutz-keul.de\/angebote\/horizontalsperre-ebstorf\/\">Horizontalsperre Ebstorf<\/a>, <a href=\"https:\/\/bautenschutz-keul.de\/angebote\/feuchter-keller-reinbek-aumuehle\/\">Feuchter Keller Reinbek Aum\u00fchle<\/a>, <a href=\"https:\/\/bautenschutz-keul.de\/angebote\/kellertrockenlegung-schwarzenbek\/\">Kellertrockenlegung Schwarzenbek<\/a>, <a href=\"https:\/\/bautenschutz-keul.de\/angebote\/aufsteigende-feuchtigkeit-schwarzenbek\/\">aufsteigende Feuchtigkeit Schwarzenbek<\/a>, <a href=\"https:\/\/bautenschutz-keul.de\/angebote\/kellerabdichtung-glinde-sachsenwald\/\">Kellerabdichtung Glinde Sachsenwald<\/a>, <a href=\"https:\/\/bautenschutz-keul.de\/angebote\/innenabdichtung-jesteburg\/\">Innenabdichtung Jesteburg<\/a>, <a href=\"https:\/\/bautenschutz-keul.de\/angebote\/feuchtigkeitsschaden-salzhausen\/\">Feuchtigkeitsschaden Salzhausen<\/a>, <a href=\"https:\/\/bautenschutz-keul.de\/angebote\/kellertrockenlegung-stelle\/\">Kellertrockenlegung Stelle<\/a>, <a href=\"https:\/\/bautenschutz-keul.de\/angebote\/schimmelbeseitigung-tostedt-sittensen\/\">Schimmelbeseitigung Tostedt Sittensen<\/a>, <a href=\"https:\/\/bautenschutz-keul.de\/angebote\/bauwerksabdichtung-reppenstedt\/\">Bauwerksabdichtung Reppenstedt<\/a>, <a href=\"https:\/\/bautenschutz-keul.de\/angebote\/feuchtigkeit-jesteburg\/\">Feuchtigkeit Jesteburg<\/a>, <a href=\"https:\/\/bautenschutz-keul.de\/angebote\/innenabdichtung-bispingen\/\">Innenabdichtung Bispingen<\/a>, <a href=\"https:\/\/bautenschutz-keul.de\/angebote\/zerstoerter-putz-ebstorf\/\">zerst\u00f6rter Putz Ebstorf<\/a>, <a href=\"https:\/\/bautenschutz-keul.de\/angebote\/schimmel-tostedt-sittensen\/\">Schimmel Tostedt Sittensen<\/a>, <a href=\"https:\/\/bautenschutz-keul.de\/angebote\/horizontalsperre-hanstedt\/\">Horizontalsperre Hanstedt<\/a>, <a href=\"https:\/\/bautenschutz-keul.de\/angebote\/kellertrockenlegung-adendorf\/\">Kellertrockenlegung Adendorf<\/a>, <a href=\"https:\/\/bautenschutz-keul.de\/angebote\/salpeter-im-keller-stelle\/\">Salpeter im Keller Stelle<\/a>, <a href=\"https:\/\/bautenschutz-keul.de\/angebote\/salpeter-im-keller-jesteburg\/\">Salpeter im Keller Jesteburg<\/a>, <a href=\"https:\/\/bautenschutz-keul.de\/angebote\/kellerabdichtung-amelinghausen\/\">Kellerabdichtung Amelinghausen<\/a>, <a href=\"https:\/\/bautenschutz-keul.de\/angebote\/kellersanierung-harburg\/\">Kellersanierung Harburg<\/a>, <a href=\"https:\/\/bautenschutz-keul.de\/angebote\/rissverpressung-brietlingen\/\">Rissverpressung Brietlingen<\/a>, <a href=\"https:\/\/bautenschutz-keul.de\/angebote\/feuchte-wand-ebstorf\/\">Feuchte Wand Ebstorf<\/a>, <a href=\"https:\/\/bautenschutz-keul.de\/angebote\/schimmelsanierung-reinbek-aumuehle\/\">Schimmelsanierung Reinbek Aum\u00fchle<\/a>"},"_links":{"self":[{"href":"https:\/\/bautenschutz-keul.de\/angebote\/wp-json\/wp\/v2\/pages\/218","targetHints":{"allow":["GET"]}}],"collection":[{"href":"https:\/\/bautenschutz-keul.de\/angebote\/wp-json\/wp\/v2\/pages"}],"about":[{"href":"https:\/\/bautenschutz-keul.de\/angebote\/wp-json\/wp\/v2\/types\/page"}],"author":[{"embeddable":true,"href":"https:\/\/bautenschutz-keul.de\/angebote\/wp-json\/wp\/v2\/users\/1"}],"replies":[{"embeddable":true,"href":"https:\/\/bautenschutz-keul.de\/angebote\/wp-json\/wp\/v2\/comments?post=218"}],"version-history":[{"count":0,"href":"https:\/\/bautenschutz-keul.de\/angebote\/wp-json\/wp\/v2\/pages\/218\/revisions"}],"wp:attachment":[{"href":"https:\/\/bautenschutz-keul.de\/angebote\/wp-json\/wp\/v2\/media?parent=218"}],"curies":[{"name":"wp","href":"https:\/\/api.w.org\/{rel}","templated":true}]}}