{"id":225,"date":"2021-09-13T08:43:43","date_gmt":"2021-09-13T06:43:43","guid":{"rendered":"https:\/\/bautenschutz-keul.de\/angebote\/feuchter-keller-herzogtum-lauenburg\/"},"modified":"2021-09-13T08:43:43","modified_gmt":"2021-09-13T06:43:43","slug":"feuchter-keller-herzogtum-lauenburg","status":"publish","type":"page","link":"https:\/\/bautenschutz-keul.de\/angebote\/feuchter-keller-herzogtum-lauenburg\/","title":{"rendered":"Feuchter Keller &#8211; Herzogtum Lauenburg"},"content":{"rendered":"<h3>Feuchter Keller \u2013 wir helfen schnell und unkompliziert!<\/h3>\n<p>Ein feuchter Keller kann allemal negative Effekte auf Wohlbefinden und Verfassung der Geb\u00e4udebewohner haben. Schimmel und Sporen sind h\u00e4ufig die Ursache f\u00fcr gesundheitliche Beeintr\u00e4chtigungen. Ein zus\u00e4tzlicher Anlass dem feuchten Keller zu Leibe zu r\u00fccken. Ein feuchter Keller ist eine Angelegenheit f\u00fcr den Spezialisten. Nur ein vorz\u00fcglich ausgebildeter Spezialist beherrscht die zweckm\u00e4\u00dfigen Verfahren, wie ein feuchter Keller alsbald und effektiv saniert werden kann. <\/p>\n<p>Ein feuchter Keller k\u00f6nnte unbehandelt zu einem schwerwiegenden Problem werden. Immobilienbesitzer sind diesbez\u00fcglich gut beraten, sich umfassend \u00fcber eine Sanierung zu informieren, f\u00fcr den Fall das sie durchfeuchtete Stellen in Ihrem Keller lokalisiert haben.<br \/>\nFr\u00fchzeitig gesehen, braucht ein feuchter Keller nicht zwingend schwerwiegende und langfristige Instandsetzungsarbeiten hervorrufen. Wahrscheinliche Gr\u00fcnde gibt es einige.<\/p>\n<h3>Wir helfen rasch bei feuchten Kellern!<\/h3>\n<p>Vielfach liegt der Grund f\u00fcr einen feuchten Keller in einer nur mangelhaften L\u00fcftung. Auch defekte Abflussrohre k\u00f6nnen der Grund f\u00fcr einen feuchten Keller sein. Solcherlei Gr\u00fcnde sind \u00fcblicherweise umgehend behoben. Erkennbar aufw\u00e4ndiger wird es, falls diagnostiziert wird, dass die N\u00e4sse von au\u00dferhalb in den Keller gelangt. Ein hoher Wasserpegel f\u00fchrt beispielsweise dazu, dass Wasser in die Mauer zieht. Auch H\u00e4user mit Hanglage sind bedroht f\u00fcr eindringende Feuchtigkeit. Hier kann es schon mal sein, dass m\u00e4chtigere Gesch\u00fctze f\u00fcr eine langanhaltende Instandsetzung erwogen werden m\u00fcssen. Doch auch in dem Fall ist ein feuchter Keller kein unausweichliches \u00dcbel. Fragen Sie also am besten erst die Spezialisten unseres Unternehmens, falls Sie Feuchtigkeit in Ihren R\u00e4umen entdeckt haben. Bei einer Inspektion unmittelbar bei Ihnen im Haus nehmen wir den Schaden auf und unterbreiten Vorschl\u00e4ge f\u00fcr eine nachhaltige Sanierung.<\/p>\n","protected":false},"excerpt":{"rendered":"<p>Feuchter Keller \u2013 wir helfen schnell und unkompliziert! Ein feuchter Keller kann allemal negative Effekte auf Wohlbefinden und Verfassung der Geb\u00e4udebewohner haben. Schimmel und Sporen sind h\u00e4ufig die Ursache f\u00fcr gesundheitliche Beeintr\u00e4chtigungen. Ein zus\u00e4tzlicher Anlass dem feuchten Keller zu Leibe zu r\u00fccken. Ein feuchter Keller ist eine Angelegenheit f\u00fcr den Spezialisten. Nur ein vorz\u00fcglich ausgebildeter [&hellip;]<\/p>\n","protected":false},"author":1,"featured_media":0,"parent":0,"menu_order":0,"comment_status":"closed","ping_status":"closed","template":"","meta":{"footnotes":""},"class_list":["post-225","page","type-page","status-publish","hentry"],"meta_box":{"popseo_subtitel":"Feuchter Keller: Wir sind Ihr Fachbetrieb im Raum Herzogtum Lauenburg","popseo_subtitel2":"Feuchter Keller - wir helfen Ihnen gerne!","popseo_lasttitel":"Feuchter Keller: Unsere Experten beantworten Ihre Fragen","popseo_region":"Herzogtum Lauenburg","popseo_sachwort":"Feuchter Keller","popseo_noupdate":"","popseo_einleitungstext":"<p>Die Firma TK-Geb\u00e4udetechnik Thorsten Keul ist Ihr erfahrener und qualifizierter Fachbetrieb f\u00fcr Kellertrockenlegung, Bauwerksabdichtung und Schimmelbeseitigung. Mit unserem Firmensitz in Brietlingen bei L\u00fcneburg decken wir ein fl\u00e4chenm\u00e4\u00dfig gro\u00dfes Gebiet ab. Zu unseren T\u00e4tigkeitsschwerpunkten geh\u00f6ren u.a. das Setzen von Horizontalsperren, die Kellerabdichtung, Methoden gegen aufsteigende Feuchtigkeit sowie ganz grunds\u00e4tzlich T\u00e4tigkeiten rund um die Themen Abdichtung und Sanierung. Kompetent und sachgerecht f\u00fchren wir f\u00fcr Sie alle anfallenden Arbeiten aus - so wie Sie es von einem kompetenten Fachbetrieb erwarten k\u00f6nnen. Nachfolgend d\u00fcrfen wir Ihnen unser T\u00e4tigkeitsspektrum im Einzelnen vorstellen.<\/p>","popseo_schlusstext":"<p>Sie haben Fragen zu unseren Leistungen? Wenn Sie m\u00f6chten, informieren wir Sie n\u00e4her \u00fcber unser gesamtes Aufgabengebiet. Mit Vergn\u00fcgen nennen wir Ihnen ein paar Referenzprojekte, die Ihnen einen Einblick in unsere T\u00e4tigkeit geben. Rufen Sie uns doch einfach einmal an oder schicken Sie uns eine E-Mail. Unser freundliches Team arbeitet stets fachkundig und l\u00f6sungsorientiert. W\u00e4hlen Sie bitte: <\/p>\n<p>04133 \u2013 22 37 940<\/p>","popseo_stadttext":"<h3>Wir freuen uns \u00fcber Anfragen aus dem Kreis Herzogtum Lauenburg<\/h3>\n<p>Durch unsere Gesch\u00e4ftst\u00e4tigkeit haben wir uns einen guten \u00dcberblick \u00fcber die Architektur der Gemeinden und St\u00e4dte unseres Einzugsbereiches erarbeiten k\u00f6nnen. Nat\u00fcrlich z\u00e4hlt auch der Kreis Herzogtum Lauenburg zu unserem unmittelbaren Wirkungskreis. Wir freuen uns darauf, mit Ihnen ins Gespr\u00e4ch zu treten. <\/p>\n<h3>Einige interessante Informationen \u00fcber den Kreis Herzogtum Lauenburg<\/h3>\n<p>Der Kreis Herzogtum Lauenburg zieht sich \u00fcber knapp 1200 qkm und ist Heimat von gut 190.000 Menschen. Die gr\u00f6\u00dfen St\u00e4dte im Landkreis Herzogtum Lauenburg sind neben der Kreisstadt Lauenburg die Orte M\u00f6lln, Geesthacht und Ratzeburg. <\/p>\n<p>Der Kreis Herzogtum Lauenburg geh\u00f6rt zum Gro\u00dfraum Hamburg. Der schleswig-holsteinische Landkreis ist verkehrstechnisch gut angebunden, was sich auch daran zeigt, dass die eher l\u00e4ndliche Region dem Hamburger Verkehrsverbund (HVV) angeschlossen ist. Mit dem Auto f\u00e4hrt man \u00fcber die Bundesautobahnen 1, 24 und 25 in den Kreis Herzogtum Lauenburg. Die deutsche Bahn f\u00e4hrt das Kreisgebiet von Herzogtum Lauenburg unter anderem \u00fcber die Strecken mit den Zielen Schwarzenbek, M\u00f6lln und Ratzeburg an.<\/p>\n<h3>Herzogtum Lauenburg: Attraktiver Lebensmittelpunktr!<\/h3>\n<p>Der Landkreis Herzogtum Lauenburg ist vor allem beliebt bei Pendlern. Wer in der Gro\u00dfstadt \u201cseine Br\u00f6tchen verdient\u201c, erreicht seine Wohnst\u00e4tte im Kreis Herzogtum Lauenburg zumeist in ungef\u00e4hr 45 min. Arbeiten in der Gro\u00dfstadt, leben im Gr\u00fcnen: Eine Kombination, die speziell f\u00fcr heutige Familien g\u00fcnstig ist. <\/p>\n<p>Der Landkreis Herzogtum Lauenburg zeichnet sich durch einen hohen Wohnwert und eine gute Lebensqualit\u00e4t aus. Das Kreisgebiet verf\u00fcgt \u00fcber gro\u00dfe Naherholungsgebiete, die sich sehr gut auf zwei Sohlen oder bei einer Radtour entdecken lassen.<\/p>\n<h4>Privat- und Gesch\u00e4ftskunden aus dem Kreis Herzogtum Lauenburg sch\u00e4tzen unsere Leistungen!<\/h4>\n<p>Wir finden es toll, dass Sie unsere Website gefunden haben. Ob Geesthacht, M\u00f6lln oder Ratzeburg: Unser Fachunternehmen steht f\u00fcr ein sehr gutes Preis-Leistungs-Verh\u00e4ltnis. Sie m\u00f6chten mehr \u00fcber uns erfahren? F\u00fcr R\u00fcckfragen stehen wir Ihnen jederzeit zur Verf\u00fcgung. Auf den Kontakt zu Ihnen freuen wir uns.<\/p>","popseo_zusatztext":"<h3>Erstklassiges Abdichten ist uns wichtig<\/h3>\n<p>Sie haben einen N\u00e4sseschaden festgestellt und m\u00fcssen die entsprechenden Bereiche nun z\u00fcgig abdichten. Sch\u00f6n, dass Sie uns gefunden haben! Als erfahrenes Fachunternehmen der Bauwirtschaft kennen wir uns sehr gut aus mit dem Abdichten von Kellern, W\u00e4nden oder Mauern.  <\/p>\n<p>N\u00e4ssesch\u00e4den sind unser Metier: F\u00fcr unseren Betrieb geh\u00f6rt das Abdichten von Mauern, Kellern oder W\u00e4nden zur t\u00e4glichen Arbeit. Wir gehen der Ursache f\u00fcr den Wassereintritt gewissenhaft auf den Grund. Vor dem eigentlichen Abdichten muss als Erstes die Ursachenfindung stehen. Erst wenn man den richtigen Grund f\u00fcr eine Durchfeuchtung entdeckt hat, kann man mit dem Abdichten anfangen. Die Bestandsaufnahme gibt die Richtung vor, den das Abdichten eines Bauk\u00f6rpers umfassen muss.  <\/p>\n<h4>Abdichten: Wir helfen verl\u00e4sslich und kompetent!<\/h4>\n<p>Z\u00f6gern Sie bitte nicht und vereinbaren Sie noch heute einen Termin mit einem unserer kompetenten Spezialisten. Ein kurzer Telefonanruf oder auch eine schnelle e-Mail gen\u00fcgen! Bei einer Analyse direkt am entsprechenden Objekt, nehmen wir den Schaden auf und erstellen daraufhin ein Konzept f\u00fcr das nachhaltige Abdichten der betroffenen Stellen. Unsere Arbeit ist grunds\u00e4tzlich zweckbezogen: Nat\u00fcrlich flie\u00dfen auch wirtschaftliche Betrachtungen in unsere Entscheidungsfindung f\u00fcr das Abdichten Ihres Geb\u00e4udes mit ein. Alles komplett aus einer Hand: Unsere motivierten Fachkr\u00e4fte f\u00fchren s\u00e4mtliche notwendigen T\u00e4tigkeiten, die zum Abdichten erforderlich sind schnell und verl\u00e4sslich aus. Schon seit Jahren ist unser Unternehmen f\u00fcr eine hohe Qualit\u00e4t bekannt. Eine unserer Schwerpunkte liegt im Abdichten von Wohn- und Gesch\u00e4ftsgeb\u00e4uden. Vertrauen Sie auf Kompetenz und beauftragen Sie unsere Firma f\u00fcr das Abdichten von neuralgischen Bereichen im Mauerwerk. Wir freuen uns darauf, auch Ihnen helfen zu k\u00f6nnen.<\/p>","popseo_links":"<a href=\"https:\/\/bautenschutz-keul.de\/angebote\/feuchter-keller-hanstedt\/\">Feuchter Keller Hanstedt<\/a>, <a href=\"https:\/\/bautenschutz-keul.de\/angebote\/schimmelsanierung-stelle\/\">Schimmelsanierung Stelle<\/a>, <a href=\"https:\/\/bautenschutz-keul.de\/angebote\/horizontalsperre-bergedorf-wentorf\/\">Horizontalsperre Bergedorf Wentorf<\/a>, <a href=\"https:\/\/bautenschutz-keul.de\/angebote\/zerstoerter-putz-bienenbuettel\/\">zerst\u00f6rter Putz Bienenb\u00fcttel<\/a>, <a href=\"https:\/\/bautenschutz-keul.de\/angebote\/mauertrockenlegung-tostedt-sittensen\/\">Mauertrockenlegung Tostedt Sittensen<\/a>, <a href=\"https:\/\/bautenschutz-keul.de\/angebote\/feuchte-wand-amelinghausen\/\">Feuchte Wand Amelinghausen<\/a>, <a href=\"https:\/\/bautenschutz-keul.de\/angebote\/rissverpressung-adendorf\/\">Rissverpressung Adendorf<\/a>, <a href=\"https:\/\/bautenschutz-keul.de\/angebote\/horizontalsperre-hanstedt\/\">Horizontalsperre Hanstedt<\/a>, <a href=\"https:\/\/bautenschutz-keul.de\/angebote\/horizontalsperre-bispingen\/\">Horizontalsperre Bispingen<\/a>, <a href=\"https:\/\/bautenschutz-keul.de\/angebote\/kellersanierung-glinde-sachsenwald\/\">Kellersanierung Glinde Sachsenwald<\/a>, <a href=\"https:\/\/bautenschutz-keul.de\/angebote\/aufsteigende-feuchtigkeit-buechen\/\">aufsteigende Feuchtigkeit B\u00fcchen<\/a>, <a href=\"https:\/\/bautenschutz-keul.de\/angebote\/kellersanierung-bienenbuettel\/\">Kellersanierung Bienenb\u00fcttel<\/a>, <a href=\"https:\/\/bautenschutz-keul.de\/angebote\/zerstoerter-putz-stelle\/\">zerst\u00f6rter Putz Stelle<\/a>, <a href=\"https:\/\/bautenschutz-keul.de\/angebote\/feuchte-wand-jesteburg\/\">Feuchte Wand Jesteburg<\/a>, <a href=\"https:\/\/bautenschutz-keul.de\/angebote\/feuchte-wand-adendorf\/\">Feuchte Wand Adendorf<\/a>, <a href=\"https:\/\/bautenschutz-keul.de\/angebote\/feuchtigkeit-hanstedt\/\">Feuchtigkeit Hanstedt<\/a>, <a href=\"https:\/\/bautenschutz-keul.de\/angebote\/schimmelbeseitigung-ebstorf\/\">Schimmelbeseitigung Ebstorf<\/a>, <a href=\"https:\/\/bautenschutz-keul.de\/angebote\/feuchtigkeitsschaden-amelinghausen\/\">Feuchtigkeitsschaden Amelinghausen<\/a>, <a href=\"https:\/\/bautenschutz-keul.de\/angebote\/bauwerksabdichtung-bad-bevensen\/\">Bauwerksabdichtung Bad Bevensen<\/a>, <a href=\"https:\/\/bautenschutz-keul.de\/angebote\/kellertrockenlegung-lueneburg\/\">Kellertrockenlegung L\u00fcneburg<\/a>, <a href=\"https:\/\/bautenschutz-keul.de\/angebote\/salpeter-im-keller-buchholz-in-der-nordheide\/\">Salpeter im Keller Buchholz in der Nordheide<\/a>, <a href=\"https:\/\/bautenschutz-keul.de\/angebote\/feuchte-wand-schwarzenbek\/\">Feuchte Wand Schwarzenbek<\/a>, <a href=\"https:\/\/bautenschutz-keul.de\/angebote\/zerstoerter-putz-glinde-sachsenwald\/\">zerst\u00f6rter Putz Glinde Sachsenwald<\/a>, <a href=\"https:\/\/bautenschutz-keul.de\/angebote\/schimmelsanierung-reinbek-aumuehle\/\">Schimmelsanierung Reinbek Aum\u00fchle<\/a>, <a href=\"https:\/\/bautenschutz-keul.de\/angebote\/rissverpressung-salzhausen\/\">Rissverpressung Salzhausen<\/a>, <a href=\"https:\/\/bautenschutz-keul.de\/angebote\/schimmelbeseitigung-bienenbuettel\/\">Schimmelbeseitigung Bienenb\u00fcttel<\/a>, <a href=\"https:\/\/bautenschutz-keul.de\/angebote\/bauwerksabdichtung-amt-neuhaus\/\">Bauwerksabdichtung Amt Neuhaus<\/a>, <a href=\"https:\/\/bautenschutz-keul.de\/angebote\/schimmelsanierung-ebstorf\/\">Schimmelsanierung Ebstorf<\/a>, <a href=\"https:\/\/bautenschutz-keul.de\/angebote\/mauertrockenlegung-lueneburg\/\">Mauertrockenlegung L\u00fcneburg<\/a>, <a href=\"https:\/\/bautenschutz-keul.de\/angebote\/rissverpressung-bad-bevensen\/\">Rissverpressung Bad Bevensen<\/a>"},"_links":{"self":[{"href":"https:\/\/bautenschutz-keul.de\/angebote\/wp-json\/wp\/v2\/pages\/225","targetHints":{"allow":["GET"]}}],"collection":[{"href":"https:\/\/bautenschutz-keul.de\/angebote\/wp-json\/wp\/v2\/pages"}],"about":[{"href":"https:\/\/bautenschutz-keul.de\/angebote\/wp-json\/wp\/v2\/types\/page"}],"author":[{"embeddable":true,"href":"https:\/\/bautenschutz-keul.de\/angebote\/wp-json\/wp\/v2\/users\/1"}],"replies":[{"embeddable":true,"href":"https:\/\/bautenschutz-keul.de\/angebote\/wp-json\/wp\/v2\/comments?post=225"}],"version-history":[{"count":0,"href":"https:\/\/bautenschutz-keul.de\/angebote\/wp-json\/wp\/v2\/pages\/225\/revisions"}],"wp:attachment":[{"href":"https:\/\/bautenschutz-keul.de\/angebote\/wp-json\/wp\/v2\/media?parent=225"}],"curies":[{"name":"wp","href":"https:\/\/api.w.org\/{rel}","templated":true}]}}