{"id":226,"date":"2021-09-13T08:43:43","date_gmt":"2021-09-13T06:43:43","guid":{"rendered":"https:\/\/bautenschutz-keul.de\/angebote\/feuchter-keller-jesteburg\/"},"modified":"2021-09-13T08:43:43","modified_gmt":"2021-09-13T06:43:43","slug":"feuchter-keller-jesteburg","status":"publish","type":"page","link":"https:\/\/bautenschutz-keul.de\/angebote\/feuchter-keller-jesteburg\/","title":{"rendered":"Feuchter Keller &#8211; Jesteburg"},"content":{"rendered":"<h3>Feuchter Keller: Wir helfen schnell und kompetent!<\/h3>\n<p>Ein feuchter Keller kann auf jeden Fall ungute Effekte auf Befinden und Verfassung der Hausbewohner haben. Schimmelbildung und Sporenablagerungen sind h\u00e4ufig der Grund f\u00fcr gesundheitliche Beeintr\u00e4chtigungen. Ein guter Grund dem feuchten Keller zu Leibe zu gehen. Ein feuchter Keller ist eine Angelegenheit f\u00fcr den Fachbetrieb. Nur ein sehr gut geschulter Experte kennt die zweckm\u00e4\u00dfigen Anwendungen, wie ein feuchter Keller alsbald und effektiv instandgesetzt werden kann. <\/p>\n<p>Ein feuchter Keller kann unbehandelt zum schwerwiegenden Thema werden. Immobilienbesitzer sind immer wieder bestens beraten, sich umfassend \u00fcber eine Sanierung zu informieren, f\u00fcr den Fall das sie feuchte Bereiche in Ihrem Keller gefunden haben.<br \/>\nFr\u00fchzeitig gefunden, braucht ein feuchter Keller nicht zwingend aufw\u00e4ndige und andauernde Instandsetzungsarbeiten nach sich ziehen. Mutma\u00dfliche Gr\u00fcnde gibt es eine Menge.<\/p>\n<h3>Sie ben\u00f6tigen Hilfe gegen einen feuchten Keller? Dann rufen Sie uns bitte an!<\/h3>\n<p>H\u00e4ufig liegt der Grund f\u00fcr einen feuchten Keller in einer nur ungen\u00fcgenden Luftzufuhr. Auch defekte Leitungen m\u00f6gen die Ursache f\u00fcr einen feuchten Keller sein. Derlei Ursachen sind erfahrungsgem\u00e4\u00df schnell bereinigt. Erkennbar aufw\u00e4ndiger wird es, sobald festgestellt wird, dass die N\u00e4sse von au\u00dferhalb in den Keller gelangt. Ein hoher Wasserspiegel f\u00fchrt etwa dazu, dass Feuchtigkeit in die Mauer zieht. Sogar Bauwerke mit Hanglage sind bedroht f\u00fcr durchdringende N\u00e4sse. Dort kann es absolut sein, dass gr\u00f6\u00dfere Gesch\u00fctze f\u00fcr eine wirksame Instandsetzung erwogen werden m\u00fcssen. Doch auch dann ist ein feuchter Keller kein unvermeidbares \u00dcbel. Fragen Sie folglich am besten als erstes die Fachleute unseres Betriebes, falls Sie N\u00e4sse in Ihren R\u00e4umen festgestellt haben. Bei einer Begutachtung unmittelbar bei Ihnen vor Ort nehmen wir die Sch\u00e4den auf und machen Vorschl\u00e4ge f\u00fcr eine anhaltende Sanierung.<\/p>\n","protected":false},"excerpt":{"rendered":"<p>Feuchter Keller: Wir helfen schnell und kompetent! Ein feuchter Keller kann auf jeden Fall ungute Effekte auf Befinden und Verfassung der Hausbewohner haben. Schimmelbildung und Sporenablagerungen sind h\u00e4ufig der Grund f\u00fcr gesundheitliche Beeintr\u00e4chtigungen. Ein guter Grund dem feuchten Keller zu Leibe zu gehen. Ein feuchter Keller ist eine Angelegenheit f\u00fcr den Fachbetrieb. Nur ein sehr [&hellip;]<\/p>\n","protected":false},"author":1,"featured_media":0,"parent":0,"menu_order":0,"comment_status":"closed","ping_status":"closed","template":"","meta":{"footnotes":""},"class_list":["post-226","page","type-page","status-publish","hentry"],"meta_box":{"popseo_subtitel":"Feuchter Keller: Die Firma TK-Geb\u00e4udetechnik Thorsten Keul ist Ihr erfahrener Experte in Jesteburg","popseo_subtitel2":"Feuchter Keller - wir beraten Sie gerne zur Sanierung!","popseo_lasttitel":"Feuchter Keller: Wir informieren Sie gerne auch pers\u00f6nlich!","popseo_region":"Jesteburg","popseo_sachwort":"Feuchter Keller","popseo_noupdate":"","popseo_einleitungstext":"<p>Sie haben sich mit der Bauwerksabdichtung auseinandergesetzt, weil Ihr Haus feuchte Geb\u00e4udebereiche aufweist und Sie nach Methoden einer professionellen und vor allem wirksamen Sanierung Ausschau halten. Super, dass sie uns gefunden haben. Auf den folgenden Seiten d\u00fcrfen wir Ihnen einige Informationen zu unserem Leistungsspektrum geben. Sie lernen auf dieser Website unsere Firma n\u00e4her kennen. <\/p>\n<p>Unser Unternehmen ist ein spezialisierter und erfahrener Handwerksbetrieb mit Sitz in Brietlingen bei L\u00fcneburg. Bereits seit vielen Jahren sind wir Ihr Spezialist f\u00fcr s\u00e4mtliche Fragen rund um Geb\u00e4udeabdichtung. Wir setzen ausschlie\u00dflich praxisbew\u00e4hrte und effektive Sanierungssysteme und -methoden ein. Als Fachbetrieb f\u00fcr Abdichtung und Sanierung blicken wir auf eine lange und intensive Berufserfahrung zur\u00fcck. Unsere engagierten Mitarbeiter informieren Sie sehr gerne im Detail.<\/p>","popseo_schlusstext":"<p>Wenn Sie ein erfahrenes Unternehmen f\u00fcr zeitgem\u00e4\u00dfe Innen- und Au\u00dfenabdichtung suchen, sind Sie bei uns richtig. Sie m\u00f6chten mehr \u00fcber uns erfahren? Als auf Sanierung spezialisierte Handwerksfirma sind wir f\u00fcr Ihr Vorhaben der ideale Partner und freuen uns \u00fcber Ihre Kontaktaufnahme, ganz egal ob per Telefonanruf oder Nachricht per E-Mail. Worauf Sie neben unserer fachlichen Expertise setzen d\u00fcrfen: Unser Team arbeitet absolut zuverl\u00e4ssig und wird mit Elan und Schwung f\u00fcr Sie t\u00e4tig. Wir freuen uns, wenn wir ihnen helfen k\u00f6nnen!<\/p>","popseo_stadttext":"<h3>Unser Leistungsprogramm f\u00fcr Kunden aus Jesteburg<\/h3>\n<p>Durch unsere Vertriebst\u00e4tigkeit haben wir uns einen ausgezeichneten \u00dcberblick \u00fcber die Architektur der St\u00e4dte und Gemeinden unseres Einzugsbereiches machen k\u00f6nnen. Selbstverst\u00e4ndlich z\u00e4hlt auch Jesteburg zu unserem unmittelbaren Vertriebsgebiet. Wir freuen uns darauf, mit Ihnen in Kontakt zu treten. <\/p>\n<h3>Lebensmittelpunkt Jesteburg<\/h3>\n<p>Jesteburg liegt im n\u00f6rdlichen Niedersachsen und ist zirka 30 Kilometer von der Hansestadt Hamburg entfernt. Auf einem Gebiet von gut 28 km\u00b2 wohnen ca. 8.000 B\u00fcrger. Organisatorisch geh\u00f6rt Jesteburg zum Landkreis Harburg. Gerade einmal 10 Kilometer von Jesteburg entfernt beginnt die L\u00fcneburger Heide, ein immer noch einmaliger Naturpark. Jesteburg hat zusammen vier Gemeindeteile: Wiedenhof, L\u00fcllau, Reindorfer Osterberg und Itzenb\u00fcttel. Pendler bewerten an Jesteburg insbesondere die attraktive Lage positiv. Wer seinen Arbeitsplatz zum Beispiel in Hamburg hat, genie\u00dft sowohl die N\u00e4he zur Metropole als auch das beschauliche Leben in der Peripherie. Jesteburg ist ohne Frage ein wunderbarer Ort zum Wohnen. \u00dcber die Stadtmauern hinaus bekannt ist Jesteburg durch die alle 12 Monate stattfindende Kunstwoche Jesteburg. An die 60 K\u00fcnstler stellen auf dem renommierten Kunstevent ihre Werke aus. In der Kunstst\u00e4tte Bossard werden dar\u00fcber hinaus Werke aus den Bereichen Malerei, Architektur und Bildhauerei pr\u00e4sentiert. <\/p>\n<h4>Wir f\u00fcr Sie in Jesteburg!<\/h4>\n<p>Sie interessieren sich f\u00fcr unser Leistungsangebot und sind hier im World Wide Web auf unsere Website gesto\u00dfen? Dar\u00fcber freuen wir uns sehr. Gerne pr\u00e4sentieren wir Ihnen unser gesamtes Leistungsspektrum und beantworten Ihre Fragen. Auf den Kontakt zu Ihnen freuen wir uns.<\/p>","popseo_zusatztext":"<h3>Beim Abdichten sind wir Profi<\/h3>\n<p>Sie haben einen Feuchteschaden festgestellt und m\u00fcssen die betroffenen Mauerbereiche nun schnellstens abdichten. Sch\u00f6n, dass Sie uns gefunden haben! Als routiniertes Fachunternehmen der Bauwirtschaft kennen wir uns bestens aus mit dem Abdichten von Kellern, Mauern oder W\u00e4nden.  <\/p>\n<p>Feuchtigkeitssch\u00e4den sind unser Metier: F\u00fcr unseren Betrieb geh\u00f6rt das Abdichten von W\u00e4nden, Mauern oder Kellern zur t\u00e4glichen Arbeit. Wir gehen der Ursache f\u00fcr den N\u00e4sseeintritt gr\u00fcndlich auf den Grund. Vor dem konkreten Abdichten muss zun\u00e4chst einmal die Ursachenforschung stehen. Erst wenn man den definitiven Grund f\u00fcr die Durchfeuchtung entdeckt hat, kann man mit dem Abdichten beginnen. Die Begutachtung gibt die Richtung vor, den das Abdichten eines Bauk\u00f6rpers umfassen muss.  <\/p>\n<h4>Abdichten \u2013 wir helfen schnell und unkompliziert!<\/h4>\n<p>Warten Sie bitte nicht und verabreden Sie noch heute einen Termin mit einem unserer routinierten Fachkr\u00e4fte. Ein kurzer Telefonanruf oder auch eine schnelle E-Mail gen\u00fcgen! Bei einer Analyse direkt am entsprechenden Objekt, nehmen wir den Schaden auf und erstellen daraufhin ein Konzept f\u00fcr das dauerhafte Abdichten der entsprechenden Stellen. Unsere Arbeit ist stets zweckbezogen: Selbstverst\u00e4ndlich flie\u00dfen auch wirtschaftliche Aspekte in unsere Entscheidungsfindung f\u00fcr das Abdichten Ihres Geb\u00e4udes mit ein. Komplett aus einer Hand: Unsere engagierten Angestellten f\u00fchren alle erforderlichen Arbeiten, die zum Abdichten erforderlich sind umgehend und zuverl\u00e4ssig aus. Schon seit Jahren ist unser Haus f\u00fcr eine hohe Qualit\u00e4t bekannt. Eine unserer Kernkompetenzen liegt im Abdichten von Gesch\u00e4fts- und Wohngeb\u00e4uden. Setzen Sie auf Kompetenz und beauftragen Sie uns f\u00fcr das Abdichten von neuralgischen Bereichen im Mauerwerk. Wir freuen uns darauf, auch Ihnen helfen zu d\u00fcrfen.<\/p>","popseo_links":"<a href=\"https:\/\/bautenschutz-keul.de\/angebote\/rissverpressung-winsen-luhe\/\">Rissverpressung Winsen Luhe<\/a>, <a href=\"https:\/\/bautenschutz-keul.de\/angebote\/aufsteigende-feuchtigkeit-amt-neuhaus\/\">aufsteigende Feuchtigkeit Amt Neuhaus<\/a>, <a href=\"https:\/\/bautenschutz-keul.de\/angebote\/bauwerksabdichtung-buchholz-in-der-nordheide\/\">Bauwerksabdichtung Buchholz in der Nordheide<\/a>, <a href=\"https:\/\/bautenschutz-keul.de\/angebote\/feuchtigkeitsschaden-bergedorf-wentorf\/\">Feuchtigkeitsschaden Bergedorf Wentorf<\/a>, <a href=\"https:\/\/bautenschutz-keul.de\/angebote\/kellersanierung-lueneburg\/\">Kellersanierung L\u00fcneburg<\/a>, <a href=\"https:\/\/bautenschutz-keul.de\/angebote\/feuchtigkeit-amelinghausen\/\">Feuchtigkeit Amelinghausen<\/a>, <a href=\"https:\/\/bautenschutz-keul.de\/angebote\/salpeter-im-keller-buchholz-in-der-nordheide\/\">Salpeter im Keller Buchholz in der Nordheide<\/a>, <a href=\"https:\/\/bautenschutz-keul.de\/angebote\/innenabdichtung-seevetal-rosengarten\/\">Innenabdichtung Seevetal Rosengarten<\/a>, <a href=\"https:\/\/bautenschutz-keul.de\/angebote\/salpeter-im-keller-jesteburg\/\">Salpeter im Keller Jesteburg<\/a>, <a href=\"https:\/\/bautenschutz-keul.de\/angebote\/feuchtigkeitsschaden-boizenburg\/\">Feuchtigkeitsschaden Boizenburg<\/a>, <a href=\"https:\/\/bautenschutz-keul.de\/angebote\/zerstoerter-putz-lueneburg\/\">zerst\u00f6rter Putz L\u00fcneburg<\/a>, <a href=\"https:\/\/bautenschutz-keul.de\/angebote\/schimmelsanierung-reppenstedt\/\">Schimmelsanierung Reppenstedt<\/a>, <a href=\"https:\/\/bautenschutz-keul.de\/angebote\/aussenabdichtung-bispingen\/\">Au\u00dfenabdichtung Bispingen<\/a>, <a href=\"https:\/\/bautenschutz-keul.de\/angebote\/salpeter-im-keller-brietlingen\/\">Salpeter im Keller Brietlingen<\/a>, <a href=\"https:\/\/bautenschutz-keul.de\/angebote\/aufsteigende-feuchtigkeit-boizenburg\/\">aufsteigende Feuchtigkeit Boizenburg<\/a>, <a href=\"https:\/\/bautenschutz-keul.de\/angebote\/schimmelsanierung-salzhausen\/\">Schimmelsanierung Salzhausen<\/a>, <a href=\"https:\/\/bautenschutz-keul.de\/angebote\/feuchter-keller-buechen\/\">Feuchter Keller B\u00fcchen<\/a>, <a href=\"https:\/\/bautenschutz-keul.de\/angebote\/feuchter-keller-amelinghausen\/\">Feuchter Keller Amelinghausen<\/a>, <a href=\"https:\/\/bautenschutz-keul.de\/angebote\/aussenabdichtung-jesteburg\/\">Au\u00dfenabdichtung Jesteburg<\/a>, <a href=\"https:\/\/bautenschutz-keul.de\/angebote\/aufsteigende-feuchtigkeit-seevetal-rosengarten\/\">aufsteigende Feuchtigkeit Seevetal Rosengarten<\/a>, <a href=\"https:\/\/bautenschutz-keul.de\/angebote\/innenabdichtung-schwarzenbek\/\">Innenabdichtung Schwarzenbek<\/a>, <a href=\"https:\/\/bautenschutz-keul.de\/angebote\/feuchte-wand-uelzen\/\">Feuchte Wand Uelzen<\/a>, <a href=\"https:\/\/bautenschutz-keul.de\/angebote\/schimmelbeseitigung-buechen\/\">Schimmelbeseitigung B\u00fcchen<\/a>, <a href=\"https:\/\/bautenschutz-keul.de\/angebote\/schimmelbeseitigung-brietlingen\/\">Schimmelbeseitigung Brietlingen<\/a>, <a href=\"https:\/\/bautenschutz-keul.de\/angebote\/kellerabdichtung-bergedorf-wentorf\/\">Kellerabdichtung Bergedorf Wentorf<\/a>, <a href=\"https:\/\/bautenschutz-keul.de\/angebote\/mauertrockenlegung-salzhausen\/\">Mauertrockenlegung Salzhausen<\/a>, <a href=\"https:\/\/bautenschutz-keul.de\/angebote\/feuchter-keller-ebstorf\/\">Feuchter Keller Ebstorf<\/a>, <a href=\"https:\/\/bautenschutz-keul.de\/angebote\/feuchte-wand-seevetal-rosengarten\/\">Feuchte Wand Seevetal Rosengarten<\/a>, <a href=\"https:\/\/bautenschutz-keul.de\/angebote\/kellerabdichtung-harburg\/\">Kellerabdichtung Harburg<\/a>, <a href=\"https:\/\/bautenschutz-keul.de\/angebote\/schimmel-maschen\/\">Schimmel Maschen<\/a>"},"_links":{"self":[{"href":"https:\/\/bautenschutz-keul.de\/angebote\/wp-json\/wp\/v2\/pages\/226","targetHints":{"allow":["GET"]}}],"collection":[{"href":"https:\/\/bautenschutz-keul.de\/angebote\/wp-json\/wp\/v2\/pages"}],"about":[{"href":"https:\/\/bautenschutz-keul.de\/angebote\/wp-json\/wp\/v2\/types\/page"}],"author":[{"embeddable":true,"href":"https:\/\/bautenschutz-keul.de\/angebote\/wp-json\/wp\/v2\/users\/1"}],"replies":[{"embeddable":true,"href":"https:\/\/bautenschutz-keul.de\/angebote\/wp-json\/wp\/v2\/comments?post=226"}],"version-history":[{"count":0,"href":"https:\/\/bautenschutz-keul.de\/angebote\/wp-json\/wp\/v2\/pages\/226\/revisions"}],"wp:attachment":[{"href":"https:\/\/bautenschutz-keul.de\/angebote\/wp-json\/wp\/v2\/media?parent=226"}],"curies":[{"name":"wp","href":"https:\/\/api.w.org\/{rel}","templated":true}]}}