{"id":228,"date":"2021-09-13T08:43:43","date_gmt":"2021-09-13T06:43:43","guid":{"rendered":"https:\/\/bautenschutz-keul.de\/angebote\/feuchter-keller-maschen\/"},"modified":"2021-09-13T08:43:43","modified_gmt":"2021-09-13T06:43:43","slug":"feuchter-keller-maschen","status":"publish","type":"page","link":"https:\/\/bautenschutz-keul.de\/angebote\/feuchter-keller-maschen\/","title":{"rendered":"Feuchter Keller &#8211; Maschen"},"content":{"rendered":"<h3>Feuchter Keller: Wir helfen schnell und kompetent!<\/h3>\n<p>Ein feuchter Keller kann auf jeden Fall ungute Auswirkungen auf Wohlbefinden und Gesundheit der Hausbewohner haben. Schimmel und Sporenablagerungen sind zumeist die Erkl\u00e4rung f\u00fcr gesundheitliche St\u00f6rungen. Ein weiterer Grund dem feuchten Keller zu Leibe zu r\u00fccken. Ein feuchter Keller ist eine Aufgabe f\u00fcr den Fachmann. Nur ein gut geschulter Fachmann beherrscht die geeigneten Anwendungen, wie ein feuchter Keller alsbald und erfolgreich instandgesetzt werden kann. <\/p>\n<p>Ein feuchter Keller kann unbehandelt zu einem brisanten \u00c4rgernis werden. Eigent\u00fcmer sind diesbez\u00fcglich sehr gut beraten, sich eingehend \u00fcber M\u00f6glichkeiten einer fachgerechten Sanierung zu erkundigen, sofern sie feuchte Bereiche in Ihren Kellerr\u00e4umen lokalisiert haben.<br \/>\nFr\u00fchzeitig gefunden, braucht ein feuchter Keller nicht unbedingt aufw\u00e4ndige und andauernde Sanierungen ausl\u00f6sen. Wahrscheinliche Ursachen gibt es einige.<\/p>\n<h3>Feuchter Keller: Unser Fachleute behebn den Schaden!<\/h3>\n<p>Vielfach liegt die Ursache f\u00fcr einen feuchten Keller in einer nicht ausreichenden Bel\u00fcftung. Auch tropfende Abflussrohre m\u00f6gen der Grund f\u00fcr einen feuchten Keller sein. Solcherlei Gr\u00fcnde sind erfahrungsgem\u00e4\u00df sofort erledigt. Erkennbar komplizierter wird es, falls festgestellt wird, dass die N\u00e4sse von au\u00dfen in den Keller dringt. Ein h\u00f6herer Grundwasserspiegel f\u00fchrt z.B. dazu, dass Wasser in das Mauerwerk eindringt. Ebenfalls H\u00e4user mit Hanglage sind bedroht f\u00fcr durchdringende Feuchtigkeit. Hier kann es absolut sein, dass h\u00e4rtere Gesch\u00fctze f\u00fcr eine wirksame Sanierung erwogen werden m\u00fcssen. Doch auch dann ist ein feuchter Keller kein unweigerliches Schicksal. Fragen Sie daher am besten erstmal die Profis unserer Firma, wenn Sie N\u00e4sse in Ihren R\u00e4umen entdeckt haben. Bei einer Begehung direkt bei Ihnen im Haus nehmen wir den Schaden auf und machen Empfehlungen f\u00fcr eine wirksame Sanierung.<\/p>\n","protected":false},"excerpt":{"rendered":"<p>Feuchter Keller: Wir helfen schnell und kompetent! Ein feuchter Keller kann auf jeden Fall ungute Auswirkungen auf Wohlbefinden und Gesundheit der Hausbewohner haben. Schimmel und Sporenablagerungen sind zumeist die Erkl\u00e4rung f\u00fcr gesundheitliche St\u00f6rungen. Ein weiterer Grund dem feuchten Keller zu Leibe zu r\u00fccken. Ein feuchter Keller ist eine Aufgabe f\u00fcr den Fachmann. Nur ein gut [&hellip;]<\/p>\n","protected":false},"author":1,"featured_media":0,"parent":0,"menu_order":0,"comment_status":"closed","ping_status":"closed","template":"","meta":{"footnotes":""},"class_list":["post-228","page","type-page","status-publish","hentry"],"meta_box":{"popseo_subtitel":"Feuchter Keller: Die Firma TK-Geb\u00e4udetechnik Thorsten Keul ist Ihr erfahrener Fachbetrieb im Raum Maschen","popseo_subtitel2":"Feuchter Keller - Sanierung f\u00fcr Immobilienbesitzer aus Norddeutschland","popseo_lasttitel":"Feuchter Keller: Treten Sie in Kontakt mit uns!","popseo_region":"Maschen","popseo_sachwort":"Feuchter Keller","popseo_noupdate":"","popseo_einleitungstext":"<p>Sie haben sich mit dem Thema Bauwerksabdichtung auseinandergesetzt, weil Ihre Immobilie feuchte Geb\u00e4udeteile aufweist und Sie nach M\u00f6glichkeiten einer professionellen und vor allem wirksamen Sanierung Ausschau halten. Ausgezeichnet, dass Sie unsere Website entdeckt haben. Nachfolgend m\u00f6chten wir Ihnen einige Informationen zu unserem Leistungsspektrum geben. Sie lernen auf dieser Internetseite unsere Firma etwas n\u00e4her kennen. <\/p>\n<p>Unser Unternehmen ist ein spezialisierter und erfahrener Handwerksbetrieb mit Gesch\u00e4ftsssitz in Brietlingen bei L\u00fcneburg. Bereits seit vielen Jahren sind wir Ihr Spezialist f\u00fcr s\u00e4mtliche Fragen rund um die Bauwerksabdichtung. Wir setzen ausschlie\u00dflich effektive und praxisbew\u00e4hrte Sanierungssysteme und -methoden ein. Als Sanierungsfachbetrieb schauen wir auf eine lange und intensive Berufserfahrung zur\u00fcck. Unsere freundlichen Fachleute informieren Sie mit Vergn\u00fcgen im Detail.<\/p>","popseo_schlusstext":"<p>Wenn Sie mehr wissen m\u00f6chten, informieren wir Sie n\u00e4her \u00fcber unser Aufgabenfeld. Wir pr\u00e4sentieren Ihnen mit Vergn\u00fcgen auch einige Referenzen, die Ihnen einen Einblick in unsere T\u00e4tigkeit geben.<br \/>\nSetzen Sie auf die Expertise eines erfahrenen Fachbetriebes. Rufen Sie uns doch einfach einmal an oder schreiben Sie uns eine kurze E-Mail. Wir freuen uns auf Sie.<\/p>","popseo_stadttext":"<h3>Unser Vertriebsgebiet umfasst auch  Maschen<\/h2>\n<p>Unser Einzugsgebiet umfasst auch Maschen. Durch unsere T\u00e4tigkeit haben wir uns einen ausgezeichneten \u00dcberblick \u00fcber die Stadtarchitektur der Gemeinden und St\u00e4dte unseres Vertriebsgebietes machen k\u00f6nnen. Wir f\u00fchlen uns der Region verpflichtet und freuen uns dar\u00fcber, auch einen Teil zur ausgezeichneten Infrastruktur der Gemeinde beizusteuern zu d\u00fcrfen.  <\/p>\n<h3>Gute Gr\u00fcnde sprechen f\u00fcr den Wohnort Maschen<\/h3>\n<p>In der zum Landkreis Harburg geh\u00f6renden Gemeinde Maschen leben in Summe zirka 9.000 Bewohner. Unmittelbar an Hamburg grenzend, z\u00e4hlt Maschen zum sogenannten \u201eSpeckg\u00fcrtel\u201c der Elbmetropole. Die Bev\u00f6lkerungszahl ist durchaus niedrig zu nennen, was den Ort zu einer bevorzugten Wohngegend macht. Maschen ist f\u00fcr Berufspendler besonders geeignet. Wer seinen Arbeitsplatz in der nahen Metropole hat, genie\u00dft das durchaus ruhige Leben in der Peripherie. Maschen verf\u00fcgt \u00fcber zahlreiche sch\u00f6ne Wohngebiete, die von einer typischen Einzelhausbebauung gepr\u00e4gt sind. Etliche sch\u00f6ne Quartiere machen Maschen insbesondere f\u00fcr Familien attraktiv. Leben in einem fast d\u00f6rflichen Umfeld, dabei die Hansestadt direkt vor der Haust\u00fcr \u2013 ein Wohnmodell, das f\u00fcr viele Menschen attraktiv ist. Eine ganze Reihe Wiesen und W\u00e4lder verleihen dem Ort einen zuweilen fast bukolischen Charakter. <\/p>\n<h4>Hohe Qualit\u00e4t f\u00fcr Kunden aus Maschen<\/h4>\n<p>Sehr gerne \u00fcbernehmen wir auch Arbeiten in Maschen und Umgebung. D\u00fcrfen wir Sie n\u00e4her beraten? Kontaktieren sie uns per Telefon oder schicken Sie uns eine Email. Wir freuen uns auf das Gespr\u00e4ch mit Ihnen! Das perfekt eingespielte Team unseres Unternehmens zeichnet sich durch eine zielgerichtete Arbeit aus.<\/p>","popseo_zusatztext":"<h3>Abdichten: Auf die Wirksamkeit k\u00f6nnen Sie sich verlassen<\/h3>\n<p>Sie haben einen Feuchteschaden festgestellt und m\u00fcssen die betroffenen Mauerbereiche nun z\u00fcgig abdichten. Sehr gut, dass Sie uns entdeckt haben! Als erfahrenes Fachunternehmen der Bauwirtschaft kennen wir uns sehr gut aus mit dem Abdichten von Mauern, W\u00e4nden oder Kellern.  <\/p>\n<p>N\u00e4ssesch\u00e4den sind unsere Fachkompetenz: F\u00fcr unsere Firma geh\u00f6rt das Abdichten von Kellern, Mauern oder W\u00e4nden zur t\u00e4glichen Arbeit. Wir gehen der Ursache f\u00fcr den Wassereintritt sorgf\u00e4ltig auf den Grund. Vor dem eigentlichen Abdichten muss zun\u00e4chst einmal die Ursachenforschung stehen. Erst wenn man den definitiven Grund f\u00fcr die Durchfeuchtung ermittelt hat, kann man mit dem Abdichten anfangen. Die Begutachtung gibt die Richtung vor, den das Abdichten eines Bauk\u00f6rpers umfassen muss.  <\/p>\n<h4>Abdichten: Schnelle Hilfe durch den Fachbetrieb!<\/h4>\n<p>Z\u00f6gern Sie bitte nicht und vereinbaren Sie gleich einen Vor-Ort-Termin mit einem unserer routinierten Mitarbeiter. Ein kurzer Anruf oder auch eine kurze Email reichen! Bei einer Begutachtung direkt am betroffenen Objekt, nehmen wir den Schaden auf und erstellen danach ein Konzept f\u00fcr das nachhaltige Abdichten der gesch\u00e4digten Bereiche. Unsere Arbeit ist stets zweckorientiert: Selbstverst\u00e4ndlich flie\u00dfen auch \u00f6konomische Betrachtungen in unsere Entscheidungsfindung f\u00fcr das Abdichten Ihres Geb\u00e4udes mit ein. Komplett aus einer Hand: Unsere motivierten Mitarbeiter f\u00fchren alle erforderlichen T\u00e4tigkeiten, die zum Abdichten dazugeh\u00f6ren zeitnah und zuverl\u00e4ssig aus. Bereits seit Jahren ist unser Unternehmen f\u00fcr eine hohe Fachkompetenz bekannt. Eine unserer Kernkompetenzen liegt im Abdichten von Gesch\u00e4fts- und Wohngeb\u00e4uden. Vertrauen Sie auf Kompetenz und beauftragen Sie uns f\u00fcr das Abdichten von neuralgischen Bereichen im Mauerwerk. Wir freuen uns darauf, auch Ihnen helfen zu d\u00fcrfen.<\/p>","popseo_links":"<a href=\"https:\/\/bautenschutz-keul.de\/angebote\/feuchte-mauer-brietlingen\/\">Feuchte Mauer Brietlingen<\/a>, <a href=\"https:\/\/bautenschutz-keul.de\/angebote\/rissverpressung-uelzen\/\">Rissverpressung Uelzen<\/a>, <a href=\"https:\/\/bautenschutz-keul.de\/angebote\/mauertrockenlegung-reppenstedt\/\">Mauertrockenlegung Reppenstedt<\/a>, <a href=\"https:\/\/bautenschutz-keul.de\/angebote\/kellerabdichtung-bergedorf-wentorf\/\">Kellerabdichtung Bergedorf Wentorf<\/a>, <a href=\"https:\/\/bautenschutz-keul.de\/angebote\/salpeter-im-keller-amt-neuhaus\/\">Salpeter im Keller Amt Neuhaus<\/a>, <a href=\"https:\/\/bautenschutz-keul.de\/angebote\/feuchtigkeitsschaden-reppenstedt\/\">Feuchtigkeitsschaden Reppenstedt<\/a>, <a href=\"https:\/\/bautenschutz-keul.de\/angebote\/mauertrockenlegung-lueneburg\/\">Mauertrockenlegung L\u00fcneburg<\/a>, <a href=\"https:\/\/bautenschutz-keul.de\/angebote\/feuchte-mauer-bergedorf-wentorf\/\">Feuchte Mauer Bergedorf Wentorf<\/a>, <a href=\"https:\/\/bautenschutz-keul.de\/angebote\/feuchte-wand-seevetal-rosengarten\/\">Feuchte Wand Seevetal Rosengarten<\/a>, <a href=\"https:\/\/bautenschutz-keul.de\/angebote\/mauertrockenlegung-amt-neuhaus\/\">Mauertrockenlegung Amt Neuhaus<\/a>, <a href=\"https:\/\/bautenschutz-keul.de\/angebote\/mauertrockenlegung-harburg\/\">Mauertrockenlegung Harburg<\/a>, <a href=\"https:\/\/bautenschutz-keul.de\/angebote\/feuchtigkeitsschaden-boizenburg\/\">Feuchtigkeitsschaden Boizenburg<\/a>, <a href=\"https:\/\/bautenschutz-keul.de\/angebote\/feuchte-mauer-bienenbuettel\/\">Feuchte Mauer Bienenb\u00fcttel<\/a>, <a href=\"https:\/\/bautenschutz-keul.de\/angebote\/schimmelbeseitigung-reinbek-aumuehle\/\">Schimmelbeseitigung Reinbek Aum\u00fchle<\/a>, <a href=\"https:\/\/bautenschutz-keul.de\/angebote\/kellertrockenlegung-adendorf\/\">Kellertrockenlegung Adendorf<\/a>, <a href=\"https:\/\/bautenschutz-keul.de\/angebote\/zerstoerter-putz-boizenburg\/\">zerst\u00f6rter Putz Boizenburg<\/a>, <a href=\"https:\/\/bautenschutz-keul.de\/angebote\/feuchte-mauer-bardowick\/\">Feuchte Mauer Bardowick<\/a>, <a href=\"https:\/\/bautenschutz-keul.de\/angebote\/schimmelsanierung-schwarzenbek\/\">Schimmelsanierung Schwarzenbek<\/a>, <a href=\"https:\/\/bautenschutz-keul.de\/angebote\/feuchtigkeitsschaden-bispingen\/\">Feuchtigkeitsschaden Bispingen<\/a>, <a href=\"https:\/\/bautenschutz-keul.de\/angebote\/feuchte-wand-ebstorf\/\">Feuchte Wand Ebstorf<\/a>, <a href=\"https:\/\/bautenschutz-keul.de\/angebote\/aufsteigende-feuchtigkeit-hanstedt\/\">aufsteigende Feuchtigkeit Hanstedt<\/a>, <a href=\"https:\/\/bautenschutz-keul.de\/angebote\/kellertrockenlegung-reinbek-aumuehle\/\">Kellertrockenlegung Reinbek Aum\u00fchle<\/a>, <a href=\"https:\/\/bautenschutz-keul.de\/angebote\/zerstoerter-putz-adendorf\/\">zerst\u00f6rter Putz Adendorf<\/a>, <a href=\"https:\/\/bautenschutz-keul.de\/angebote\/kellerabdichtung-jesteburg\/\">Kellerabdichtung Jesteburg<\/a>, <a href=\"https:\/\/bautenschutz-keul.de\/angebote\/kellertrockenlegung-bardowick\/\">Kellertrockenlegung Bardowick<\/a>, <a href=\"https:\/\/bautenschutz-keul.de\/angebote\/rissverpressung-winsen-luhe\/\">Rissverpressung Winsen Luhe<\/a>, <a href=\"https:\/\/bautenschutz-keul.de\/angebote\/feuchte-mauer-jesteburg\/\">Feuchte Mauer Jesteburg<\/a>, <a href=\"https:\/\/bautenschutz-keul.de\/angebote\/schimmel-geesthacht\/\">Schimmel Geesthacht<\/a>, <a href=\"https:\/\/bautenschutz-keul.de\/angebote\/aussenabdichtung-seevetal-rosengarten\/\">Au\u00dfenabdichtung Seevetal Rosengarten<\/a>, <a href=\"https:\/\/bautenschutz-keul.de\/angebote\/feuchtigkeit-amelinghausen\/\">Feuchtigkeit Amelinghausen<\/a>"},"_links":{"self":[{"href":"https:\/\/bautenschutz-keul.de\/angebote\/wp-json\/wp\/v2\/pages\/228","targetHints":{"allow":["GET"]}}],"collection":[{"href":"https:\/\/bautenschutz-keul.de\/angebote\/wp-json\/wp\/v2\/pages"}],"about":[{"href":"https:\/\/bautenschutz-keul.de\/angebote\/wp-json\/wp\/v2\/types\/page"}],"author":[{"embeddable":true,"href":"https:\/\/bautenschutz-keul.de\/angebote\/wp-json\/wp\/v2\/users\/1"}],"replies":[{"embeddable":true,"href":"https:\/\/bautenschutz-keul.de\/angebote\/wp-json\/wp\/v2\/comments?post=228"}],"version-history":[{"count":0,"href":"https:\/\/bautenschutz-keul.de\/angebote\/wp-json\/wp\/v2\/pages\/228\/revisions"}],"wp:attachment":[{"href":"https:\/\/bautenschutz-keul.de\/angebote\/wp-json\/wp\/v2\/media?parent=228"}],"curies":[{"name":"wp","href":"https:\/\/api.w.org\/{rel}","templated":true}]}}