{"id":229,"date":"2021-09-13T08:43:43","date_gmt":"2021-09-13T06:43:43","guid":{"rendered":"https:\/\/bautenschutz-keul.de\/angebote\/feuchter-keller-reinbek-aumuehle\/"},"modified":"2021-09-13T08:43:43","modified_gmt":"2021-09-13T06:43:43","slug":"feuchter-keller-reinbek-aumuehle","status":"publish","type":"page","link":"https:\/\/bautenschutz-keul.de\/angebote\/feuchter-keller-reinbek-aumuehle\/","title":{"rendered":"Feuchter Keller &#8211; Reinbek Aum\u00fchle"},"content":{"rendered":"<h3>Feuchter Keller \u2013 wir helfen schnell und unkompliziert!<\/h3>\n<p>Ein feuchter Keller kann ggfs. ung\u00fcnstige Auswirkungen auf Befinden und Verfassung der Geb\u00e4udebewohner haben. Schimmelbildung und Sporen sind nicht selten die Ursache f\u00fcr gesundheitliche St\u00f6rungen. Ein mehr als guter Grund dem feuchten Keller zu Leibe zu r\u00fccken. Ein feuchter Keller ist eine Aufgabe f\u00fcr den Profi. Nur ein sehr gut geschulter Fachmann kennt die passenden Methoden, wie ein feuchter Keller schnell und erfolgreich saniert werden kann. <\/p>\n<p>Ein feuchter Keller kann unbehandelt zu einem schwerwiegenden Problem werden. Hauseigent\u00fcmer sind immer wieder gut beraten, sich detailliert \u00fcber eine Sanierung zu erkundigen, wenn sie feuchte Bereiche in Ihren Kellerr\u00e4umen gefunden haben.<br \/>\nFr\u00fch gesehen, muss ein feuchter Keller nicht zwangsl\u00e4ufig umfangreiche und langfristige Sanierungen ausl\u00f6sen. Mutma\u00dfliche Ursachen gibt es sehr viele.<\/p>\n<h3>Feuchter Keller: Unser Fachleute behebn den Schaden!<\/h3>\n<p>Oft liegt die Ursache f\u00fcr einen feuchten Keller in einer nur mangelhaften Luftzufuhr. Auch defekte Wasserrohre d\u00fcrften die Ursache f\u00fcr einen feuchten Keller sein. Solcherlei Ursachen sind in der Regel schnell erledigt. Erheblich schwieriger wird es, wenn diagnostiziert wird, dass die N\u00e4sse von au\u00dferhalb in den Keller gelangt. Ein gestiegener Wasserspiegel f\u00fchrt beispielsweise dazu, dass Wasser in das Mauerwerk eindringt. Sogar H\u00e4user mit Hanglage sind bedroht f\u00fcr durchdringende N\u00e4sse. In solchen F\u00e4llen kann es absolut sein, dass st\u00e4rkere Gesch\u00fctze f\u00fcr eine wirksame Instandsetzung erwogen werden m\u00fcssen. Jedoch auch dann ist ein feuchter Keller kein unweigerliches Schicksal. Fragen Sie deshalb am besten erstmal die Fachleute unseres Betriebes, falls Sie Feuchtigkeit in Ihren R\u00e4umlichkeiten entdeckt haben. Bei einer Inspektion direkt bei Ihnen im Haus nehmen wir die Sch\u00e4den auf und unterbreiten Vorschl\u00e4ge f\u00fcr eine wirksame Sanierung.<\/p>\n","protected":false},"excerpt":{"rendered":"<p>Feuchter Keller \u2013 wir helfen schnell und unkompliziert! Ein feuchter Keller kann ggfs. ung\u00fcnstige Auswirkungen auf Befinden und Verfassung der Geb\u00e4udebewohner haben. Schimmelbildung und Sporen sind nicht selten die Ursache f\u00fcr gesundheitliche St\u00f6rungen. Ein mehr als guter Grund dem feuchten Keller zu Leibe zu r\u00fccken. Ein feuchter Keller ist eine Aufgabe f\u00fcr den Profi. Nur [&hellip;]<\/p>\n","protected":false},"author":1,"featured_media":0,"parent":0,"menu_order":0,"comment_status":"closed","ping_status":"closed","template":"","meta":{"footnotes":""},"class_list":["post-229","page","type-page","status-publish","hentry"],"meta_box":{"popseo_subtitel":"Feuchter Keller: Die Firma TK-Geb\u00e4udetechnik Thorsten Keul ist Ihr Fachbetrieb im Raum Reinbek Aum\u00fchle","popseo_subtitel2":"Feuchter Keller - Sanierung durch die Experten unserer Firma","popseo_lasttitel":"Feuchter Keller: D\u00fcrfen wir Ihre Fragen beantworten?","popseo_region":"Reinbek Aum\u00fchle","popseo_sachwort":"Feuchter Keller","popseo_noupdate":"","popseo_einleitungstext":"<p>Sie haben sich mit dem Thema Bauwerksabdichtung besch\u00e4ftigt, da Ihr Wohn- oder Gesch\u00e4ftshaus feuchte Geb\u00e4udebereiche aufweist und Sie nach M\u00f6glichkeiten einer professionellen und vor allem wirksamen Sanierung Ausschau halten. Gut, dass Sie zu uns gefunden haben. Auf den folgenden Seiten d\u00fcrfen wir Ihnen n\u00e4here Informationen zu unserem Leistungsspektrum geben. Sie lernen auf dieser Website unsere Firma etwas n\u00e4her kennen. <\/p>\n<p>Unser Unternehmen ist ein spezialisierter und erfahrener Fachbetrieb mit Gesch\u00e4ftsssitz in Brietlingen bei L\u00fcneburg. Seit vielen Jahren schon sind wir Ihr Fachpartner f\u00fcr alle Fragen rund um Geb\u00e4udeabdichtung. Wir setzen ausschlie\u00dflich praxisbew\u00e4hrte und effektive Sanierungsmethoden und -systeme ein. Als Fachbetrieb f\u00fcr Abdichtung und Sanierung blicken wir auf eine lange Berufserfahrung zur\u00fcck. Unsere gut geschulten Fachleute informieren Sie gerne im Detail.<\/p>","popseo_schlusstext":"<p>Sie ben\u00f6tigen einen Profi f\u00fcr die fachgerecht ausgef\u00fchrte Bauwerksabdichtung. Dann melden Sie sich am besten noch heute bei uns. Wir freuen uns auf das Gespr\u00e4ch mit Ihnen. Wenn es um Sanierung geht, sind wir Ihr kompetenter Handwerkspartner. Wir sorgen f\u00fcr eine fachgerecht durchgef\u00fchrte Arbeit nach dem stets derzeitigen Stand der Technik.<\/p>","popseo_stadttext":"<h3>Unser Leistungskatalog f\u00fcr Kunden aus Reinbek und Aum\u00fchle<\/h3>\n<p>Sie leben in Reinbek oder Aum\u00fchle und sind hier im Internet auf unsere Website gesto\u00dfen? Das finden wir toll. Sehr gerne pr\u00e4sentieren wir Ihnen unser gesamtes Leistungsspektrum und beantworten Ihre Fragen. Durch unsere Vertriebst\u00e4tigkeit haben wir uns einen guten \u00dcberblick \u00fcber die Architektur der St\u00e4dte und Gemeinden unseres Einzugsbereiches erarbeiten k\u00f6nnen. Selbstverst\u00e4ndlich z\u00e4hlt auch die Region Reinbek \/ Aum\u00fchle zu unserem unmittelbaren Vertriebsgebiet. Wir freuen uns darauf, mit Ihnen ins Gespr\u00e4ch zu treten. <\/p>\n<h3>Leben und Arbeiten in Aum\u00fchle und Reinbek<\/h3>\n<p>Die Schleswig-Holsteinische Kleinstadt Reinbek befindet sich im Landkreis Stormarn. Zum Kreis Herzogtum-Lauenburg geh\u00f6rt hingegen das nahe gelegene Aum\u00fchle. Momentan z\u00e4hlt Reinbek \u00fcber 26.000 registrierte Einwohner. In Aum\u00fchle leben gut 3.000 Menschen. Die Gemeinde Reinbek umfasst eine Grundfl\u00e4che von circa 31 km\u00b2. Reinbek und Aum\u00fchle geh\u00f6ren zur Metropolregion Hamburg. Beide Gemeinden liegen ungef\u00e4hr 20 Kilometer \u00f6stlich der Hansestadt. <\/p>\n<p>Die Stadt Reinbek geh\u00f6rt \u00fcber die S21 zum Hamburger Verkehrsverbund. Aum\u00fchle ist der Endbahnhof der S-Bahn. Der kurze Fahrweg von gerade einmal 25 Minuten machen Reinbek und auch Aum\u00fchle in erster Line interessant f\u00fcr Pendler nach Hamburg. Wer also seinen Arbeitgeber in der Gro\u00dfstadt Hamburg hat, genie\u00dft in Reinbek oder Aum\u00fchle das Beste aus zwei Welten: Das bunte Treiben der Gro\u00dfstadt findet in den ruhigen Wohnst\u00e4tten von Reinbek und Aum\u00fchle sein Gegenst\u00fcck.<\/p>\n<h4>Reinbek und Aum\u00fchle - lebenswert und attraktiv<\/h4>\n<p>Wer das Auto bevorzugt, findet in Reinbek und in Aum\u00fchle ebenfalls gute Bedingungen: Die Bundesautobahnen A1 und A24 sowie die Bundesstra\u00dfe B5 befinden sich nur unweit von Reinbek und Aum\u00fchle. Das Stadtbild von Reinbek und Aum\u00fchle besteht in erster Linie aus sehr vielen Einfamilen- und Doppelh\u00e4usern, welche ihren Besitzern einen besonderen Lebenskomfort garantieren. Reinbek und Aum\u00fchle zeichnen sich neben der guten Lebensqualit\u00e4t auch durch eine hohe Wirtschaftskraft aus.<\/p>\n<h4>Privat- und Gesch\u00e4ftskunden aus Reinbek und Aum\u00fchle sch\u00e4tzen unsere Leistungen!<\/h4>\n<p>Sie wohnen in Aum\u00fchle oder Reinbek, interessieren sich f\u00fcr unser Angebot und haben deshalb unsere Homepage besucht? Dar\u00fcber freuen wir uns sehr. Unser engagiertes Team nimmt gerne Ihren Anruf entgegen oder beantwortet Ihre E-Mail.<\/p>","popseo_zusatztext":"<h3>Erstklassiges Abdichten ist uns wichtig<\/h3>\n<p>Sie haben einen Feuchteschaden entdeckt und m\u00fcssen die entsprechenden Bereiche nun so schnell wie m\u00f6glich abdichten. Sch\u00f6n, dass Sie uns gefunden haben! Als routiniertes Unternehmen der Bauwirtschaft kennen wir uns bestens aus mit dem Abdichten von Mauern, Kellern oder W\u00e4nden.  <\/p>\n<p>N\u00e4ssesch\u00e4den sind unsere Fachkompetenz: F\u00fcr unseren Betrieb geh\u00f6rt das Abdichten von Kellern, W\u00e4nden oder Mauern zur allt\u00e4glichen Arbeit. Wir gehen der Ursache f\u00fcr den N\u00e4sseeintritt sorgf\u00e4ltig auf den Grund. Vor dem eigentlichen Abdichten muss erstmal die Ursachenfindung stehen. Erst wenn man den richtigen Grund f\u00fcr die Durchfeuchtung entdeckt hat, kann man mit dem Abdichten starten. Die Analyse gibt die Marschrichtung vor, den das Abdichten eines Bauk\u00f6rpers beinhalten muss.  <\/p>\n<h4>Abdichten: Unsere Mitarbeiter stehen f\u00fcr Sie bereit!<\/h4>\n<p>Warten Sie bitte nicht und vereinbaren Sie noch heute einen Termin mit einem unserer routinierten Angestellten. Ein kurzer Anruf beziehungsweise eine schnelle e-Mail reichen! Bei einer Analyse direkt am gesch\u00e4digten Objekt, nehmen wir den Schaden auf und erstellen danach ein Konzept f\u00fcr das nachhaltige Abdichten der entsprechenden Bereiche. Unsere Arbeit ist stets zweckbezogen: Nat\u00fcrlich flie\u00dfen auch monet\u00e4re Gesichtspunkte in unsere Entscheidungsfindung f\u00fcr das Abdichten Ihres Geb\u00e4udes mit ein. Alles komplett aus einer Hand: Unsere motivierten Mitarbeiter f\u00fchren s\u00e4mtliche notwendigen Arbeiten, die zum Abdichten geh\u00f6ren zeitnah und verl\u00e4sslich aus. Schon seit Jahren ist unsere Firma f\u00fcr eine hohe Fachkompetenz bekannt. Eine unserer Schwerpunkte liegt im Abdichten von Wohn- und Gesch\u00e4ftsgeb\u00e4uden. Setzen Sie auf Fachkompetenz und beauftragen Sie uns f\u00fcr das Abdichten von neuralgischen Stellen im Mauerwerk. Wir freuen uns darauf, auch Ihnen helfen zu k\u00f6nnen.<\/p>","popseo_links":"<a href=\"https:\/\/bautenschutz-keul.de\/angebote\/schimmelbeseitigung-stelle\/\">Schimmelbeseitigung Stelle<\/a>, <a href=\"https:\/\/bautenschutz-keul.de\/angebote\/feuchte-wand-tostedt-sittensen\/\">Feuchte Wand Tostedt Sittensen<\/a>, <a href=\"https:\/\/bautenschutz-keul.de\/angebote\/bauwerksabdichtung-tostedt-sittensen\/\">Bauwerksabdichtung Tostedt Sittensen<\/a>, <a href=\"https:\/\/bautenschutz-keul.de\/angebote\/zerstoerter-putz-reppenstedt\/\">zerst\u00f6rter Putz Reppenstedt<\/a>, <a href=\"https:\/\/bautenschutz-keul.de\/angebote\/feuchte-wand-stelle\/\">Feuchte Wand Stelle<\/a>, <a href=\"https:\/\/bautenschutz-keul.de\/angebote\/horizontalsperre-buechen\/\">Horizontalsperre B\u00fcchen<\/a>, <a href=\"https:\/\/bautenschutz-keul.de\/angebote\/schimmel-harburg\/\">Schimmel Harburg<\/a>, <a href=\"https:\/\/bautenschutz-keul.de\/angebote\/bauwerksabdichtung-harburg\/\">Bauwerksabdichtung Harburg<\/a>, <a href=\"https:\/\/bautenschutz-keul.de\/angebote\/schimmelsanierung-reppenstedt\/\">Schimmelsanierung Reppenstedt<\/a>, <a href=\"https:\/\/bautenschutz-keul.de\/angebote\/feuchtigkeitsschaden-bienenbuettel\/\">Feuchtigkeitsschaden Bienenb\u00fcttel<\/a>, <a href=\"https:\/\/bautenschutz-keul.de\/angebote\/schimmelbeseitigung-winsen-luhe\/\">Schimmelbeseitigung Winsen Luhe<\/a>, <a href=\"https:\/\/bautenschutz-keul.de\/angebote\/aufsteigende-feuchtigkeit-glinde-sachsenwald\/\">aufsteigende Feuchtigkeit Glinde Sachsenwald<\/a>, <a href=\"https:\/\/bautenschutz-keul.de\/angebote\/kellertrockenlegung-herzogtum-lauenburg\/\">Kellertrockenlegung Herzogtum Lauenburg<\/a>, <a href=\"https:\/\/bautenschutz-keul.de\/angebote\/mauertrockenlegung-reppenstedt\/\">Mauertrockenlegung Reppenstedt<\/a>, <a href=\"https:\/\/bautenschutz-keul.de\/angebote\/schimmelsanierung-buechen\/\">Schimmelsanierung B\u00fcchen<\/a>, <a href=\"https:\/\/bautenschutz-keul.de\/angebote\/feuchter-keller-salzhausen\/\">Feuchter Keller Salzhausen<\/a>, <a href=\"https:\/\/bautenschutz-keul.de\/angebote\/horizontalsperre-bispingen\/\">Horizontalsperre Bispingen<\/a>, <a href=\"https:\/\/bautenschutz-keul.de\/angebote\/kellersanierung-buechen\/\">Kellersanierung B\u00fcchen<\/a>, <a href=\"https:\/\/bautenschutz-keul.de\/angebote\/schimmelsanierung-bispingen\/\">Schimmelsanierung Bispingen<\/a>, <a href=\"https:\/\/bautenschutz-keul.de\/angebote\/schimmelsanierung-reinbek-aumuehle\/\">Schimmelsanierung Reinbek Aum\u00fchle<\/a>, <a href=\"https:\/\/bautenschutz-keul.de\/angebote\/aussenabdichtung-lueneburg\/\">Au\u00dfenabdichtung L\u00fcneburg<\/a>, <a href=\"https:\/\/bautenschutz-keul.de\/angebote\/aussenabdichtung-winsen-luhe\/\">Au\u00dfenabdichtung Winsen Luhe<\/a>, <a href=\"https:\/\/bautenschutz-keul.de\/angebote\/aufsteigende-feuchtigkeit-hanstedt\/\">aufsteigende Feuchtigkeit Hanstedt<\/a>, <a href=\"https:\/\/bautenschutz-keul.de\/angebote\/aussenabdichtung-seevetal-rosengarten\/\">Au\u00dfenabdichtung Seevetal Rosengarten<\/a>, <a href=\"https:\/\/bautenschutz-keul.de\/angebote\/schimmelsanierung-tostedt-sittensen\/\">Schimmelsanierung Tostedt Sittensen<\/a>, <a href=\"https:\/\/bautenschutz-keul.de\/angebote\/kellersanierung-amelinghausen\/\">Kellersanierung Amelinghausen<\/a>, <a href=\"https:\/\/bautenschutz-keul.de\/angebote\/kellerabdichtung-bergedorf-wentorf\/\">Kellerabdichtung Bergedorf Wentorf<\/a>, <a href=\"https:\/\/bautenschutz-keul.de\/angebote\/feuchter-keller-bergedorf-wentorf\/\">Feuchter Keller Bergedorf Wentorf<\/a>, <a href=\"https:\/\/bautenschutz-keul.de\/angebote\/aufsteigende-feuchtigkeit-adendorf\/\">aufsteigende Feuchtigkeit Adendorf<\/a>, <a href=\"https:\/\/bautenschutz-keul.de\/angebote\/feuchtigkeit-buchholz-in-der-nordheide\/\">Feuchtigkeit Buchholz in der Nordheide<\/a>"},"_links":{"self":[{"href":"https:\/\/bautenschutz-keul.de\/angebote\/wp-json\/wp\/v2\/pages\/229","targetHints":{"allow":["GET"]}}],"collection":[{"href":"https:\/\/bautenschutz-keul.de\/angebote\/wp-json\/wp\/v2\/pages"}],"about":[{"href":"https:\/\/bautenschutz-keul.de\/angebote\/wp-json\/wp\/v2\/types\/page"}],"author":[{"embeddable":true,"href":"https:\/\/bautenschutz-keul.de\/angebote\/wp-json\/wp\/v2\/users\/1"}],"replies":[{"embeddable":true,"href":"https:\/\/bautenschutz-keul.de\/angebote\/wp-json\/wp\/v2\/comments?post=229"}],"version-history":[{"count":0,"href":"https:\/\/bautenschutz-keul.de\/angebote\/wp-json\/wp\/v2\/pages\/229\/revisions"}],"wp:attachment":[{"href":"https:\/\/bautenschutz-keul.de\/angebote\/wp-json\/wp\/v2\/media?parent=229"}],"curies":[{"name":"wp","href":"https:\/\/api.w.org\/{rel}","templated":true}]}}