{"id":230,"date":"2021-09-13T08:43:43","date_gmt":"2021-09-13T06:43:43","guid":{"rendered":"https:\/\/bautenschutz-keul.de\/angebote\/feuchter-keller-reppenstedt\/"},"modified":"2021-09-13T08:43:43","modified_gmt":"2021-09-13T06:43:43","slug":"feuchter-keller-reppenstedt","status":"publish","type":"page","link":"https:\/\/bautenschutz-keul.de\/angebote\/feuchter-keller-reppenstedt\/","title":{"rendered":"Feuchter Keller &#8211; Reppenstedt"},"content":{"rendered":"<h3>Feuchter Keller: Wir sind kompetent und erfahren bei der Sanierung<\/h3>\n<p>Ein feuchter Keller kann ggfs. ung\u00fcnstige Einfl\u00fcsse auf Befinden und Verfassung der Geb\u00e4udebewohner haben. Schimmelbildung und Sporenablagerungen sind nicht selten die Ursache f\u00fcr gesundheitliche Beeintr\u00e4chtigungen. Ein mehr als guter Grund dem feuchten Keller auf den Pelz zu f\u00fchlen. Ein feuchter Keller ist eine Aufgabe f\u00fcr den Experten. Nur ein gut geschulter Experte kennt die wirksamen Anwendungen, wie ein feuchter Keller sofort und erfolgreich instandgesetzt werden kann. <\/p>\n<p>Ein feuchter Keller k\u00f6nnte unbehandelt zum ernsthaften Thema werden. Geb\u00e4udeeigent\u00fcmer sind diesbez\u00fcglich bestens beraten, sich intensiv \u00fcber M\u00f6glichkeiten einer fachgerechten Sanierung zu erkundigen, falls sie nasse Stellen in Ihrem Keller aufgesp\u00fcrt haben.<br \/>\nFr\u00fchzeitig gesehen, muss ein feuchter Keller nicht unbedingt umfangreiche und langfristige Sanierungsarbeiten ausl\u00f6sen. Mutma\u00dfliche Gr\u00fcnde gibt es sehr viele.<\/p>\n<h3>Sie ben\u00f6tigen Hilfe gegen einen feuchten Keller? Dann rufen Sie uns bitte an!<\/h3>\n<p>Oftmals liegt die Ursache f\u00fcr einen feuchten Keller in einer nur ungen\u00fcgenden Luftzufuhr. Auch tropfende Wasserrohre k\u00f6nnen die Ursache f\u00fcr einen feuchten Keller sein. Derlei Ursachen sind \u00fcblicherweise sofort in Ordnung gebracht. Wesentlich aufw\u00e4ndiger wird es, falls diagnostiziert wird, dass die Feuchtigkeit von au\u00dferhalb in den Keller eindringt. Ein h\u00f6herer Grundwasserpegel f\u00fchrt z.B. dazu, dass N\u00e4sse in das Mauerwerk eindringt. Sogar H\u00e4user mit Hanglage sind bedroht f\u00fcr eindringende Feuchtigkeit. Dort kann es absolut sein, dass st\u00e4rkere Gesch\u00fctze f\u00fcr eine nachhaltige Instandsetzung aufgefahren werden m\u00fcssen. Aber auch in dem Fall ist ein feuchter Keller kein unausweichliches \u00dcbel. Fragen Sie also am besten erstmal die Fachkr\u00e4fte unserer Firma, falls Sie N\u00e4sse in Ihren R\u00e4umlichkeiten entdeckt haben. Bei einer Begehung unmittelbar bei Ihnen im Haus nehmen wir den Schaden auf und machen Vorschl\u00e4ge f\u00fcr eine effektive Sanierung.<\/p>\n","protected":false},"excerpt":{"rendered":"<p>Feuchter Keller: Wir sind kompetent und erfahren bei der Sanierung Ein feuchter Keller kann ggfs. ung\u00fcnstige Einfl\u00fcsse auf Befinden und Verfassung der Geb\u00e4udebewohner haben. Schimmelbildung und Sporenablagerungen sind nicht selten die Ursache f\u00fcr gesundheitliche Beeintr\u00e4chtigungen. Ein mehr als guter Grund dem feuchten Keller auf den Pelz zu f\u00fchlen. Ein feuchter Keller ist eine Aufgabe f\u00fcr [&hellip;]<\/p>\n","protected":false},"author":1,"featured_media":0,"parent":0,"menu_order":0,"comment_status":"closed","ping_status":"closed","template":"","meta":{"footnotes":""},"class_list":["post-230","page","type-page","status-publish","hentry"],"meta_box":{"popseo_subtitel":"Feuchter Keller: Wir sind Ihr Fachunternehmen in Reppenstedt","popseo_subtitel2":"Feuchter Keller - Sanierung durch die Spezialisten unserer Firma","popseo_lasttitel":"Feuchter Keller: Gerne beantworten wir Ihre Fragen!","popseo_region":"Reppenstedt","popseo_sachwort":"Feuchter Keller","popseo_noupdate":"","popseo_einleitungstext":"<p>Wenn es um die Bauwerksabdichtung geht, sind Sie bei der Firma TK-Geb\u00e4udetechnik genau an der richtigen Adresse. Seit Unternehmensgr\u00fcndung sind wir Ihr lokaler Fachbetrieb f\u00fcr die Kellerabdichtung, das Setzen von Horizontalsperren und ganz allgemein f\u00fcr wirkungsvolle Methoden gegen aufsteigende Feuchtigkeit. Wir ermitteln den Ist-Zustand von Mauern und W\u00e4nden und zeigen Ihnen, wie Sie die Bausubstanz Ihrer Immobilie dauerhaft sch\u00fctzen k\u00f6nnen. Auf diesen Seiten haben wir erste Informationen f\u00fcr Sie zusammengetragen.<\/p>","popseo_schlusstext":"<p>Sie haben eine Frage zu unserem Leistungskatalog? Wenn Sie m\u00f6chten, informieren wir Sie n\u00e4her \u00fcber unser gesamtes Aufgabengebiet. Mit Vergn\u00fcgen zeigen wir Ihnen einige Referenzprojekte, die Ihnen einen Einblick in unsere Arbeit geben. Rufen Sie uns doch einfach einmal an oder senden Sie uns eine E-Mail. Unser freundliches Team arbeitet stets fachkundig und l\u00f6sungsorientiert. Informationen erhalten Sie unter: <\/p>\n<p>04133 \u2013 22 37 940<\/p>","popseo_stadttext":"<h3>Wir sind Ihr Partner auch in Reppenstedt<\/h3>\n<p>Sie kommen aus Reppenstedt, Kirchgellersen, S\u00fcdergellersen oder Westergellersen und sind hier im World Wide Web auf unsere Homepage gesto\u00dfen? Das finden wir klasse. Gerne pr\u00e4sentieren wir Ihnen unser gesamtes Leistungsspektrum und beantworten Ihre Fragen. Durch unsere Gesch\u00e4ftst\u00e4tigkeit haben wir uns einen sehr guten \u00dcberblick \u00fcber die Architektur der St\u00e4dte und Gemeinden unseres Einzugsbereiches erarbeiten k\u00f6nnen. Selbstverst\u00e4ndlich geh\u00f6ren auch Reppenstedt und die anderen Orte der Samtgemeinde Gellersen zu unserem unmittelbaren Vertriebsgebiet. Wir freuen uns darauf, mit Ihnen ins Gespr\u00e4ch zu treten. <\/p>\n<h3>Einige interessante Informationen \u00fcber Reppenstedt<\/h3>\n<p>Knapp 7.600 B\u00fcrger z\u00e4hlt Reppenstedt. Das Gemeindegebiet umfasst ein Gesamtareal von zirka 14 km\u00b2. Reppenstedt ist Verwaltungssitz der Samtgemeinde Gellersen, einem Zusammenschluss von kleineren Orten, zu dem neben Reppenstedt selbst auch Westergellersen, Kirchgellersen und S\u00fcdergellersen geh\u00f6ren. Die Samtgemeinde z\u00e4hlt in Summe knapp 14.000 Einwohner und streckt sich \u00fcber ein Areal von zirka 73 qkm. Reppenstedt schlie\u00dft direkt westlich an L\u00fcneburg an. \u00dcber die Kreisstra\u00dfe 50 und die Landesstra\u00dfe 216 ist die Gemeinde einfach und bequem mit dem Wagen zu erreichen. Auch gibt es eine Busverbindung nach L\u00fcneburg. Reppenstedt ist ein familiengerechter Ort. Die Gemeinde \u00fcberzeugt wegen ihrer direkten Anbindung an L\u00fcneburg durch eine ausgezeichnete Infrastruktur. Reppenstedt ist ein Ort mit einer attraktiven naturnahen Umgebung. <\/p>\n<h4>Hohe Qualit\u00e4t f\u00fcr Kunden aus Reppenstedt<\/h4>\n<p>Das Leben in Reppenstedt, S\u00fcdergellersen, Kirchgellersen und Westergellersen ist romantisch. Alle Orte der Samtgemeinde Gellersen verf\u00fcgen \u00fcber beruhigte Wohngebiete, die vor allem von einer angenehmen Einzelhausbebauung gepr\u00e4gt sind. Sie interessieren sich f\u00fcr unser Leistungsangebot und haben deshalb unsere Homepage besucht? Das freut uns sehr. Unser engagiertes Spezialistenteam nimmt gerne Ihren Anruf entgegen oder beantwortet Ihre E-Mail.<\/p>","popseo_zusatztext":"<h3>Erstklassiges Abdichten ist uns wichtig<\/h3>\n<p>Sie haben einen Feuchteschaden entdeckt und m\u00fcssen die entsprechenden Mauerbereiche nun schnellstm\u00f6glich abdichten. Gut, dass Sie uns entdeckt haben! Als erfahrenes Fachunternehmen der Bauwirtschaft kennen wir uns sehr gut aus mit dem Abdichten von W\u00e4nden, Kellern oder Mauern.  <\/p>\n<p>Feuchtigkeitssch\u00e4den sind unser Gesch\u00e4ft: F\u00fcr unsere Firma geh\u00f6rt das Abdichten von Kellern, Mauern oder W\u00e4nden zur allt\u00e4glichen Arbeit. Wir gehen der Ursache f\u00fcr den Feuchtigkeitseintritt gr\u00fcndlich auf den Grund. Vor dem eigentlichen Abdichten muss als Erstes die Ursachenfindung stehen. Erst wenn man den richtigen Grund f\u00fcr eine Durchfeuchtung gefunden hat, kann man mit dem Abdichten anfangen. Die Bestandsaufnahme gibt die Marschrichtung vor, den das Abdichten eines Bauk\u00f6rpers beinhalten muss.  <\/p>\n<h4>Abdichten: Schnelle Hilfe durch den Fachbetrieb!<\/h4>\n<p>Warten Sie bitte nicht und verabreden Sie gleich jetzt einen Vor-Ort-Termin mit einem unserer routinierten Fachkr\u00e4fte. Ein kurzer Telefonanruf oder eine kurze eMail reichen! Bei einer Begutachtung direkt am betroffenen Objekt, nehmen wir den Schaden auf und erstellen anschlie\u00dfend ein Konzept f\u00fcr das nachhaltige Abdichten der betroffenen Stellen. Unsere Arbeit ist stets zweckbezogen: Selbstverst\u00e4ndlich flie\u00dfen auch wirtschaftliche Aspekte in unsere Entscheidungsfindung f\u00fcr das Abdichten Ihres Geb\u00e4udes mit ein. Komplett aus einer Hand: Unsere engagierten Fachkr\u00e4fte f\u00fchren s\u00e4mtliche notwendigen Arbeiten, die zum Abdichten dazugeh\u00f6ren zeitnah und verl\u00e4sslich aus. Schon seit langer Zeit ist unser Haus f\u00fcr eine hohe Fachkompetenz bekannt. Eine unserer Schwerpunkte liegt im Abdichten von Gesch\u00e4fts- und Wohngeb\u00e4uden. Setzen Sie auf Kompetenz und beauftragen Sie uns f\u00fcr das Abdichten von neuralgischen Stellen im Mauerwerk. Wir freuen uns darauf, auch Ihnen helfen zu k\u00f6nnen.<\/p>","popseo_links":"<a href=\"https:\/\/bautenschutz-keul.de\/angebote\/feuchtigkeit-bispingen\/\">Feuchtigkeit Bispingen<\/a>, <a href=\"https:\/\/bautenschutz-keul.de\/angebote\/feuchtigkeitsschaden-tostedt-sittensen\/\">Feuchtigkeitsschaden Tostedt Sittensen<\/a>, <a href=\"https:\/\/bautenschutz-keul.de\/angebote\/kellertrockenlegung-reinbek-aumuehle\/\">Kellertrockenlegung Reinbek Aum\u00fchle<\/a>, <a href=\"https:\/\/bautenschutz-keul.de\/angebote\/rissverpressung-maschen\/\">Rissverpressung Maschen<\/a>, <a href=\"https:\/\/bautenschutz-keul.de\/angebote\/bauwerksabdichtung-maschen\/\">Bauwerksabdichtung Maschen<\/a>, <a href=\"https:\/\/bautenschutz-keul.de\/angebote\/mauertrockenlegung-hanstedt\/\">Mauertrockenlegung Hanstedt<\/a>, <a href=\"https:\/\/bautenschutz-keul.de\/angebote\/kellersanierung-bispingen\/\">Kellersanierung Bispingen<\/a>, <a href=\"https:\/\/bautenschutz-keul.de\/angebote\/feuchte-mauer-seevetal-rosengarten\/\">Feuchte Mauer Seevetal Rosengarten<\/a>, <a href=\"https:\/\/bautenschutz-keul.de\/angebote\/zerstoerter-putz-winsen-luhe\/\">zerst\u00f6rter Putz Winsen Luhe<\/a>, <a href=\"https:\/\/bautenschutz-keul.de\/angebote\/kellersanierung-winsen-luhe\/\">Kellersanierung Winsen Luhe<\/a>, <a href=\"https:\/\/bautenschutz-keul.de\/angebote\/kellertrockenlegung-salzhausen\/\">Kellertrockenlegung Salzhausen<\/a>, <a href=\"https:\/\/bautenschutz-keul.de\/angebote\/kellertrockenlegung-brietlingen\/\">Kellertrockenlegung Brietlingen<\/a>, <a href=\"https:\/\/bautenschutz-keul.de\/angebote\/kellersanierung-glinde-sachsenwald\/\">Kellersanierung Glinde Sachsenwald<\/a>, <a href=\"https:\/\/bautenschutz-keul.de\/angebote\/kellertrockenlegung-uelzen\/\">Kellertrockenlegung Uelzen<\/a>, <a href=\"https:\/\/bautenschutz-keul.de\/angebote\/bauwerksabdichtung-geesthacht\/\">Bauwerksabdichtung Geesthacht<\/a>, <a href=\"https:\/\/bautenschutz-keul.de\/angebote\/schimmelbeseitigung-salzhausen\/\">Schimmelbeseitigung Salzhausen<\/a>, <a href=\"https:\/\/bautenschutz-keul.de\/angebote\/kellerabdichtung-buechen\/\">Kellerabdichtung B\u00fcchen<\/a>, <a href=\"https:\/\/bautenschutz-keul.de\/angebote\/zerstoerter-putz-bardowick\/\">zerst\u00f6rter Putz Bardowick<\/a>, <a href=\"https:\/\/bautenschutz-keul.de\/angebote\/feuchter-keller-glinde-sachsenwald\/\">Feuchter Keller Glinde Sachsenwald<\/a>, <a href=\"https:\/\/bautenschutz-keul.de\/angebote\/kellertrockenlegung-bergedorf-wentorf\/\">Kellertrockenlegung Bergedorf Wentorf<\/a>, <a href=\"https:\/\/bautenschutz-keul.de\/angebote\/salpeter-im-keller-tostedt-sittensen\/\">Salpeter im Keller Tostedt Sittensen<\/a>, <a href=\"https:\/\/bautenschutz-keul.de\/angebote\/innenabdichtung-geesthacht\/\">Innenabdichtung Geesthacht<\/a>, <a href=\"https:\/\/bautenschutz-keul.de\/angebote\/schimmel-buchholz-in-der-nordheide\/\">Schimmel Buchholz in der Nordheide<\/a>, <a href=\"https:\/\/bautenschutz-keul.de\/angebote\/schimmelsanierung-schwarzenbek\/\">Schimmelsanierung Schwarzenbek<\/a>, <a href=\"https:\/\/bautenschutz-keul.de\/angebote\/aussenabdichtung-harburg\/\">Au\u00dfenabdichtung Harburg<\/a>, <a href=\"https:\/\/bautenschutz-keul.de\/angebote\/feuchtigkeit-boizenburg\/\">Feuchtigkeit Boizenburg<\/a>, <a href=\"https:\/\/bautenschutz-keul.de\/angebote\/bauwerksabdichtung-reinbek-aumuehle\/\">Bauwerksabdichtung Reinbek Aum\u00fchle<\/a>, <a href=\"https:\/\/bautenschutz-keul.de\/angebote\/feuchtigkeitsschaden-boizenburg\/\">Feuchtigkeitsschaden Boizenburg<\/a>, <a href=\"https:\/\/bautenschutz-keul.de\/angebote\/salpeter-im-keller-brietlingen\/\">Salpeter im Keller Brietlingen<\/a>, <a href=\"https:\/\/bautenschutz-keul.de\/angebote\/kellerabdichtung-amt-neuhaus\/\">Kellerabdichtung Amt Neuhaus<\/a>"},"_links":{"self":[{"href":"https:\/\/bautenschutz-keul.de\/angebote\/wp-json\/wp\/v2\/pages\/230","targetHints":{"allow":["GET"]}}],"collection":[{"href":"https:\/\/bautenschutz-keul.de\/angebote\/wp-json\/wp\/v2\/pages"}],"about":[{"href":"https:\/\/bautenschutz-keul.de\/angebote\/wp-json\/wp\/v2\/types\/page"}],"author":[{"embeddable":true,"href":"https:\/\/bautenschutz-keul.de\/angebote\/wp-json\/wp\/v2\/users\/1"}],"replies":[{"embeddable":true,"href":"https:\/\/bautenschutz-keul.de\/angebote\/wp-json\/wp\/v2\/comments?post=230"}],"version-history":[{"count":0,"href":"https:\/\/bautenschutz-keul.de\/angebote\/wp-json\/wp\/v2\/pages\/230\/revisions"}],"wp:attachment":[{"href":"https:\/\/bautenschutz-keul.de\/angebote\/wp-json\/wp\/v2\/media?parent=230"}],"curies":[{"name":"wp","href":"https:\/\/api.w.org\/{rel}","templated":true}]}}