{"id":232,"date":"2021-09-13T08:43:43","date_gmt":"2021-09-13T06:43:43","guid":{"rendered":"https:\/\/bautenschutz-keul.de\/angebote\/feuchter-keller-schwarzenbek\/"},"modified":"2021-09-13T08:43:43","modified_gmt":"2021-09-13T06:43:43","slug":"feuchter-keller-schwarzenbek","status":"publish","type":"page","link":"https:\/\/bautenschutz-keul.de\/angebote\/feuchter-keller-schwarzenbek\/","title":{"rendered":"Feuchter Keller &#8211; Schwarzenbek"},"content":{"rendered":"<h3>Schnell und gr\u00fcndlich: Wir helfen bei der Sanierung Ihres feuchten Kellers<\/h3>\n<p>Ein feuchter Keller kann allemal negative Einfl\u00fcsse auf Wohlbefinden und Verfassung der Hausbewohner haben. Schimmelbildung und Sporen sind h\u00e4ufig der Grund f\u00fcr gesundheitliche Beeintr\u00e4chtigungen. Ein mehr als guter Grund dem feuchten Keller zu Leibe zu r\u00fccken. Ein feuchter Keller ist eine Aufgabe f\u00fcr den Experten. Nur ein perfekt geschulter Spezialist beherrscht die geeigneten Methoden, wie ein feuchter Keller unverz\u00fcglich und effektiv instandgesetzt werden kann. <\/p>\n<p>Ein feuchter Keller kann unbehandelt zu einem brisanten Problem werden. Eigent\u00fcmer sind immer wieder gut beraten, sich n\u00e4her \u00fcber eine Sanierung zu informieren, wenn sie feuchte Bereiche in Ihren Kellerr\u00e4umen entdeckt haben.<br \/>\nRechtzeitig registriert, braucht ein feuchter Keller nicht unbedingt umfangreiche und langwierige Sanierungsarbeiten ausl\u00f6sen. Mutma\u00dfliche Ursachen gibt es eine Menge.<\/p>\n<h3>Feuchter Keller: Unser Fachleute behebn den Schaden!<\/h3>\n<p>Regelm\u00e4\u00dfig liegt der Grund f\u00fcr einen feuchten Keller in einer nur mangelhaften Luftzufuhr. Auch undichte Abflussleitungen k\u00f6nnen die Ursache f\u00fcr einen feuchten Keller sein. Solcherlei Gr\u00fcnde sind erfahrungsgem\u00e4\u00df Ruck Zuck in Ordnung gebracht. Sehr viel schwieriger wird es, wenn festgestellt wird, dass die Feuchtigkeit von au\u00dfen in den Keller gelangt. Ein hoher Grundwasserpegel f\u00fchrt zum Beispiel dazu, dass N\u00e4sse in das Mauerwerk gelangt. Selbst H\u00e4user mit Hanglage sind bedroht f\u00fcr durchdringende Feuchtigkeit. In solchen F\u00e4llen kann es durchaus sein, dass st\u00e4rkere Gesch\u00fctze f\u00fcr eine wirksame Instandsetzung erwogen werden m\u00fcssen. Aber auch dann ist ein feuchter Keller kein unabwendbares \u00dcbel. Fragen Sie folglich am besten zuvor die Fachkr\u00e4fte unseres Betriebes, wenn Sie Feuchtigkeit in Ihren R\u00e4umen festgestellt haben. Bei einer Begutachtung unmittelbar bei Ihnen im Haus nehmen wir die Sch\u00e4den auf und machen Vorschl\u00e4ge f\u00fcr eine effektive Sanierung.<\/p>\n","protected":false},"excerpt":{"rendered":"<p>Schnell und gr\u00fcndlich: Wir helfen bei der Sanierung Ihres feuchten Kellers Ein feuchter Keller kann allemal negative Einfl\u00fcsse auf Wohlbefinden und Verfassung der Hausbewohner haben. Schimmelbildung und Sporen sind h\u00e4ufig der Grund f\u00fcr gesundheitliche Beeintr\u00e4chtigungen. Ein mehr als guter Grund dem feuchten Keller zu Leibe zu r\u00fccken. Ein feuchter Keller ist eine Aufgabe f\u00fcr den [&hellip;]<\/p>\n","protected":false},"author":1,"featured_media":0,"parent":0,"menu_order":0,"comment_status":"closed","ping_status":"closed","template":"","meta":{"footnotes":""},"class_list":["post-232","page","type-page","status-publish","hentry"],"meta_box":{"popseo_subtitel":"Feuchter Keller: Die Firma TK-Geb\u00e4udetechnik Thorsten Keul ist Ihr Experte in Schwarzenbek","popseo_subtitel2":"Feuchter Keller - wir beraten Sie gerne zur Sanierung!","popseo_lasttitel":"Feuchter Keller: D\u00fcrfen wir Ihre Fragen beantworten?","popseo_region":"Schwarzenbek","popseo_sachwort":"Feuchter Keller","popseo_noupdate":"","popseo_einleitungstext":"<p>Sie haben sich mit der Bauwerksabdichtung auseinandergesetzt, weil Ihr Haus feuchte Geb\u00e4udebereiche aufweist und Sie nach Methoden einer professionellen und vor allem wirksamen Sanierung Ausschau halten. Hervorragend, dass Sie unsere Homepage entdeckt haben. Nachfolgend m\u00f6chten wir Ihnen n\u00e4here Informationen zu unserem Leistungsspektrum geben. Sie lernen auf dieser Website unsere Firma n\u00e4her kennen. <\/p>\n<p>Unser Unternehmen ist ein qualifizierter und erfahrener Handwerksbetrieb mit Gesch\u00e4ftsssitz in Brietlingen bei L\u00fcneburg. Seit vielen Jahren schon sind wir Ihr Spezialist f\u00fcr alle Fragen rund um Geb\u00e4udeabdichtung. Wir setzen ausschlie\u00dflich effektive und praxisbew\u00e4hrte Sanierungsmethoden und -systeme ein. Als Sanierungsfachbetrieb blicken wir auf eine lange und intensive Berufserfahrung zur\u00fcck. Unsere gut geschulten Mitarbeiter informieren Sie gerne im Detail.<\/p>","popseo_schlusstext":"<p>Sie ben\u00f6tigen einen Spezialisten f\u00fcr die fachgerecht ausgef\u00fchrte Bauwerksabdichtung. Dann kontaktieren Sie uns bitte schnell. Wir freuen uns auf das Gespr\u00e4ch mit Ihnen. Wenn es um Sanierung geht, sind wir Ihr kompetenter Handwerkspartner. Wir garantieren eine einwandfrei ausgef\u00fchrte Arbeit nach dem jeweils aktuellsten Stand der Technik.<\/p>","popseo_stadttext":"<h3>Unser Wirkungskreis umfasst auch Schwarzenbek<\/h3>\n<p>Unser Gesch\u00e4ftsbereich umfasst auch Schwarzenbek. Durch unsere T\u00e4tigkeit haben wir uns einen guten \u00dcberblick \u00fcber die Stadtarchitektur der St\u00e4dte und Gemeinden unseres Vertriebsgebietes erarbeiten k\u00f6nnen. Wir f\u00fchlen uns der Region verpflichtet und sind stolz darauf, auch einen Anteil zur ausgezeichneten Infrastruktur der Stadt Schwarzenbek beizusteuern zu d\u00fcrfen.  <\/p>\n<h3>Wissenswertes \u00fcber Schwarzenbek<\/h3>\n<p>Die Kleinstadt Schwarzenbek z\u00e4hlt formaljuristisch zum schleswig-holsteinischen Landkreis Herzogtum Lauenburg. In Schwarzenbek wohnen ungef\u00e4hr 15.000 B\u00fcrger auf einer Gesamtfl\u00e4che von knapp 11 qkm. Schwarzenbek ist Verwaltungssitz des Amtes Schwarzenbek-Land. Schwarzenbek begeistert besonders durch seine sch\u00f6nen Wohnquartiere. Die Einzelhausbebauung dominiert in der lauenburgischen Kleinstadt ganz augenf\u00e4llig. Mehrgeschossige Wohnh\u00e4user sind in Schwarzenbek deutlich in der Minderheit.<\/p>\n<p>Die r\u00e4umliche N\u00e4he zur Metropole Hamburg ist ein besonderer Standortfaktor f\u00fcr den Ort. Lediglich in etwa 35 km liegt die norddeutsche Metropole von Schwarzenbek entfernt. F\u00fcr viele Pendler ist das ideal: Wer seinen Arbeitgeber in Hamburg hat, f\u00e4hrt nicht sehr lange bis zu seinem Wohnort Schwarzenbek. Das zumeist idyllische Leben auf dem Lande verkn\u00fcpft sich auf exzellente Weise mit den urbanen Vorz\u00fcgen der Gro\u00dfstadt.<br \/>\nEine gute Infrastruktur macht das Leben in Schwarzenbek besonders f\u00fcr junge Familien interessant. Die Stadt ist Teil vom Hamburger Verkehrsverbund (HVV). Mit der Bahn erreicht man Schwarzenbek \u00fcber die Bahnverbindung Hamburg-Berlin. Zum Hamburger Hauptbahnhof braucht man knapp 20 Minuten. <\/p>\n<h3>Schwarzenbek \u2013 ein attraktiver Wohnort<\/h3>\n<p>Die Stadt Schwarzenbek wurde unl\u00e4ngst mit dem sogenannten Europapreis ausgezeichnet. Der Preis wird St\u00e4dten verliehen, die sich sich besonders intensiv f\u00fcr die Ausbreitung des europ\u00e4ischen Gedankens verdient gemacht haben. Schwarzenbek tr\u00e4gt den Ehrentitel \u201eEuropastadt\u201c mit Stolz.<br \/>\nWegen der zentralen Lage im Kreis Herzogtum-Lauenburg wird Schwarzenbek zuweilen auch \u201eStadt der Mitte\u201c genannt. Schwarzenbek war \u00fcbrigens eine der ersten Gemeinden in Norddeutschland, die auf der Ortsbeschilderung den Stadtnamen auch auf Plattdeutsch geschrieben haben. Eine charmante Idee, die zwischenzeitlich zahlreiche Nachahmer gefunden hat. <\/p>\n<h4>Privat- und Gesch\u00e4ftskunden aus Schwarzenbek sch\u00e4tzen unsere Leistungen!<\/h4>\n<p>Sehr gerne \u00fcbernehmen wir auch Arbeiten in Schwarzenbek und Umgebung. D\u00fcrfen wir Sie detailliert beraten? Rufen Sie uns an oder schreiben Sie uns eine Email. Wir freuen uns auf das Gespr\u00e4ch mit Ihnen! Das Team unseres Fachbetriebes ist eingespielt und arbeitet perfekt \u201eHand in Hand\u201c.<\/p>","popseo_zusatztext":"<h3>Sanieren: Wir versprechen Ihnen eine erstklassige Arbeit!<\/h3>\n<p>Sie planen eine Wand, einen Keller oder sogar ein gesamtes Bauwerk zu sanieren? Super, denn dann sind Sie bei uns genau an der korrekten Stelle. Wir sind Ihr kompetenter Partner f\u00fcr s\u00e4mtliche Fragen rund um das Sanieren von Geb\u00e4uden.  Ob feuchte Keller, nasse W\u00e4nde oder die Sanierung ausgedehnter Feuchtesch\u00e4den: Als spezialisierte Fachfirma geh\u00f6rt das Sanieren zu unseren allt\u00e4glichen T\u00e4tigkeiten. Wir gehen dem Schadensfall sorgf\u00e4ltig auf den Grund. Vor der konkreten Sanierung muss selbstverst\u00e4ndlich die Ursachenforschung stehen. Erst wenn man den tats\u00e4chlichen Grund f\u00fcr einen entstandenen Schadensfall kennt, kann man sinnvollerweise mit dem Sanieren starten. Auch sieht man erst nach einer exakten Analyse den Umfang, den das Sanieren eines Bauk\u00f6rpers beanspruchen wird.<\/p>\n<p>Verabreden Sie doch gleich einmal einen unverbindlichen Besprechungstermin mit einem unserer sehr gut geschulten Mitarbeiter. Anruf oder auch Email gen\u00fcgen! Bei einer Begutachtung direkt am Objekt nehmen wir die Besch\u00e4digung auf und unterbreiten Vorschl\u00e4ge f\u00fcr das zweckgerichtete Sanieren. So viel wie n\u00f6tig, so wenig wie m\u00f6glich: Auch \u00f6konomische Aspekte flie\u00dfen in unsere Entscheidungsfindung f\u00fcr das Sanieren Ihres Geb\u00e4udes mit ein. <\/p>\n<h4>Sanieren: Schnelle Hilfe durch den Fachbetrieb!<\/h4>\n<p>Selbstverst\u00e4ndlich f\u00fchren unsere geschulten Spezialisten alle notwendigen Arbeiten, die zum Sanieren geh\u00f6ren schnell und zuverl\u00e4ssig aus. Unsere Firma ist seit mehreren Jahren f\u00fcr eine hohe Kompetenz beim Sanieren bekannt. Der Sanierung von Wohn- und Gesch\u00e4ftsgeb\u00e4uden haben wir uns gewidmet. Setzen Sie auf Routine und \u00fcberlassen Sie das Sanieren Ihres Geb\u00e4udes unserer Firma. Wir freuen uns darauf, auch Ihnen helfen zu k\u00f6nnen.<\/p>","popseo_links":"<a href=\"https:\/\/bautenschutz-keul.de\/angebote\/horizontalsperre-bergedorf-wentorf\/\">Horizontalsperre Bergedorf Wentorf<\/a>, <a href=\"https:\/\/bautenschutz-keul.de\/angebote\/schimmel-jesteburg\/\">Schimmel Jesteburg<\/a>, <a href=\"https:\/\/bautenschutz-keul.de\/angebote\/kellersanierung-bad-bevensen\/\">Kellersanierung Bad Bevensen<\/a>, <a href=\"https:\/\/bautenschutz-keul.de\/angebote\/feuchtigkeitsschaden-reppenstedt\/\">Feuchtigkeitsschaden Reppenstedt<\/a>, <a href=\"https:\/\/bautenschutz-keul.de\/angebote\/kellertrockenlegung-lueneburg\/\">Kellertrockenlegung L\u00fcneburg<\/a>, <a href=\"https:\/\/bautenschutz-keul.de\/angebote\/schimmelsanierung-maschen\/\">Schimmelsanierung Maschen<\/a>, <a href=\"https:\/\/bautenschutz-keul.de\/angebote\/feuchte-wand-adendorf\/\">Feuchte Wand Adendorf<\/a>, <a href=\"https:\/\/bautenschutz-keul.de\/angebote\/kellersanierung-ebstorf\/\">Kellersanierung Ebstorf<\/a>, <a href=\"https:\/\/bautenschutz-keul.de\/angebote\/salpeter-im-keller-glinde-sachsenwald\/\">Salpeter im Keller Glinde Sachsenwald<\/a>, <a href=\"https:\/\/bautenschutz-keul.de\/angebote\/schimmelsanierung-bardowick\/\">Schimmelsanierung Bardowick<\/a>, <a href=\"https:\/\/bautenschutz-keul.de\/angebote\/feuchte-mauer-maschen\/\">Feuchte Mauer Maschen<\/a>, <a href=\"https:\/\/bautenschutz-keul.de\/angebote\/feuchtigkeit-glinde-sachsenwald\/\">Feuchtigkeit Glinde Sachsenwald<\/a>, <a href=\"https:\/\/bautenschutz-keul.de\/angebote\/mauertrockenlegung-reppenstedt\/\">Mauertrockenlegung Reppenstedt<\/a>, <a href=\"https:\/\/bautenschutz-keul.de\/angebote\/bauwerksabdichtung-salzhausen\/\">Bauwerksabdichtung Salzhausen<\/a>, <a href=\"https:\/\/bautenschutz-keul.de\/angebote\/feuchte-mauer-glinde-sachsenwald\/\">Feuchte Mauer Glinde Sachsenwald<\/a>, <a href=\"https:\/\/bautenschutz-keul.de\/angebote\/aufsteigende-feuchtigkeit-salzhausen\/\">aufsteigende Feuchtigkeit Salzhausen<\/a>, <a href=\"https:\/\/bautenschutz-keul.de\/angebote\/aussenabdichtung-reppenstedt\/\">Au\u00dfenabdichtung Reppenstedt<\/a>, <a href=\"https:\/\/bautenschutz-keul.de\/angebote\/salpeter-im-keller-lueneburg\/\">Salpeter im Keller L\u00fcneburg<\/a>, <a href=\"https:\/\/bautenschutz-keul.de\/angebote\/feuchte-mauer-brietlingen\/\">Feuchte Mauer Brietlingen<\/a>, <a href=\"https:\/\/bautenschutz-keul.de\/angebote\/kellerabdichtung-ebstorf\/\">Kellerabdichtung Ebstorf<\/a>, <a href=\"https:\/\/bautenschutz-keul.de\/angebote\/kellerabdichtung-herzogtum-lauenburg\/\">Kellerabdichtung Herzogtum Lauenburg<\/a>, <a href=\"https:\/\/bautenschutz-keul.de\/angebote\/kellersanierung-maschen\/\">Kellersanierung Maschen<\/a>, <a href=\"https:\/\/bautenschutz-keul.de\/angebote\/aussenabdichtung-bienenbuettel\/\">Au\u00dfenabdichtung Bienenb\u00fcttel<\/a>, <a href=\"https:\/\/bautenschutz-keul.de\/angebote\/zerstoerter-putz-reinbek-aumuehle\/\">zerst\u00f6rter Putz Reinbek Aum\u00fchle<\/a>, <a href=\"https:\/\/bautenschutz-keul.de\/angebote\/aufsteigende-feuchtigkeit-seevetal-rosengarten\/\">aufsteigende Feuchtigkeit Seevetal Rosengarten<\/a>, <a href=\"https:\/\/bautenschutz-keul.de\/angebote\/kellertrockenlegung-bienenbuettel\/\">Kellertrockenlegung Bienenb\u00fcttel<\/a>, <a href=\"https:\/\/bautenschutz-keul.de\/angebote\/schimmelbeseitigung-winsen-luhe\/\">Schimmelbeseitigung Winsen Luhe<\/a>, <a href=\"https:\/\/bautenschutz-keul.de\/angebote\/feuchter-keller-boizenburg\/\">Feuchter Keller Boizenburg<\/a>, <a href=\"https:\/\/bautenschutz-keul.de\/angebote\/aussenabdichtung-bad-bevensen\/\">Au\u00dfenabdichtung Bad Bevensen<\/a>, <a href=\"https:\/\/bautenschutz-keul.de\/angebote\/feuchte-mauer-ebstorf\/\">Feuchte Mauer Ebstorf<\/a>"},"_links":{"self":[{"href":"https:\/\/bautenschutz-keul.de\/angebote\/wp-json\/wp\/v2\/pages\/232","targetHints":{"allow":["GET"]}}],"collection":[{"href":"https:\/\/bautenschutz-keul.de\/angebote\/wp-json\/wp\/v2\/pages"}],"about":[{"href":"https:\/\/bautenschutz-keul.de\/angebote\/wp-json\/wp\/v2\/types\/page"}],"author":[{"embeddable":true,"href":"https:\/\/bautenschutz-keul.de\/angebote\/wp-json\/wp\/v2\/users\/1"}],"replies":[{"embeddable":true,"href":"https:\/\/bautenschutz-keul.de\/angebote\/wp-json\/wp\/v2\/comments?post=232"}],"version-history":[{"count":0,"href":"https:\/\/bautenschutz-keul.de\/angebote\/wp-json\/wp\/v2\/pages\/232\/revisions"}],"wp:attachment":[{"href":"https:\/\/bautenschutz-keul.de\/angebote\/wp-json\/wp\/v2\/media?parent=232"}],"curies":[{"name":"wp","href":"https:\/\/api.w.org\/{rel}","templated":true}]}}