{"id":233,"date":"2021-09-13T08:43:43","date_gmt":"2021-09-13T06:43:43","guid":{"rendered":"https:\/\/bautenschutz-keul.de\/angebote\/feuchter-keller-seevetal-rosengarten\/"},"modified":"2021-09-13T08:43:43","modified_gmt":"2021-09-13T06:43:43","slug":"feuchter-keller-seevetal-rosengarten","status":"publish","type":"page","link":"https:\/\/bautenschutz-keul.de\/angebote\/feuchter-keller-seevetal-rosengarten\/","title":{"rendered":"Feuchter Keller &#8211; Seevetal Rosengarten"},"content":{"rendered":"<h3>Feuchter Keller: Wir sind kompetent und erfahren bei der Sanierung<\/h3>\n<p>Ein feuchter Keller kann allemal negative Effekte auf Wohlbefinden und Verfassung der Geb\u00e4udebewohner haben. Schimmelbildung und Sporen sind oft die Erkl\u00e4rung f\u00fcr gesundheitliche St\u00f6rungen. Ein zus\u00e4tzlicher Anlass dem feuchten Keller zu Leibe zu gehen. Ein feuchter Keller ist ein Fall f\u00fcr den Fachbetrieb. Nur ein hervorragend geschulter Experte beherrscht die wirksamen Methoden, wie ein feuchter Keller schleunigst und effektiv saniert werden kann. <\/p>\n<p>Ein feuchter Keller kann unbehandelt zum schwerwiegenden Problem werden. Eigent\u00fcmer sind diesbez\u00fcglich bestens beraten, sich gr\u00fcndlich \u00fcber Sanierungsm\u00f6glichkeiten zu informieren, f\u00fcr den Fall das sie nasse Stellen in Ihren Kellerr\u00e4umen lokalisiert haben.<br \/>\nFr\u00fch bemerkt, braucht ein feuchter Keller nicht unbedingt schwerwiegende und andauernde Instandsetzungsarbeiten zur Folge haben. Mutma\u00dfliche Ausl\u00f6ser gibt es viele.<\/p>\n<h3>Feuchter Keller: Fragen Sie den Sanierungsprofi!<\/h3>\n<p>Oftmals liegt die Ursache f\u00fcr einen feuchten Keller in einer nur ungen\u00fcgenden Bel\u00fcftung. Auch por\u00f6se Wasserrohre m\u00f6gen der Grund f\u00fcr einen feuchten Keller sein. Solcherlei Ursachen sind erfahrungsgem\u00e4\u00df Ruck Zuck in Ordnung gebracht. Sehr viel schwieriger wird es, sobald festgestellt wird, dass die Feuchtigkeit von au\u00dferhalb in den Keller dringt. Ein gestiegener Grundwasserpegel f\u00fchrt z.B. dazu, dass Feuchtigkeit in das Mauerwerk gelangt. Ebenfalls Geb\u00e4ude mit Hanglage sind gef\u00e4hrdet f\u00fcr eindringende N\u00e4sse. Hier kann es durchaus sein, dass m\u00e4chtigere Gesch\u00fctze f\u00fcr eine langanhaltende Sanierung erwogen werden m\u00fcssen. Aber auch in dem Fall ist ein feuchter Keller kein unausweichliches \u00dcbel. Fragen Sie daher am besten erst die Fachkr\u00e4fte unseres Unternehmens, wenn Sie N\u00e4sse in Ihren R\u00e4umlichkeiten festgestellt haben. Bei einer Begutachtung direkt bei Ihnen im Haus nehmen wir die Sch\u00e4den auf und machen Empfehlungen f\u00fcr eine effektive Sanierung.<\/p>\n","protected":false},"excerpt":{"rendered":"<p>Feuchter Keller: Wir sind kompetent und erfahren bei der Sanierung Ein feuchter Keller kann allemal negative Effekte auf Wohlbefinden und Verfassung der Geb\u00e4udebewohner haben. Schimmelbildung und Sporen sind oft die Erkl\u00e4rung f\u00fcr gesundheitliche St\u00f6rungen. Ein zus\u00e4tzlicher Anlass dem feuchten Keller zu Leibe zu gehen. Ein feuchter Keller ist ein Fall f\u00fcr den Fachbetrieb. Nur ein [&hellip;]<\/p>\n","protected":false},"author":1,"featured_media":0,"parent":0,"menu_order":0,"comment_status":"closed","ping_status":"closed","template":"","meta":{"footnotes":""},"class_list":["post-233","page","type-page","status-publish","hentry"],"meta_box":{"popseo_subtitel":"Feuchter Keller: Die Firma TK-Geb\u00e4udetechnik Thorsten Keul ist Ihr Fachunternehmen im Raum Seevetal Rosengarten","popseo_subtitel2":"Feuchter Keller - Sanierung f\u00fcr Kunden aus Norddeutschland","popseo_lasttitel":"Feuchter Keller: F\u00fcr weitere Informationen sprechen Sie uns bitte an","popseo_region":"Seevetal Rosengarten","popseo_sachwort":"Feuchter Keller","popseo_noupdate":"","popseo_einleitungstext":"<p>Sie wollen Ihre Gesch\u00e4fts- oder Wohnimmobilie sanieren lassen und m\u00f6chten sich \u00fcber wirksame Sanierungsmethoden informieren? Klasse, dann sind Sie bei uns goldrichtig. Als auf die Haussanierung spezialisiertes Unternehmen, \u00fcbernehmen wir gerne Arbeiten im Bereich Abdichtung und Trockenlegung.  <\/p>\n<p>Erfahren sind wir bei der Bauwerksabdichtung und dar\u00fcber hinaus bei der Schimmelbek\u00e4mpfung, bei der Rissverpressung und bei der Kellersanierung. Wir kennen uns mit der zeitgem\u00e4\u00dfen Sanierung von Bestandsimmobilien und Neubauten bestens aus. Auf unserer Website stellen wir Ihnen unser Unternehmen und das komplette Leistungsspektrum n\u00e4her vor. Ihr Interesse freut uns sehr.<\/p>","popseo_schlusstext":"<p>Sehr gerne informieren wir Sie n\u00e4her \u00fcber unser Aufgabenfeld. Wir pr\u00e4sentieren Ihnen mit Vergn\u00fcgen auch ein paar Projekte, die Ihnen einen Einblick in unsere Firment\u00e4tigkeit geben.<br \/>\nWir sind f\u00fcr Sie da. Rufen Sie uns doch rasch einmal an oder senden Sie uns eine schnelle E-Mail. Wir freuen uns auf Sie.<\/p>","popseo_stadttext":"<h3>Anfragen erhalten wir auch aus Rosengarten und Seevetal<\/h2>\n<p>Unser Gesch\u00e4ftsbereich umfasst auch Rosengarten und Seevetal. Durch unsere Gesch\u00e4ftst\u00e4tigkeit haben wir uns einen guten \u00dcberblick \u00fcber die Architektur der Gemeinden und St\u00e4dte unseres Vertriebsgebietes erarbeiten k\u00f6nnen. Wir f\u00fchlen uns der Region verpflichtet und sind stolz darauf, unseren Anteil zur guten Infrastruktur der Gemeinden beizusteuern zu k\u00f6nnen.  <\/p>\n<h3>Wissenswertes \u00fcber Seevetal und Rosengarten<\/h3>\n<p>Die Gemeinde Seevetal liegt im S\u00fcden von Hamburg im nieders\u00e4chsischen Landkreis Harburg. Im Jahre 1972 schlossen sich insgesamt 19 ehemals selbst\u00e4ndige Gemeinden zur Gesamtgemeinde Seevetal zusammen. Durch den Zusammenschluss gilt Seevetal mit mehr als 42.000 Anwohnern als die gr\u00f6\u00dfte Gemeinde der Bundesrepublik Deutschland. Trotz der noch kurzen Geschichte, sehen einige der einstmals autonomen Gemeindeteile auf eine \u00e4u\u00dferst lange Tradition zur\u00fcck. Die Ortschronik von Seevetal berichtet davon, dass der Ortsteil Ramelsloh schon anno 845 erstmalig urkundlich genannt wurde. Die gute Bev\u00f6lkerungsentwicklung der Gemeinde Seevetal erkl\u00e4rt sich auch durch die verkehrstechnisch g\u00fcnstige Lage. Die N\u00e4he zur Metropole Hamburg macht Seevetal f\u00fcr Berufspendler attraktiv. Das Arbeiten in der Metropole und das Leben im eher l\u00e4ndlich wirkenden Bereich, gehen in Seevetal eine gewinnbringende Verbindung ein. <\/p>\n<h4>Seevetal und Rosengarten \u2013 beliebt bei jungen Familien<\/h4>\n<p>Der Gewerbestandort Seevetal ist f\u00fcr viele Betrieben von gro\u00dfer Anziehungskraft. Seevetal liegt zwischen f\u00fcnf Schnellstra\u00dfen. Die verkehrstechnisch herausragende Lage garantiert sowohl eine sehr gute Erreichbarkeit als auch einen raschen G\u00fcterverkehr. Wirtschaftsf\u00f6rderung genie\u00dft in Seevetal Priorit\u00e4t. Die Gemeinde f\u00f6rdert proaktiv und unb\u00fcrokratisch die Gewerbeansiedlung. Seevetal ist Teil vom Hamburger Verkehrsverbund (HVV). Auf dem Schienenweg erreicht man den Ortsteil Hittfeld mit dem Metronom \u00fcber die Streckenverbindung HH-Harburg-Buchholz-Tostedt. Die zu Seevetal geh\u00f6renden Gemeindeteile Meckelfeld und Maschen sind an das Streckennetz HH-Harburg-Winsen-L\u00fcneburg angeschlossen.  <\/p>\n<p>Die Region Seevetal zeichnet sich durch einen hohen Wohnwert aus. Eine ausgezeichnete Infrastruktur macht das Leben in Seevetal besonders f\u00fcr junge Familien reizvoll. Durch die gesunde und best\u00e4ndig wachsende Wirtschaft in Seevetal wird von den Gemeindeoberen auch ein besonderer Schwerpunkt auf die Attraktivit\u00e4t des Wohnortes Seevetal gelegt. In den 19 Einzelgemeinden von Seevetal findet man mehr als genug Baugrund f\u00fcr private Bauherren.<\/p>\n<p>\u00c4hnlich attraktiv zeigt sich Rosengarten. Die Gemeinde liegt etwa rund 15 Kilometer von Seevetal entfernt. \u00dcber 13.000 Anwohner wohnen in dem idyllischen Ort, der sich \u00fcber eine Fl\u00e4che von in etwa 63 qkm erstreckt. Rosengarten grenzt an die Hamburger Stadtteile Heimfeld, Hausbruch und Marmstorf. Das eher beschauliche Leben auf dem Lande kombiniert sich in Rosengarten auf exzellente Weise mit den vielf\u00e4ltigen Angeboten der nahen Gro\u00dfstadt. Seevetal und Rosengarten verf\u00fcgen \u00fcber zahlreiche beruhigte Wohnquartiere, die besonders von einer angenehmen Einzelhausbebauung gepr\u00e4gt sind. <\/p>\n<h4>Privat- und Gesch\u00e4ftskunden aus Seevetal und Rosengarten sch\u00e4tzen unsere Leistungen!<\/h4>\n<p>Sie leben in Seevetal oder Rosengarten und interessieren sich f\u00fcr unser Leistungsangebot. Prima, dass Sie diese Seite gefunden haben. F\u00fcr R\u00fcckfragen sind wir jederzeit f\u00fcr Sie da. Auf Ihre Anfragen freuen wir uns.<\/p>","popseo_zusatztext":"<h3>Beim Abdichten sind wir Profi<\/h3>\n<p>Sie haben einen Feuchteschaden festgestellt und m\u00fcssen die entsprechenden W\u00e4nde nun z\u00fcgig abdichten. Sch\u00f6n, dass Sie uns gefunden haben! Als erfahrenes Fachunternehmen der Baubranche kennen wir uns allerbestens aus mit dem Abdichten von Mauern, Kellern oder W\u00e4nden.  <\/p>\n<p>N\u00e4ssesch\u00e4den sind unsere Fachkompetenz: F\u00fcr unseren Betrieb geh\u00f6rt das Abdichten von W\u00e4nden, Kellern oder Mauern zur t\u00e4glichen Arbeit. Wir gehen der Ursache f\u00fcr den N\u00e4sseeintritt gr\u00fcndlich auf den Grund. Vor dem eigentlichen Abdichten muss als Erstes die Ursachenfindung stehen. Erst wenn man den tats\u00e4chlichen Grund f\u00fcr eine Durchn\u00e4ssung ermittelt hat, kann man mit dem Abdichten anfangen. Die Analyse gibt die Richtung vor, den das Abdichten eines Bauk\u00f6rpers beinhalten muss.  <\/p>\n<h4>Abdichten \u2013 wir helfen schnell und unkompliziert!<\/h4>\n<p>Z\u00f6gern Sie bitte nicht und verabreden Sie gleich einen Termin mit einem unserer routinierten Mitarbeiter. Ein kurzer Telefonanruf oder eine kurze eMail gen\u00fcgen! Bei einer Bestandsaufnahme direkt am betroffenen Objekt, nehmen wir den Schaden auf und erstellen daraufhin ein Konzept f\u00fcr das nachhaltige Abdichten der gesch\u00e4digten Bereiche. Unsere Arbeit ist stets zweckorientiert: Nat\u00fcrlich flie\u00dfen auch monet\u00e4re \u00dcberlegungen in unsere Entscheidungsfindung f\u00fcr das Abdichten Ihres Geb\u00e4udes mit ein. Alles aus einer Hand: Unsere engagierten Angestellten f\u00fchren alle erforderlichen T\u00e4tigkeiten, die zum Abdichten geh\u00f6ren schnell und verl\u00e4sslich aus. Bereits seit langer Zeit ist unser Unternehmen f\u00fcr eine hohe Fachkompetenz bekannt. Eine unserer Schwerpunkte liegt im Abdichten von Wohn- und Gesch\u00e4ftsgeb\u00e4uden. Setzen Sie auf Kompetenz und beauftragen Sie unsere Firma f\u00fcr das Abdichten von neuralgischen Bereichen im Mauerwerk. Wir freuen uns darauf, auch Ihnen helfen zu k\u00f6nnen.<\/p>","popseo_links":"<a href=\"https:\/\/bautenschutz-keul.de\/angebote\/feuchtigkeit-maschen\/\">Feuchtigkeit Maschen<\/a>, <a href=\"https:\/\/bautenschutz-keul.de\/angebote\/schimmelsanierung-bad-bevensen\/\">Schimmelsanierung Bad Bevensen<\/a>, <a href=\"https:\/\/bautenschutz-keul.de\/angebote\/aufsteigende-feuchtigkeit-ebstorf\/\">aufsteigende Feuchtigkeit Ebstorf<\/a>, <a href=\"https:\/\/bautenschutz-keul.de\/angebote\/innenabdichtung-tostedt-sittensen\/\">Innenabdichtung Tostedt Sittensen<\/a>, <a href=\"https:\/\/bautenschutz-keul.de\/angebote\/feuchter-keller-bergedorf-wentorf\/\">Feuchter Keller Bergedorf Wentorf<\/a>, <a href=\"https:\/\/bautenschutz-keul.de\/angebote\/schimmelbeseitigung-amt-neuhaus\/\">Schimmelbeseitigung Amt Neuhaus<\/a>, <a href=\"https:\/\/bautenschutz-keul.de\/angebote\/innenabdichtung-bardowick\/\">Innenabdichtung Bardowick<\/a>, <a href=\"https:\/\/bautenschutz-keul.de\/angebote\/horizontalsperre-amt-neuhaus\/\">Horizontalsperre Amt Neuhaus<\/a>, <a href=\"https:\/\/bautenschutz-keul.de\/angebote\/schimmel-glinde-sachsenwald\/\">Schimmel Glinde Sachsenwald<\/a>, <a href=\"https:\/\/bautenschutz-keul.de\/angebote\/feuchter-keller-schwarzenbek\/\">Feuchter Keller Schwarzenbek<\/a>, <a href=\"https:\/\/bautenschutz-keul.de\/angebote\/horizontalsperre-bardowick\/\">Horizontalsperre Bardowick<\/a>, <a href=\"https:\/\/bautenschutz-keul.de\/angebote\/feuchter-keller-glinde-sachsenwald\/\">Feuchter Keller Glinde Sachsenwald<\/a>, <a href=\"https:\/\/bautenschutz-keul.de\/angebote\/zerstoerter-putz-herzogtum-lauenburg\/\">zerst\u00f6rter Putz Herzogtum Lauenburg<\/a>, <a href=\"https:\/\/bautenschutz-keul.de\/angebote\/mauertrockenlegung-uelzen\/\">Mauertrockenlegung Uelzen<\/a>, <a href=\"https:\/\/bautenschutz-keul.de\/angebote\/horizontalsperre-geesthacht\/\">Horizontalsperre Geesthacht<\/a>, <a href=\"https:\/\/bautenschutz-keul.de\/angebote\/schimmelbeseitigung-geesthacht\/\">Schimmelbeseitigung Geesthacht<\/a>, <a href=\"https:\/\/bautenschutz-keul.de\/angebote\/zerstoerter-putz-schwarzenbek\/\">zerst\u00f6rter Putz Schwarzenbek<\/a>, <a href=\"https:\/\/bautenschutz-keul.de\/angebote\/rissverpressung-stelle\/\">Rissverpressung Stelle<\/a>, <a href=\"https:\/\/bautenschutz-keul.de\/angebote\/schimmelsanierung-bardowick\/\">Schimmelsanierung Bardowick<\/a>, <a href=\"https:\/\/bautenschutz-keul.de\/angebote\/salpeter-im-keller-boizenburg\/\">Salpeter im Keller Boizenburg<\/a>, <a href=\"https:\/\/bautenschutz-keul.de\/angebote\/schimmelsanierung-adendorf\/\">Schimmelsanierung Adendorf<\/a>, <a href=\"https:\/\/bautenschutz-keul.de\/angebote\/feuchte-mauer-reppenstedt\/\">Feuchte Mauer Reppenstedt<\/a>, <a href=\"https:\/\/bautenschutz-keul.de\/angebote\/zerstoerter-putz-stelle\/\">zerst\u00f6rter Putz Stelle<\/a>, <a href=\"https:\/\/bautenschutz-keul.de\/angebote\/feuchte-wand-brietlingen\/\">Feuchte Wand Brietlingen<\/a>, <a href=\"https:\/\/bautenschutz-keul.de\/angebote\/kellertrockenlegung-salzhausen\/\">Kellertrockenlegung Salzhausen<\/a>, <a href=\"https:\/\/bautenschutz-keul.de\/angebote\/salpeter-im-keller-herzogtum-lauenburg\/\">Salpeter im Keller Herzogtum Lauenburg<\/a>, <a href=\"https:\/\/bautenschutz-keul.de\/angebote\/horizontalsperre-bienenbuettel\/\">Horizontalsperre Bienenb\u00fcttel<\/a>, <a href=\"https:\/\/bautenschutz-keul.de\/angebote\/schimmelsanierung-jesteburg\/\">Schimmelsanierung Jesteburg<\/a>, <a href=\"https:\/\/bautenschutz-keul.de\/angebote\/salpeter-im-keller-bienenbuettel\/\">Salpeter im Keller Bienenb\u00fcttel<\/a>, <a href=\"https:\/\/bautenschutz-keul.de\/angebote\/kellersanierung-glinde-sachsenwald\/\">Kellersanierung Glinde Sachsenwald<\/a>"},"_links":{"self":[{"href":"https:\/\/bautenschutz-keul.de\/angebote\/wp-json\/wp\/v2\/pages\/233","targetHints":{"allow":["GET"]}}],"collection":[{"href":"https:\/\/bautenschutz-keul.de\/angebote\/wp-json\/wp\/v2\/pages"}],"about":[{"href":"https:\/\/bautenschutz-keul.de\/angebote\/wp-json\/wp\/v2\/types\/page"}],"author":[{"embeddable":true,"href":"https:\/\/bautenschutz-keul.de\/angebote\/wp-json\/wp\/v2\/users\/1"}],"replies":[{"embeddable":true,"href":"https:\/\/bautenschutz-keul.de\/angebote\/wp-json\/wp\/v2\/comments?post=233"}],"version-history":[{"count":0,"href":"https:\/\/bautenschutz-keul.de\/angebote\/wp-json\/wp\/v2\/pages\/233\/revisions"}],"wp:attachment":[{"href":"https:\/\/bautenschutz-keul.de\/angebote\/wp-json\/wp\/v2\/media?parent=233"}],"curies":[{"name":"wp","href":"https:\/\/api.w.org\/{rel}","templated":true}]}}