{"id":235,"date":"2021-09-13T08:43:43","date_gmt":"2021-09-13T06:43:43","guid":{"rendered":"https:\/\/bautenschutz-keul.de\/angebote\/feuchter-keller-tostedt-sittensen\/"},"modified":"2021-09-13T08:43:43","modified_gmt":"2021-09-13T06:43:43","slug":"feuchter-keller-tostedt-sittensen","status":"publish","type":"page","link":"https:\/\/bautenschutz-keul.de\/angebote\/feuchter-keller-tostedt-sittensen\/","title":{"rendered":"Feuchter Keller &#8211; Tostedt Sittensen"},"content":{"rendered":"<h3>Feuchter Keller \u2013 wir helfen schnell und unkompliziert!<\/h3>\n<p>Ein feuchter Keller kann auf jeden Fall ung\u00fcnstige Effekte auf Wohlbefinden und Verfassung der Hausbewohner haben. Schimmelbildung und Sporenablagerungen sind nicht selten die Erkl\u00e4rung f\u00fcr gesundheitliche St\u00f6rungen. Ein zus\u00e4tzlicher Anlass dem feuchten Keller auf den Pelz zu f\u00fchlen. Ein feuchter Keller ist ein Job f\u00fcr den Profi. Nur ein gut geschulter Experte beherrscht die zweckm\u00e4\u00dfigen Methoden, wie ein feuchter Keller sofort und erfolgreich instandgesetzt werden kann. <\/p>\n<p>Ein feuchter Keller kann unbehandelt zu einem ernsthaften Thema werden. Hauseigent\u00fcmer sind entsprechend sehr gut beraten, sich detailliert \u00fcber Sanierungsm\u00f6glichkeiten zu erkundigen, wenn sie durchn\u00e4sste Bereiche in Ihrem Keller aufgesp\u00fcrt haben.<br \/>\nFr\u00fchzeitig entdeckt, braucht ein feuchter Keller nicht unbedingt umfangreiche und andauernde Instandsetzungsarbeiten ausl\u00f6sen. Wahrscheinliche Ursachen gibt es eine Menge.<\/p>\n<h3>Feuchter Keller: Fragen Sie den Sanierungsprofi!<\/h3>\n<p>Vielfach liegt die Ursache f\u00fcr einen feuchten Keller in einer nur mangelhaften Bel\u00fcftung. Auch por\u00f6se Abflussleitungen d\u00fcrften die Ursache f\u00fcr einen feuchten Keller sein. Solcherlei Gr\u00fcnde sind \u00fcblicherweise umgehend bereinigt. Erkennbar schwieriger wird es, wenn diagnostiziert wird, dass die Feuchtigkeit von au\u00dfen in den Keller gelangt. Ein h\u00f6herer Grundwasserspiegel f\u00fchrt beispielsweise dazu, dass N\u00e4sse in die Mauer zieht. Auch H\u00e4user mit Hanglage sind gef\u00e4hrdet f\u00fcr eindringende Feuchtigkeit. In solchen F\u00e4llen kann es absolut sein, dass st\u00e4rkere Gesch\u00fctze f\u00fcr eine wirksame Instandsetzung aufgefahren werden m\u00fcssen. Jedoch auch dann ist ein feuchter Keller kein unweigerliches \u00dcbel. Fragen Sie deshalb am besten als erstes die Profis unseres Betriebes, falls Sie Feuchtigkeit in Ihren R\u00e4umlichkeiten entdeckt haben. Bei einer Begehung unmittelbar bei Ihnen vor Ort nehmen wir die Sch\u00e4den auf und unterbreiten Ratschl\u00e4ge f\u00fcr eine anhaltende Sanierung.<\/p>\n","protected":false},"excerpt":{"rendered":"<p>Feuchter Keller \u2013 wir helfen schnell und unkompliziert! Ein feuchter Keller kann auf jeden Fall ung\u00fcnstige Effekte auf Wohlbefinden und Verfassung der Hausbewohner haben. Schimmelbildung und Sporenablagerungen sind nicht selten die Erkl\u00e4rung f\u00fcr gesundheitliche St\u00f6rungen. Ein zus\u00e4tzlicher Anlass dem feuchten Keller auf den Pelz zu f\u00fchlen. Ein feuchter Keller ist ein Job f\u00fcr den Profi. [&hellip;]<\/p>\n","protected":false},"author":1,"featured_media":0,"parent":0,"menu_order":0,"comment_status":"closed","ping_status":"closed","template":"","meta":{"footnotes":""},"class_list":["post-235","page","type-page","status-publish","hentry"],"meta_box":{"popseo_subtitel":"Feuchter Keller: Wir sind Ihr Experte in Tostedt Sittensen","popseo_subtitel2":"Feuchter Keller - wir helfen Ihnen gerne!","popseo_lasttitel":"Feuchter Keller: Unsere Experten beantworten Ihre Fragen","popseo_region":"Tostedt Sittensen","popseo_sachwort":"Feuchter Keller","popseo_noupdate":"","popseo_einleitungstext":"<p>Sie haben sich mit dem Thema Bauwerksabdichtung besch\u00e4ftigt, da Ihr Haus feuchte Geb\u00e4udebereiche aufweist und Sie nach M\u00f6glichkeiten einer professionellen und vor allem wirksamen Sanierung Ausschau halten. Ausgezeichnet, dass Sie unsere Website entdeckt haben. Nachfolgend d\u00fcrfen wir Ihnen n\u00e4here Informationen zu unserem Leistungsangebot geben. Sie lernen auf dieser Website unsere Firma etwas n\u00e4her kennen. <\/p>\n<p>Die Firma TK-Geb\u00e4udetechnik Thorsten Keul ist ein qualifizierter und erfahrener Handwerksbetrieb mit Sitz in Brietlingen bei L\u00fcneburg. Seit vielen Jahren schon sind wir Ihre Experten f\u00fcr alle Fragen rund um die Bauwerksabdichtung. Wir setzen ausschlie\u00dflich praxisbew\u00e4hrte und effektive Sanierungssysteme und -methoden ein. Als Sanierungsfachbetrieb schauen wir auf eine lange Berufserfahrung zur\u00fcck. Unsere freundlichen Spezialisten informieren Sie sehr gerne im Detail.<\/p>","popseo_schlusstext":"<p>Sehr gerne informieren wir Sie n\u00e4her \u00fcber unser Themengebiet. Wir zeigen Ihnen mit Vergn\u00fcgen auch einige Referenzen, die Ihnen einen Einblick in unsere T\u00e4tigkeit geben.<br \/>\nSetzen Sie auf die Expertise eines erfahrenen Fachbetriebes. Rufen Sie uns doch rasch einmal an oder schreiben Sie uns eine schnelle E-Mail. Wir freuen uns auf Sie.<\/p>","popseo_stadttext":"<h3>Die Gemeinden Tostedt und Sittensen<\/h3>\n<p>Durch unsere Vertriebst\u00e4tigkeit haben wir uns einen sehr guten \u00dcberblick \u00fcber die Stadtarchitektur der Gemeinden und St\u00e4dte unseres Einzugsbereiches machen k\u00f6nnen. Nat\u00fcrlich geh\u00f6ren auch Tostedt und Sittensen zu unserem unmittelbaren Wirkungskreis. Wir freuen uns darauf, mit Ihnen in Kontakt zu kommen. <\/p>\n<h3>Gute Gr\u00fcnde sprechen f\u00fcr die Wohnorte Tostedt und Sittensen<\/h3>\n<p>Wer in Tostedt zuhause ist, wohnt in kleinst\u00e4dtischem Flair, ohne auf die Vorz\u00fcge der nahen Metropole Hamburg verzichten zu m\u00fcssen. Die Hansestadt ist nur wenige Fahrkilometer entfernt. Als Lebensmittelpunkt bietet Tostedt gute Gr\u00fcnde f\u00fcr die gut 13.000 Einwohner. Tostedt \u00fcberzeugt durch seine zahlreichen Wohngebiete. Wer das Leben abseits der st\u00e4dtischen Hektik liebt, jedoch urbanes Leben sch\u00e4tzt, ist in Tostedt richtig. Eine hervorragend entwickelte Infrastruktur mit durchaus vielf\u00e4ltigen Einkaufsm\u00f6glichkeiten sowie  vielen Sport- und Freizeitm\u00f6glichkeiten, verleihen Tostedt eine sehr gute Lebensqualit\u00e4t. <\/p>\n<h3>Tostedt und Sittensen \u2013 attraktive Wohnorte<\/h3>\n<p>Gerade einmal 20 Kilometer von Tostedt entfernt liegt die Gemeinde Sittensen. Das St\u00e4dtchen z\u00e4hlt organisatorisch zum Kreis Harburg. In Sittensen leben aktuell zirka 5.600 Menschen auf einem Gesamtareal von etwa 18 km\u00b2. Auch Sittensen \u00fcberzeugt durch eine sch\u00f6ne Lage: Geografisch liegt Sittensen in der Zevener Geest, einem Landstrich am Elbe-Weser-Dreieck zwischen Hamburg. <\/p>\n<p>Die liebenswerte Gemeinde ist Amtssitz der Samtgemeinde Sittensen, einem Zusammenschluss von neun kleineren Orten, n\u00e4mlich Hamersen, Kalbe, Gro\u00df und Klein Meckelsen, Sittensen, Lengenbostel, Tiste, Vierden und Wohnste. Die Samtgemeinde z\u00e4hlt insgesamt rund 11.000 Einwohner und erstreckt sich \u00fcber ein Areal von zirka 138 Quadratkilometern. Als Wohnstatt verbindet Sittensen urbanes Leben mit dem Wohnen in der Peripherie auf lobenswerte Art und Weise. Die beiden norddeutschen Hansest\u00e4dte Hamburg und Bremen sind von Sittensen aus in weniger als 45 Minuten zu erreichen. <\/p>\n<h4>Hohe Qualit\u00e4t f\u00fcr Kunden aus Sittensen und Tostedt<\/h4>\n<p>Sie interessieren sich f\u00fcr unser Leistungsangebot und sind hier im Internet auf unsere Homepage gesto\u00dfen? Dar\u00fcber freuen wir uns sehr. Gerne pr\u00e4sentieren wir Ihnen unser gesamtes Leistungsspektrum und beantworten Ihre Fragen. Auf den Kontakt zu Ihnen freuen wir uns.<\/p>","popseo_zusatztext":"<h3>Sanieren: Auf die Wirksamkeit k\u00f6nnen Sie sich verlassen<\/h3>\n<p>Sie planen eine Wand, einen Keller oder gar ein komplettes Haus zu sanieren? Klasse, denn da sind Sie bei uns exakt an der richtigen Adresse. Wir sind Ihr erfahrener Partner f\u00fcr alle Fragestellungen rund um das Sanieren von H\u00e4usern.  Ob durchn\u00e4sste Keller, feuchte Mauern oder die Sanierung umfangreicher Feuchtesch\u00e4den: Als spezialisiertes Fachunternehmen geh\u00f6rt das Sanieren zu unseren t\u00e4glichen T\u00e4tigkeiten. Wir gehen dem Schadensfall ganz genau auf den Grund. Vor der konkreten Sanierung muss nat\u00fcrlich die Ursachenforschung stehen. Erst wenn man den wirklichen Grund f\u00fcr einen aufgetretenen Schadensfall kennt, kann man sinnvollerweise mit dem Sanieren beginnen. Auch erkennt man erst nach einer exakten Begutachtung das Ausma\u00df, den das Sanieren eines Hauses in Anspruch nehmen wird.<\/p>\n<p>Vereinbaren Sie doch kurzerhand einmal einen unverbindlichen Besprechungstermin mit einem unserer gut geschulten Fachkr\u00e4fte. Telefon oder e-Mail reichen! Bei einer Begutachtung direkt vor Ort nehmen wir die Besch\u00e4digung auf und machen Vorschl\u00e4ge f\u00fcr das zweckm\u00e4\ufb02ige Sanieren. So viel wie erforderlich, so wenig wie m\u00f6glich: Auch monet\u00e4re Aspekte flie\u00dfen in unsere Entscheidungsfindung f\u00fcr das Sanieren Ihres Geb\u00e4udes mit ein. <\/p>\n<h4>Sanieren: Unsere Mitarbeiter stehen f\u00fcr Sie bereit!<\/h4>\n<p>Selbstverst\u00e4ndlich f\u00fchren unsere routinierten Spezialisten alle notwendigen T\u00e4tigkeiten, die zum Sanieren geh\u00f6ren in kurzer Zeit und verl\u00e4\u00dflich aus. Unser Betrieb ist seit vielen Jahren f\u00fcr eine hohe Fachkompetenz beim Sanieren bekannt. Der Instandsetzung von Wohn- und Gesch\u00e4ftsh\u00e4usern haben wir uns gewidmet. Setzen Sie auf Erfahrung und \u00fcberlassen Sie das Sanieren Ihres Geb\u00e4udes unserer Firma. Wir freuen uns darauf, auch Ihnen helfen zu d\u00fcrfen.<\/p>","popseo_links":"<a href=\"https:\/\/bautenschutz-keul.de\/angebote\/aufsteigende-feuchtigkeit-boizenburg\/\">aufsteigende Feuchtigkeit Boizenburg<\/a>, <a href=\"https:\/\/bautenschutz-keul.de\/angebote\/feuchtigkeitsschaden-buchholz-in-der-nordheide\/\">Feuchtigkeitsschaden Buchholz in der Nordheide<\/a>, <a href=\"https:\/\/bautenschutz-keul.de\/angebote\/kellerabdichtung-boizenburg\/\">Kellerabdichtung Boizenburg<\/a>, <a href=\"https:\/\/bautenschutz-keul.de\/angebote\/aussenabdichtung-seevetal-rosengarten\/\">Au\u00dfenabdichtung Seevetal Rosengarten<\/a>, <a href=\"https:\/\/bautenschutz-keul.de\/angebote\/schimmelsanierung-bad-bevensen\/\">Schimmelsanierung Bad Bevensen<\/a>, <a href=\"https:\/\/bautenschutz-keul.de\/angebote\/schimmelsanierung-tostedt-sittensen\/\">Schimmelsanierung Tostedt Sittensen<\/a>, <a href=\"https:\/\/bautenschutz-keul.de\/angebote\/aussenabdichtung-geesthacht\/\">Au\u00dfenabdichtung Geesthacht<\/a>, <a href=\"https:\/\/bautenschutz-keul.de\/angebote\/bauwerksabdichtung-bad-bevensen\/\">Bauwerksabdichtung Bad Bevensen<\/a>, <a href=\"https:\/\/bautenschutz-keul.de\/angebote\/schimmel-buechen\/\">Schimmel B\u00fcchen<\/a>, <a href=\"https:\/\/bautenschutz-keul.de\/angebote\/aussenabdichtung-bienenbuettel\/\">Au\u00dfenabdichtung Bienenb\u00fcttel<\/a>, <a href=\"https:\/\/bautenschutz-keul.de\/angebote\/feuchte-wand-salzhausen\/\">Feuchte Wand Salzhausen<\/a>, <a href=\"https:\/\/bautenschutz-keul.de\/angebote\/kellerabdichtung-amelinghausen\/\">Kellerabdichtung Amelinghausen<\/a>, <a href=\"https:\/\/bautenschutz-keul.de\/angebote\/kellersanierung-maschen\/\">Kellersanierung Maschen<\/a>, <a href=\"https:\/\/bautenschutz-keul.de\/angebote\/innenabdichtung-salzhausen\/\">Innenabdichtung Salzhausen<\/a>, <a href=\"https:\/\/bautenschutz-keul.de\/angebote\/aufsteigende-feuchtigkeit-uelzen\/\">aufsteigende Feuchtigkeit Uelzen<\/a>, <a href=\"https:\/\/bautenschutz-keul.de\/angebote\/rissverpressung-bardowick\/\">Rissverpressung Bardowick<\/a>, <a href=\"https:\/\/bautenschutz-keul.de\/angebote\/feuchtigkeitsschaden-bardowick\/\">Feuchtigkeitsschaden Bardowick<\/a>, <a href=\"https:\/\/bautenschutz-keul.de\/angebote\/innenabdichtung-tostedt-sittensen\/\">Innenabdichtung Tostedt Sittensen<\/a>, <a href=\"https:\/\/bautenschutz-keul.de\/angebote\/kellersanierung-reinbek-aumuehle\/\">Kellersanierung Reinbek Aum\u00fchle<\/a>, <a href=\"https:\/\/bautenschutz-keul.de\/angebote\/schimmelsanierung-bispingen\/\">Schimmelsanierung Bispingen<\/a>, <a href=\"https:\/\/bautenschutz-keul.de\/angebote\/feuchte-wand-hanstedt\/\">Feuchte Wand Hanstedt<\/a>, <a href=\"https:\/\/bautenschutz-keul.de\/angebote\/aufsteigende-feuchtigkeit-adendorf\/\">aufsteigende Feuchtigkeit Adendorf<\/a>, <a href=\"https:\/\/bautenschutz-keul.de\/angebote\/feuchte-wand-jesteburg\/\">Feuchte Wand Jesteburg<\/a>, <a href=\"https:\/\/bautenschutz-keul.de\/angebote\/bauwerksabdichtung-lueneburg\/\">Bauwerksabdichtung L\u00fcneburg<\/a>, <a href=\"https:\/\/bautenschutz-keul.de\/angebote\/schimmelbeseitigung-brietlingen\/\">Schimmelbeseitigung Brietlingen<\/a>, <a href=\"https:\/\/bautenschutz-keul.de\/angebote\/schimmelbeseitigung-amt-neuhaus\/\">Schimmelbeseitigung Amt Neuhaus<\/a>, <a href=\"https:\/\/bautenschutz-keul.de\/angebote\/feuchtigkeitsschaden-uelzen\/\">Feuchtigkeitsschaden Uelzen<\/a>, <a href=\"https:\/\/bautenschutz-keul.de\/angebote\/feuchte-wand-schwarzenbek\/\">Feuchte Wand Schwarzenbek<\/a>, <a href=\"https:\/\/bautenschutz-keul.de\/angebote\/mauertrockenlegung-boizenburg\/\">Mauertrockenlegung Boizenburg<\/a>, <a href=\"https:\/\/bautenschutz-keul.de\/angebote\/kellerabdichtung-hanstedt\/\">Kellerabdichtung Hanstedt<\/a>"},"_links":{"self":[{"href":"https:\/\/bautenschutz-keul.de\/angebote\/wp-json\/wp\/v2\/pages\/235","targetHints":{"allow":["GET"]}}],"collection":[{"href":"https:\/\/bautenschutz-keul.de\/angebote\/wp-json\/wp\/v2\/pages"}],"about":[{"href":"https:\/\/bautenschutz-keul.de\/angebote\/wp-json\/wp\/v2\/types\/page"}],"author":[{"embeddable":true,"href":"https:\/\/bautenschutz-keul.de\/angebote\/wp-json\/wp\/v2\/users\/1"}],"replies":[{"embeddable":true,"href":"https:\/\/bautenschutz-keul.de\/angebote\/wp-json\/wp\/v2\/comments?post=235"}],"version-history":[{"count":0,"href":"https:\/\/bautenschutz-keul.de\/angebote\/wp-json\/wp\/v2\/pages\/235\/revisions"}],"wp:attachment":[{"href":"https:\/\/bautenschutz-keul.de\/angebote\/wp-json\/wp\/v2\/media?parent=235"}],"curies":[{"name":"wp","href":"https:\/\/api.w.org\/{rel}","templated":true}]}}