{"id":239,"date":"2021-09-13T08:43:43","date_gmt":"2021-09-13T06:43:43","guid":{"rendered":"https:\/\/bautenschutz-keul.de\/angebote\/feuchtigkeit-amelinghausen\/"},"modified":"2021-09-13T08:43:43","modified_gmt":"2021-09-13T06:43:43","slug":"feuchtigkeit-amelinghausen","status":"publish","type":"page","link":"https:\/\/bautenschutz-keul.de\/angebote\/feuchtigkeit-amelinghausen\/","title":{"rendered":"Feuchtigkeit &#8211; Amelinghausen"},"content":{"rendered":"<h3>Sie ben\u00f6tigen Hilfe gegen Feuchtigkeit? Dann rufen Sie uns bitte an!<\/h3>\n<p>Unbehandelt kann sich eindringende Feuchtigkeit zu einem gewaltigen Problem heranbilden. Diesbez\u00fcglich gut beraten sind Immobilienbesitzer, wenn sie sich fr\u00fch \u00fcber m\u00f6gliche Sanierungsmethoden schlau machen. Feuchtigkeit in den Mauern muss nicht zwingend zeitraubende Sanierungen zur Folge haben. Fr\u00fch genug bemerkt, kann sich der Sanierungsaufwand meistens in Grenzen halten. Feuchtigkeit, die sich dauerhaft in den W\u00e4nden festsetzt, kann ganz ohne Zweifel negative Folgen auf gesundheitliche Verfassung und Wohl der Immobiliennutzer haben. Darum ist es \u00e4u\u00dferst erforderlich, zur rechten Zeit gegen Feuchtigkeit vorzugehen.    <\/p>\n<p>Feuchtigkeit aus der Bausubstanz zu entfernen ist eine Aufgabe f\u00fcr den Experten. Passende Ma\u00dfnahmen, wie man Feuchtigkeit wirksam bek\u00e4mpft, wei\u00df nur ein sehr gut ausgebildeter Profi. Ehe mit der Arbeit begonnen werden kann, ist eine detaillierte Analyse der Ursachen f\u00fcr die Bildung von Feuchtigkeit notwendig. Feuchtigkeit im Geb\u00e4ude l\u00e4sst sich ohne eine exakte Kl\u00e4rung nicht l\u00e4ngerfristig bek\u00e4mpfen. Ins Geb\u00e4ude eindringende Feuchtigkeit kann viele Gr\u00fcnde haben. Nicht selten liegt der Grund in einer fehlerhaften Hinterl\u00fcftung. Weiterhin kann eine unentdeckte Undichtigkeit an einem Abflussrohr<br \/>\ndie Ursache f\u00fcr die Feuchtigkeit sein. <\/p>\n<h3>Feuchtigkeit: Kompetent und erfahren bei der Sanierung<\/h3>\n<p>Entdeckt man den Grund, kann man Feuchtigkeit erfahrungsgem\u00e4\u00df zeitnah<br \/>\nund leicht eliminieren. Von au\u00dfen einsickernde Feuchtigkeit ist ein wiederholtes Thema. So ist es denkbar, dass hochstehendes Grundwasser dazu f\u00fchrt, dass fortlaufend Feuchtigkeit in das Mauerwerk eindringt. Auch erleichtert eine Hanglage einen wiederholten Feuchtigkeitseintritt. In solcherlei F\u00e4llen sind unbedingt intensivere Mittel zur Sanierung zu ergreifen.<\/p>\n","protected":false},"excerpt":{"rendered":"<p>Sie ben\u00f6tigen Hilfe gegen Feuchtigkeit? Dann rufen Sie uns bitte an! Unbehandelt kann sich eindringende Feuchtigkeit zu einem gewaltigen Problem heranbilden. Diesbez\u00fcglich gut beraten sind Immobilienbesitzer, wenn sie sich fr\u00fch \u00fcber m\u00f6gliche Sanierungsmethoden schlau machen. Feuchtigkeit in den Mauern muss nicht zwingend zeitraubende Sanierungen zur Folge haben. Fr\u00fch genug bemerkt, kann sich der Sanierungsaufwand meistens [&hellip;]<\/p>\n","protected":false},"author":1,"featured_media":0,"parent":0,"menu_order":0,"comment_status":"closed","ping_status":"closed","template":"","meta":{"footnotes":""},"class_list":["post-239","page","type-page","status-publish","hentry"],"meta_box":{"popseo_subtitel":"Die Firma TK-Geb\u00e4udetechnik Thorsten Keul ist Ihr erfahrener Experte beim Kampf gegen Feuchtigkeit in Amelinghausen","popseo_subtitel2":"Feuchtigkeit - Sanierung durch die Spezialisten unserer Firma","popseo_lasttitel":"Feuchtigkeit: F\u00fcr weitere Informationen sprechen Sie uns bitte an","popseo_region":"Amelinghausen","popseo_sachwort":"Feuchtigkeit","popseo_noupdate":"","popseo_einleitungstext":"<p>Sie haben sich mit dem Thema Bauwerksabdichtung besch\u00e4ftigt, weil Ihre Immobilie feuchte Geb\u00e4udebereiche aufweist und Sie nach Methoden einer professionellen und vor allem wirksamen Sanierung Ausschau halten. Hervorragend, dass Sie unsere Homepage entdeckt haben. Auf den folgenden Seiten m\u00f6chten wir Ihnen n\u00e4here Informationen zu unserem Leistungsspektrum geben. Sie lernen auf dieser Internetseite unsere Firma n\u00e4her kennen. <\/p>\n<p>Unser Unternehmen ist ein spezialisierter und etablierter Handwerksbetrieb mit Firmensitz in Brietlingen bei L\u00fcneburg. Bereits seit vielen Jahren sind wir Ihr Fachpartner f\u00fcr alle auftretenden Fragen rund um die Bauwerksabdichtung. Wir setzen ausschlie\u00dflich praxisbew\u00e4hrte und effektive Sanierungsmethoden und -systeme ein. Als Fachbetrieb f\u00fcr Abdichtung und Sanierung blicken wir auf eine lange Berufserfahrung zur\u00fcck. Unsere engagierten Spezialisten informieren Sie mit Vergn\u00fcgen im Detail.<\/p>","popseo_schlusstext":"<p>Wenn Sie einen qualifizierten Fachbetrieb f\u00fcr die Bauwerksabdichtung suchen, sind Sie bei uns genau richtig. Sie m\u00f6chten mehr \u00fcber uns wissen? Als auf Sanierung spezialisierte Handwerksfirma sind wir f\u00fcr die Realisierung Ihres Vorhabens der perfekte Partner und freuen uns \u00fcber Ihre Kontaktaufnahme, gleichg\u00fcltig ob per Telefonanruf oder E-Mail. Worauf Sie neben unserer fachlichen Expertise setzen d\u00fcrfen: Unser Team ist motiviert und immer mit Schwung und Elan f\u00fcr Sie im Einsatz. Wir freuen uns, wenn wir ihnen helfen k\u00f6nnen!<\/p>","popseo_stadttext":"<h3>Unsere Dienstleistungen auch f\u00fcr Kunden aus  Amelinghausen<\/h3>\n<p>Durch unsere T\u00e4tigkeit haben wir uns einen ausgezeichneten \u00dcberblick \u00fcber die Architektur der St\u00e4dte und Gemeinden unseres Vertriebsgebietes machen k\u00f6nnen. Unser Einzugsbereich umfasst nat\u00fcrlich auch Amelinghausen. Wir f\u00fchlen uns der Region verpflichtet und sind stolz darauf auch einen Teil zur ausgezeichneten Infrastruktur der Gemeinde beizusteuern zu k\u00f6nnen.  <\/p>\n<p><h3>Gute Gr\u00fcnde sprechen f\u00fcr den Wohnort Amelinghausen<\/h3><br \/>\nAmelinghausen liegt in der L\u00fcneburger Heide. Ann\u00e4hernd 4.000 Einwohner wohnen in Amelinghausen auf einem Areal von ca. 16 qkm. Erreichbar ist der Ort mit dem Auto \u00fcber die Bundesstra\u00dfe 209. Die Umgebung lockt zu Exkursionen ins Gr\u00fcne. Die Baustruktur in der Region ist \u00fcberwiegend dominiert von einer ansprechenden Einzelhausbebauung. Vor allem junge Familien genie\u00dfen das Leben in Amelinghausen. Die r\u00e4umliche N\u00e4he zur Stadt L\u00fcneburg mit sehr guten Verkehrverbindungen und Freizeitangeboten machen den Ort Amelinghausen so lebenswert.<br \/>\nDie Gemeinde ist Verwaltungssitz der Samtgemeinde Amelinghausen, einer Vereinigung von f\u00fcnf kleineren Orten. Dies sind neben Amelinghausen selbst die Gemeinden Oldendorf (Luhe), Betzendorf, Soderstorf und Rehlingen. Die Samtgemeinde z\u00e4hlt in Summe etwa 8.000 B\u00fcrger und erstreckt sich \u00fcber eine Fl\u00e4che von etwas mehr als 194 qkm.<\/p>\n<h4>Unsere Leistung f\u00fcr qualit\u00e4tsbewusste Kunden aus Amelinghausen<\/h4>\n<p>Sie wohnen in Amelinghausen, Oldendorf (Luhe), Betzendorf, Soderstorf oder Rehlingen und interessieren sich f\u00fcr unser Leistungsangebot. Klasse, dass Sie diese Website gefunden haben. F\u00fcr R\u00fcckfragen sind wir jederzeit f\u00fcr Sie da. Auf Ihre Anfragen freuen wir uns.<\/p>","popseo_zusatztext":"<h3>Abdichten: Auf die Wirksamkeit k\u00f6nnen Sie sich verlassen<\/h3>\n<p>Sie haben einen Feuchteschaden entdeckt und m\u00fcssen die entsprechenden Mauerbereiche nun schnellstens abdichten. Gut, dass Sie uns entdeckt haben! Als routiniertes Unternehmen der Baubranche kennen wir uns sehr gut aus mit dem Abdichten von Mauern, Kellern oder W\u00e4nden.  <\/p>\n<p>Feuchtigkeitssch\u00e4den sind unser Metier: F\u00fcr unseren Betrieb geh\u00f6rt das Abdichten von W\u00e4nden, Kellern oder Mauern zur t\u00e4glichen Arbeit. Wir gehen der Ursache f\u00fcr den Wassereintritt gewissenhaft auf den Grund. Vor dem konkreten Abdichten muss erstmal die Ursachenforschung stehen. Erst wenn man den konkreten Grund f\u00fcr die Durchfeuchtung entdeckt hat, kann man mit dem Abdichten starten. Die Analyse gibt die Marschrichtung vor, den das Abdichten eines Bauk\u00f6rpers umfassen muss.  <\/p>\n<h4>Abdichten: Wir helfen verl\u00e4sslich und kompetent!<\/h4>\n<p>Z\u00f6gern Sie bitte nicht und verabreden Sie zeitnah einen Termin mit einem unserer qualifizierten Spezialisten. Ein kurzer Anruf oder eine kurze Email reichen! Bei einer Bestandsaufnahme direkt am betroffenen Objekt, nehmen wir den Schaden auf und erstellen daraufhin ein Konzept f\u00fcr das langfristige Abdichten der gesch\u00e4digten Stellen. Unsere Arbeit ist stets zweckbezogen: Nat\u00fcrlich flie\u00dfen auch wirtschaftliche Aspekte in unsere Entscheidungsfindung f\u00fcr das Abdichten Ihres Geb\u00e4udes mit ein. Komplett aus einer Hand: Unsere dynamischen Fachkr\u00e4fte f\u00fchren s\u00e4mtliche erforderlichen T\u00e4tigkeiten, die zum Abdichten erforderlich sind zeitnah und zuverl\u00e4ssig aus. Schon seit langer Zeit ist unser Unternehmen f\u00fcr eine hohe Fachkompetenz bekannt. Eine unserer Kernkompetenzen liegt im Abdichten von Gesch\u00e4fts- und Wohngeb\u00e4uden. Vertrauen Sie auf Fachkompetenz und beauftragen Sie uns f\u00fcr das Abdichten von neuralgischen Stellen im Mauerwerk. Wir freuen uns darauf, auch Ihnen helfen zu k\u00f6nnen.<\/p>","popseo_links":"<a href=\"https:\/\/bautenschutz-keul.de\/angebote\/schimmelbeseitigung-harburg\/\">Schimmelbeseitigung Harburg<\/a>, <a href=\"https:\/\/bautenschutz-keul.de\/angebote\/kellersanierung-schwarzenbek\/\">Kellersanierung Schwarzenbek<\/a>, <a href=\"https:\/\/bautenschutz-keul.de\/angebote\/zerstoerter-putz-herzogtum-lauenburg\/\">zerst\u00f6rter Putz Herzogtum Lauenburg<\/a>, <a href=\"https:\/\/bautenschutz-keul.de\/angebote\/feuchter-keller-boizenburg\/\">Feuchter Keller Boizenburg<\/a>, <a href=\"https:\/\/bautenschutz-keul.de\/angebote\/kellersanierung-uelzen\/\">Kellersanierung Uelzen<\/a>, <a href=\"https:\/\/bautenschutz-keul.de\/angebote\/feuchter-keller-amt-neuhaus\/\">Feuchter Keller Amt Neuhaus<\/a>, <a href=\"https:\/\/bautenschutz-keul.de\/angebote\/innenabdichtung-bispingen\/\">Innenabdichtung Bispingen<\/a>, <a href=\"https:\/\/bautenschutz-keul.de\/angebote\/kellerabdichtung-herzogtum-lauenburg\/\">Kellerabdichtung Herzogtum Lauenburg<\/a>, <a href=\"https:\/\/bautenschutz-keul.de\/angebote\/schimmelsanierung-harburg\/\">Schimmelsanierung Harburg<\/a>, <a href=\"https:\/\/bautenschutz-keul.de\/angebote\/salpeter-im-keller-lueneburg\/\">Salpeter im Keller L\u00fcneburg<\/a>, <a href=\"https:\/\/bautenschutz-keul.de\/angebote\/feuchte-wand-salzhausen\/\">Feuchte Wand Salzhausen<\/a>, <a href=\"https:\/\/bautenschutz-keul.de\/angebote\/zerstoerter-putz-tostedt-sittensen\/\">zerst\u00f6rter Putz Tostedt Sittensen<\/a>, <a href=\"https:\/\/bautenschutz-keul.de\/angebote\/schimmelbeseitigung-bispingen\/\">Schimmelbeseitigung Bispingen<\/a>, <a href=\"https:\/\/bautenschutz-keul.de\/angebote\/feuchte-wand-hanstedt\/\">Feuchte Wand Hanstedt<\/a>, <a href=\"https:\/\/bautenschutz-keul.de\/angebote\/schimmel-ebstorf\/\">Schimmel Ebstorf<\/a>, <a href=\"https:\/\/bautenschutz-keul.de\/angebote\/kellertrockenlegung-tostedt-sittensen\/\">Kellertrockenlegung Tostedt Sittensen<\/a>, <a href=\"https:\/\/bautenschutz-keul.de\/angebote\/kellertrockenlegung-geesthacht\/\">Kellertrockenlegung Geesthacht<\/a>, <a href=\"https:\/\/bautenschutz-keul.de\/angebote\/aussenabdichtung-reppenstedt\/\">Au\u00dfenabdichtung Reppenstedt<\/a>, <a href=\"https:\/\/bautenschutz-keul.de\/angebote\/schimmelsanierung-boizenburg\/\">Schimmelsanierung Boizenburg<\/a>, <a href=\"https:\/\/bautenschutz-keul.de\/angebote\/schimmelsanierung-bienenbuettel\/\">Schimmelsanierung Bienenb\u00fcttel<\/a>, <a href=\"https:\/\/bautenschutz-keul.de\/angebote\/mauertrockenlegung-harburg\/\">Mauertrockenlegung Harburg<\/a>, <a href=\"https:\/\/bautenschutz-keul.de\/angebote\/kellerabdichtung-schwarzenbek\/\">Kellerabdichtung Schwarzenbek<\/a>, <a href=\"https:\/\/bautenschutz-keul.de\/angebote\/kellertrockenlegung-jesteburg\/\">Kellertrockenlegung Jesteburg<\/a>, <a href=\"https:\/\/bautenschutz-keul.de\/angebote\/salpeter-im-keller-glinde-sachsenwald\/\">Salpeter im Keller Glinde Sachsenwald<\/a>, <a href=\"https:\/\/bautenschutz-keul.de\/angebote\/aufsteigende-feuchtigkeit-bispingen\/\">aufsteigende Feuchtigkeit Bispingen<\/a>, <a href=\"https:\/\/bautenschutz-keul.de\/angebote\/kellertrockenlegung-maschen\/\">Kellertrockenlegung Maschen<\/a>, <a href=\"https:\/\/bautenschutz-keul.de\/angebote\/feuchte-mauer-seevetal-rosengarten\/\">Feuchte Mauer Seevetal Rosengarten<\/a>, <a href=\"https:\/\/bautenschutz-keul.de\/angebote\/schimmelbeseitigung-uelzen\/\">Schimmelbeseitigung Uelzen<\/a>"},"_links":{"self":[{"href":"https:\/\/bautenschutz-keul.de\/angebote\/wp-json\/wp\/v2\/pages\/239","targetHints":{"allow":["GET"]}}],"collection":[{"href":"https:\/\/bautenschutz-keul.de\/angebote\/wp-json\/wp\/v2\/pages"}],"about":[{"href":"https:\/\/bautenschutz-keul.de\/angebote\/wp-json\/wp\/v2\/types\/page"}],"author":[{"embeddable":true,"href":"https:\/\/bautenschutz-keul.de\/angebote\/wp-json\/wp\/v2\/users\/1"}],"replies":[{"embeddable":true,"href":"https:\/\/bautenschutz-keul.de\/angebote\/wp-json\/wp\/v2\/comments?post=239"}],"version-history":[{"count":0,"href":"https:\/\/bautenschutz-keul.de\/angebote\/wp-json\/wp\/v2\/pages\/239\/revisions"}],"wp:attachment":[{"href":"https:\/\/bautenschutz-keul.de\/angebote\/wp-json\/wp\/v2\/media?parent=239"}],"curies":[{"name":"wp","href":"https:\/\/api.w.org\/{rel}","templated":true}]}}