{"id":241,"date":"2021-09-13T08:43:43","date_gmt":"2021-09-13T06:43:43","guid":{"rendered":"https:\/\/bautenschutz-keul.de\/angebote\/feuchtigkeit-bad-bevensen\/"},"modified":"2021-09-13T08:43:43","modified_gmt":"2021-09-13T06:43:43","slug":"feuchtigkeit-bad-bevensen","status":"publish","type":"page","link":"https:\/\/bautenschutz-keul.de\/angebote\/feuchtigkeit-bad-bevensen\/","title":{"rendered":"Feuchtigkeit &#8211; Bad Bevensen"},"content":{"rendered":"<h3>Sie ben\u00f6tigen Hilfe gegen Feuchtigkeit? Dann rufen Sie uns bitte an!<\/h3>\n<p>Nicht behandelt kann sich eindringende Feuchtigkeit zu einem gewaltigen Problem heranbilden. Diesbez\u00fcglich gut beraten sind Hauseigent\u00fcmer, wenn sie sich zeitnah \u00fcber denkbare Sanierungspraktiken kundig machen. Feuchtigkeit in den Mauern muss nicht zwingend langwierige  Sanierungsarbeiten nach sich ziehen. Rechtzeitig bemerkt, kann sich der Aufwand meist in Grenzen halten. Feuchtigkeit, die sich l\u00e4ngerfristig in den Mauern festsetzt, kann ganz zweifellos schwerwiegende Einfl\u00fcsse auf gesundheitliche Verfassung und Wohl der Hausbewohner haben. Deshalb ist es ungemein notwendig, sofort gegen Feuchtigkeit vorzugehen.    <\/p>\n<p>Feuchtigkeit aus dem Mauerwerk zu eliminieren ist eine Aufgabe f\u00fcr den Fachbetrieb. Die richtigen Ma\u00dfnahmen, wie man Feuchtigkeit nachhaltig verhindert, kennt nur ein perfekt ausgebildeter Profi. Bevor mit der Sanierungsma\u00dfnahme angefangen werden kann, ist eine eingehende Analyse der Ursachen f\u00fcr die Bildung von Feuchtigkeit unerl\u00e4\u00dflich. Feuchtigkeit im Geb\u00e4ude l\u00e4sst sich ohne eine detaillierte Pr\u00fcfung nicht nachhaltig bek\u00e4mpfen. Einsickernde Feuchtigkeit kann viele Gr\u00fcnde haben. Nicht selten liegt die Ursache in einer mangelhaften L\u00fcftung. Auch kann eine unentdeckte Undichtigkeit an einem Rohr<br \/>\ndie Ursache f\u00fcr die Feuchtigkeit sein. <\/p>\n<h3>Schnell und gr\u00fcndlich: Wir helfen bei Feuchtigkeit<\/h3>\n<p>Wei\u00df man die Ursache, kann man Feuchtigkeit in der Regel zeitnah<br \/>\nund m\u00fchelos eliminieren. Extern eindringende Feuchtigkeit ist ein wiederholtes Problem. So ist es nicht ausgeschlossen, dass erh\u00f6htes Grundwasser dazu f\u00fchrt, dass fortlaufend Feuchtigkeit in das Mauerwerk sickert. Ebenso erleichtert eine Hanglage einen wiederkehrenden Feuchtigkeitseintritt. In solcherlei F\u00e4llen sind durchweg intensivere Mittel zur Sanierung anzuwenden.<\/p>\n","protected":false},"excerpt":{"rendered":"<p>Sie ben\u00f6tigen Hilfe gegen Feuchtigkeit? Dann rufen Sie uns bitte an! Nicht behandelt kann sich eindringende Feuchtigkeit zu einem gewaltigen Problem heranbilden. Diesbez\u00fcglich gut beraten sind Hauseigent\u00fcmer, wenn sie sich zeitnah \u00fcber denkbare Sanierungspraktiken kundig machen. Feuchtigkeit in den Mauern muss nicht zwingend langwierige Sanierungsarbeiten nach sich ziehen. Rechtzeitig bemerkt, kann sich der Aufwand meist [&hellip;]<\/p>\n","protected":false},"author":1,"featured_media":0,"parent":0,"menu_order":0,"comment_status":"closed","ping_status":"closed","template":"","meta":{"footnotes":""},"class_list":["post-241","page","type-page","status-publish","hentry"],"meta_box":{"popseo_subtitel":"Die Firma TK-Geb\u00e4udetechnik Thorsten Keul ist Ihr Spezialist beim Kampf gegen Feuchtigkeit in Bad Bevensen","popseo_subtitel2":"Feuchtigkeit - Sanierung durch die Spezialisten unserer Firma","popseo_lasttitel":"Feuchtigkeit: Unsere Experten beantworten Ihre Fragen","popseo_region":"Bad Bevensen","popseo_sachwort":"Feuchtigkeit","popseo_noupdate":"","popseo_einleitungstext":"<p>Sie haben sich mit der Bauwerksabdichtung besch\u00e4ftigt, weil Ihre Immobilie feuchte Geb\u00e4udebereiche aufweist und Sie nach M\u00f6glichkeiten einer wirkungsvollen und professionellen Sanierung Ausschau halten. Gut, dass Sie unseren Internetauftritt entdeckt haben. Nachfolgend d\u00fcrfen wir Ihnen n\u00e4here Informationen zu unserem Leistungsspektrum geben. Sie lernen auf dieser Website unsere Firma n\u00e4her kennen. <\/p>\n<p>Unser Unternehmen ist ein versierter und etablierter Fachbetrieb mit Firmensitz in Brietlingen bei L\u00fcneburg. Seit vielen Jahren schon sind wir Ihre Experten f\u00fcr s\u00e4mtliche Fragen rund um die Bauwerksabdichtung. Wir setzen ausschlie\u00dflich effektive und praxisbew\u00e4hrte Sanierungssysteme und -methoden ein. Als Sanierungsfachbetrieb schauen wir auf eine lange und intensive Berufserfahrung zur\u00fcck. Unsere freundlichen Fachkr\u00e4fte informieren Sie mit Vergn\u00fcgen im Detail.<\/p>","popseo_schlusstext":"<p>Sie ben\u00f6tigen einen Fachpartner f\u00fcr die fachgerecht ausgef\u00fchrte Bauwerksabdichtung. Dann kontaktieren Sie uns bitte schnell. Wir freuen uns auf Ihren Anruf oder Ihre E-Mail. Wenn es um Sanierung geht, sind wir Ihr kompetenter Handwerkspartner. Wir stehen f\u00fcr eine sachkundig ausgef\u00fchrte Arbeit nach dem jeweils derzeitigen Stand der Technik.<\/p>","popseo_stadttext":"<h3>Leben und Wohnen in Bad Bevensen<\/h3>\n<p>Durch unsere Vertriebst\u00e4tigkeit haben wir uns einen ausgezeichneten \u00dcberblick \u00fcber die Architektur der Gemeinden und St\u00e4dte unseres Einzugsbereiches machen k\u00f6nnen. Selbstverst\u00e4ndlich z\u00e4hlt auch Bad Bevensen zu unserem unmittelbaren Gesch\u00e4ftsgebiet. Sie kommen aus der Region und sind hier im World Wide Web auf unsere Website gesto\u00dfen? Das finden wir klasse. Gerne pr\u00e4sentieren wir Ihnen unser komplettes Leistungsspektrum und beantworten Ihre Fragen. Wir freuen uns darauf, mit Ihnen in Kontakt zu treten. <\/p>\n<h3>Einige Details zu Bad Bevensen<\/h3>\n<p>Bad Bevensen hat etwa 9.000 registrierte Einwohner und streckt sich \u00fcber ein Gesamtareal von etwa 48 km\u00b2. Verkehrstechnisch ist die Kleinstadt gut zu erreichen: In direkter Umgebung des Gemeindegebietes befindet sich eine Anschlussstelle zur Autobahn B4. Dar\u00fcber hinaus erreicht man Bad Bevensen \u00fcber die L252 und mit der Eisenbahn auf der Strecke Hamburg-Hannover. Bad Bevensee befindet sich in der L\u00fcneburger Heide und geh\u00f6rt formell zum Landkreis Uelzen. Die Gemeinde ist Sitz der Samtgemeinde Bevensen-Ebstorf, einer Vereinigung von 13 kleineren Orten. Die Samtgemeinde z\u00e4hlt insgesamt etwa 26.000 Einwohner und streckt sich \u00fcber eine Fl\u00e4che von zirka 479 km\u00b2. Bad Bevensen ist fraglos ein beneidenswerter Platz zum Leben. Die charmante Kleinstadt verf\u00fcgt \u00fcber eine hervorragende Infrastruktur und bestens ausgebaute Wohngebiete.    <\/p>\n<h4>Unsere Leistung f\u00fcr qualit\u00e4tsbewusste Kunden aus Bad Bevensen<\/h4>\n<p>Sie wohnen in Bad Bevensen oder einem anderen Ort der Samtgemeinde und interessieren sich f\u00fcr unser Leistungsangebot. Toll, dass Sie diese Website gefunden haben. F\u00fcr R\u00fcckfragen sind wir jederzeit f\u00fcr Sie da. Auf den Kontakt zu Ihnen freuen wir uns.<\/p>","popseo_zusatztext":"<h3>Erstklassiges Abdichten ist uns wichtig<\/h3>\n<p>Sie haben einen Feuchteschaden entdeckt und m\u00fcssen die entsprechenden Bereiche nun schnellstm\u00f6glich abdichten. Sch\u00f6n, dass Sie uns entdeckt haben! Als routiniertes Fachunternehmen der Bauwirtschaft kennen wir uns sehr gut aus mit dem Abdichten von W\u00e4nden, Mauern oder Kellern.  <\/p>\n<p>Feuchtigkeitssch\u00e4den sind unser Gesch\u00e4ft: F\u00fcr unseren Betrieb geh\u00f6rt das Abdichten von Mauern, W\u00e4nden oder Kellern zur t\u00e4glichen Arbeit. Wir gehen der Ursache f\u00fcr den Feuchtigkeitseintritt gr\u00fcndlich auf den Grund. Vor dem eigentlichen Abdichten muss erstmal die Ursachenfindung stehen. Erst wenn man den tats\u00e4chlichen Grund f\u00fcr die Durchfeuchtung ermittelt hat, kann man mit dem Abdichten anfangen. Die Analyse gibt die Richtung vor, den das Abdichten eines Bauk\u00f6rpers beinhalten muss.  <\/p>\n<h4>Abdichten: Beste Arbeit durch den Fachbetrieb<\/h4>\n<p>Warten Sie bitte nicht und verabreden Sie gleich einen Vor-Ort-Termin mit einem unserer qualifizierten Angestellten. Ein kurzer Anruf oder eine schnelle E-Mail gen\u00fcgen! Bei einer Analyse direkt am gesch\u00e4digten Objekt, nehmen wir den Schaden auf und erstellen daraufhin ein Konzept f\u00fcr das nachhaltige Abdichten der betroffenen Bereiche. Unsere Arbeit ist immer zweckbezogen: Nat\u00fcrlich flie\u00dfen auch monet\u00e4re Gesichtspunkte in unsere Entscheidungsfindung f\u00fcr das Abdichten Ihres Geb\u00e4udes mit ein. Alles komplett aus einer Hand: Unsere dynamischen Angestellten f\u00fchren s\u00e4mtliche notwendigen Arbeiten, die zum Abdichten erforderlich sind umgehend und zuverl\u00e4ssig aus. Schon seit langer Zeit ist unser Haus f\u00fcr eine hohe Qualit\u00e4t bekannt. Eine unserer Schwerpunkte liegt im Abdichten von Gesch\u00e4fts- und Wohngeb\u00e4uden. Setzen Sie auf Fachkompetenz und beauftragen Sie uns f\u00fcr das Abdichten von neuralgischen Stellen im Mauerwerk. Wir freuen uns darauf, auch Ihnen helfen zu k\u00f6nnen.<\/p>","popseo_links":"<a href=\"https:\/\/bautenschutz-keul.de\/angebote\/feuchte-mauer-bienenbuettel\/\">Feuchte Mauer Bienenb\u00fcttel<\/a>, <a href=\"https:\/\/bautenschutz-keul.de\/angebote\/rissverpressung-tostedt-sittensen\/\">Rissverpressung Tostedt Sittensen<\/a>, <a href=\"https:\/\/bautenschutz-keul.de\/angebote\/feuchter-keller-ebstorf\/\">Feuchter Keller Ebstorf<\/a>, <a href=\"https:\/\/bautenschutz-keul.de\/angebote\/feuchte-mauer-adendorf\/\">Feuchte Mauer Adendorf<\/a>, <a href=\"https:\/\/bautenschutz-keul.de\/angebote\/mauertrockenlegung-winsen-luhe\/\">Mauertrockenlegung Winsen Luhe<\/a>, <a href=\"https:\/\/bautenschutz-keul.de\/angebote\/schimmelsanierung-bad-bevensen\/\">Schimmelsanierung Bad Bevensen<\/a>, <a href=\"https:\/\/bautenschutz-keul.de\/angebote\/schimmelsanierung-stelle\/\">Schimmelsanierung Stelle<\/a>, <a href=\"https:\/\/bautenschutz-keul.de\/angebote\/innenabdichtung-boizenburg\/\">Innenabdichtung Boizenburg<\/a>, <a href=\"https:\/\/bautenschutz-keul.de\/angebote\/feuchte-wand-bergedorf-wentorf\/\">Feuchte Wand Bergedorf Wentorf<\/a>, <a href=\"https:\/\/bautenschutz-keul.de\/angebote\/rissverpressung-buechen\/\">Rissverpressung B\u00fcchen<\/a>, <a href=\"https:\/\/bautenschutz-keul.de\/angebote\/horizontalsperre-buechen\/\">Horizontalsperre B\u00fcchen<\/a>, <a href=\"https:\/\/bautenschutz-keul.de\/angebote\/kellersanierung-boizenburg\/\">Kellersanierung Boizenburg<\/a>, <a href=\"https:\/\/bautenschutz-keul.de\/angebote\/rissverpressung-schwarzenbek\/\">Rissverpressung Schwarzenbek<\/a>, <a href=\"https:\/\/bautenschutz-keul.de\/angebote\/feuchte-mauer-amelinghausen\/\">Feuchte Mauer Amelinghausen<\/a>, <a href=\"https:\/\/bautenschutz-keul.de\/angebote\/kellerabdichtung-seevetal-rosengarten\/\">Kellerabdichtung Seevetal Rosengarten<\/a>, <a href=\"https:\/\/bautenschutz-keul.de\/angebote\/rissverpressung-harburg\/\">Rissverpressung Harburg<\/a>, <a href=\"https:\/\/bautenschutz-keul.de\/angebote\/schimmelsanierung-harburg\/\">Schimmelsanierung Harburg<\/a>, <a href=\"https:\/\/bautenschutz-keul.de\/angebote\/schimmel-glinde-sachsenwald\/\">Schimmel Glinde Sachsenwald<\/a>, <a href=\"https:\/\/bautenschutz-keul.de\/angebote\/kellersanierung-amelinghausen\/\">Kellersanierung Amelinghausen<\/a>, <a href=\"https:\/\/bautenschutz-keul.de\/angebote\/salpeter-im-keller-amt-neuhaus\/\">Salpeter im Keller Amt Neuhaus<\/a>, <a href=\"https:\/\/bautenschutz-keul.de\/angebote\/horizontalsperre-buchholz-in-der-nordheide\/\">Horizontalsperre Buchholz in der Nordheide<\/a>, <a href=\"https:\/\/bautenschutz-keul.de\/angebote\/feuchter-keller-bienenbuettel\/\">Feuchter Keller Bienenb\u00fcttel<\/a>, <a href=\"https:\/\/bautenschutz-keul.de\/angebote\/feuchte-mauer-tostedt-sittensen\/\">Feuchte Mauer Tostedt Sittensen<\/a>, <a href=\"https:\/\/bautenschutz-keul.de\/angebote\/rissverpressung-herzogtum-lauenburg\/\">Rissverpressung Herzogtum Lauenburg<\/a>, <a href=\"https:\/\/bautenschutz-keul.de\/angebote\/zerstoerter-putz-buchholz-in-der-nordheide\/\">zerst\u00f6rter Putz Buchholz in der Nordheide<\/a>, <a href=\"https:\/\/bautenschutz-keul.de\/angebote\/aufsteigende-feuchtigkeit-bispingen\/\">aufsteigende Feuchtigkeit Bispingen<\/a>, <a href=\"https:\/\/bautenschutz-keul.de\/angebote\/aussenabdichtung-buechen\/\">Au\u00dfenabdichtung B\u00fcchen<\/a>, <a href=\"https:\/\/bautenschutz-keul.de\/angebote\/kellerabdichtung-buechen\/\">Kellerabdichtung B\u00fcchen<\/a>"},"_links":{"self":[{"href":"https:\/\/bautenschutz-keul.de\/angebote\/wp-json\/wp\/v2\/pages\/241","targetHints":{"allow":["GET"]}}],"collection":[{"href":"https:\/\/bautenschutz-keul.de\/angebote\/wp-json\/wp\/v2\/pages"}],"about":[{"href":"https:\/\/bautenschutz-keul.de\/angebote\/wp-json\/wp\/v2\/types\/page"}],"author":[{"embeddable":true,"href":"https:\/\/bautenschutz-keul.de\/angebote\/wp-json\/wp\/v2\/users\/1"}],"replies":[{"embeddable":true,"href":"https:\/\/bautenschutz-keul.de\/angebote\/wp-json\/wp\/v2\/comments?post=241"}],"version-history":[{"count":0,"href":"https:\/\/bautenschutz-keul.de\/angebote\/wp-json\/wp\/v2\/pages\/241\/revisions"}],"wp:attachment":[{"href":"https:\/\/bautenschutz-keul.de\/angebote\/wp-json\/wp\/v2\/media?parent=241"}],"curies":[{"name":"wp","href":"https:\/\/api.w.org\/{rel}","templated":true}]}}