{"id":247,"date":"2021-09-13T08:43:43","date_gmt":"2021-09-13T06:43:43","guid":{"rendered":"https:\/\/bautenschutz-keul.de\/angebote\/feuchtigkeit-brietlingen\/"},"modified":"2021-09-13T08:43:43","modified_gmt":"2021-09-13T06:43:43","slug":"feuchtigkeit-brietlingen","status":"publish","type":"page","link":"https:\/\/bautenschutz-keul.de\/angebote\/feuchtigkeit-brietlingen\/","title":{"rendered":"Feuchtigkeit &#8211; Brietlingen"},"content":{"rendered":"<h3>Sie ben\u00f6tigen Hilfe gegen Feuchtigkeit? Dann rufen Sie uns bitte an!<\/h3>\n<p>Nicht saniert kann sich einsickernde Feuchtigkeit zu einem ernstzunehmenden Problem heranbilden. Diesbez\u00fcglich gut beraten sind Immobilienbesitzer, wenn sie sich rechtzeitig \u00fcber denkbare Sanierungsma\u00dfnahmen kundig machen. Feuchtigkeit in den W\u00e4nden muss nicht gezwungenerma\u00dfen langwierige Sanierungen nach sich ziehen. Zeitnah bemerkt, kann sich der Aufwand meist in Grenzen halten. Feuchtigkeit, die sich langfristig in den Mauern festsetzt, kann ganz ohne Frage schlechte Folgen auf Gesundheit und Wohlergehen der Immobiliennutzer haben. Deshalb ist es ungemein dringend, umgehend gegen Feuchtigkeit vorzugehen.    <\/p>\n<p>Feuchtigkeit aus Mauern und W\u00e4nden zu eliminieren ist eine Aufgabe f\u00fcr den Profi. Passende Mittel, wie man Feuchtigkeit wirkungsvoll besiegt, kennt nur ein umfassend ausgebildeter Profi. Ehe mit der Ma\u00dfnahme angefangen werden kann, ist eine eingehende Suche der Gr\u00fcnde f\u00fcr die Bildung von Feuchtigkeit von N\u00f6ten. Feuchtigkeit im Mauerwerk l\u00e4sst sich ohne eine gr\u00fcndliche Pr\u00fcfung nicht nachhaltig bek\u00e4mpfen. Eindringende Feuchtigkeit kann viele Ursachen haben. Nicht selten liegt der Grund in einer nicht ausreichenden Bel\u00fcftung. Ebenfalls kann eine unentdeckte Undichtigkeit an einem Abflussrohr<br \/>\ndie Ursache f\u00fcr die Feuchtigkeit sein. <\/p>\n<h3>Feuchtigkeit: Wir helfen schnell und kompetent!<\/h3>\n<p>Findet man die Ursache, kann man Feuchtigkeit erfahrungsgem\u00e4\u00df zeitnah<br \/>\nund m\u00fchelos entfernen. Von au\u00dfen einsickernde Feuchtigkeit ist ein laufendes Thema. Beispielsweise ist es vorstellbar, dass erh\u00f6htes Grundwasser dazu f\u00fchrt, dass best\u00e4ndig Feuchtigkeit in das Mauerwerk sickert. Desgleichen erleichtert eine Hanglage einen wiederkehrenden Feuchtigkeitseintritt. In solchen F\u00e4llen sind durchaus energische Anwendungen zur Sanierung zu ergreifen.<\/p>\n","protected":false},"excerpt":{"rendered":"<p>Sie ben\u00f6tigen Hilfe gegen Feuchtigkeit? Dann rufen Sie uns bitte an! Nicht saniert kann sich einsickernde Feuchtigkeit zu einem ernstzunehmenden Problem heranbilden. Diesbez\u00fcglich gut beraten sind Immobilienbesitzer, wenn sie sich rechtzeitig \u00fcber denkbare Sanierungsma\u00dfnahmen kundig machen. Feuchtigkeit in den W\u00e4nden muss nicht gezwungenerma\u00dfen langwierige Sanierungen nach sich ziehen. Zeitnah bemerkt, kann sich der Aufwand meist [&hellip;]<\/p>\n","protected":false},"author":1,"featured_media":0,"parent":0,"menu_order":0,"comment_status":"closed","ping_status":"closed","template":"","meta":{"footnotes":""},"class_list":["post-247","page","type-page","status-publish","hentry"],"meta_box":{"popseo_subtitel":"Wir sind Ihr Spezialist beim Kampf gegen Feuchtigkeit im Raum Brietlingen","popseo_subtitel2":"Feuchtigkeit - wir haben die richtige L\u00f6sung f\u00fcr Sie!","popseo_lasttitel":"Feuchtigkeit: Gerne beantworten wir Ihre Fragen!","popseo_region":"Brietlingen","popseo_sachwort":"Feuchtigkeit","popseo_noupdate":"","popseo_einleitungstext":"<p>Sie haben sich mit dem Thema Bauwerksabdichtung besch\u00e4ftigt, da Ihr Wohn- oder Gesch\u00e4ftshaus feuchte Geb\u00e4udebereiche aufweist und Sie nach Methoden einer professionellen und vor allem wirksamen Sanierung Ausschau halten. Gut, dass Sie unseren Internetauftritt entdeckt haben. Auf den folgenden Seiten m\u00f6chten wir Ihnen einige Informationen zu unserem Leistungsangebot geben. Sie lernen auf dieser Website unsere Firma n\u00e4her kennen. <\/p>\n<p>Die Firma TK-Geb\u00e4udetechnik Thorsten Keul ist ein spezialisierter und etablierter Fachbetrieb mit Sitz in Brietlingen bei L\u00fcneburg. Bereits seit vielen Jahren sind wir Ihr Spezialist f\u00fcr s\u00e4mtliche Fragen rund um Geb\u00e4udeabdichtung. Wir setzen ausschlie\u00dflich praxisbew\u00e4hrte und effektive Sanierungsmethoden und -systeme ein. Als Sanierungsfachbetrieb schauen wir auf eine lange und intensive Berufserfahrung zur\u00fcck. Unsere gut geschulten Mitarbeiter informieren Sie gerne im Detail.<\/p>","popseo_schlusstext":"<p>Sie suchen einen Experten f\u00fcr die fachgerecht ausgef\u00fchrte Bauwerksabdichtung. Dann rufen Sie uns bitte rasch an. Wir freuen uns auf Ihren Anruf oder Ihre E-Mail. Wenn es um Sanierung geht, sind wir Ihr qualifizierter Handwerkspartner. Wir garantieren eine fachkundig ausgef\u00fchrte Arbeit nach dem immer aktuellsten Stand der Technik.<\/p>","popseo_stadttext":"<h3>Wir sind Ihr Partner auch in Brietlingen<\/h3>\n<p>Wir werden f\u00fcr Kunden aus unserer Heimatgemeinde Brietlingen aktiv. Durch unsere Gesch\u00e4ftst\u00e4tigkeit haben wir uns einen guten \u00dcberblick \u00fcber die Architektur der St\u00e4dte und Gemeinden unseres Einzugsbereiches machen k\u00f6nnen. Nat\u00fcrlich geh\u00f6rt besonders auch unsere Heimatgemeinde zu unserem unmittelbaren Vertriebsgebiet. Wir freuen uns darauf, mit Ihnen ins Gespr\u00e4ch zu kommen. <\/p>\n<h3>Ein paar Hintergrundinformationen \u00fcber Brietlingen<\/h3>\n<p>Brietlingen liegt im Westen von vom Naturpark Elbufer-Drawelen und ist ungef\u00e4hr 10 Kilometer von von L\u00fcneburg entfernt. Auf einer Fl\u00e4che von cirka 19 km\u00b2 wohnen rund 3.500 Menschen. Verwaltungstechnisch geh\u00f6rt Brietlingen zum Kreis L\u00fcneburg. Der attraktive Ort ist Teil der Samtgemeinde Scharnebeck, einem Zusammenschluss von acht kleineren Orten. Dies sind neben Brietlingen und Scharnebeck die Gemeinden Hittbergen, Echem, Hohnstorf (Elbe), L\u00fcdersburg, Rullstorf und Artlenburg. Die Samtgemeinde z\u00e4hlt insgesamt knapp 15.000 Einwohner und streckt sich \u00fcber eine Fl\u00e4che von etwas mehr als 135 Quadratkilometern.<\/p>\n<p>Sehr gesch\u00e4tzt wird Brietlingen von Naturfreunden wegen seines guten Erholungswertes. In Brietlingen startet man sehr gerne zu ausgedehnten Exkursionen durch den Naturpark Elbufer-Drawelen. Speziell f\u00fcr Familien ist Brietlingen gut geeignet. Die beschauliche Lage und eine ausgezeichnete Infrastruktur zeichnen die Gemeinde aus.<\/p>\n<h4>Hohe Qualit\u00e4t f\u00fcr Kunden aus Brietlingen<\/h4>\n<p>Das Leben in Brietlingen ist beschaulich. Die Gemeinde verf\u00fcgt \u00fcber zahlreiche sch\u00f6ne Wohngebiete, die vor allem von einer ansprechenden Einzelhausbebauung gepr\u00e4gt sind. Sie interessieren sich f\u00fcr unser Leistungsangebot und haben deshalb unsere Website besucht? Das freut uns sehr. Unser freundliches Team nimmt gerne Ihren Anruf entgegen oder beantwortet Ihre E-Mail.<\/p>","popseo_zusatztext":"<h3>Abdichten: Auf die Wirksamkeit k\u00f6nnen Sie sich verlassen<\/h3>\n<p>Sie haben einen N\u00e4sseschaden festgestellt und m\u00fcssen die entsprechenden W\u00e4nde nun schnellstens abdichten. Sch\u00f6n, dass Sie uns entdeckt haben! Als routiniertes Fachunternehmen der Baubranche kennen wir uns bestens aus mit dem Abdichten von Kellern, W\u00e4nden oder Mauern.  <\/p>\n<p>N\u00e4ssesch\u00e4den sind unsere Fachkompetenz: F\u00fcr unser Unternehmen geh\u00f6rt das Abdichten von Mauern, W\u00e4nden oder Kellern zur t\u00e4glichen Arbeit. Wir gehen der Ursache f\u00fcr den Feuchtigkeitseintritt gewissenhaft auf den Grund. Vor dem konkreten Abdichten muss allerdings die Ursachenforschung stehen. Erst wenn man den richtigen Grund f\u00fcr eine Durchfeuchtung gefunden hat, kann man mit dem Abdichten beginnen. Die Bestandsaufnahme gibt die Richtung vor, den das Abdichten eines Bauk\u00f6rpers beinhalten muss.  <\/p>\n<h4>Abdichten \u2013 wir helfen schnell und unkompliziert!<\/h4>\n<p>Z\u00f6gern Sie bitte nicht und verabreden Sie gleich jetzt einen Termin mit einem unserer routinierten Fachkr\u00e4fte. Ein kurzer Anruf beziehungsweise eine kurze Email reichen v\u00f6llig aus! Bei einer Begutachtung direkt am gesch\u00e4digten Objekt, nehmen wir den Schaden auf und entwerfen danach ein Konzept f\u00fcr das dauerhafte Abdichten der gesch\u00e4digten Bereiche. Unsere Arbeit ist immer zweckbezogen: Nat\u00fcrlich flie\u00dfen auch \u00f6konomische Aspekte in unsere Entscheidungsfindung f\u00fcr das Abdichten Ihres Hauses mit ein. Alles komplett aus einer Hand: Unsere motivierten Spezialisten f\u00fchren alle notwendigen Arbeiten, die zum Abdichten geh\u00f6ren zeitnah und zuverl\u00e4ssig aus. Schon seit langer Zeit ist unser Haus f\u00fcr eine hohe Qualit\u00e4t bekannt. Eine unserer Schwerpunkte liegt im Abdichten von Wohn- und Gesch\u00e4ftsgeb\u00e4uden. Vertrauen Sie auf Fachkompetenz und beauftragen Sie unser Unternehmen f\u00fcr das Abdichten von neuralgischen Stellen im Mauerwerk. Wir freuen uns darauf, auch Ihnen helfen zu d\u00fcrfen.<\/p>","popseo_links":"<a href=\"https:\/\/bautenschutz-keul.de\/angebote\/aufsteigende-feuchtigkeit-boizenburg\/\">aufsteigende Feuchtigkeit Boizenburg<\/a>, <a href=\"https:\/\/bautenschutz-keul.de\/angebote\/mauertrockenlegung-salzhausen\/\">Mauertrockenlegung Salzhausen<\/a>, <a href=\"https:\/\/bautenschutz-keul.de\/angebote\/zerstoerter-putz-bad-bevensen\/\">zerst\u00f6rter Putz Bad Bevensen<\/a>, <a href=\"https:\/\/bautenschutz-keul.de\/angebote\/feuchter-keller-amelinghausen\/\">Feuchter Keller Amelinghausen<\/a>, <a href=\"https:\/\/bautenschutz-keul.de\/angebote\/feuchte-wand-bardowick\/\">Feuchte Wand Bardowick<\/a>, <a href=\"https:\/\/bautenschutz-keul.de\/angebote\/salpeter-im-keller-maschen\/\">Salpeter im Keller Maschen<\/a>, <a href=\"https:\/\/bautenschutz-keul.de\/angebote\/mauertrockenlegung-amelinghausen\/\">Mauertrockenlegung Amelinghausen<\/a>, <a href=\"https:\/\/bautenschutz-keul.de\/angebote\/feuchte-wand-brietlingen\/\">Feuchte Wand Brietlingen<\/a>, <a href=\"https:\/\/bautenschutz-keul.de\/angebote\/aufsteigende-feuchtigkeit-bienenbuettel\/\">aufsteigende Feuchtigkeit Bienenb\u00fcttel<\/a>, <a href=\"https:\/\/bautenschutz-keul.de\/angebote\/feuchte-mauer-jesteburg\/\">Feuchte Mauer Jesteburg<\/a>, <a href=\"https:\/\/bautenschutz-keul.de\/angebote\/horizontalsperre-bardowick\/\">Horizontalsperre Bardowick<\/a>, <a href=\"https:\/\/bautenschutz-keul.de\/angebote\/schimmelsanierung-bardowick\/\">Schimmelsanierung Bardowick<\/a>, <a href=\"https:\/\/bautenschutz-keul.de\/angebote\/feuchte-wand-boizenburg\/\">Feuchte Wand Boizenburg<\/a>, <a href=\"https:\/\/bautenschutz-keul.de\/angebote\/aufsteigende-feuchtigkeit-reppenstedt\/\">aufsteigende Feuchtigkeit Reppenstedt<\/a>, <a href=\"https:\/\/bautenschutz-keul.de\/angebote\/schimmelsanierung-bispingen\/\">Schimmelsanierung Bispingen<\/a>, <a href=\"https:\/\/bautenschutz-keul.de\/angebote\/salpeter-im-keller-adendorf\/\">Salpeter im Keller Adendorf<\/a>, <a href=\"https:\/\/bautenschutz-keul.de\/angebote\/aussenabdichtung-amelinghausen\/\">Au\u00dfenabdichtung Amelinghausen<\/a>, <a href=\"https:\/\/bautenschutz-keul.de\/angebote\/kellersanierung-stelle\/\">Kellersanierung Stelle<\/a>, <a href=\"https:\/\/bautenschutz-keul.de\/angebote\/schimmelbeseitigung-boizenburg\/\">Schimmelbeseitigung Boizenburg<\/a>, <a href=\"https:\/\/bautenschutz-keul.de\/angebote\/rissverpressung-buechen\/\">Rissverpressung B\u00fcchen<\/a>, <a href=\"https:\/\/bautenschutz-keul.de\/angebote\/salpeter-im-keller-winsen-luhe\/\">Salpeter im Keller Winsen Luhe<\/a>, <a href=\"https:\/\/bautenschutz-keul.de\/angebote\/feuchtigkeitsschaden-geesthacht\/\">Feuchtigkeitsschaden Geesthacht<\/a>, <a href=\"https:\/\/bautenschutz-keul.de\/angebote\/schimmelsanierung-ebstorf\/\">Schimmelsanierung Ebstorf<\/a>, <a href=\"https:\/\/bautenschutz-keul.de\/angebote\/innenabdichtung-hanstedt\/\">Innenabdichtung Hanstedt<\/a>, <a href=\"https:\/\/bautenschutz-keul.de\/angebote\/kellerabdichtung-glinde-sachsenwald\/\">Kellerabdichtung Glinde Sachsenwald<\/a>, <a href=\"https:\/\/bautenschutz-keul.de\/angebote\/zerstoerter-putz-seevetal-rosengarten\/\">zerst\u00f6rter Putz Seevetal Rosengarten<\/a>, <a href=\"https:\/\/bautenschutz-keul.de\/angebote\/feuchte-wand-bienenbuettel\/\">Feuchte Wand Bienenb\u00fcttel<\/a>, <a href=\"https:\/\/bautenschutz-keul.de\/angebote\/schimmel-bergedorf-wentorf\/\">Schimmel Bergedorf Wentorf<\/a>"},"_links":{"self":[{"href":"https:\/\/bautenschutz-keul.de\/angebote\/wp-json\/wp\/v2\/pages\/247","targetHints":{"allow":["GET"]}}],"collection":[{"href":"https:\/\/bautenschutz-keul.de\/angebote\/wp-json\/wp\/v2\/pages"}],"about":[{"href":"https:\/\/bautenschutz-keul.de\/angebote\/wp-json\/wp\/v2\/types\/page"}],"author":[{"embeddable":true,"href":"https:\/\/bautenschutz-keul.de\/angebote\/wp-json\/wp\/v2\/users\/1"}],"replies":[{"embeddable":true,"href":"https:\/\/bautenschutz-keul.de\/angebote\/wp-json\/wp\/v2\/comments?post=247"}],"version-history":[{"count":0,"href":"https:\/\/bautenschutz-keul.de\/angebote\/wp-json\/wp\/v2\/pages\/247\/revisions"}],"wp:attachment":[{"href":"https:\/\/bautenschutz-keul.de\/angebote\/wp-json\/wp\/v2\/media?parent=247"}],"curies":[{"name":"wp","href":"https:\/\/api.w.org\/{rel}","templated":true}]}}