{"id":251,"date":"2021-09-13T08:43:43","date_gmt":"2021-09-13T06:43:43","guid":{"rendered":"https:\/\/bautenschutz-keul.de\/angebote\/feuchtigkeit-geesthacht\/"},"modified":"2021-09-13T08:43:43","modified_gmt":"2021-09-13T06:43:43","slug":"feuchtigkeit-geesthacht","status":"publish","type":"page","link":"https:\/\/bautenschutz-keul.de\/angebote\/feuchtigkeit-geesthacht\/","title":{"rendered":"Feuchtigkeit &#8211; Geesthacht"},"content":{"rendered":"<h3>Sie ben\u00f6tigen Hilfe gegen Feuchtigkeit? Dann rufen Sie uns bitte an!<\/h3>\n<p>Unbehandelt kann sich eindringende Feuchtigkeit zu einem ernstzunehmenden Problem entwickeln. Entsprechend gut beraten sind Hausbesitzer, wenn sie sich fr\u00fchzeitig \u00fcber denkbare Sanierungspraktiken informieren. Feuchtigkeit in den W\u00e4nden muss nicht zwangsl\u00e4ufig zeitaufw\u00e4ndige Sanierungen zur Folge haben. Zur rechten Zeit bemerkt, kann sich der Sanierungsaufwand meistens in Grenzen halten. Feuchtigkeit, die sich dauerhaft in den Mauern festsetzt, kann ganz zweifellos schwerwiegende Einfl\u00fcsse auf gesundheitliche Verfassung und Wohlergehen der Immobiliennutzer haben. Deshalb ist es \u00e4u\u00dferst erforderlich, rechtzeitig gegen Feuchtigkeit vorzugehen.    <\/p>\n<p>Feuchtigkeit aus dem Mauerwerk zu eliminieren ist eine Aufgabe f\u00fcr den Fachmann. Geeignete Ma\u00dfnahmen, wie man Feuchtigkeit wirksam verhindert, kennt nur ein gut ausgebildeter Profi. Bevor mit der Arbeit angefangen werden kann, ist eine detaillierte Suche der Gr\u00fcnde f\u00fcr die Bildung von Feuchtigkeit erforderlich. Feuchtigkeit im Geb\u00e4ude l\u00e4sst sich ohne eine eingehende Kl\u00e4rung nicht nachhaltig beheben. Eindringende Feuchtigkeit kann etliche Ursachen haben. Immer wieder liegt die Ursache in einer nicht ausreichenden Luftzufuhr. Genauso kann eine nicht entdeckte Undichtigkeit an einem Abflussrohr<br \/>\nder Grund f\u00fcr die Feuchtigkeit sein. <\/p>\n<h3>Feuchtigkeit: Kompetent und erfahren bei der Sanierung<\/h3>\n<p>Findet man den Grund, kann man Feuchtigkeit in der Regel zeitnah<br \/>\nund unproblematisch eliminieren. Extern einsickernde Feuchtigkeit ist ein wiederholtes Thema. Beispielsweise ist es m\u00f6glich, dass hochstehendes Grundwasser dazu f\u00fchrt, dass st\u00e4ndig Feuchtigkeit in das Mauerwerk sickert. Genauso erleichtert eine Lage am Hang einen dauernden Feuchtigkeitseintritt. In diesen F\u00e4llen sind allemal einschneidende Anwendungen zur Sanierung anzuwenden.<\/p>\n","protected":false},"excerpt":{"rendered":"<p>Sie ben\u00f6tigen Hilfe gegen Feuchtigkeit? Dann rufen Sie uns bitte an! Unbehandelt kann sich eindringende Feuchtigkeit zu einem ernstzunehmenden Problem entwickeln. Entsprechend gut beraten sind Hausbesitzer, wenn sie sich fr\u00fchzeitig \u00fcber denkbare Sanierungspraktiken informieren. Feuchtigkeit in den W\u00e4nden muss nicht zwangsl\u00e4ufig zeitaufw\u00e4ndige Sanierungen zur Folge haben. Zur rechten Zeit bemerkt, kann sich der Sanierungsaufwand meistens [&hellip;]<\/p>\n","protected":false},"author":1,"featured_media":0,"parent":0,"menu_order":0,"comment_status":"closed","ping_status":"closed","template":"","meta":{"footnotes":""},"class_list":["post-251","page","type-page","status-publish","hentry"],"meta_box":{"popseo_subtitel":"Wir sind Ihr erfahrener Experte beim Kampf gegen Feuchtigkeit im Raum Geesthacht","popseo_subtitel2":"Feuchtigkeit - ein Problem, dem man sich stellen muss","popseo_lasttitel":"Feuchtigkeit: Treten Sie in Kontakt mit uns!","popseo_region":"Geesthacht","popseo_sachwort":"Feuchtigkeit","popseo_noupdate":"","popseo_einleitungstext":"<p>Sie haben sich mit dem Thema Bauwerksabdichtung besch\u00e4ftigt, da Ihre Immobilie feuchte Geb\u00e4udeteile aufweist und Sie nach M\u00f6glichkeiten einer professionellen und vor allem wirksamen Sanierung Ausschau halten. Sch\u00f6n, dass Sie unsere Website besuchen. Nachfolgend m\u00f6chten wir Ihnen einige Informationen zu unserem Leistungsangebot geben. Sie lernen auf dieser Website unsere Firma etwas n\u00e4her kennen. <\/p>\n<p>Die Firma TK-Geb\u00e4udetechnik Thorsten Keul ist ein qualifizierter und etablierter Fachbetrieb mit Sitz in Brietlingen bei L\u00fcneburg. Bereits seit vielen Jahren sind wir Ihre Experten f\u00fcr s\u00e4mtliche Fragen rund um Geb\u00e4udeabdichtung. Wir setzen ausschlie\u00dflich praxisbew\u00e4hrte und effektive Sanierungssysteme und -methoden ein. Als Fachbetrieb f\u00fcr Abdichtung und Sanierung schauen wir auf eine lange und intensive Berufserfahrung zur\u00fcck. Unsere versierten Fachleute informieren Sie sehr gerne im Detail.<\/p>","popseo_schlusstext":"<p>Ihre Zufriedenheit freut uns und ist uns ein steter Ansporn. Know-how, Zuverl\u00e4ssigkeit und Fachkompetenz garantieren erfolgreiche Trockenlegungs- und Sanierungsprojekte. Unsere Experten freuen sich \u00fcber Ihre Kontaktaufnahme, ganz egal ob durch Griff zum Telefonh\u00f6rer oder Mail.<\/p>","popseo_stadttext":"<h3>Zufriedene Kunden haben wir auch in Geesthacht<\/h3>\n<p>Wir betreuen Kunden aus Geesthacht und Umgebung. Durch unsere Gesch\u00e4ftst\u00e4tigkeit haben wir uns einen ausgezeichneten \u00dcberblick \u00fcber die Stadtarchitektur der St\u00e4dte und Gemeinden unseres Einzugsbereiches erarbeiten k\u00f6nnen. Nat\u00fcrlich geh\u00f6rt auch Ihre Region zu unserem unmittelbaren Gesch\u00e4ftsgebiet. Wir freuen uns darauf, mit Ihnen ins Gespr\u00e4ch zu kommen. <\/p>\n<h3>Lebensmittelpunkt Geesthacht<\/h3>\n<p>Im S\u00fcdosten von Hamburg, direkt am Elbufer findet man Geesthacht, die gr\u00f6\u00dfte Stadt des Kreises Herzogtum Lauenburg in Schleswig-Holstein. Geesthacht geh\u00f6rt bereits zu der Metropolregion Hamburg. Zur City von Hamburg sind es in etwa 30 Kilometer, bis zum n\u00e4chstgelegenen Stadtteil Hamburg-Bergedorf knapp 12 km.<br \/>\nInnovationen und Fortschritt stehen f\u00fcr den Ort Geesthacht. Beispielhaft hierf\u00fcr sind das Pumpspeicherwerk, der Forschungsreaktor Geesthacht und das Kernkraftwerk Kr\u00fcmmel. Sie machen Geesthacht zu dem gr\u00f6\u00dften Nuklear- und Energiestandort in Norddeutschland. Wen wundert es also, dass Geesthacht mit gut 50 Mio EUR R\u00fccklagen den 1. Rang unter den reichsten St\u00e4dten Schleswig-Holsteins belegt. Entscheidend hief\u00fcr sind allerdings die Gelder des AKW.<\/p>\n<p>Die Stadt Geesthacht erreicht man mit dem Auto aus s\u00fcdlicher Richtung \u00fcber die Bundesstra\u00dfe 404. \u00dcber sie hat man auch Verbindung zur A25, \u00fcber die man auf direktem Wege nach Hamburg kommt. Parallel zur Autobahn verl\u00e4uft die Bundesstra\u00dfe B5, die geradewegs von Hamburg-Bergedorf durch die Innenstadt von Geesthacht f\u00fchrt und in Lauenburg endet.<br \/>\nAuch mit \u00f6ffentlichen Verkehrsmitteln kann man, dank der Vernetzung mit dem HVV, Geesthacht einfach erreichen. Aufgrund der direkten Nachbarschaft zum Hamburger Stadtgebiet bringt Sie der Bus bequem, innerhalb von 20 Minuten nach Hamburg.<\/p>\n<h4>Privat- und Gesch\u00e4ftskunden aus Geesthacht sch\u00e4tzen unsere Leistungen!<\/h4>\n<p>Klasse, das Sie unsere Internetseite entdeckt haben. Wenn Sie eine erfahrene Fachfirma ben\u00f6tigen, sind Sie bei uns richtig. Sie m\u00f6chten mehr \u00fcber uns wissen? F\u00fcr R\u00fcckfragen stehen wir Ihnen jederzeit zur Verf\u00fcgung. Unser engagiertes Team freut sich auf Sie.<\/p>","popseo_zusatztext":"<h3>Abdichten: Wir bieten eine erstklassige Sanierungsarbeit<\/h3>\n<p>Sie haben einen Feuchtigkeitsschaden festgestellt und m\u00fcssen die entsprechenden W\u00e4nde nun z\u00fcgig abdichten. Sch\u00f6n, dass Sie uns gefunden haben! Als routiniertes Fachunternehmen der Baubranche kennen wir uns allerbestens aus mit dem Abdichten von W\u00e4nden, Mauern oder Kellern.  <\/p>\n<p>Feuchtigkeitssch\u00e4den sind unser Gesch\u00e4ft: F\u00fcr unsere Firma geh\u00f6rt das Abdichten von W\u00e4nden, Mauern oder Kellern zur allt\u00e4glichen Arbeit. Wir gehen der Ursache f\u00fcr den Feuchtigkeitseintritt gr\u00fcndlich auf den Grund. Vor dem eigentlichen Abdichten muss als Erstes die Ursachenfindung stehen. Erst wenn man den tats\u00e4chlichen Grund f\u00fcr eine Durchn\u00e4ssung gefunden hat, kann man mit dem Abdichten anfangen. Die Begutachtung gibt die Marschrichtung vor, den das Abdichten eines Bauk\u00f6rpers beinhalten muss.  <\/p>\n<h4>Abdichten: Wir helfen verl\u00e4sslich und kompetent!<\/h4>\n<p>Warten Sie bitte nicht und verabreden Sie gleich ein Treffen mit einem unserer qualifizierten Mitarbeiter. Ein kurzer Telefonanruf beziehungsweise eine kurze eMail reichen v\u00f6llig aus! Bei einer Analyse direkt am betroffenen Objekt, nehmen wir den Schaden auf und erstellen danach ein Konzept f\u00fcr das dauerhafte Abdichten der entsprechenden Stellen. Unsere Arbeit ist immer zweckbezogen: Nat\u00fcrlich flie\u00dfen auch \u00f6konomische Gesichtspunkte in unsere Entscheidungsfindung f\u00fcr das Abdichten Ihres Geb\u00e4udes mit ein. Alles komplett aus einer Hand: Unsere dynamischen Fachkr\u00e4fte f\u00fchren s\u00e4mtliche notwendigen Arbeiten, die zum Abdichten geh\u00f6ren zeitnah und zuverl\u00e4ssig aus. Bereits seit Jahren ist unser Haus f\u00fcr eine hohe Fachkompetenz bekannt. Eine unserer Kernkompetenzen liegt im Abdichten von Wohn- und Gesch\u00e4ftsgeb\u00e4uden. Setzen Sie auf Kompetenz und beauftragen Sie uns f\u00fcr das Abdichten von neuralgischen Stellen im Mauerwerk. Wir freuen uns darauf, auch Ihnen helfen zu k\u00f6nnen.<\/p>","popseo_links":"<a href=\"https:\/\/bautenschutz-keul.de\/angebote\/horizontalsperre-bienenbuettel\/\">Horizontalsperre Bienenb\u00fcttel<\/a>, <a href=\"https:\/\/bautenschutz-keul.de\/angebote\/innenabdichtung-buechen\/\">Innenabdichtung B\u00fcchen<\/a>, <a href=\"https:\/\/bautenschutz-keul.de\/angebote\/schimmelsanierung-seevetal-rosengarten\/\">Schimmelsanierung Seevetal Rosengarten<\/a>, <a href=\"https:\/\/bautenschutz-keul.de\/angebote\/feuchtigkeitsschaden-bispingen\/\">Feuchtigkeitsschaden Bispingen<\/a>, <a href=\"https:\/\/bautenschutz-keul.de\/angebote\/kellerabdichtung-geesthacht\/\">Kellerabdichtung Geesthacht<\/a>, <a href=\"https:\/\/bautenschutz-keul.de\/angebote\/feuchte-wand-bispingen\/\">Feuchte Wand Bispingen<\/a>, <a href=\"https:\/\/bautenschutz-keul.de\/angebote\/salpeter-im-keller-stelle\/\">Salpeter im Keller Stelle<\/a>, <a href=\"https:\/\/bautenschutz-keul.de\/angebote\/feuchte-mauer-winsen-luhe\/\">Feuchte Mauer Winsen Luhe<\/a>, <a href=\"https:\/\/bautenschutz-keul.de\/angebote\/horizontalsperre-maschen\/\">Horizontalsperre Maschen<\/a>, <a href=\"https:\/\/bautenschutz-keul.de\/angebote\/kellerabdichtung-bergedorf-wentorf\/\">Kellerabdichtung Bergedorf Wentorf<\/a>, <a href=\"https:\/\/bautenschutz-keul.de\/angebote\/aufsteigende-feuchtigkeit-bad-bevensen\/\">aufsteigende Feuchtigkeit Bad Bevensen<\/a>, <a href=\"https:\/\/bautenschutz-keul.de\/angebote\/bauwerksabdichtung-glinde-sachsenwald\/\">Bauwerksabdichtung Glinde Sachsenwald<\/a>, <a href=\"https:\/\/bautenschutz-keul.de\/angebote\/feuchtigkeitsschaden-stelle\/\">Feuchtigkeitsschaden Stelle<\/a>, <a href=\"https:\/\/bautenschutz-keul.de\/angebote\/kellersanierung-lueneburg\/\">Kellersanierung L\u00fcneburg<\/a>, <a href=\"https:\/\/bautenschutz-keul.de\/angebote\/zerstoerter-putz-salzhausen\/\">zerst\u00f6rter Putz Salzhausen<\/a>, <a href=\"https:\/\/bautenschutz-keul.de\/angebote\/aussenabdichtung-reinbek-aumuehle\/\">Au\u00dfenabdichtung Reinbek Aum\u00fchle<\/a>, <a href=\"https:\/\/bautenschutz-keul.de\/angebote\/schimmelsanierung-lueneburg\/\">Schimmelsanierung L\u00fcneburg<\/a>, <a href=\"https:\/\/bautenschutz-keul.de\/angebote\/innenabdichtung-boizenburg\/\">Innenabdichtung Boizenburg<\/a>, <a href=\"https:\/\/bautenschutz-keul.de\/angebote\/innenabdichtung-winsen-luhe\/\">Innenabdichtung Winsen Luhe<\/a>, <a href=\"https:\/\/bautenschutz-keul.de\/angebote\/salpeter-im-keller-geesthacht\/\">Salpeter im Keller Geesthacht<\/a>, <a href=\"https:\/\/bautenschutz-keul.de\/angebote\/innenabdichtung-bispingen\/\">Innenabdichtung Bispingen<\/a>, <a href=\"https:\/\/bautenschutz-keul.de\/angebote\/innenabdichtung-bergedorf-wentorf\/\">Innenabdichtung Bergedorf Wentorf<\/a>, <a href=\"https:\/\/bautenschutz-keul.de\/angebote\/aufsteigende-feuchtigkeit-hanstedt\/\">aufsteigende Feuchtigkeit Hanstedt<\/a>, <a href=\"https:\/\/bautenschutz-keul.de\/angebote\/feuchte-mauer-geesthacht\/\">Feuchte Mauer Geesthacht<\/a>, <a href=\"https:\/\/bautenschutz-keul.de\/angebote\/feuchte-mauer-brietlingen\/\">Feuchte Mauer Brietlingen<\/a>, <a href=\"https:\/\/bautenschutz-keul.de\/angebote\/feuchter-keller-glinde-sachsenwald\/\">Feuchter Keller Glinde Sachsenwald<\/a>, <a href=\"https:\/\/bautenschutz-keul.de\/angebote\/feuchtigkeitsschaden-buchholz-in-der-nordheide\/\">Feuchtigkeitsschaden Buchholz in der Nordheide<\/a>, <a href=\"https:\/\/bautenschutz-keul.de\/angebote\/aussenabdichtung-maschen\/\">Au\u00dfenabdichtung Maschen<\/a>"},"_links":{"self":[{"href":"https:\/\/bautenschutz-keul.de\/angebote\/wp-json\/wp\/v2\/pages\/251","targetHints":{"allow":["GET"]}}],"collection":[{"href":"https:\/\/bautenschutz-keul.de\/angebote\/wp-json\/wp\/v2\/pages"}],"about":[{"href":"https:\/\/bautenschutz-keul.de\/angebote\/wp-json\/wp\/v2\/types\/page"}],"author":[{"embeddable":true,"href":"https:\/\/bautenschutz-keul.de\/angebote\/wp-json\/wp\/v2\/users\/1"}],"replies":[{"embeddable":true,"href":"https:\/\/bautenschutz-keul.de\/angebote\/wp-json\/wp\/v2\/comments?post=251"}],"version-history":[{"count":0,"href":"https:\/\/bautenschutz-keul.de\/angebote\/wp-json\/wp\/v2\/pages\/251\/revisions"}],"wp:attachment":[{"href":"https:\/\/bautenschutz-keul.de\/angebote\/wp-json\/wp\/v2\/media?parent=251"}],"curies":[{"name":"wp","href":"https:\/\/api.w.org\/{rel}","templated":true}]}}