{"id":254,"date":"2021-09-13T08:43:43","date_gmt":"2021-09-13T06:43:43","guid":{"rendered":"https:\/\/bautenschutz-keul.de\/angebote\/feuchtigkeit-harburg\/"},"modified":"2021-09-13T08:43:43","modified_gmt":"2021-09-13T06:43:43","slug":"feuchtigkeit-harburg","status":"publish","type":"page","link":"https:\/\/bautenschutz-keul.de\/angebote\/feuchtigkeit-harburg\/","title":{"rendered":"Feuchtigkeit &#8211; Harburg"},"content":{"rendered":"<h3>Feuchtigkeit: Unsere Fachhandwerker beheben den Schaden!<\/h3>\n<p>Unbehandelt kann sich eindringende Feuchtigkeit zu einem ersthaften Problem heranbilden. Dementsprechend gut beraten sind Immobilienbesitzer, wenn sie sich zeitig \u00fcber denkbare Sanierungspraktiken kundig machen. Feuchtigkeit in den Mauern muss nicht gezwungenerma\u00dfen zeitaufw\u00e4ndige Instandsetzungen nach sich ziehen. Fr\u00fch genug bemerkt, kann sich der Sanierungsaufwand meistens in Grenzen halten. Feuchtigkeit, die sich auf Dauer in den W\u00e4nden festsetzt, kann ganz ohne Zweifel schlechte Folgen auf gesundheitliche Verfassung und Wohl der Immobiliennutzer haben. Deshalb ist es ungemein erforderlich, sofort gegen Feuchtigkeit vorzugehen.    <\/p>\n<p>Feuchtigkeit aus der Bausubstanz zu eliminieren ist eine Angelegenheit f\u00fcr den Spezialisten. Geeignete Ma\u00dfnahmen, wie man Feuchtigkeit wirksam bek\u00e4mpft, wei\u00df nur ein sehr gut ausgebildeter Spezialist. Ehe mit der Arbeit angefangen werden kann, ist eine eingehende Analyse der Ursachen f\u00fcr die Bildung von Feuchtigkeit von N\u00f6ten. Feuchtigkeit im Geb\u00e4ude l\u00e4sst sich ohne eine exakte Pr\u00fcfung nicht l\u00e4ngerfristig bek\u00e4mpfen. Ins Geb\u00e4ude eindringende Feuchtigkeit kann zahlreiche Gr\u00fcnde haben. Immer wieder liegt die Ursache in einer mangelhaften Luftzufuhr. Auch kann eine unentdeckte Undichtigkeit an einem Abflussrohr<br \/>\ndie Ursache f\u00fcr die Feuchtigkeit sein. <\/p>\n<h3>Feuchtigkeit: Kompetent und erfahren bei der Sanierung<\/h3>\n<p>Findet man den Grund, kann man Feuchtigkeit erfahrungsgem\u00e4\u00df rasch<br \/>\nund einfach beseitigen. Von au\u00dfen eindringende Feuchtigkeit ist ein laufendes Problem. So ist es vorstellbar, dass hochstehendes Grundwasser der Grund daf\u00fcr ist, dass best\u00e4ndig Feuchtigkeit in das Mauerwerk sickert. Ebenfalls beg\u00fcnstigt eine Lage am Hang einen wiederkehrenden Feuchtigkeitseintritt. In diesen F\u00e4llen sind unbedingt intensivere Ma\u00dfnahmen zur Sanierung zu w\u00e4hlen.<\/p>\n","protected":false},"excerpt":{"rendered":"<p>Feuchtigkeit: Unsere Fachhandwerker beheben den Schaden! Unbehandelt kann sich eindringende Feuchtigkeit zu einem ersthaften Problem heranbilden. Dementsprechend gut beraten sind Immobilienbesitzer, wenn sie sich zeitig \u00fcber denkbare Sanierungspraktiken kundig machen. Feuchtigkeit in den Mauern muss nicht gezwungenerma\u00dfen zeitaufw\u00e4ndige Instandsetzungen nach sich ziehen. Fr\u00fch genug bemerkt, kann sich der Sanierungsaufwand meistens in Grenzen halten. Feuchtigkeit, die [&hellip;]<\/p>\n","protected":false},"author":1,"featured_media":0,"parent":0,"menu_order":0,"comment_status":"closed","ping_status":"closed","template":"","meta":{"footnotes":""},"class_list":["post-254","page","type-page","status-publish","hentry"],"meta_box":{"popseo_subtitel":"Wir sind Ihr Fachunternehmen beim Kampf gegen Feuchtigkeit in Harburg","popseo_subtitel2":"Feuchtigkeit - ein Problem, dem man sich stellen muss","popseo_lasttitel":"Feuchtigkeit: Wir beantworten Ihre Fragen!","popseo_region":"Harburg","popseo_sachwort":"Feuchtigkeit","popseo_noupdate":"","popseo_einleitungstext":"<p>Sie haben sich mit der Bauwerksabdichtung auseinandergesetzt, da Ihr Wohn- oder Gesch\u00e4ftshaus feuchte Geb\u00e4udeteile aufweist und Sie nach Methoden einer professionellen und vor allem wirksamen Sanierung Ausschau halten. Gut, dass Sie unseren Internetauftritt entdeckt haben. Nachfolgend m\u00f6chten wir Ihnen n\u00e4here Informationen zu unserem Leistungsspektrum geben. Sie lernen auf dieser Internetseite unsere Firma n\u00e4her kennen. <\/p>\n<p>Unser Unternehmen ist ein versierter und etablierter Fachbetrieb mit Sitz in Brietlingen bei L\u00fcneburg. Bereits seit vielen Jahren sind wir Ihr Fachpartner f\u00fcr alle auftretenden Fragen rund um Geb\u00e4udeabdichtung. Wir setzen ausschlie\u00dflich effektive und praxisbew\u00e4hrte Sanierungsmethoden und -systeme ein. Als Sanierungsfachbetrieb blicken wir auf eine lange Berufserfahrung zur\u00fcck. Unsere gut geschulten Fachkr\u00e4fte informieren Sie mit Vergn\u00fcgen im Detail.<\/p>","popseo_schlusstext":"<p>Wenn Sie einen qualifizierten Fachbetrieb f\u00fcr die Bauwerksabdichtung ben\u00f6tigen, sind Sie bei uns an der richtigen Adresse. Sie m\u00f6chten mehr \u00fcber uns wissen? Als auf Sanierung spezialisierte Fachfirma sind wir f\u00fcr die Realisierung Ihres Vorhabens der richtige Partner und freuen uns \u00fcber Ihre Kontaktaufnahme, egal ob per Griff zum Telefonh\u00f6rer oder E-Mail. Worauf Sie neben unserem fachlichen Know-how setzen d\u00fcrfen: Unser Expertenteam ist immer mit Elan und viel Motivation bei der Sache. Wir freuen uns auf das Gespr\u00e4ch mit Ihnen!<\/p>","popseo_stadttext":"<h3>F\u00fcr Sie da in Harburg<\/h2>\n<p>Durch unsere Gesch\u00e4ftst\u00e4tigkeit haben wir uns einen ausgezeichneten \u00dcberblick \u00fcber die Architektur der St\u00e4dte und Gemeinden unseres Einzugsbereiches machen k\u00f6nnen. Nat\u00fcrlich geh\u00f6rt auch Harburg zu unserem unmittelbaren Wirkungskreis. Wir freuen uns darauf, mit Ihnen in Kontakt zu kommen. <\/p>\n<h3>Gute Gr\u00fcnde sprechen f\u00fcr den Wohnort Harburg<\/h3>\n<p>Harburg ist ein Stadtteil der Gro\u00dfstadt Hamburg. Harburg war einstmals eigenst\u00e4ndig. 1927 erfolgte zun\u00e4chst die Vereinigung mit Wilhelmsburg zur fr\u00fcher 110.000 Einwohner z\u00e4hlenden Stadt Harburg-Wilhelmsburg. Zehn Jahre sp\u00e4ter gliederte man schlie\u00dflich dieses neu entstandene Stadtkonstrukt dem Hamburger Staat zu. Harburg verlor damit seine Autonomie. Im Jahre 1951 entstand auch der Verwaltungsbezirk Harburg. Harburg ist an der S\u00fcderelbe gelegen. Der Stadtteil grenzt an Wilhelmsburg und Hamburg-Neuland sowie an die nieders\u00e4chsischen Kreise Harburg und Stade.  <\/p>\n<h3>Harburg hat Charme!<\/h3>\n<p>Insbesondere der Ausbau des Binnenhafens zur Mitte des 19. Jahrhunderts war f\u00fcr die Weiterentwicklung von Harburg bedeutend. Die kautschuk- und \u00f6lverarbeitende Industrie sorgte in Harburg f\u00fcr einen anhaltenden Aufschwung. Ab den 60er Jahren zog sich die Hafenindustrie mehr und mehr aus Harburg zur\u00fcck. Best\u00e4ndig mehr Geb\u00e4ude und Industriegebiete lagen brach. Der Strukturwandel wirkte sich in starkem Ma\u00dfe auf das Leben im Stadtteil Harburg aus. <\/p>\n<p>In den letzten Jahrzehnten hat sich Harburg sichtlich entwickelt und sich vor allem als Wohngegend einen Namen erworben. Die Infrastruktur von Harburg ist ausgezeichnet: Das Zentrum hat sich zu einem Einzelhandelszentrum entwickelt. Allein drei gro\u00dfe Shoppingcenter sind in Harburg zuhause. Der Stadtteil verf\u00fcgt au\u00dferdem \u00fcber zahlreiche ruhige und h\u00fcbsch gelegene Wohngebiete. Ein weiterer Pluspunkt: Mit der S-Bahn braucht man nur rund 15 Minuten bis zum Hamburger Hauptbahnhof. In den vergangenen Jahren wurden etliche Neubauprojekte in Harburg gestartet. Speziell der hafennahe Bereich um die Schlossinsel Harburg und das Gebiet um den Veritaskai wurden st\u00e4dtebaulich erneuert. Harburg ist f\u00fcr sein Bildungsangebot bekannt. Die Technische Universit\u00e4t Hamburg-Harburg, die K\u00fchne School of Logistics und das Northern Institut of Technology genie\u00dfen einen guten Ruf. <\/p>\n<h4>Hohe Qualit\u00e4t f\u00fcr Kunden aus Harburg<\/h4>\n<p>Sie interessieren sich f\u00fcr unser Angebot und sind hier im Internet auf unsere Homepage gesto\u00dfen? Das freut uns sehr. Gerne pr\u00e4sentieren wir Ihnen unser gesamtes Leistungsspektrum und beantworten Ihre Fragen. Unser engagiertes Team freut sich auf Sie.<\/p>","popseo_zusatztext":"<h3>Erstklassiges Abdichten ist uns wichtig<\/h3>\n<p>Sie haben einen N\u00e4sseschaden festgestellt und m\u00fcssen die betroffenen Mauerstellen nun z\u00fcgig abdichten. Sehr gut, dass Sie uns entdeckt haben! Als routiniertes Fachunternehmen der Baubranche kennen wir uns sehr gut aus mit dem Abdichten von W\u00e4nden, Kellern oder Mauern.  <\/p>\n<p>Feuchtigkeitssch\u00e4den sind unser Metier: F\u00fcr unser Unternehmen geh\u00f6rt das Abdichten von Kellern, Mauern oder W\u00e4nden zur allt\u00e4glichen Arbeit. Wir gehen der Ursache f\u00fcr den Feuchtigkeitseintritt sorgf\u00e4ltig auf den Grund. Vor dem eigentlichen Abdichten muss allerdings die Ursachenfindung stehen. Erst wenn man den definitiven Grund f\u00fcr eine Durchn\u00e4ssung entdeckt hat, kann man mit dem Abdichten beginnen. Die Bestandsaufnahme gibt die Richtung vor, den das Abdichten eines Bauk\u00f6rpers umfassen muss.  <\/p>\n<h4>Abdichten: Schnelle Hilfe durch den Fachbetrieb!<\/h4>\n<p>Warten Sie bitte nicht und verabreden Sie gleich einen Termin mit einem unserer routinierten Mitarbeiter. Ein kurzer Anruf oder eine kurze e-Mail gen\u00fcgen! Bei einer Analyse direkt am entsprechenden Objekt, nehmen wir den Schaden auf und entwerfen danach ein Konzept f\u00fcr das nachhaltige Abdichten der betroffenen Stellen. Unsere Arbeit ist grunds\u00e4tzlich zweckorientiert: Nat\u00fcrlich flie\u00dfen auch wirtschaftliche \u00dcberlegungen in unsere Entscheidungsfindung f\u00fcr das Abdichten Ihres Geb\u00e4udes mit ein. Komplett aus einer Hand: Unsere dynamischen Mitarbeiter f\u00fchren alle erforderlichen Arbeiten, die zum Abdichten dazugeh\u00f6ren schnell und zuverl\u00e4ssig aus. Schon seit langer Zeit ist unser Haus f\u00fcr eine hohe Qualit\u00e4t bekannt. Eine unserer Schwerpunkte liegt im Abdichten von Wohn- und Gesch\u00e4ftsgeb\u00e4uden. Vertrauen Sie auf Kompetenz und beauftragen Sie unsere Firma f\u00fcr das Abdichten von neuralgischen Bereichen im Mauerwerk. Wir freuen uns darauf, auch Ihnen helfen zu d\u00fcrfen.<\/p>","popseo_links":"<a href=\"https:\/\/bautenschutz-keul.de\/angebote\/horizontalsperre-maschen\/\">Horizontalsperre Maschen<\/a>, <a href=\"https:\/\/bautenschutz-keul.de\/angebote\/feuchte-wand-adendorf\/\">Feuchte Wand Adendorf<\/a>, <a href=\"https:\/\/bautenschutz-keul.de\/angebote\/feuchte-mauer-buechen\/\">Feuchte Mauer B\u00fcchen<\/a>, <a href=\"https:\/\/bautenschutz-keul.de\/angebote\/schimmelbeseitigung-amelinghausen\/\">Schimmelbeseitigung Amelinghausen<\/a>, <a href=\"https:\/\/bautenschutz-keul.de\/angebote\/aufsteigende-feuchtigkeit-brietlingen\/\">aufsteigende Feuchtigkeit Brietlingen<\/a>, <a href=\"https:\/\/bautenschutz-keul.de\/angebote\/aufsteigende-feuchtigkeit-amelinghausen\/\">aufsteigende Feuchtigkeit Amelinghausen<\/a>, <a href=\"https:\/\/bautenschutz-keul.de\/angebote\/feuchter-keller-brietlingen\/\">Feuchter Keller Brietlingen<\/a>, <a href=\"https:\/\/bautenschutz-keul.de\/angebote\/aufsteigende-feuchtigkeit-winsen-luhe\/\">aufsteigende Feuchtigkeit Winsen Luhe<\/a>, <a href=\"https:\/\/bautenschutz-keul.de\/angebote\/zerstoerter-putz-buechen\/\">zerst\u00f6rter Putz B\u00fcchen<\/a>, <a href=\"https:\/\/bautenschutz-keul.de\/angebote\/aussenabdichtung-bergedorf-wentorf\/\">Au\u00dfenabdichtung Bergedorf Wentorf<\/a>, <a href=\"https:\/\/bautenschutz-keul.de\/angebote\/feuchte-wand-bergedorf-wentorf\/\">Feuchte Wand Bergedorf Wentorf<\/a>, <a href=\"https:\/\/bautenschutz-keul.de\/angebote\/aufsteigende-feuchtigkeit-jesteburg\/\">aufsteigende Feuchtigkeit Jesteburg<\/a>, <a href=\"https:\/\/bautenschutz-keul.de\/angebote\/schimmelbeseitigung-bergedorf-wentorf\/\">Schimmelbeseitigung Bergedorf Wentorf<\/a>, <a href=\"https:\/\/bautenschutz-keul.de\/angebote\/zerstoerter-putz-brietlingen\/\">zerst\u00f6rter Putz Brietlingen<\/a>, <a href=\"https:\/\/bautenschutz-keul.de\/angebote\/schimmelbeseitigung-ebstorf\/\">Schimmelbeseitigung Ebstorf<\/a>, <a href=\"https:\/\/bautenschutz-keul.de\/angebote\/rissverpressung-herzogtum-lauenburg\/\">Rissverpressung Herzogtum Lauenburg<\/a>, <a href=\"https:\/\/bautenschutz-keul.de\/angebote\/innenabdichtung-harburg\/\">Innenabdichtung Harburg<\/a>, <a href=\"https:\/\/bautenschutz-keul.de\/angebote\/bauwerksabdichtung-bienenbuettel\/\">Bauwerksabdichtung Bienenb\u00fcttel<\/a>, <a href=\"https:\/\/bautenschutz-keul.de\/angebote\/mauertrockenlegung-bad-bevensen\/\">Mauertrockenlegung Bad Bevensen<\/a>, <a href=\"https:\/\/bautenschutz-keul.de\/angebote\/kellersanierung-jesteburg\/\">Kellersanierung Jesteburg<\/a>, <a href=\"https:\/\/bautenschutz-keul.de\/angebote\/feuchte-mauer-adendorf\/\">Feuchte Mauer Adendorf<\/a>, <a href=\"https:\/\/bautenschutz-keul.de\/angebote\/kellersanierung-bardowick\/\">Kellersanierung Bardowick<\/a>, <a href=\"https:\/\/bautenschutz-keul.de\/angebote\/horizontalsperre-bienenbuettel\/\">Horizontalsperre Bienenb\u00fcttel<\/a>, <a href=\"https:\/\/bautenschutz-keul.de\/angebote\/feuchter-keller-reppenstedt\/\">Feuchter Keller Reppenstedt<\/a>, <a href=\"https:\/\/bautenschutz-keul.de\/angebote\/rissverpressung-salzhausen\/\">Rissverpressung Salzhausen<\/a>, <a href=\"https:\/\/bautenschutz-keul.de\/angebote\/schimmel-bienenbuettel\/\">Schimmel Bienenb\u00fcttel<\/a>, <a href=\"https:\/\/bautenschutz-keul.de\/angebote\/kellerabdichtung-bergedorf-wentorf\/\">Kellerabdichtung Bergedorf Wentorf<\/a>, <a href=\"https:\/\/bautenschutz-keul.de\/angebote\/innenabdichtung-salzhausen\/\">Innenabdichtung Salzhausen<\/a>"},"_links":{"self":[{"href":"https:\/\/bautenschutz-keul.de\/angebote\/wp-json\/wp\/v2\/pages\/254","targetHints":{"allow":["GET"]}}],"collection":[{"href":"https:\/\/bautenschutz-keul.de\/angebote\/wp-json\/wp\/v2\/pages"}],"about":[{"href":"https:\/\/bautenschutz-keul.de\/angebote\/wp-json\/wp\/v2\/types\/page"}],"author":[{"embeddable":true,"href":"https:\/\/bautenschutz-keul.de\/angebote\/wp-json\/wp\/v2\/users\/1"}],"replies":[{"embeddable":true,"href":"https:\/\/bautenschutz-keul.de\/angebote\/wp-json\/wp\/v2\/comments?post=254"}],"version-history":[{"count":0,"href":"https:\/\/bautenschutz-keul.de\/angebote\/wp-json\/wp\/v2\/pages\/254\/revisions"}],"wp:attachment":[{"href":"https:\/\/bautenschutz-keul.de\/angebote\/wp-json\/wp\/v2\/media?parent=254"}],"curies":[{"name":"wp","href":"https:\/\/api.w.org\/{rel}","templated":true}]}}