{"id":255,"date":"2021-09-13T08:43:43","date_gmt":"2021-09-13T06:43:43","guid":{"rendered":"https:\/\/bautenschutz-keul.de\/angebote\/feuchtigkeit-herzogtum-lauenburg\/"},"modified":"2021-09-13T08:43:43","modified_gmt":"2021-09-13T06:43:43","slug":"feuchtigkeit-herzogtum-lauenburg","status":"publish","type":"page","link":"https:\/\/bautenschutz-keul.de\/angebote\/feuchtigkeit-herzogtum-lauenburg\/","title":{"rendered":"Feuchtigkeit &#8211; Herzogtum Lauenburg"},"content":{"rendered":"<h3>Feuchtigkeit: Fragen Sie den Sanierungsprofi!<\/h3>\n<p>Nicht behandelt kann sich einsickernde Feuchtigkeit zu einem ersthaften Problem heranbilden. Diesbez\u00fcglich gut beraten sind Hauseigent\u00fcmer, wenn sie sich zeitig \u00fcber potentielle Sanierungsmethoden schlau machen. Feuchtigkeit in den W\u00e4nden muss nicht zwangsl\u00e4ufig langwierige Sanierungen zur Folge haben. Zur rechten Zeit entdeckt, kann sich der Sanierungsaufwand fast immer in Grenzen halten. Feuchtigkeit, die sich auf Dauer in den Mauern festsetzt, kann ganz zweifelsohne schwerwiegende Folgen auf Gesundheit und Wohlergehen der Hausbewohner haben. Darum ist es \u00e4u\u00dferst erforderlich, sofort gegen Feuchtigkeit vorzugehen.    <\/p>\n<p>Feuchtigkeit aus dem Mauerwerk zu entfernen ist eine Aufgabe f\u00fcr den Profi. Die richtigen Ma\u00dfnahmen, wie man Feuchtigkeit nachhaltig entfernt, wei\u00df nur ein gut geschulter Profi. Bevor mit der Arbeit gestartet werden kann, ist eine exakte Pr\u00fcfung der Ursachen f\u00fcr die Bildung von Feuchtigkeit erforderlich. Feuchtigkeit im Geb\u00e4ude l\u00e4sst sich ohne eine exakte Pr\u00fcfung nicht l\u00e4ngerfristig bek\u00e4mpfen. Eindringende Feuchtigkeit kann zahlreiche Ursachen haben. Immer wieder liegt die Ursache in einer nicht ausreichenden Bel\u00fcftung. Ebenfalls kann eine nicht entdeckte Undichtigkeit an einem Abflussrohr<br \/>\nder Grund f\u00fcr die Feuchtigkeit sein. <\/p>\n<h3>Feuchtigkeit: Wir helfen schnell und kompetent!<\/h3>\n<p>Findet man den Grund, kann man Feuchtigkeit erfahrungsgem\u00e4\u00df schnell<br \/>\nund leicht entfernen. Extern einsickernde Feuchtigkeit ist ein wiederholtes Thema. So ist es nicht ausgeschlossen, dass hochstehendes Grundwasser dazu f\u00fchrt, dass fortlaufend Feuchtigkeit in das Mauerwerk einsickert. Desgleichen beg\u00fcnstigt eine Hanglage einen wiederkehrenden Feuchtigkeitseintritt. In solchen F\u00e4llen sind auf jeden Fall energische Ma\u00dfnahmen zur Sanierung anzuwenden.<\/p>\n","protected":false},"excerpt":{"rendered":"<p>Feuchtigkeit: Fragen Sie den Sanierungsprofi! Nicht behandelt kann sich einsickernde Feuchtigkeit zu einem ersthaften Problem heranbilden. Diesbez\u00fcglich gut beraten sind Hauseigent\u00fcmer, wenn sie sich zeitig \u00fcber potentielle Sanierungsmethoden schlau machen. Feuchtigkeit in den W\u00e4nden muss nicht zwangsl\u00e4ufig langwierige Sanierungen zur Folge haben. Zur rechten Zeit entdeckt, kann sich der Sanierungsaufwand fast immer in Grenzen halten. [&hellip;]<\/p>\n","protected":false},"author":1,"featured_media":0,"parent":0,"menu_order":0,"comment_status":"closed","ping_status":"closed","template":"","meta":{"footnotes":""},"class_list":["post-255","page","type-page","status-publish","hentry"],"meta_box":{"popseo_subtitel":"Die Firma TK-Geb\u00e4udetechnik Thorsten Keul ist Ihr erfahrener Fachbetrieb beim Kampf gegen Feuchtigkeit im Raum Herzogtum Lauenburg","popseo_subtitel2":"Feuchtigkeit - Sanierung f\u00fcr Kunden aus Norddeutschland","popseo_lasttitel":"Feuchtigkeit: F\u00fcr weitere Informationen sprechen Sie uns bitte an","popseo_region":"Herzogtum Lauenburg","popseo_sachwort":"Feuchtigkeit","popseo_noupdate":"","popseo_einleitungstext":"<p>Kellerr\u00e4ume, Mauern oder W\u00e4nde Ihres Wohn- oder Gesch\u00e4ftshauses weisen Durchfeuchtungen und damit einen echten Sanierungbedarf auf. Dann ist die Zeit gekommen, sich \u00fcber eine sachgerechte Trocknung Gedanken zu machen. Unser Handwerksbetrieb ist auf die Bauwerksabdichtung spezialisiert. Zu den Schwerpunkten unserer Firma geh\u00f6ren zum Beispiel die Bereiche Kellerabdichtung, Schimmelbeseitigung und Mauertrockenlegung. Der nachhaltigen Sanierung gilt unsere Aufmersamkeit. Wir beraten fachsicher, wie Sie Ihre Immobilie preisg\u00fcnstig und umweltgerecht sanieren k\u00f6nnen. Ein paar erste Informationen dazu lesen Sie nachfolgend.<\/p>","popseo_schlusstext":"<p>Wenn Sie einen qualifizierten Fachbetrieb f\u00fcr die Bauwerksabdichtung suchen, sind Sie bei uns richtig. Sie m\u00f6chten mehr \u00fcber uns wissen? Als auf Sanierung spezialisierte Handwerksfirma sind wir f\u00fcr die Realisierung Ihres Vorhabens der optimale Dienstleister und freuen uns \u00fcber Ihre Anfrage, egal ob durch Anruf oder E-Mail. Worauf Sie neben unserem fachlichen Know-how setzen d\u00fcrfen: Unser Expertenteam ist immer mit Elan und viel Motivation bei der Sache. Wir freuen uns auf Sie!<\/p>","popseo_stadttext":"<h3>Unser Einzugsbereich umfasst auch den Kreis Herzogtum Lauenburg<\/h3>\n<p>Durch unsere Vertriebst\u00e4tigkeit haben wir uns einen ausgezeichneten \u00dcberblick \u00fcber die Stadtarchitektur der Gemeinden und St\u00e4dte unseres Einzugsbereiches machen k\u00f6nnen. Nat\u00fcrlich z\u00e4hlt auch der Kreis Herzogtum Lauenburg zu unserem unmittelbaren Wirkungskreis. Wir freuen uns darauf, mit Ihnen ins Gespr\u00e4ch zu kommen. <\/p>\n<h3>Ein paar Fakten \u00fcber den Kreis Herzogtum Lauenburg<\/h3>\n<p>Der Kreis Herzogtum Lauenburg zieht sich \u00fcber gut 1200 qkm und ist Heimat von knapp 190.000 Einwohnern. Die gr\u00f6\u00dfen St\u00e4dte im Kreis Herzogtum Lauenburg sind neben der Kreisstadt Lauenburg die Orte Geesthacht, Ratzeburg und M\u00f6lln. <\/p>\n<p>Das Kreisgebiet von Herzogtum Lauenburg geh\u00f6rt zum Einzugsbereich der Freien und Hansestadt Hamburg. Der schleswig-holsteinische Landkreis verf\u00fcgt \u00fcber eine gute Infrastruktur, was sich auch daran zeigt, dass das eher l\u00e4ndlich gepr\u00e4gte Gebiet dem Hamburger Verkehrsverbund angeh\u00f6rt. Mit dem PKW f\u00e4hrt man \u00fcber die Bundesautobahnen 1, 24 und 25 in den Landkreis Herzogtum Lauenburg. Z\u00fcge der Deuschen Bahn steuert den Landkreis Herzogtum Lauenburg unter anderem \u00fcber die Strecken mit den Zielen Ratzeburg, M\u00f6lln sowie Schwarzenbek an.<\/p>\n<h3>Herzogtum Lauenburg: Attraktiver Lebensmittelpunktr!<\/h3>\n<p>Der Landkreis Herzogtum Lauenburg ist vor allem gesch\u00e4tzt bei Pendlern. Wer in der Metropole \u201cseine Br\u00f6tchen verdient\u201c, erreicht seine Wohnst\u00e4tte im Landkreis Herzogtum Lauenburg zumeist in ungef\u00e4hr 45 min. Arbeiten in der Metropole, leben in l\u00e4ndlicher Umgebung: Eine Kombination, die vor allem f\u00fcr moderne Familien g\u00fcnstig ist. <\/p>\n<p>Der Landkreis Herzogtum Lauenburg besticht durch einen gro\u00dfen Freizeitwert und eine hohe Lebensqualit\u00e4t aus. Das Kreisgebiet verf\u00fcgt \u00fcber weitl\u00e4ufige Naherholungsgebiete, die sich ideal auf Schusters Rappen oder mit dem Fahrrad erobern lassen.<\/p>\n<h4>Hohe Qualit\u00e4t f\u00fcr Kunden aus dem Kreis Herzogtum Lauenburg<\/h4>\n<p>Wir finden es klasse, dass Sie unsere Internetseite gefunden haben. Ob Geesthacht, M\u00f6lln oder Ratzeburg: Privat- und Gesch\u00e4ftskunden profitieren von einem sehr guten Preis-Leistungs-Verh\u00e4ltnis. Sie m\u00f6chten mehr \u00fcber uns wissen? F\u00fcr R\u00fcckfragen stehen wir Ihnen jederzeit zur Verf\u00fcgung. Auf den Kontakt zu Ihnen freuen wir uns.<\/p>","popseo_zusatztext":"<h3>Beim Abdichten sind wir Profi<\/h3>\n<p>Sie haben einen Feuchteschaden festgestellt und m\u00fcssen die betroffenen Mauerbereiche nun schnellstens abdichten. Sch\u00f6n, dass Sie uns gefunden haben! Als routiniertes Fachunternehmen der Bauwirtschaft kennen wir uns bestens aus mit dem Abdichten von Kellern, Mauern oder W\u00e4nden.  <\/p>\n<p>Feuchtigkeitssch\u00e4den sind unser Metier: F\u00fcr unseren Betrieb geh\u00f6rt das Abdichten von W\u00e4nden, Mauern oder Kellern zur t\u00e4glichen Arbeit. Wir gehen der Ursache f\u00fcr den N\u00e4sseeintritt gr\u00fcndlich auf den Grund. Vor dem konkreten Abdichten muss zun\u00e4chst einmal die Ursachenforschung stehen. Erst wenn man den definitiven Grund f\u00fcr die Durchfeuchtung entdeckt hat, kann man mit dem Abdichten beginnen. Die Begutachtung gibt die Richtung vor, den das Abdichten eines Bauk\u00f6rpers umfassen muss.  <\/p>\n<h4>Abdichten \u2013 wir helfen schnell und unkompliziert!<\/h4>\n<p>Warten Sie bitte nicht und verabreden Sie noch heute einen Termin mit einem unserer routinierten Fachkr\u00e4fte. Ein kurzer Telefonanruf oder auch eine schnelle E-Mail gen\u00fcgen! Bei einer Analyse direkt am entsprechenden Objekt, nehmen wir den Schaden auf und erstellen daraufhin ein Konzept f\u00fcr das dauerhafte Abdichten der entsprechenden Stellen. Unsere Arbeit ist stets zweckbezogen: Selbstverst\u00e4ndlich flie\u00dfen auch wirtschaftliche Aspekte in unsere Entscheidungsfindung f\u00fcr das Abdichten Ihres Geb\u00e4udes mit ein. Komplett aus einer Hand: Unsere engagierten Angestellten f\u00fchren alle erforderlichen Arbeiten, die zum Abdichten erforderlich sind umgehend und zuverl\u00e4ssig aus. Schon seit Jahren ist unser Haus f\u00fcr eine hohe Qualit\u00e4t bekannt. Eine unserer Kernkompetenzen liegt im Abdichten von Gesch\u00e4fts- und Wohngeb\u00e4uden. Setzen Sie auf Kompetenz und beauftragen Sie uns f\u00fcr das Abdichten von neuralgischen Bereichen im Mauerwerk. Wir freuen uns darauf, auch Ihnen helfen zu d\u00fcrfen.<\/p>","popseo_links":"<a href=\"https:\/\/bautenschutz-keul.de\/angebote\/aufsteigende-feuchtigkeit-geesthacht\/\">aufsteigende Feuchtigkeit Geesthacht<\/a>, <a href=\"https:\/\/bautenschutz-keul.de\/angebote\/schimmel-bergedorf-wentorf\/\">Schimmel Bergedorf Wentorf<\/a>, <a href=\"https:\/\/bautenschutz-keul.de\/angebote\/zerstoerter-putz-herzogtum-lauenburg\/\">zerst\u00f6rter Putz Herzogtum Lauenburg<\/a>, <a href=\"https:\/\/bautenschutz-keul.de\/angebote\/kellertrockenlegung-bienenbuettel\/\">Kellertrockenlegung Bienenb\u00fcttel<\/a>, <a href=\"https:\/\/bautenschutz-keul.de\/angebote\/schimmel-stelle\/\">Schimmel Stelle<\/a>, <a href=\"https:\/\/bautenschutz-keul.de\/angebote\/salpeter-im-keller-maschen\/\">Salpeter im Keller Maschen<\/a>, <a href=\"https:\/\/bautenschutz-keul.de\/angebote\/kellersanierung-boizenburg\/\">Kellersanierung Boizenburg<\/a>, <a href=\"https:\/\/bautenschutz-keul.de\/angebote\/rissverpressung-ebstorf\/\">Rissverpressung Ebstorf<\/a>, <a href=\"https:\/\/bautenschutz-keul.de\/angebote\/kellersanierung-uelzen\/\">Kellersanierung Uelzen<\/a>, <a href=\"https:\/\/bautenschutz-keul.de\/angebote\/schimmel-amelinghausen\/\">Schimmel Amelinghausen<\/a>, <a href=\"https:\/\/bautenschutz-keul.de\/angebote\/feuchtigkeitsschaden-hanstedt\/\">Feuchtigkeitsschaden Hanstedt<\/a>, <a href=\"https:\/\/bautenschutz-keul.de\/angebote\/aussenabdichtung-amelinghausen\/\">Au\u00dfenabdichtung Amelinghausen<\/a>, <a href=\"https:\/\/bautenschutz-keul.de\/angebote\/bauwerksabdichtung-winsen-luhe\/\">Bauwerksabdichtung Winsen Luhe<\/a>, <a href=\"https:\/\/bautenschutz-keul.de\/angebote\/schimmel-adendorf\/\">Schimmel Adendorf<\/a>, <a href=\"https:\/\/bautenschutz-keul.de\/angebote\/innenabdichtung-stelle\/\">Innenabdichtung Stelle<\/a>, <a href=\"https:\/\/bautenschutz-keul.de\/angebote\/schimmel-jesteburg\/\">Schimmel Jesteburg<\/a>, <a href=\"https:\/\/bautenschutz-keul.de\/angebote\/schimmelbeseitigung-maschen\/\">Schimmelbeseitigung Maschen<\/a>, <a href=\"https:\/\/bautenschutz-keul.de\/angebote\/kellersanierung-reppenstedt\/\">Kellersanierung Reppenstedt<\/a>, <a href=\"https:\/\/bautenschutz-keul.de\/angebote\/kellerabdichtung-geesthacht\/\">Kellerabdichtung Geesthacht<\/a>, <a href=\"https:\/\/bautenschutz-keul.de\/angebote\/feuchtigkeitsschaden-harburg\/\">Feuchtigkeitsschaden Harburg<\/a>, <a href=\"https:\/\/bautenschutz-keul.de\/angebote\/salpeter-im-keller-lueneburg\/\">Salpeter im Keller L\u00fcneburg<\/a>, <a href=\"https:\/\/bautenschutz-keul.de\/angebote\/schimmelsanierung-amelinghausen\/\">Schimmelsanierung Amelinghausen<\/a>, <a href=\"https:\/\/bautenschutz-keul.de\/angebote\/salpeter-im-keller-amt-neuhaus\/\">Salpeter im Keller Amt Neuhaus<\/a>, <a href=\"https:\/\/bautenschutz-keul.de\/angebote\/aufsteigende-feuchtigkeit-brietlingen\/\">aufsteigende Feuchtigkeit Brietlingen<\/a>, <a href=\"https:\/\/bautenschutz-keul.de\/angebote\/feuchtigkeitsschaden-reppenstedt\/\">Feuchtigkeitsschaden Reppenstedt<\/a>, <a href=\"https:\/\/bautenschutz-keul.de\/angebote\/kellerabdichtung-salzhausen\/\">Kellerabdichtung Salzhausen<\/a>, <a href=\"https:\/\/bautenschutz-keul.de\/angebote\/kellerabdichtung-amelinghausen\/\">Kellerabdichtung Amelinghausen<\/a>, <a href=\"https:\/\/bautenschutz-keul.de\/angebote\/aufsteigende-feuchtigkeit-amt-neuhaus\/\">aufsteigende Feuchtigkeit Amt Neuhaus<\/a>"},"_links":{"self":[{"href":"https:\/\/bautenschutz-keul.de\/angebote\/wp-json\/wp\/v2\/pages\/255","targetHints":{"allow":["GET"]}}],"collection":[{"href":"https:\/\/bautenschutz-keul.de\/angebote\/wp-json\/wp\/v2\/pages"}],"about":[{"href":"https:\/\/bautenschutz-keul.de\/angebote\/wp-json\/wp\/v2\/types\/page"}],"author":[{"embeddable":true,"href":"https:\/\/bautenschutz-keul.de\/angebote\/wp-json\/wp\/v2\/users\/1"}],"replies":[{"embeddable":true,"href":"https:\/\/bautenschutz-keul.de\/angebote\/wp-json\/wp\/v2\/comments?post=255"}],"version-history":[{"count":0,"href":"https:\/\/bautenschutz-keul.de\/angebote\/wp-json\/wp\/v2\/pages\/255\/revisions"}],"wp:attachment":[{"href":"https:\/\/bautenschutz-keul.de\/angebote\/wp-json\/wp\/v2\/media?parent=255"}],"curies":[{"name":"wp","href":"https:\/\/api.w.org\/{rel}","templated":true}]}}