{"id":259,"date":"2021-09-13T08:43:43","date_gmt":"2021-09-13T06:43:43","guid":{"rendered":"https:\/\/bautenschutz-keul.de\/angebote\/feuchtigkeit-reinbek-aumuehle\/"},"modified":"2021-09-13T08:43:43","modified_gmt":"2021-09-13T06:43:43","slug":"feuchtigkeit-reinbek-aumuehle","status":"publish","type":"page","link":"https:\/\/bautenschutz-keul.de\/angebote\/feuchtigkeit-reinbek-aumuehle\/","title":{"rendered":"Feuchtigkeit &#8211; Reinbek Aum\u00fchle"},"content":{"rendered":"<h3>Wir helfen rasch bei fortgesetzter Feuchtigkeit!<\/h3>\n<p>Unsaniert kann sich einsickernde Feuchtigkeit zu einem ernstzunehmenden Problem heranbilden. Diesbez\u00fcglich gut beraten sind Immobilienbesitzer, wenn sie sich zeitig \u00fcber potentielle Sanierungsmethoden informieren. Feuchtigkeit in den W\u00e4nden muss nicht zwangsl\u00e4ufig langwierige Instandsetzungen zur Folge haben. Rechtzeitig entdeckt, kann sich der Aufwand fast immer in Grenzen halten. Feuchtigkeit, die sich auf lange Zeit in den Mauern festsetzt, kann ganz ohne Frage schlechte Einfl\u00fcsse auf gesundheitliche Verfassung und Wohl der Immobiliennutzer haben. Aus diesem Grunde ist es \u00e4u\u00dferst dringend, zur rechten Zeit gegen Feuchtigkeit vorzugehen.    <\/p>\n<p>Feuchtigkeit aus der Bausubstanz zu entfernen ist eine Aufgabe f\u00fcr den Experten. Die richtigen Ma\u00dfnahmen, wie man Feuchtigkeit wirkungsvoll entfernt, kennt nur ein gut ausgebildeter Profi. Bevor mit der Sanierungsma\u00dfnahme angefangen werden kann, ist eine gr\u00fcndliche Analyse der Ursachen f\u00fcr die Bildung von Feuchtigkeit erforderlich. Feuchtigkeit im Mauerwerk l\u00e4sst sich ohne eine exakte Pr\u00fcfung nicht langfristig beheben. Eindringende Feuchtigkeit kann zahlreiche Ursachen haben. Nicht selten liegt der Grund in einer fehlerhaften Bel\u00fcftung. Auch kann eine nicht entdeckte Undichtigkeit an einem Entw\u00e4sserungsrohr<br \/>\nder Grund f\u00fcr die Feuchtigkeit sein. <\/p>\n<h3>Feuchtigkeit: Kompetent und erfahren bei der Sanierung<\/h3>\n<p>Findet man die Ursache, kann man Feuchtigkeit meistens rasch<br \/>\nund einfach eliminieren. Extern eindringende Feuchtigkeit ist ein wiederkehrendes Thema. Beispielsweise ist es vorstellbar, dass hohes Grundwasser dazu f\u00fchrt, dass fortlaufend Feuchtigkeit in das Mauerwerk einsickert. Ebenso beg\u00fcnstigt eine Hanglage einen dauernden Feuchtigkeitseintritt. In derlei F\u00e4llen sind unbedingt intensivere Mittel zur Sanierung zu w\u00e4hlen.<\/p>\n","protected":false},"excerpt":{"rendered":"<p>Wir helfen rasch bei fortgesetzter Feuchtigkeit! Unsaniert kann sich einsickernde Feuchtigkeit zu einem ernstzunehmenden Problem heranbilden. Diesbez\u00fcglich gut beraten sind Immobilienbesitzer, wenn sie sich zeitig \u00fcber potentielle Sanierungsmethoden informieren. Feuchtigkeit in den W\u00e4nden muss nicht zwangsl\u00e4ufig langwierige Instandsetzungen zur Folge haben. Rechtzeitig entdeckt, kann sich der Aufwand fast immer in Grenzen halten. Feuchtigkeit, die sich [&hellip;]<\/p>\n","protected":false},"author":1,"featured_media":0,"parent":0,"menu_order":0,"comment_status":"closed","ping_status":"closed","template":"","meta":{"footnotes":""},"class_list":["post-259","page","type-page","status-publish","hentry"],"meta_box":{"popseo_subtitel":"Die Firma TK-Geb\u00e4udetechnik Thorsten Keul ist Ihr erfahrener Fachbetrieb beim Kampf gegen Feuchtigkeit im Raum Reinbek Aum\u00fchle","popseo_subtitel2":"Feuchtigkeit - unsere Experten informieren Sie gerne \u00fcber Sanierungsm\u00f6glichkeiten","popseo_lasttitel":"Feuchtigkeit: Sie haben Fragen? Dann melden Sie sich bei uns","popseo_region":"Reinbek Aum\u00fchle","popseo_sachwort":"Feuchtigkeit","popseo_noupdate":"","popseo_einleitungstext":"<p>Die Firma TK-Geb\u00e4udetechnik Thorsten Keul ist Ihr qualifizierter und erfahrener Fachbetrieb f\u00fcr Kellertrockenlegung, Schimmelbeseitigung und Bauwerksabdichtung. Mit unserem Firmensitz in Brietlingen bei L\u00fcneburg decken wir ein fl\u00e4chenm\u00e4\u00dfig gro\u00dfes Gebiet ab. Zu unseren Schwerpunkten z\u00e4hlen unter anderem das Setzen von Horizontalsperren, Methoden gegen aufsteigende Feuchtigkeit, die Kellerabdichtung und ganz grunds\u00e4tzlich T\u00e4tigkeiten rund um die Themen Sanierung und Abdichtung. Fachgerecht und kompetent f\u00fchren wir f\u00fcr Sie s\u00e4mtliche Arbeiten aus - so wie Sie es von einem kompetenten Fachbetrieb erwarten k\u00f6nnen. Auf den n\u00e4chsten Seiten d\u00fcrfen wir Ihnen unser Aufgabenfeld im Einzelnen vorstellen.<\/p>","popseo_schlusstext":"<p>Sie haben Fragen zu unseren Leistungen? Wenn Sie m\u00f6chten, informieren wir Sie n\u00e4her \u00fcber unser gesamtes T\u00e4tigkeitsspektrum. Mit Vergn\u00fcgen zeigen wir Ihnen ein paar Projekte, die Ihnen einen Einblick in unsere Unternehmenst\u00e4tigkeit geben. Rufen Sie uns doch einfach einmal an oder schreiben Sie uns eine E-Mail. Unser freundliches Team arbeitet stets fachkundig und l\u00f6sungsorientiert. Telefonisch erreichen Sie uns unter: <\/p>\n<p>04133 \u2013 22 37 940<\/p>","popseo_stadttext":"<h3>Wohn- und Gewerbestandorte Aum\u00fchle und Reinbek<\/h3>\n<p>Sie wohnen in Aum\u00fchle oder Reinbek und sind hier im World Wide Web auf unsere Homepage gesto\u00dfen? Das finden wir toll. Gerne pr\u00e4sentieren wir Ihnen unser gesamtes Leistungsspektrum und beantworten Ihre Fragen. Durch unsere Vertriebst\u00e4tigkeit haben wir uns einen ausgezeichneten \u00dcberblick \u00fcber die Stadtarchitektur der St\u00e4dte und Gemeinden unseres Einzugsbereiches erarbeiten k\u00f6nnen. Selbstverst\u00e4ndlich geh\u00f6rt auch die Region Reinbek \/ Aum\u00fchle zu unserem unmittelbaren Vertriebsgebiet. Wir freuen uns darauf, mit Ihnen in Kontakt zu treten. <\/p>\n<h3>Interessante Fakten zu Reinbek und Aum\u00fchle<\/h3>\n<p>Die kleine Schleswig-Holsteinische Stadt Reinbek geh\u00f6rt zum Kreis Stormarn. Zum Landkreis Herzogtum-Lauenburg geh\u00f6rt hingegen das nahe gelegene Aum\u00fchle. Heute z\u00e4hlt Reinbek knapp 26.000 B\u00fcrger. In Aum\u00fchle leben gut 3.000 Menschen. Die Stadt Reinbek hat ein Ausdehnungsgebiet von gut 31 qkm. Reinbek und Aum\u00fchle geh\u00f6ren zur Metropolregion Hamburg. Beide Gemeinden liegen knapp 20 Kilometer \u00f6stlich der Hansestadt. <\/p>\n<p>Die Stadt Reinbek verf\u00fcgt mit der S21 \u00fcber einen HVV-Anschluss. Aum\u00fchle ist der Endbahnhof der S-Bahn. Die kurze Fahrzeit von nicht mehr als 25 Minuten machen Reinbek und auch Aum\u00fchle vor allem attraktiv f\u00fcr Pendler. Wer also seinen Arbeitsplatz in der Gro\u00dfstadt Hamburg hat, genie\u00dft mit dem Wohnort Reinbek oder Aum\u00fchle eine optimale Kombination: Das hektische Leben der Gro\u00dfstadt findet in den idyllischen Wohnquartieren von Reinbek und Aum\u00fchle seinen reizvollen Kontrast.<\/p>\n<h4>Reinbek und Aum\u00fchle \u2013 Lebensmittelpunkt f\u00fcr junge Familien<\/h4>\n<p>Neben einer guten Anbindung \u00fcber den HVV, bieten Reinbek und Aum\u00fchle auch f\u00fcr den Autofahrer gute Bedingungen: Die Bundesautobahnen A1 und A24 sowie die Bundesstra\u00dfe B5 befinden sich in unmittelbarer N\u00e4he von Reinbek und Aum\u00fchle. Die Architektur von Reinbek und Aum\u00fchle besteht vor allem aus zahlreichen Einfamilienh\u00e4usern, die ihren Bewohnern einen exzellenten Wohnwert gew\u00e4hrleisten. Reinbek und Aum\u00fchle zeichnen sich neben der guten Lebensqualit\u00e4t aber auch durch eine hohe Wirtschaftskraft aus.<\/p>\n<h4>Wir f\u00fcr Sie in Reinbek und Aum\u00fchle!<\/h4>\n<p>Sie wohnen in Aum\u00fchle oder Reinbek, interessieren sich f\u00fcr unser Leistungsangebot und haben deshalb unsere Homepage besucht? Dar\u00fcber freuen wir uns sehr. Unser freundliches Spezialistenteam nimmt gerne Ihren Anruf entgegen oder beantwortet Ihre E-Mail.<\/p>","popseo_zusatztext":"<h3>Erstklassiges Abdichten ist uns wichtig<\/h3>\n<p>Sie haben einen Feuchteschaden entdeckt und m\u00fcssen die entsprechenden Mauerbereiche nun schnellstm\u00f6glich abdichten. Gut, dass Sie uns entdeckt haben! Als erfahrenes Fachunternehmen der Bauwirtschaft kennen wir uns sehr gut aus mit dem Abdichten von W\u00e4nden, Kellern oder Mauern.  <\/p>\n<p>Feuchtigkeitssch\u00e4den sind unser Gesch\u00e4ft: F\u00fcr unsere Firma geh\u00f6rt das Abdichten von Kellern, Mauern oder W\u00e4nden zur allt\u00e4glichen Arbeit. Wir gehen der Ursache f\u00fcr den Feuchtigkeitseintritt gr\u00fcndlich auf den Grund. Vor dem eigentlichen Abdichten muss als Erstes die Ursachenfindung stehen. Erst wenn man den richtigen Grund f\u00fcr eine Durchfeuchtung gefunden hat, kann man mit dem Abdichten anfangen. Die Bestandsaufnahme gibt die Marschrichtung vor, den das Abdichten eines Bauk\u00f6rpers beinhalten muss.  <\/p>\n<h4>Abdichten: Schnelle Hilfe durch den Fachbetrieb!<\/h4>\n<p>Warten Sie bitte nicht und verabreden Sie gleich jetzt einen Vor-Ort-Termin mit einem unserer routinierten Fachkr\u00e4fte. Ein kurzer Telefonanruf oder eine kurze eMail reichen! Bei einer Begutachtung direkt am betroffenen Objekt, nehmen wir den Schaden auf und erstellen anschlie\u00dfend ein Konzept f\u00fcr das nachhaltige Abdichten der betroffenen Stellen. Unsere Arbeit ist stets zweckbezogen: Selbstverst\u00e4ndlich flie\u00dfen auch wirtschaftliche Aspekte in unsere Entscheidungsfindung f\u00fcr das Abdichten Ihres Geb\u00e4udes mit ein. Komplett aus einer Hand: Unsere engagierten Fachkr\u00e4fte f\u00fchren s\u00e4mtliche notwendigen Arbeiten, die zum Abdichten dazugeh\u00f6ren zeitnah und verl\u00e4sslich aus. Schon seit langer Zeit ist unser Haus f\u00fcr eine hohe Fachkompetenz bekannt. Eine unserer Schwerpunkte liegt im Abdichten von Gesch\u00e4fts- und Wohngeb\u00e4uden. Setzen Sie auf Kompetenz und beauftragen Sie uns f\u00fcr das Abdichten von neuralgischen Stellen im Mauerwerk. Wir freuen uns darauf, auch Ihnen helfen zu k\u00f6nnen.<\/p>","popseo_links":"<a href=\"https:\/\/bautenschutz-keul.de\/angebote\/zerstoerter-putz-bispingen\/\">zerst\u00f6rter Putz Bispingen<\/a>, <a href=\"https:\/\/bautenschutz-keul.de\/angebote\/feuchter-keller-bergedorf-wentorf\/\">Feuchter Keller Bergedorf Wentorf<\/a>, <a href=\"https:\/\/bautenschutz-keul.de\/angebote\/feuchter-keller-geesthacht\/\">Feuchter Keller Geesthacht<\/a>, <a href=\"https:\/\/bautenschutz-keul.de\/angebote\/feuchte-wand-harburg\/\">Feuchte Wand Harburg<\/a>, <a href=\"https:\/\/bautenschutz-keul.de\/angebote\/rissverpressung-geesthacht\/\">Rissverpressung Geesthacht<\/a>, <a href=\"https:\/\/bautenschutz-keul.de\/angebote\/rissverpressung-brietlingen\/\">Rissverpressung Brietlingen<\/a>, <a href=\"https:\/\/bautenschutz-keul.de\/angebote\/kellersanierung-buechen\/\">Kellersanierung B\u00fcchen<\/a>, <a href=\"https:\/\/bautenschutz-keul.de\/angebote\/feuchte-wand-seevetal-rosengarten\/\">Feuchte Wand Seevetal Rosengarten<\/a>, <a href=\"https:\/\/bautenschutz-keul.de\/angebote\/feuchter-keller-buechen\/\">Feuchter Keller B\u00fcchen<\/a>, <a href=\"https:\/\/bautenschutz-keul.de\/angebote\/feuchter-keller-bispingen\/\">Feuchter Keller Bispingen<\/a>, <a href=\"https:\/\/bautenschutz-keul.de\/angebote\/schimmelsanierung-bad-bevensen\/\">Schimmelsanierung Bad Bevensen<\/a>, <a href=\"https:\/\/bautenschutz-keul.de\/angebote\/schimmelbeseitigung-maschen\/\">Schimmelbeseitigung Maschen<\/a>, <a href=\"https:\/\/bautenschutz-keul.de\/angebote\/schimmelbeseitigung-tostedt-sittensen\/\">Schimmelbeseitigung Tostedt Sittensen<\/a>, <a href=\"https:\/\/bautenschutz-keul.de\/angebote\/schimmelsanierung-brietlingen\/\">Schimmelsanierung Brietlingen<\/a>, <a href=\"https:\/\/bautenschutz-keul.de\/angebote\/kellersanierung-seevetal-rosengarten\/\">Kellersanierung Seevetal Rosengarten<\/a>, <a href=\"https:\/\/bautenschutz-keul.de\/angebote\/horizontalsperre-reinbek-aumuehle\/\">Horizontalsperre Reinbek Aum\u00fchle<\/a>, <a href=\"https:\/\/bautenschutz-keul.de\/angebote\/bauwerksabdichtung-geesthacht\/\">Bauwerksabdichtung Geesthacht<\/a>, <a href=\"https:\/\/bautenschutz-keul.de\/angebote\/kellerabdichtung-schwarzenbek\/\">Kellerabdichtung Schwarzenbek<\/a>, <a href=\"https:\/\/bautenschutz-keul.de\/angebote\/aussenabdichtung-salzhausen\/\">Au\u00dfenabdichtung Salzhausen<\/a>, <a href=\"https:\/\/bautenschutz-keul.de\/angebote\/innenabdichtung-schwarzenbek\/\">Innenabdichtung Schwarzenbek<\/a>, <a href=\"https:\/\/bautenschutz-keul.de\/angebote\/innenabdichtung-hanstedt\/\">Innenabdichtung Hanstedt<\/a>, <a href=\"https:\/\/bautenschutz-keul.de\/angebote\/aufsteigende-feuchtigkeit-reppenstedt\/\">aufsteigende Feuchtigkeit Reppenstedt<\/a>, <a href=\"https:\/\/bautenschutz-keul.de\/angebote\/rissverpressung-lueneburg\/\">Rissverpressung L\u00fcneburg<\/a>, <a href=\"https:\/\/bautenschutz-keul.de\/angebote\/schimmelbeseitigung-uelzen\/\">Schimmelbeseitigung Uelzen<\/a>, <a href=\"https:\/\/bautenschutz-keul.de\/angebote\/bauwerksabdichtung-reppenstedt\/\">Bauwerksabdichtung Reppenstedt<\/a>, <a href=\"https:\/\/bautenschutz-keul.de\/angebote\/schimmelsanierung-uelzen\/\">Schimmelsanierung Uelzen<\/a>, <a href=\"https:\/\/bautenschutz-keul.de\/angebote\/schimmel-geesthacht\/\">Schimmel Geesthacht<\/a>, <a href=\"https:\/\/bautenschutz-keul.de\/angebote\/feuchte-mauer-stelle\/\">Feuchte Mauer Stelle<\/a>"},"_links":{"self":[{"href":"https:\/\/bautenschutz-keul.de\/angebote\/wp-json\/wp\/v2\/pages\/259","targetHints":{"allow":["GET"]}}],"collection":[{"href":"https:\/\/bautenschutz-keul.de\/angebote\/wp-json\/wp\/v2\/pages"}],"about":[{"href":"https:\/\/bautenschutz-keul.de\/angebote\/wp-json\/wp\/v2\/types\/page"}],"author":[{"embeddable":true,"href":"https:\/\/bautenschutz-keul.de\/angebote\/wp-json\/wp\/v2\/users\/1"}],"replies":[{"embeddable":true,"href":"https:\/\/bautenschutz-keul.de\/angebote\/wp-json\/wp\/v2\/comments?post=259"}],"version-history":[{"count":0,"href":"https:\/\/bautenschutz-keul.de\/angebote\/wp-json\/wp\/v2\/pages\/259\/revisions"}],"wp:attachment":[{"href":"https:\/\/bautenschutz-keul.de\/angebote\/wp-json\/wp\/v2\/media?parent=259"}],"curies":[{"name":"wp","href":"https:\/\/api.w.org\/{rel}","templated":true}]}}