{"id":261,"date":"2021-09-13T08:43:43","date_gmt":"2021-09-13T06:43:43","guid":{"rendered":"https:\/\/bautenschutz-keul.de\/angebote\/feuchtigkeit-salzhausen\/"},"modified":"2021-09-13T08:43:43","modified_gmt":"2021-09-13T06:43:43","slug":"feuchtigkeit-salzhausen","status":"publish","type":"page","link":"https:\/\/bautenschutz-keul.de\/angebote\/feuchtigkeit-salzhausen\/","title":{"rendered":"Feuchtigkeit &#8211; Salzhausen"},"content":{"rendered":"<h3>Feuchtigkeit: Fragen Sie den Sanierungsprofi!<\/h3>\n<p>Nicht behandelt kann sich eindringende Feuchtigkeit zu einem gewaltigen Problem entwickeln. Diesbez\u00fcglich gut beraten sind Hausbesitzer, wenn sie sich zeitig \u00fcber denkbare Sanierungsma\u00dfnahmen kundig machen. Feuchtigkeit in den W\u00e4nden muss nicht zwangsl\u00e4ufig zeitraubende Sanierungen nach sich ziehen. Fr\u00fch genug festgestellt, kann sich der Aufwand meistens in Grenzen halten. Feuchtigkeit, die sich dauerhaft in den W\u00e4nden festsetzt, kann ganz ohne Zweifel negative Folgen auf Gesundheit und Wohlergehen der Immobiliennutzer haben. Darum ist es sehr dringend, sofort gegen Feuchtigkeit vorzugehen.    <\/p>\n<p>Feuchtigkeit aus der Bausubstanz zu beseitigen ist eine Angelegenheit f\u00fcr den Profi. Die richtigen Mittel, wie man Feuchtigkeit nachhaltig bek\u00e4mpft, kennt nur ein perfekt geschulter Profi. Ehe mit der Arbeit begonnen werden kann, ist eine detaillierte Kl\u00e4rung der Ursachen f\u00fcr die Entstehung von Feuchtigkeit unerl\u00e4\u00dflich. Feuchtigkeit im Mauerwerk l\u00e4sst sich ohne eine detaillierte Analyse nicht langfristig bek\u00e4mpfen. Eindringende Feuchtigkeit kann viele Gr\u00fcnde haben. Oft liegt die Ursache in einer fehlerhaften L\u00fcftung. Weiterhin kann eine nicht entdeckte Leckage an einem Entw\u00e4sserungsrohr<br \/>\ndie Ursache f\u00fcr die Feuchtigkeit sein. <\/p>\n<h3>Feuchtigkeit: Schnelle Hilfe durch den Fachbetrieb!<\/h3>\n<p>Kennt man den Grund, kann man Feuchtigkeit erfahrungsgem\u00e4\u00df rasch<br \/>\nund m\u00fchelos entfernen. Extern einsickernde Feuchtigkeit ist ein wiederkehrendes Thema. Beispielsweise ist es nicht ausgeschlossen, dass hochstehendes Grundwasser dazu f\u00fchrt, dass fortlaufend Feuchtigkeit in das Mauerwerk eindringt. Desgleichen beg\u00fcnstigt eine Lage am Hang einen wiederkehrenden Feuchtigkeitseintritt. In solcherlei F\u00e4llen sind auf jeden Fall energische Mittel zur Sanierung zu w\u00e4hlen.<\/p>\n","protected":false},"excerpt":{"rendered":"<p>Feuchtigkeit: Fragen Sie den Sanierungsprofi! Nicht behandelt kann sich eindringende Feuchtigkeit zu einem gewaltigen Problem entwickeln. Diesbez\u00fcglich gut beraten sind Hausbesitzer, wenn sie sich zeitig \u00fcber denkbare Sanierungsma\u00dfnahmen kundig machen. Feuchtigkeit in den W\u00e4nden muss nicht zwangsl\u00e4ufig zeitraubende Sanierungen nach sich ziehen. Fr\u00fch genug festgestellt, kann sich der Aufwand meistens in Grenzen halten. Feuchtigkeit, die [&hellip;]<\/p>\n","protected":false},"author":1,"featured_media":0,"parent":0,"menu_order":0,"comment_status":"closed","ping_status":"closed","template":"","meta":{"footnotes":""},"class_list":["post-261","page","type-page","status-publish","hentry"],"meta_box":{"popseo_subtitel":"Wir sind Ihr Spezialist beim Kampf gegen Feuchtigkeit in Salzhausen","popseo_subtitel2":"Feuchtigkeit - Sanierung durch den Fachbetrieb!","popseo_lasttitel":"Feuchtigkeit: Sie haben Fragen? Dann melden Sie sich bei uns","popseo_region":"Salzhausen","popseo_sachwort":"Feuchtigkeit","popseo_noupdate":"","popseo_einleitungstext":"<p>Sie haben sich mit der Bauwerksabdichtung auseinandergesetzt, weil Ihr Haus feuchte Geb\u00e4udebereiche aufweist und Sie nach M\u00f6glichkeiten einer wirkungsvollen und professionellen Sanierung Ausschau halten. Gut, dass Sie zu uns gefunden haben. Nachfolgend d\u00fcrfen wir Ihnen n\u00e4here Informationen zu unserem Leistungsangebot geben. Sie lernen auf dieser Website unsere Firma etwas n\u00e4her kennen. <\/p>\n<p>Unser Unternehmen ist ein versierter und etablierter Fachbetrieb mit Sitz in Brietlingen bei L\u00fcneburg. Seit vielen Jahren schon sind wir Ihr Fachpartner f\u00fcr s\u00e4mtliche Fragen rund um Geb\u00e4udeabdichtung. Wir setzen ausschlie\u00dflich praxisbew\u00e4hrte und effektive Sanierungssysteme und -methoden ein. Als Fachbetrieb f\u00fcr Abdichtung und Sanierung blicken wir auf eine lange und intensive Berufserfahrung zur\u00fcck. Unsere versierten Spezialisten informieren Sie gerne im Detail.<\/p>","popseo_schlusstext":"<p>Sie suchen einen Experten f\u00fcr die sachgerechte Umsetzung der Innen- und Au\u00dfenabdichtung. Dann melden Sie sich am besten noch heute bei uns. Wir freuen uns auf Ihren Anruf oder Ihre E-Mail. Wenn es um Sanierung geht, sind wir Ihr verl\u00e4sslicher Handwerkspartner. Wir bieten Ihnen eine fachm\u00e4nnisch ausgef\u00fchrte Arbeit nach dem stets derzeitigen Stand der Technik.<\/p>","popseo_stadttext":"<h3>Unser Vertriebsgebiet umfasst auch Salzhausen<\/h3>\n<p>Sie kommen aus Salzhausen und sind hier im Internet auf unsere Website gesto\u00dfen? Das finden wir klasse. Sehr gerne pr\u00e4sentieren wir Ihnen unser gesamtes Leistungsspektrum und beantworten Ihre Fragen. Durch unsere Gesch\u00e4ftst\u00e4tigkeit haben wir uns einen guten \u00dcberblick \u00fcber die Stadtarchitektur der St\u00e4dte und Gemeinden unseres Einzugsbereiches machen k\u00f6nnen. Nat\u00fcrlich geh\u00f6rt auch Salzhausen zu unserem unmittelbaren Wirkungskreis. Wir freuen uns darauf, mit Ihnen ins Gespr\u00e4ch zu treten. <\/p>\n<h3>Leben und Arbeiten in Salzhausen<\/h3>\n<p>Rund 5.000 Einwohner wohnen in Salzhausen auf einem Gebiet von 34 Quadratkilometern. Der speziell als Wohnstatt beliebte Ort ist eine typische Pendlerstadt. Von Salzhausen f\u00e4hrt man ins nahegelegene Hamburg in nur 35 Minuten. Das lokale Mittelzentrum L\u00fcneburg ist lediglich 20 Kilometer entfernt. Salzhausen ist Teil der Metropolregion Hamburg und geh\u00f6rt verwaltungstechnisch zum Kreis Harburg.<\/p>\n<p>Der beschauliche kleine Ort ist Sitz der Samtgemeinde Salzhausen, einer Vereinigung von 13 kleineren Ortschaften und acht Mitgliedsgemeinden. Die Samtgemeinde Salzhausen z\u00e4hlt in Summe rund 14.000 Einwohner und erstreckt sich \u00fcber ein Areal von etwas mehr als 148 qkm. Einige der bekanntesten Ortschaften sind Garlsdorf, Eyendorf, G\u00f6denstorf, Garstedt, Luhm\u00fchlen und Toppenstedt. Salzhausen wie auch die anderen Ortschaften der Samtgemeinde sind besonders familiengeeignete Wohnst\u00e4tten. Salzhausen gef\u00e4llt durch eine sehr bukolische Anmutung. Weitfl\u00e4chige Naherholungsgebiete und landwirtschaftlich genutzte Fl\u00e4chen laden zum M\u00fc\u00dfiggang ein.<\/p>\n<h4>Unsere Leistung f\u00fcr qualit\u00e4tsbewusste Kunden aus Salzhausen<\/h4>\n<p>Das Leben in Salzhausen, Garlsdorf, Eyendorf, G\u00f6denstorf, Garstedt, Luhm\u00fchlen und Toppenstedt ist romantisch. Alle Orte der Samtgemeinde Salzhausen verf\u00fcgen \u00fcber beruhigte Wohngebiete, die besonders von einer angenehmen Einzelhausbebauung gepr\u00e4gt sind. Sie interessieren sich f\u00fcr unser Leistungsprogramm und haben deshalb unsere Website besucht? Dar\u00fcber freuen wir uns sehr. Unser engagiertes Team nimmt gerne Ihren Anruf entgegen oder beantwortet Ihre E-Mail.<\/p>","popseo_zusatztext":"<h3>Abdichten: Auf die Wirksamkeit k\u00f6nnen Sie sich verlassen<\/h3>\n<p>Sie haben einen Feuchtigkeitsschaden entdeckt und m\u00fcssen die betroffenen W\u00e4nde nun so schnell wie m\u00f6glich abdichten. Sch\u00f6n, dass Sie uns gefunden haben! Als routiniertes Fachunternehmen der Bauwirtschaft kennen wir uns allerbestens aus mit dem Abdichten von Mauern, W\u00e4nden oder Kellern.  <\/p>\n<p>Feuchtigkeitssch\u00e4den sind unsere Fachkompetenz: F\u00fcr unseren Betrieb geh\u00f6rt das Abdichten von Kellern, Mauern oder W\u00e4nden zur allt\u00e4glichen Arbeit. Wir gehen der Ursache f\u00fcr den Wassereintritt gewissenhaft auf den Grund. Vor dem eigentlichen Abdichten muss erstmal die Ursachenfindung stehen. Erst wenn man den tats\u00e4chlichen Grund f\u00fcr die Durchfeuchtung gefunden hat, kann man mit dem Abdichten anfangen. Die Bestandsaufnahme gibt die Marschrichtung vor, den das Abdichten eines Bauk\u00f6rpers umfassen muss.  <\/p>\n<h4>Abdichten: Wir helfen verl\u00e4sslich und kompetent!<\/h4>\n<p>Z\u00f6gern Sie bitte nicht und verabreden Sie gleich jetzt einen Termin mit einem unserer kompetenten Mitarbeiter. Ein kurzer Telefonanruf oder auch eine schnelle e-Mail reichen v\u00f6llig aus! Bei einer Begutachtung direkt am betroffenen Objekt, nehmen wir den Schaden auf und erstellen anschlie\u00dfend ein Konzept f\u00fcr das nachhaltige Abdichten der betroffenen Bereiche. Unsere Arbeit ist stets zweckbezogen: Nat\u00fcrlich flie\u00dfen auch \u00f6konomische Betrachtungen in unsere Entscheidungsfindung f\u00fcr das Abdichten Ihres Geb\u00e4udes mit ein. Alles aus einer Hand: Unsere dynamischen Angestellten f\u00fchren alle notwendigen Arbeiten, die zum Abdichten dazugeh\u00f6ren schnell und verl\u00e4sslich aus. Schon seit langer Zeit ist unser Unternehmen f\u00fcr eine hohe Fachkompetenz bekannt. Eine unserer Schwerpunkte liegt im Abdichten von Wohn- und Gesch\u00e4ftsgeb\u00e4uden. Vertrauen Sie auf Fachkompetenz und beauftragen Sie uns f\u00fcr das Abdichten von neuralgischen Stellen im Mauerwerk. Wir freuen uns darauf, auch Ihnen helfen zu k\u00f6nnen.<\/p>","popseo_links":"<a href=\"https:\/\/bautenschutz-keul.de\/angebote\/schimmelbeseitigung-harburg\/\">Schimmelbeseitigung Harburg<\/a>, <a href=\"https:\/\/bautenschutz-keul.de\/angebote\/kellersanierung-tostedt-sittensen\/\">Kellersanierung Tostedt Sittensen<\/a>, <a href=\"https:\/\/bautenschutz-keul.de\/angebote\/feuchte-wand-glinde-sachsenwald\/\">Feuchte Wand Glinde Sachsenwald<\/a>, <a href=\"https:\/\/bautenschutz-keul.de\/angebote\/bauwerksabdichtung-uelzen\/\">Bauwerksabdichtung Uelzen<\/a>, <a href=\"https:\/\/bautenschutz-keul.de\/angebote\/schimmelsanierung-schwarzenbek\/\">Schimmelsanierung Schwarzenbek<\/a>, <a href=\"https:\/\/bautenschutz-keul.de\/angebote\/schimmel-buchholz-in-der-nordheide\/\">Schimmel Buchholz in der Nordheide<\/a>, <a href=\"https:\/\/bautenschutz-keul.de\/angebote\/kellerabdichtung-reppenstedt\/\">Kellerabdichtung Reppenstedt<\/a>, <a href=\"https:\/\/bautenschutz-keul.de\/angebote\/salpeter-im-keller-schwarzenbek\/\">Salpeter im Keller Schwarzenbek<\/a>, <a href=\"https:\/\/bautenschutz-keul.de\/angebote\/bauwerksabdichtung-adendorf\/\">Bauwerksabdichtung Adendorf<\/a>, <a href=\"https:\/\/bautenschutz-keul.de\/angebote\/horizontalsperre-schwarzenbek\/\">Horizontalsperre Schwarzenbek<\/a>, <a href=\"https:\/\/bautenschutz-keul.de\/angebote\/bauwerksabdichtung-amt-neuhaus\/\">Bauwerksabdichtung Amt Neuhaus<\/a>, <a href=\"https:\/\/bautenschutz-keul.de\/angebote\/kellertrockenlegung-hanstedt\/\">Kellertrockenlegung Hanstedt<\/a>, <a href=\"https:\/\/bautenschutz-keul.de\/angebote\/mauertrockenlegung-seevetal-rosengarten\/\">Mauertrockenlegung Seevetal Rosengarten<\/a>, <a href=\"https:\/\/bautenschutz-keul.de\/angebote\/feuchte-wand-jesteburg\/\">Feuchte Wand Jesteburg<\/a>, <a href=\"https:\/\/bautenschutz-keul.de\/angebote\/schimmelbeseitigung-boizenburg\/\">Schimmelbeseitigung Boizenburg<\/a>, <a href=\"https:\/\/bautenschutz-keul.de\/angebote\/bauwerksabdichtung-schwarzenbek\/\">Bauwerksabdichtung Schwarzenbek<\/a>, <a href=\"https:\/\/bautenschutz-keul.de\/angebote\/rissverpressung-maschen\/\">Rissverpressung Maschen<\/a>, <a href=\"https:\/\/bautenschutz-keul.de\/angebote\/aufsteigende-feuchtigkeit-bispingen\/\">aufsteigende Feuchtigkeit Bispingen<\/a>, <a href=\"https:\/\/bautenschutz-keul.de\/angebote\/horizontalsperre-boizenburg\/\">Horizontalsperre Boizenburg<\/a>, <a href=\"https:\/\/bautenschutz-keul.de\/angebote\/kellersanierung-uelzen\/\">Kellersanierung Uelzen<\/a>, <a href=\"https:\/\/bautenschutz-keul.de\/angebote\/feuchter-keller-salzhausen\/\">Feuchter Keller Salzhausen<\/a>, <a href=\"https:\/\/bautenschutz-keul.de\/angebote\/zerstoerter-putz-glinde-sachsenwald\/\">zerst\u00f6rter Putz Glinde Sachsenwald<\/a>, <a href=\"https:\/\/bautenschutz-keul.de\/angebote\/kellertrockenlegung-brietlingen\/\">Kellertrockenlegung Brietlingen<\/a>, <a href=\"https:\/\/bautenschutz-keul.de\/angebote\/rissverpressung-schwarzenbek\/\">Rissverpressung Schwarzenbek<\/a>, <a href=\"https:\/\/bautenschutz-keul.de\/angebote\/feuchtigkeitsschaden-stelle\/\">Feuchtigkeitsschaden Stelle<\/a>, <a href=\"https:\/\/bautenschutz-keul.de\/angebote\/horizontalsperre-uelzen\/\">Horizontalsperre Uelzen<\/a>, <a href=\"https:\/\/bautenschutz-keul.de\/angebote\/feuchte-mauer-maschen\/\">Feuchte Mauer Maschen<\/a>, <a href=\"https:\/\/bautenschutz-keul.de\/angebote\/feuchter-keller-uelzen\/\">Feuchter Keller Uelzen<\/a>"},"_links":{"self":[{"href":"https:\/\/bautenschutz-keul.de\/angebote\/wp-json\/wp\/v2\/pages\/261","targetHints":{"allow":["GET"]}}],"collection":[{"href":"https:\/\/bautenschutz-keul.de\/angebote\/wp-json\/wp\/v2\/pages"}],"about":[{"href":"https:\/\/bautenschutz-keul.de\/angebote\/wp-json\/wp\/v2\/types\/page"}],"author":[{"embeddable":true,"href":"https:\/\/bautenschutz-keul.de\/angebote\/wp-json\/wp\/v2\/users\/1"}],"replies":[{"embeddable":true,"href":"https:\/\/bautenschutz-keul.de\/angebote\/wp-json\/wp\/v2\/comments?post=261"}],"version-history":[{"count":0,"href":"https:\/\/bautenschutz-keul.de\/angebote\/wp-json\/wp\/v2\/pages\/261\/revisions"}],"wp:attachment":[{"href":"https:\/\/bautenschutz-keul.de\/angebote\/wp-json\/wp\/v2\/media?parent=261"}],"curies":[{"name":"wp","href":"https:\/\/api.w.org\/{rel}","templated":true}]}}