{"id":262,"date":"2021-09-13T08:43:43","date_gmt":"2021-09-13T06:43:43","guid":{"rendered":"https:\/\/bautenschutz-keul.de\/angebote\/feuchtigkeit-schwarzenbek\/"},"modified":"2021-09-13T08:43:43","modified_gmt":"2021-09-13T06:43:43","slug":"feuchtigkeit-schwarzenbek","status":"publish","type":"page","link":"https:\/\/bautenschutz-keul.de\/angebote\/feuchtigkeit-schwarzenbek\/","title":{"rendered":"Feuchtigkeit &#8211; Schwarzenbek"},"content":{"rendered":"<h3>Wir helfen rasch bei fortgesetzter Feuchtigkeit!<\/h3>\n<p>Nicht saniert kann sich einsickernde Feuchtigkeit zu einem ersthaften Problem heranbilden. Dementsprechend gut beraten sind Geb\u00e4udeeigent\u00fcmer, wenn sie sich zeitnah \u00fcber potentielle Sanierungsma\u00dfnahmen informieren. Feuchtigkeit in den W\u00e4nden muss nicht gezwungenerma\u00dfen langwierige Instandsetzungsarbeiten nach sich ziehen. Zeitnah bemerkt, kann sich der Aufwand meistens in Grenzen halten. Feuchtigkeit, die sich auf lange Zeit in den Mauern festsetzt, kann ganz ohne Frage schlechte Folgen auf Gesundheit und Wohl der Immobiliennutzer haben. Daher ist es \u00e4u\u00dferst wichtig, zur rechten Zeit gegen Feuchtigkeit vorzugehen.    <\/p>\n<p>Feuchtigkeit aus Mauern und W\u00e4nden zu beseitigen ist eine Angelegenheit f\u00fcr den Spezialisten. Passende Mittel, wie man Feuchtigkeit nachhaltig besiegt, kennt nur ein sehr gut ausgebildeter Spezialist. Bevor mit der Arbeit gestartet werden kann, ist eine gr\u00fcndliche Analyse der Ursachen f\u00fcr die Entstehung von Feuchtigkeit unerl\u00e4\u00dflich. Feuchtigkeit im Mauerwerk l\u00e4sst sich ohne eine gr\u00fcndliche Analyse nicht nachhaltig beheben. Eindringende Feuchtigkeit kann zahlreiche Gr\u00fcnde haben. Immer wieder liegt die Ursache in einer nicht ausreichenden Bel\u00fcftung. Auch kann eine unbekannte Leckage an einem Abflu\u00df<br \/>\nder Grund f\u00fcr die Feuchtigkeit sein. <\/p>\n<h3>Feuchtigkeit: Schnelle Hilfe durch den Fachbetrieb!<\/h3>\n<p>Findet man den Grund, kann man Feuchtigkeit zumeist rasch<br \/>\nund m\u00fchelos entfernen. Von au\u00dfen eindringende Feuchtigkeit ist ein laufendes Problem. Zum Beispiel ist es vorstellbar, dass hohes Grundwasser dazu f\u00fchrt, dass best\u00e4ndig Feuchtigkeit in das Mauerwerk sickert. Ebenso beg\u00fcnstigt eine Hanglage einen wiederholten Feuchtigkeitseintritt. In derlei F\u00e4llen sind durchaus weitergefasste Mittel zur Sanierung zu w\u00e4hlen.<\/p>\n","protected":false},"excerpt":{"rendered":"<p>Wir helfen rasch bei fortgesetzter Feuchtigkeit! Nicht saniert kann sich einsickernde Feuchtigkeit zu einem ersthaften Problem heranbilden. Dementsprechend gut beraten sind Geb\u00e4udeeigent\u00fcmer, wenn sie sich zeitnah \u00fcber potentielle Sanierungsma\u00dfnahmen informieren. Feuchtigkeit in den W\u00e4nden muss nicht gezwungenerma\u00dfen langwierige Instandsetzungsarbeiten nach sich ziehen. Zeitnah bemerkt, kann sich der Aufwand meistens in Grenzen halten. Feuchtigkeit, die sich [&hellip;]<\/p>\n","protected":false},"author":1,"featured_media":0,"parent":0,"menu_order":0,"comment_status":"closed","ping_status":"closed","template":"","meta":{"footnotes":""},"class_list":["post-262","page","type-page","status-publish","hentry"],"meta_box":{"popseo_subtitel":"Die Firma TK-Geb\u00e4udetechnik Thorsten Keul ist Ihr erfahrener Experte beim Kampf gegen Feuchtigkeit im Raum Schwarzenbek","popseo_subtitel2":"Feuchtigkeit - wir haben die richtige L\u00f6sung f\u00fcr Sie!","popseo_lasttitel":"Feuchtigkeit: F\u00fcr weitere Informationen sprechen Sie uns bitte an","popseo_region":"Schwarzenbek","popseo_sachwort":"Feuchtigkeit","popseo_noupdate":"","popseo_einleitungstext":"<p>Sie haben sich mit dem Thema Bauwerksabdichtung auseinandergesetzt, weil Ihr Haus feuchte Geb\u00e4udebereiche aufweist und Sie nach M\u00f6glichkeiten einer wirkungsvollen und professionellen Sanierung Ausschau halten. Gut, dass Sie unseren Internetauftritt entdeckt haben. Auf den folgenden Seiten d\u00fcrfen wir Ihnen n\u00e4here Informationen zu unserem Leistungsspektrum geben. Sie lernen auf dieser Internetseite unsere Firma n\u00e4her kennen. <\/p>\n<p>Unser Unternehmen ist ein qualifizierter und etablierter Fachbetrieb mit Sitz in Brietlingen bei L\u00fcneburg. Seit vielen Jahren schon sind wir Ihr Fachpartner f\u00fcr alle Fragen rund um die Bauwerksabdichtung. Wir setzen ausschlie\u00dflich praxisbew\u00e4hrte und effektive Sanierungsmethoden und -systeme ein. Als Sanierungsfachbetrieb blicken wir auf eine lange Berufserfahrung zur\u00fcck. Unsere freundlichen Mitarbeiter informieren Sie gerne im Detail.<\/p>","popseo_schlusstext":"<p>Sehr gerne informieren wir Sie n\u00e4her \u00fcber unser Aufgabengebiet. Wir nennen Ihnen mit Vergn\u00fcgen auch einige Projekte, die Ihnen einen Einblick in unsere T\u00e4tigkeit geben.<br \/>\nVertrauen Sie auf das Urteil eines erfahrenen Sannierungsfachbetriebes. Rufen Sie uns doch rasch einmal an oder senden Sie uns eine schnelle E-Mail. Wir freuen uns auf Ihre Kontaktaufnahme.<\/p>","popseo_stadttext":"<h3>Wir sind Ihr Partner auch in Schwarzenbek<\/h3>\n<p>Unser Einzugsbereich umfasst auch Schwarzenbek. Durch unsere Gesch\u00e4ftst\u00e4tigkeit haben wir uns einen guten \u00dcberblick \u00fcber die Architektur der Gemeinden und St\u00e4dte unseres Vertriebsgebietes erarbeiten k\u00f6nnen. Wir f\u00fchlen uns der Region verpflichtet und sind stolz darauf, auch unseren Anteil zur guten Infrastruktur der Stadt Schwarzenbek beizusteuern zu k\u00f6nnen.  <\/p>\n<h3>Lebensmittelpunkt Schwarzenbek<\/h3>\n<p>Die Kleinstadt Schwarzenbek z\u00e4hlt verwaltungstechnisch zum schleswig-holsteinischen Landkreis Herzogtum Lauenburg. In Schwarzenbek wohnen in etwa 15.000 B\u00fcrger auf einer Gesamtfl\u00e4che von in etwa 11 Quadratkilometern. Schwarzenbek fungiert als Verwaltungssitz des Amtes Schwarzenbek-Land. Schwarzenbek begeistert speziell durch seine sch\u00f6nen Wohnquartiere. Die Bebauung mit Ein- und Mehrfamilienh\u00e4usern \u00fcberwiegt in der lauenburgischen Kleinstadt ganz eindeutig. Vielgeschossige Wohngeb\u00e4ude sind in Schwarzenbek erkennbar in der Minderheit.<\/p>\n<p>Die enge Nachbarschaft zur Gro\u00dfstadt Hamburg ist ein erheblicher Standortfaktor f\u00fcr den Ort. Nur knapp 35 km ist die norddeutsche Gro\u00dfstadt von Schwarzenbek entfernt. Viele Pendler genie\u00dfen die Vorteile von Schwarzenbek: Wer seinen Arbeitgeber in Hamburg hat, hat es nicht weit bis zur Wohnst\u00e4tte Schwarzenbek. Das eher beschauliche Leben auf dem Lande verbindet sich auf perfekte Weise mit den urbanen Vorz\u00fcgen der Gro\u00dfstadt.<br \/>\nEine hervorragende Infrastruktur macht das Wohnen in Schwarzenbek insbesondere f\u00fcr junge Familien interessant. Die Stadt ist Mitglied im Hamburger Verkehrsverbund (HVV). Auf der Schiene erreicht man Schwarzenbek \u00fcber die Verbindung Hamburg-Berlin. Zum Hauptbahnhof Hamburg ben\u00f6tigt man rund 20 Minuten. <\/p>\n<h3>Schwarzenbek \u2013 ein attraktiver Wohnort<\/h3>\n<p>Die Gemeinde Schwarzenbek wurde vor einiger Zeit mit dem sog. Europapreis ausgezeichnet. Der Preis wird Gemeinden verliehen, die sich sich besonders intensiv f\u00fcr die Verbreitung des europ\u00e4ischen Gedankens stark gemacht haben. Schwarzenbek tr\u00e4gt die Bezeichnung \u201eEuropastadt\u201c mit Stolz.<br \/>\nWegen der besonderen Lage im Kreisgebiet Lauenburgs wird Schwarzenbek zuweilen auch als \u201eStadt der Mitte\u201c bezeichnet. Schwarzenbek war \u00fcbrigens eine der ersten Gemeinden in Norddeutschland, die auf der Stadtbeschilderung den Ortsnamen auch auf Plattdeutsch geschrieben haben. Eine tolle Idee, die inzwischen zahllose Nachahmer gefunden hat. <\/p>\n<h4>Hohe Qualit\u00e4t f\u00fcr Kunden aus Schwarzenbek<\/h4>\n<p>Sehr gerne \u00fcbernehmen wir auch Arbeiten in Schwarzenbek und Umgebung. D\u00fcrfen wir Sie detailliert informieren? Kontaktieren sie uns per Telefon oder schreiben Sie uns eine E-Mail. Wir freuen uns auf Sie! Das qualifizierte Team unseres Unternehmens arbeitet \u201eHand in Hand\u201c, dabei stets zielorientiert und sorgsam.<\/p>","popseo_zusatztext":"<h3>Abdichten: Wir bieten eine erstklassige Sanierungsarbeit<\/h3>\n<p>Sie haben einen N\u00e4sseschaden festgestellt und m\u00fcssen die betroffenen Bereiche nun z\u00fcgig abdichten. Sehr gut, dass Sie uns gefunden haben! Als routiniertes Fachunternehmen der Baubranche kennen wir uns bestens aus mit dem Abdichten von Mauern, W\u00e4nden oder Kellern.  <\/p>\n<p>Feuchtigkeitssch\u00e4den sind unser Metier: F\u00fcr unseren Betrieb geh\u00f6rt das Abdichten von W\u00e4nden, Mauern oder Kellern zur allt\u00e4glichen Arbeit. Wir gehen der Ursache f\u00fcr den Feuchtigkeitseintritt sorgf\u00e4ltig auf den Grund. Vor dem eigentlichen Abdichten muss erstmal die Ursachenforschung stehen. Erst wenn man den tats\u00e4chlichen Grund f\u00fcr die Durchfeuchtung ermittelt hat, kann man mit dem Abdichten anfangen. Die Begutachtung gibt die Richtung vor, den das Abdichten eines Bauk\u00f6rpers umfassen muss.  <\/p>\n<h4>Abdichten: Beste Arbeit durch den Fachbetrieb<\/h4>\n<p>Warten Sie bitte nicht und vereinbaren Sie zeitnah ein Treffen mit einem unserer routinierten Angestellten. Ein kurzer Anruf beziehungsweise eine kurze E-Mail reichen v\u00f6llig aus! Bei einer Analyse direkt am gesch\u00e4digten Objekt, nehmen wir den Schaden auf und erarbeiten daraufhin ein Konzept f\u00fcr das langfristige Abdichten der betroffenen Bereiche. Unsere Arbeit ist grunds\u00e4tzlich zweckbezogen: Nat\u00fcrlich flie\u00dfen auch monet\u00e4re Aspekte in unsere Entscheidungsfindung f\u00fcr das Abdichten Ihres Geb\u00e4udes mit ein. Alles aus einer Hand: Unsere motivierten Fachkr\u00e4fte f\u00fchren alle erforderlichen T\u00e4tigkeiten, die zum Abdichten geh\u00f6ren umgehend und zuverl\u00e4ssig aus. Schon seit langer Zeit ist unser Haus f\u00fcr eine hohe Qualit\u00e4t bekannt. Eine unserer Schwerpunkte liegt im Abdichten von Wohn- und Gesch\u00e4ftsgeb\u00e4uden. Setzen Sie auf Kompetenz und beauftragen Sie unser Unternehmen f\u00fcr das Abdichten von neuralgischen Bereichen im Mauerwerk. Wir freuen uns darauf, auch Ihnen helfen zu k\u00f6nnen.<\/p>","popseo_links":"<a href=\"https:\/\/bautenschutz-keul.de\/angebote\/kellersanierung-reppenstedt\/\">Kellersanierung Reppenstedt<\/a>, <a href=\"https:\/\/bautenschutz-keul.de\/angebote\/kellersanierung-amt-neuhaus\/\">Kellersanierung Amt Neuhaus<\/a>, <a href=\"https:\/\/bautenschutz-keul.de\/angebote\/kellersanierung-jesteburg\/\">Kellersanierung Jesteburg<\/a>, <a href=\"https:\/\/bautenschutz-keul.de\/angebote\/salpeter-im-keller-salzhausen\/\">Salpeter im Keller Salzhausen<\/a>, <a href=\"https:\/\/bautenschutz-keul.de\/angebote\/kellerabdichtung-tostedt-sittensen\/\">Kellerabdichtung Tostedt Sittensen<\/a>, <a href=\"https:\/\/bautenschutz-keul.de\/angebote\/rissverpressung-bispingen\/\">Rissverpressung Bispingen<\/a>, <a href=\"https:\/\/bautenschutz-keul.de\/angebote\/kellersanierung-glinde-sachsenwald\/\">Kellersanierung Glinde Sachsenwald<\/a>, <a href=\"https:\/\/bautenschutz-keul.de\/angebote\/zerstoerter-putz-harburg\/\">zerst\u00f6rter Putz Harburg<\/a>, <a href=\"https:\/\/bautenschutz-keul.de\/angebote\/feuchter-keller-buchholz-in-der-nordheide\/\">Feuchter Keller Buchholz in der Nordheide<\/a>, <a href=\"https:\/\/bautenschutz-keul.de\/angebote\/bauwerksabdichtung-bispingen\/\">Bauwerksabdichtung Bispingen<\/a>, <a href=\"https:\/\/bautenschutz-keul.de\/angebote\/feuchte-wand-tostedt-sittensen\/\">Feuchte Wand Tostedt Sittensen<\/a>, <a href=\"https:\/\/bautenschutz-keul.de\/angebote\/rissverpressung-ebstorf\/\">Rissverpressung Ebstorf<\/a>, <a href=\"https:\/\/bautenschutz-keul.de\/angebote\/feuchter-keller-reppenstedt\/\">Feuchter Keller Reppenstedt<\/a>, <a href=\"https:\/\/bautenschutz-keul.de\/angebote\/zerstoerter-putz-reinbek-aumuehle\/\">zerst\u00f6rter Putz Reinbek Aum\u00fchle<\/a>, <a href=\"https:\/\/bautenschutz-keul.de\/angebote\/kellerabdichtung-buechen\/\">Kellerabdichtung B\u00fcchen<\/a>, <a href=\"https:\/\/bautenschutz-keul.de\/angebote\/feuchte-wand-uelzen\/\">Feuchte Wand Uelzen<\/a>, <a href=\"https:\/\/bautenschutz-keul.de\/angebote\/horizontalsperre-reinbek-aumuehle\/\">Horizontalsperre Reinbek Aum\u00fchle<\/a>, <a href=\"https:\/\/bautenschutz-keul.de\/angebote\/kellersanierung-geesthacht\/\">Kellersanierung Geesthacht<\/a>, <a href=\"https:\/\/bautenschutz-keul.de\/angebote\/schimmel-harburg\/\">Schimmel Harburg<\/a>, <a href=\"https:\/\/bautenschutz-keul.de\/angebote\/kellersanierung-hanstedt\/\">Kellersanierung Hanstedt<\/a>, <a href=\"https:\/\/bautenschutz-keul.de\/angebote\/kellersanierung-amelinghausen\/\">Kellersanierung Amelinghausen<\/a>, <a href=\"https:\/\/bautenschutz-keul.de\/angebote\/salpeter-im-keller-reinbek-aumuehle\/\">Salpeter im Keller Reinbek Aum\u00fchle<\/a>, <a href=\"https:\/\/bautenschutz-keul.de\/angebote\/zerstoerter-putz-adendorf\/\">zerst\u00f6rter Putz Adendorf<\/a>, <a href=\"https:\/\/bautenschutz-keul.de\/angebote\/kellertrockenlegung-salzhausen\/\">Kellertrockenlegung Salzhausen<\/a>, <a href=\"https:\/\/bautenschutz-keul.de\/angebote\/rissverpressung-jesteburg\/\">Rissverpressung Jesteburg<\/a>, <a href=\"https:\/\/bautenschutz-keul.de\/angebote\/schimmel-herzogtum-lauenburg\/\">Schimmel Herzogtum Lauenburg<\/a>, <a href=\"https:\/\/bautenschutz-keul.de\/angebote\/innenabdichtung-winsen-luhe\/\">Innenabdichtung Winsen Luhe<\/a>, <a href=\"https:\/\/bautenschutz-keul.de\/angebote\/innenabdichtung-adendorf\/\">Innenabdichtung Adendorf<\/a>"},"_links":{"self":[{"href":"https:\/\/bautenschutz-keul.de\/angebote\/wp-json\/wp\/v2\/pages\/262","targetHints":{"allow":["GET"]}}],"collection":[{"href":"https:\/\/bautenschutz-keul.de\/angebote\/wp-json\/wp\/v2\/pages"}],"about":[{"href":"https:\/\/bautenschutz-keul.de\/angebote\/wp-json\/wp\/v2\/types\/page"}],"author":[{"embeddable":true,"href":"https:\/\/bautenschutz-keul.de\/angebote\/wp-json\/wp\/v2\/users\/1"}],"replies":[{"embeddable":true,"href":"https:\/\/bautenschutz-keul.de\/angebote\/wp-json\/wp\/v2\/comments?post=262"}],"version-history":[{"count":0,"href":"https:\/\/bautenschutz-keul.de\/angebote\/wp-json\/wp\/v2\/pages\/262\/revisions"}],"wp:attachment":[{"href":"https:\/\/bautenschutz-keul.de\/angebote\/wp-json\/wp\/v2\/media?parent=262"}],"curies":[{"name":"wp","href":"https:\/\/api.w.org\/{rel}","templated":true}]}}