{"id":265,"date":"2021-09-13T08:43:43","date_gmt":"2021-09-13T06:43:43","guid":{"rendered":"https:\/\/bautenschutz-keul.de\/angebote\/feuchtigkeit-tostedt-sittensen\/"},"modified":"2021-09-13T08:43:43","modified_gmt":"2021-09-13T06:43:43","slug":"feuchtigkeit-tostedt-sittensen","status":"publish","type":"page","link":"https:\/\/bautenschutz-keul.de\/angebote\/feuchtigkeit-tostedt-sittensen\/","title":{"rendered":"Feuchtigkeit &#8211; Tostedt Sittensen"},"content":{"rendered":"<h3>Feuchtigkeit: Unsere Fachhandwerker beheben den Schaden!<\/h3>\n<p>Nicht saniert kann sich eindringende Feuchtigkeit zu einem schwerwiegenden Problem heranbilden. Entsprechend gut beraten sind Hauseigent\u00fcmer, wenn sie sich zu gegebener Zeit \u00fcber denkbare Sanierungsmethoden informieren. Feuchtigkeit in den Mauern muss nicht gezwungenerma\u00dfen zeitaufw\u00e4ndige  Sanierungsarbeiten nach sich ziehen. Fr\u00fch genug festgestellt, kann sich der Aufwand meist in Grenzen halten. Feuchtigkeit, die sich langfristig in den Mauern festsetzt, kann ganz zweifellos schwerwiegende Einfl\u00fcsse auf gesundheitliche Verfassung und Wohl der Immobiliennutzer haben. Deshalb ist es sehr erforderlich, rechtzeitig gegen Feuchtigkeit vorzugehen.    <\/p>\n<p>Feuchtigkeit aus dem Mauerwerk zu beseitigen ist eine Angelegenheit f\u00fcr den Experten. Geeignete Mittel, wie man Feuchtigkeit wirksam entfernt, wei\u00df nur ein sehr gut ausgebildeter Spezialist. Bevor mit der Sanierungsma\u00dfnahme angefangen werden kann, ist eine detaillierte Kl\u00e4rung der Ursachen f\u00fcr die Bildung von Feuchtigkeit notwendig. Feuchtigkeit im Geb\u00e4ude l\u00e4sst sich ohne eine detaillierte Pr\u00fcfung nicht auf Dauer beheben. Einsickernde Feuchtigkeit kann viele Gr\u00fcnde haben. Oftmals liegt der Grund in einer fehlerhaften Hinterl\u00fcftung. Ebenfalls kann eine nicht entdeckte Leckage an einem Abflu\u00df<br \/>\ndie Ursache f\u00fcr die Feuchtigkeit sein. <\/p>\n<h3>Schnell und gr\u00fcndlich: Wir helfen bei Feuchtigkeit<\/h3>\n<p>Wei\u00df man den Grund, kann man Feuchtigkeit meistens rasch<br \/>\nund einfach eliminieren. Extern eindringende Feuchtigkeit ist ein laufendes Problem. So ist es nicht ausgeschlossen, dass hochstehendes Grundwasser der Grund daf\u00fcr ist, dass st\u00e4ndig Feuchtigkeit in das Mauerwerk eindringt. Auch erleichtert eine Lage am Hang einen dauernden Feuchtigkeitseintritt. In derlei F\u00e4llen sind allemal energische Mittel zur Sanierung zu ergreifen.<\/p>\n","protected":false},"excerpt":{"rendered":"<p>Feuchtigkeit: Unsere Fachhandwerker beheben den Schaden! Nicht saniert kann sich eindringende Feuchtigkeit zu einem schwerwiegenden Problem heranbilden. Entsprechend gut beraten sind Hauseigent\u00fcmer, wenn sie sich zu gegebener Zeit \u00fcber denkbare Sanierungsmethoden informieren. Feuchtigkeit in den Mauern muss nicht gezwungenerma\u00dfen zeitaufw\u00e4ndige Sanierungsarbeiten nach sich ziehen. Fr\u00fch genug festgestellt, kann sich der Aufwand meist in Grenzen halten. [&hellip;]<\/p>\n","protected":false},"author":1,"featured_media":0,"parent":0,"menu_order":0,"comment_status":"closed","ping_status":"closed","template":"","meta":{"footnotes":""},"class_list":["post-265","page","type-page","status-publish","hentry"],"meta_box":{"popseo_subtitel":"Wir sind Ihr Experte beim Kampf gegen Feuchtigkeit in Tostedt Sittensen","popseo_subtitel2":"Feuchtigkeit - Sanierung durch den Fachbetrieb!","popseo_lasttitel":"Feuchtigkeit: Wir beantworten Ihre Fragen!","popseo_region":"Tostedt Sittensen","popseo_sachwort":"Feuchtigkeit","popseo_noupdate":"","popseo_einleitungstext":"<p>Sie haben sich mit dem Thema Bauwerksabdichtung besch\u00e4ftigt, weil Ihre Immobilie feuchte Geb\u00e4udeteile aufweist und Sie nach Methoden einer professionellen und vor allem wirksamen Sanierung Ausschau halten. Hervorragend, dass Sie unsere Homepage entdeckt haben. Auf den folgenden Seiten d\u00fcrfen wir Ihnen n\u00e4here Informationen zu unserem Leistungsspektrum geben. Sie lernen auf dieser Website unsere Firma n\u00e4her kennen. <\/p>\n<p>Unser Unternehmen ist ein spezialisierter und etablierter Fachbetrieb mit Firmensitz in Brietlingen bei L\u00fcneburg. Seit vielen Jahren schon sind wir Ihre Experten f\u00fcr alle Fragen rund um die Bauwerksabdichtung. Wir setzen ausschlie\u00dflich effektive und praxisbew\u00e4hrte Sanierungsmethoden und -systeme ein. Als Sanierungsfachbetrieb blicken wir auf eine lange Berufserfahrung zur\u00fcck. Unsere engagierten Fachkr\u00e4fte informieren Sie gerne im Detail.<\/p>","popseo_schlusstext":"<p>Sehr gerne informieren wir Sie n\u00e4her \u00fcber unser Themengebiet. Wir zeigen Ihnen mit Vergn\u00fcgen auch einige Referenzprojekte, die Ihnen einen Einblick in unsere T\u00e4tigkeit geben.<br \/>\nSchenken Sie uns Ihr Vertrauen. Rufen Sie uns doch einfach einmal an oder schreiben Sie uns eine schnelle E-Mail. Wir freuen uns auf Ihre Kontaktaufnahme.<\/p>","popseo_stadttext":"<h3>Anfragen erhalten wir auch aus Tostedt und Sittensen<\/h3>\n<p>Durch unsere Gesch\u00e4ftst\u00e4tigkeit haben wir uns einen guten \u00dcberblick \u00fcber die Stadtarchitektur der Gemeinden und St\u00e4dte unseres Einzugsbereiches machen k\u00f6nnen. Nat\u00fcrlich geh\u00f6ren auch Tostedt und Sittensen zu unserem unmittelbaren Vertriebsgebiet. Wir freuen uns darauf, mit Ihnen in Kontakt zu kommen. <\/p>\n<h3>Interessante Fakten zu Tostedt und Sittensen<\/h3>\n<p>Wer in Tostedt lebt, wohnt in kleinst\u00e4dtischem Flair, ohne auf die Vorz\u00fcge der nahen Gro\u00dfstadt Hamburg zu verzichten. Die Hansestadt ist nur ein paar Kilometer entfernt. Als Wohnstatt bietet Tostedt Gr\u00fcnde genug f\u00fcr die \u00fcber 13.000 Einwohner. Tostedt \u00fcberzeugt durch seine vielen Wohnviertel. Wer gerne im Gr\u00fcnen lebt, jedoch urbanes Treiben sch\u00e4tzt, ist in Tostedt richtig. Eine gut ausgebaute Infrastruktur mit vielf\u00e4ltigen Einkaufsm\u00f6glichkeiten sowie  vielen Sport- und Freizeitm\u00f6glichkeiten, verleihen Tostedt eine sehr gute Lebens- und Wohnqualit\u00e4t. <\/p>\n<h3>Tostedt und Sittensen \u2013 attraktive Wohnorte<\/h3>\n<p>Gerade einmal 20 Kilometer von Tostedt entfernt liegt die Gemeinde Sittensen. Das St\u00e4dtchen geh\u00f6rt formell zum nieders\u00e4chsischen Kreis Harburg. In Sittensen leben aktuell etwa 5.600 B\u00fcrger auf einer Fl\u00e4che von rund 18 km\u00b2. Auch Sittensen gef\u00e4llt durch eine attraktive Lage: Geografisch liegt Sittensen in der Zevener Geest, einem Landstrich am Elbe-Weser-Dreieck zwischen Hamburg. <\/p>\n<p>Die attraktive Gemeinde ist Sitz der Samtgemeinde Sittensen, einem Zusammenschluss von neun kleineren Orten, n\u00e4mlich Hamersen, Gro\u00df und Klein Melckelsen, Kalbe, Sittensen, Tiste, Lengenbostel, Wohnste und Vierden. Die Samtgemeinde z\u00e4hlt insgesamt knapp 11.000 Einwohner und streckt sich \u00fcber eine Fl\u00e4che von etwas mehr als 138 km\u00b2. Als Wohnstatt verbindet Sittensen urbanes Leben mit dem Wohnen in der Provinz auf musterhafte Weise. Die beiden norddeutschen Hansest\u00e4dte Hamburg und Bremen sind von Sittensen aus in weniger als 45 Minuten zu erreichen. <\/p>\n<h4>Unsere Leistung f\u00fcr qualit\u00e4tsbewusste Kunden aus Sittensen und Tostedt<\/h4>\n<p>Sie interessieren sich f\u00fcr unser Leistungsangebot und sind hier im Internet auf unsere Homepage gesto\u00dfen? Das freut uns sehr. Sehr gerne pr\u00e4sentieren wir Ihnen unser komplettes Leistungsspektrum und beantworten Ihre Fragen. Auf Ihre Anfragen freuen wir uns.<\/p>","popseo_zusatztext":"<h3>Abdichten: Wir versprechen Ihnen eine erstklassige Arbeit!<\/h3>\n<p>Sie haben einen N\u00e4sseschaden festgestellt und m\u00fcssen die betroffenen Mauerbereiche nun z\u00fcgig abdichten. Sch\u00f6n, dass Sie uns entdeckt haben! Als erfahrenes Fachunternehmen der Baubranche kennen wir uns bestens aus mit dem Abdichten von Kellern, Mauern oder W\u00e4nden.  <\/p>\n<p>N\u00e4ssesch\u00e4den sind unser Metier: F\u00fcr unsere Firma geh\u00f6rt das Abdichten von W\u00e4nden, Kellern oder Mauern zur t\u00e4glichen Arbeit. Wir gehen der Ursache f\u00fcr den N\u00e4sseeintritt gewissenhaft auf den Grund. Vor dem eigentlichen Abdichten muss erstmal die Ursachenforschung stehen. Erst wenn man den definitiven Grund f\u00fcr die Durchn\u00e4ssung gefunden hat, kann man mit dem Abdichten anfangen. Die Bestandsaufnahme gibt die Richtung vor, den das Abdichten eines Bauk\u00f6rpers beinhalten muss.  <\/p>\n<h4>Abdichten: Wir helfen verl\u00e4sslich und kompetent!<\/h4>\n<p>Warten Sie bitte nicht und verabreden Sie zeitnah einen Termin mit einem unserer routinierten Fachkr\u00e4fte. Ein kurzer Telefonanruf oder auch eine kurze Email gen\u00fcgen! Bei einer Bestandsaufnahme direkt am entsprechenden Objekt, nehmen wir den Schaden auf und entwerfen danach ein Konzept f\u00fcr das dauerhafte Abdichten der gesch\u00e4digten Stellen. Unsere Arbeit ist immer zweckbezogen: Nat\u00fcrlich flie\u00dfen auch \u00f6konomische Aspekte in unsere Entscheidungsfindung f\u00fcr das Abdichten Ihres Hauses mit ein. Alles aus einer Hand: Unsere dynamischen Fachkr\u00e4fte f\u00fchren s\u00e4mtliche notwendigen Arbeiten, die zum Abdichten geh\u00f6ren schnell und zuverl\u00e4ssig aus. Schon seit Jahren ist unser Haus f\u00fcr eine hohe Fachkompetenz bekannt. Eine unserer Kernkompetenzen liegt im Abdichten von Gesch\u00e4fts- und Wohngeb\u00e4uden. Setzen Sie auf Fachkompetenz und beauftragen Sie uns f\u00fcr das Abdichten von neuralgischen Stellen im Mauerwerk. Wir freuen uns darauf, auch Ihnen helfen zu k\u00f6nnen.<\/p>","popseo_links":"<a href=\"https:\/\/bautenschutz-keul.de\/angebote\/zerstoerter-putz-lueneburg\/\">zerst\u00f6rter Putz L\u00fcneburg<\/a>, <a href=\"https:\/\/bautenschutz-keul.de\/angebote\/aussenabdichtung-bergedorf-wentorf\/\">Au\u00dfenabdichtung Bergedorf Wentorf<\/a>, <a href=\"https:\/\/bautenschutz-keul.de\/angebote\/rissverpressung-bienenbuettel\/\">Rissverpressung Bienenb\u00fcttel<\/a>, <a href=\"https:\/\/bautenschutz-keul.de\/angebote\/feuchte-wand-lueneburg\/\">Feuchte Wand L\u00fcneburg<\/a>, <a href=\"https:\/\/bautenschutz-keul.de\/angebote\/kellersanierung-stelle\/\">Kellersanierung Stelle<\/a>, <a href=\"https:\/\/bautenschutz-keul.de\/angebote\/schimmelbeseitigung-uelzen\/\">Schimmelbeseitigung Uelzen<\/a>, <a href=\"https:\/\/bautenschutz-keul.de\/angebote\/kellertrockenlegung-tostedt-sittensen\/\">Kellertrockenlegung Tostedt Sittensen<\/a>, <a href=\"https:\/\/bautenschutz-keul.de\/angebote\/feuchter-keller-geesthacht\/\">Feuchter Keller Geesthacht<\/a>, <a href=\"https:\/\/bautenschutz-keul.de\/angebote\/schimmelbeseitigung-jesteburg\/\">Schimmelbeseitigung Jesteburg<\/a>, <a href=\"https:\/\/bautenschutz-keul.de\/angebote\/horizontalsperre-boizenburg\/\">Horizontalsperre Boizenburg<\/a>, <a href=\"https:\/\/bautenschutz-keul.de\/angebote\/schimmelbeseitigung-harburg\/\">Schimmelbeseitigung Harburg<\/a>, <a href=\"https:\/\/bautenschutz-keul.de\/angebote\/feuchte-wand-buechen\/\">Feuchte Wand B\u00fcchen<\/a>, <a href=\"https:\/\/bautenschutz-keul.de\/angebote\/bauwerksabdichtung-bispingen\/\">Bauwerksabdichtung Bispingen<\/a>, <a href=\"https:\/\/bautenschutz-keul.de\/angebote\/schimmelbeseitigung-buechen\/\">Schimmelbeseitigung B\u00fcchen<\/a>, <a href=\"https:\/\/bautenschutz-keul.de\/angebote\/schimmelsanierung-winsen-luhe\/\">Schimmelsanierung Winsen Luhe<\/a>, <a href=\"https:\/\/bautenschutz-keul.de\/angebote\/kellerabdichtung-jesteburg\/\">Kellerabdichtung Jesteburg<\/a>, <a href=\"https:\/\/bautenschutz-keul.de\/angebote\/schimmelbeseitigung-ebstorf\/\">Schimmelbeseitigung Ebstorf<\/a>, <a href=\"https:\/\/bautenschutz-keul.de\/angebote\/aussenabdichtung-herzogtum-lauenburg\/\">Au\u00dfenabdichtung Herzogtum Lauenburg<\/a>, <a href=\"https:\/\/bautenschutz-keul.de\/angebote\/kellertrockenlegung-salzhausen\/\">Kellertrockenlegung Salzhausen<\/a>, <a href=\"https:\/\/bautenschutz-keul.de\/angebote\/kellersanierung-salzhausen\/\">Kellersanierung Salzhausen<\/a>, <a href=\"https:\/\/bautenschutz-keul.de\/angebote\/schimmel-reppenstedt\/\">Schimmel Reppenstedt<\/a>, <a href=\"https:\/\/bautenschutz-keul.de\/angebote\/feuchter-keller-tostedt-sittensen\/\">Feuchter Keller Tostedt Sittensen<\/a>, <a href=\"https:\/\/bautenschutz-keul.de\/angebote\/schimmelsanierung-lueneburg\/\">Schimmelsanierung L\u00fcneburg<\/a>, <a href=\"https:\/\/bautenschutz-keul.de\/angebote\/schimmelsanierung-ebstorf\/\">Schimmelsanierung Ebstorf<\/a>, <a href=\"https:\/\/bautenschutz-keul.de\/angebote\/kellersanierung-hanstedt\/\">Kellersanierung Hanstedt<\/a>, <a href=\"https:\/\/bautenschutz-keul.de\/angebote\/kellerabdichtung-reinbek-aumuehle\/\">Kellerabdichtung Reinbek Aum\u00fchle<\/a>, <a href=\"https:\/\/bautenschutz-keul.de\/angebote\/feuchte-wand-brietlingen\/\">Feuchte Wand Brietlingen<\/a>, <a href=\"https:\/\/bautenschutz-keul.de\/angebote\/feuchte-wand-maschen\/\">Feuchte Wand Maschen<\/a>"},"_links":{"self":[{"href":"https:\/\/bautenschutz-keul.de\/angebote\/wp-json\/wp\/v2\/pages\/265","targetHints":{"allow":["GET"]}}],"collection":[{"href":"https:\/\/bautenschutz-keul.de\/angebote\/wp-json\/wp\/v2\/pages"}],"about":[{"href":"https:\/\/bautenschutz-keul.de\/angebote\/wp-json\/wp\/v2\/types\/page"}],"author":[{"embeddable":true,"href":"https:\/\/bautenschutz-keul.de\/angebote\/wp-json\/wp\/v2\/users\/1"}],"replies":[{"embeddable":true,"href":"https:\/\/bautenschutz-keul.de\/angebote\/wp-json\/wp\/v2\/comments?post=265"}],"version-history":[{"count":0,"href":"https:\/\/bautenschutz-keul.de\/angebote\/wp-json\/wp\/v2\/pages\/265\/revisions"}],"wp:attachment":[{"href":"https:\/\/bautenschutz-keul.de\/angebote\/wp-json\/wp\/v2\/media?parent=265"}],"curies":[{"name":"wp","href":"https:\/\/api.w.org\/{rel}","templated":true}]}}