{"id":266,"date":"2021-09-13T08:43:43","date_gmt":"2021-09-13T06:43:43","guid":{"rendered":"https:\/\/bautenschutz-keul.de\/angebote\/feuchtigkeit-uelzen\/"},"modified":"2021-09-13T08:43:43","modified_gmt":"2021-09-13T06:43:43","slug":"feuchtigkeit-uelzen","status":"publish","type":"page","link":"https:\/\/bautenschutz-keul.de\/angebote\/feuchtigkeit-uelzen\/","title":{"rendered":"Feuchtigkeit &#8211; Uelzen"},"content":{"rendered":"<h3>Sie ben\u00f6tigen Hilfe gegen Feuchtigkeit? Dann rufen Sie uns bitte an!<\/h3>\n<p>Nicht saniert kann sich eindringende Feuchtigkeit zu einem gewaltigen Problem entwickeln. Diesbez\u00fcglich gut beraten sind Hausbesitzer, wenn sie sich zeitnah \u00fcber denkbare Sanierungsmethoden informieren. Feuchtigkeit in den W\u00e4nden muss nicht zwingend langwierige  Sanierungsarbeiten zur Folge haben. Zeitnah festgestellt, kann sich der Aufwand fast immer in Grenzen halten. Feuchtigkeit, die sich langfristig in den W\u00e4nden festsetzt, kann ganz zweifelsohne schwerwiegende Folgen auf gesundheitliche Verfassung und Wohlergehen der Hausbewohner haben. Aus diesem Grunde ist es ungemein dringend, rechtzeitig gegen Feuchtigkeit vorzugehen.    <\/p>\n<p>Feuchtigkeit aus Mauern und W\u00e4nden zu beseitigen ist eine Angelegenheit f\u00fcr den Spezialisten. Die richtigen Ma\u00dfnahmen, wie man Feuchtigkeit nachhaltig entfernt, wei\u00df nur ein umfassend geschulter Spezialist. Ehe mit der Ma\u00dfnahme angefangen werden kann, ist eine gr\u00fcndliche Kl\u00e4rung der Ursachen f\u00fcr die Entstehung von Feuchtigkeit unerl\u00e4\u00dflich. Feuchtigkeit im Mauerwerk l\u00e4sst sich ohne eine gr\u00fcndliche Pr\u00fcfung nicht l\u00e4ngerfristig beheben. Einsickernde Feuchtigkeit kann viele Ursachen haben. Oftmals liegt die Ursache in einer nicht ausreichenden L\u00fcftung. Genauso kann eine nicht entdeckte Undichtigkeit an einem Rohr<br \/>\ndie Ursache f\u00fcr die Feuchtigkeit sein. <\/p>\n<h3>Feuchtigkeit: Wir helfen schnell und kompetent!<\/h3>\n<p>Wei\u00df man die Ursache, kann man Feuchtigkeit zumeist zeitnah<br \/>\nund problemlos beseitigen. Von au\u00dfen einsickernde Feuchtigkeit ist ein laufendes \u00c4rgernis. So ist es denkbar, dass hohes Grundwasser zur Folge hat, dass fortlaufend Feuchtigkeit in das Mauerwerk eindringt. Ebenfalls beg\u00fcnstigt eine Lage am Hang einen best\u00e4ndigen Feuchtigkeitseintritt. In solchen F\u00e4llen sind durchweg intensivere Ma\u00dfnahmen zur Sanierung anzuwenden.<\/p>\n","protected":false},"excerpt":{"rendered":"<p>Sie ben\u00f6tigen Hilfe gegen Feuchtigkeit? Dann rufen Sie uns bitte an! Nicht saniert kann sich eindringende Feuchtigkeit zu einem gewaltigen Problem entwickeln. Diesbez\u00fcglich gut beraten sind Hausbesitzer, wenn sie sich zeitnah \u00fcber denkbare Sanierungsmethoden informieren. Feuchtigkeit in den W\u00e4nden muss nicht zwingend langwierige Sanierungsarbeiten zur Folge haben. Zeitnah festgestellt, kann sich der Aufwand fast immer [&hellip;]<\/p>\n","protected":false},"author":1,"featured_media":0,"parent":0,"menu_order":0,"comment_status":"closed","ping_status":"closed","template":"","meta":{"footnotes":""},"class_list":["post-266","page","type-page","status-publish","hentry"],"meta_box":{"popseo_subtitel":"Wir sind Ihr Fachbetrieb beim Kampf gegen Feuchtigkeit in Uelzen","popseo_subtitel2":"Feuchtigkeit - wir beraten Sie gerne zur Sanierung!","popseo_lasttitel":"Feuchtigkeit: D\u00fcrfen wir Ihre Fragen beantworten?","popseo_region":"Uelzen","popseo_sachwort":"Feuchtigkeit","popseo_noupdate":"","popseo_einleitungstext":"<p>Sie haben sich mit dem Thema Bauwerksabdichtung auseinandergesetzt, da Ihr Wohn- oder Gesch\u00e4ftshaus feuchte Geb\u00e4udeteile aufweist und Sie nach Methoden einer professionellen und vor allem wirksamen Sanierung Ausschau halten. Super, dass sie uns gefunden haben. Auf den folgenden Seiten m\u00f6chten wir Ihnen einige Informationen zu unserem Leistungsspektrum geben. Sie lernen auf dieser Website unsere Firma n\u00e4her kennen. <\/p>\n<p>Unser Unternehmen ist ein qualifizierter und etablierter Fachbetrieb mit Gesch\u00e4ftsssitz in Brietlingen bei L\u00fcneburg. Seit vielen Jahren schon sind wir Ihre Experten f\u00fcr s\u00e4mtliche Fragen rund um Geb\u00e4udeabdichtung. Wir setzen ausschlie\u00dflich praxisbew\u00e4hrte und effektive Sanierungsmethoden und -systeme ein. Als Fachbetrieb f\u00fcr Abdichtung und Sanierung blicken wir auf eine lange Berufserfahrung zur\u00fcck. Unsere gut geschulten Mitarbeiter informieren Sie mit Vergn\u00fcgen im Detail.<\/p>","popseo_schlusstext":"<p>Wenn Sie einen qualifizierten Fachbetrieb f\u00fcr die Bauwerksabdichtung ben\u00f6tigen, sind Sie bei uns genau richtig. Sie m\u00f6chten mehr \u00fcber uns wissen? Als auf Sanierung spezialisierte Fachfirma sind wir f\u00fcr Ihr Vorhaben der richtige Dienstleister und freuen uns \u00fcber Ihre Kontaktaufnahme, ganz gleich ob durch Anruf oder Nachricht per E-Mail. Worauf Sie neben Fachwissen setzen d\u00fcrfen: Unser Team arbeitet absolut zuverl\u00e4ssig und wird mit Elan und Schwung f\u00fcr Sie t\u00e4tig. Wir freuen uns auf Sie!<\/p>","popseo_stadttext":"<h3>Unser Vertriebsgebiet umfasst auch Uelzen<\/h3>\n<p>Durch unsere Gesch\u00e4ftst\u00e4tigkeit haben wir uns einen guten \u00dcberblick \u00fcber die Architektur der St\u00e4dte und Gemeinden unseres Einzugsbereiches erarbeiten k\u00f6nnen. Nat\u00fcrlich geh\u00f6rt auch Uelzen zu unserem unmittelbaren Gesch\u00e4ftsgebiet. Wir freuen uns darauf, mit Ihnen in Kontakt zu treten. <\/p>\n<h3>Ein paar Hintergrundinformationen zu Uelzen<\/h3>\n<p>Uelzen ist die Kreisstadt des nieders\u00e4chsischen Kreises Uelzen. Insgesamt leben 33.000 Menschen in der zur Metropolregion Hamburg z\u00e4hlenden Stadt. Das Stadtgebiet umfasst eine Gesamtfl\u00e4che von ungef\u00e4hr 135 qkm. St\u00e4dte in der n\u00e4heren Umgebung sind unter anderem Ebstorf, Rosche und Bad Beversen. Geographisch liegt Uelzen am am s\u00fcdlichen Rand der L\u00fcneburger Heide. Die Stadt ist inmitten gro\u00dfen Naturschutzgebieten wunderbar gelegen. Neben der L\u00fcneburger Heide ist auch der Naturpark Elbufer-Drawehn sowie das Naturschutzgebiet Nieders\u00e4chsische Elbtalaue von Uelzen aus nach nur kurzer Fahrtzeit zu erreichen. Uelzen selbst liegt an der Ilmenau. Uelzen besitzt viele nett gelegene Wohnquartiere. Die Stadt ist ein sch\u00f6ner Platz zum Leben und Arbeiten. Wer das eher ruhige Leben in einer kleineren Stadt bevorzugt, gleichzeitig aber nicht auf die Vorteile der Gro\u00dfstadt verzichten will, trifft es in Uelzen genau richtig. <\/p>\n<h3>Uelzen: Stadt mit Herz<\/h3>\n<p>Die Stadt Uelzen gliedert sich in insgesamt 18 Ortsteile. Die Stadtarchitektur von Uelzen wird dominiert von vielen Fachwerkgeb\u00e4uden, die der Stadt einen durchaus als m\u00e4rchenhaft zu bezeichnenden Charme verleihen. Auch historische Geb\u00e4ude im Stil der Backsteingotik pr\u00e4gen das Stadtbild von Uelzen. Das Wahrzeichen der Stadt ist das sogenannte \"Goldene Schiff\". Die Skulptur befindet sich an der St. Marien-Kirche zu Uelzen. Wahrscheinlich stammt die Plastik aus der Zeit der Hanse. F\u00fcr Kunstliebhaber ist Uelzen eine Art Pilgerst\u00e4tte. Der K\u00fcnstler Friedensreich Hundertwasser gestaltete direkt vor seinem Tod im Jahre 2000 den st\u00e4dtischen Bahnhof. Das aufsehenerregende Geb\u00e4ude tr\u00e4gt die Bezeichnung Hundertwasserbahnhof Uelzen.<\/p>\n<p>Die Wirtschaft von Uelzen ist mittelstandsorientiert. Schwerpunkte sind der Lebensmittelsektor und Firmen aus dem Dienstleistungsgewerbe. Die Wirtschaftsf\u00f6rderung der Stadt Uelzen muss als herausragend bezeichnet werden. Um den Zuzug neuer Firmen bem\u00fchen sich sich die Verantwortlichen im Rathaus erkennbar. Die gr\u00f6\u00dften Arbeitgeber in Uelzen sind die Nordzucker AG sowie die Uelzena AG. Der Konzern Nestl\u00e9 Schoeller unterh\u00e4lt in Uelzen ein Werk mit etwa 500 Arbeitnehmern. <\/p>\n<h4>Unsere Leistung f\u00fcr qualit\u00e4tsbewusste Kunden aus Uelzen<\/h4>\n<p>Sie leben in Uelzen und interessieren sich f\u00fcr unser Leistungsangebot. Klasse, dass Sie diese Seite gefunden haben. F\u00fcr R\u00fcckfragen sind wir jederzeit f\u00fcr Sie da. Unser engagiertes Team freut sich auf Sie.<\/p>","popseo_zusatztext":"<h3>Beim Abdichten sind wir Profi<\/h3>\n<p>Sie haben einen N\u00e4sseschaden festgestellt und m\u00fcssen die betroffenen W\u00e4nde nun schnellstm\u00f6glich abdichten. Gut, dass Sie uns gefunden haben! Als routiniertes Unternehmen der Baubranche kennen wir uns sehr gut aus mit dem Abdichten von W\u00e4nden, Mauern oder Kellern.  <\/p>\n<p>Feuchtigkeitssch\u00e4den sind unsere Fachkompetenz: F\u00fcr unseren Betrieb geh\u00f6rt das Abdichten von Mauern, W\u00e4nden oder Kellern zur allt\u00e4glichen Arbeit. Wir gehen der Ursache f\u00fcr den N\u00e4sseeintritt sorgf\u00e4ltig auf den Grund. Vor dem eigentlichen Abdichten muss als Erstes die Ursachenfindung stehen. Erst wenn man den definitiven Grund f\u00fcr eine Durchfeuchtung entdeckt hat, kann man mit dem Abdichten beginnen. Die Analyse gibt die Marschrichtung vor, den das Abdichten eines Bauk\u00f6rpers umfassen muss.  <\/p>\n<h4>Abdichten: Schnelle Hilfe durch den Fachbetrieb!<\/h4>\n<p>Warten Sie bitte nicht und verabreden Sie noch heute ein Treffen mit einem unserer kompetenten Angestellten. Ein kurzer Anruf oder eine schnelle E-Mail reichen v\u00f6llig aus! Bei einer Begutachtung direkt am betroffenen Objekt, nehmen wir den Schaden auf und erarbeiten danach ein Konzept f\u00fcr das nachhaltige Abdichten der gesch\u00e4digten Bereiche. Unsere Arbeit ist stets zweckorientiert: Nat\u00fcrlich flie\u00dfen auch monet\u00e4re \u00dcberlegungen in unsere Entscheidungsfindung f\u00fcr das Abdichten Ihres Geb\u00e4udes mit ein. Komplett aus einer Hand: Unsere dynamischen Spezialisten f\u00fchren alle notwendigen T\u00e4tigkeiten, die zum Abdichten dazugeh\u00f6ren zeitnah und verl\u00e4sslich aus. Bereits seit Jahren ist unser Unternehmen f\u00fcr eine hohe Fachkompetenz bekannt. Eine unserer Kernkompetenzen liegt im Abdichten von Wohn- und Gesch\u00e4ftsgeb\u00e4uden. Setzen Sie auf Kompetenz und beauftragen Sie unsere Firma f\u00fcr das Abdichten von neuralgischen Stellen im Mauerwerk. Wir freuen uns darauf, auch Ihnen helfen zu d\u00fcrfen.<\/p>","popseo_links":"<a href=\"https:\/\/bautenschutz-keul.de\/angebote\/feuchte-wand-harburg\/\">Feuchte Wand Harburg<\/a>, <a href=\"https:\/\/bautenschutz-keul.de\/angebote\/kellerabdichtung-harburg\/\">Kellerabdichtung Harburg<\/a>, <a href=\"https:\/\/bautenschutz-keul.de\/angebote\/schimmelbeseitigung-maschen\/\">Schimmelbeseitigung Maschen<\/a>, <a href=\"https:\/\/bautenschutz-keul.de\/angebote\/zerstoerter-putz-amt-neuhaus\/\">zerst\u00f6rter Putz Amt Neuhaus<\/a>, <a href=\"https:\/\/bautenschutz-keul.de\/angebote\/schimmel-bergedorf-wentorf\/\">Schimmel Bergedorf Wentorf<\/a>, <a href=\"https:\/\/bautenschutz-keul.de\/angebote\/feuchte-mauer-winsen-luhe\/\">Feuchte Mauer Winsen Luhe<\/a>, <a href=\"https:\/\/bautenschutz-keul.de\/angebote\/aussenabdichtung-reinbek-aumuehle\/\">Au\u00dfenabdichtung Reinbek Aum\u00fchle<\/a>, <a href=\"https:\/\/bautenschutz-keul.de\/angebote\/zerstoerter-putz-amelinghausen\/\">zerst\u00f6rter Putz Amelinghausen<\/a>, <a href=\"https:\/\/bautenschutz-keul.de\/angebote\/bauwerksabdichtung-amelinghausen\/\">Bauwerksabdichtung Amelinghausen<\/a>, <a href=\"https:\/\/bautenschutz-keul.de\/angebote\/schimmelbeseitigung-salzhausen\/\">Schimmelbeseitigung Salzhausen<\/a>, <a href=\"https:\/\/bautenschutz-keul.de\/angebote\/feuchter-keller-herzogtum-lauenburg\/\">Feuchter Keller Herzogtum Lauenburg<\/a>, <a href=\"https:\/\/bautenschutz-keul.de\/angebote\/rissverpressung-herzogtum-lauenburg\/\">Rissverpressung Herzogtum Lauenburg<\/a>, <a href=\"https:\/\/bautenschutz-keul.de\/angebote\/bauwerksabdichtung-adendorf\/\">Bauwerksabdichtung Adendorf<\/a>, <a href=\"https:\/\/bautenschutz-keul.de\/angebote\/schimmel-glinde-sachsenwald\/\">Schimmel Glinde Sachsenwald<\/a>, <a href=\"https:\/\/bautenschutz-keul.de\/angebote\/feuchte-mauer-uelzen\/\">Feuchte Mauer Uelzen<\/a>, <a href=\"https:\/\/bautenschutz-keul.de\/angebote\/feuchter-keller-hanstedt\/\">Feuchter Keller Hanstedt<\/a>, <a href=\"https:\/\/bautenschutz-keul.de\/angebote\/bauwerksabdichtung-uelzen\/\">Bauwerksabdichtung Uelzen<\/a>, <a href=\"https:\/\/bautenschutz-keul.de\/angebote\/schimmel-brietlingen\/\">Schimmel Brietlingen<\/a>, <a href=\"https:\/\/bautenschutz-keul.de\/angebote\/feuchtigkeitsschaden-bergedorf-wentorf\/\">Feuchtigkeitsschaden Bergedorf Wentorf<\/a>, <a href=\"https:\/\/bautenschutz-keul.de\/angebote\/innenabdichtung-seevetal-rosengarten\/\">Innenabdichtung Seevetal Rosengarten<\/a>, <a href=\"https:\/\/bautenschutz-keul.de\/angebote\/kellerabdichtung-buechen\/\">Kellerabdichtung B\u00fcchen<\/a>, <a href=\"https:\/\/bautenschutz-keul.de\/angebote\/kellersanierung-uelzen\/\">Kellersanierung Uelzen<\/a>, <a href=\"https:\/\/bautenschutz-keul.de\/angebote\/kellersanierung-ebstorf\/\">Kellersanierung Ebstorf<\/a>, <a href=\"https:\/\/bautenschutz-keul.de\/angebote\/feuchter-keller-maschen\/\">Feuchter Keller Maschen<\/a>, <a href=\"https:\/\/bautenschutz-keul.de\/angebote\/kellertrockenlegung-ebstorf\/\">Kellertrockenlegung Ebstorf<\/a>, <a href=\"https:\/\/bautenschutz-keul.de\/angebote\/feuchter-keller-lueneburg\/\">Feuchter Keller L\u00fcneburg<\/a>, <a href=\"https:\/\/bautenschutz-keul.de\/angebote\/rissverpressung-stelle\/\">Rissverpressung Stelle<\/a>, <a href=\"https:\/\/bautenschutz-keul.de\/angebote\/kellertrockenlegung-herzogtum-lauenburg\/\">Kellertrockenlegung Herzogtum Lauenburg<\/a>"},"_links":{"self":[{"href":"https:\/\/bautenschutz-keul.de\/angebote\/wp-json\/wp\/v2\/pages\/266","targetHints":{"allow":["GET"]}}],"collection":[{"href":"https:\/\/bautenschutz-keul.de\/angebote\/wp-json\/wp\/v2\/pages"}],"about":[{"href":"https:\/\/bautenschutz-keul.de\/angebote\/wp-json\/wp\/v2\/types\/page"}],"author":[{"embeddable":true,"href":"https:\/\/bautenschutz-keul.de\/angebote\/wp-json\/wp\/v2\/users\/1"}],"replies":[{"embeddable":true,"href":"https:\/\/bautenschutz-keul.de\/angebote\/wp-json\/wp\/v2\/comments?post=266"}],"version-history":[{"count":0,"href":"https:\/\/bautenschutz-keul.de\/angebote\/wp-json\/wp\/v2\/pages\/266\/revisions"}],"wp:attachment":[{"href":"https:\/\/bautenschutz-keul.de\/angebote\/wp-json\/wp\/v2\/media?parent=266"}],"curies":[{"name":"wp","href":"https:\/\/api.w.org\/{rel}","templated":true}]}}