{"id":267,"date":"2021-09-13T08:43:43","date_gmt":"2021-09-13T06:43:43","guid":{"rendered":"https:\/\/bautenschutz-keul.de\/angebote\/feuchtigkeit-winsen-luhe\/"},"modified":"2021-09-13T08:43:43","modified_gmt":"2021-09-13T06:43:43","slug":"feuchtigkeit-winsen-luhe","status":"publish","type":"page","link":"https:\/\/bautenschutz-keul.de\/angebote\/feuchtigkeit-winsen-luhe\/","title":{"rendered":"Feuchtigkeit &#8211; Winsen Luhe"},"content":{"rendered":"<h3>Feuchtigkeit: Unsere Fachhandwerker beheben den Schaden!<\/h3>\n<p>Unsaniert kann sich einsickernde Feuchtigkeit zu einem ernstzunehmenden Problem heranbilden. Diesbez\u00fcglich gut beraten sind Immobilienbesitzer, wenn sie sich fr\u00fchzeitig \u00fcber potentielle Sanierungsma\u00dfnahmen informieren. Feuchtigkeit in den W\u00e4nden muss nicht gezwungenerma\u00dfen zeitaufw\u00e4ndige  Sanierungsarbeiten zur Folge haben. Fr\u00fchzeitig festgestellt, kann sich der Sanierungsaufwand meist in Grenzen halten. Feuchtigkeit, die sich langfristig in den Mauern festsetzt, kann ganz ohne Frage negative Folgen auf gesundheitliche Verfassung und Wohlergehen der Immobiliennutzer haben. Aufgrund dessen ist es \u00e4u\u00dferst wichtig, fr\u00fchzeitig gegen Feuchtigkeit vorzugehen.    <\/p>\n<p>Feuchtigkeit aus der Bausubstanz zu eliminieren ist eine Angelegenheit f\u00fcr den Profi. Passende Mittel, wie man Feuchtigkeit nachhaltig entfernt, wei\u00df nur ein sehr gut ausgebildeter Spezialist. Ehe mit der Arbeit begonnen werden kann, ist eine detaillierte Analyse der Gr\u00fcnde f\u00fcr die Entstehung von Feuchtigkeit notwendig. Feuchtigkeit im Geb\u00e4ude l\u00e4sst sich ohne eine detaillierte Kl\u00e4rung nicht l\u00e4ngerfristig beheben. Einsickernde Feuchtigkeit kann vielerlei Gr\u00fcnde haben. Oftmals liegt der Grund in einer nicht ausreichenden Bel\u00fcftung. Genauso kann eine unbekannte Leckage an einem Rohr<br \/>\ndie Ursache f\u00fcr die Feuchtigkeit sein. <\/p>\n<h3>Feuchtigkeit: Kompetent und erfahren bei der Sanierung<\/h3>\n<p>Kennt man den Grund, kann man Feuchtigkeit erfahrungsgem\u00e4\u00df rasch<br \/>\nund problemlos eliminieren. Von au\u00dfen einsickernde Feuchtigkeit ist ein wiederholtes Problem. Zum Beispiel ist es nicht ausgeschlossen, dass hochstehendes Grundwasser dazu f\u00fchrt, dass fortlaufend Feuchtigkeit in das Mauerwerk einsickert. Desgleichen erleichtert eine Lage am Hang einen best\u00e4ndigen Feuchtigkeitseintritt. In diesen F\u00e4llen sind allemal energische Anwendungen zur Sanierung zu ergreifen.<\/p>\n","protected":false},"excerpt":{"rendered":"<p>Feuchtigkeit: Unsere Fachhandwerker beheben den Schaden! Unsaniert kann sich einsickernde Feuchtigkeit zu einem ernstzunehmenden Problem heranbilden. Diesbez\u00fcglich gut beraten sind Immobilienbesitzer, wenn sie sich fr\u00fchzeitig \u00fcber potentielle Sanierungsma\u00dfnahmen informieren. Feuchtigkeit in den W\u00e4nden muss nicht gezwungenerma\u00dfen zeitaufw\u00e4ndige Sanierungsarbeiten zur Folge haben. Fr\u00fchzeitig festgestellt, kann sich der Sanierungsaufwand meist in Grenzen halten. Feuchtigkeit, die sich langfristig [&hellip;]<\/p>\n","protected":false},"author":1,"featured_media":0,"parent":0,"menu_order":0,"comment_status":"closed","ping_status":"closed","template":"","meta":{"footnotes":""},"class_list":["post-267","page","type-page","status-publish","hentry"],"meta_box":{"popseo_subtitel":"Die Firma TK-Geb\u00e4udetechnik Thorsten Keul ist Ihr erfahrener Experte beim Kampf gegen Feuchtigkeit in Winsen Luhe","popseo_subtitel2":"Feuchtigkeit - Sanierung f\u00fcr Immobilienbesitzer aus Norddeutschland","popseo_lasttitel":"Feuchtigkeit: Gerne beantworten wir Ihre Fragen!","popseo_region":"Winsen Luhe","popseo_sachwort":"Feuchtigkeit","popseo_noupdate":"","popseo_einleitungstext":"<p>Sie haben sich mit der Bauwerksabdichtung besch\u00e4ftigt, weil Ihr Wohn- oder Gesch\u00e4ftshaus feuchte Geb\u00e4udeteile aufweist und Sie nach M\u00f6glichkeiten einer wirkungsvollen und professionellen Sanierung Ausschau halten. Prima, dass Sie unsere Website gefunden haben. Nachfolgend d\u00fcrfen wir Ihnen n\u00e4here Informationen zu unserem Leistungsspektrum geben. Sie lernen auf dieser Website unsere Firma n\u00e4her kennen. <\/p>\n<p>Unser Unternehmen ist ein spezialisierter und etablierter Handwerksbetrieb mit Sitz in Brietlingen bei L\u00fcneburg. Seit vielen Jahren schon sind wir Ihr Fachpartner f\u00fcr alle auftretenden Fragen rund um die Bauwerksabdichtung. Wir setzen ausschlie\u00dflich praxisbew\u00e4hrte und effektive Sanierungssysteme und -methoden ein. Als Fachbetrieb f\u00fcr Abdichtung und Sanierung schauen wir auf eine lange und intensive Berufserfahrung zur\u00fcck. Unsere gut geschulten Mitarbeiter informieren Sie mit Vergn\u00fcgen im Detail.<\/p>","popseo_schlusstext":"<p>Sie ben\u00f6tigen einen Experten f\u00fcr die fachgerecht ausgef\u00fchrte Bauwerksabdichtung. Dann rufen Sie uns bitte rasch an. Wir freuen uns auf das Gespr\u00e4ch mit Ihnen. Wenn es um Sanierung geht, sind wir Ihr erfahrener Handwerkspartner. Wir sorgen f\u00fcr eine fachkundig ausgef\u00fchrte Arbeit nach dem immer derzeitigen Stand der Technik.<\/p>","popseo_stadttext":"<h3>Wir sind Ihr Partner auch in Winsen (Luhe)<\/h3>\n<p>Winsen (Luhe) ist eine Mittelstadt aus der Metropolregion Hamburg. Die Kreisstadt des Kreises Harburg hat 32.000 Einwohner und erstreckt sich \u00fcber ein Gebiet von 109 km\u00b2. Winsen (Luhe) ist sehr gut gelegen. In die norddeutsche Gro\u00dfstadt Hamburg sind es nur gut 30 km, L\u00fcneburg erreicht man schon nach zirka 20 Kilometern. Winsen (Luhe) besteht in der heutigen Struktur seit dem Jahre 1972. Zur damaligen Zeit wurden 13 autonome Gemeinden zur Gesamtgemeinde Winsen (Luhe) zusammengefasst.  <\/p>\n<p>Durch unsere Vertriebst\u00e4tigkeit haben wir uns einen ausgezeichneten \u00dcberblick \u00fcber die Stadtarchitektur der St\u00e4dte und Gemeinden unseres Einzugsbereiches machen k\u00f6nnen. Selbstverst\u00e4ndlich z\u00e4hlt auch Winsen (Luhe) zu unserem unmittelbaren Vertriebsgebiet. Wir freuen uns darauf, mit Ihnen ins Gespr\u00e4ch zu treten. <\/p>\n<h3>Einige interessante Informationen \u00fcber Winsen (Luhe)<\/h3>\n<p>Obwohl Winsen (Luhe) fraglos als eine Pendlerstadt gelten darf, ist das mittelstandsgepr\u00e4gte Wirtschaftsleben beachtlich. Viele Betriebe u.a. aus den Branchen Maschinenbau, Pharma, Logistik und Bauwesen haben sich in Winsen (Luhe) angesiedelt. Wer von den B\u00fcrgern aus Winsen (Luhe) nicht in einem Unternehmen seiner Heimatstadt besch\u00e4ftigt ist, pendelt meistens in die Metropole Hamburg. Mit dem Auto f\u00e4hrt man \u00fcber die Autobahn A39 nach Winsen (Luhe). Die Schnellstra\u00dfe ist mit der A7 und der A1 verbunden. Wer die Eisenbahn lieber mag, erreicht Winsen (Luhe) \u00fcber das Streckennetz Hannover-Hamburg. Auch bietet der Metronom eine gerne genutzte Regionallinie an. <\/p>\n<h3>Wir kennen uns aus in Winsen (Luhe)<\/h3>\n<p>Menschen, die das etwas beschaulichere Leben in einer kleineren Ortschaft dem L\u00e4rm einer Metropole den Vorzug geben, finden in Winsen (Luhe) sehr gute Bedingungen vor. Die Infrastruktur in Winsen (Luhe) ist stimmig! Exzellente Einkaufsm\u00f6glichkeiten, ein mehr als ausreichendes Sport- und Freizeitangebot sowie eine bet\u00f6rende Umgebung sind Punkte, die Winsen (Luhe) auf der Habenseite eintragen kann. Auch Familien sch\u00e4tzen die Stadt: S\u00e4mtliche Schulformen sowie eine gen\u00fcgende Anzahl an Kindertagesst\u00e4tten stehen in Winsen (Luhe) bereit. <\/p>\n<h4>Privat- und Gesch\u00e4ftskunden aus Winsen (Luhe) sch\u00e4tzen unsere Leistungen!<\/h4>\n<p>Toll, dass Sie diese Seite gefunden haben. Wenn Sie eine erfahrene Fachfirma suchen, sind Sie bei uns genau richtig. Sie m\u00f6chten mehr \u00fcber uns erfahren? F\u00fcr R\u00fcckfragen stehen wir Ihnen jederzeit zur Verf\u00fcgung. Unser engagiertes Team freut sich auf Sie.<\/p>","popseo_zusatztext":"<h3>Beim Abdichten sind wir Profi<\/h3>\n<p>Sie haben einen N\u00e4sseschaden entdeckt und m\u00fcssen die entsprechenden Bereiche nun z\u00fcgig abdichten. Sehr gut, dass Sie uns gefunden haben! Als routiniertes Unternehmen der Baubranche kennen wir uns sehr gut aus mit dem Abdichten von Kellern, W\u00e4nden oder Mauern.  <\/p>\n<p>Feuchtigkeitssch\u00e4den sind unser Gesch\u00e4ft: F\u00fcr unsere Firma geh\u00f6rt das Abdichten von Kellern, W\u00e4nden oder Mauern zur allt\u00e4glichen Arbeit. Wir gehen der Ursache f\u00fcr den N\u00e4sseeintritt gr\u00fcndlich auf den Grund. Vor dem konkreten Abdichten muss allerdings die Ursachenfindung stehen. Erst wenn man den tats\u00e4chlichen Grund f\u00fcr die Durchn\u00e4ssung ermittelt hat, kann man mit dem Abdichten starten. Die Begutachtung gibt die Richtung vor, den das Abdichten eines Bauk\u00f6rpers beinhalten muss.  <\/p>\n<h4>Abdichten: Wir helfen verl\u00e4sslich und kompetent!<\/h4>\n<p>Z\u00f6gern Sie bitte nicht und verabreden Sie noch heute einen Vor-Ort-Termin mit einem unserer routinierten Angestellten. Ein kurzer Telefonanruf oder eine schnelle eMail reichen! Bei einer Begutachtung direkt am betroffenen Objekt, nehmen wir den Schaden auf und erstellen anschlie\u00dfend ein Konzept f\u00fcr das langfristige Abdichten der entsprechenden Stellen. Unsere Arbeit ist grunds\u00e4tzlich zweckorientiert: Nat\u00fcrlich flie\u00dfen auch monet\u00e4re Aspekte in unsere Entscheidungsfindung f\u00fcr das Abdichten Ihres Geb\u00e4udes mit ein. Komplett aus einer Hand: Unsere motivierten Mitarbeiter f\u00fchren alle erforderlichen Arbeiten, die zum Abdichten erforderlich sind umgehend und verl\u00e4sslich aus. Schon seit Jahren ist unser Haus f\u00fcr eine hohe Fachkompetenz bekannt. Eine unserer Schwerpunkte liegt im Abdichten von Gesch\u00e4fts- und Wohngeb\u00e4uden. Setzen Sie auf Kompetenz und beauftragen Sie unsere Firma f\u00fcr das Abdichten von neuralgischen Bereichen im Mauerwerk. Wir freuen uns darauf, auch Ihnen helfen zu d\u00fcrfen.<\/p>","popseo_links":"<a href=\"https:\/\/bautenschutz-keul.de\/angebote\/horizontalsperre-stelle\/\">Horizontalsperre Stelle<\/a>, <a href=\"https:\/\/bautenschutz-keul.de\/angebote\/aufsteigende-feuchtigkeit-amt-neuhaus\/\">aufsteigende Feuchtigkeit Amt Neuhaus<\/a>, <a href=\"https:\/\/bautenschutz-keul.de\/angebote\/innenabdichtung-harburg\/\">Innenabdichtung Harburg<\/a>, <a href=\"https:\/\/bautenschutz-keul.de\/angebote\/bauwerksabdichtung-bergedorf-wentorf\/\">Bauwerksabdichtung Bergedorf Wentorf<\/a>, <a href=\"https:\/\/bautenschutz-keul.de\/angebote\/feuchte-wand-tostedt-sittensen\/\">Feuchte Wand Tostedt Sittensen<\/a>, <a href=\"https:\/\/bautenschutz-keul.de\/angebote\/aufsteigende-feuchtigkeit-bardowick\/\">aufsteigende Feuchtigkeit Bardowick<\/a>, <a href=\"https:\/\/bautenschutz-keul.de\/angebote\/kellersanierung-bad-bevensen\/\">Kellersanierung Bad Bevensen<\/a>, <a href=\"https:\/\/bautenschutz-keul.de\/angebote\/feuchte-wand-bispingen\/\">Feuchte Wand Bispingen<\/a>, <a href=\"https:\/\/bautenschutz-keul.de\/angebote\/feuchte-wand-reinbek-aumuehle\/\">Feuchte Wand Reinbek Aum\u00fchle<\/a>, <a href=\"https:\/\/bautenschutz-keul.de\/angebote\/horizontalsperre-amt-neuhaus\/\">Horizontalsperre Amt Neuhaus<\/a>, <a href=\"https:\/\/bautenschutz-keul.de\/angebote\/kellertrockenlegung-bergedorf-wentorf\/\">Kellertrockenlegung Bergedorf Wentorf<\/a>, <a href=\"https:\/\/bautenschutz-keul.de\/angebote\/schimmel-bispingen\/\">Schimmel Bispingen<\/a>, <a href=\"https:\/\/bautenschutz-keul.de\/angebote\/rissverpressung-herzogtum-lauenburg\/\">Rissverpressung Herzogtum Lauenburg<\/a>, <a href=\"https:\/\/bautenschutz-keul.de\/angebote\/bauwerksabdichtung-geesthacht\/\">Bauwerksabdichtung Geesthacht<\/a>, <a href=\"https:\/\/bautenschutz-keul.de\/angebote\/feuchtigkeitsschaden-seevetal-rosengarten\/\">Feuchtigkeitsschaden Seevetal Rosengarten<\/a>, <a href=\"https:\/\/bautenschutz-keul.de\/angebote\/kellerabdichtung-winsen-luhe\/\">Kellerabdichtung Winsen Luhe<\/a>, <a href=\"https:\/\/bautenschutz-keul.de\/angebote\/aufsteigende-feuchtigkeit-bienenbuettel\/\">aufsteigende Feuchtigkeit Bienenb\u00fcttel<\/a>, <a href=\"https:\/\/bautenschutz-keul.de\/angebote\/schimmel-uelzen\/\">Schimmel Uelzen<\/a>, <a href=\"https:\/\/bautenschutz-keul.de\/angebote\/feuchtigkeitsschaden-winsen-luhe\/\">Feuchtigkeitsschaden Winsen Luhe<\/a>, <a href=\"https:\/\/bautenschutz-keul.de\/angebote\/zerstoerter-putz-herzogtum-lauenburg\/\">zerst\u00f6rter Putz Herzogtum Lauenburg<\/a>, <a href=\"https:\/\/bautenschutz-keul.de\/angebote\/innenabdichtung-bergedorf-wentorf\/\">Innenabdichtung Bergedorf Wentorf<\/a>, <a href=\"https:\/\/bautenschutz-keul.de\/angebote\/aufsteigende-feuchtigkeit-tostedt-sittensen\/\">aufsteigende Feuchtigkeit Tostedt Sittensen<\/a>, <a href=\"https:\/\/bautenschutz-keul.de\/angebote\/feuchte-mauer-uelzen\/\">Feuchte Mauer Uelzen<\/a>, <a href=\"https:\/\/bautenschutz-keul.de\/angebote\/bauwerksabdichtung-adendorf\/\">Bauwerksabdichtung Adendorf<\/a>, <a href=\"https:\/\/bautenschutz-keul.de\/angebote\/kellerabdichtung-lueneburg\/\">Kellerabdichtung L\u00fcneburg<\/a>, <a href=\"https:\/\/bautenschutz-keul.de\/angebote\/aufsteigende-feuchtigkeit-reinbek-aumuehle\/\">aufsteigende Feuchtigkeit Reinbek Aum\u00fchle<\/a>, <a href=\"https:\/\/bautenschutz-keul.de\/angebote\/kellerabdichtung-amt-neuhaus\/\">Kellerabdichtung Amt Neuhaus<\/a>, <a href=\"https:\/\/bautenschutz-keul.de\/angebote\/kellerabdichtung-buechen\/\">Kellerabdichtung B\u00fcchen<\/a>"},"_links":{"self":[{"href":"https:\/\/bautenschutz-keul.de\/angebote\/wp-json\/wp\/v2\/pages\/267","targetHints":{"allow":["GET"]}}],"collection":[{"href":"https:\/\/bautenschutz-keul.de\/angebote\/wp-json\/wp\/v2\/pages"}],"about":[{"href":"https:\/\/bautenschutz-keul.de\/angebote\/wp-json\/wp\/v2\/types\/page"}],"author":[{"embeddable":true,"href":"https:\/\/bautenschutz-keul.de\/angebote\/wp-json\/wp\/v2\/users\/1"}],"replies":[{"embeddable":true,"href":"https:\/\/bautenschutz-keul.de\/angebote\/wp-json\/wp\/v2\/comments?post=267"}],"version-history":[{"count":0,"href":"https:\/\/bautenschutz-keul.de\/angebote\/wp-json\/wp\/v2\/pages\/267\/revisions"}],"wp:attachment":[{"href":"https:\/\/bautenschutz-keul.de\/angebote\/wp-json\/wp\/v2\/media?parent=267"}],"curies":[{"name":"wp","href":"https:\/\/api.w.org\/{rel}","templated":true}]}}