{"id":273,"date":"2021-09-13T08:43:43","date_gmt":"2021-09-13T06:43:43","guid":{"rendered":"https:\/\/bautenschutz-keul.de\/angebote\/feuchtigkeitsschaden-bergedorf-wentorf\/"},"modified":"2021-09-13T08:43:43","modified_gmt":"2021-09-13T06:43:43","slug":"feuchtigkeitsschaden-bergedorf-wentorf","status":"publish","type":"page","link":"https:\/\/bautenschutz-keul.de\/angebote\/feuchtigkeitsschaden-bergedorf-wentorf\/","title":{"rendered":"Feuchtigkeitsschaden &#8211; Bergedorf Wentorf"},"content":{"rendered":"<h3>Sie ben\u00f6tigen Hilfe bei einem Feuchtigkeitsschaden? Dann rufen Sie uns bitte an!<\/h3>\n<p>Unter einem Feuchtigkeitsschaden versteht man einen Schaden an der Bausubstanz, der durch eindringende Feuchtigkeit an einer Immobilie hervorgerufen wird. Zu einem Feuchtigkeitsschaden kann es beispielsweise durch dauerhafte Bodenn\u00e4sse, ung\u00fcnstige Wetterbedingungen<br \/>\noder durch \u00fcberm\u00e4ssige Kondensation kommen. Trotz der begrifflichen Verwandtschaft ist der Feuchtigkeitsschaden nicht mit einem Wasserschaden gleichzusetzen. Ein Wasserschaden ist im Gegensatz zum Feuchtigkeitsschaden auf ein eher tempor\u00e4res Ereignis wie zum Beispiel einen Wasserrohrdefekt oder einer \u00dcberschwemmung zur\u00fcckzuf\u00fchren. Ein Feuchtigkeitsschaden kann zu einem unangenehmen Problem f\u00fcr die Bausubstanz eines Hauses werden. Ein Feuchtigkeitsschaden, der nicht repariert wird, kann auch durchaus erhebliche Folgen f\u00fcr Wohlbefinden und Verfassung der Hausbewohner haben. Schimmelentstehung und Sporenablagerungen sind immer wieder die Ursache f\u00fcr gesundheitliche Sch\u00e4den. Ein echter Grund, dem Feuchtigkeitsschaden effektiv zu Leibe zu r\u00fccken.  <\/p>\n<h3>Schnell und gr\u00fcndlich: Wir helfen bei der Behebung vom Feuchtigkeitsschaden<\/h3>\n<p>Fr\u00fch genug bemerkt, muss eine Durchfeuchtung nicht unvermeidlich erhebliche und lang andauernde Instandsetzungen zur Folge haben. Nach einer eindeutigen<br \/>\nAnalyse, l\u00e4sst sich ein Feuchtigkeitsschaden dauerhaft instandsetzen.<br \/>\nDer Schadensgrund gibt letztendlich die Richtung der Sanierung vor.<\/p>\n","protected":false},"excerpt":{"rendered":"<p>Sie ben\u00f6tigen Hilfe bei einem Feuchtigkeitsschaden? Dann rufen Sie uns bitte an! Unter einem Feuchtigkeitsschaden versteht man einen Schaden an der Bausubstanz, der durch eindringende Feuchtigkeit an einer Immobilie hervorgerufen wird. Zu einem Feuchtigkeitsschaden kann es beispielsweise durch dauerhafte Bodenn\u00e4sse, ung\u00fcnstige Wetterbedingungen oder durch \u00fcberm\u00e4ssige Kondensation kommen. Trotz der begrifflichen Verwandtschaft ist der Feuchtigkeitsschaden nicht [&hellip;]<\/p>\n","protected":false},"author":1,"featured_media":0,"parent":0,"menu_order":0,"comment_status":"closed","ping_status":"closed","template":"","meta":{"footnotes":""},"class_list":["post-273","page","type-page","status-publish","hentry"],"meta_box":{"popseo_subtitel":"Wir sind Ihr Fachbetrieb f\u00fcr die Sanierung vom Feuchtigkeitsschaden in Bergedorf Wentorf","popseo_subtitel2":"Feuchtigkeitsschaden - wir haben die richtige L\u00f6sung f\u00fcr Sie!","popseo_lasttitel":"Feuchtigkeitsschaden: Sie haben Fragen? Dann melden Sie sich bei uns","popseo_region":"Bergedorf Wentorf","popseo_sachwort":"Feuchtigkeitsschaden","popseo_noupdate":"","popseo_einleitungstext":"<p>Sie wollen Ihre Gesch\u00e4fts- oder Wohnimmobilie sanieren lassen und m\u00f6chten sich \u00fcber wirksame Sanierungsmethoden informieren? Wunderbar, dann sind Sie bei uns goldrichtig. Als auf die Objektsanierung spezialisiertes Unternehmen, \u00fcbernehmen wir vor allem Arbeiten im Bereich Abdichtung und Trockenlegung.  <\/p>\n<p>Erfahren sind wir bei der Bauwerksabdichtung und au\u00dferdem bei der Kellersanierung, der Rissverpressung und der Schimmelbek\u00e4mpfung. Wir kennen uns mit der zeitgem\u00e4\u00dfen Sanierung von Bestandsimmobilien und Neubauten bestens aus. Auf unserer Internetseite stellen wir Ihnen unsere Firma und das komplette Leistungsprogramm n\u00e4her vor. \u00dcber Ihr Interesse freuen wir uns sehr.<\/p>","popseo_schlusstext":"<p>Wenn Sie mehr wissen m\u00f6chten, informieren wir Sie n\u00e4her \u00fcber unser Aufgabengebiet. Wir nennen Ihnen mit Vergn\u00fcgen auch einige Projekte, die Ihnen einen Einblick in unsere Unternehmenst\u00e4tigkeit geben.<br \/>\nWir sind f\u00fcr Sie da. Rufen Sie uns doch einfach einmal an oder schreiben Sie uns eine schnelle E-Mail. Wir freuen uns auf Sie.<\/p>","popseo_stadttext":"<h3>Unsere Handwerksleistung f\u00fcr Kunden aus Bergedorf und Wentorf<\/h3>\n<p>Durch unsere Vertriebst\u00e4tigkeit haben wir uns einen guten \u00dcberblick \u00fcber die Architektur der Gemeinden und St\u00e4dte unseres Einzugsbereiches machen k\u00f6nnen. Selbstverst\u00e4ndlich geh\u00f6ren auch Bergedorf und Wentorf zu unserem unmittelbaren Wirkungskreis. Wir freuen uns darauf, mit Ihnen in Kontakt zu treten. <\/p>\n<h3>Einige interessante Informationen \u00fcber Bergedorf und Wentorf:<h3>\n<p>Einstmals eigenst\u00e4ndig z\u00e4hlt Bergedorf jetzt zur Freien und Hansestadt Hamburg. Der Stadtteil liegt am s\u00fcd\u00f6stlichen Stadtrand und grenzt an die schleswig-holsteinischen Orte Reinbek und Wentorf. In Bergedorf leben rund 42.000 B\u00fcrger auf einer Fl\u00e4che von 11 Quadratkilometern. Obwohl Bergedorf bereits seit dem 01. 01. 1938 keine Autonomie mehr besitzt, hat sich der Stadtteil trotzdem eine gewisse Individualit\u00e4t bewahrt. Beinahe k\u00f6nnte man sagen, Bergedorf w\u00e4re eine Art Stadt in der Stadt. Zum Bezirk Bergedorf geh\u00f6ren addiert 14 Ortsteile. Die gr\u00f6\u00dften Ortsteile sind: Billwerder, Moorfleet, Allerm\u00f6he, Lohbr\u00fcgge, Curslack, Altengamme, Neuallerm\u00f6he, Kirchwerder, Neuengamme und Ochsenwerder. Mitunter hinzu gerechnet wird auch Wentorf. Das ist allerdings nicht v\u00f6llig richtig, da Wentorf zum schleswig-holsteinischen Kreis Herzogtum Lauenburg z\u00e4hlt.  <\/p>\n<p>In Bergedorf zu wohnen bedeutet, die Vorz\u00fcge der Stadt zu genie\u00dfen ohne im gleichen Atemzug auf kleinst\u00e4dtischen Charme zu verzichten. Die Wohngebiete von Bergedorf sind gepr\u00e4gt von Einzel- oder Mehrfamilienhausbebauung. Gr\u00f6\u00dfere Hochh\u00e4user findet man in Bergedorf vorwiegend in der N\u00e4he des Ortszentrums. Die Infrastruktur ist hervorragend: Im Zentrum von Bergedorf finden sich sehr gute Shoppingm\u00f6glichkeiten. <\/p>\n<h3>Bergedorf und Wentorf haben Charme!<\/h3>\n<p>Ob in den Passagen oder in der Fu\u00dfg\u00e4ngerzone: In Bergedorf l\u00e4sst es sich wirklich entspannt bummeln. Und wer danach das Bed\u00fcrfnis nach ein wenig Entspannung hat, macht Station in einem der zahllosen lauschigen Caf\u00e9s und Restaurants. Bergedorf ist an den HVV angeschlossen. Mit der S-Bahnlinie S2 erreicht man den Hauptbahnhof in circa 25 Minuten. Auch mit dem PKW kommt man rasch nach Bergedorf: \u00dcber die Bundesstra\u00dfen 207 und 5 kommt man unmittelbar ins Stadtgebiet. Die Menschen aus Bergedorf mag besonders den ausgewogenen Mix ihres Stadtteils. Eine kraftvolle Wirtschaft, die nahegelegenen Naturgebiete sowie die gro\u00dfz\u00fcgigen Kultur- und Freizeitangebote machen Bergedorf zu einer Wohnstatt mit extrem  hoher Lebensqualit\u00e4t.<\/p>\n<p>Auch Wentorf grenzt unmittelbar an Bergedorf, die \u00dcberg\u00e4nge sind fast flie\u00dfend. Als typisches Wohngebiet ist Wentorf besonders bei Pendlern beliebt. Eine sehr gute Infrastruktur, die N\u00e4he zur Stadt und eine ausgezeichnete Verkehrsanbindung sprechen f\u00fcr Wentorf. <\/p>\n<h4>Privat- und Gesch\u00e4ftskunden aus Bergedorf und Wentorf sch\u00e4tzen unsere Leistungen!<\/h4>\n<p>Wir finden es prima, dass Sie unsere Internetseite entdeckt haben. Ob Bergedorf oder Wentorf: Privat- und Gesch\u00e4ftskunden profitieren von einem sehr guten Preis-Leistungs-Verh\u00e4ltnis. Sie m\u00f6chten mehr \u00fcber uns erfahren? F\u00fcr R\u00fcckfragen stehen wir Ihnen jederzeit zur Verf\u00fcgung. Auf Ihre Anfragen freuen wir uns.<\/p>","popseo_zusatztext":"<h3>Hohe Kosten bei der Bauwerksabdichtung m\u00fcssen nicht sein<\/h3>\n<p>Sie sind interessiert an Trocknungs- oder Sanierungsarbeiten und w\u00fcnschen sich ein entsprechendes Angebot, das eine qualitativ gute Arbeit garantiert, gleichzeitig aber keine hohen Kosten verursacht. Super, dann sind Sie bei uns genau richtig. Als Fachbetrieb f\u00fcr Bauwerksabdichtung, Schimmelbeseitigung und Kellersanierung verwenden wir ausschlie\u00dflich hochwertige Materialien. Trotzdem schauen wir nat\u00fcrlich auf die Kosten, die selbstverst\u00e4ndlich \u00fcberschaubar bleiben sollen. Wir m\u00f6chten Ihnen Qualit\u00e4t anbieten, die trotzdem auch die Kosten im Blick hat. Bei uns stimmen Kosten und Qualit\u00e4t: Schon seit etlichen Jahren sind wir Ihr erfahrener Partner f\u00fcr Trocknungs- und Sanierungsarbeiten in Norddeutschland. Unser Gesch\u00e4ftssitz liegt verkehrsg\u00fcnstig in Brietlingen bei L\u00fcndeburg. Die Kosten stets vor Augen: Wir sorgen f\u00fcr eine professionell durchgef\u00fchrte Sanierungsarbeit nach dem stets aktuellsten Stand der Technik.<\/p>\n<h3>Die Kosten stets vor Augen<\/h3>\n<p>D\u00fcrfen wir Sie informieren, wie Sie die Kosten f\u00fcr eine Sanierung reduzieren? Super, dann warten Sie bitte nicht und nehmen am besten gleich heute Kontakt mit uns auf. Ein kurzer Anruf oder auch eine schnelle E-Mail gen\u00fcgen. Die gute Beratung ist ebenso wichtig wie die perfekte Ausf\u00fchrung der entprechenden Arbeiten. Unsere Beratung ist nat\u00fcrlich absolut unverbindlich. Qualit\u00e4tsbewusst bei moderaten Kosten: Wir empfehlen uns als spezialisiertes Fachunternehmen im Norden. Unsere jahrelange Erfahrung spricht f\u00fcr uns.<br \/>\nSenken Sie die Kosten f\u00fcr Ihr Sanierungsprojekt: Setzen Sie auf die Profis der Fachfirma Keul.<\/p>","popseo_links":"<a href=\"https:\/\/bautenschutz-keul.de\/angebote\/schimmelsanierung-herzogtum-lauenburg\/\">Schimmelsanierung Herzogtum Lauenburg<\/a>, <a href=\"https:\/\/bautenschutz-keul.de\/angebote\/kellerabdichtung-uelzen\/\">Kellerabdichtung Uelzen<\/a>, <a href=\"https:\/\/bautenschutz-keul.de\/angebote\/schimmelbeseitigung-lueneburg\/\">Schimmelbeseitigung L\u00fcneburg<\/a>, <a href=\"https:\/\/bautenschutz-keul.de\/angebote\/feuchte-mauer-bardowick\/\">Feuchte Mauer Bardowick<\/a>, <a href=\"https:\/\/bautenschutz-keul.de\/angebote\/innenabdichtung-amelinghausen\/\">Innenabdichtung Amelinghausen<\/a>, <a href=\"https:\/\/bautenschutz-keul.de\/angebote\/aufsteigende-feuchtigkeit-adendorf\/\">aufsteigende Feuchtigkeit Adendorf<\/a>, <a href=\"https:\/\/bautenschutz-keul.de\/angebote\/schimmel-maschen\/\">Schimmel Maschen<\/a>, <a href=\"https:\/\/bautenschutz-keul.de\/angebote\/salpeter-im-keller-jesteburg\/\">Salpeter im Keller Jesteburg<\/a>, <a href=\"https:\/\/bautenschutz-keul.de\/angebote\/schimmelbeseitigung-glinde-sachsenwald\/\">Schimmelbeseitigung Glinde Sachsenwald<\/a>, <a href=\"https:\/\/bautenschutz-keul.de\/angebote\/feuchter-keller-jesteburg\/\">Feuchter Keller Jesteburg<\/a>, <a href=\"https:\/\/bautenschutz-keul.de\/angebote\/mauertrockenlegung-bienenbuettel\/\">Mauertrockenlegung Bienenb\u00fcttel<\/a>, <a href=\"https:\/\/bautenschutz-keul.de\/angebote\/schimmel-boizenburg\/\">Schimmel Boizenburg<\/a>, <a href=\"https:\/\/bautenschutz-keul.de\/angebote\/aufsteigende-feuchtigkeit-hanstedt\/\">aufsteigende Feuchtigkeit Hanstedt<\/a>, <a href=\"https:\/\/bautenschutz-keul.de\/angebote\/salpeter-im-keller-ebstorf\/\">Salpeter im Keller Ebstorf<\/a>, <a href=\"https:\/\/bautenschutz-keul.de\/angebote\/schimmelbeseitigung-brietlingen\/\">Schimmelbeseitigung Brietlingen<\/a>, <a href=\"https:\/\/bautenschutz-keul.de\/angebote\/innenabdichtung-maschen\/\">Innenabdichtung Maschen<\/a>, <a href=\"https:\/\/bautenschutz-keul.de\/angebote\/aufsteigende-feuchtigkeit-buechen\/\">aufsteigende Feuchtigkeit B\u00fcchen<\/a>, <a href=\"https:\/\/bautenschutz-keul.de\/angebote\/feuchte-wand-harburg\/\">Feuchte Wand Harburg<\/a>, <a href=\"https:\/\/bautenschutz-keul.de\/angebote\/feuchter-keller-lueneburg\/\">Feuchter Keller L\u00fcneburg<\/a>, <a href=\"https:\/\/bautenschutz-keul.de\/angebote\/aussenabdichtung-boizenburg\/\">Au\u00dfenabdichtung Boizenburg<\/a>, <a href=\"https:\/\/bautenschutz-keul.de\/angebote\/kellerabdichtung-reppenstedt\/\">Kellerabdichtung Reppenstedt<\/a>, <a href=\"https:\/\/bautenschutz-keul.de\/angebote\/feuchtigkeit-uelzen\/\">Feuchtigkeit Uelzen<\/a>, <a href=\"https:\/\/bautenschutz-keul.de\/angebote\/mauertrockenlegung-bispingen\/\">Mauertrockenlegung Bispingen<\/a>, <a href=\"https:\/\/bautenschutz-keul.de\/angebote\/rissverpressung-boizenburg\/\">Rissverpressung Boizenburg<\/a>, <a href=\"https:\/\/bautenschutz-keul.de\/angebote\/aufsteigende-feuchtigkeit-buchholz-in-der-nordheide\/\">aufsteigende Feuchtigkeit Buchholz in der Nordheide<\/a>, <a href=\"https:\/\/bautenschutz-keul.de\/angebote\/horizontalsperre-ebstorf\/\">Horizontalsperre Ebstorf<\/a>, <a href=\"https:\/\/bautenschutz-keul.de\/angebote\/rissverpressung-schwarzenbek\/\">Rissverpressung Schwarzenbek<\/a>, <a href=\"https:\/\/bautenschutz-keul.de\/angebote\/bauwerksabdichtung-seevetal-rosengarten\/\">Bauwerksabdichtung Seevetal Rosengarten<\/a>"},"_links":{"self":[{"href":"https:\/\/bautenschutz-keul.de\/angebote\/wp-json\/wp\/v2\/pages\/273","targetHints":{"allow":["GET"]}}],"collection":[{"href":"https:\/\/bautenschutz-keul.de\/angebote\/wp-json\/wp\/v2\/pages"}],"about":[{"href":"https:\/\/bautenschutz-keul.de\/angebote\/wp-json\/wp\/v2\/types\/page"}],"author":[{"embeddable":true,"href":"https:\/\/bautenschutz-keul.de\/angebote\/wp-json\/wp\/v2\/users\/1"}],"replies":[{"embeddable":true,"href":"https:\/\/bautenschutz-keul.de\/angebote\/wp-json\/wp\/v2\/comments?post=273"}],"version-history":[{"count":0,"href":"https:\/\/bautenschutz-keul.de\/angebote\/wp-json\/wp\/v2\/pages\/273\/revisions"}],"wp:attachment":[{"href":"https:\/\/bautenschutz-keul.de\/angebote\/wp-json\/wp\/v2\/media?parent=273"}],"curies":[{"name":"wp","href":"https:\/\/api.w.org\/{rel}","templated":true}]}}