{"id":278,"date":"2021-09-13T08:43:43","date_gmt":"2021-09-13T06:43:43","guid":{"rendered":"https:\/\/bautenschutz-keul.de\/angebote\/feuchtigkeitsschaden-buchholz-in-der-nordheide\/"},"modified":"2021-09-13T08:43:43","modified_gmt":"2021-09-13T06:43:43","slug":"feuchtigkeitsschaden-buchholz-in-der-nordheide","status":"publish","type":"page","link":"https:\/\/bautenschutz-keul.de\/angebote\/feuchtigkeitsschaden-buchholz-in-der-nordheide\/","title":{"rendered":"Feuchtigkeitsschaden &#8211; Buchholz in der Nordheide"},"content":{"rendered":"<h3>Feuchtigkeitsschaden: Unsere Sanierungsprofis beheben das Problem!<\/h3>\n<p>Als einen Feuchtigkeitsschaden bezeichnet man einen Bauschaden, der durch einsickernde N\u00e4sse an einem Geb\u00e4ude hervorgerufen wird. Zu einem Feuchtigkeitsschaden kann es beispielsweise durch st\u00e4ndige Bodenfeuchtigkeit, ung\u00fcnstige Wettereinfl\u00fcsse<br \/>\noder durch heftige Kondensation kommen. Entgegen der scheinbaren Verwandtschaft ist der Feuchtigkeitsschaden nicht mit einem Wasserschaden zu verwechseln. Ein Wasserschaden ist im Gegensatz zum Feuchtigkeitsschaden auf ein eher sporadisches Ereignis wie beispielsweise einen Rohrdefekt oder einer \u00dcberschwemmung zur\u00fcckzuf\u00fchren. Ein Feuchtigkeitsschaden kann zu einem ernsthaften Thema f\u00fcr die Substanz eines Geb\u00e4udes werden. Ein Feuchtigkeitsschaden, der nicht bearbeitet wird, kann auch erhebliche Einfl\u00fcsse auf Wohlergehen und Verfassung der Hausbewohner haben. Schimmelentstehung und Sporenablagerungen sind nicht selten die Basis f\u00fcr gesundheitliche Sch\u00e4digungen. Ein weiterer Grund, dem Feuchtigkeitsschaden nachhaltig zu erledigen.  <\/p>\n<h3>Feuchtigkeitsschaden: Unsere Mitarbeiter stehen f\u00fcr Sie bereit!<\/h3>\n<p>Fr\u00fch genug entdeckt, muss ein Feuchtigkeitseinfall nicht unvermeidlich umf\u00e4ngliche und lange Instandsetzungsarbeiten zur Folge haben. Nach einer umfassenden<br \/>\nAnalyse, l\u00e4sst sich ein Feuchtigkeitsschaden dauerhaft beheben.<br \/>\nDie Schadensursache gibt n\u00e4mlich den Kurs der Sanierung vor.<\/p>\n","protected":false},"excerpt":{"rendered":"<p>Feuchtigkeitsschaden: Unsere Sanierungsprofis beheben das Problem! Als einen Feuchtigkeitsschaden bezeichnet man einen Bauschaden, der durch einsickernde N\u00e4sse an einem Geb\u00e4ude hervorgerufen wird. Zu einem Feuchtigkeitsschaden kann es beispielsweise durch st\u00e4ndige Bodenfeuchtigkeit, ung\u00fcnstige Wettereinfl\u00fcsse oder durch heftige Kondensation kommen. Entgegen der scheinbaren Verwandtschaft ist der Feuchtigkeitsschaden nicht mit einem Wasserschaden zu verwechseln. Ein Wasserschaden ist im [&hellip;]<\/p>\n","protected":false},"author":1,"featured_media":0,"parent":0,"menu_order":0,"comment_status":"closed","ping_status":"closed","template":"","meta":{"footnotes":""},"class_list":["post-278","page","type-page","status-publish","hentry"],"meta_box":{"popseo_subtitel":"Die Firma TK-Geb\u00e4udetechnik Thorsten Keul ist Ihr Partner f\u00fcr die Sanierung vom Feuchtigkeitsschaden in Buchholz in der Nordheide","popseo_subtitel2":"Feuchtigkeitsschaden - Sanierung f\u00fcr Kunden aus Norddeutschland","popseo_lasttitel":"Feuchtigkeitsschaden: Treten Sie in Kontakt mit uns!","popseo_region":"Buchholz in der Nordheide","popseo_sachwort":"Feuchtigkeitsschaden","popseo_noupdate":"","popseo_einleitungstext":"<p>Sie haben sich mit der Bauwerksabdichtung besch\u00e4ftigt, weil Ihre Immobilie feuchte Geb\u00e4udebereiche aufweist und Sie nach M\u00f6glichkeiten einer wirkungsvollen und professionellen Sanierung Ausschau halten. Gut, dass Sie unseren Internetauftritt entdeckt haben. Nachfolgend m\u00f6chten wir Ihnen einige Informationen zu unserem Leistungsspektrum geben. Sie lernen auf dieser Internetseite unsere Firma n\u00e4her kennen. <\/p>\n<p>Die Firma TK-Geb\u00e4udetechnik Thorsten Keul ist ein qualifizierter und etablierter Fachbetrieb mit Firmensitz in Brietlingen bei L\u00fcneburg. Bereits seit vielen Jahren sind wir Ihre Experten f\u00fcr alle Fragen rund um Geb\u00e4udeabdichtung. Wir setzen ausschlie\u00dflich praxisbew\u00e4hrte und effektive Sanierungssysteme und -methoden ein. Als Fachbetrieb f\u00fcr Abdichtung und Sanierung blicken wir auf eine lange Berufserfahrung zur\u00fcck. Unsere versierten Fachleute informieren Sie gerne im Detail.<\/p>","popseo_schlusstext":"<p>Wenn Sie mehr wissen m\u00f6chten, informieren wir Sie n\u00e4her \u00fcber unser Themengebiet. Wir pr\u00e4sentieren Ihnen mit Vergn\u00fcgen auch einige Referenzprojekte, die Ihnen einen Einblick in unsere Arbeit geben.<br \/>\nSetzen Sie auf die Expertise eines erfahrenen Fachbetriebes. Rufen Sie uns doch rasch einmal an oder schicken Sie uns eine kurze E-Mail. Wir freuen uns auf den Kontakt zu Ihnen.<\/p>","popseo_stadttext":"<h3>Unser Einzugsbereich umfasst auch Buchholz i.d. Nordheide<\/h3>\n<p>Buchholz geh\u00f6rt zum nieders\u00e4chsischen Kreis Harburg und befindet sich in der Nordheide. Um Verwechslungen mit anderen St\u00e4dten zu vermeiden, tr\u00e4gt die Stadt Buchholz beh\u00f6rtlich den Namenszusatz \"Buchholz in der Nordheide\". Durch unsere Vertriebst\u00e4tigkeit haben wir uns einen sehr guten \u00dcberblick \u00fcber die Architektur der St\u00e4dte und Gemeinden unseres Einzugsbereiches erarbeiten k\u00f6nnen. Nat\u00fcrlich z\u00e4hlt auch Buchholz i.d. Nordheide zu unserem unmittelbaren Wirkungskreis. Wir freuen uns darauf, mit Ihnen in Kontakt zu kommen. <\/p>\n<h3>Gute Gr\u00fcnde sprechen f\u00fcr den Wohnort Buchholz i.d. Nordheide<\/h3>\n<p>Buchholz ist eine zentral gelegene Stadt. Bis in die Freie und Hansestadt Hamburg sind es gerade einmal 20 Kilometer. Entsprechend viele Berufspendler leben in Buchholz. Wer seine Arbeitsst\u00e4tte in Hamburg hat, jedoch  eine eher weniger hektische Wohnlage pr\u00e4feriert, hat es in Buchholz hervorragend getroffen. Der \u00fcbersichtliche und beschauliche Ort bietet ein absolut attraktives Lebensumfeld. In Summe wohnen knapp 37.000 B\u00fcrger in Buchholz. Stadt und Umkreis strecken sich \u00fcber eine Fl\u00e4che von gut 75 qkm. Buchholz gliedert sich in insgesamt sechs Ortsteile. Eine kleine Besonderheit von Buchholz: Jeder Stadtteil hat einen eigenen B\u00fcrgermeister.<\/p>\n<h3>Wir kennen uns aus in Buchholz<\/h3>\n<p>Trotz der r\u00e4umlichen N\u00e4he zur Gro\u00dfstadt Hamburg, verf\u00fcgt Buchholz \u00fcber ein reges Wirtschaftsleben, welches sich auf insgesamt drei Gewerbegebiete erstreckt. Gro\u00dfe Einzelhandelsbetriebe wie beispielsweise M\u00f6bel Kraft oder Media Markt unterhalten in Buchholz Niederlassungen. Dominiert wird das Wirtschaftsleben von Buchholz weitgehend von mittelst\u00e4ndischen Betrieben aus den Gesch\u00e4ftsfeldern Gro\u00dfhandel und Dienstleistung. Auch finden sich in Buchholz etliche Autoh\u00e4ndler. \u00dcber die Auffahrt Dibbersen ist Buchholz an die Schnellstra\u00dfe A1 angeschlossen. Das Buchholzer Dreieck stellt dar\u00fcber hinaus eine Verbindung mit der A7 her. Des Weiteren erreicht man Buchholz mit dem Auto auch leicht \u00fcber die Bundesstra\u00dfe 75. Wer mit der Eisenbahn nach Buchholz reist, nutzt die Strecke Hamburg-Bremen. Das Verkehrsunternehmen Metronom f\u00e4hrt Buchholz \u00fcber die Expresslinie Bremen-Hamburg sowie im Nahverkehr an.  <\/p>\n<h4>Privat- und Gesch\u00e4ftskunden aus Buchholz i.d. Nordheide sch\u00e4tzen unsere Leistungen!<\/h4>\n<p>Wir finden es toll, dass Sie unsere Website gefunden haben. Wir garantieren Ihnen ein sehr gutes Preis-Leistungsverh\u00e4ltnis. Sie m\u00f6chten mehr \u00fcber uns erfahren? F\u00fcr R\u00fcckfragen stehen wir Ihnen jederzeit zur Verf\u00fcgung. Auf den Kontakt zu Ihnen freuen wir uns.<\/p>","popseo_zusatztext":"<h3>Perfekte Sanierungsarbeiten zu geringen Kosten<\/h3>\n<p>Sie haben Interesse an Trocknungs- oder Sanierungsarbeiten und m\u00f6chten gerne ein passendes Angebot, das eine handwerklich gute Arbeit garantiert, gleichzeitig aber keine hohen Kosten verursacht. Klasse, dann sind Sie bei uns an der richtigen Adresse. Als Fachbetrieb f\u00fcr Schimmelbeseitigung, Geb\u00e4udeabdichtung und Kellersanierung verwenden wir ausschlie\u00dflich exzellente Materialien. Trotzdem achten wir immer auf die Kosten, die nat\u00fcrlich nicht zu hoch sein sollen. Wir m\u00f6chten Ihnen Qualit\u00e4t anbieten, die gleichzeitig auch die Kosten im Blick beh\u00e4lt. Bei uns stimmen Kosten und Leistung: Schon seit etlichen Jahren sind wir Ihr qualifizierter Fachbetrieb f\u00fcr Sanierungs- und Trocknungsarbeiten in Norddeutschland. Unser Unternehmenssitz liegt verkehrsg\u00fcnstig in Brietlingen bei L\u00fcndeburg. Die Kosten stets im Blick: Wir stehen f\u00fcr eine fachgerecht ausgef\u00fchrte Arbeit nach dem jeweils derzeitigen Stand der Technik.<\/p>\n<h3>Kosten vs. Leistung: Eine Sanierung rechnet sich!<\/h3>\n<p>D\u00fcrfen wir Sie beraten, wie Sie die Kosten f\u00fcr eine Sanierung senken k\u00f6nnen? Toll, dann z\u00f6gern Sie bitte nicht und nehmen am besten gleich heute Kontakt mit uns auf. Ein kurzer Anruf oder auch eine schnelle Mail gen\u00fcgen. Die optimale Beratung ist ebenso wichtig wie die fachgerechte Umsetzung der eigentlichen Arbeiten. Unsere Beratung ist selbstverst\u00e4ndlich absolut unverbindlich. Qualit\u00e4tsbewusst bei moderaten Kosten: Wir empfehlen uns als spezialisiertes Fachunternehmen in Norddeutschland. Unsere langj\u00e4hrige Erfahrung spricht f\u00fcr uns.<br \/>\nMinimieren Sie die Kosten f\u00fcr Ihre Geb\u00e4udesanierung: Vertrauen Sie den Spezialisten der Firma Keul.<\/p>","popseo_links":"<a href=\"https:\/\/bautenschutz-keul.de\/angebote\/zerstoerter-putz-brietlingen\/\">zerst\u00f6rter Putz Brietlingen<\/a>, <a href=\"https:\/\/bautenschutz-keul.de\/angebote\/aufsteigende-feuchtigkeit-bienenbuettel\/\">aufsteigende Feuchtigkeit Bienenb\u00fcttel<\/a>, <a href=\"https:\/\/bautenschutz-keul.de\/angebote\/aufsteigende-feuchtigkeit-bispingen\/\">aufsteigende Feuchtigkeit Bispingen<\/a>, <a href=\"https:\/\/bautenschutz-keul.de\/angebote\/feuchte-mauer-bardowick\/\">Feuchte Mauer Bardowick<\/a>, <a href=\"https:\/\/bautenschutz-keul.de\/angebote\/zerstoerter-putz-winsen-luhe\/\">zerst\u00f6rter Putz Winsen Luhe<\/a>, <a href=\"https:\/\/bautenschutz-keul.de\/angebote\/feuchter-keller-hanstedt\/\">Feuchter Keller Hanstedt<\/a>, <a href=\"https:\/\/bautenschutz-keul.de\/angebote\/innenabdichtung-reinbek-aumuehle\/\">Innenabdichtung Reinbek Aum\u00fchle<\/a>, <a href=\"https:\/\/bautenschutz-keul.de\/angebote\/schimmel-brietlingen\/\">Schimmel Brietlingen<\/a>, <a href=\"https:\/\/bautenschutz-keul.de\/angebote\/feuchte-wand-herzogtum-lauenburg\/\">Feuchte Wand Herzogtum Lauenburg<\/a>, <a href=\"https:\/\/bautenschutz-keul.de\/angebote\/bauwerksabdichtung-winsen-luhe\/\">Bauwerksabdichtung Winsen Luhe<\/a>, <a href=\"https:\/\/bautenschutz-keul.de\/angebote\/kellersanierung-buchholz-in-der-nordheide\/\">Kellersanierung Buchholz in der Nordheide<\/a>, <a href=\"https:\/\/bautenschutz-keul.de\/angebote\/schimmelbeseitigung-salzhausen\/\">Schimmelbeseitigung Salzhausen<\/a>, <a href=\"https:\/\/bautenschutz-keul.de\/angebote\/rissverpressung-brietlingen\/\">Rissverpressung Brietlingen<\/a>, <a href=\"https:\/\/bautenschutz-keul.de\/angebote\/horizontalsperre-bardowick\/\">Horizontalsperre Bardowick<\/a>, <a href=\"https:\/\/bautenschutz-keul.de\/angebote\/feuchtigkeit-bergedorf-wentorf\/\">Feuchtigkeit Bergedorf Wentorf<\/a>, <a href=\"https:\/\/bautenschutz-keul.de\/angebote\/rissverpressung-herzogtum-lauenburg\/\">Rissverpressung Herzogtum Lauenburg<\/a>, <a href=\"https:\/\/bautenschutz-keul.de\/angebote\/mauertrockenlegung-stelle\/\">Mauertrockenlegung Stelle<\/a>, <a href=\"https:\/\/bautenschutz-keul.de\/angebote\/kellerabdichtung-uelzen\/\">Kellerabdichtung Uelzen<\/a>, <a href=\"https:\/\/bautenschutz-keul.de\/angebote\/schimmel-bienenbuettel\/\">Schimmel Bienenb\u00fcttel<\/a>, <a href=\"https:\/\/bautenschutz-keul.de\/angebote\/innenabdichtung-herzogtum-lauenburg\/\">Innenabdichtung Herzogtum Lauenburg<\/a>, <a href=\"https:\/\/bautenschutz-keul.de\/angebote\/kellersanierung-reinbek-aumuehle\/\">Kellersanierung Reinbek Aum\u00fchle<\/a>, <a href=\"https:\/\/bautenschutz-keul.de\/angebote\/kellertrockenlegung-brietlingen\/\">Kellertrockenlegung Brietlingen<\/a>, <a href=\"https:\/\/bautenschutz-keul.de\/angebote\/zerstoerter-putz-stelle\/\">zerst\u00f6rter Putz Stelle<\/a>, <a href=\"https:\/\/bautenschutz-keul.de\/angebote\/aufsteigende-feuchtigkeit-jesteburg\/\">aufsteigende Feuchtigkeit Jesteburg<\/a>, <a href=\"https:\/\/bautenschutz-keul.de\/angebote\/schimmelsanierung-lueneburg\/\">Schimmelsanierung L\u00fcneburg<\/a>, <a href=\"https:\/\/bautenschutz-keul.de\/angebote\/feuchte-mauer-boizenburg\/\">Feuchte Mauer Boizenburg<\/a>, <a href=\"https:\/\/bautenschutz-keul.de\/angebote\/feuchtigkeit-jesteburg\/\">Feuchtigkeit Jesteburg<\/a>, <a href=\"https:\/\/bautenschutz-keul.de\/angebote\/kellerabdichtung-bardowick\/\">Kellerabdichtung Bardowick<\/a>"},"_links":{"self":[{"href":"https:\/\/bautenschutz-keul.de\/angebote\/wp-json\/wp\/v2\/pages\/278","targetHints":{"allow":["GET"]}}],"collection":[{"href":"https:\/\/bautenschutz-keul.de\/angebote\/wp-json\/wp\/v2\/pages"}],"about":[{"href":"https:\/\/bautenschutz-keul.de\/angebote\/wp-json\/wp\/v2\/types\/page"}],"author":[{"embeddable":true,"href":"https:\/\/bautenschutz-keul.de\/angebote\/wp-json\/wp\/v2\/users\/1"}],"replies":[{"embeddable":true,"href":"https:\/\/bautenschutz-keul.de\/angebote\/wp-json\/wp\/v2\/comments?post=278"}],"version-history":[{"count":0,"href":"https:\/\/bautenschutz-keul.de\/angebote\/wp-json\/wp\/v2\/pages\/278\/revisions"}],"wp:attachment":[{"href":"https:\/\/bautenschutz-keul.de\/angebote\/wp-json\/wp\/v2\/media?parent=278"}],"curies":[{"name":"wp","href":"https:\/\/api.w.org\/{rel}","templated":true}]}}