{"id":281,"date":"2021-09-13T08:43:43","date_gmt":"2021-09-13T06:43:43","guid":{"rendered":"https:\/\/bautenschutz-keul.de\/angebote\/feuchtigkeitsschaden-geesthacht\/"},"modified":"2021-09-13T08:43:43","modified_gmt":"2021-09-13T06:43:43","slug":"feuchtigkeitsschaden-geesthacht","status":"publish","type":"page","link":"https:\/\/bautenschutz-keul.de\/angebote\/feuchtigkeitsschaden-geesthacht\/","title":{"rendered":"Feuchtigkeitsschaden &#8211; Geesthacht"},"content":{"rendered":"<h3>Feuchtigkeitsschaden: Fragen Sie den Sanierungsprofi!<\/h3>\n<p>Als einen Feuchtigkeitsschaden bezeichnet man einen Mangel, der durch eindringende N\u00e4sse an einem Geb\u00e4ude entsteht. Zu einem Feuchtigkeitsschaden kann es etwa durch anhaltende Bodenn\u00e4sse, nachteilige Wettereinfl\u00fcsse<br \/>\noder durch heftige Kondensation kommen. Trotz der scheinbaren Verwandtschaft ist der Feuchtigkeitsschaden nicht mit einem Wasserschaden zu verwechseln. Ein Wasserschaden ist im Gegensatz zum Feuchtigkeitsschaden auf ein eher spontanes Ereignis wie zum Beispiel einen Rohrbruch oder einer \u00dcberschwemmung zur\u00fcckzuf\u00fchren. Ein Feuchtigkeitsschaden kann zu einem bedrohlichen Thema f\u00fcr die Bausubstanz eines Geb\u00e4udes werden. Ein Feuchtigkeitsschaden, der nicht beseitigt wird, kann auch durchaus erhebliche Auswirkungen auf Wohlergehen und Verfassung der Bewohner haben. Schimmelentstehung und Sporenablagerungen sind vielfach die Basis f\u00fcr gesundheitliche Beeintr\u00e4chtigungen. Ein echter Grund, dem Feuchtigkeitsschaden effektiv zu erledigen.  <\/p>\n<h3>Feuchtigkeitsschaden \u2013 wir helfen schnell und unkompliziert!<\/h3>\n<p>Rechtzeitig entdeckt, muss ein Feuchtigkeitseinfall nicht zwingend gravierende und lange Reparaturen nach sich ziehen. Nach einer umfassenden<br \/>\nAnalyse, l\u00e4sst sich ein Feuchtigkeitsschaden dauerhaft reparieren.<br \/>\nDie Schadensursache gibt letztendlich das Ziel der Sanierung vor.<\/p>\n","protected":false},"excerpt":{"rendered":"<p>Feuchtigkeitsschaden: Fragen Sie den Sanierungsprofi! Als einen Feuchtigkeitsschaden bezeichnet man einen Mangel, der durch eindringende N\u00e4sse an einem Geb\u00e4ude entsteht. Zu einem Feuchtigkeitsschaden kann es etwa durch anhaltende Bodenn\u00e4sse, nachteilige Wettereinfl\u00fcsse oder durch heftige Kondensation kommen. Trotz der scheinbaren Verwandtschaft ist der Feuchtigkeitsschaden nicht mit einem Wasserschaden zu verwechseln. Ein Wasserschaden ist im Gegensatz zum [&hellip;]<\/p>\n","protected":false},"author":1,"featured_media":0,"parent":0,"menu_order":0,"comment_status":"closed","ping_status":"closed","template":"","meta":{"footnotes":""},"class_list":["post-281","page","type-page","status-publish","hentry"],"meta_box":{"popseo_subtitel":"Die Firma TK-Geb\u00e4udetechnik Thorsten Keul ist Ihr Partner f\u00fcr die Sanierung vom Feuchtigkeitsschaden im Raum Geesthacht","popseo_subtitel2":"Feuchtigkeitsschaden - Sanierung f\u00fcr Kunden aus Norddeutschland","popseo_lasttitel":"Feuchtigkeitsschaden: D\u00fcrfen wir Ihre Fragen beantworten?","popseo_region":"Geesthacht","popseo_sachwort":"Feuchtigkeitsschaden","popseo_noupdate":"","popseo_einleitungstext":"<p>Sie haben sich mit der Bauwerksabdichtung auseinandergesetzt, da Ihr Wohn- oder Gesch\u00e4ftshaus feuchte Geb\u00e4udebereiche aufweist und Sie nach Methoden einer professionellen und vor allem wirksamen Sanierung Ausschau halten. Prima, dass Sie unsere Website gefunden haben. Nachfolgend m\u00f6chten wir Ihnen einige Informationen zu unserem Leistungsspektrum geben. Sie lernen auf dieser Website unsere Firma etwas n\u00e4her kennen. <\/p>\n<p>Unser Unternehmen ist ein spezialisierter und etablierter Handwerksbetrieb mit Gesch\u00e4ftsssitz in Brietlingen bei L\u00fcneburg. Seit vielen Jahren schon sind wir Ihr Spezialist f\u00fcr s\u00e4mtliche Fragen rund um Geb\u00e4udeabdichtung. Wir setzen ausschlie\u00dflich praxisbew\u00e4hrte und effektive Sanierungsmethoden und -systeme ein. Als Sanierungsfachbetrieb blicken wir auf eine lange und intensive Berufserfahrung zur\u00fcck. Unsere freundlichen Fachleute informieren Sie gerne im Detail.<\/p>","popseo_schlusstext":"<p>Wenn Sie ein erfahrenes Unternehmen f\u00fcr zeitgem\u00e4\u00dfe Innen- und Au\u00dfenabdichtung suchen, sind Sie bei uns richtig. Sie m\u00f6chten mehr \u00fcber uns erfahren? Als auf Sanierung spezialisierte Fachfirma sind wir f\u00fcr Ihr Vorhaben der optimale Dienstleister und freuen uns \u00fcber Ihre Anfrage, egal ob per Griff zum Telefonh\u00f6rer oder Nachricht per E-Mail. Worauf Sie neben Fachwissen setzen d\u00fcrfen: Unser Team ist motiviert und immer mit Schwung und Elan f\u00fcr Sie im Einsatz. Wir freuen uns auf Sie!<\/p>","popseo_stadttext":"<h3>Unser Wirkungskreis umfasst auch Geesthacht<\/h3>\n<p>Wir werden f\u00fcr Kunden aus Geesthacht aktiv. Durch unsere Vertriebst\u00e4tigkeit haben wir uns einen guten \u00dcberblick \u00fcber die Architektur der Gemeinden und St\u00e4dte unseres Einzugsbereiches erarbeiten k\u00f6nnen. Nat\u00fcrlich z\u00e4hlt auch Ihre Region zu unserem unmittelbaren Wirkungskreis. Wir freuen uns darauf, mit Ihnen ins Gespr\u00e4ch zu kommen. <\/p>\n<h3>Einige Informationen zur Stadt Geesthacht<\/h3>\n<p>S\u00fcd\u00f6stlich von Hamburg, direkt am Ufer der Elbe befindet sich Geesthacht, die gr\u00f6\u00dfte Stadt des Kreises Herzogtum Lauenburg in Schleswig-Holstein. Geesthacht liegt innerhalb der Metropolregion Hamburg. Zur City von Hamburg sind es circa 30 Kilometer, bis zum n\u00e4chstgelegenen Hamburger Stadtteil Bergedorf gut 12 Kilometer.<br \/>\nInnovationen und Fortschritt stehen f\u00fcr die Stadt Geesthacht. Exemplarisch hierf\u00fcr sind das Kernkraftwerk Kr\u00fcmmel, das Pumpspeicherwerk und der Forschungsreaktor Geesthacht. Sie machen Geesthacht zu dem gr\u00f6\u00dften Nuklear- und Energiestandort in Norddeutschland. Wen wundert es also, dass Geesthacht mit \u00fcber 50 Millionen Euro R\u00fccklagen den ersten Platz unter den reichsten St\u00e4dten Schleswig-Holsteins belegt. Ma\u00dfgebend sind hier allerdings die Zahlungen des AKW.<\/p>\n<p>Erreichbar ist Geesthacht mit dem Auto aus s\u00fcdlicher Richtung \u00fcber die Bundesstra\u00dfe 404. \u00dcber diese hat man auch Anbindung an die A25, mit der man direkt nach Hamburg kommt. Parallel zur Bundesautobahn verl\u00e4uft die Bundesstra\u00dfe B5, die von Bergedorf \u00fcber die City von Geesthacht f\u00fchrt und in Lauenburg endet.<br \/>\nAuch mit dem \u00f6ffentlichen Personennahverkehr kann man, dank der Vernetzung mit dem HVV, Geesthacht schnell erreichen. Aufgrund der unmittelbaren Lage zum Hamburger Stadtgebiet bringt Sie der Bus bequem, innerhalb von 20 Minuten nach Hamburg.<\/p>\n<h4>Wir f\u00fcr Sie in Geesthacht!<\/h4>\n<p>Toll, das Sie unsere Internetseite entdeckt haben. Wenn Sie ein Fachunternehmen suchen, sind Sie bei uns richtig. Sie m\u00f6chten mehr \u00fcber uns erfahren? F\u00fcr R\u00fcckfragen stehen wir Ihnen jederzeit zur Verf\u00fcgung. Auf den Kontakt zu Ihnen freuen wir uns.<\/p>","popseo_zusatztext":"<h3>Erstklassiges Abdichten ist uns wichtig<\/h3>\n<p>Sie haben einen Feuchtigkeitsschaden entdeckt und m\u00fcssen die betroffenen Mauern nun schnellstm\u00f6glich abdichten. Sehr gut, dass Sie uns gefunden haben! Als routiniertes Fachunternehmen der Bauwirtschaft kennen wir uns allerbestens aus mit dem Abdichten von Mauern, Kellern oder W\u00e4nden.  <\/p>\n<p>Feuchtigkeitssch\u00e4den sind unser Metier: F\u00fcr unseren Betrieb geh\u00f6rt das Abdichten von Mauern, Kellern oder W\u00e4nden zur t\u00e4glichen Arbeit. Wir gehen der Ursache f\u00fcr den Feuchtigkeitseintritt gr\u00fcndlich auf den Grund. Vor dem konkreten Abdichten muss erstmal die Ursachenfindung stehen. Erst wenn man den tats\u00e4chlichen Grund f\u00fcr eine Durchn\u00e4ssung entdeckt hat, kann man mit dem Abdichten starten. Die Analyse gibt die Marschrichtung vor, den das Abdichten eines Bauk\u00f6rpers beinhalten muss.  <\/p>\n<h4>Abdichten: Wir helfen verl\u00e4sslich und kompetent!<\/h4>\n<p>Warten Sie bitte nicht und vereinbaren Sie noch heute einen Termin mit einem unserer routinierten Fachkr\u00e4fte. Ein kurzer Anruf oder auch eine kurze Email gen\u00fcgen! Bei einer Begutachtung direkt am betroffenen Objekt, nehmen wir den Schaden auf und entwerfen anschlie\u00dfend ein Konzept f\u00fcr das dauerhafte Abdichten der gesch\u00e4digten Bereiche. Unsere Arbeit ist stets zweckorientiert: Nat\u00fcrlich flie\u00dfen auch monet\u00e4re \u00dcberlegungen in unsere Entscheidungsfindung f\u00fcr das Abdichten Ihres Geb\u00e4udes mit ein. Komplett aus einer Hand: Unsere dynamischen Mitarbeiter f\u00fchren s\u00e4mtliche notwendigen T\u00e4tigkeiten, die zum Abdichten dazugeh\u00f6ren schnell und zuverl\u00e4ssig aus. Schon seit langer Zeit ist unser Haus f\u00fcr eine hohe Fachkompetenz bekannt. Eine unserer Kernkompetenzen liegt im Abdichten von Gesch\u00e4fts- und Wohngeb\u00e4uden. Vertrauen Sie auf Kompetenz und beauftragen Sie unsere Firma f\u00fcr das Abdichten von neuralgischen Stellen im Mauerwerk. Wir freuen uns darauf, auch Ihnen helfen zu k\u00f6nnen.<\/p>","popseo_links":"<a href=\"https:\/\/bautenschutz-keul.de\/angebote\/innenabdichtung-amelinghausen\/\">Innenabdichtung Amelinghausen<\/a>, <a href=\"https:\/\/bautenschutz-keul.de\/angebote\/horizontalsperre-reppenstedt\/\">Horizontalsperre Reppenstedt<\/a>, <a href=\"https:\/\/bautenschutz-keul.de\/angebote\/kellerabdichtung-reinbek-aumuehle\/\">Kellerabdichtung Reinbek Aum\u00fchle<\/a>, <a href=\"https:\/\/bautenschutz-keul.de\/angebote\/innenabdichtung-bispingen\/\">Innenabdichtung Bispingen<\/a>, <a href=\"https:\/\/bautenschutz-keul.de\/angebote\/salpeter-im-keller-hanstedt\/\">Salpeter im Keller Hanstedt<\/a>, <a href=\"https:\/\/bautenschutz-keul.de\/angebote\/aufsteigende-feuchtigkeit-buechen\/\">aufsteigende Feuchtigkeit B\u00fcchen<\/a>, <a href=\"https:\/\/bautenschutz-keul.de\/angebote\/kellertrockenlegung-adendorf\/\">Kellertrockenlegung Adendorf<\/a>, <a href=\"https:\/\/bautenschutz-keul.de\/angebote\/feuchte-wand-schwarzenbek\/\">Feuchte Wand Schwarzenbek<\/a>, <a href=\"https:\/\/bautenschutz-keul.de\/angebote\/zerstoerter-putz-amelinghausen\/\">zerst\u00f6rter Putz Amelinghausen<\/a>, <a href=\"https:\/\/bautenschutz-keul.de\/angebote\/innenabdichtung-bad-bevensen\/\">Innenabdichtung Bad Bevensen<\/a>, <a href=\"https:\/\/bautenschutz-keul.de\/angebote\/aussenabdichtung-hanstedt\/\">Au\u00dfenabdichtung Hanstedt<\/a>, <a href=\"https:\/\/bautenschutz-keul.de\/angebote\/aussenabdichtung-brietlingen\/\">Au\u00dfenabdichtung Brietlingen<\/a>, <a href=\"https:\/\/bautenschutz-keul.de\/angebote\/feuchte-wand-buchholz-in-der-nordheide\/\">Feuchte Wand Buchholz in der Nordheide<\/a>, <a href=\"https:\/\/bautenschutz-keul.de\/angebote\/feuchte-wand-ebstorf\/\">Feuchte Wand Ebstorf<\/a>, <a href=\"https:\/\/bautenschutz-keul.de\/angebote\/salpeter-im-keller-harburg\/\">Salpeter im Keller Harburg<\/a>, <a href=\"https:\/\/bautenschutz-keul.de\/angebote\/kellersanierung-amt-neuhaus\/\">Kellersanierung Amt Neuhaus<\/a>, <a href=\"https:\/\/bautenschutz-keul.de\/angebote\/kellerabdichtung-seevetal-rosengarten\/\">Kellerabdichtung Seevetal Rosengarten<\/a>, <a href=\"https:\/\/bautenschutz-keul.de\/angebote\/bauwerksabdichtung-seevetal-rosengarten\/\">Bauwerksabdichtung Seevetal Rosengarten<\/a>, <a href=\"https:\/\/bautenschutz-keul.de\/angebote\/schimmelbeseitigung-amt-neuhaus\/\">Schimmelbeseitigung Amt Neuhaus<\/a>, <a href=\"https:\/\/bautenschutz-keul.de\/angebote\/salpeter-im-keller-lueneburg\/\">Salpeter im Keller L\u00fcneburg<\/a>, <a href=\"https:\/\/bautenschutz-keul.de\/angebote\/feuchte-mauer-schwarzenbek\/\">Feuchte Mauer Schwarzenbek<\/a>, <a href=\"https:\/\/bautenschutz-keul.de\/angebote\/salpeter-im-keller-boizenburg\/\">Salpeter im Keller Boizenburg<\/a>, <a href=\"https:\/\/bautenschutz-keul.de\/angebote\/feuchter-keller-jesteburg\/\">Feuchter Keller Jesteburg<\/a>, <a href=\"https:\/\/bautenschutz-keul.de\/angebote\/horizontalsperre-winsen-luhe\/\">Horizontalsperre Winsen Luhe<\/a>, <a href=\"https:\/\/bautenschutz-keul.de\/angebote\/salpeter-im-keller-geesthacht\/\">Salpeter im Keller Geesthacht<\/a>, <a href=\"https:\/\/bautenschutz-keul.de\/angebote\/horizontalsperre-stelle\/\">Horizontalsperre Stelle<\/a>, <a href=\"https:\/\/bautenschutz-keul.de\/angebote\/schimmel-glinde-sachsenwald\/\">Schimmel Glinde Sachsenwald<\/a>, <a href=\"https:\/\/bautenschutz-keul.de\/angebote\/kellersanierung-adendorf\/\">Kellersanierung Adendorf<\/a>"},"_links":{"self":[{"href":"https:\/\/bautenschutz-keul.de\/angebote\/wp-json\/wp\/v2\/pages\/281","targetHints":{"allow":["GET"]}}],"collection":[{"href":"https:\/\/bautenschutz-keul.de\/angebote\/wp-json\/wp\/v2\/pages"}],"about":[{"href":"https:\/\/bautenschutz-keul.de\/angebote\/wp-json\/wp\/v2\/types\/page"}],"author":[{"embeddable":true,"href":"https:\/\/bautenschutz-keul.de\/angebote\/wp-json\/wp\/v2\/users\/1"}],"replies":[{"embeddable":true,"href":"https:\/\/bautenschutz-keul.de\/angebote\/wp-json\/wp\/v2\/comments?post=281"}],"version-history":[{"count":0,"href":"https:\/\/bautenschutz-keul.de\/angebote\/wp-json\/wp\/v2\/pages\/281\/revisions"}],"wp:attachment":[{"href":"https:\/\/bautenschutz-keul.de\/angebote\/wp-json\/wp\/v2\/media?parent=281"}],"curies":[{"name":"wp","href":"https:\/\/api.w.org\/{rel}","templated":true}]}}