{"id":282,"date":"2021-09-13T08:43:43","date_gmt":"2021-09-13T06:43:43","guid":{"rendered":"https:\/\/bautenschutz-keul.de\/angebote\/feuchtigkeitsschaden-glinde-sachsenwald\/"},"modified":"2021-09-13T08:43:43","modified_gmt":"2021-09-13T06:43:43","slug":"feuchtigkeitsschaden-glinde-sachsenwald","status":"publish","type":"page","link":"https:\/\/bautenschutz-keul.de\/angebote\/feuchtigkeitsschaden-glinde-sachsenwald\/","title":{"rendered":"Feuchtigkeitsschaden &#8211; Glinde Sachsenwald"},"content":{"rendered":"<h3>Feuchtigkeitsschaden: Unsere Sanierungsprofis beheben das Problem!<\/h3>\n<p>Als einen Feuchtigkeitsschaden bezeichnet man einen Schaden an der Bausubstanz, der durch einsickernde Feuchtigkeit an einem Bauwerk entsteht. Zu einem Feuchtigkeitsschaden kann es beispielsweise durch langanhaltende Bodenfeuchte, schlechte Wetterbedingungen<br \/>\nund durch heftige Kondensation kommen. Entgegen der begrifflichen Verwandtschaft ist der Feuchtigkeitsschaden nicht mit einem Wasserschaden zu verwechseln. Ein Wasserschaden ist im Gegensatz zum Feuchtigkeitsschaden auf ein mehr tempor\u00e4res Ereignis wie zum Beispiel einen Rohrschaden oder auch einer \u00dcberschwemmung zur\u00fcckzuf\u00fchren. Ein Feuchtigkeitsschaden kann zu einem unangenehmen Problem f\u00fcr die Substanz eines Geb\u00e4udes werden. Ein Feuchtigkeitsschaden, der nicht behoben wird, kann auch negative Einfl\u00fcsse auf Wohlergehen und Verfassung der Hausbewohner haben. Schimmelentstehung und Sporenablagerungen sind nicht selten die Ursache f\u00fcr gesundheitliche Sch\u00e4den. Ein Grund mehr, dem Feuchtigkeitsschaden ein f\u00fcr allemal zu erledigen.  <\/p>\n<h3>Schnell und gr\u00fcndlich: Wir helfen bei der Behebung vom Feuchtigkeitsschaden<\/h3>\n<p>Fr\u00fchzeitig bemerkt, muss ein Feuchtigkeitseinfall nicht unbedingt drastische und lang andauernde Instandsetzungsarbeiten nach sich ziehen. Nach einer umfassenden<br \/>\nAnalyse, l\u00e4sst sich ein Feuchtigkeitsschaden langfristig reparieren.<br \/>\nDer Schadensgrund gibt n\u00e4mlich den Kurs der Sanierung vor.<\/p>\n","protected":false},"excerpt":{"rendered":"<p>Feuchtigkeitsschaden: Unsere Sanierungsprofis beheben das Problem! Als einen Feuchtigkeitsschaden bezeichnet man einen Schaden an der Bausubstanz, der durch einsickernde Feuchtigkeit an einem Bauwerk entsteht. Zu einem Feuchtigkeitsschaden kann es beispielsweise durch langanhaltende Bodenfeuchte, schlechte Wetterbedingungen und durch heftige Kondensation kommen. Entgegen der begrifflichen Verwandtschaft ist der Feuchtigkeitsschaden nicht mit einem Wasserschaden zu verwechseln. Ein Wasserschaden [&hellip;]<\/p>\n","protected":false},"author":1,"featured_media":0,"parent":0,"menu_order":0,"comment_status":"closed","ping_status":"closed","template":"","meta":{"footnotes":""},"class_list":["post-282","page","type-page","status-publish","hentry"],"meta_box":{"popseo_subtitel":"Wir sind Ihr Spezialist f\u00fcr die Sanierung vom Feuchtigkeitsschaden im Raum Glinde Sachsenwald","popseo_subtitel2":"Feuchtigkeitsschaden - unsere Experten informieren Sie gerne \u00fcber Sanierungsm\u00f6glichkeiten","popseo_lasttitel":"Feuchtigkeitsschaden: Gerne beantworten wir Ihre Fragen!","popseo_region":"Glinde Sachsenwald","popseo_sachwort":"Feuchtigkeitsschaden","popseo_noupdate":"","popseo_einleitungstext":"<p>Sie haben sich mit dem Thema Bauwerksabdichtung auseinandergesetzt, da Ihre Immobilie feuchte Geb\u00e4udeteile aufweist und Sie nach M\u00f6glichkeiten einer wirkungsvollen und professionellen Sanierung Ausschau halten. Sch\u00f6n, dass Sie unsere Website besuchen. Auf den folgenden Seiten m\u00f6chten wir Ihnen einige Informationen zu unserem Leistungsangebot geben. Sie lernen auf dieser Website unsere Firma etwas n\u00e4her kennen. <\/p>\n<p>Die Firma TK-Geb\u00e4udetechnik Thorsten Keul ist ein spezialisierter und etablierter Fachbetrieb mit Sitz in Brietlingen bei L\u00fcneburg. Bereits seit vielen Jahren sind wir Ihr Fachpartner f\u00fcr s\u00e4mtliche Fragen rund um die Bauwerksabdichtung. Wir setzen ausschlie\u00dflich praxisbew\u00e4hrte und effektive Sanierungssysteme und -methoden ein. Als Sanierungsfachbetrieb blicken wir auf eine lange und intensive Berufserfahrung zur\u00fcck. Unsere freundlichen Spezialisten informieren Sie mit Vergn\u00fcgen im Detail.<\/p>","popseo_schlusstext":"<p>Sie suchen einen Partner f\u00fcr die fachgerechte Abdichtung und Sanierung Ihrer Immobilie. Toll, dass Sie auf uns aufmerksam geworden sind. Worauf Sie neben unserer fachlichen Expertise setzen d\u00fcrfen: Unser Team ist immer mit Akribie und Motivation bei der Sache. Wir freuen uns sehr, wenn wir Sie in einem unverbindlichen Kundengespr\u00e4ch \u00fcber die zahlreichen Optionen, die sich Ihnen bieten, informieren d\u00fcrfen. Nehmen Sie bitte Kontakt mit uns auf. Wir freuen uns auf Sie!<\/p>","popseo_stadttext":"<h3>Wir sind Ihr Partner auch in der Region Glinde \/ Sachsenwald<\/h3>\n<p>Sie wohnen in  in der N\u00e4he vom Sachsenwald oder in Glinde und sind hier im Internet auf unsere Website gesto\u00dfen? Das finden wir klasse. Gerne pr\u00e4sentieren wir Ihnen unser komplettes Leistungsspektrum und beantworten Ihre Fragen. Durch unsere Vertriebst\u00e4tigkeit haben wir uns einen sehr guten \u00dcberblick \u00fcber die Architektur der St\u00e4dte und Gemeinden unseres Einzugsbereiches erarbeiten k\u00f6nnen. Selbstverst\u00e4ndlich z\u00e4hlt auch die Region Glinde \/ Sachsenwald zu unserem unmittelbaren Gesch\u00e4ftsgebiet. Wir freuen uns darauf, mit Ihnen ins Gespr\u00e4ch zu treten. <\/p>\n<h3>Ein paar Hintergrundinformationen zur Region Glinde \/ Sachsenwald<\/h3>\n<p>Die Stormarner Gemeinde Glinde ist Teil der Metropolregion Hamburg und in etwa 20 Kilometer s\u00fcd\u00f6stlich vom Hamburger Zentrum gelegen. Durch die Anbindung an den HVV sowie an die Verkehrsbetriebe von Schleswig- Holstein sind Ausflugsziele in der n\u00e4heren Umgebung oder nat\u00fcrlich auch die Hamburger Innenstadt von Glinde aus schnell zu erreichen.<br \/>\nInsgesamt acht Busstrecken bilden \u00f6ffentlichen Personennahverkehr von Glinde nach Hamburg bzw. in die angrenzenden Gemeinden. Ferner besteht eine direkte Verbindung mit der Deutschen Bahn nach Hamburg. \u00dcber den Hamburger Hauptbahnhof bekommt man eine Verbindung an das komplette Streckennetz. Dar\u00fcber hinaus gibt es noch die M\u00f6glichkeit, den Metronombus zu nutzen, mit dem man von Glinde nach Hamburg knapp 40 Minuten ben\u00f6tigt. Auch f\u00fcr den PKW stehen g\u00fcnstige \u00fcberregionale Verkehrsverbindungen zur Verf\u00fcgung. Gleich zwei Autobahnanschl\u00fcsse befinden sich in direkter Nachbarschaft. \u00dcber die Autobahn A24 (AS Reinbek\/Glinde) bzw. die Schnellstra\u00dfe A1 kommt man schnell an sein Ziel.<br \/>\nWegen seiner als gut zu bewertenden Infrastruktur hat sich Glinde zu einem beliebten Wohnquartier entwickelt.  \u00dcber die H\u00e4lfte des Stadtgebietes von Glinde wird landwirtschaftlich genutzt oder besteht aus Park- oder Wasserfl\u00e4chen. <\/p>\n<h3>Ein Idyll vor der Haust\u00fcr: Der Sachsenwald<\/h3>\n<p>Nicht weit von Glinde entfernt, findet sich der Sachsenwald. Mit Fl\u00e4che von cirka 70 Quadratkilometern z\u00e4hlt der Sachsenwald als ausgedehntestes Waldgebiet des Bundeslandes Schleswig-Holstein. Der Sachsenwald ist ein gemeindefreies Gebiet. Es grenzt an die Kreise Stormarn sowie Herzogtum Lauenburg. Naturliebhaber finden im Sachsenwald ein absolutes Paradies. Ein ausgiebiger Spaziergang durch das wundersch\u00f6ne Waldgebiet bietet Mu\u00dfe und Entspannung. Viele Tiere und Pflanzen haben im Sachsenwald ihren Raum gefunden. Die heimische Tierwelt hat im Sachsenwald einen weitgehend unber\u00fchrten Lebensraum. Der Sachsenwald gliedert sich in die Bereiche Aum\u00fchle, Wohltorf und Friedrichsruh\/Stangenteich auf. Die dazu z\u00e4hlenden Orte erfreuen sich als exquisite Wohnquartiere besonderer Beliebtheit.<\/p>\n<h4>Unsere Leistung f\u00fcr qualit\u00e4tsbewusste Kunden aus Glinde und den Gemeinden am Sachsenwald<\/h4>\n<p>Sie leben in Glinde oder einer der beschaulichen Orte am Sachsenwald, interessieren sich f\u00fcr unser Leistungsprogramm und haben deshalb unsere Homepage besucht? Dar\u00fcber freuen wir uns sehr. Unser freundliches Team nimmt gerne Ihren Anruf entgegen oder beantwortet Ihre E-Mail.<\/p>","popseo_zusatztext":"<h3>Keine Angst vor hohen Kosten<\/h3>\n<p>Sie haben Interesse an Trocknungs- oder Sanierungsarbeiten und w\u00fcnschen sich ein passendes Angebot, das eine handwerklich gute Arbeit garantiert, gleichzeitig aber keine hohen Kosten nach sich zieht. Prima, dann sind Sie bei uns genau richtig. Als Handwerksbetrieb f\u00fcr Bauwerksabdichtung, Schimmelbeseitigung und Kellersanierung verwenden wir ausschlie\u00dflich exzellente Materialien. Trotzdem achten wir nat\u00fcrlich auf die Kosten, die selbstverst\u00e4ndlich \u00fcberschaubar bleiben sollen. Wir m\u00f6chten Ihnen Qualit\u00e4t anbieten, die zugleich auch die Kosten im Blick hat. Bei uns stimmen Kosten und Qualit\u00e4t: Seit vielen Jahren schon sind wir Ihr qualifizierter Fachbetrieb f\u00fcr Sanierungs- und Trocknungsarbeiten in Norddeutschland. Unser Gesch\u00e4ftssitz liegt verkehrsg\u00fcnstig in Brietlingen bei L\u00fcndeburg. Die Kosten stets im Blick: Wir stehen f\u00fcr eine professionell ausgef\u00fchrte Arbeit nach dem stets derzeitigen Stand der Technik.<\/p>\n<h3>Die Kosten stets vor Augen<\/h3>\n<p>D\u00fcrfen wir Sie beraten, wie Sie die Kosten f\u00fcr eine Sanierung reduzieren? Toll, dann z\u00f6gern Sie bitte nicht und nehmen am besten noch heute Verbindung mit uns auf. Ein kurzer Telefonanruf oder eine schnelle eMail gen\u00fcgen. Die gute Beratung ist genauso wichtig wie die fachgerechte Ausf\u00fchrung der entprechenden Arbeiten. Unsere fachliche Beratung ist nat\u00fcrlich v\u00f6llig unverbindlich. Qualit\u00e4tsbewusst bei niedrigen Kosten: Wir empfehlen uns als spezialisiertes Unternehmen im Norden. Unsere langj\u00e4hrige Erfahrung spricht f\u00fcr uns.<br \/>\nSenken Sie die Kosten f\u00fcr Ihre Geb\u00e4udesanierung: Setzen Sie auf die Profis der Fachfirma Keul.<\/p>","popseo_links":"<a href=\"https:\/\/bautenschutz-keul.de\/angebote\/feuchte-wand-seevetal-rosengarten\/\">Feuchte Wand Seevetal Rosengarten<\/a>, <a href=\"https:\/\/bautenschutz-keul.de\/angebote\/zerstoerter-putz-amt-neuhaus\/\">zerst\u00f6rter Putz Amt Neuhaus<\/a>, <a href=\"https:\/\/bautenschutz-keul.de\/angebote\/aufsteigende-feuchtigkeit-boizenburg\/\">aufsteigende Feuchtigkeit Boizenburg<\/a>, <a href=\"https:\/\/bautenschutz-keul.de\/angebote\/bauwerksabdichtung-schwarzenbek\/\">Bauwerksabdichtung Schwarzenbek<\/a>, <a href=\"https:\/\/bautenschutz-keul.de\/angebote\/salpeter-im-keller-harburg\/\">Salpeter im Keller Harburg<\/a>, <a href=\"https:\/\/bautenschutz-keul.de\/angebote\/mauertrockenlegung-bienenbuettel\/\">Mauertrockenlegung Bienenb\u00fcttel<\/a>, <a href=\"https:\/\/bautenschutz-keul.de\/angebote\/feuchte-wand-buchholz-in-der-nordheide\/\">Feuchte Wand Buchholz in der Nordheide<\/a>, <a href=\"https:\/\/bautenschutz-keul.de\/angebote\/kellertrockenlegung-brietlingen\/\">Kellertrockenlegung Brietlingen<\/a>, <a href=\"https:\/\/bautenschutz-keul.de\/angebote\/zerstoerter-putz-buchholz-in-der-nordheide\/\">zerst\u00f6rter Putz Buchholz in der Nordheide<\/a>, <a href=\"https:\/\/bautenschutz-keul.de\/angebote\/schimmelsanierung-winsen-luhe\/\">Schimmelsanierung Winsen Luhe<\/a>, <a href=\"https:\/\/bautenschutz-keul.de\/angebote\/aussenabdichtung-stelle\/\">Au\u00dfenabdichtung Stelle<\/a>, <a href=\"https:\/\/bautenschutz-keul.de\/angebote\/schimmel-stelle\/\">Schimmel Stelle<\/a>, <a href=\"https:\/\/bautenschutz-keul.de\/angebote\/mauertrockenlegung-stelle\/\">Mauertrockenlegung Stelle<\/a>, <a href=\"https:\/\/bautenschutz-keul.de\/angebote\/mauertrockenlegung-bispingen\/\">Mauertrockenlegung Bispingen<\/a>, <a href=\"https:\/\/bautenschutz-keul.de\/angebote\/feuchte-wand-reppenstedt\/\">Feuchte Wand Reppenstedt<\/a>, <a href=\"https:\/\/bautenschutz-keul.de\/angebote\/feuchter-keller-schwarzenbek\/\">Feuchter Keller Schwarzenbek<\/a>, <a href=\"https:\/\/bautenschutz-keul.de\/angebote\/kellertrockenlegung-reinbek-aumuehle\/\">Kellertrockenlegung Reinbek Aum\u00fchle<\/a>, <a href=\"https:\/\/bautenschutz-keul.de\/angebote\/mauertrockenlegung-schwarzenbek\/\">Mauertrockenlegung Schwarzenbek<\/a>, <a href=\"https:\/\/bautenschutz-keul.de\/angebote\/feuchte-mauer-bergedorf-wentorf\/\">Feuchte Mauer Bergedorf Wentorf<\/a>, <a href=\"https:\/\/bautenschutz-keul.de\/angebote\/kellertrockenlegung-hanstedt\/\">Kellertrockenlegung Hanstedt<\/a>, <a href=\"https:\/\/bautenschutz-keul.de\/angebote\/aufsteigende-feuchtigkeit-bad-bevensen\/\">aufsteigende Feuchtigkeit Bad Bevensen<\/a>, <a href=\"https:\/\/bautenschutz-keul.de\/angebote\/kellertrockenlegung-maschen\/\">Kellertrockenlegung Maschen<\/a>, <a href=\"https:\/\/bautenschutz-keul.de\/angebote\/kellersanierung-buchholz-in-der-nordheide\/\">Kellersanierung Buchholz in der Nordheide<\/a>, <a href=\"https:\/\/bautenschutz-keul.de\/angebote\/bauwerksabdichtung-salzhausen\/\">Bauwerksabdichtung Salzhausen<\/a>, <a href=\"https:\/\/bautenschutz-keul.de\/angebote\/schimmel-salzhausen\/\">Schimmel Salzhausen<\/a>, <a href=\"https:\/\/bautenschutz-keul.de\/angebote\/bauwerksabdichtung-bardowick\/\">Bauwerksabdichtung Bardowick<\/a>, <a href=\"https:\/\/bautenschutz-keul.de\/angebote\/kellertrockenlegung-bardowick\/\">Kellertrockenlegung Bardowick<\/a>, <a href=\"https:\/\/bautenschutz-keul.de\/angebote\/kellersanierung-buechen\/\">Kellersanierung B\u00fcchen<\/a>"},"_links":{"self":[{"href":"https:\/\/bautenschutz-keul.de\/angebote\/wp-json\/wp\/v2\/pages\/282","targetHints":{"allow":["GET"]}}],"collection":[{"href":"https:\/\/bautenschutz-keul.de\/angebote\/wp-json\/wp\/v2\/pages"}],"about":[{"href":"https:\/\/bautenschutz-keul.de\/angebote\/wp-json\/wp\/v2\/types\/page"}],"author":[{"embeddable":true,"href":"https:\/\/bautenschutz-keul.de\/angebote\/wp-json\/wp\/v2\/users\/1"}],"replies":[{"embeddable":true,"href":"https:\/\/bautenschutz-keul.de\/angebote\/wp-json\/wp\/v2\/comments?post=282"}],"version-history":[{"count":0,"href":"https:\/\/bautenschutz-keul.de\/angebote\/wp-json\/wp\/v2\/pages\/282\/revisions"}],"wp:attachment":[{"href":"https:\/\/bautenschutz-keul.de\/angebote\/wp-json\/wp\/v2\/media?parent=282"}],"curies":[{"name":"wp","href":"https:\/\/api.w.org\/{rel}","templated":true}]}}