{"id":285,"date":"2021-09-13T08:43:43","date_gmt":"2021-09-13T06:43:43","guid":{"rendered":"https:\/\/bautenschutz-keul.de\/angebote\/feuchtigkeitsschaden-herzogtum-lauenburg\/"},"modified":"2021-09-13T08:43:43","modified_gmt":"2021-09-13T06:43:43","slug":"feuchtigkeitsschaden-herzogtum-lauenburg","status":"publish","type":"page","link":"https:\/\/bautenschutz-keul.de\/angebote\/feuchtigkeitsschaden-herzogtum-lauenburg\/","title":{"rendered":"Feuchtigkeitsschaden &#8211; Herzogtum Lauenburg"},"content":{"rendered":"<h3>Feuchtigkeitsschaden: Unsere Sanierungsprofis beheben das Problem!<\/h3>\n<p>Unter einem Feuchtigkeitsschaden versteht man einen Mangel, der durch einsickernde N\u00e4sse an einer Immobilie hervorgerufen wird. Zu einem Feuchtigkeitsschaden kann es etwa durch st\u00e4ndige Bodenfeuchte, schlechte Wetterbedingungen<br \/>\nund durch \u00fcberm\u00e4ssige Kondensation kommen. Entgegen der scheinbaren Verwandtschaft ist der Feuchtigkeitsschaden nicht mit einem Wasserschaden gleichzusetzen. Ein Wasserschaden ist im Gegensatz zum Feuchtigkeitsschaden auf ein mehr sporadisches Ereignis wie beispielsweise einen Rohrbruch oder auch einer \u00dcberschwemmung zur\u00fcckzuf\u00fchren. Ein Feuchtigkeitsschaden kann zu einem ernsten Problemfall f\u00fcr die Bausubstanz eines Hauses werden. Ein Feuchtigkeitsschaden, der nicht behoben wird, kann auch durchaus erhebliche Auswirkungen auf Wohlbefinden und Verfassung der Bewohner haben. Schimmelentstehung und Sporenablagerungen sind oft die Ursache f\u00fcr gesundheitliche Sch\u00e4digungen. Ein weiterer Grund, dem Feuchtigkeitsschaden ein f\u00fcr allemal zu erledigen.  <\/p>\n<h3>Feuchtigkeitsschaden \u2013 wir helfen schnell und unkompliziert!<\/h3>\n<p>Fr\u00fch genug gefunden, muss ein Feuchtigkeitseinfall nicht unvermeidlich gravierende und lange Instandsetzungsarbeiten zur Folge haben. Nach einer detaillierten<br \/>\nAnalyse, l\u00e4sst sich ein Feuchtigkeitsschaden nachhaltig reparieren.<br \/>\nDer Schadensgrund gibt n\u00e4mlich den Kurs der Sanierung vor.<\/p>\n","protected":false},"excerpt":{"rendered":"<p>Feuchtigkeitsschaden: Unsere Sanierungsprofis beheben das Problem! Unter einem Feuchtigkeitsschaden versteht man einen Mangel, der durch einsickernde N\u00e4sse an einer Immobilie hervorgerufen wird. Zu einem Feuchtigkeitsschaden kann es etwa durch st\u00e4ndige Bodenfeuchte, schlechte Wetterbedingungen und durch \u00fcberm\u00e4ssige Kondensation kommen. Entgegen der scheinbaren Verwandtschaft ist der Feuchtigkeitsschaden nicht mit einem Wasserschaden gleichzusetzen. Ein Wasserschaden ist im Gegensatz [&hellip;]<\/p>\n","protected":false},"author":1,"featured_media":0,"parent":0,"menu_order":0,"comment_status":"closed","ping_status":"closed","template":"","meta":{"footnotes":""},"class_list":["post-285","page","type-page","status-publish","hentry"],"meta_box":{"popseo_subtitel":"Die Firma TK-Geb\u00e4udetechnik Thorsten Keul ist Ihr erfahrener Fachbetrieb f\u00fcr die Sanierung vom Feuchtigkeitsschaden in Herzogtum Lauenburg","popseo_subtitel2":"Feuchtigkeitsschaden - Sanierung f\u00fcr Kunden aus Norddeutschland","popseo_lasttitel":"Feuchtigkeitsschaden: Treten Sie in Kontakt mit uns!","popseo_region":"Herzogtum Lauenburg","popseo_sachwort":"Feuchtigkeitsschaden","popseo_noupdate":"","popseo_einleitungstext":"<p>W\u00e4nde, Mauern oder Kellerr\u00e4ume Ihres Wohn- oder Gesch\u00e4ftsgeb\u00e4udes weisen Durchfeuchtungen und damit einen nicht zu \u00fcbersehenden Sanierungsbedarf auf. Dann ist es h\u00f6chste Eisenbahn, sich \u00fcber eine fachlich korrekt vorgenommene Trocknung Gedanken zu machen. Unser Fachbetrieb ist auf die Bauwerksabdichtung spezialisiert. Zu den Schwerpunkten unseres Betriebes geh\u00f6ren unter anderem die Bereiche Schimmelbeseitigung, Mauertrockenlegung und Kellerabdichtung. Der nachhaltigen Sanierung gilt unsere Aufmersamkeit. Wir beraten qualifiziert, wie Sie Ihre Immobilie preisg\u00fcnstig und umweltgerecht sanieren k\u00f6nnen. Ein paar erste Informationen hierzu lesen Sie nachfolgend.<\/p>","popseo_schlusstext":"<p>Wenn Sie einen qualifizierten Fachbetrieb f\u00fcr die Bauwerksabdichtung ben\u00f6tigen, sind Sie bei uns genau richtig. Sie m\u00f6chten mehr \u00fcber uns wissen? Als auf Sanierung spezialisierte Handwerksfirma sind wir f\u00fcr Ihr Vorhaben der optimale Dienstleister und freuen uns \u00fcber Ihre Kontaktaufnahme, ganz egal ob durch Telefonanruf oder Nachricht per E-Mail. Worauf Sie neben unserem fachlichen Know-how setzen d\u00fcrfen: Das Expertenteam der Firma TK-Geb\u00e4udetechnik arbeitet mit Motivation und Elan f\u00fcr Ihrer Erfolg. Wir freuen uns auf das Gespr\u00e4ch mit Ihnen!<\/p>","popseo_stadttext":"<h3>Wir freuen uns \u00fcber Anfragen aus dem Kreis Herzogtum Lauenburg<\/h3>\n<p>Durch unsere Vertriebst\u00e4tigkeit haben wir uns einen guten \u00dcberblick \u00fcber die Architektur der Gemeinden und St\u00e4dte unseres Einzugsbereiches machen k\u00f6nnen. Selbstverst\u00e4ndlich z\u00e4hlt auch der Kreis Herzogtum Lauenburg zu unserem unmittelbaren Gesch\u00e4ftsgebiet. Wir freuen uns darauf, mit Ihnen in Kontakt zu kommen. <\/p>\n<h3>Einige Informationen \u00fcber den Kreis Herzogtum Lauenburg<\/h3>\n<p>Der Landkreis Herzogtum Lauenburg erstreckt sich \u00fcber gut 1200 qkm und ist Heimat von in etwa 190.000 Menschen. Die gr\u00f6\u00dfen St\u00e4dte im Kreis Herzogtum Lauenburg sind neben der Kreisstadt Lauenburg die Orte M\u00f6lln, Geesthacht und Ratzeburg. <\/p>\n<p>Der Landkreis Herzogtum Lauenburg geh\u00f6rt zum Einzugsbereich der Freien und Hansestadt Hamburg. Der schleswig-holsteinische Landkreis ist verkehrstechnisch gut angebunden, was dadurch deutlich wird, dass die eher l\u00e4ndliche Region dem HVV angeschlossen ist. Mit dem Auto gelangt man \u00fcber die Autobahnen 1, 24 und 25 in den Landkreis Herzogtum Lauenburg. Die deutsche Bahn f\u00e4hrt den Landkreis Herzogtum Lauenburg zum Beispiel \u00fcber die Linien mit den Zielen M\u00f6lln, Schwarzenbek und Ratzeburg an.<\/p>\n<h3>Herzogtum Lauenburg: Attraktiver Lebensmittelpunktr!<\/h3>\n<p>Der Landkreis Herzogtum Lauenburg ist au\u00dferordentlich beliebt bei Berufspendlern. Wer in der Gro\u00dfstadt seiner Arbeit nachgeht, gelangt in seine Heimstatt im Landkreis Herzogtum Lauenburg h\u00e4ufig in gut 45 Minuten. Arbeiten in der Hansestadt, wohnen im Gr\u00fcnen: Eine Kombination, die speziell f\u00fcr heutige Familien reizvoll ist. <\/p>\n<p>Der Kreis Herzogtum Lauenburg zeichnet sich durch einen hohen Wohnwert und eine ausgezeichnete Lebensqualit\u00e4t aus. Das Kreisgebiet verf\u00fcgt \u00fcber weitl\u00e4ufige Naherholungsgebiete, die sich am besten auf Schusters Rappen oder per Rad entdecken lassen.<\/p>\n<h4>Hohe Qualit\u00e4t f\u00fcr Kunden aus dem Kreis Herzogtum Lauenburg<\/h4>\n<p>Wir finden es toll, dass Sie unsere Website gefunden haben. Ob Geesthacht, Ratzeburg oder M\u00f6lln: Unsere Erfahrung und die Qualit\u00e4t von Material und Ausf\u00fchrung garantiert Ihnen ein sehr gutes Preis-Leistungsverh\u00e4ltnis. Sie m\u00f6chten mehr \u00fcber uns wissen? F\u00fcr R\u00fcckfragen stehen wir Ihnen jederzeit zur Verf\u00fcgung. Unser engagiertes Team freut sich auf Sie.<\/p>","popseo_zusatztext":"<h3>Keine Angst vor hohen Kosten<\/h3>\n<p>Sie sind interessiert an Trocknungs- oder Sanierungsarbeiten und w\u00fcnschen sich ein entsprechendes Angebot, das eine handwerklich gute Arbeit garantiert, gleichwohl die Kosten im Blick hat. Super, dann sind Sie bei uns an der richtigen Adresse. Als Spezialist f\u00fcr Bauwerksabdichtung, Schimmelbeseitigung und Kellersanierung verwenden wir nur hochwertige Materialien. Trotzdem schauen wir immer auf die Kosten, die nat\u00fcrlich nicht zu hoch sein sollen. Wir m\u00f6chten Ihnen beste Qualit\u00e4t bieten, die zugleich auch die Kosten im Blick hat. Bei uns stimmen Kosten und Leistung: Seit vielen Jahren schon sind wir Ihr qualifizierter Partner f\u00fcr Trocknungs- und Sanierungsarbeiten im norddeutschen Raum. Unser Unternehmenssitz befindet sich verkehrsg\u00fcnstig in Brietlingen bei L\u00fcndeburg. Die Kosten stets im Blick: Wir versprechen Ihnen eine einwandfrei durchgef\u00fchrte Arbeit nach dem jeweils neuesten Stand der Technik.<\/p>\n<h3>Trocknung und Sanierung durch die Firma Wist: Beste Arbeit, geringe Kosten!<\/h3>\n<p>D\u00fcrfen wir Sie informieren, wie Sie die Kosten f\u00fcr eine Sanierung reduzieren? Toll, dann warten Sie bitte nicht und nehmen am besten gleich heute Verbindung mit uns auf. Ein kurzer Anruf oder auch eine kurze E-Mail gen\u00fcgen. Die gute und umfangreiche Beratung ist gleicherma\u00dfen wichtig wie die perfekte Ausf\u00fchrung der entsprechenden T\u00e4tigkeiten. Unsere Beratung ist nat\u00fcrlich absolut unverbindlich. Beste Qualit\u00e4t bei niedrigen Kosten: Wir empfehlen uns als spezialisiertes Unternehmen im Norden. Unsere gro\u00dfe Erfahrung zeichnet uns aus.<br \/>\nSenken Sie die Kosten f\u00fcr Ihre Geb\u00e4udesanierung: Setzen Sie auf die Profis der Fachfirma Keul.<\/p>","popseo_links":"<a href=\"https:\/\/bautenschutz-keul.de\/angebote\/aufsteigende-feuchtigkeit-bienenbuettel\/\">aufsteigende Feuchtigkeit Bienenb\u00fcttel<\/a>, <a href=\"https:\/\/bautenschutz-keul.de\/angebote\/feuchtigkeit-bispingen\/\">Feuchtigkeit Bispingen<\/a>, <a href=\"https:\/\/bautenschutz-keul.de\/angebote\/rissverpressung-harburg\/\">Rissverpressung Harburg<\/a>, <a href=\"https:\/\/bautenschutz-keul.de\/angebote\/kellerabdichtung-boizenburg\/\">Kellerabdichtung Boizenburg<\/a>, <a href=\"https:\/\/bautenschutz-keul.de\/angebote\/feuchte-wand-reinbek-aumuehle\/\">Feuchte Wand Reinbek Aum\u00fchle<\/a>, <a href=\"https:\/\/bautenschutz-keul.de\/angebote\/schimmelbeseitigung-bispingen\/\">Schimmelbeseitigung Bispingen<\/a>, <a href=\"https:\/\/bautenschutz-keul.de\/angebote\/feuchte-mauer-bergedorf-wentorf\/\">Feuchte Mauer Bergedorf Wentorf<\/a>, <a href=\"https:\/\/bautenschutz-keul.de\/angebote\/feuchter-keller-maschen\/\">Feuchter Keller Maschen<\/a>, <a href=\"https:\/\/bautenschutz-keul.de\/angebote\/feuchte-mauer-geesthacht\/\">Feuchte Mauer Geesthacht<\/a>, <a href=\"https:\/\/bautenschutz-keul.de\/angebote\/zerstoerter-putz-buechen\/\">zerst\u00f6rter Putz B\u00fcchen<\/a>, <a href=\"https:\/\/bautenschutz-keul.de\/angebote\/kellerabdichtung-jesteburg\/\">Kellerabdichtung Jesteburg<\/a>, <a href=\"https:\/\/bautenschutz-keul.de\/angebote\/feuchtigkeit-bardowick\/\">Feuchtigkeit Bardowick<\/a>, <a href=\"https:\/\/bautenschutz-keul.de\/angebote\/schimmel-stelle\/\">Schimmel Stelle<\/a>, <a href=\"https:\/\/bautenschutz-keul.de\/angebote\/bauwerksabdichtung-buechen\/\">Bauwerksabdichtung B\u00fcchen<\/a>, <a href=\"https:\/\/bautenschutz-keul.de\/angebote\/feuchtigkeit-buchholz-in-der-nordheide\/\">Feuchtigkeit Buchholz in der Nordheide<\/a>, <a href=\"https:\/\/bautenschutz-keul.de\/angebote\/feuchtigkeit-stelle\/\">Feuchtigkeit Stelle<\/a>, <a href=\"https:\/\/bautenschutz-keul.de\/angebote\/feuchter-keller-adendorf\/\">Feuchter Keller Adendorf<\/a>, <a href=\"https:\/\/bautenschutz-keul.de\/angebote\/feuchter-keller-bispingen\/\">Feuchter Keller Bispingen<\/a>, <a href=\"https:\/\/bautenschutz-keul.de\/angebote\/rissverpressung-adendorf\/\">Rissverpressung Adendorf<\/a>, <a href=\"https:\/\/bautenschutz-keul.de\/angebote\/zerstoerter-putz-salzhausen\/\">zerst\u00f6rter Putz Salzhausen<\/a>, <a href=\"https:\/\/bautenschutz-keul.de\/angebote\/schimmelbeseitigung-bardowick\/\">Schimmelbeseitigung Bardowick<\/a>, <a href=\"https:\/\/bautenschutz-keul.de\/angebote\/kellerabdichtung-bispingen\/\">Kellerabdichtung Bispingen<\/a>, <a href=\"https:\/\/bautenschutz-keul.de\/angebote\/feuchtigkeit-amt-neuhaus\/\">Feuchtigkeit Amt Neuhaus<\/a>, <a href=\"https:\/\/bautenschutz-keul.de\/angebote\/mauertrockenlegung-bergedorf-wentorf\/\">Mauertrockenlegung Bergedorf Wentorf<\/a>, <a href=\"https:\/\/bautenschutz-keul.de\/angebote\/mauertrockenlegung-adendorf\/\">Mauertrockenlegung Adendorf<\/a>, <a href=\"https:\/\/bautenschutz-keul.de\/angebote\/kellertrockenlegung-bardowick\/\">Kellertrockenlegung Bardowick<\/a>, <a href=\"https:\/\/bautenschutz-keul.de\/angebote\/schimmel-harburg\/\">Schimmel Harburg<\/a>, <a href=\"https:\/\/bautenschutz-keul.de\/angebote\/horizontalsperre-boizenburg\/\">Horizontalsperre Boizenburg<\/a>"},"_links":{"self":[{"href":"https:\/\/bautenschutz-keul.de\/angebote\/wp-json\/wp\/v2\/pages\/285","targetHints":{"allow":["GET"]}}],"collection":[{"href":"https:\/\/bautenschutz-keul.de\/angebote\/wp-json\/wp\/v2\/pages"}],"about":[{"href":"https:\/\/bautenschutz-keul.de\/angebote\/wp-json\/wp\/v2\/types\/page"}],"author":[{"embeddable":true,"href":"https:\/\/bautenschutz-keul.de\/angebote\/wp-json\/wp\/v2\/users\/1"}],"replies":[{"embeddable":true,"href":"https:\/\/bautenschutz-keul.de\/angebote\/wp-json\/wp\/v2\/comments?post=285"}],"version-history":[{"count":0,"href":"https:\/\/bautenschutz-keul.de\/angebote\/wp-json\/wp\/v2\/pages\/285\/revisions"}],"wp:attachment":[{"href":"https:\/\/bautenschutz-keul.de\/angebote\/wp-json\/wp\/v2\/media?parent=285"}],"curies":[{"name":"wp","href":"https:\/\/api.w.org\/{rel}","templated":true}]}}