{"id":286,"date":"2021-09-13T08:43:43","date_gmt":"2021-09-13T06:43:43","guid":{"rendered":"https:\/\/bautenschutz-keul.de\/angebote\/feuchtigkeitsschaden-jesteburg\/"},"modified":"2021-09-13T08:43:43","modified_gmt":"2021-09-13T06:43:43","slug":"feuchtigkeitsschaden-jesteburg","status":"publish","type":"page","link":"https:\/\/bautenschutz-keul.de\/angebote\/feuchtigkeitsschaden-jesteburg\/","title":{"rendered":"Feuchtigkeitsschaden &#8211; Jesteburg"},"content":{"rendered":"<h3>Sie ben\u00f6tigen Hilfe bei einem Feuchtigkeitsschaden? Dann rufen Sie uns bitte an!<\/h3>\n<p>Als einen Feuchtigkeitsschaden bezeichnet man einen Bauschaden, der durch einsickernde Feuchtigkeit an einer Immobilie entsteht. Zu einem Feuchtigkeitsschaden kann es z.B. durch dauerhafte Bodenfeuchte, schlechte Witterungsbedingungen<br \/>\nund durch starke Kondensation kommen. Trotz der begrifflichen N\u00e4he ist der Feuchtigkeitsschaden nicht mit einem Wasserschaden zu verwechseln. Ein Wasserschaden ist im Vergleich zum Feuchtigkeitsschaden auf ein mehr sporadisches Ereignis wie zum Beispiel einen Rohrdefekt oder einer \u00dcberschwemmung zur\u00fcckzuf\u00fchren. Ein Feuchtigkeitsschaden kann zu einem ernsten Problemfall f\u00fcr die Bausubstanz einer Immobilie werden. Ein Feuchtigkeitsschaden, der nicht beseitigt wird, kann auch durchaus erhebliche Einfl\u00fcsse auf Wohlergehen und Verfassung der Bewohner haben. Schimmelentstehung und Sporenablagerungen sind nicht selten die Basis f\u00fcr gesundheitliche Sch\u00e4den. Ein weiterer Grund, dem Feuchtigkeitsschaden nachhaltig zu Leibe zu r\u00fccken.  <\/p>\n<h3>Schnell und gr\u00fcndlich: Wir helfen bei der Behebung vom Feuchtigkeitsschaden<\/h3>\n<p>Fr\u00fchzeitig entdeckt, muss ein Feuchtigkeitseinfall nicht unvermeidlich umf\u00e4ngliche und lange Reparaturen zur Folge haben. Nach einer eindeutigen<br \/>\nAnalyse, l\u00e4sst sich ein Feuchtigkeitsschaden nachhaltig erledigen.<br \/>\nDie Schadensursache gibt in der Regel die Richtung der Sanierung vor.<\/p>\n","protected":false},"excerpt":{"rendered":"<p>Sie ben\u00f6tigen Hilfe bei einem Feuchtigkeitsschaden? Dann rufen Sie uns bitte an! Als einen Feuchtigkeitsschaden bezeichnet man einen Bauschaden, der durch einsickernde Feuchtigkeit an einer Immobilie entsteht. Zu einem Feuchtigkeitsschaden kann es z.B. durch dauerhafte Bodenfeuchte, schlechte Witterungsbedingungen und durch starke Kondensation kommen. Trotz der begrifflichen N\u00e4he ist der Feuchtigkeitsschaden nicht mit einem Wasserschaden zu [&hellip;]<\/p>\n","protected":false},"author":1,"featured_media":0,"parent":0,"menu_order":0,"comment_status":"closed","ping_status":"closed","template":"","meta":{"footnotes":""},"class_list":["post-286","page","type-page","status-publish","hentry"],"meta_box":{"popseo_subtitel":"Die Firma TK-Geb\u00e4udetechnik Thorsten Keul ist Ihr Fachbetrieb f\u00fcr die Sanierung vom Feuchtigkeitsschaden in Jesteburg","popseo_subtitel2":"Feuchtigkeitsschaden - wir beraten Sie gerne zur Sanierung!","popseo_lasttitel":"Feuchtigkeitsschaden: Unsere Experten beantworten Ihre Fragen","popseo_region":"Jesteburg","popseo_sachwort":"Feuchtigkeitsschaden","popseo_noupdate":"","popseo_einleitungstext":"<p>Sie haben sich mit der Bauwerksabdichtung auseinandergesetzt, da Ihr Haus feuchte Geb\u00e4udeteile aufweist und Sie nach M\u00f6glichkeiten einer professionellen und vor allem wirksamen Sanierung Ausschau halten. Toll, dass Sie unsere Website entdeckt haben. Auf den folgenden Seiten m\u00f6chten wir Ihnen einige Informationen zu unserem Leistungsangebot geben. Sie lernen auf dieser Internetseite unsere Firma etwas n\u00e4her kennen. <\/p>\n<p>Unser Unternehmen ist ein qualifizierter und erfahrener Handwerksbetrieb mit Sitz in Brietlingen bei L\u00fcneburg. Seit vielen Jahren schon sind wir Ihre Experten f\u00fcr alle Fragen rund um die Bauwerksabdichtung. Wir setzen ausschlie\u00dflich praxisbew\u00e4hrte und effektive Sanierungssysteme und -methoden ein. Als Fachbetrieb f\u00fcr Abdichtung und Sanierung blicken wir auf eine lange und intensive Berufserfahrung zur\u00fcck. Unsere versierten Fachkr\u00e4fte informieren Sie gerne im Detail.<\/p>","popseo_schlusstext":"<p>Gerne informieren wir Sie n\u00e4her \u00fcber unser Aufgabenfeld. Wir pr\u00e4sentieren Ihnen mit Vergn\u00fcgen auch ein paar Referenzprojekte, die Ihnen einen Einblick in unsere T\u00e4tigkeit geben.<br \/>\nSetzen Sie auf die Expertise eines erfahrenen Fachbetriebes. Rufen Sie uns doch rasch einmal an oder schreiben Sie uns eine kurze E-Mail. Wir freuen uns auf Ihre Kontaktaufnahme.<\/p>","popseo_stadttext":"<h3>Wohn- und Gewerbestandorte Jesteburg<\/h3>\n<p>Durch unsere Gesch\u00e4ftst\u00e4tigkeit haben wir uns einen sehr guten \u00dcberblick \u00fcber die Architektur der Gemeinden und St\u00e4dte unseres Einzugsbereiches erarbeiten k\u00f6nnen. Selbstverst\u00e4ndlich geh\u00f6rt auch Jesteburg zu unserem unmittelbaren Gesch\u00e4ftsgebiet. Wir freuen uns darauf, mit Ihnen ins Gespr\u00e4ch zu kommen. <\/p>\n<h3>Gute Gr\u00fcnde sprechen f\u00fcr den Wohnort Jesteburg<\/h3>\n<p>Jesteburg liegt im Norden von Niedersachsen und ist circa 30 Kilometer von der Hansestadt Hamburg entfernt. Auf einem Areal von cirka 28 qkm wohnen zirka 8.000 Anwohner. Verwaltungstechnisch geh\u00f6rt Jesteburg zum Landkreis Harburg. lediglich zehn Kilometer von Jesteburg entfernt liegt die L\u00fcneburger Heide, ein immer wieder faszinierender Naturpark. Jesteburg hat insgesamt vier Gemeindeteile: L\u00fcllau, Itzenb\u00fcttel, Reindorfer Osterberg und Wiedenhof. Berufspendler bewerten an Jesteburg insbesondere die hervorragende Lage positiv. Wer seinen Arbeitsplatz zum Beispiel in Hamburg hat, genie\u00dft sowohl die N\u00e4he zur Metropole als auch das ruhige Leben im Au\u00dfenbezirk. Jesteburg ist ganz unbestritten ein sch\u00f6ner Ort zum Leben. \u00dcberregional bekannt ist Jesteburg durch die allj\u00e4hrlich stattfindende Kunstwoche Jesteburg. Mehr als 60 K\u00fcnstler stellen auf dem renommierten Kunstevent ihre Werke aus. In der Kunstst\u00e4tte Bossard werden des Weiteren Arbeiten aus den Gattungen Bildhauerei, Architektur und Malerei pr\u00e4sentiert. <\/p>\n<h4>Wir f\u00fcr Sie in Jesteburg!<\/h4>\n<p>Sie interessieren sich f\u00fcr unser Leistungsprogramm und sind hier im World Wide Web auf unsere Website gesto\u00dfen? Das freut uns sehr. Sehr gerne pr\u00e4sentieren wir Ihnen unser komplettes Leistungsspektrum und beantworten Ihre Fragen. Unser engagiertes Team freut sich auf Sie.<\/p>","popseo_zusatztext":"<h3>Wir haben die Kosten im Blick<\/h3>\n<p>Sie interessieren sich f\u00fcr eine Kellertrockenlegung oder eine Sanierungsarbeit an Mauern bzw. W\u00e4nden und m\u00f6chten gerne ein passendes Angebot, das eine qualitativ gute Arbeit garantiert, gleichwohl keine hohen Kosten nach sich zieht. Klasse, dann sind Sie bei uns an der richtigen Adresse. Als Spezialist f\u00fcr Bauwerksabdichtung, Schimmelbeseitigung und Kellersanierung verwenden wir ausschlie\u00dflich exzellente Materialien. Nichtsdestotrotz schauen wir immer auf die Kosten, die selbstverst\u00e4ndlich \u00fcberschaubar bleiben sollen. Wir m\u00f6chten Ihnen Qualit\u00e4t bieten, die gleichzeitig auch die Kosten im Blick beh\u00e4lt. Bei uns stimmen Kosten und Leistung: Bereits seit vielen Jahren sind wir Ihr erfahrener Fachbetrieb f\u00fcr Trocknungs- und Sanierungsarbeiten in Norddeutschland. Unser Gesch\u00e4ftssitz liegt verkehrsg\u00fcnstig in Brietlingen bei L\u00fcndeburg. Die Kosten stets vor Augen: Wir garantieren eine fachm\u00e4nnisch ausgef\u00fchrte Arbeit nach dem jeweils derzeitigen Stand der Technik.<\/p>\n<h3>Trocknung und Sanierung durch die Firma Wist: Beste Arbeit, geringe Kosten!<\/h3>\n<p>D\u00fcrfen wir Sie beraten, wie Sie die Kosten f\u00fcr eine Sanierung senken k\u00f6nnen? Super, dann warten Sie bitte nicht und nehmen am besten gleich heute Kontakt mit uns auf. Ein kurzer Anruf oder auch eine kurze eMail gen\u00fcgen. Die gute Beratung ist gleicherma\u00dfen wichtig wie die sachgem\u00e4\u00dfe Ausf\u00fchrung der entsprechenden T\u00e4tigkeiten. Unsere fachliche Beratung ist selbstverst\u00e4ndlich v\u00f6llig unverbindlich. Beste Qualit\u00e4t bei \u00fcberschaubaren Kosten: Wir empfehlen uns als spezialisiertes Unternehmen im Norden. Unsere langj\u00e4hrige Erfahrung zeichnet uns aus.<br \/>\nSenken Sie die Kosten f\u00fcr Ihr Sanierungsprojekt: Vertrauen Sie den Spezialisten der Firma Keul.<\/p>","popseo_links":"<a href=\"https:\/\/bautenschutz-keul.de\/angebote\/kellersanierung-schwarzenbek\/\">Kellersanierung Schwarzenbek<\/a>, <a href=\"https:\/\/bautenschutz-keul.de\/angebote\/schimmelbeseitigung-hanstedt\/\">Schimmelbeseitigung Hanstedt<\/a>, <a href=\"https:\/\/bautenschutz-keul.de\/angebote\/aufsteigende-feuchtigkeit-bispingen\/\">aufsteigende Feuchtigkeit Bispingen<\/a>, <a href=\"https:\/\/bautenschutz-keul.de\/angebote\/rissverpressung-tostedt-sittensen\/\">Rissverpressung Tostedt Sittensen<\/a>, <a href=\"https:\/\/bautenschutz-keul.de\/angebote\/innenabdichtung-bienenbuettel\/\">Innenabdichtung Bienenb\u00fcttel<\/a>, <a href=\"https:\/\/bautenschutz-keul.de\/angebote\/horizontalsperre-amt-neuhaus\/\">Horizontalsperre Amt Neuhaus<\/a>, <a href=\"https:\/\/bautenschutz-keul.de\/angebote\/aussenabdichtung-bad-bevensen\/\">Au\u00dfenabdichtung Bad Bevensen<\/a>, <a href=\"https:\/\/bautenschutz-keul.de\/angebote\/mauertrockenlegung-bad-bevensen\/\">Mauertrockenlegung Bad Bevensen<\/a>, <a href=\"https:\/\/bautenschutz-keul.de\/angebote\/salpeter-im-keller-schwarzenbek\/\">Salpeter im Keller Schwarzenbek<\/a>, <a href=\"https:\/\/bautenschutz-keul.de\/angebote\/salpeter-im-keller-ebstorf\/\">Salpeter im Keller Ebstorf<\/a>, <a href=\"https:\/\/bautenschutz-keul.de\/angebote\/schimmelsanierung-reinbek-aumuehle\/\">Schimmelsanierung Reinbek Aum\u00fchle<\/a>, <a href=\"https:\/\/bautenschutz-keul.de\/angebote\/mauertrockenlegung-reppenstedt\/\">Mauertrockenlegung Reppenstedt<\/a>, <a href=\"https:\/\/bautenschutz-keul.de\/angebote\/rissverpressung-brietlingen\/\">Rissverpressung Brietlingen<\/a>, <a href=\"https:\/\/bautenschutz-keul.de\/angebote\/kellerabdichtung-buechen\/\">Kellerabdichtung B\u00fcchen<\/a>, <a href=\"https:\/\/bautenschutz-keul.de\/angebote\/schimmel-harburg\/\">Schimmel Harburg<\/a>, <a href=\"https:\/\/bautenschutz-keul.de\/angebote\/kellerabdichtung-tostedt-sittensen\/\">Kellerabdichtung Tostedt Sittensen<\/a>, <a href=\"https:\/\/bautenschutz-keul.de\/angebote\/mauertrockenlegung-ebstorf\/\">Mauertrockenlegung Ebstorf<\/a>, <a href=\"https:\/\/bautenschutz-keul.de\/angebote\/mauertrockenlegung-winsen-luhe\/\">Mauertrockenlegung Winsen Luhe<\/a>, <a href=\"https:\/\/bautenschutz-keul.de\/angebote\/kellerabdichtung-bispingen\/\">Kellerabdichtung Bispingen<\/a>, <a href=\"https:\/\/bautenschutz-keul.de\/angebote\/innenabdichtung-glinde-sachsenwald\/\">Innenabdichtung Glinde Sachsenwald<\/a>, <a href=\"https:\/\/bautenschutz-keul.de\/angebote\/innenabdichtung-maschen\/\">Innenabdichtung Maschen<\/a>, <a href=\"https:\/\/bautenschutz-keul.de\/angebote\/bauwerksabdichtung-buechen\/\">Bauwerksabdichtung B\u00fcchen<\/a>, <a href=\"https:\/\/bautenschutz-keul.de\/angebote\/kellerabdichtung-adendorf\/\">Kellerabdichtung Adendorf<\/a>, <a href=\"https:\/\/bautenschutz-keul.de\/angebote\/bauwerksabdichtung-herzogtum-lauenburg\/\">Bauwerksabdichtung Herzogtum Lauenburg<\/a>, <a href=\"https:\/\/bautenschutz-keul.de\/angebote\/bauwerksabdichtung-bienenbuettel\/\">Bauwerksabdichtung Bienenb\u00fcttel<\/a>, <a href=\"https:\/\/bautenschutz-keul.de\/angebote\/mauertrockenlegung-reinbek-aumuehle\/\">Mauertrockenlegung Reinbek Aum\u00fchle<\/a>, <a href=\"https:\/\/bautenschutz-keul.de\/angebote\/bauwerksabdichtung-lueneburg\/\">Bauwerksabdichtung L\u00fcneburg<\/a>, <a href=\"https:\/\/bautenschutz-keul.de\/angebote\/kellersanierung-jesteburg\/\">Kellersanierung Jesteburg<\/a>"},"_links":{"self":[{"href":"https:\/\/bautenschutz-keul.de\/angebote\/wp-json\/wp\/v2\/pages\/286","targetHints":{"allow":["GET"]}}],"collection":[{"href":"https:\/\/bautenschutz-keul.de\/angebote\/wp-json\/wp\/v2\/pages"}],"about":[{"href":"https:\/\/bautenschutz-keul.de\/angebote\/wp-json\/wp\/v2\/types\/page"}],"author":[{"embeddable":true,"href":"https:\/\/bautenschutz-keul.de\/angebote\/wp-json\/wp\/v2\/users\/1"}],"replies":[{"embeddable":true,"href":"https:\/\/bautenschutz-keul.de\/angebote\/wp-json\/wp\/v2\/comments?post=286"}],"version-history":[{"count":0,"href":"https:\/\/bautenschutz-keul.de\/angebote\/wp-json\/wp\/v2\/pages\/286\/revisions"}],"wp:attachment":[{"href":"https:\/\/bautenschutz-keul.de\/angebote\/wp-json\/wp\/v2\/media?parent=286"}],"curies":[{"name":"wp","href":"https:\/\/api.w.org\/{rel}","templated":true}]}}