{"id":288,"date":"2021-09-13T08:43:56","date_gmt":"2021-09-13T06:43:56","guid":{"rendered":"https:\/\/bautenschutz-keul.de\/angebote\/feuchtigkeitsschaden-maschen\/"},"modified":"2021-09-13T08:43:56","modified_gmt":"2021-09-13T06:43:56","slug":"feuchtigkeitsschaden-maschen","status":"publish","type":"page","link":"https:\/\/bautenschutz-keul.de\/angebote\/feuchtigkeitsschaden-maschen\/","title":{"rendered":"Feuchtigkeitsschaden &#8211; Maschen"},"content":{"rendered":"<h3>Wir helfen rasch bei einem Feuchtigkeitsschaden!<\/h3>\n<p>Als einen Feuchtigkeitsschaden bezeichnet man einen Bauschaden, der durch eindringende Feuchtigkeit an einem Bauwerk hervorgerufen wird. Zu einem Feuchtigkeitsschaden kann es beispielsweise durch kontinuierliche Bodenfeuchte, negative Wetterbedingungen<br \/>\noder durch starke Kondensation kommen. Ungeachtet der scheinbaren N\u00e4he ist der Feuchtigkeitsschaden nicht mit einem Wasserschaden gleichzusetzen. Ein Wasserschaden ist im Vergleich zum Feuchtigkeitsschaden auf ein eher spontanes Ereignis wie beispielsweise einen Wasserrohrdefekt oder auch einer \u00dcberschwemmung zur\u00fcckzuf\u00fchren. Ein Feuchtigkeitsschaden kann zu einem unangenehmen Problemfall f\u00fcr die Substanz eines Hauses werden. Ein Feuchtigkeitsschaden, der nicht repariert wird, kann auch negative Einfl\u00fcsse auf Wohlergehen und Gesundheit der Bewohner haben. Schimmelentstehung und Sporenablagerungen sind nicht selten die Ursache f\u00fcr gesundheitliche Sch\u00e4den. Ein echter Grund, dem Feuchtigkeitsschaden effektiv zu Leibe zu r\u00fccken.  <\/p>\n<h3>Schnell und gr\u00fcndlich: Wir helfen bei der Behebung vom Feuchtigkeitsschaden<\/h3>\n<p>Fr\u00fchzeitig gefunden, muss eine Durchfeuchtung nicht unvermeidlich umf\u00e4ngliche und langwierige Instandsetzungen nach sich ziehen. Nach einer exakten<br \/>\nAnalyse, l\u00e4sst sich ein Feuchtigkeitsschaden dauerhaft erledigen.<br \/>\nDie Schadensursache gibt i.d.R. den Weg der Sanierung vor.<\/p>\n","protected":false},"excerpt":{"rendered":"<p>Wir helfen rasch bei einem Feuchtigkeitsschaden! Als einen Feuchtigkeitsschaden bezeichnet man einen Bauschaden, der durch eindringende Feuchtigkeit an einem Bauwerk hervorgerufen wird. Zu einem Feuchtigkeitsschaden kann es beispielsweise durch kontinuierliche Bodenfeuchte, negative Wetterbedingungen oder durch starke Kondensation kommen. Ungeachtet der scheinbaren N\u00e4he ist der Feuchtigkeitsschaden nicht mit einem Wasserschaden gleichzusetzen. Ein Wasserschaden ist im Vergleich [&hellip;]<\/p>\n","protected":false},"author":1,"featured_media":0,"parent":0,"menu_order":0,"comment_status":"closed","ping_status":"closed","template":"","meta":{"footnotes":""},"class_list":["post-288","page","type-page","status-publish","hentry"],"meta_box":{"popseo_subtitel":"Wir sind Ihr Fachbetrieb f\u00fcr die Sanierung vom Feuchtigkeitsschaden in Maschen","popseo_subtitel2":"Feuchtigkeitsschaden - Sanierung durch den Fachbetrieb!","popseo_lasttitel":"Feuchtigkeitsschaden: Unsere Experten beantworten Ihre Fragen","popseo_region":"Maschen","popseo_sachwort":"Feuchtigkeitsschaden","popseo_noupdate":"","popseo_einleitungstext":"<p>Sie wollen Ihre Gesch\u00e4fts- oder Wohnimmobilie sanieren lassen interessieren sich f\u00fcr Sanierungsmethoden und Abdichtungssysteme? Wunderbar, dann sind Sie bei uns an der richtigen Adresse. Als auf die Sanierung spezialisiertes Unternehmen, \u00fcbernehmen wir gerne Arbeiten im Bereich Abdichtung und Trockenlegung.  <\/p>\n<p>Erfahren sind wir bei der Bauwerksabdichtung und au\u00dferdem bei der Schimmelbek\u00e4mpfung, der Kellersanierung und bei der Rissverpressung. Wir kennen uns mit der zeitgem\u00e4\u00dfen Sanierung von Bestandsimmobilien und Neubauten bestens aus. Auf unserer Website stellen wir Ihnen unser Unternehmen und das gesamte Leistungsspektrum n\u00e4her vor. \u00dcber Ihr Interesse freuen wir uns sehr.<\/p>","popseo_schlusstext":"<p>Auf Wunsch informieren wir Sie n\u00e4her \u00fcber unser Aufgabengebiet. Wir nennen Ihnen mit Vergn\u00fcgen auch einige Referenzprojekte, die Ihnen einen Einblick in unsere T\u00e4tigkeit geben.<br \/>\nSetzen Sie auf die Expertise eines erfahrenen Fachbetriebes. Rufen Sie uns doch einfach einmal an oder schreiben Sie uns eine schnelle E-Mail. Wir freuen uns auf den Kontakt zu Ihnen.<\/p>","popseo_stadttext":"<h3>Die Gemeinde  Maschen<\/h2>\n<p>Unser Gesch\u00e4ftsbereich umfasst auch Maschen. Durch unsere Gesch\u00e4ftst\u00e4tigkeit haben wir uns einen ausgezeichneten \u00dcberblick \u00fcber die Stadtarchitektur der Gemeinden und St\u00e4dte unseres Vertriebsgebietes erarbeiten k\u00f6nnen. Wir f\u00fchlen uns der Region verpflichtet und sind stolz darauf, auch einen Anteil zur gesunden Infrastruktur der Gemeinde beizusteuern zu k\u00f6nnen.  <\/p>\n<h3>Interessante Fakten zu Maschen<\/h3>\n<p>In der zum Kreis Harburg z\u00e4hlenden Gemeinde Maschen wohnen in Summe etwa 9.000 Anwohner. Direkt an Hamburg angrenzend, z\u00e4hlt Maschen zum sogenannten \u201eSpeckg\u00fcrtel\u201c der Freien und Hansestadt. Die Bev\u00f6lkerungsdichte ist nicht sonderlich hoch, was den Ort zu einer favorisierten Wohngegend macht. Maschen ist f\u00fcr Pendler wunderbar ideal. Wer seinen Arbeitsplatz in der nahen Metropole hat, genie\u00dft das durchaus entspannte Leben in der Peripherie. Maschen verf\u00fcgt \u00fcber zahlreiche beruhigte Wohngebiete, die von einer ansprechenden Einzelhausbebauung bestimmt sind. Einige sch\u00f6ne Quartiere machen Maschen insbesondere f\u00fcr Familien attraktiv. Leben in l\u00e4ndlicher Umgebung, dabei die Metropole unmittelbar vor der T\u00fcr \u2013 ein Wohnmodell, das f\u00fcr sehr viele Menschen von Interesse ist. Zahlreiche W\u00e4lder und Wiesen verleihen dem Ort einen zuweilen fast d\u00f6rflichen Charakter. <\/p>\n<h4>Wir f\u00fcr Sie in Maschen!<\/h4>\n<p>Gerne werden wir auch f\u00fcr Sie im Raum Maschen t\u00e4tig. D\u00fcrfen wir Sie n\u00e4her beraten? Rufen Sie uns an oder schreiben Sie uns eine Mail. Wir freuen uns, wenn wir ihnen helfen k\u00f6nnen! Das Team unseres Fachbetriebes ist eingespielt und arbeitet perfekt \u201eHand in Hand\u201c.<\/p>","popseo_zusatztext":"<h3>Beim Abdichten sind wir Profi<\/h3>\n<p>Sie haben einen N\u00e4sseschaden entdeckt und m\u00fcssen die entsprechenden W\u00e4nde nun schnellstens abdichten. Sch\u00f6n, dass Sie uns entdeckt haben! Als routiniertes Fachunternehmen der Baubranche kennen wir uns allerbestens aus mit dem Abdichten von Mauern, W\u00e4nden oder Kellern.  <\/p>\n<p>Feuchtigkeitssch\u00e4den sind unser Metier: F\u00fcr unsere Firma geh\u00f6rt das Abdichten von W\u00e4nden, Kellern oder Mauern zur t\u00e4glichen Arbeit. Wir gehen der Ursache f\u00fcr den N\u00e4sseeintritt sorgf\u00e4ltig auf den Grund. Vor dem eigentlichen Abdichten muss als Erstes die Ursachenforschung stehen. Erst wenn man den konkreten Grund f\u00fcr die Durchfeuchtung ermittelt hat, kann man mit dem Abdichten anfangen. Die Begutachtung gibt die Richtung vor, den das Abdichten eines Bauk\u00f6rpers umfassen muss.  <\/p>\n<h4>Abdichten \u2013 wir helfen schnell und unkompliziert!<\/h4>\n<p>Z\u00f6gern Sie bitte nicht und vereinbaren Sie noch heute einen Termin mit einem unserer kompetenten Mitarbeiter. Ein kurzer Anruf beziehungsweise eine kurze Email reichen v\u00f6llig aus! Bei einer Bestandsaufnahme direkt am entsprechenden Objekt, nehmen wir den Schaden auf und erarbeiten anschlie\u00dfend ein Konzept f\u00fcr das dauerhafte Abdichten der betroffenen Bereiche. Unsere Arbeit ist stets zweckorientiert: Nat\u00fcrlich flie\u00dfen auch \u00f6konomische Aspekte in unsere Entscheidungsfindung f\u00fcr das Abdichten Ihres Geb\u00e4udes mit ein. Alles aus einer Hand: Unsere engagierten Fachkr\u00e4fte f\u00fchren alle notwendigen T\u00e4tigkeiten, die zum Abdichten erforderlich sind umgehend und verl\u00e4sslich aus. Bereits seit Jahren ist unser Haus f\u00fcr eine hohe Fachkompetenz bekannt. Eine unserer Schwerpunkte liegt im Abdichten von Gesch\u00e4fts- und Wohngeb\u00e4uden. Setzen Sie auf Fachkompetenz und beauftragen Sie uns f\u00fcr das Abdichten von neuralgischen Bereichen im Mauerwerk. Wir freuen uns darauf, auch Ihnen helfen zu d\u00fcrfen.<\/p>","popseo_links":"<a href=\"https:\/\/bautenschutz-keul.de\/angebote\/feuchtigkeit-bardowick\/\">Feuchtigkeit Bardowick<\/a>, <a href=\"https:\/\/bautenschutz-keul.de\/angebote\/aussenabdichtung-maschen\/\">Au\u00dfenabdichtung Maschen<\/a>, <a href=\"https:\/\/bautenschutz-keul.de\/angebote\/aussenabdichtung-bardowick\/\">Au\u00dfenabdichtung Bardowick<\/a>, <a href=\"https:\/\/bautenschutz-keul.de\/angebote\/kellersanierung-herzogtum-lauenburg\/\">Kellersanierung Herzogtum Lauenburg<\/a>, <a href=\"https:\/\/bautenschutz-keul.de\/angebote\/zerstoerter-putz-glinde-sachsenwald\/\">zerst\u00f6rter Putz Glinde Sachsenwald<\/a>, <a href=\"https:\/\/bautenschutz-keul.de\/angebote\/feuchte-wand-salzhausen\/\">Feuchte Wand Salzhausen<\/a>, <a href=\"https:\/\/bautenschutz-keul.de\/angebote\/kellersanierung-buchholz-in-der-nordheide\/\">Kellersanierung Buchholz in der Nordheide<\/a>, <a href=\"https:\/\/bautenschutz-keul.de\/angebote\/bauwerksabdichtung-amelinghausen\/\">Bauwerksabdichtung Amelinghausen<\/a>, <a href=\"https:\/\/bautenschutz-keul.de\/angebote\/kellertrockenlegung-bispingen\/\">Kellertrockenlegung Bispingen<\/a>, <a href=\"https:\/\/bautenschutz-keul.de\/angebote\/zerstoerter-putz-geesthacht\/\">zerst\u00f6rter Putz Geesthacht<\/a>, <a href=\"https:\/\/bautenschutz-keul.de\/angebote\/schimmel-ebstorf\/\">Schimmel Ebstorf<\/a>, <a href=\"https:\/\/bautenschutz-keul.de\/angebote\/aussenabdichtung-geesthacht\/\">Au\u00dfenabdichtung Geesthacht<\/a>, <a href=\"https:\/\/bautenschutz-keul.de\/angebote\/kellersanierung-ebstorf\/\">Kellersanierung Ebstorf<\/a>, <a href=\"https:\/\/bautenschutz-keul.de\/angebote\/feuchte-mauer-bergedorf-wentorf\/\">Feuchte Mauer Bergedorf Wentorf<\/a>, <a href=\"https:\/\/bautenschutz-keul.de\/angebote\/kellerabdichtung-reppenstedt\/\">Kellerabdichtung Reppenstedt<\/a>, <a href=\"https:\/\/bautenschutz-keul.de\/angebote\/schimmel-boizenburg\/\">Schimmel Boizenburg<\/a>, <a href=\"https:\/\/bautenschutz-keul.de\/angebote\/kellersanierung-stelle\/\">Kellersanierung Stelle<\/a>, <a href=\"https:\/\/bautenschutz-keul.de\/angebote\/feuchte-wand-glinde-sachsenwald\/\">Feuchte Wand Glinde Sachsenwald<\/a>, <a href=\"https:\/\/bautenschutz-keul.de\/angebote\/schimmelbeseitigung-jesteburg\/\">Schimmelbeseitigung Jesteburg<\/a>, <a href=\"https:\/\/bautenschutz-keul.de\/angebote\/zerstoerter-putz-schwarzenbek\/\">zerst\u00f6rter Putz Schwarzenbek<\/a>, <a href=\"https:\/\/bautenschutz-keul.de\/angebote\/feuchtigkeit-boizenburg\/\">Feuchtigkeit Boizenburg<\/a>, <a href=\"https:\/\/bautenschutz-keul.de\/angebote\/horizontalsperre-brietlingen\/\">Horizontalsperre Brietlingen<\/a>, <a href=\"https:\/\/bautenschutz-keul.de\/angebote\/feuchter-keller-amt-neuhaus\/\">Feuchter Keller Amt Neuhaus<\/a>, <a href=\"https:\/\/bautenschutz-keul.de\/angebote\/mauertrockenlegung-salzhausen\/\">Mauertrockenlegung Salzhausen<\/a>, <a href=\"https:\/\/bautenschutz-keul.de\/angebote\/bauwerksabdichtung-buchholz-in-der-nordheide\/\">Bauwerksabdichtung Buchholz in der Nordheide<\/a>, <a href=\"https:\/\/bautenschutz-keul.de\/angebote\/kellersanierung-brietlingen\/\">Kellersanierung Brietlingen<\/a>, <a href=\"https:\/\/bautenschutz-keul.de\/angebote\/rissverpressung-geesthacht\/\">Rissverpressung Geesthacht<\/a>, <a href=\"https:\/\/bautenschutz-keul.de\/angebote\/innenabdichtung-boizenburg\/\">Innenabdichtung Boizenburg<\/a>"},"_links":{"self":[{"href":"https:\/\/bautenschutz-keul.de\/angebote\/wp-json\/wp\/v2\/pages\/288","targetHints":{"allow":["GET"]}}],"collection":[{"href":"https:\/\/bautenschutz-keul.de\/angebote\/wp-json\/wp\/v2\/pages"}],"about":[{"href":"https:\/\/bautenschutz-keul.de\/angebote\/wp-json\/wp\/v2\/types\/page"}],"author":[{"embeddable":true,"href":"https:\/\/bautenschutz-keul.de\/angebote\/wp-json\/wp\/v2\/users\/1"}],"replies":[{"embeddable":true,"href":"https:\/\/bautenschutz-keul.de\/angebote\/wp-json\/wp\/v2\/comments?post=288"}],"version-history":[{"count":0,"href":"https:\/\/bautenschutz-keul.de\/angebote\/wp-json\/wp\/v2\/pages\/288\/revisions"}],"wp:attachment":[{"href":"https:\/\/bautenschutz-keul.de\/angebote\/wp-json\/wp\/v2\/media?parent=288"}],"curies":[{"name":"wp","href":"https:\/\/api.w.org\/{rel}","templated":true}]}}