{"id":289,"date":"2021-09-13T08:43:56","date_gmt":"2021-09-13T06:43:56","guid":{"rendered":"https:\/\/bautenschutz-keul.de\/angebote\/feuchtigkeitsschaden-reinbek-aumuehle\/"},"modified":"2021-09-13T08:43:56","modified_gmt":"2021-09-13T06:43:56","slug":"feuchtigkeitsschaden-reinbek-aumuehle","status":"publish","type":"page","link":"https:\/\/bautenschutz-keul.de\/angebote\/feuchtigkeitsschaden-reinbek-aumuehle\/","title":{"rendered":"Feuchtigkeitsschaden &#8211; Reinbek Aum\u00fchle"},"content":{"rendered":"<h3>Feuchtigkeitsschaden: Unsere Sanierungsprofis beheben das Problem!<\/h3>\n<p>Als einen Feuchtigkeitsschaden bezeichnet man einen Bauschaden, der durch eindringende Feuchtigkeit an einem Bauwerk entsteht. Zu einem Feuchtigkeitsschaden kann es z.B. durch permanente Bodenfeuchtigkeit, ung\u00fcnstige Wetterbedingungen<br \/>\nund durch starke Kondensation kommen. Ungeachtet der scheinbaren N\u00e4he ist der Feuchtigkeitsschaden nicht mit einem Wasserschaden gleichzusetzen. Ein Wasserschaden ist im Gegensatz zum Feuchtigkeitsschaden auf ein mehr sporadisches Ereignis wie z.B. einen Rohrschaden oder auch einer \u00dcberschwemmung zur\u00fcckzuf\u00fchren. Ein Feuchtigkeitsschaden kann zu einem ernsten Thema f\u00fcr die Substanz eines Hauses werden. Ein Feuchtigkeitsschaden, der nicht beseitigt wird, kann auch negative Folgen f\u00fcr Wohlergehen und Gesundheit der Hausbewohner haben. Schimmelbildung und Sporenablagerungen sind immer wieder die Basis f\u00fcr gesundheitliche Sch\u00e4digungen. Ein Grund mehr, dem Feuchtigkeitsschaden nachhaltig zu Leibe zu r\u00fccken.  <\/p>\n<h3>Feuchtigkeitsschaden: Schnelle Hilfe durch den Fachbetrieb!<\/h3>\n<p>Fr\u00fch genug bemerkt, muss eine Durchfeuchtung nicht unvermeidlich erhebliche und langwierige Instandsetzungen zur Folge haben. Nach einer genauen<br \/>\nAnalyse, l\u00e4sst sich ein Feuchtigkeitsschaden dauerhaft beheben.<br \/>\nDie Schadensursache gibt in der Regel das Ziel der Sanierung vor.<\/p>\n","protected":false},"excerpt":{"rendered":"<p>Feuchtigkeitsschaden: Unsere Sanierungsprofis beheben das Problem! Als einen Feuchtigkeitsschaden bezeichnet man einen Bauschaden, der durch eindringende Feuchtigkeit an einem Bauwerk entsteht. Zu einem Feuchtigkeitsschaden kann es z.B. durch permanente Bodenfeuchtigkeit, ung\u00fcnstige Wetterbedingungen und durch starke Kondensation kommen. Ungeachtet der scheinbaren N\u00e4he ist der Feuchtigkeitsschaden nicht mit einem Wasserschaden gleichzusetzen. Ein Wasserschaden ist im Gegensatz zum [&hellip;]<\/p>\n","protected":false},"author":1,"featured_media":0,"parent":0,"menu_order":0,"comment_status":"closed","ping_status":"closed","template":"","meta":{"footnotes":""},"class_list":["post-289","page","type-page","status-publish","hentry"],"meta_box":{"popseo_subtitel":"Wir sind Ihr erfahrener Experte f\u00fcr die Sanierung vom Feuchtigkeitsschaden in Reinbek Aum\u00fchle","popseo_subtitel2":"Feuchtigkeitsschaden - unsere Fachleute beraten Sie zur Sanierung","popseo_lasttitel":"Feuchtigkeitsschaden: Wir beantworten Ihre Fragen!","popseo_region":"Reinbek Aum\u00fchle","popseo_sachwort":"Feuchtigkeitsschaden","popseo_noupdate":"","popseo_einleitungstext":"<p>Kellerr\u00e4ume, W\u00e4nde oder Mauern Ihrer Immobilie weisen einen Feuchtigkeitsschaden und damit einen nicht zu \u00fcbersehenden Sanierungsbedarf auf. Dann ist die Zeit gekommen, sich \u00fcber eine qualifiziert ausgef\u00fchrte Trocknung Gedanken zu machen. Unser Handwerksbetrieb ist auf die Bauwerksabdichtung spezialisiert. Zu den haupts\u00e4chlichen T\u00e4tigkeiten unseres Unternehmens z\u00e4hlen zum Beispiel die Bereiche Schimmelbeseitigung, Mauertrockenlegung und Kellerabdichtung. Der nachhaltigen Sanierung haben wir uns verschrieben. Wir beraten qualifiziert, wie Sie Ihr Geb\u00e4ude umweltgerecht und preisg\u00fcnstig sanieren k\u00f6nnen. Ein paar erste Informationen dazu lesen Sie nachfolgend.<\/p>","popseo_schlusstext":"<p>Gerne informieren wir Sie n\u00e4her \u00fcber unser Aufgabenfeld. Wir nennen Ihnen mit Vergn\u00fcgen auch einige Projekte, die Ihnen einen Einblick in unsere T\u00e4tigkeit geben.<br \/>\nSchenken Sie uns Ihr Vertrauen. Rufen Sie uns doch rasch einmal an oder schicken Sie uns eine kurze E-Mail. Wir freuen uns auf den Kontakt zu Ihnen.<\/p>","popseo_stadttext":"<h3>Unser Leistungskatalog f\u00fcr Kunden aus Reinbek und Aum\u00fchle<\/h3>\n<p>Sie wohnen in Aum\u00fchle oder Reinbek und sind hier im Internet auf unsere Homepage gesto\u00dfen? Das finden wir toll. Gerne pr\u00e4sentieren wir Ihnen unser gesamtes Leistungsspektrum und beantworten Ihre Fragen. Durch unsere Gesch\u00e4ftst\u00e4tigkeit haben wir uns einen sehr guten \u00dcberblick \u00fcber die Architektur der St\u00e4dte und Gemeinden unseres Einzugsbereiches machen k\u00f6nnen. Nat\u00fcrlich z\u00e4hlt auch die Region Reinbek \/ Aum\u00fchle zu unserem unmittelbaren Gesch\u00e4ftsgebiet. Wir freuen uns darauf, mit Ihnen in Kontakt zu treten. <\/p>\n<h3>Einige interessante Informationen \u00fcber Aum\u00fchle und Reinbek<\/h3>\n<p>Die Schleswig-Holsteinische Kleinstadt Reinbek ist eine Gemeinde im Kreis Stormarn. Zum Kreis Herzogtum-Lauenburg z\u00e4hlt hingegen das nahe gelegene Aum\u00fchle. Heute z\u00e4hlt Reinbek circa 26.000 gemeldete B\u00fcrger. In Aum\u00fchle leben gut 3.000 Menschen. Die Stadt Reinbek umfasst eine Grundfl\u00e4che von knapp 31 qkm. Reinbek und Aum\u00fchle geh\u00f6ren zur Metropolregion Hamburg. Beide Gemeinden liegen ungef\u00e4hr 20 Kilometer \u00f6stlich der Hansestadt. <\/p>\n<p>Die Stadt Reinbek verf\u00fcgt \u00fcber eine eigene Haltestation f\u00fcr die Line S21 des HVV. Aum\u00fchle ist der Endbahnhof der S-Bahn. Der geringe Fahrweg von nicht mehr als 25 Minuten machen Reinbek und auch Aum\u00fchle vor allem interessant f\u00fcr Arbeitnehmer, die in die Hamburger Innenstadt pendeln m\u00fcssen. Wer also seinen Arbeitgeber in Hamburg hat, genie\u00dft mit dem Wohnort Reinbek oder Aum\u00fchle das Beste aus zwei Welten: Das Treiben der Gro\u00dfstadt findet in den ruhigen Wohnquartieren von Reinbek und Aum\u00fchle seinen reizvollen Kontrast.<\/p>\n<h4>Reinbek und Aum\u00fchle \u2013 beliebt bei jungen Familien<\/h4>\n<p>Wer das Auto bevorzugt, findet in Reinbek und in Aum\u00fchle ebenfalls gute Bedingungen: Die Autobahnen A1 und A24 sowie die Bundesstra\u00dfe B5 befinden sich nur unweit von Reinbek und Aum\u00fchle. Die Architektur von Reinbek und Aum\u00fchle besteht mehrheitlich aus vielen freistehenden Ein- und Mehrfamilienh\u00e4usern, die ihren Bewohnern einen hohen Lebensstandard garantieren. Reinbek und Aum\u00fchle zeichnen sich neben der guten Lebensqualit\u00e4t aber auch durch ihre gro\u00dfe wirtschaftliche Produktivit\u00e4t aus.<\/p>\n<h4>Privat- und Gesch\u00e4ftskunden aus Reinbek und Aum\u00fchle sch\u00e4tzen unsere Leistungen!<\/h4>\n<p>Sie leben in Aum\u00fchle oder Reinbek, interessieren sich f\u00fcr unser Leistungsangebot und haben deshalb unsere Homepage besucht? Das freut uns sehr. Unser engagiertes Spezialistenteam nimmt gerne Ihren Anruf entgegen oder beantwortet Ihre E-Mail.<\/p>","popseo_zusatztext":"<h3>Beim Abdichten sind wir Profi<\/h3>\n<p>Sie haben einen N\u00e4sseschaden festgestellt und m\u00fcssen die entsprechenden Mauerbereiche nun schnellstens abdichten. Sch\u00f6n, dass Sie uns gefunden haben! Als routiniertes Unternehmen der Baubranche kennen wir uns allerbestens aus mit dem Abdichten von Kellern, Mauern oder W\u00e4nden.  <\/p>\n<p>Feuchtigkeitssch\u00e4den sind unser Gesch\u00e4ft: F\u00fcr unser Unternehmen geh\u00f6rt das Abdichten von Kellern, W\u00e4nden oder Mauern zur allt\u00e4glichen Arbeit. Wir gehen der Ursache f\u00fcr den Wassereintritt gr\u00fcndlich auf den Grund. Vor dem eigentlichen Abdichten muss als Erstes die Ursachenforschung stehen. Erst wenn man den richtigen Grund f\u00fcr eine Durchn\u00e4ssung ermittelt hat, kann man mit dem Abdichten beginnen. Die Analyse gibt die Richtung vor, den das Abdichten eines Bauk\u00f6rpers umfassen muss.  <\/p>\n<h4>Abdichten: Unsere Mitarbeiter stehen f\u00fcr Sie bereit!<\/h4>\n<p>Z\u00f6gern Sie bitte nicht und vereinbaren Sie zeitnah einen Termin mit einem unserer qualifizierten Mitarbeiter. Ein kurzer Anruf oder eine schnelle Email gen\u00fcgen! Bei einer Bestandsaufnahme direkt am entsprechenden Objekt, nehmen wir den Schaden auf und erstellen daraufhin ein Konzept f\u00fcr das nachhaltige Abdichten der entsprechenden Bereiche. Unsere Arbeit ist grunds\u00e4tzlich zweckbezogen: Nat\u00fcrlich flie\u00dfen auch \u00f6konomische Aspekte in unsere Entscheidungsfindung f\u00fcr das Abdichten Ihres Geb\u00e4udes mit ein. Alles aus einer Hand: Unsere dynamischen Angestellten f\u00fchren alle notwendigen T\u00e4tigkeiten, die zum Abdichten dazugeh\u00f6ren umgehend und verl\u00e4sslich aus. Schon seit langer Zeit ist unsere Firma f\u00fcr eine hohe Fachkompetenz bekannt. Eine unserer Kernkompetenzen liegt im Abdichten von Wohn- und Gesch\u00e4ftsgeb\u00e4uden. Vertrauen Sie auf Fachkompetenz und beauftragen Sie uns f\u00fcr das Abdichten von neuralgischen Stellen im Mauerwerk. Wir freuen uns darauf, auch Ihnen helfen zu d\u00fcrfen.<\/p>","popseo_links":"<a href=\"https:\/\/bautenschutz-keul.de\/angebote\/zerstoerter-putz-tostedt-sittensen\/\">zerst\u00f6rter Putz Tostedt Sittensen<\/a>, <a href=\"https:\/\/bautenschutz-keul.de\/angebote\/salpeter-im-keller-ebstorf\/\">Salpeter im Keller Ebstorf<\/a>, <a href=\"https:\/\/bautenschutz-keul.de\/angebote\/schimmel-brietlingen\/\">Schimmel Brietlingen<\/a>, <a href=\"https:\/\/bautenschutz-keul.de\/angebote\/feuchtigkeit-amelinghausen\/\">Feuchtigkeit Amelinghausen<\/a>, <a href=\"https:\/\/bautenschutz-keul.de\/angebote\/salpeter-im-keller-maschen\/\">Salpeter im Keller Maschen<\/a>, <a href=\"https:\/\/bautenschutz-keul.de\/angebote\/innenabdichtung-schwarzenbek\/\">Innenabdichtung Schwarzenbek<\/a>, <a href=\"https:\/\/bautenschutz-keul.de\/angebote\/rissverpressung-buechen\/\">Rissverpressung B\u00fcchen<\/a>, <a href=\"https:\/\/bautenschutz-keul.de\/angebote\/schimmelbeseitigung-geesthacht\/\">Schimmelbeseitigung Geesthacht<\/a>, <a href=\"https:\/\/bautenschutz-keul.de\/angebote\/aussenabdichtung-bispingen\/\">Au\u00dfenabdichtung Bispingen<\/a>, <a href=\"https:\/\/bautenschutz-keul.de\/angebote\/zerstoerter-putz-lueneburg\/\">zerst\u00f6rter Putz L\u00fcneburg<\/a>, <a href=\"https:\/\/bautenschutz-keul.de\/angebote\/schimmel-ebstorf\/\">Schimmel Ebstorf<\/a>, <a href=\"https:\/\/bautenschutz-keul.de\/angebote\/feuchter-keller-harburg\/\">Feuchter Keller Harburg<\/a>, <a href=\"https:\/\/bautenschutz-keul.de\/angebote\/salpeter-im-keller-amelinghausen\/\">Salpeter im Keller Amelinghausen<\/a>, <a href=\"https:\/\/bautenschutz-keul.de\/angebote\/salpeter-im-keller-bergedorf-wentorf\/\">Salpeter im Keller Bergedorf Wentorf<\/a>, <a href=\"https:\/\/bautenschutz-keul.de\/angebote\/aussenabdichtung-geesthacht\/\">Au\u00dfenabdichtung Geesthacht<\/a>, <a href=\"https:\/\/bautenschutz-keul.de\/angebote\/feuchte-wand-reinbek-aumuehle\/\">Feuchte Wand Reinbek Aum\u00fchle<\/a>, <a href=\"https:\/\/bautenschutz-keul.de\/angebote\/mauertrockenlegung-glinde-sachsenwald\/\">Mauertrockenlegung Glinde Sachsenwald<\/a>, <a href=\"https:\/\/bautenschutz-keul.de\/angebote\/zerstoerter-putz-salzhausen\/\">zerst\u00f6rter Putz Salzhausen<\/a>, <a href=\"https:\/\/bautenschutz-keul.de\/angebote\/schimmel-harburg\/\">Schimmel Harburg<\/a>, <a href=\"https:\/\/bautenschutz-keul.de\/angebote\/mauertrockenlegung-uelzen\/\">Mauertrockenlegung Uelzen<\/a>, <a href=\"https:\/\/bautenschutz-keul.de\/angebote\/innenabdichtung-amelinghausen\/\">Innenabdichtung Amelinghausen<\/a>, <a href=\"https:\/\/bautenschutz-keul.de\/angebote\/feuchter-keller-tostedt-sittensen\/\">Feuchter Keller Tostedt Sittensen<\/a>, <a href=\"https:\/\/bautenschutz-keul.de\/angebote\/rissverpressung-brietlingen\/\">Rissverpressung Brietlingen<\/a>, <a href=\"https:\/\/bautenschutz-keul.de\/angebote\/kellerabdichtung-harburg\/\">Kellerabdichtung Harburg<\/a>, <a href=\"https:\/\/bautenschutz-keul.de\/angebote\/mauertrockenlegung-schwarzenbek\/\">Mauertrockenlegung Schwarzenbek<\/a>, <a href=\"https:\/\/bautenschutz-keul.de\/angebote\/innenabdichtung-hanstedt\/\">Innenabdichtung Hanstedt<\/a>, <a href=\"https:\/\/bautenschutz-keul.de\/angebote\/kellerabdichtung-bardowick\/\">Kellerabdichtung Bardowick<\/a>, <a href=\"https:\/\/bautenschutz-keul.de\/angebote\/feuchter-keller-reppenstedt\/\">Feuchter Keller Reppenstedt<\/a>"},"_links":{"self":[{"href":"https:\/\/bautenschutz-keul.de\/angebote\/wp-json\/wp\/v2\/pages\/289","targetHints":{"allow":["GET"]}}],"collection":[{"href":"https:\/\/bautenschutz-keul.de\/angebote\/wp-json\/wp\/v2\/pages"}],"about":[{"href":"https:\/\/bautenschutz-keul.de\/angebote\/wp-json\/wp\/v2\/types\/page"}],"author":[{"embeddable":true,"href":"https:\/\/bautenschutz-keul.de\/angebote\/wp-json\/wp\/v2\/users\/1"}],"replies":[{"embeddable":true,"href":"https:\/\/bautenschutz-keul.de\/angebote\/wp-json\/wp\/v2\/comments?post=289"}],"version-history":[{"count":0,"href":"https:\/\/bautenschutz-keul.de\/angebote\/wp-json\/wp\/v2\/pages\/289\/revisions"}],"wp:attachment":[{"href":"https:\/\/bautenschutz-keul.de\/angebote\/wp-json\/wp\/v2\/media?parent=289"}],"curies":[{"name":"wp","href":"https:\/\/api.w.org\/{rel}","templated":true}]}}