{"id":291,"date":"2021-09-13T08:43:56","date_gmt":"2021-09-13T06:43:56","guid":{"rendered":"https:\/\/bautenschutz-keul.de\/angebote\/feuchtigkeitsschaden-salzhausen\/"},"modified":"2021-09-13T08:43:56","modified_gmt":"2021-09-13T06:43:56","slug":"feuchtigkeitsschaden-salzhausen","status":"publish","type":"page","link":"https:\/\/bautenschutz-keul.de\/angebote\/feuchtigkeitsschaden-salzhausen\/","title":{"rendered":"Feuchtigkeitsschaden &#8211; Salzhausen"},"content":{"rendered":"<h3>Sie ben\u00f6tigen Hilfe bei einem Feuchtigkeitsschaden? Dann rufen Sie uns bitte an!<\/h3>\n<p>Als einen Feuchtigkeitsschaden bezeichnet man einen Bauschaden, der durch einsickernde N\u00e4sse an einem Geb\u00e4ude hervorgerufen wird. Zu einem Feuchtigkeitsschaden kann es zum Beispiel durch st\u00e4ndige Bodenfeuchte, negative Wetterbedingungen<br \/>\nund durch \u00fcberm\u00e4ssige Kondensation kommen. Ungeachtet der begrifflichen Verwandtschaft ist der Feuchtigkeitsschaden nicht mit einem Wasserschaden zu verwechseln. Ein Wasserschaden ist im Vergleich zum Feuchtigkeitsschaden auf ein eher spontanes Ereignis wie z.B. einen Leitungsschaden oder einer \u00dcberschwemmung zur\u00fcckzuf\u00fchren. Ein Feuchtigkeitsschaden kann zu einem ernsten Thema f\u00fcr die Substanz eines Geb\u00e4udes werden. Ein Feuchtigkeitsschaden, der nicht in Ordnung gebracht wird, kann auch durchaus erhebliche Folgen f\u00fcr Wohlergehen und Verfassung der Hausbewohner haben. Schimmelbildung und Sporenablagerungen sind vielfach der Grund f\u00fcr gesundheitliche Sch\u00e4digungen. Ein wichtiger Grund, dem Feuchtigkeitsschaden effektiv zu Leibe zu r\u00fccken.  <\/p>\n<h3>Schnell und gr\u00fcndlich: Wir helfen bei der Behebung vom Feuchtigkeitsschaden<\/h3>\n<p>Beizeiten erkannt, muss eine Durchfeuchtung nicht unbedingt umf\u00e4ngliche und langwierige Reparaturen zur Folge haben. Nach einer umfassenden<br \/>\nAnalyse, l\u00e4sst sich ein Feuchtigkeitsschaden langfristig beheben.<br \/>\nDer Schadensgrund gibt in der Regel den Weg der Sanierung vor.<\/p>\n","protected":false},"excerpt":{"rendered":"<p>Sie ben\u00f6tigen Hilfe bei einem Feuchtigkeitsschaden? Dann rufen Sie uns bitte an! Als einen Feuchtigkeitsschaden bezeichnet man einen Bauschaden, der durch einsickernde N\u00e4sse an einem Geb\u00e4ude hervorgerufen wird. Zu einem Feuchtigkeitsschaden kann es zum Beispiel durch st\u00e4ndige Bodenfeuchte, negative Wetterbedingungen und durch \u00fcberm\u00e4ssige Kondensation kommen. Ungeachtet der begrifflichen Verwandtschaft ist der Feuchtigkeitsschaden nicht mit einem [&hellip;]<\/p>\n","protected":false},"author":1,"featured_media":0,"parent":0,"menu_order":0,"comment_status":"closed","ping_status":"closed","template":"","meta":{"footnotes":""},"class_list":["post-291","page","type-page","status-publish","hentry"],"meta_box":{"popseo_subtitel":"Wir sind Ihr Fachunternehmen f\u00fcr die Sanierung vom Feuchtigkeitsschaden in Salzhausen","popseo_subtitel2":"Feuchtigkeitsschaden - Sanierung f\u00fcr Immobilienbesitzer aus Norddeutschland","popseo_lasttitel":"Feuchtigkeitsschaden: D\u00fcrfen wir Ihre Fragen beantworten?","popseo_region":"Salzhausen","popseo_sachwort":"Feuchtigkeitsschaden","popseo_noupdate":"","popseo_einleitungstext":"<p>Sie haben sich mit der Bauwerksabdichtung besch\u00e4ftigt, weil Ihr Wohn- oder Gesch\u00e4ftshaus feuchte Geb\u00e4udeteile aufweist und Sie nach Methoden einer professionellen und vor allem wirksamen Sanierung Ausschau halten. Prima, dass Sie unsere Website gefunden haben. Auf den folgenden Seiten d\u00fcrfen wir Ihnen n\u00e4here Informationen zu unserem Leistungsspektrum geben. Sie lernen auf dieser Internetseite unsere Firma n\u00e4her kennen. <\/p>\n<p>Unser Unternehmen ist ein qualifizierter und etablierter Handwerksbetrieb mit Sitz in Brietlingen bei L\u00fcneburg. Bereits seit vielen Jahren sind wir Ihr Fachpartner f\u00fcr s\u00e4mtliche Fragen rund um die Bauwerksabdichtung. Wir setzen ausschlie\u00dflich praxisbew\u00e4hrte und effektive Sanierungsmethoden und -systeme ein. Als Fachbetrieb f\u00fcr Abdichtung und Sanierung schauen wir auf eine lange und intensive Berufserfahrung zur\u00fcck. Unsere versierten Mitarbeiter informieren Sie gerne im Detail.<\/p>","popseo_schlusstext":"<p>Wenn Sie mehr wissen m\u00f6chten, informieren wir Sie n\u00e4her \u00fcber unser Aufgabengebiet. Wir nennen Ihnen mit Vergn\u00fcgen auch ein paar Referenzprojekte, die Ihnen einen Einblick in unsere Firment\u00e4tigkeit geben.<br \/>\nSchenken Sie uns Ihr Vertrauen. Rufen Sie uns doch rasch einmal an oder senden Sie uns eine schnelle E-Mail. Wir freuen uns auf Ihre Kontaktaufnahme.<\/p>","popseo_stadttext":"<h3>Unser Leistungskatalog f\u00fcr Kunden aus Salzhausen<\/h3>\n<p>Sie kommen aus Salzhausen und sind hier im World Wide Web auf unsere Website gesto\u00dfen? Das finden wir klasse. Gerne pr\u00e4sentieren wir Ihnen unser gesamtes Leistungsspektrum und beantworten Ihre Fragen. Durch unsere Vertriebst\u00e4tigkeit haben wir uns einen ausgezeichneten \u00dcberblick \u00fcber die Architektur der Gemeinden und St\u00e4dte unseres Einzugsbereiches machen k\u00f6nnen. Nat\u00fcrlich geh\u00f6rt auch Salzhausen zu unserem unmittelbaren Wirkungskreis. Wir freuen uns darauf, mit Ihnen ins Gespr\u00e4ch zu treten. <\/p>\n<h3>Ein paar Hintergrundinformationen zu Salzhausen<\/h3>\n<p>Knapp 5.000 Menschen leben in Salzhausen auf einer Gesamtfl\u00e4che von 34 qkm. Der insbesondere als Wohnstatt begehrte Ort ist eine ausgesprochene Pendlerstadt. Von Salzhausen f\u00e4hrt man ins nahe Hamburg in rund 35 Minuten. Das lokale Mittelzentrum L\u00fcneburg ist lediglich 20 Kilometer entfernt. Salzhausen ist Teil der Metropolregion Hamburg und z\u00e4hlt verwaltungstechnisch zum Kreis Harburg.<\/p>\n<p>Der beschauliche kleine Ort ist Amtssitz der Samtgemeinde Salzhausen, einem Zusammenschluss von 13 kleineren Ortschaften und acht Mitgliedsgemeinden. Die Samtgemeinde Salzhausen z\u00e4hlt insgesamt rund 14.000 Einwohner und streckt sich \u00fcber eine Fl\u00e4che von zirka 148 Quadratkilometern. Einige der bekanntesten Ortschaften sind Eyendorf, Garlsdorf, G\u00f6denstorf, Garstedt, Luhm\u00fchlen und Toppenstedt. Salzhausen wie auch die anderen Orte der Samtgemeinde sind besonders familiengerechte Wohnst\u00e4tten. Salzhausen gef\u00e4llt durch eine eher d\u00f6rfliche Anmutung. Viele Naherholungsgebiete und landwirtschaftlich genutzte Fl\u00e4chen laden zur Erholung ein.<\/p>\n<h4>Wir f\u00fcr Sie in Salzhausen!<\/h4>\n<p>Das Leben in Salzhausen, Garlsdorf, Eyendorf, G\u00f6denstorf, Garstedt, Toppenstedt und Luhm\u00fchlen ist romantisch. Alle Orte der Samtgemeinde Salzhausen verf\u00fcgen \u00fcber sch\u00f6ne Wohnviertel, die besonders von einer ansprechenden Einzelhausbebauung gepr\u00e4gt sind. Sie interessieren sich f\u00fcr unser Angebot und haben deshalb unsere Website besucht? Dar\u00fcber freuen wir uns sehr. Unser engagiertes Spezialistenteam nimmt gerne Ihren Anruf entgegen oder beantwortet Ihre E-Mail.<\/p>","popseo_zusatztext":"<h3>Erstklassiges Abdichten ist uns wichtig<\/h3>\n<p>Sie haben einen Feuchtigkeitsschaden entdeckt und m\u00fcssen die betroffenen Mauerbereiche nun schnellstens abdichten. Sch\u00f6n, dass Sie uns gefunden haben! Als routiniertes Fachunternehmen der Bauwirtschaft kennen wir uns allerbestens aus mit dem Abdichten von Kellern, W\u00e4nden oder Mauern.  <\/p>\n<p>Feuchtigkeitssch\u00e4den sind unser Metier: F\u00fcr unsere Firma geh\u00f6rt das Abdichten von Kellern, Mauern oder W\u00e4nden zur allt\u00e4glichen Arbeit. Wir gehen der Ursache f\u00fcr den N\u00e4sseeintritt gewissenhaft auf den Grund. Vor dem konkreten Abdichten muss zun\u00e4chst einmal die Ursachenfindung stehen. Erst wenn man den konkreten Grund f\u00fcr eine Durchfeuchtung entdeckt hat, kann man mit dem Abdichten beginnen. Die Bestandsaufnahme gibt die Marschrichtung vor, den das Abdichten eines Bauk\u00f6rpers beinhalten muss.  <\/p>\n<h4>Abdichten: Wir helfen verl\u00e4sslich und kompetent!<\/h4>\n<p>Z\u00f6gern Sie bitte nicht und vereinbaren Sie gleich einen Vor-Ort-Termin mit einem unserer kompetenten Angestellten. Ein kurzer Telefonanruf oder eine schnelle E-Mail gen\u00fcgen! Bei einer Bestandsaufnahme direkt am betroffenen Objekt, nehmen wir den Schaden auf und erarbeiten danach ein Konzept f\u00fcr das dauerhafte Abdichten der entsprechenden Stellen. Unsere Arbeit ist immer zweckbezogen: Selbstverst\u00e4ndlich flie\u00dfen auch \u00f6konomische \u00dcberlegungen in unsere Entscheidungsfindung f\u00fcr das Abdichten Ihres Hauses mit ein. Alles aus einer Hand: Unsere engagierten Mitarbeiter f\u00fchren s\u00e4mtliche erforderlichen T\u00e4tigkeiten, die zum Abdichten dazugeh\u00f6ren zeitnah und zuverl\u00e4ssig aus. Schon seit langer Zeit ist unser Unternehmen f\u00fcr eine hohe Qualit\u00e4t bekannt. Eine unserer Kernkompetenzen liegt im Abdichten von Wohn- und Gesch\u00e4ftsgeb\u00e4uden. Vertrauen Sie auf Fachkompetenz und beauftragen Sie unser Unternehmen f\u00fcr das Abdichten von neuralgischen Bereichen im Mauerwerk. Wir freuen uns darauf, auch Ihnen helfen zu k\u00f6nnen.<\/p>","popseo_links":"<a href=\"https:\/\/bautenschutz-keul.de\/angebote\/horizontalsperre-jesteburg\/\">Horizontalsperre Jesteburg<\/a>, <a href=\"https:\/\/bautenschutz-keul.de\/angebote\/bauwerksabdichtung-bardowick\/\">Bauwerksabdichtung Bardowick<\/a>, <a href=\"https:\/\/bautenschutz-keul.de\/angebote\/feuchte-wand-geesthacht\/\">Feuchte Wand Geesthacht<\/a>, <a href=\"https:\/\/bautenschutz-keul.de\/angebote\/salpeter-im-keller-amt-neuhaus\/\">Salpeter im Keller Amt Neuhaus<\/a>, <a href=\"https:\/\/bautenschutz-keul.de\/angebote\/mauertrockenlegung-jesteburg\/\">Mauertrockenlegung Jesteburg<\/a>, <a href=\"https:\/\/bautenschutz-keul.de\/angebote\/schimmel-bispingen\/\">Schimmel Bispingen<\/a>, <a href=\"https:\/\/bautenschutz-keul.de\/angebote\/salpeter-im-keller-bardowick\/\">Salpeter im Keller Bardowick<\/a>, <a href=\"https:\/\/bautenschutz-keul.de\/angebote\/schimmel-seevetal-rosengarten\/\">Schimmel Seevetal Rosengarten<\/a>, <a href=\"https:\/\/bautenschutz-keul.de\/angebote\/aufsteigende-feuchtigkeit-stelle\/\">aufsteigende Feuchtigkeit Stelle<\/a>, <a href=\"https:\/\/bautenschutz-keul.de\/angebote\/schimmelsanierung-adendorf\/\">Schimmelsanierung Adendorf<\/a>, <a href=\"https:\/\/bautenschutz-keul.de\/angebote\/innenabdichtung-glinde-sachsenwald\/\">Innenabdichtung Glinde Sachsenwald<\/a>, <a href=\"https:\/\/bautenschutz-keul.de\/angebote\/kellertrockenlegung-bienenbuettel\/\">Kellertrockenlegung Bienenb\u00fcttel<\/a>, <a href=\"https:\/\/bautenschutz-keul.de\/angebote\/feuchter-keller-ebstorf\/\">Feuchter Keller Ebstorf<\/a>, <a href=\"https:\/\/bautenschutz-keul.de\/angebote\/rissverpressung-stelle\/\">Rissverpressung Stelle<\/a>, <a href=\"https:\/\/bautenschutz-keul.de\/angebote\/feuchter-keller-tostedt-sittensen\/\">Feuchter Keller Tostedt Sittensen<\/a>, <a href=\"https:\/\/bautenschutz-keul.de\/angebote\/horizontalsperre-harburg\/\">Horizontalsperre Harburg<\/a>, <a href=\"https:\/\/bautenschutz-keul.de\/angebote\/rissverpressung-seevetal-rosengarten\/\">Rissverpressung Seevetal Rosengarten<\/a>, <a href=\"https:\/\/bautenschutz-keul.de\/angebote\/schimmelbeseitigung-lueneburg\/\">Schimmelbeseitigung L\u00fcneburg<\/a>, <a href=\"https:\/\/bautenschutz-keul.de\/angebote\/kellersanierung-geesthacht\/\">Kellersanierung Geesthacht<\/a>, <a href=\"https:\/\/bautenschutz-keul.de\/angebote\/feuchte-wand-bergedorf-wentorf\/\">Feuchte Wand Bergedorf Wentorf<\/a>, <a href=\"https:\/\/bautenschutz-keul.de\/angebote\/aufsteigende-feuchtigkeit-amelinghausen\/\">aufsteigende Feuchtigkeit Amelinghausen<\/a>, <a href=\"https:\/\/bautenschutz-keul.de\/angebote\/schimmelsanierung-stelle\/\">Schimmelsanierung Stelle<\/a>, <a href=\"https:\/\/bautenschutz-keul.de\/angebote\/zerstoerter-putz-amelinghausen\/\">zerst\u00f6rter Putz Amelinghausen<\/a>, <a href=\"https:\/\/bautenschutz-keul.de\/angebote\/kellerabdichtung-glinde-sachsenwald\/\">Kellerabdichtung Glinde Sachsenwald<\/a>, <a href=\"https:\/\/bautenschutz-keul.de\/angebote\/mauertrockenlegung-brietlingen\/\">Mauertrockenlegung Brietlingen<\/a>, <a href=\"https:\/\/bautenschutz-keul.de\/angebote\/salpeter-im-keller-boizenburg\/\">Salpeter im Keller Boizenburg<\/a>, <a href=\"https:\/\/bautenschutz-keul.de\/angebote\/horizontalsperre-winsen-luhe\/\">Horizontalsperre Winsen Luhe<\/a>, <a href=\"https:\/\/bautenschutz-keul.de\/angebote\/schimmel-amelinghausen\/\">Schimmel Amelinghausen<\/a>"},"_links":{"self":[{"href":"https:\/\/bautenschutz-keul.de\/angebote\/wp-json\/wp\/v2\/pages\/291","targetHints":{"allow":["GET"]}}],"collection":[{"href":"https:\/\/bautenschutz-keul.de\/angebote\/wp-json\/wp\/v2\/pages"}],"about":[{"href":"https:\/\/bautenschutz-keul.de\/angebote\/wp-json\/wp\/v2\/types\/page"}],"author":[{"embeddable":true,"href":"https:\/\/bautenschutz-keul.de\/angebote\/wp-json\/wp\/v2\/users\/1"}],"replies":[{"embeddable":true,"href":"https:\/\/bautenschutz-keul.de\/angebote\/wp-json\/wp\/v2\/comments?post=291"}],"version-history":[{"count":0,"href":"https:\/\/bautenschutz-keul.de\/angebote\/wp-json\/wp\/v2\/pages\/291\/revisions"}],"wp:attachment":[{"href":"https:\/\/bautenschutz-keul.de\/angebote\/wp-json\/wp\/v2\/media?parent=291"}],"curies":[{"name":"wp","href":"https:\/\/api.w.org\/{rel}","templated":true}]}}