{"id":292,"date":"2021-09-13T08:43:56","date_gmt":"2021-09-13T06:43:56","guid":{"rendered":"https:\/\/bautenschutz-keul.de\/angebote\/feuchtigkeitsschaden-schwarzenbek\/"},"modified":"2021-09-13T08:43:56","modified_gmt":"2021-09-13T06:43:56","slug":"feuchtigkeitsschaden-schwarzenbek","status":"publish","type":"page","link":"https:\/\/bautenschutz-keul.de\/angebote\/feuchtigkeitsschaden-schwarzenbek\/","title":{"rendered":"Feuchtigkeitsschaden &#8211; Schwarzenbek"},"content":{"rendered":"<h3>Sie ben\u00f6tigen Hilfe bei einem Feuchtigkeitsschaden? Dann rufen Sie uns bitte an!<\/h3>\n<p>Als einen Feuchtigkeitsschaden bezeichnet man einen Bauschaden, der durch einsickernde N\u00e4sse an einer Immobilie hervorgerufen wird. Zu einem Feuchtigkeitsschaden kann es beispielsweise durch st\u00e4ndige Bodenfeuchtigkeit, schlechte Wetterbedingungen<br \/>\noder durch \u00fcberm\u00e4ssige Kondensation kommen. Ungeachtet der scheinbaren N\u00e4he ist der Feuchtigkeitsschaden nicht mit einem Wasserschaden zu verwechseln. Ein Wasserschaden ist im Vergleich zum Feuchtigkeitsschaden auf ein eher tempor\u00e4res Ereignis wie z.B. einen Wasserrohrdefekt oder auch einer \u00dcberschwemmung zur\u00fcckzuf\u00fchren. Ein Feuchtigkeitsschaden kann zu einem bedrohlichen Problem f\u00fcr die Substanz eines Hauses werden. Ein Feuchtigkeitsschaden, der nicht bearbeitet wird, kann auch durchaus erhebliche Auswirkungen auf Wohlbefinden und Gesundheit der Bewohner haben. Schimmelentstehung und Sporenablagerungen sind oftmals der Grund f\u00fcr gesundheitliche Sch\u00e4digungen. Ein echter Grund, dem Feuchtigkeitsschaden ein f\u00fcr allemal zu Leibe zu r\u00fccken.  <\/p>\n<h3>Feuchtigkeitsschaden: Wir sind kompetent und erfahren bei der Sanierung<\/h3>\n<p>Fr\u00fchzeitig entdeckt, muss eine Durchfeuchtung nicht unbedingt erhebliche und lang andauernde Sanierungen zur Folge haben. Nach einer genauen<br \/>\nAnalyse, l\u00e4sst sich ein Feuchtigkeitsschaden nachhaltig beheben.<br \/>\nDer Schadensgrund gibt letztendlich den Weg der Sanierung vor.<\/p>\n","protected":false},"excerpt":{"rendered":"<p>Sie ben\u00f6tigen Hilfe bei einem Feuchtigkeitsschaden? Dann rufen Sie uns bitte an! Als einen Feuchtigkeitsschaden bezeichnet man einen Bauschaden, der durch einsickernde N\u00e4sse an einer Immobilie hervorgerufen wird. Zu einem Feuchtigkeitsschaden kann es beispielsweise durch st\u00e4ndige Bodenfeuchtigkeit, schlechte Wetterbedingungen oder durch \u00fcberm\u00e4ssige Kondensation kommen. Ungeachtet der scheinbaren N\u00e4he ist der Feuchtigkeitsschaden nicht mit einem Wasserschaden [&hellip;]<\/p>\n","protected":false},"author":1,"featured_media":0,"parent":0,"menu_order":0,"comment_status":"closed","ping_status":"closed","template":"","meta":{"footnotes":""},"class_list":["post-292","page","type-page","status-publish","hentry"],"meta_box":{"popseo_subtitel":"Wir sind Ihr erfahrener Fachbetrieb f\u00fcr die Sanierung vom Feuchtigkeitsschaden in Schwarzenbek","popseo_subtitel2":"Feuchtigkeitsschaden - Sanierung durch die Experten unserer Firma","popseo_lasttitel":"Feuchtigkeitsschaden: Treten Sie in Kontakt mit uns!","popseo_region":"Schwarzenbek","popseo_sachwort":"Feuchtigkeitsschaden","popseo_noupdate":"","popseo_einleitungstext":"<p>Sie haben sich mit der Bauwerksabdichtung besch\u00e4ftigt, weil Ihr Haus feuchte Geb\u00e4udeteile aufweist und Sie nach Methoden einer professionellen und vor allem wirksamen Sanierung Ausschau halten. Sch\u00f6n, dass Sie unsere Website besuchen. Nachfolgend m\u00f6chten wir Ihnen n\u00e4here Informationen zu unserem Leistungsangebot geben. Sie lernen auf dieser Internetseite unsere Firma n\u00e4her kennen. <\/p>\n<p>Unser Unternehmen ist ein versierter und etablierter Handwerksbetrieb mit Gesch\u00e4ftsssitz in Brietlingen bei L\u00fcneburg. Bereits seit vielen Jahren sind wir Ihre Experten f\u00fcr alle Fragen rund um Geb\u00e4udeabdichtung. Wir setzen ausschlie\u00dflich praxisbew\u00e4hrte und effektive Sanierungsmethoden und -systeme ein. Als Sanierungsfachbetrieb blicken wir auf eine lange und intensive Berufserfahrung zur\u00fcck. Unsere gut geschulten Mitarbeiter informieren Sie gerne im Detail.<\/p>","popseo_schlusstext":"<p>Auf Wunsch informieren wir Sie n\u00e4her \u00fcber unser Themengebiet. Wir nennen Ihnen mit Vergn\u00fcgen auch einige Projekte, die Ihnen einen Einblick in unsere Arbeit geben.<br \/>\nWir sind f\u00fcr Sie da. Rufen Sie uns doch rasch einmal an oder schicken Sie uns eine kurze E-Mail. Wir freuen uns auf den Kontakt zu Ihnen.<\/p>","popseo_stadttext":"<h3>Wohn- und Gewerbestandorte Schwarzenbek<\/h3>\n<p>Unser Einzugsgebiet umfasst auch Schwarzenbek. Durch unsere Gesch\u00e4ftst\u00e4tigkeit haben wir uns einen sehr guten \u00dcberblick \u00fcber die Architektur der St\u00e4dte und Gemeinden unseres Vertriebsgebietes erarbeiten k\u00f6nnen. Wir f\u00fchlen uns der Region verpflichtet und freuen uns dar\u00fcber, auch unseren Anteil zur guten Infrastruktur der Stadt Schwarzenbek beizusteuern zu k\u00f6nnen.  <\/p>\n<h3>Ein paar Fakten \u00fcber Schwarzenbek<\/h3>\n<p>Die Gemeinde Schwarzenbek z\u00e4hlt organisatorisch zum schleswig-holsteinischen Kreis Herzogtum Lauenburg. In Schwarzenbek leben in etwa 15.000 B\u00fcrger auf einer Gesamtfl\u00e4che von in etwa 11 qkm. Schwarzenbek ist Verwaltungssitz des Amtes Schwarzenbek-Land. Schwarzenbek begeistert Bauherren speziell durch seine ansprechenden Wohnquartiere. Die Bebauung mit Ein- und Mehrfamilienh\u00e4usern dominiert in der lauenburgischen Kleinstadt ganz unzweifelhaft. Mehrgeschossige Wohnhaussiedlungen sind in Schwarzenbek deutlich in der Minderheit.<\/p>\n<p>Die r\u00e4umliche N\u00e4he zur Hansestadt Hamburg ist ein wichtiger Standortfaktor der Gemeinde. Lediglich gut 35 km ist die norddeutsche Metropole von Schwarzenbek entfernt. Viele Pendler genie\u00dfen die Vorteile von Schwarzenbek: Wer in Hamburg arbeitet, hat es nicht weit bis zu seinem Wohnort Schwarzenbek. Das zumeist beschauliche Leben auf dem Lande verbindet sich auf optimale Weise mit den Vorteilen der Gro\u00dfstadt.<br \/>\nEine exquisite Infrastruktur macht das Leben in Schwarzenbek insbesondere f\u00fcr junge Familien attraktiv. Die Stadt ist Mitglied im Hamburger Verkehrsverbund (HVV). Mit der Eisenbahn erreicht man Schwarzenbek \u00fcber die Bahnverbindung Hamburg-Berlin. Zum Hbf Hamburg braucht man rund 20 Minuten. <\/p>\n<h3>Schwarzenbek \u2013 beliebt bei jungen Familien<\/h3>\n<p>Die Gemeinde Schwarzenbek wurde vor einiger Zeit mit dem sogenannten Europapreis ausgezeichnet. Der Preis wird Gemeinden verliehen, die sich sich besonders intensiv f\u00fcr die Ausbreitung des europ\u00e4ischen Gedankens eingesetzt haben. Schwarzenbek tr\u00e4gt die Bezeichnung \u201eEuropastadt\u201c mit Stolz.<br \/>\nAufgrund der exponierten Lage im Kreis Herzogtum Lauenburg wird Schwarzenbek zuweilen auch \u201eStadt der Mitte\u201c genannt. Schwarzenbek war \u00fcbrigens eine der ersten St\u00e4dte in in Schleswig-Holstein, die auf der Stadtbeschilderung den Namen auch auf Plattdeutsch geschrieben haben. Eine prima Idee, die zwischenzeitlich zahlreiche Nachahmer gefunden hat. <\/p>\n<h4>Privat- und Gesch\u00e4ftskunden aus Schwarzenbek sch\u00e4tzen unsere Leistungen!<\/h4>\n<p>Sehr gerne \u00fcbernehmen wir auch Arbeiten in Schwarzenbek und Umgebung. D\u00fcrfen wir Sie n\u00e4her informieren? Rufen Sie uns an oder schicken Sie uns eine E-Mail. Wir freuen uns auf Sie! Hand in Hand arbeitet das perfekt eingespielte Team unseres Fachbetriebes \u2013 zielorientiert und immer fachlich versiert.<\/p>","popseo_zusatztext":"<h3>Beim Abdichten sind wir Profi<\/h3>\n<p>Sie haben einen N\u00e4sseschaden festgestellt und m\u00fcssen die betroffenen W\u00e4nde nun schnellstm\u00f6glich abdichten. Gut, dass Sie uns gefunden haben! Als routiniertes Unternehmen der Baubranche kennen wir uns sehr gut aus mit dem Abdichten von W\u00e4nden, Mauern oder Kellern.  <\/p>\n<p>Feuchtigkeitssch\u00e4den sind unsere Fachkompetenz: F\u00fcr unseren Betrieb geh\u00f6rt das Abdichten von Mauern, W\u00e4nden oder Kellern zur allt\u00e4glichen Arbeit. Wir gehen der Ursache f\u00fcr den N\u00e4sseeintritt sorgf\u00e4ltig auf den Grund. Vor dem eigentlichen Abdichten muss als Erstes die Ursachenfindung stehen. Erst wenn man den definitiven Grund f\u00fcr eine Durchfeuchtung entdeckt hat, kann man mit dem Abdichten beginnen. Die Analyse gibt die Marschrichtung vor, den das Abdichten eines Bauk\u00f6rpers umfassen muss.  <\/p>\n<h4>Abdichten: Schnelle Hilfe durch den Fachbetrieb!<\/h4>\n<p>Warten Sie bitte nicht und verabreden Sie noch heute ein Treffen mit einem unserer kompetenten Angestellten. Ein kurzer Anruf oder eine schnelle E-Mail reichen v\u00f6llig aus! Bei einer Begutachtung direkt am betroffenen Objekt, nehmen wir den Schaden auf und erarbeiten danach ein Konzept f\u00fcr das nachhaltige Abdichten der gesch\u00e4digten Bereiche. Unsere Arbeit ist stets zweckorientiert: Nat\u00fcrlich flie\u00dfen auch monet\u00e4re \u00dcberlegungen in unsere Entscheidungsfindung f\u00fcr das Abdichten Ihres Geb\u00e4udes mit ein. Komplett aus einer Hand: Unsere dynamischen Spezialisten f\u00fchren alle notwendigen T\u00e4tigkeiten, die zum Abdichten dazugeh\u00f6ren zeitnah und verl\u00e4sslich aus. Bereits seit Jahren ist unser Unternehmen f\u00fcr eine hohe Fachkompetenz bekannt. Eine unserer Kernkompetenzen liegt im Abdichten von Wohn- und Gesch\u00e4ftsgeb\u00e4uden. Setzen Sie auf Kompetenz und beauftragen Sie unsere Firma f\u00fcr das Abdichten von neuralgischen Stellen im Mauerwerk. Wir freuen uns darauf, auch Ihnen helfen zu d\u00fcrfen.<\/p>","popseo_links":"<a href=\"https:\/\/bautenschutz-keul.de\/angebote\/schimmelsanierung-glinde-sachsenwald\/\">Schimmelsanierung Glinde Sachsenwald<\/a>, <a href=\"https:\/\/bautenschutz-keul.de\/angebote\/bauwerksabdichtung-buchholz-in-der-nordheide\/\">Bauwerksabdichtung Buchholz in der Nordheide<\/a>, <a href=\"https:\/\/bautenschutz-keul.de\/angebote\/mauertrockenlegung-hanstedt\/\">Mauertrockenlegung Hanstedt<\/a>, <a href=\"https:\/\/bautenschutz-keul.de\/angebote\/schimmelbeseitigung-bienenbuettel\/\">Schimmelbeseitigung Bienenb\u00fcttel<\/a>, <a href=\"https:\/\/bautenschutz-keul.de\/angebote\/aufsteigende-feuchtigkeit-schwarzenbek\/\">aufsteigende Feuchtigkeit Schwarzenbek<\/a>, <a href=\"https:\/\/bautenschutz-keul.de\/angebote\/schimmel-adendorf\/\">Schimmel Adendorf<\/a>, <a href=\"https:\/\/bautenschutz-keul.de\/angebote\/rissverpressung-harburg\/\">Rissverpressung Harburg<\/a>, <a href=\"https:\/\/bautenschutz-keul.de\/angebote\/feuchtigkeit-maschen\/\">Feuchtigkeit Maschen<\/a>, <a href=\"https:\/\/bautenschutz-keul.de\/angebote\/feuchte-wand-boizenburg\/\">Feuchte Wand Boizenburg<\/a>, <a href=\"https:\/\/bautenschutz-keul.de\/angebote\/aussenabdichtung-amt-neuhaus\/\">Au\u00dfenabdichtung Amt Neuhaus<\/a>, <a href=\"https:\/\/bautenschutz-keul.de\/angebote\/schimmelbeseitigung-glinde-sachsenwald\/\">Schimmelbeseitigung Glinde Sachsenwald<\/a>, <a href=\"https:\/\/bautenschutz-keul.de\/angebote\/kellerabdichtung-herzogtum-lauenburg\/\">Kellerabdichtung Herzogtum Lauenburg<\/a>, <a href=\"https:\/\/bautenschutz-keul.de\/angebote\/schimmelsanierung-buechen\/\">Schimmelsanierung B\u00fcchen<\/a>, <a href=\"https:\/\/bautenschutz-keul.de\/angebote\/kellersanierung-bienenbuettel\/\">Kellersanierung Bienenb\u00fcttel<\/a>, <a href=\"https:\/\/bautenschutz-keul.de\/angebote\/aufsteigende-feuchtigkeit-uelzen\/\">aufsteigende Feuchtigkeit Uelzen<\/a>, <a href=\"https:\/\/bautenschutz-keul.de\/angebote\/horizontalsperre-uelzen\/\">Horizontalsperre Uelzen<\/a>, <a href=\"https:\/\/bautenschutz-keul.de\/angebote\/aufsteigende-feuchtigkeit-tostedt-sittensen\/\">aufsteigende Feuchtigkeit Tostedt Sittensen<\/a>, <a href=\"https:\/\/bautenschutz-keul.de\/angebote\/horizontalsperre-glinde-sachsenwald\/\">Horizontalsperre Glinde Sachsenwald<\/a>, <a href=\"https:\/\/bautenschutz-keul.de\/angebote\/innenabdichtung-schwarzenbek\/\">Innenabdichtung Schwarzenbek<\/a>, <a href=\"https:\/\/bautenschutz-keul.de\/angebote\/innenabdichtung-amelinghausen\/\">Innenabdichtung Amelinghausen<\/a>, <a href=\"https:\/\/bautenschutz-keul.de\/angebote\/rissverpressung-glinde-sachsenwald\/\">Rissverpressung Glinde Sachsenwald<\/a>, <a href=\"https:\/\/bautenschutz-keul.de\/angebote\/zerstoerter-putz-amt-neuhaus\/\">zerst\u00f6rter Putz Amt Neuhaus<\/a>, <a href=\"https:\/\/bautenschutz-keul.de\/angebote\/kellersanierung-stelle\/\">Kellersanierung Stelle<\/a>, <a href=\"https:\/\/bautenschutz-keul.de\/angebote\/feuchte-wand-hanstedt\/\">Feuchte Wand Hanstedt<\/a>, <a href=\"https:\/\/bautenschutz-keul.de\/angebote\/kellerabdichtung-geesthacht\/\">Kellerabdichtung Geesthacht<\/a>, <a href=\"https:\/\/bautenschutz-keul.de\/angebote\/rissverpressung-boizenburg\/\">Rissverpressung Boizenburg<\/a>, <a href=\"https:\/\/bautenschutz-keul.de\/angebote\/zerstoerter-putz-buchholz-in-der-nordheide\/\">zerst\u00f6rter Putz Buchholz in der Nordheide<\/a>, <a href=\"https:\/\/bautenschutz-keul.de\/angebote\/schimmel-jesteburg\/\">Schimmel Jesteburg<\/a>"},"_links":{"self":[{"href":"https:\/\/bautenschutz-keul.de\/angebote\/wp-json\/wp\/v2\/pages\/292","targetHints":{"allow":["GET"]}}],"collection":[{"href":"https:\/\/bautenschutz-keul.de\/angebote\/wp-json\/wp\/v2\/pages"}],"about":[{"href":"https:\/\/bautenschutz-keul.de\/angebote\/wp-json\/wp\/v2\/types\/page"}],"author":[{"embeddable":true,"href":"https:\/\/bautenschutz-keul.de\/angebote\/wp-json\/wp\/v2\/users\/1"}],"replies":[{"embeddable":true,"href":"https:\/\/bautenschutz-keul.de\/angebote\/wp-json\/wp\/v2\/comments?post=292"}],"version-history":[{"count":0,"href":"https:\/\/bautenschutz-keul.de\/angebote\/wp-json\/wp\/v2\/pages\/292\/revisions"}],"wp:attachment":[{"href":"https:\/\/bautenschutz-keul.de\/angebote\/wp-json\/wp\/v2\/media?parent=292"}],"curies":[{"name":"wp","href":"https:\/\/api.w.org\/{rel}","templated":true}]}}