{"id":293,"date":"2021-09-13T08:43:56","date_gmt":"2021-09-13T06:43:56","guid":{"rendered":"https:\/\/bautenschutz-keul.de\/angebote\/feuchtigkeitsschaden-seevetal-rosengarten\/"},"modified":"2021-09-13T08:43:56","modified_gmt":"2021-09-13T06:43:56","slug":"feuchtigkeitsschaden-seevetal-rosengarten","status":"publish","type":"page","link":"https:\/\/bautenschutz-keul.de\/angebote\/feuchtigkeitsschaden-seevetal-rosengarten\/","title":{"rendered":"Feuchtigkeitsschaden &#8211; Seevetal Rosengarten"},"content":{"rendered":"<h3>Feuchtigkeitsschaden: Fragen Sie den Sanierungsprofi!<\/h3>\n<p>Unter einem Feuchtigkeitsschaden versteht man einen Mangel, der durch eindringende Feuchtigkeit an einem Bauwerk hervorgerufen wird. Zu einem Feuchtigkeitsschaden kann es zum Beispiel durch st\u00e4ndige Bodenfeuchte, ung\u00fcnstige Wettereinfl\u00fcsse<br \/>\nund durch heftige Kondensation kommen. Entgegen der begrifflichen N\u00e4he ist der Feuchtigkeitsschaden nicht mit einem Wasserschaden gleichzusetzen. Ein Wasserschaden ist im Gegensatz zum Feuchtigkeitsschaden auf ein eher sporadisches Ereignis wie beispielsweise einen Rohrbruch oder auch einer \u00dcberschwemmung zur\u00fcckzuf\u00fchren. Ein Feuchtigkeitsschaden kann zu einem bedrohlichen Thema f\u00fcr die Bausubstanz einer Immobilie werden. Ein Feuchtigkeitsschaden, der nicht repariert wird, kann auch erhebliche Folgen f\u00fcr Wohlbefinden und Gesundheit der Bewohner haben. Schimmelbildung und Sporenablagerungen sind oftmals die Ursache f\u00fcr gesundheitliche Sch\u00e4den. Ein weiterer Grund, dem Feuchtigkeitsschaden nachhaltig zu erledigen.  <\/p>\n<h3>Feuchtigkeitsschaden: Schnelle Hilfe durch den Fachbetrieb!<\/h3>\n<p>Fr\u00fchzeitig erkannt, muss ein Feuchtigkeitseinfall nicht zwingend gravierende und lang andauernde Sanierungen zur Folge haben. Nach einer genauen<br \/>\nAnalyse, l\u00e4sst sich ein Feuchtigkeitsschaden dauerhaft reparieren.<br \/>\nDer Schadensgrund gibt in der Regel das Ziel der Sanierung vor.<\/p>\n","protected":false},"excerpt":{"rendered":"<p>Feuchtigkeitsschaden: Fragen Sie den Sanierungsprofi! Unter einem Feuchtigkeitsschaden versteht man einen Mangel, der durch eindringende Feuchtigkeit an einem Bauwerk hervorgerufen wird. Zu einem Feuchtigkeitsschaden kann es zum Beispiel durch st\u00e4ndige Bodenfeuchte, ung\u00fcnstige Wettereinfl\u00fcsse und durch heftige Kondensation kommen. Entgegen der begrifflichen N\u00e4he ist der Feuchtigkeitsschaden nicht mit einem Wasserschaden gleichzusetzen. Ein Wasserschaden ist im Gegensatz [&hellip;]<\/p>\n","protected":false},"author":1,"featured_media":0,"parent":0,"menu_order":0,"comment_status":"closed","ping_status":"closed","template":"","meta":{"footnotes":""},"class_list":["post-293","page","type-page","status-publish","hentry"],"meta_box":{"popseo_subtitel":"Wir sind Ihr Experte f\u00fcr die Sanierung vom Feuchtigkeitsschaden im Raum Seevetal Rosengarten","popseo_subtitel2":"Feuchtigkeitsschaden - wir haben die richtige L\u00f6sung f\u00fcr Sie!","popseo_lasttitel":"Feuchtigkeitsschaden: D\u00fcrfen wir Ihre Fragen beantworten?","popseo_region":"Seevetal Rosengarten","popseo_sachwort":"Feuchtigkeitsschaden","popseo_noupdate":"","popseo_einleitungstext":"<p>Sie wollen Ihre Gesch\u00e4fts- oder Wohnimmobilie sanieren lassen interessieren sich f\u00fcr Sanierungsmethoden und Abdichtungssysteme? Klasse, dann sind Sie bei uns an der richtigen Adresse. Als auf die Sanierung spezialisiertes Unternehmen, \u00fcbernehmen wir insbesondere Arbeiten im Bereich Trockenlegung und Abdichtung.  <\/p>\n<p>Erfahren sind wir bei der Bauwerksabdichtung und dar\u00fcber hinaus bei der Kellersanierung, der Rissverpressung und der Schimmelbek\u00e4mpfung. Wir kennen uns mit der zeitgem\u00e4\u00dfen Sanierung von Bestandsimmobilien und Neubauten bestens aus. Auf unserer Internetseite stellen wir Ihnen unser Unternehmen und das gesamte Leistungsspektrum n\u00e4her vor. \u00dcber Ihr Interesse freuen wir uns sehr.<\/p>","popseo_schlusstext":"<p>Sie ben\u00f6tigen einen Experten f\u00fcr die fachgerecht ausgef\u00fchrte Bauwerksabdichtung. Dann melden Sie sich am besten noch heute bei uns. Wir freuen uns auf das Gespr\u00e4ch mit Ihnen. Wenn es um Sanierung geht, sind wir Ihr erfahrener Handwerkspartner. Wir garantieren Ihnen eine einwandfrei durchgef\u00fchrte Arbeit nach dem immer neuesten Stand der Technik.<\/p>","popseo_stadttext":"<h3>Wir arbeiten gerne f\u00fcr Kunden aus Rosengarten und Seevetal<\/h2>\n<p>Unser Einzugsbereich umfasst auch Rosengarten und Seevetal. Durch unsere Gesch\u00e4ftst\u00e4tigkeit haben wir uns einen ausgezeichneten \u00dcberblick \u00fcber die Stadtarchitektur der St\u00e4dte und Gemeinden unseres Vertriebsgebietes machen k\u00f6nnen. Wir f\u00fchlen uns der Region verpflichtet und freuen uns dar\u00fcber, einen Anteil zur guten Infrastruktur der Gemeinden beizusteuern zu k\u00f6nnen.  <\/p>\n<h3>Einige Informationen \u00fcber Seevetal und Rosengarten<\/h3>\n<p>Die Gemeinde Seevetal liegt im S\u00fcden von Hamburg im nieders\u00e4chsischen Kreis Harburg. 1972 schlossen sich in Summe 19 zuvor eigenst\u00e4ndige Gemeinden zur Gesamtgemeinde Seevetal zusammen. Durch den Zusammenschluss gilt Seevetal mit rund 42.000 Einwohnern als die gr\u00f6\u00dfte Gemeinde der Bundesrepublik. Trotz der noch jungen Geschichte, blicken einige der einstmals selbstst\u00e4ndigen Gemeindeteile auf eine \u00e4u\u00dferst lange Historie zur\u00fcck. Die Ortschronik von Seevetal erz\u00e4hlt dar\u00fcber, dass der Ortsteil Ramelsloh bereits anno 845 erstmalig urkundlich erw\u00e4hnt wurde. Die gute Bev\u00f6lkerungsentwicklung der Gemeinde Seevetal erkl\u00e4rt sich nicht zuletzt durch die verkehrstechnisch gute Lage. Die N\u00e4he zur Freien und Hansestadt Hamburg macht Seevetal f\u00fcr Pendler attraktiv. Das Arbeiten in der Metropole und das Leben im eher l\u00e4ndlich wirkenden Bereich, gehen in Seevetal eine sehr gute Verbindung ein. <\/p>\n<h4>Seevetal und Rosengarten- lebenswert und attraktiv<\/h4>\n<p>Der Wirtschaftsstandort Seevetal ist f\u00fcr viele Betrieben von au\u00dferordentlicher Anziehungskraft. Seevetal liegt in der Mitte von f\u00fcnf Schnellstra\u00dfen. Die verkehrstechnisch gute Lage garantiert sowohl eine gro\u00dfartige Erreichbarkeit als auch einen raschen Warenverkehr. Wirtschaftsf\u00f6rderung genie\u00dft in Seevetal Priorit\u00e4t. Die Gemeinde f\u00f6rdert proaktiv und unkompliziert die Gewerbeansiedlung. Seevetal ist Teil vom Hamburger Verkehrsverbund (HVV). Auf dem Schienenweg erreicht man den Gemeindeteil Hittfeld mit dem Metronom \u00fcber die Bahnverbindung HH-Harburg-Buchholz-Tostedt. Die zu Seevetal z\u00e4hlenden Ortsteile Meckelfeld und Maschen sind an die Schienenverbindung HH-Harburg-Winsen-L\u00fcneburg angeschlossen.  <\/p>\n<p>Die Gemeinde Seevetal zeichnet sich durch eine hohe Lebensqualit\u00e4t aus. Eine ausgezeichnete Infrastruktur macht das Wohnen in Seevetal speziell f\u00fcr junge Familien reizvoll. Durch die gesunde und wachstumsorientierte Wirtschaft in Seevetal wird von den Gemeindevertretern auch ein besonderes Augenmerk auf die Attraktivit\u00e4t des Wohnortes Seevetal gelegt. In den 19 Einzelgemeinden von Seevetal findet man gen\u00fcgend Baugrund f\u00fcr private Bauherren.<\/p>\n<p>\u00c4hnlich anziehend zeigt sich Rosengarten. Die Gemeinde liegt etwa rund 15 Kilometer von Seevetal entfernt. Gut 13.000 B\u00fcrger sind registriert in dem l\u00e4ndlichen Ort, der sich \u00fcber eine Fl\u00e4che von ungef\u00e4hr 63 Quadratkilometern erstreckt. Rosengarten grenzt an die Hamburger Stadtteile Heimfeld, Marmstorf und Hausbruch. Das zumeist ruhige Leben auf dem Lande verkn\u00fcpft sich in Rosengarten auf perfekte Weise mit den Verg\u00fcnstgungen der nahen Metropole. Seevetal und Rosengarten verf\u00fcgen \u00fcber zahlreiche sch\u00f6ne Wohnquartiere, die insbesondere von einer typischen Einzelhausbebauung gepr\u00e4gt sind. <\/p>\n<h4>Hohe Qualit\u00e4t f\u00fcr Kunden aus Seevetal und Rosengarten<\/h4>\n<p>Sie leben in Seevetal oder Rosengarten und interessieren sich f\u00fcr unser Angebot. Prima, dass Sie uns hier auf dieser Website entdeckt haben. F\u00fcr R\u00fcckfragen sind wir jederzeit f\u00fcr Sie da. Unser freundliches Team freut sich auf Sie.<\/p>","popseo_zusatztext":"<h3>Beste Leistung bei geringen Kosten<\/h3>\n<p>Sie sind interessiert an Trocknungs- oder Sanierungsarbeiten und w\u00fcnschen sich ein entsprechendes Angebot, das eine qualitativ gute Arbeit garantiert, gleichzeitig aber die Kosten im Blick hat. Toll, in diesem Fall sind Sie bei uns an der richtigen Adresse. Als Spezialist f\u00fcr Bauwerksabdichtung, Schimmelbeseitigung und Kellersanierung verarbeiten wir nur exzellente Materialien. Nichtsdestotrotz achten wir immer auf die Kosten, die selbstverst\u00e4ndlich \u00fcberschaubar bleiben sollen. Wir m\u00f6chten Ihnen Qualit\u00e4t bieten, die gleichzeitig auch die Kosten im Blick hat. Bei uns stimmen Kosten und Leistung: Schon seit etlichen Jahren sind wir Ihr erfahrener Fachbetrieb f\u00fcr Sanierungs- und Trocknungsarbeiten im norddeutschen Raum. Unser Unternehmenssitz befindet sich verkehrsg\u00fcnstig in Brietlingen bei L\u00fcndeburg. Die Kosten stets vor Augen: Wir sorgen f\u00fcr eine fachkundig durchgef\u00fchrte Sanierungsarbeit nach dem stets derzeitigen Stand der Technik.<\/p>\n<h3>Kosten vs. Leistung: Eine Sanierung rechnet sich!<\/h3>\n<p>D\u00fcrfen wir Sie beraten, wie Sie die Kosten f\u00fcr eine Sanierung reduzieren? Prima, dann warten Sie bitte nicht und nehmen am besten noch heute Verbindung mit uns auf. Ein kurzer Telefonanruf oder eine schnelle eMail gen\u00fcgen. Die fachm\u00e4nnische Beratung ist gleicherma\u00dfen wichtig wie die korrekte Umsetzung der eigentlichen Arbeiten. Unsere Beratung ist nat\u00fcrlich v\u00f6llig unverbindlich. Hochwertige Arbeit bei moderaten Kosten: Wir empfehlen uns als spezialisiertes Fachunternehmen im Norden. Unsere gro\u00dfe Erfahrung spricht f\u00fcr uns.<br \/>\nSenken Sie die Kosten f\u00fcr Ihr Sanierungsprojekt: Setzen Sie auf die Profis der Fachfirma Keul.<\/p>","popseo_links":"<a href=\"https:\/\/bautenschutz-keul.de\/angebote\/feuchter-keller-tostedt-sittensen\/\">Feuchter Keller Tostedt Sittensen<\/a>, <a href=\"https:\/\/bautenschutz-keul.de\/angebote\/salpeter-im-keller-buechen\/\">Salpeter im Keller B\u00fcchen<\/a>, <a href=\"https:\/\/bautenschutz-keul.de\/angebote\/salpeter-im-keller-ebstorf\/\">Salpeter im Keller Ebstorf<\/a>, <a href=\"https:\/\/bautenschutz-keul.de\/angebote\/zerstoerter-putz-schwarzenbek\/\">zerst\u00f6rter Putz Schwarzenbek<\/a>, <a href=\"https:\/\/bautenschutz-keul.de\/angebote\/schimmelbeseitigung-reinbek-aumuehle\/\">Schimmelbeseitigung Reinbek Aum\u00fchle<\/a>, <a href=\"https:\/\/bautenschutz-keul.de\/angebote\/salpeter-im-keller-stelle\/\">Salpeter im Keller Stelle<\/a>, <a href=\"https:\/\/bautenschutz-keul.de\/angebote\/kellertrockenlegung-seevetal-rosengarten\/\">Kellertrockenlegung Seevetal Rosengarten<\/a>, <a href=\"https:\/\/bautenschutz-keul.de\/angebote\/schimmel-buchholz-in-der-nordheide\/\">Schimmel Buchholz in der Nordheide<\/a>, <a href=\"https:\/\/bautenschutz-keul.de\/angebote\/kellerabdichtung-maschen\/\">Kellerabdichtung Maschen<\/a>, <a href=\"https:\/\/bautenschutz-keul.de\/angebote\/kellersanierung-salzhausen\/\">Kellersanierung Salzhausen<\/a>, <a href=\"https:\/\/bautenschutz-keul.de\/angebote\/feuchte-mauer-stelle\/\">Feuchte Mauer Stelle<\/a>, <a href=\"https:\/\/bautenschutz-keul.de\/angebote\/kellersanierung-jesteburg\/\">Kellersanierung Jesteburg<\/a>, <a href=\"https:\/\/bautenschutz-keul.de\/angebote\/innenabdichtung-glinde-sachsenwald\/\">Innenabdichtung Glinde Sachsenwald<\/a>, <a href=\"https:\/\/bautenschutz-keul.de\/angebote\/kellertrockenlegung-reinbek-aumuehle\/\">Kellertrockenlegung Reinbek Aum\u00fchle<\/a>, <a href=\"https:\/\/bautenschutz-keul.de\/angebote\/aussenabdichtung-geesthacht\/\">Au\u00dfenabdichtung Geesthacht<\/a>, <a href=\"https:\/\/bautenschutz-keul.de\/angebote\/aussenabdichtung-adendorf\/\">Au\u00dfenabdichtung Adendorf<\/a>, <a href=\"https:\/\/bautenschutz-keul.de\/angebote\/zerstoerter-putz-salzhausen\/\">zerst\u00f6rter Putz Salzhausen<\/a>, <a href=\"https:\/\/bautenschutz-keul.de\/angebote\/aufsteigende-feuchtigkeit-bienenbuettel\/\">aufsteigende Feuchtigkeit Bienenb\u00fcttel<\/a>, <a href=\"https:\/\/bautenschutz-keul.de\/angebote\/bauwerksabdichtung-tostedt-sittensen\/\">Bauwerksabdichtung Tostedt Sittensen<\/a>, <a href=\"https:\/\/bautenschutz-keul.de\/angebote\/aufsteigende-feuchtigkeit-harburg\/\">aufsteigende Feuchtigkeit Harburg<\/a>, <a href=\"https:\/\/bautenschutz-keul.de\/angebote\/mauertrockenlegung-glinde-sachsenwald\/\">Mauertrockenlegung Glinde Sachsenwald<\/a>, <a href=\"https:\/\/bautenschutz-keul.de\/angebote\/feuchte-wand-seevetal-rosengarten\/\">Feuchte Wand Seevetal Rosengarten<\/a>, <a href=\"https:\/\/bautenschutz-keul.de\/angebote\/schimmelsanierung-tostedt-sittensen\/\">Schimmelsanierung Tostedt Sittensen<\/a>, <a href=\"https:\/\/bautenschutz-keul.de\/angebote\/aussenabdichtung-reppenstedt\/\">Au\u00dfenabdichtung Reppenstedt<\/a>, <a href=\"https:\/\/bautenschutz-keul.de\/angebote\/mauertrockenlegung-tostedt-sittensen\/\">Mauertrockenlegung Tostedt Sittensen<\/a>, <a href=\"https:\/\/bautenschutz-keul.de\/angebote\/schimmel-bardowick\/\">Schimmel Bardowick<\/a>, <a href=\"https:\/\/bautenschutz-keul.de\/angebote\/schimmel-amelinghausen\/\">Schimmel Amelinghausen<\/a>, <a href=\"https:\/\/bautenschutz-keul.de\/angebote\/salpeter-im-keller-boizenburg\/\">Salpeter im Keller Boizenburg<\/a>"},"_links":{"self":[{"href":"https:\/\/bautenschutz-keul.de\/angebote\/wp-json\/wp\/v2\/pages\/293","targetHints":{"allow":["GET"]}}],"collection":[{"href":"https:\/\/bautenschutz-keul.de\/angebote\/wp-json\/wp\/v2\/pages"}],"about":[{"href":"https:\/\/bautenschutz-keul.de\/angebote\/wp-json\/wp\/v2\/types\/page"}],"author":[{"embeddable":true,"href":"https:\/\/bautenschutz-keul.de\/angebote\/wp-json\/wp\/v2\/users\/1"}],"replies":[{"embeddable":true,"href":"https:\/\/bautenschutz-keul.de\/angebote\/wp-json\/wp\/v2\/comments?post=293"}],"version-history":[{"count":0,"href":"https:\/\/bautenschutz-keul.de\/angebote\/wp-json\/wp\/v2\/pages\/293\/revisions"}],"wp:attachment":[{"href":"https:\/\/bautenschutz-keul.de\/angebote\/wp-json\/wp\/v2\/media?parent=293"}],"curies":[{"name":"wp","href":"https:\/\/api.w.org\/{rel}","templated":true}]}}