{"id":297,"date":"2021-09-13T08:43:56","date_gmt":"2021-09-13T06:43:56","guid":{"rendered":"https:\/\/bautenschutz-keul.de\/angebote\/feuchtigkeitsschaden-winsen-luhe\/"},"modified":"2021-09-13T08:43:56","modified_gmt":"2021-09-13T06:43:56","slug":"feuchtigkeitsschaden-winsen-luhe","status":"publish","type":"page","link":"https:\/\/bautenschutz-keul.de\/angebote\/feuchtigkeitsschaden-winsen-luhe\/","title":{"rendered":"Feuchtigkeitsschaden &#8211; Winsen Luhe"},"content":{"rendered":"<h3>Feuchtigkeitsschaden: Fragen Sie den Sanierungsprofi!<\/h3>\n<p>Als einen Feuchtigkeitsschaden bezeichnet man einen Schaden an der Bausubstanz, der durch einsickernde N\u00e4sse an einer Immobilie hervorgerufen wird. Zu einem Feuchtigkeitsschaden kann es etwa durch st\u00e4ndige Bodenn\u00e4sse, schlechte Wettereinfl\u00fcsse<br \/>\noder durch heftige Kondensation kommen. Entgegen der scheinbaren Verwandtschaft ist der Feuchtigkeitsschaden nicht mit einem Wasserschaden zu verwechseln. Ein Wasserschaden ist im Vergleich zum Feuchtigkeitsschaden auf ein mehr tempor\u00e4res Ereignis wie zum Beispiel einen Wasserrohrdefekt oder auch einer \u00dcberschwemmung zur\u00fcckzuf\u00fchren. Ein Feuchtigkeitsschaden kann zu einem ernsten Problemfall f\u00fcr die Bausubstanz eines Geb\u00e4udes werden. Ein Feuchtigkeitsschaden, der nicht bearbeitet wird, kann auch erhebliche Auswirkungen auf Wohlbefinden und Verfassung der Hausbewohner haben. Schimmelentstehung und Sporenablagerungen sind nicht selten die Basis f\u00fcr gesundheitliche Sch\u00e4digungen. Ein echter Grund, dem Feuchtigkeitsschaden effektiv zu erledigen.  <\/p>\n<h3>Schnell und gr\u00fcndlich: Wir helfen bei der Behebung vom Feuchtigkeitsschaden<\/h3>\n<p>Beizeiten gefunden, muss eine Durchfeuchtung nicht unbedingt drastische und lange Instandsetzungsarbeiten zur Folge haben. Nach einer umfassenden<br \/>\nAnalyse, l\u00e4sst sich ein Feuchtigkeitsschaden nachhaltig erledigen.<br \/>\nDer Schadensgrund gibt letztendlich das Ziel der Sanierung vor.<\/p>\n","protected":false},"excerpt":{"rendered":"<p>Feuchtigkeitsschaden: Fragen Sie den Sanierungsprofi! Als einen Feuchtigkeitsschaden bezeichnet man einen Schaden an der Bausubstanz, der durch einsickernde N\u00e4sse an einer Immobilie hervorgerufen wird. Zu einem Feuchtigkeitsschaden kann es etwa durch st\u00e4ndige Bodenn\u00e4sse, schlechte Wettereinfl\u00fcsse oder durch heftige Kondensation kommen. Entgegen der scheinbaren Verwandtschaft ist der Feuchtigkeitsschaden nicht mit einem Wasserschaden zu verwechseln. Ein Wasserschaden [&hellip;]<\/p>\n","protected":false},"author":1,"featured_media":0,"parent":0,"menu_order":0,"comment_status":"closed","ping_status":"closed","template":"","meta":{"footnotes":""},"class_list":["post-297","page","type-page","status-publish","hentry"],"meta_box":{"popseo_subtitel":"Wir sind Ihr Experte f\u00fcr die Sanierung vom Feuchtigkeitsschaden im Raum Winsen Luhe","popseo_subtitel2":"Feuchtigkeitsschaden - Sanierung durch den Fachbetrieb!","popseo_lasttitel":"Feuchtigkeitsschaden: Treten Sie in Kontakt mit uns!","popseo_region":"Winsen Luhe","popseo_sachwort":"Feuchtigkeitsschaden","popseo_noupdate":"","popseo_einleitungstext":"<p>W\u00e4nde, Kellerr\u00e4ume oder Mauern Ihres Wohn- oder Gesch\u00e4ftshauses weisen einen Feuchtigkeitsschaden und damit einen echten Sanierungbedarf auf. Dann ist es h\u00f6chste Eisenbahn, sich \u00fcber eine qualifiziert ausgef\u00fchrte Trocknung Gedanken zu machen. Das Team der Firma TK Geb\u00e4udetechnik ist auf die Bauwerksabdichtung spezialisiert. Zu den haupts\u00e4chlichen T\u00e4tigkeiten unseres Unternehmens z\u00e4hlen unter anderem die Bereiche Kellerabdichtung, Schimmelbeseitigung und Mauertrockenlegung. Der nachhaltigen Sanierung gilt unsere Aufmersamkeit. Wir beraten fachsicher, wie Sie Ihre Immobilie preisg\u00fcnstig und umweltgerecht sanieren k\u00f6nnen. Ein paar erste Informationen hierzu lesen Sie nachfolgend.<\/p>","popseo_schlusstext":"<p>Sie haben eine Frage zu unserem Leistungskatalog? Wenn Sie m\u00f6chten, informieren wir Sie n\u00e4her \u00fcber unser gesamtes Aufgabenfeld. Mit Vergn\u00fcgen zeigen wir Ihnen einige Referenzen, die Ihnen einen Einblick in unsere Firment\u00e4tigkeit geben. Rufen Sie uns doch einfach einmal an oder senden Sie uns eine E-Mail. Unser freundliches Team arbeitet fachkundig und immer kundenorientiert. Wenn Sie uns anrufen m\u00f6chten: <\/p>\n<p>04133 \u2013 22 37 940<\/p>","popseo_stadttext":"<h3>Wir arbeiten gerne f\u00fcr Kunden aus Winsen (Luhe)<\/h3>\n<p>Winsen (Luhe) ist eine Stadt aus der Metropolregion Hamburg. Die Kreisstadt des Landkreises Harburg hat 32.000 Anwohner und erstreckt sich \u00fcber ein Gebiet von 109 Quadratkilometer. Winsen (Luhe) ist ideal gelegen. In die norddeutsche Metropole Hamburg sind es nur rund 30 km, L\u00fcneburg erreicht man bereits nach gut 20 Kilometern. Winsen (Luhe) besteht in der heutigen Struktur seit 1972. Seinerzeit wurden 13 eigenst\u00e4ndige Gemeinden zur Gesamtgemeinde Winsen (Luhe) zusammengefasst.  <\/p>\n<p>Durch unsere Gesch\u00e4ftst\u00e4tigkeit haben wir uns einen sehr guten \u00dcberblick \u00fcber die Stadtarchitektur der St\u00e4dte und Gemeinden unseres Einzugsbereiches machen k\u00f6nnen. Selbstverst\u00e4ndlich geh\u00f6rt auch Winsen (Luhe) zu unserem unmittelbaren Vertriebsgebiet. Wir freuen uns darauf, mit Ihnen ins Gespr\u00e4ch zu kommen. <\/p>\n<h3>Ein paar Hintergrundinformationen zu Winsen (Luhe)<\/h3>\n<p>Obwohl Winsen (Luhe) durchaus als eine Pendlerstadt gelten darf, ist das mittelst\u00e4ndisch orientierte Wirtschaftsleben beachtlich. Zahllose Firmen u.a. aus den Branchen Maschinenbau, Pharma, Logistik und Bauwesen haben sich in Winsen (Luhe) angesiedelt. Wer von den B\u00fcrgern aus Winsen (Luhe) nicht in einem Betrieb seiner Heimatstadt arbeitet, pendelt meistens in die Gro\u00dfstadt Hamburg. Mit dem Wagen reist man \u00fcber die Bundesautobahn A39 nach Winsen (Luhe). Die Schnellstra\u00dfe ist mit der A1 und der A7 verbunden. Wer die Deutsche Bahn lieber mag, erreicht Winsen (Luhe) \u00fcber die Schienenverbindung Hannover-Hamburg. Au\u00dferdem bietet der Metronom eine viel genutzte Regionallinie an. <\/p>\n<h3>Winsen (Luhe) \u2013 Stadt mit Herz<\/h3>\n<p>Menschen, die das etwas \u00fcberschaubarere Leben in einer kleinen Ortschaft dem L\u00e4rm einer Gro\u00dfstadt vorziehen, finden in Winsen (Luhe) gute Bedingungen vor. Die Infrastruktur in Winsen (Luhe) haut hin! Prima Einkaufsm\u00f6glichkeiten, ein \u00fcberraschend breites Sport- und Freizeitangebot und eine bet\u00f6rende Umgebung sind Pluspunkte, die Winsen (Luhe) auf der Habenseite eintragen kann. Auch Familien m\u00f6gen die Stadt: Alle Schulformen und eine befriedigende Anzahl an Kindertagesst\u00e4tten stehen in Winsen (Luhe) bereit. <\/p>\n<h4>Hohe Qualit\u00e4t f\u00fcr Kunden aus Winsen (Luhe)<\/h4>\n<p>Prima, dass Sie diese Seite gefunden haben. Wenn Sie ein Fachunternehmen suchen, sind Sie bei uns richtig. Sie m\u00f6chten mehr \u00fcber uns wissen? F\u00fcr R\u00fcckfragen stehen wir Ihnen jederzeit zur Verf\u00fcgung. Auf den Kontakt zu Ihnen freuen wir uns.<\/p>","popseo_zusatztext":"<h3>Beim Abdichten sind wir Profi<\/h3>\n<p>Sie haben einen Feuchteschaden festgestellt und m\u00fcssen die entsprechenden W\u00e4nde nun z\u00fcgig abdichten. Sch\u00f6n, dass Sie uns gefunden haben! Als erfahrenes Fachunternehmen der Baubranche kennen wir uns allerbestens aus mit dem Abdichten von Mauern, Kellern oder W\u00e4nden.  <\/p>\n<p>N\u00e4ssesch\u00e4den sind unsere Fachkompetenz: F\u00fcr unseren Betrieb geh\u00f6rt das Abdichten von W\u00e4nden, Kellern oder Mauern zur t\u00e4glichen Arbeit. Wir gehen der Ursache f\u00fcr den N\u00e4sseeintritt gr\u00fcndlich auf den Grund. Vor dem eigentlichen Abdichten muss als Erstes die Ursachenfindung stehen. Erst wenn man den tats\u00e4chlichen Grund f\u00fcr eine Durchn\u00e4ssung ermittelt hat, kann man mit dem Abdichten anfangen. Die Analyse gibt die Richtung vor, den das Abdichten eines Bauk\u00f6rpers beinhalten muss.  <\/p>\n<h4>Abdichten \u2013 wir helfen schnell und unkompliziert!<\/h4>\n<p>Z\u00f6gern Sie bitte nicht und verabreden Sie gleich einen Termin mit einem unserer routinierten Mitarbeiter. Ein kurzer Telefonanruf oder eine kurze eMail gen\u00fcgen! Bei einer Bestandsaufnahme direkt am betroffenen Objekt, nehmen wir den Schaden auf und erstellen daraufhin ein Konzept f\u00fcr das nachhaltige Abdichten der gesch\u00e4digten Bereiche. Unsere Arbeit ist stets zweckorientiert: Nat\u00fcrlich flie\u00dfen auch monet\u00e4re \u00dcberlegungen in unsere Entscheidungsfindung f\u00fcr das Abdichten Ihres Geb\u00e4udes mit ein. Alles aus einer Hand: Unsere engagierten Angestellten f\u00fchren alle erforderlichen T\u00e4tigkeiten, die zum Abdichten geh\u00f6ren schnell und verl\u00e4sslich aus. Bereits seit langer Zeit ist unser Unternehmen f\u00fcr eine hohe Fachkompetenz bekannt. Eine unserer Schwerpunkte liegt im Abdichten von Wohn- und Gesch\u00e4ftsgeb\u00e4uden. Setzen Sie auf Kompetenz und beauftragen Sie unsere Firma f\u00fcr das Abdichten von neuralgischen Bereichen im Mauerwerk. Wir freuen uns darauf, auch Ihnen helfen zu k\u00f6nnen.<\/p>","popseo_links":"<a href=\"https:\/\/bautenschutz-keul.de\/angebote\/kellertrockenlegung-glinde-sachsenwald\/\">Kellertrockenlegung Glinde Sachsenwald<\/a>, <a href=\"https:\/\/bautenschutz-keul.de\/angebote\/innenabdichtung-bergedorf-wentorf\/\">Innenabdichtung Bergedorf Wentorf<\/a>, <a href=\"https:\/\/bautenschutz-keul.de\/angebote\/zerstoerter-putz-schwarzenbek\/\">zerst\u00f6rter Putz Schwarzenbek<\/a>, <a href=\"https:\/\/bautenschutz-keul.de\/angebote\/zerstoerter-putz-salzhausen\/\">zerst\u00f6rter Putz Salzhausen<\/a>, <a href=\"https:\/\/bautenschutz-keul.de\/angebote\/schimmel-reppenstedt\/\">Schimmel Reppenstedt<\/a>, <a href=\"https:\/\/bautenschutz-keul.de\/angebote\/horizontalsperre-seevetal-rosengarten\/\">Horizontalsperre Seevetal Rosengarten<\/a>, <a href=\"https:\/\/bautenschutz-keul.de\/angebote\/mauertrockenlegung-jesteburg\/\">Mauertrockenlegung Jesteburg<\/a>, <a href=\"https:\/\/bautenschutz-keul.de\/angebote\/rissverpressung-buechen\/\">Rissverpressung B\u00fcchen<\/a>, <a href=\"https:\/\/bautenschutz-keul.de\/angebote\/feuchte-mauer-salzhausen\/\">Feuchte Mauer Salzhausen<\/a>, <a href=\"https:\/\/bautenschutz-keul.de\/angebote\/feuchte-wand-bispingen\/\">Feuchte Wand Bispingen<\/a>, <a href=\"https:\/\/bautenschutz-keul.de\/angebote\/feuchte-wand-harburg\/\">Feuchte Wand Harburg<\/a>, <a href=\"https:\/\/bautenschutz-keul.de\/angebote\/aussenabdichtung-bergedorf-wentorf\/\">Au\u00dfenabdichtung Bergedorf Wentorf<\/a>, <a href=\"https:\/\/bautenschutz-keul.de\/angebote\/feuchte-wand-uelzen\/\">Feuchte Wand Uelzen<\/a>, <a href=\"https:\/\/bautenschutz-keul.de\/angebote\/horizontalsperre-buchholz-in-der-nordheide\/\">Horizontalsperre Buchholz in der Nordheide<\/a>, <a href=\"https:\/\/bautenschutz-keul.de\/angebote\/rissverpressung-jesteburg\/\">Rissverpressung Jesteburg<\/a>, <a href=\"https:\/\/bautenschutz-keul.de\/angebote\/feuchtigkeit-bispingen\/\">Feuchtigkeit Bispingen<\/a>, <a href=\"https:\/\/bautenschutz-keul.de\/angebote\/aufsteigende-feuchtigkeit-harburg\/\">aufsteigende Feuchtigkeit Harburg<\/a>, <a href=\"https:\/\/bautenschutz-keul.de\/angebote\/aufsteigende-feuchtigkeit-brietlingen\/\">aufsteigende Feuchtigkeit Brietlingen<\/a>, <a href=\"https:\/\/bautenschutz-keul.de\/angebote\/mauertrockenlegung-buechen\/\">Mauertrockenlegung B\u00fcchen<\/a>, <a href=\"https:\/\/bautenschutz-keul.de\/angebote\/rissverpressung-brietlingen\/\">Rissverpressung Brietlingen<\/a>, <a href=\"https:\/\/bautenschutz-keul.de\/angebote\/salpeter-im-keller-amt-neuhaus\/\">Salpeter im Keller Amt Neuhaus<\/a>, <a href=\"https:\/\/bautenschutz-keul.de\/angebote\/aufsteigende-feuchtigkeit-boizenburg\/\">aufsteigende Feuchtigkeit Boizenburg<\/a>, <a href=\"https:\/\/bautenschutz-keul.de\/angebote\/innenabdichtung-lueneburg\/\">Innenabdichtung L\u00fcneburg<\/a>, <a href=\"https:\/\/bautenschutz-keul.de\/angebote\/schimmelbeseitigung-bardowick\/\">Schimmelbeseitigung Bardowick<\/a>, <a href=\"https:\/\/bautenschutz-keul.de\/angebote\/rissverpressung-adendorf\/\">Rissverpressung Adendorf<\/a>, <a href=\"https:\/\/bautenschutz-keul.de\/angebote\/kellerabdichtung-jesteburg\/\">Kellerabdichtung Jesteburg<\/a>, <a href=\"https:\/\/bautenschutz-keul.de\/angebote\/kellersanierung-bienenbuettel\/\">Kellersanierung Bienenb\u00fcttel<\/a>, <a href=\"https:\/\/bautenschutz-keul.de\/angebote\/schimmelsanierung-bardowick\/\">Schimmelsanierung Bardowick<\/a>"},"_links":{"self":[{"href":"https:\/\/bautenschutz-keul.de\/angebote\/wp-json\/wp\/v2\/pages\/297","targetHints":{"allow":["GET"]}}],"collection":[{"href":"https:\/\/bautenschutz-keul.de\/angebote\/wp-json\/wp\/v2\/pages"}],"about":[{"href":"https:\/\/bautenschutz-keul.de\/angebote\/wp-json\/wp\/v2\/types\/page"}],"author":[{"embeddable":true,"href":"https:\/\/bautenschutz-keul.de\/angebote\/wp-json\/wp\/v2\/users\/1"}],"replies":[{"embeddable":true,"href":"https:\/\/bautenschutz-keul.de\/angebote\/wp-json\/wp\/v2\/comments?post=297"}],"version-history":[{"count":0,"href":"https:\/\/bautenschutz-keul.de\/angebote\/wp-json\/wp\/v2\/pages\/297\/revisions"}],"wp:attachment":[{"href":"https:\/\/bautenschutz-keul.de\/angebote\/wp-json\/wp\/v2\/media?parent=297"}],"curies":[{"name":"wp","href":"https:\/\/api.w.org\/{rel}","templated":true}]}}