{"id":299,"date":"2021-09-13T08:43:56","date_gmt":"2021-09-13T06:43:56","guid":{"rendered":"https:\/\/bautenschutz-keul.de\/angebote\/horizontalsperre-amelinghausen\/"},"modified":"2021-09-13T08:43:56","modified_gmt":"2021-09-13T06:43:56","slug":"horizontalsperre-amelinghausen","status":"publish","type":"page","link":"https:\/\/bautenschutz-keul.de\/angebote\/horizontalsperre-amelinghausen\/","title":{"rendered":"Horizontalsperre &#8211; Amelinghausen"},"content":{"rendered":"<h3>Sie ben\u00f6tigen eine Horizontalsperre? Dann rufen Sie uns bitte an!<\/h3>\n<p>Die Horizontalsperre ist eine bautechnische Verfahrensweise, die unterbinden soll, dass Feuchtigkeit in die Wand eindringen kann. Eindringende N\u00e4sse gef\u00e4hrdet die Substanz eines Hauses. Geb\u00e4udebesitzer sind entsprechend gut beraten, nachhaltig gegen Durchfeuchtungen vorzugehen. Mittlerweile werden die allermeisten Neubauten schon mit einer Horizontalsperre ausgestattet. Bei den meisten \u00e4lteren H\u00e4usern fehlt sie dagegen ganz oder ist mit den Jahren kaputt gegangen. Hier gilt es Vers\u00e4umtes nachzuarbeiten. <\/p>\n<h3>Horizontalsperre: Unsere Mitarbeiter stehen f\u00fcr Sie bereit!<\/h3>\n<p>Bei der Horizontalsperre unterscheidet man im Allgemeinen drei verschiedene Techniken. Man redet hier oftmals von der mechanischen, der chemischen sowie der elektrophysikalischen Horizontalsperre. Eine mechanische Horizontalabdichtung greift auf Feuchtigkeitssperren aus Edelstahl, Kunststoff und auch Dachpappe zur\u00fcck. Ins Mauerwerk eingebaut, unterbinden diese Baustoffe die gef\u00e4hrliche Verbreitung von N\u00e4sse. Beim Vorgang der chemischen Horizontalsperre werden bestimmte Dichtungsstoffe nachtr\u00e4glich in die Wand eingegeben.<br \/>\nEine elektrolytische Horizontalabdichtung schlie\u00dflich setzt auf die Methode der so bezeichneten Elektromose. Darunter wird eine Technik verstanden, bei der ein elektrisches Feld parallel zur Oberfl\u00e4che angelegt wird. Die Wirkung der elektrolytischen Horizontalsperre ist ebenfalls sehr gut. Eine professionell ausgef\u00fchrte Horizontalabdichtung ist eine lohnenswerte Investition. Feuchtes Mauerwerk bedroht den Wert eines Geb\u00e4udes. Au\u00dferdem: Dauerhafte<br \/>\nN\u00e4sse ist gesundheitlich bedrohend und wirkt sich schlecht auf das Wohlempfinden aus.<\/p>\n","protected":false},"excerpt":{"rendered":"<p>Sie ben\u00f6tigen eine Horizontalsperre? Dann rufen Sie uns bitte an! Die Horizontalsperre ist eine bautechnische Verfahrensweise, die unterbinden soll, dass Feuchtigkeit in die Wand eindringen kann. Eindringende N\u00e4sse gef\u00e4hrdet die Substanz eines Hauses. Geb\u00e4udebesitzer sind entsprechend gut beraten, nachhaltig gegen Durchfeuchtungen vorzugehen. Mittlerweile werden die allermeisten Neubauten schon mit einer Horizontalsperre ausgestattet. Bei den meisten [&hellip;]<\/p>\n","protected":false},"author":1,"featured_media":0,"parent":0,"menu_order":0,"comment_status":"closed","ping_status":"closed","template":"","meta":{"footnotes":""},"class_list":["post-299","page","type-page","status-publish","hentry"],"meta_box":{"popseo_subtitel":"Die Firma TK-Geb\u00e4udetechnik Thorsten Keul ist Ihr erfahrener Experte in Sachen Horizontalsperre im Raum Amelinghausen","popseo_subtitel2":"Horizontalsperre - unsere Experten informieren Sie gerne \u00fcber Ihre M\u00f6glichkeiten","popseo_lasttitel":"Horizontalsperre: D\u00fcrfen wir Ihre Fragen beantworten?","popseo_region":"Amelinghausen","popseo_sachwort":"Horizontalsperre","popseo_noupdate":"","popseo_einleitungstext":"<p>W\u00e4nde, Kellerr\u00e4ume oder Mauern Ihrer Wohn- oder Gesch\u00e4ftsimmobilie weisen einen Feuchtigkeitsschaden und damit einen nicht zu \u00fcbersehenden Sanierungsbedarf auf. Dann ist es an der Zeit, sich \u00fcber eine qualifiziert ausgef\u00fchrte Trocknung Gedanken zu machen. Unser Handwerksbetrieb ist auf die Bauwerksabdichtung spezialisiert. Zu den Hauptaufgaben unserer Firma geh\u00f6ren zum Beispiel die Bereiche Kellerabdichtung, Schimmelbeseitigung und Mauertrockenlegung. Der nachhaltigen Sanierung haben wir uns verschrieben. Wir beraten qualifiziert, wie Sie Ihre Immobilie umweltgerecht und preisg\u00fcnstig sanieren k\u00f6nnen. Ein paar erste Informationen dazu lesen Sie nachfolgend.<\/p>","popseo_schlusstext":"<p>Sehr gerne informieren wir Sie n\u00e4her \u00fcber unser Aufgabengebiet. Wir zeigen Ihnen mit Vergn\u00fcgen auch einige Referenzen, die Ihnen einen Einblick in unsere Unternehmenst\u00e4tigkeit geben.<br \/>\nVertrauen Sie den Spezialisten der Firma TK-Geb\u00e4udetechnik. Rufen Sie uns doch rasch einmal an oder schreiben Sie uns eine schnelle E-Mail. Wir freuen uns auf Sie.<\/p>","popseo_stadttext":"<h3>Wir freuen uns \u00fcber Anfragen aus  Amelinghausen<\/h3>\n<p>Durch unsere T\u00e4tigkeit haben wir uns einen sehr guten \u00dcberblick \u00fcber die Architektur der Gemeinden und St\u00e4dte unseres Vertriebsgebietes machen k\u00f6nnen. Unser Einzugsgebiet umfasst nat\u00fcrlich auch Amelinghausen. Wir f\u00fchlen uns der Region verpflichtet und freuen uns dar\u00fcber auch einen Teil zur ausgezeichneten Infrastruktur der Gemeinde beizusteuern zu k\u00f6nnen.  <\/p>\n<p><h3>Ein paar Hintergrundinformationen zu Amelinghausen<\/h3><br \/>\nAmelinghausen liegt in der L\u00fcneburger Heide. Ann\u00e4hernd 4.000 Anwohner wohnen in Amelinghausen auf einer Gesamtfl\u00e4che von zirka 16 Quadratkilometern. In den Ort gelangt man mit dem Auto \u00fcber die B209. Die Umgebung erm\u00f6glicht erlebnisreiche Ausfl\u00fcge. Die Baustruktur in der Region ist \u00fcberwiegend dominiert von einer angenehmen Einzelhausbebauung. Besonders junge Familien genie\u00dfen das Leben in Amelinghausen. Die N\u00e4he zur Stadt L\u00fcneburg mit sehr guten Verkehrsanbindungen und Freizeitangeboten machen den Ort Amelinghausen so lebenswert.<br \/>\nDie Gemeinde ist Amtssitz der Samtgemeinde Amelinghausen, einer Vereinigung von f\u00fcnf kleineren Orten. Dies sind neben Amelinghausen selbst die Gemeinden Betzendorf, Oldendorf (Luhe), Soderstorf und Rehlingen. Die Samtgemeinde z\u00e4hlt in Summe etwa 8.000 B\u00fcrger und erstreckt sich \u00fcber eine Fl\u00e4che von zirka 194 qkm.<\/p>\n<h4>Hohe Qualit\u00e4t f\u00fcr Kunden aus Amelinghausen<\/h4>\n<p>Sie leben in Amelinghausen, Oldendorf (Luhe), Betzendorf, Soderstorf oder Rehlingen und interessieren sich f\u00fcr unser Leistungsangebot. Toll, dass Sie diese Seite gefunden haben. F\u00fcr R\u00fcckfragen sind wir jederzeit f\u00fcr Sie da. Unser freundliches Team freut sich auf Sie.<\/p>","popseo_zusatztext":"<h3>Hohe Kosten bei der Bauwerksabdichtung m\u00fcssen nicht sein<\/h3>\n<p>Sie haben Interesse an Trocknungs- oder Sanierungsarbeiten und w\u00fcnschen sich ein passendes Angebot, das eine handwerklich gute Arbeit garantiert, gleichzeitig aber keine hohen Kosten verursacht. Klasse, in diesem Fall sind Sie bei uns an der richtigen Adresse. Als Fachbetrieb f\u00fcr Kellersanierung, Schimmelbeseitigung und Geb\u00e4udeabdichtung verwenden wir ausnahmslos ausgezeichnete Materialien. Nichtsdestotrotz achten wir nat\u00fcrlich auf die Kosten, die selbstverst\u00e4ndlich \u00fcberschaubar bleiben sollen. Wir m\u00f6chten Ihnen beste Qualit\u00e4t anbieten, die gleichzeitig auch die Kosten im Blick beh\u00e4lt. Bei uns stimmen Kosten und Leistung: Seit vielen Jahren schon sind wir Ihr qualifizierter Partner f\u00fcr Trocknungs- und Sanierungsarbeiten im norddeutschen Raum. Unser Gesch\u00e4ftssitz befindet sich verkehrsg\u00fcnstig in Brietlingen bei L\u00fcndeburg. Die Kosten stets vor Augen: Wir bieten Ihnen eine fachgerecht ausgef\u00fchrte Arbeit nach dem stets aktuellsten Stand der Technik.<\/p>\n<h3>Kosten vs. Leistung: Eine Sanierung rechnet sich!<\/h3>\n<p>D\u00fcrfen wir Sie beraten, wie Sie die Kosten f\u00fcr eine Sanierung senken k\u00f6nnen? Super, dann z\u00f6gern Sie bitte nicht und nehmen am besten gleich heute Kontakt mit uns auf. Ein kurzer Anruf oder auch eine kurze E-Mail gen\u00fcgen. Die gute Beratung ist ebenso wichtig wie die perfekte Ausf\u00fchrung der entprechenden Arbeiten. Unsere Beratung ist nat\u00fcrlich v\u00f6llig unverbindlich. Hochwertige Arbeit bei niedrigen Kosten: Wir empfehlen uns als spezialisiertes Unternehmen in Norddeutschland. Unsere gro\u00dfe Erfahrung spricht f\u00fcr uns.<br \/>\nMinimieren Sie die Kosten f\u00fcr Ihr Sanierungsprojekt: Setzen Sie auf die Profis der Fachfirma Keul.<\/p>","popseo_links":"<a href=\"https:\/\/bautenschutz-keul.de\/angebote\/rissverpressung-adendorf\/\">Rissverpressung Adendorf<\/a>, <a href=\"https:\/\/bautenschutz-keul.de\/angebote\/innenabdichtung-salzhausen\/\">Innenabdichtung Salzhausen<\/a>, <a href=\"https:\/\/bautenschutz-keul.de\/angebote\/feuchte-mauer-bad-bevensen\/\">Feuchte Mauer Bad Bevensen<\/a>, <a href=\"https:\/\/bautenschutz-keul.de\/angebote\/kellersanierung-adendorf\/\">Kellersanierung Adendorf<\/a>, <a href=\"https:\/\/bautenschutz-keul.de\/angebote\/schimmelbeseitigung-amt-neuhaus\/\">Schimmelbeseitigung Amt Neuhaus<\/a>, <a href=\"https:\/\/bautenschutz-keul.de\/angebote\/zerstoerter-putz-winsen-luhe\/\">zerst\u00f6rter Putz Winsen Luhe<\/a>, <a href=\"https:\/\/bautenschutz-keul.de\/angebote\/kellersanierung-reppenstedt\/\">Kellersanierung Reppenstedt<\/a>, <a href=\"https:\/\/bautenschutz-keul.de\/angebote\/salpeter-im-keller-uelzen\/\">Salpeter im Keller Uelzen<\/a>, <a href=\"https:\/\/bautenschutz-keul.de\/angebote\/schimmelbeseitigung-amelinghausen\/\">Schimmelbeseitigung Amelinghausen<\/a>, <a href=\"https:\/\/bautenschutz-keul.de\/angebote\/kellersanierung-tostedt-sittensen\/\">Kellersanierung Tostedt Sittensen<\/a>, <a href=\"https:\/\/bautenschutz-keul.de\/angebote\/feuchte-wand-winsen-luhe\/\">Feuchte Wand Winsen Luhe<\/a>, <a href=\"https:\/\/bautenschutz-keul.de\/angebote\/innenabdichtung-amt-neuhaus\/\">Innenabdichtung Amt Neuhaus<\/a>, <a href=\"https:\/\/bautenschutz-keul.de\/angebote\/schimmelsanierung-adendorf\/\">Schimmelsanierung Adendorf<\/a>, <a href=\"https:\/\/bautenschutz-keul.de\/angebote\/bauwerksabdichtung-reppenstedt\/\">Bauwerksabdichtung Reppenstedt<\/a>, <a href=\"https:\/\/bautenschutz-keul.de\/angebote\/zerstoerter-putz-adendorf\/\">zerst\u00f6rter Putz Adendorf<\/a>, <a href=\"https:\/\/bautenschutz-keul.de\/angebote\/salpeter-im-keller-stelle\/\">Salpeter im Keller Stelle<\/a>, <a href=\"https:\/\/bautenschutz-keul.de\/angebote\/schimmelsanierung-uelzen\/\">Schimmelsanierung Uelzen<\/a>, <a href=\"https:\/\/bautenschutz-keul.de\/angebote\/feuchter-keller-harburg\/\">Feuchter Keller Harburg<\/a>, <a href=\"https:\/\/bautenschutz-keul.de\/angebote\/feuchtigkeitsschaden-bardowick\/\">Feuchtigkeitsschaden Bardowick<\/a>, <a href=\"https:\/\/bautenschutz-keul.de\/angebote\/kellertrockenlegung-amelinghausen\/\">Kellertrockenlegung Amelinghausen<\/a>, <a href=\"https:\/\/bautenschutz-keul.de\/angebote\/schimmel-reppenstedt\/\">Schimmel Reppenstedt<\/a>, <a href=\"https:\/\/bautenschutz-keul.de\/angebote\/schimmel-adendorf\/\">Schimmel Adendorf<\/a>, <a href=\"https:\/\/bautenschutz-keul.de\/angebote\/aufsteigende-feuchtigkeit-bardowick\/\">aufsteigende Feuchtigkeit Bardowick<\/a>, <a href=\"https:\/\/bautenschutz-keul.de\/angebote\/feuchte-wand-schwarzenbek\/\">Feuchte Wand Schwarzenbek<\/a>, <a href=\"https:\/\/bautenschutz-keul.de\/angebote\/schimmelsanierung-bardowick\/\">Schimmelsanierung Bardowick<\/a>, <a href=\"https:\/\/bautenschutz-keul.de\/angebote\/salpeter-im-keller-jesteburg\/\">Salpeter im Keller Jesteburg<\/a>, <a href=\"https:\/\/bautenschutz-keul.de\/angebote\/rissverpressung-harburg\/\">Rissverpressung Harburg<\/a>, <a href=\"https:\/\/bautenschutz-keul.de\/angebote\/schimmelsanierung-reinbek-aumuehle\/\">Schimmelsanierung Reinbek Aum\u00fchle<\/a>"},"_links":{"self":[{"href":"https:\/\/bautenschutz-keul.de\/angebote\/wp-json\/wp\/v2\/pages\/299","targetHints":{"allow":["GET"]}}],"collection":[{"href":"https:\/\/bautenschutz-keul.de\/angebote\/wp-json\/wp\/v2\/pages"}],"about":[{"href":"https:\/\/bautenschutz-keul.de\/angebote\/wp-json\/wp\/v2\/types\/page"}],"author":[{"embeddable":true,"href":"https:\/\/bautenschutz-keul.de\/angebote\/wp-json\/wp\/v2\/users\/1"}],"replies":[{"embeddable":true,"href":"https:\/\/bautenschutz-keul.de\/angebote\/wp-json\/wp\/v2\/comments?post=299"}],"version-history":[{"count":0,"href":"https:\/\/bautenschutz-keul.de\/angebote\/wp-json\/wp\/v2\/pages\/299\/revisions"}],"wp:attachment":[{"href":"https:\/\/bautenschutz-keul.de\/angebote\/wp-json\/wp\/v2\/media?parent=299"}],"curies":[{"name":"wp","href":"https:\/\/api.w.org\/{rel}","templated":true}]}}