{"id":300,"date":"2021-09-13T08:43:56","date_gmt":"2021-09-13T06:43:56","guid":{"rendered":"https:\/\/bautenschutz-keul.de\/angebote\/horizontalsperre-amt-neuhaus\/"},"modified":"2021-09-13T08:43:56","modified_gmt":"2021-09-13T06:43:56","slug":"horizontalsperre-amt-neuhaus","status":"publish","type":"page","link":"https:\/\/bautenschutz-keul.de\/angebote\/horizontalsperre-amt-neuhaus\/","title":{"rendered":"Horizontalsperre &#8211; Amt Neuhaus"},"content":{"rendered":"<h3>Sie ben\u00f6tigen eine Horizontalsperre? Dann rufen Sie uns bitte an!<\/h3>\n<p>Die Horizontalsperre ist eine bautechnische Verfahrensweise, die unterbinden soll, dass Feuchtigkeit ins Mauerwerk einsickern kann. Eindringende Bodenfeuchtigkeit bedroht die Substanz einer Immobilie. Immobilieneigent\u00fcmer sind entsprechend gut beraten, nachhaltig gegen Durchfeuchtungen vorzugehen. Mittlerweile werden die allermeisten Neubauten schon mit einer Horizontalsperre ausgestattet. Bei vielen alten Immobilien fehlt sie dagegen ganz oder ist mit den Jahren kaputt gegangen. Hier gilt es Vers\u00e4umtes nachzuarbeiten. <\/p>\n<h3>Schnell und gr\u00fcndlich: Wir richten eine Horizontalsperre ein<\/h3>\n<p>Bei der Horizontalsperre unterscheidet man gemeinhin drei unterschiedliche Ma\u00dfnahmen. Man spricht hier zumeist von der chemischen, der mechanischen sowie der elektrophysikalischen Horizontalsperre. Die mechanische Horizontalabdichtung greift auf Feuchtigkeitssperren aus hochwertigem Stahl, Kunststoff beziehungsweise Dachpappe zur\u00fcck. Ins Mauerwerk eingebaut, verhindern diese Werkstoffe die sch\u00e4digende Verbreitung von N\u00e4sse. Beim Verfahren der chemischen Horizontalsperre werden bestimmte Dichtungsstoffe nachtr\u00e4glich in die Wand eingebracht.<br \/>\nDie elektrolytische Horizontalabdichtung schlie\u00dflich vertraut auf die Technik der sogenannten Elektromose. Darunter wird eine Arbeitsweise verstanden, bei der ein elektrisches Feld parallel zur Au\u00dfenseite erzeugt wird. Die Wirksamkeit der elektrolytischen Horizontalsperre ist ebenfalls sehr gut. Eine perfekt vorgenommene Horizontalabdichtung ist eine lohnende Investition. Feuchtes Mauerwerk bedroht den Wert eines Hauses. Au\u00dferdem: Fortw\u00e4hrende<br \/>\nFeuchtigkeit ist gesundheitlich abtr\u00e4glich und wirkt sich schlecht auf das Wohlbefinden aus.<\/p>\n","protected":false},"excerpt":{"rendered":"<p>Sie ben\u00f6tigen eine Horizontalsperre? Dann rufen Sie uns bitte an! Die Horizontalsperre ist eine bautechnische Verfahrensweise, die unterbinden soll, dass Feuchtigkeit ins Mauerwerk einsickern kann. Eindringende Bodenfeuchtigkeit bedroht die Substanz einer Immobilie. Immobilieneigent\u00fcmer sind entsprechend gut beraten, nachhaltig gegen Durchfeuchtungen vorzugehen. Mittlerweile werden die allermeisten Neubauten schon mit einer Horizontalsperre ausgestattet. Bei vielen alten Immobilien [&hellip;]<\/p>\n","protected":false},"author":1,"featured_media":0,"parent":0,"menu_order":0,"comment_status":"closed","ping_status":"closed","template":"","meta":{"footnotes":""},"class_list":["post-300","page","type-page","status-publish","hentry"],"meta_box":{"popseo_subtitel":"Die Firma TK-Geb\u00e4udetechnik Thorsten Keul ist Ihr erfahrener Fachbetrieb in Sachen Horizontalsperre in Amt Neuhaus","popseo_subtitel2":"Horizontalsperre durch die Experten unserer Firma","popseo_lasttitel":"Horizontalsperre: Sie haben Fragen? Dann melden Sie sich bei uns","popseo_region":"Amt Neuhaus","popseo_sachwort":"Horizontalsperre","popseo_noupdate":"","popseo_einleitungstext":"<p>Sie haben sich mit der Bauwerksabdichtung auseinandergesetzt, weil Ihre Immobilie feuchte Geb\u00e4udebereiche aufweist und Sie nach Methoden einer professionellen und vor allem wirksamen Sanierung Ausschau halten. Hervorragend, dass Sie unsere Homepage entdeckt haben. Nachfolgend d\u00fcrfen wir Ihnen einige Informationen zu unserem Leistungsangebot geben. Sie lernen auf dieser Website unsere Firma n\u00e4her kennen. <\/p>\n<p>Unser Unternehmen ist ein qualifizierter und etablierter Fachbetrieb mit Gesch\u00e4ftsssitz in Brietlingen bei L\u00fcneburg. Bereits seit vielen Jahren sind wir Ihr Spezialist f\u00fcr s\u00e4mtliche Fragen rund um die Bauwerksabdichtung. Wir setzen ausschlie\u00dflich praxisbew\u00e4hrte und effektive Sanierungsmethoden und -systeme ein. Als Sanierungsfachbetrieb blicken wir auf eine lange und intensive Berufserfahrung zur\u00fcck. Unsere engagierten Fachleute informieren Sie mit Vergn\u00fcgen im Detail.<\/p>","popseo_schlusstext":"<p>Wenn Sie mehr wissen m\u00f6chten, informieren wir Sie n\u00e4her \u00fcber unser T\u00e4tigkeitsspektrum. Wir pr\u00e4sentieren Ihnen mit Vergn\u00fcgen auch ein paar Referenzen, die Ihnen einen Einblick in unsere T\u00e4tigkeit geben.<br \/>\nSchenken Sie uns Ihr Vertrauen. Rufen Sie uns doch rasch einmal an oder senden Sie uns eine schnelle E-Mail. Wir freuen uns auf Sie.<\/p>","popseo_stadttext":"<h3>Wir freuen uns \u00fcber Anfragen aus dem Amt Neuhaus<\/h3>\n<p>Durch unsere Vertriebst\u00e4tigkeit haben wir uns einen sehr guten \u00dcberblick \u00fcber die Architektur der Gemeinden und St\u00e4dte unseres Einzugsbereiches machen k\u00f6nnen. Selbstverst\u00e4ndlich geh\u00f6rt auch das Amt Neuhaus zu unserem unmittelbaren Vertriebsgebiet. Sie kommen aus Haar, Dellien, Kaar\u00dfen, Neuhaus, Stapel, Sumte oder Tripkau und sind hier im Internet auf unsere Website gesto\u00dfen? Das finden wir klasse. Sehr gerne pr\u00e4sentieren wir Ihnen unser gesamtes Leistungsspektrum und beantworten Ihre Fragen. Wir freuen uns darauf, mit Ihnen in Kontakt zu treten. <\/p>\n<h2>Einige Details \u00fcber das Amt Neuhaus:<\/h2>\n<p>Das Amt Neuhaus geh\u00f6rt verwaltungstechnisch zum Kreis L\u00fcneburg. Insgesamt leben etwas weniger als 5.000 registrierte Einwohner in der Region. Rund 237 Quadratkilometer umfasst das gesamte Gebiet. Das Amt Neuhaus ist verkehrstechnisch hervorragend angeschlossen und \u00fcberzeugt durch eine gute Infrastruktur. Aufgrund der hervorragenden Lage ist das Amt Neuhaus insbesondere bei Pendlern wohlgelitten. Sowohl Hannover, L\u00fcneburg als auch Hamburg sind schnell erreicht. Das gesamte Areal des Amtes zeichnet sich durch eine absolut bemerkenswerte Wohn- und Lebensqualit\u00e4t aus. Die besonders als Wohnstatt gefragte Ortschaften sind vor allem auch f\u00fcr junge Familien mit Kindern die erste Wahl. Das Amt Neuhaus verbindet durch seine Lage auf eine interessante Art und Weise urbanes Leben mit dem eher \u00fcbersichtlichen Flair eines Au\u00dfenbezirkes. F\u00fcr die Gr\u00f6\u00dfe des Amtes erstaunlich viele Freizeit- und Sportm\u00f6glichkeiten und eine landschaftlich ansprechende Umgebung kennzeichnen die Region. Die Baustruktur im Amt Neuhaus wird dominiert von einer ansprechenden Einzelhausbebauung. <\/p>\n<h4>Hohe Qualit\u00e4t f\u00fcr Kunden aus dem Amt Neuhaus<\/h4>\n<p>Sie kommen aus Dellien, Haar, Kaar\u00dfen, Neuhaus, Sumte, Stapel oder Tripkau, interessieren sich f\u00fcr unser Angebot und sind hier im Internet auf unsere Website gesto\u00dfen? Dar\u00fcber freuen wir uns sehr. Sehr gerne pr\u00e4sentieren wir Ihnen unser komplettes Angebotsspektrum und beantworten Ihre Fragen. Unser engagiertes Team freut sich auf Sie.<\/p>","popseo_zusatztext":"<h3>Perfekte Sanierungsarbeiten zu geringen Kosten<\/h3>\n<p>Sie sind interessiert an Trocknungs- oder Sanierungsarbeiten und w\u00fcnschen sich ein entsprechendes Angebot, das eine qualitativ gute Arbeit garantiert, gleichzeitig aber keine hohen Kosten nach sich zieht. Klasse, in diesem Fall sind Sie bei uns an der richtigen Adresse. Als Spezialist f\u00fcr Bauwerksabdichtung, Kellersanierung und Schimmelbeseitigung verwenden wir ausnahmslos exzellente Materialien. Nichtsdestotrotz achten wir immer auf die Kosten, die selbstverst\u00e4ndlich \u00fcberschaubar bleiben sollen. Wir m\u00f6chten Ihnen Qualit\u00e4t anbieten, die gleichzeitig auch die Kosten im Blick hat. Bei uns stimmen Kosten und Qualit\u00e4t: Schon seit etlichen Jahren sind wir Ihr qualifizierter Partner f\u00fcr Sanierungs- und Trocknungsarbeiten in Norddeutschland. Unser Firmensitz befindet sich verkehrsg\u00fcnstig in Brietlingen bei L\u00fcndeburg. Die Kosten stets im Blick: Wir garantieren eine professionell durchgef\u00fchrte Sanierungsarbeit nach dem immer derzeitigen Stand der Technik.<\/p>\n<h3>Die Kosten stets vor Augen<\/h3>\n<p>D\u00fcrfen wir Sie informieren, wie Sie die Kosten f\u00fcr eine Sanierung senken k\u00f6nnen? Super, dann warten Sie bitte nicht und nehmen am besten noch heute Verbindung mit uns auf. Ein kurzer Anruf oder auch eine kurze Email gen\u00fcgen. Die fachlich versierte Beratung ist ebenso wichtig wie die sachgem\u00e4\u00dfe Umsetzung der eigentlichen Arbeiten. Unsere Beratung ist selbstverst\u00e4ndlich absolut unverbindlich. Qualit\u00e4tsbewusst bei moderaten Kosten: Wir empfehlen uns als spezialisiertes Unternehmen im Norden. Unsere langj\u00e4hrige Erfahrung zeichnet uns aus.<br \/>\nMinimieren Sie die Kosten f\u00fcr Ihr Sanierungsprojekt: Setzen Sie auf die Profis der Fachfirma Keul.<\/p>","popseo_links":"<a href=\"https:\/\/bautenschutz-keul.de\/angebote\/bauwerksabdichtung-reinbek-aumuehle\/\">Bauwerksabdichtung Reinbek Aum\u00fchle<\/a>, <a href=\"https:\/\/bautenschutz-keul.de\/angebote\/kellersanierung-salzhausen\/\">Kellersanierung Salzhausen<\/a>, <a href=\"https:\/\/bautenschutz-keul.de\/angebote\/kellersanierung-ebstorf\/\">Kellersanierung Ebstorf<\/a>, <a href=\"https:\/\/bautenschutz-keul.de\/angebote\/kellersanierung-hanstedt\/\">Kellersanierung Hanstedt<\/a>, <a href=\"https:\/\/bautenschutz-keul.de\/angebote\/rissverpressung-geesthacht\/\">Rissverpressung Geesthacht<\/a>, <a href=\"https:\/\/bautenschutz-keul.de\/angebote\/salpeter-im-keller-jesteburg\/\">Salpeter im Keller Jesteburg<\/a>, <a href=\"https:\/\/bautenschutz-keul.de\/angebote\/kellerabdichtung-uelzen\/\">Kellerabdichtung Uelzen<\/a>, <a href=\"https:\/\/bautenschutz-keul.de\/angebote\/innenabdichtung-amt-neuhaus\/\">Innenabdichtung Amt Neuhaus<\/a>, <a href=\"https:\/\/bautenschutz-keul.de\/angebote\/kellersanierung-schwarzenbek\/\">Kellersanierung Schwarzenbek<\/a>, <a href=\"https:\/\/bautenschutz-keul.de\/angebote\/feuchte-mauer-buechen\/\">Feuchte Mauer B\u00fcchen<\/a>, <a href=\"https:\/\/bautenschutz-keul.de\/angebote\/feuchte-mauer-bardowick\/\">Feuchte Mauer Bardowick<\/a>, <a href=\"https:\/\/bautenschutz-keul.de\/angebote\/schimmelsanierung-uelzen\/\">Schimmelsanierung Uelzen<\/a>, <a href=\"https:\/\/bautenschutz-keul.de\/angebote\/aufsteigende-feuchtigkeit-reppenstedt\/\">aufsteigende Feuchtigkeit Reppenstedt<\/a>, <a href=\"https:\/\/bautenschutz-keul.de\/angebote\/feuchte-wand-glinde-sachsenwald\/\">Feuchte Wand Glinde Sachsenwald<\/a>, <a href=\"https:\/\/bautenschutz-keul.de\/angebote\/feuchte-mauer-buchholz-in-der-nordheide\/\">Feuchte Mauer Buchholz in der Nordheide<\/a>, <a href=\"https:\/\/bautenschutz-keul.de\/angebote\/kellertrockenlegung-reppenstedt\/\">Kellertrockenlegung Reppenstedt<\/a>, <a href=\"https:\/\/bautenschutz-keul.de\/angebote\/kellerabdichtung-boizenburg\/\">Kellerabdichtung Boizenburg<\/a>, <a href=\"https:\/\/bautenschutz-keul.de\/angebote\/zerstoerter-putz-uelzen\/\">zerst\u00f6rter Putz Uelzen<\/a>, <a href=\"https:\/\/bautenschutz-keul.de\/angebote\/schimmelbeseitigung-amelinghausen\/\">Schimmelbeseitigung Amelinghausen<\/a>, <a href=\"https:\/\/bautenschutz-keul.de\/angebote\/feuchte-wand-hanstedt\/\">Feuchte Wand Hanstedt<\/a>, <a href=\"https:\/\/bautenschutz-keul.de\/angebote\/salpeter-im-keller-boizenburg\/\">Salpeter im Keller Boizenburg<\/a>, <a href=\"https:\/\/bautenschutz-keul.de\/angebote\/kellertrockenlegung-bergedorf-wentorf\/\">Kellertrockenlegung Bergedorf Wentorf<\/a>, <a href=\"https:\/\/bautenschutz-keul.de\/angebote\/schimmelbeseitigung-uelzen\/\">Schimmelbeseitigung Uelzen<\/a>, <a href=\"https:\/\/bautenschutz-keul.de\/angebote\/innenabdichtung-harburg\/\">Innenabdichtung Harburg<\/a>, <a href=\"https:\/\/bautenschutz-keul.de\/angebote\/feuchtigkeitsschaden-seevetal-rosengarten\/\">Feuchtigkeitsschaden Seevetal Rosengarten<\/a>, <a href=\"https:\/\/bautenschutz-keul.de\/angebote\/kellerabdichtung-geesthacht\/\">Kellerabdichtung Geesthacht<\/a>, <a href=\"https:\/\/bautenschutz-keul.de\/angebote\/kellertrockenlegung-uelzen\/\">Kellertrockenlegung Uelzen<\/a>, <a href=\"https:\/\/bautenschutz-keul.de\/angebote\/bauwerksabdichtung-boizenburg\/\">Bauwerksabdichtung Boizenburg<\/a>"},"_links":{"self":[{"href":"https:\/\/bautenschutz-keul.de\/angebote\/wp-json\/wp\/v2\/pages\/300","targetHints":{"allow":["GET"]}}],"collection":[{"href":"https:\/\/bautenschutz-keul.de\/angebote\/wp-json\/wp\/v2\/pages"}],"about":[{"href":"https:\/\/bautenschutz-keul.de\/angebote\/wp-json\/wp\/v2\/types\/page"}],"author":[{"embeddable":true,"href":"https:\/\/bautenschutz-keul.de\/angebote\/wp-json\/wp\/v2\/users\/1"}],"replies":[{"embeddable":true,"href":"https:\/\/bautenschutz-keul.de\/angebote\/wp-json\/wp\/v2\/comments?post=300"}],"version-history":[{"count":0,"href":"https:\/\/bautenschutz-keul.de\/angebote\/wp-json\/wp\/v2\/pages\/300\/revisions"}],"wp:attachment":[{"href":"https:\/\/bautenschutz-keul.de\/angebote\/wp-json\/wp\/v2\/media?parent=300"}],"curies":[{"name":"wp","href":"https:\/\/api.w.org\/{rel}","templated":true}]}}