{"id":302,"date":"2021-09-13T08:43:56","date_gmt":"2021-09-13T06:43:56","guid":{"rendered":"https:\/\/bautenschutz-keul.de\/angebote\/horizontalsperre-bardowick\/"},"modified":"2021-09-13T08:43:56","modified_gmt":"2021-09-13T06:43:56","slug":"horizontalsperre-bardowick","status":"publish","type":"page","link":"https:\/\/bautenschutz-keul.de\/angebote\/horizontalsperre-bardowick\/","title":{"rendered":"Horizontalsperre &#8211; Bardowick"},"content":{"rendered":"<h3>Horizontalsperre: Fragen Sie den Sanierungsprofi!<\/h3>\n<p>Eine Horizontalsperre ist eine bautechnische Anwendung, die unterbinden soll, dass Feuchtigkeit in die Wand einsickern kann. Einsickernde Bodenfeuchtigkeit bedroht die Substanz eines Hauses. Eigent\u00fcmer sind einfach gut beraten, konsequent gegen Durchfeuchtungen vorzugehen. Heutzutage werden die allermeisten H\u00e4user schon mit einer Horizontalsperre versehen. Bei fast allen alten Immobilien fehlt sie jedoch ganz oder ist im Laufe der Zeit undicht geworden. In diesem Fall gilt es Vers\u00e4umtes nachzuarbeiten. <\/p>\n<h3>Horizontalsperre: Schnelle Hilfe durch den Fachbetrieb!<\/h3>\n<p>Bei der Horizontalsperre unterscheidet man prinzipiell drei unterschiedliche Techniken. Man redet in diesem Zusammenhang zumeist von der mechanischen, der chemischen und der elektrophysikalischen Horizontalsperre. Eine mechanische Horizontalabdichtung greift auf Feuchtigkeitssperren aus Stahl, Kunststoff sowie Mauerpappe zur\u00fcck. Ins Mauerwerk eingebracht, verhindern diese Baustoffe die gef\u00e4hrliche Ausbreitung von N\u00e4sse. Beim Verfahren der chemischen Horizontalsperre werden bestimmte Dichtungsstoffe nachtr\u00e4glich in das Mauerwerk eingegeben.<br \/>\nDie elektrolytische Horizontalabdichtung schlie\u00dflich vertraut auf die Technik der so bezeichneten Elektromose. Hierunter wird eine Arbeitsweise verstanden, bei welcher ein elektrisches Feld parallel zur Fassade angelegt wird. Die Wirkung der elektrolytischen Horizontalsperre ist ebenfalls sehr gut. Eine professionell ausgef\u00fchrte Horizontalabdichtung ist eine lohnenswerte Entscheidung. Durchn\u00e4sstes Mauerwerk gef\u00e4hrdet den Wert eines Geb\u00e4udes. Und nicht nur das: Fortw\u00e4hrende<br \/>\nN\u00e4sse ist gesundheitlich bedenklich und wirkt sich negativ auf das Befinden aus.<\/p>\n","protected":false},"excerpt":{"rendered":"<p>Horizontalsperre: Fragen Sie den Sanierungsprofi! Eine Horizontalsperre ist eine bautechnische Anwendung, die unterbinden soll, dass Feuchtigkeit in die Wand einsickern kann. Einsickernde Bodenfeuchtigkeit bedroht die Substanz eines Hauses. Eigent\u00fcmer sind einfach gut beraten, konsequent gegen Durchfeuchtungen vorzugehen. Heutzutage werden die allermeisten H\u00e4user schon mit einer Horizontalsperre versehen. Bei fast allen alten Immobilien fehlt sie jedoch [&hellip;]<\/p>\n","protected":false},"author":1,"featured_media":0,"parent":0,"menu_order":0,"comment_status":"closed","ping_status":"closed","template":"","meta":{"footnotes":""},"class_list":["post-302","page","type-page","status-publish","hentry"],"meta_box":{"popseo_subtitel":"Die Firma TK-Geb\u00e4udetechnik Thorsten Keul ist Ihr Spezialist in Sachen Horizontalsperre im Raum Bardowick","popseo_subtitel2":"Horizontalsperre f\u00fcr Kunden aus Norddeutschland","popseo_lasttitel":"Horizontalsperre: Wir beantworten Ihre Fragen!","popseo_region":"Bardowick","popseo_sachwort":"Horizontalsperre","popseo_noupdate":"","popseo_einleitungstext":"<p>Sie haben sich mit der Bauwerksabdichtung besch\u00e4ftigt, da Ihre Immobilie feuchte Geb\u00e4udebereiche aufweist und Sie nach M\u00f6glichkeiten einer professionellen und vor allem wirksamen Sanierung Ausschau halten. Toll, dass Sie unsere Website entdeckt haben. Nachfolgend m\u00f6chten wir Ihnen n\u00e4here Informationen zu unserem Leistungsspektrum geben. Sie lernen auf dieser Website unsere Firma n\u00e4her kennen. <\/p>\n<p>Die Firma TK-Geb\u00e4udetechnik Thorsten Keul ist ein qualifizierter und etablierter Handwerksbetrieb mit Sitz in Brietlingen bei L\u00fcneburg. Bereits seit vielen Jahren sind wir Ihre Experten f\u00fcr alle Fragen rund um die Bauwerksabdichtung. Wir setzen ausschlie\u00dflich praxisbew\u00e4hrte und effektive Sanierungssysteme und -methoden ein. Als Fachbetrieb f\u00fcr Abdichtung und Sanierung schauen wir auf eine lange Berufserfahrung zur\u00fcck. Unsere gut geschulten Fachkr\u00e4fte informieren Sie gerne im Detail.<\/p>","popseo_schlusstext":"<p>Sie suchen einen Spezialisten f\u00fcr die sachgerechte Umsetzung der Innen- und Au\u00dfenabdichtung. Dann rufen Sie uns bitte rasch an. Wir freuen uns auf das Gespr\u00e4ch mit Ihnen. Wenn es um Sanierung geht, sind wir Ihr qualifizierter Handwerkspartner. Wir versprechen Ihnen eine professionell ausgef\u00fchrte Arbeit nach dem jeweils neuesten Stand der Technik.<\/p>","popseo_stadttext":"<h3>Zu Ihren Diensten in Bardowick<\/h3>\n<p>Bardowick ist ein Flecken in der Nachbarschaft von Winsen (Luhe) und L\u00fcneburg. Formell geh\u00f6rt die Gemeinde zum Kreis L\u00fcneburg. Bardowick hat knapp 7.000 gemeldete B\u00fcrger und erstreckt sich \u00fcber eine Gesamtfl\u00e4che von knapp 23 Quadratkilometer. Die Gemeinde ist Amtssitz der Samtgemeinde Bardowick, einer Vereinigung von sieben kleineren Orten \u2013 neben Bardowick selbst sind dies Barum, Handorf, Mechtersen, Radbruch, Wittorf und V\u00f6gelsen. Die Samtgemeinde z\u00e4hlt in Summe knapp 18.000 B\u00fcrger und streckt sich \u00fcber eine Fl\u00e4che von etwas mehr als 100 Quadratkilometern.<\/p>\n<p>Durch unsere Gesch\u00e4ftst\u00e4tigkeit haben wir uns einen ausgezeichneten \u00dcberblick \u00fcber die Stadtarchitektur der Gemeinden und St\u00e4dte unseres Einzugsbereiches machen k\u00f6nnen. Sie kommen aus der Samtgemeinde Bardowick und sind hier im World Wide Web auf unsere Website gesto\u00dfen? Das finden wir klasse. Gerne pr\u00e4sentieren wir Ihnen unser komplettes Leistungsspektrum und beantworten Ihre Fragen. Wir freuen uns darauf, mit Ihnen in Kontakt zu treten. <\/p>\n<h3>Einige Informationen zum Flecken Bardowick<\/h3>\n<p>Die Wirtschaft von Bardowick wird beherrscht von kleinen Betrieben.  Mittelpunkt ist die Landwirtschaft, hier insbesondere der M\u00f6hren- und Spargelanbau. Jahr f\u00fcr Jahr wird vor Ort deshalb auch die sogenannte Wurzelk\u00f6nigin gek\u00fcrt \u2013 ein Titel, der wohl einmalig ist. Hinsichtlich der Verkehrssituation ist der Flecken Bardowick gut erreichbar: In unmittelbarer N\u00e4he des Gemeindegebietes befindet sich eine Zufahrt zur BAB 39 in Richtung Hamburg. Des Weiteren erreicht man den Ort mit der Bahn auf der Streckenverbindung Hannover-Hamburg. Bardowick ist ein attraktiver Ort mit einem l\u00e4ndlichem Flair. Der charmante Flecken ist eine familienfreundliche Ortschaft und bietet den Einwohnern ein absolut interessantes Umfeld zum Arbeiten und Leben.       <\/p>\n<h4>Hohe Qualit\u00e4t f\u00fcr Kunden aus Bardowick<\/h4>\n<p>Sie leben in Bardowick, Barum, Handorf, Radbruch, Mechtersen, V\u00f6gelsen oder Wittorf und interessieren sich f\u00fcr unser Angebot. Prima, dass Sie diese Website gefunden haben. F\u00fcr R\u00fcckfragen stehen wir Ihnen jederzeit zur Verf\u00fcgung. Auf Ihre Anfragen freuen wir uns.<\/p>","popseo_zusatztext":"<h3>Hohe Kosten bei der Bauwerksabdichtung m\u00fcssen nicht sein<\/h3>\n<p>Sie interessieren sich f\u00fcr eine Kellertrockenlegung oder eine Sanierungsarbeit an Mauern bzw. W\u00e4nden und m\u00f6chten gerne ein entsprechendes Angebot, das eine handwerklich gute Arbeit garantiert, gleichzeitig aber die Kosten im Blick hat. Toll, dann sind Sie bei uns an der richtigen Adresse. Als Handwerksbetrieb f\u00fcr Bauwerksabdichtung, Kellersanierung und Schimmelbeseitigung verarbeiten wir ausschlie\u00dflich ausgezeichnete Materialien. Nichtsdestotrotz schauen wir immer auf die Kosten, die selbstverst\u00e4ndlich \u00fcberschaubar bleiben sollen. Wir m\u00f6chten Ihnen Qualit\u00e4t bieten, die trotzdem auch die Kosten im Blick beh\u00e4lt. Bei uns stimmen Kosten und Leistung: Seit vielen Jahren schon sind wir Ihr qualifizierter Partner f\u00fcr Trocknungs- und Sanierungsarbeiten in Norddeutschland. Unser Unternehmenssitz liegt verkehrsg\u00fcnstig in Brietlingen bei L\u00fcndeburg. Die Kosten stets im Blick: Wir sorgen f\u00fcr eine fachm\u00e4nnisch ausgef\u00fchrte Arbeit nach dem immer derzeitigen Stand der Technik.<\/p>\n<h3>Kosten vs. Leistung: Eine Sanierung rechnet sich!<\/h3>\n<p>D\u00fcrfen wir Sie informieren, wie Sie die Kosten f\u00fcr eine Sanierung begrenzen k\u00f6nnen? Super, dann warten Sie bitte nicht und nehmen am besten gleich heute Verbindung mit uns auf. Ein kurzer Anruf oder auch eine kurze E-Mail gen\u00fcgen. Die fachlich versierte Beratung ist gleicherma\u00dfen wichtig wie die perfekte Umsetzung der eigentlichen Arbeiten. Unsere fachliche Beratung ist nat\u00fcrlich absolut unverbindlich. Qualit\u00e4tsbewusst bei niedrigen Kosten: Wir empfehlen uns als spezialisiertes Fachunternehmen in Norddeutschland. Unsere gro\u00dfe Erfahrung zeichnet uns aus.<br \/>\nMinimieren Sie die Kosten f\u00fcr Ihr Sanierungsprojekt: Vertrauen Sie den Spezialisten der Firma Keul.<\/p>","popseo_links":"<a href=\"https:\/\/bautenschutz-keul.de\/angebote\/schimmelsanierung-herzogtum-lauenburg\/\">Schimmelsanierung Herzogtum Lauenburg<\/a>, <a href=\"https:\/\/bautenschutz-keul.de\/angebote\/feuchtigkeit-bad-bevensen\/\">Feuchtigkeit Bad Bevensen<\/a>, <a href=\"https:\/\/bautenschutz-keul.de\/angebote\/aussenabdichtung-schwarzenbek\/\">Au\u00dfenabdichtung Schwarzenbek<\/a>, <a href=\"https:\/\/bautenschutz-keul.de\/angebote\/aufsteigende-feuchtigkeit-lueneburg\/\">aufsteigende Feuchtigkeit L\u00fcneburg<\/a>, <a href=\"https:\/\/bautenschutz-keul.de\/angebote\/kellerabdichtung-boizenburg\/\">Kellerabdichtung Boizenburg<\/a>, <a href=\"https:\/\/bautenschutz-keul.de\/angebote\/kellerabdichtung-buchholz-in-der-nordheide\/\">Kellerabdichtung Buchholz in der Nordheide<\/a>, <a href=\"https:\/\/bautenschutz-keul.de\/angebote\/feuchter-keller-geesthacht\/\">Feuchter Keller Geesthacht<\/a>, <a href=\"https:\/\/bautenschutz-keul.de\/angebote\/feuchter-keller-buchholz-in-der-nordheide\/\">Feuchter Keller Buchholz in der Nordheide<\/a>, <a href=\"https:\/\/bautenschutz-keul.de\/angebote\/schimmel-tostedt-sittensen\/\">Schimmel Tostedt Sittensen<\/a>, <a href=\"https:\/\/bautenschutz-keul.de\/angebote\/feuchte-wand-reinbek-aumuehle\/\">Feuchte Wand Reinbek Aum\u00fchle<\/a>, <a href=\"https:\/\/bautenschutz-keul.de\/angebote\/kellerabdichtung-amelinghausen\/\">Kellerabdichtung Amelinghausen<\/a>, <a href=\"https:\/\/bautenschutz-keul.de\/angebote\/bauwerksabdichtung-buchholz-in-der-nordheide\/\">Bauwerksabdichtung Buchholz in der Nordheide<\/a>, <a href=\"https:\/\/bautenschutz-keul.de\/angebote\/mauertrockenlegung-ebstorf\/\">Mauertrockenlegung Ebstorf<\/a>, <a href=\"https:\/\/bautenschutz-keul.de\/angebote\/schimmelbeseitigung-stelle\/\">Schimmelbeseitigung Stelle<\/a>, <a href=\"https:\/\/bautenschutz-keul.de\/angebote\/mauertrockenlegung-amt-neuhaus\/\">Mauertrockenlegung Amt Neuhaus<\/a>, <a href=\"https:\/\/bautenschutz-keul.de\/angebote\/kellersanierung-reppenstedt\/\">Kellersanierung Reppenstedt<\/a>, <a href=\"https:\/\/bautenschutz-keul.de\/angebote\/innenabdichtung-buechen\/\">Innenabdichtung B\u00fcchen<\/a>, <a href=\"https:\/\/bautenschutz-keul.de\/angebote\/zerstoerter-putz-salzhausen\/\">zerst\u00f6rter Putz Salzhausen<\/a>, <a href=\"https:\/\/bautenschutz-keul.de\/angebote\/kellersanierung-salzhausen\/\">Kellersanierung Salzhausen<\/a>, <a href=\"https:\/\/bautenschutz-keul.de\/angebote\/innenabdichtung-uelzen\/\">Innenabdichtung Uelzen<\/a>, <a href=\"https:\/\/bautenschutz-keul.de\/angebote\/schimmelbeseitigung-buchholz-in-der-nordheide\/\">Schimmelbeseitigung Buchholz in der Nordheide<\/a>, <a href=\"https:\/\/bautenschutz-keul.de\/angebote\/bauwerksabdichtung-bardowick\/\">Bauwerksabdichtung Bardowick<\/a>, <a href=\"https:\/\/bautenschutz-keul.de\/angebote\/salpeter-im-keller-uelzen\/\">Salpeter im Keller Uelzen<\/a>, <a href=\"https:\/\/bautenschutz-keul.de\/angebote\/schimmel-bienenbuettel\/\">Schimmel Bienenb\u00fcttel<\/a>, <a href=\"https:\/\/bautenschutz-keul.de\/angebote\/kellersanierung-schwarzenbek\/\">Kellersanierung Schwarzenbek<\/a>, <a href=\"https:\/\/bautenschutz-keul.de\/angebote\/kellersanierung-lueneburg\/\">Kellersanierung L\u00fcneburg<\/a>, <a href=\"https:\/\/bautenschutz-keul.de\/angebote\/aufsteigende-feuchtigkeit-ebstorf\/\">aufsteigende Feuchtigkeit Ebstorf<\/a>, <a href=\"https:\/\/bautenschutz-keul.de\/angebote\/mauertrockenlegung-jesteburg\/\">Mauertrockenlegung Jesteburg<\/a>"},"_links":{"self":[{"href":"https:\/\/bautenschutz-keul.de\/angebote\/wp-json\/wp\/v2\/pages\/302","targetHints":{"allow":["GET"]}}],"collection":[{"href":"https:\/\/bautenschutz-keul.de\/angebote\/wp-json\/wp\/v2\/pages"}],"about":[{"href":"https:\/\/bautenschutz-keul.de\/angebote\/wp-json\/wp\/v2\/types\/page"}],"author":[{"embeddable":true,"href":"https:\/\/bautenschutz-keul.de\/angebote\/wp-json\/wp\/v2\/users\/1"}],"replies":[{"embeddable":true,"href":"https:\/\/bautenschutz-keul.de\/angebote\/wp-json\/wp\/v2\/comments?post=302"}],"version-history":[{"count":0,"href":"https:\/\/bautenschutz-keul.de\/angebote\/wp-json\/wp\/v2\/pages\/302\/revisions"}],"wp:attachment":[{"href":"https:\/\/bautenschutz-keul.de\/angebote\/wp-json\/wp\/v2\/media?parent=302"}],"curies":[{"name":"wp","href":"https:\/\/api.w.org\/{rel}","templated":true}]}}