{"id":304,"date":"2021-09-13T08:43:56","date_gmt":"2021-09-13T06:43:56","guid":{"rendered":"https:\/\/bautenschutz-keul.de\/angebote\/horizontalsperre-bienenbuettel\/"},"modified":"2021-09-13T08:43:56","modified_gmt":"2021-09-13T06:43:56","slug":"horizontalsperre-bienenbuettel","status":"publish","type":"page","link":"https:\/\/bautenschutz-keul.de\/angebote\/horizontalsperre-bienenbuettel\/","title":{"rendered":"Horizontalsperre &#8211; Bienenb\u00fcttel"},"content":{"rendered":"<h3>Horizontalsperre: Wir helfen qualifiziert und schnell!<\/h3>\n<p>Die Horizontalsperre ist eine bauhandwerkliche Methode, die verhindern soll, dass Bodenfeuchtigkeit in W\u00e4nde und Mauern eindringen kann. Einsickernde N\u00e4sse gef\u00e4hrdet die Substanz eines Geb\u00e4udes. Hausbesitzer sind einfach gut beraten, gr\u00fcndlich gegen Durchfeuchtungen vorzugehen. Heutzutage werden die meisten Neubauten bereits mit einer Horizontalsperre versehen. Bei den meisten Altbauten fehlt sie indes ganz oder ist mit den Jahren unbrauchbar geworden. In diesem Fall gilt es Vers\u00e4umtes nachzuholen. <\/p>\n<h3>Horizontalsperre: Unsere Mitarbeiter stehen f\u00fcr Sie bereit!<\/h3>\n<p>Bei der Horizontalsperre unterscheidet man gemeinhin drei verschiedene Ma\u00dfnahmen. Man spricht in diesem Zusammenhang zumeist von der mechanischen, der chemischen sowie der elektrophysikalischen Horizontalsperre. Die mechanische Horizontalabdichtung greift auf Feuchtigkeitssperren aus Stahl, Kunststoff oder Dachpappe zur\u00fcck. Ins Mauerwerk eingebaut, verhindern diese Baustoffe die gef\u00e4hrliche Verbreitung von N\u00e4sse. Beim Vorgang der chemischen Horizontalsperre werden spezielle Dichtungsstoffe nachtr\u00e4glich in das Mauerwerk eingearbeitet.<br \/>\nEine elektrolytische Horizontalabdichtung schlie\u00dflich vertraut auf die Methode der so bezeichneten Elektromose. Darunter wird eine Arbeitsweise verstanden, bei welcher ein elektrisches Feld parallel zur Au\u00dfenseite erzeugt wird. Die Wirkung der elektrolytischen Horizontalsperre ist als sehr gut zu bezeichnen. Eine perfekt ausgef\u00fchrte Horizontalabdichtung ist eine gewinnbringende Investition. Durchn\u00e4sstes Mauerwerk bedroht den Wert eines Geb\u00e4udes. Au\u00dferdem: Fortw\u00e4hrende<br \/>\nFeuchtigkeit ist gesundheitlich abtr\u00e4glich und wirkt sich schlecht auf das Befinden aus.<\/p>\n","protected":false},"excerpt":{"rendered":"<p>Horizontalsperre: Wir helfen qualifiziert und schnell! Die Horizontalsperre ist eine bauhandwerkliche Methode, die verhindern soll, dass Bodenfeuchtigkeit in W\u00e4nde und Mauern eindringen kann. Einsickernde N\u00e4sse gef\u00e4hrdet die Substanz eines Geb\u00e4udes. Hausbesitzer sind einfach gut beraten, gr\u00fcndlich gegen Durchfeuchtungen vorzugehen. Heutzutage werden die meisten Neubauten bereits mit einer Horizontalsperre versehen. Bei den meisten Altbauten fehlt sie [&hellip;]<\/p>\n","protected":false},"author":1,"featured_media":0,"parent":0,"menu_order":0,"comment_status":"closed","ping_status":"closed","template":"","meta":{"footnotes":""},"class_list":["post-304","page","type-page","status-publish","hentry"],"meta_box":{"popseo_subtitel":"Die Firma TK-Geb\u00e4udetechnik Thorsten Keul ist Ihr Spezialist in Sachen Horizontalsperre im Raum Bienenb\u00fcttel","popseo_subtitel2":"Horizontalsperre - wir beraten Sie individuell und fachkundig!","popseo_lasttitel":"Horizontalsperre: Gerne beantworten wir Ihre Fragen!","popseo_region":"Bienenb\u00fcttel","popseo_sachwort":"Horizontalsperre","popseo_noupdate":"","popseo_einleitungstext":"<p>Sie haben sich mit dem Thema Bauwerksabdichtung besch\u00e4ftigt, da Ihr Wohn- oder Gesch\u00e4ftshaus feuchte Geb\u00e4udeteile aufweist und Sie nach M\u00f6glichkeiten einer wirkungsvollen und professionellen Sanierung Ausschau halten. Toll, dass Sie unsere Website entdeckt haben. Auf den folgenden Seiten m\u00f6chten wir Ihnen einige Informationen zu unserem Leistungsspektrum geben. Sie lernen auf dieser Website unsere Firma n\u00e4her kennen. <\/p>\n<p>Unser Unternehmen ist ein spezialisierter und etablierter Handwerksbetrieb mit Firmensitz in Brietlingen bei L\u00fcneburg. Seit vielen Jahren schon sind wir Ihre Experten f\u00fcr alle Fragen rund um Geb\u00e4udeabdichtung. Wir setzen ausschlie\u00dflich effektive und praxisbew\u00e4hrte Sanierungssysteme und -methoden ein. Als Fachbetrieb f\u00fcr Abdichtung und Sanierung schauen wir auf eine lange und intensive Berufserfahrung zur\u00fcck. Unsere engagierten Fachleute informieren Sie gerne im Detail.<\/p>","popseo_schlusstext":"<p>Wenn Sie mehr wissen m\u00f6chten, informieren wir Sie n\u00e4her \u00fcber unser Aufgabenfeld. Wir zeigen Ihnen mit Vergn\u00fcgen auch ein paar Projekte, die Ihnen einen Einblick in unsere T\u00e4tigkeit geben.<br \/>\nSetzen Sie auf die Expertise eines erfahrenen Fachbetriebes. Rufen Sie uns doch rasch einmal an oder schicken Sie uns eine schnelle E-Mail. Wir freuen uns auf den Kontakt zu Ihnen.<\/p>","popseo_stadttext":"<h3>Unser Leistungskatalog f\u00fcr Kunden aus Bienenb\u00fcttel<\/h3>\n<p>Bienenb\u00fcttel ist eine Einheitsgemeinde in der \u00f6stlichen L\u00fcneburger Heide. Juristisch geh\u00f6rt die Gemeinde zum Landkreis Uelzen. Bienenb\u00fcttel hat etwa 7.000 registrierte Einwohner und streckt sich \u00fcber ein Areal von knapp 99 km\u00b2. Man erreicht man den Ort mit der Bahn auf der Streckenverbindung Hamburg-Hannover und mit dem Auto \u00fcber die Bundesstra\u00dfe 4.<\/p>\n<p>Durch unsere Vertriebst\u00e4tigkeit haben wir uns einen guten \u00dcberblick \u00fcber die Stadtarchitektur der St\u00e4dte und Gemeinden unseres Einzugsbereiches machen k\u00f6nnen. Sie kommen aus Bienenb\u00fcttel und sind hier im Internet auf unsere Homepage gesto\u00dfen? Das finden wir toll. Gerne pr\u00e4sentieren wir Ihnen unser gesamtes Leistungsspektrum und beantworten Ihre Fragen. Wir freuen uns darauf, mit Ihnen ins Gespr\u00e4ch zu kommen. <\/p>\n<h3>Gute Gr\u00fcnde sprechen f\u00fcr den Wohnort Bienenb\u00fcttel<\/h3>\n<p>Bienenb\u00fcttel ist eine Pendlergemeinde. Viele B\u00fcrger arbeiten in der Gro\u00dfstadt Hamburg, in L\u00fcneburg oder Uelzen, sch\u00e4tzen aber Bienenb\u00fcttel als Wohnstatt und Lebensmittelpunkt. Der ansehnliche nieders\u00e4chsische Ort ist eine im Hier und Heute stehende und dynamische Gemeinde mit einer ansprechenden Baustruktur und attraktiven Wohnquartieren. Naturfreunde sch\u00e4tzen besonders die benachbarten Naherholungsgebiete der L\u00fcneburger Heide. Die die weitl\u00e4ufigen Naturareale laden zu intensiven Ausfl\u00fcgen ein.<\/p>\n<h4>Unsere Leistung f\u00fcr qualit\u00e4tsbewusste Kunden aus Bienenb\u00fcttel<\/h4>\n<p>Sie leben in Bienenb\u00fcttel oder Umgebung und interessieren sich f\u00fcr unser Angebot. Prima, dass Sie diese Website gefunden haben. F\u00fcr R\u00fcckfragen sind wir jederzeit f\u00fcr Sie da. Auf Ihre Anfragen freuen wir uns.<\/p>","popseo_zusatztext":"<h3>Hohe Kosten? Nicht bei uns!<\/h3>\n<p>Sie sind interessiert an Trocknungs- oder Sanierungsarbeiten und m\u00f6chten gerne ein entsprechendes Angebot, das eine qualitativ gute Arbeit garantiert, gleichwohl keine hohen Kosten verursacht. Klasse, dann sind Sie bei uns an der richtigen Adresse. Als Fachbetrieb f\u00fcr Bauwerksabdichtung, Kellersanierung und Schimmelbeseitigung verarbeiten wir ausschlie\u00dflich ausgezeichnete Materialien. Trotzdem achten wir nat\u00fcrlich auf die Kosten, die nat\u00fcrlich nicht zu hoch sein sollen. Wir m\u00f6chten Ihnen beste Qualit\u00e4t anbieten, die trotzdem auch die Kosten im Blick beh\u00e4lt. Bei uns stimmen Kosten und Qualit\u00e4t: Schon seit etlichen Jahren sind wir Ihr erfahrener Partner f\u00fcr Sanierungs- und Trocknungsarbeiten im norddeutschen Raum. Unser Standort befindet sich verkehrsg\u00fcnstig in Brietlingen bei L\u00fcndeburg. Die Kosten stets im Blick: Wir versprechen Ihnen eine professionell ausgef\u00fchrte Arbeit nach dem immer derzeitigen Stand der Technik.<\/p>\n<h3>Kosten vs. Leistung: Eine Sanierung rechnet sich!<\/h3>\n<p>D\u00fcrfen wir Sie beraten, wie Sie die Kosten f\u00fcr eine Sanierung begrenzen k\u00f6nnen? Klasse, dann warten Sie bitte nicht und nehmen am besten noch heute Kontakt mit uns auf. Ein kurzer Anruf oder auch eine schnelle E-Mail gen\u00fcgen. Eine optimale Beratung ist gleicherma\u00dfen wichtig wie die perfekte Umsetzung der eigentlichen Arbeiten. Unsere fachliche Beratung ist selbstverst\u00e4ndlich absolut unverbindlich. Beste Qualit\u00e4t bei moderaten Kosten: Wir empfehlen uns als spezialisiertes Fachunternehmen in Norddeutschland. Unsere jahrelange Erfahrung spricht f\u00fcr uns.<br \/>\nSenken Sie die Kosten f\u00fcr Ihre Geb\u00e4udesanierung: Vertrauen Sie den Spezialisten der Firma Keul.<\/p>","popseo_links":"<a href=\"https:\/\/bautenschutz-keul.de\/angebote\/innenabdichtung-lueneburg\/\">Innenabdichtung L\u00fcneburg<\/a>, <a href=\"https:\/\/bautenschutz-keul.de\/angebote\/mauertrockenlegung-stelle\/\">Mauertrockenlegung Stelle<\/a>, <a href=\"https:\/\/bautenschutz-keul.de\/angebote\/schimmel-jesteburg\/\">Schimmel Jesteburg<\/a>, <a href=\"https:\/\/bautenschutz-keul.de\/angebote\/mauertrockenlegung-lueneburg\/\">Mauertrockenlegung L\u00fcneburg<\/a>, <a href=\"https:\/\/bautenschutz-keul.de\/angebote\/aufsteigende-feuchtigkeit-harburg\/\">aufsteigende Feuchtigkeit Harburg<\/a>, <a href=\"https:\/\/bautenschutz-keul.de\/angebote\/kellertrockenlegung-lueneburg\/\">Kellertrockenlegung L\u00fcneburg<\/a>, <a href=\"https:\/\/bautenschutz-keul.de\/angebote\/feuchte-mauer-reinbek-aumuehle\/\">Feuchte Mauer Reinbek Aum\u00fchle<\/a>, <a href=\"https:\/\/bautenschutz-keul.de\/angebote\/feuchtigkeitsschaden-buechen\/\">Feuchtigkeitsschaden B\u00fcchen<\/a>, <a href=\"https:\/\/bautenschutz-keul.de\/angebote\/salpeter-im-keller-brietlingen\/\">Salpeter im Keller Brietlingen<\/a>, <a href=\"https:\/\/bautenschutz-keul.de\/angebote\/schimmelsanierung-uelzen\/\">Schimmelsanierung Uelzen<\/a>, <a href=\"https:\/\/bautenschutz-keul.de\/angebote\/schimmel-harburg\/\">Schimmel Harburg<\/a>, <a href=\"https:\/\/bautenschutz-keul.de\/angebote\/schimmelsanierung-ebstorf\/\">Schimmelsanierung Ebstorf<\/a>, <a href=\"https:\/\/bautenschutz-keul.de\/angebote\/feuchtigkeitsschaden-lueneburg\/\">Feuchtigkeitsschaden L\u00fcneburg<\/a>, <a href=\"https:\/\/bautenschutz-keul.de\/angebote\/bauwerksabdichtung-hanstedt\/\">Bauwerksabdichtung Hanstedt<\/a>, <a href=\"https:\/\/bautenschutz-keul.de\/angebote\/schimmel-schwarzenbek\/\">Schimmel Schwarzenbek<\/a>, <a href=\"https:\/\/bautenschutz-keul.de\/angebote\/feuchtigkeitsschaden-adendorf\/\">Feuchtigkeitsschaden Adendorf<\/a>, <a href=\"https:\/\/bautenschutz-keul.de\/angebote\/aussenabdichtung-buchholz-in-der-nordheide\/\">Au\u00dfenabdichtung Buchholz in der Nordheide<\/a>, <a href=\"https:\/\/bautenschutz-keul.de\/angebote\/innenabdichtung-bienenbuettel\/\">Innenabdichtung Bienenb\u00fcttel<\/a>, <a href=\"https:\/\/bautenschutz-keul.de\/angebote\/kellerabdichtung-bispingen\/\">Kellerabdichtung Bispingen<\/a>, <a href=\"https:\/\/bautenschutz-keul.de\/angebote\/kellerabdichtung-bienenbuettel\/\">Kellerabdichtung Bienenb\u00fcttel<\/a>, <a href=\"https:\/\/bautenschutz-keul.de\/angebote\/feuchtigkeit-stelle\/\">Feuchtigkeit Stelle<\/a>, <a href=\"https:\/\/bautenschutz-keul.de\/angebote\/mauertrockenlegung-ebstorf\/\">Mauertrockenlegung Ebstorf<\/a>, <a href=\"https:\/\/bautenschutz-keul.de\/angebote\/innenabdichtung-buchholz-in-der-nordheide\/\">Innenabdichtung Buchholz in der Nordheide<\/a>, <a href=\"https:\/\/bautenschutz-keul.de\/angebote\/schimmel-hanstedt\/\">Schimmel Hanstedt<\/a>, <a href=\"https:\/\/bautenschutz-keul.de\/angebote\/kellerabdichtung-glinde-sachsenwald\/\">Kellerabdichtung Glinde Sachsenwald<\/a>, <a href=\"https:\/\/bautenschutz-keul.de\/angebote\/feuchter-keller-boizenburg\/\">Feuchter Keller Boizenburg<\/a>, <a href=\"https:\/\/bautenschutz-keul.de\/angebote\/kellersanierung-geesthacht\/\">Kellersanierung Geesthacht<\/a>, <a href=\"https:\/\/bautenschutz-keul.de\/angebote\/feuchte-mauer-harburg\/\">Feuchte Mauer Harburg<\/a>"},"_links":{"self":[{"href":"https:\/\/bautenschutz-keul.de\/angebote\/wp-json\/wp\/v2\/pages\/304","targetHints":{"allow":["GET"]}}],"collection":[{"href":"https:\/\/bautenschutz-keul.de\/angebote\/wp-json\/wp\/v2\/pages"}],"about":[{"href":"https:\/\/bautenschutz-keul.de\/angebote\/wp-json\/wp\/v2\/types\/page"}],"author":[{"embeddable":true,"href":"https:\/\/bautenschutz-keul.de\/angebote\/wp-json\/wp\/v2\/users\/1"}],"replies":[{"embeddable":true,"href":"https:\/\/bautenschutz-keul.de\/angebote\/wp-json\/wp\/v2\/comments?post=304"}],"version-history":[{"count":0,"href":"https:\/\/bautenschutz-keul.de\/angebote\/wp-json\/wp\/v2\/pages\/304\/revisions"}],"wp:attachment":[{"href":"https:\/\/bautenschutz-keul.de\/angebote\/wp-json\/wp\/v2\/media?parent=304"}],"curies":[{"name":"wp","href":"https:\/\/api.w.org\/{rel}","templated":true}]}}