{"id":307,"date":"2021-09-13T08:43:56","date_gmt":"2021-09-13T06:43:56","guid":{"rendered":"https:\/\/bautenschutz-keul.de\/angebote\/horizontalsperre-brietlingen\/"},"modified":"2021-09-13T08:43:56","modified_gmt":"2021-09-13T06:43:56","slug":"horizontalsperre-brietlingen","status":"publish","type":"page","link":"https:\/\/bautenschutz-keul.de\/angebote\/horizontalsperre-brietlingen\/","title":{"rendered":"Horizontalsperre &#8211; Brietlingen"},"content":{"rendered":"<h3>Horizontalsperre: F\u00fcr die Spezialisten unserer Firma kein Problem!<\/h3>\n<p>Eine Horizontalsperre ist eine bauhandwerkliche Methode, die unterbinden soll, dass Feuchtigkeit ins Mauerwerk eindringen kann. Einsickernde N\u00e4sse gef\u00e4hrdet die Substanz einer Immobilie. Eigent\u00fcmer sind entsprechend gut beraten, nachhaltig gegen Durchfeuchtungen vorzugehen. Heutzutage werden die meisten Neubauten schon mit einer Horizontalsperre versehen. Bei vielen alten Immobilien fehlt sie jedoch ganz oder ist im Laufe der Zeit unbrauchbar geworden. Hier gilt es Vers\u00e4umtes nachzuholen. <\/p>\n<h3>Horizontalsperre: Unsere Mitarbeiter stehen f\u00fcr Sie bereit!<\/h3>\n<p>Bei der Horizontalsperre unterscheidet man im Allgemeinen drei unterschiedliche Methoden. Man redet hier oft von der mechanischen, der chemischen sowie der elektrophysikalischen Horizontalsperre. Die mechanische Horizontalabdichtung greift auf Feuchtigkeitssperren aus Edelstahl, Kunststoff beziehungsweise Dachpappe zur\u00fcck. Ins Mauerwerk integriert, verhindern diese Baustoffe die gef\u00e4hrliche Ausdehnung von N\u00e4sse. Beim Verfahren der chemischen Horizontalsperre werden spezielle Dichtungsstoffe im Nachhinein in das Mauerwerk eingebracht.<br \/>\nDie elektrolytische Horizontalabdichtung schlie\u00dflich setzt auf die Methode der sogenannten Elektromose. Hierunter wird eine Arbeitsweise verstanden, bei der ein elektrisches Feld parallel zur Oberfl\u00e4che erzeugt wird. Die Wirksamkeit der elektrolytischen Horizontalsperre ist ebenfalls sehr gut. Eine perfekt vorgenommene Horizontalabdichtung ist eine lohnende Entscheidung. Nasses Mauerwerk gef\u00e4hrdet den Wert eines Geb\u00e4udes. Au\u00dferdem: Best\u00e4ndige<br \/>\nFeuchtigkeit ist gesundheitlich bedrohend und wirkt sich negativ auf das Wohlempfinden aus.<\/p>\n","protected":false},"excerpt":{"rendered":"<p>Horizontalsperre: F\u00fcr die Spezialisten unserer Firma kein Problem! Eine Horizontalsperre ist eine bauhandwerkliche Methode, die unterbinden soll, dass Feuchtigkeit ins Mauerwerk eindringen kann. Einsickernde N\u00e4sse gef\u00e4hrdet die Substanz einer Immobilie. Eigent\u00fcmer sind entsprechend gut beraten, nachhaltig gegen Durchfeuchtungen vorzugehen. Heutzutage werden die meisten Neubauten schon mit einer Horizontalsperre versehen. Bei vielen alten Immobilien fehlt sie [&hellip;]<\/p>\n","protected":false},"author":1,"featured_media":0,"parent":0,"menu_order":0,"comment_status":"closed","ping_status":"closed","template":"","meta":{"footnotes":""},"class_list":["post-307","page","type-page","status-publish","hentry"],"meta_box":{"popseo_subtitel":"Wir sind Ihr Fachunternehmen in Sachen Horizontalsperre im Raum Brietlingen","popseo_subtitel2":"Horizontalsperre - wir beraten Sie individuell und fachkundig!","popseo_lasttitel":"Horizontalsperre: F\u00fcr weitere Informationen sprechen Sie uns bitte an","popseo_region":"Brietlingen","popseo_sachwort":"Horizontalsperre","popseo_noupdate":"","popseo_einleitungstext":"<p>Sie haben sich mit der Bauwerksabdichtung besch\u00e4ftigt, da Ihre Immobilie feuchte Geb\u00e4udebereiche aufweist und Sie nach M\u00f6glichkeiten einer wirkungsvollen und professionellen Sanierung Ausschau halten. Toll, dass Sie unsere Website entdeckt haben. Auf den folgenden Seiten m\u00f6chten wir Ihnen einige Informationen zu unserem Leistungsspektrum geben. Sie lernen auf dieser Internetseite unsere Firma n\u00e4her kennen. <\/p>\n<p>Unser Unternehmen ist ein qualifizierter und etablierter Fachbetrieb mit Gesch\u00e4ftsssitz in Brietlingen bei L\u00fcneburg. Bereits seit vielen Jahren sind wir Ihr Spezialist f\u00fcr s\u00e4mtliche Fragen rund um Geb\u00e4udeabdichtung. Wir setzen ausschlie\u00dflich praxisbew\u00e4hrte und effektive Sanierungssysteme und -methoden ein. Als Sanierungsfachbetrieb blicken wir auf eine lange Berufserfahrung zur\u00fcck. Unsere gut geschulten Spezialisten informieren Sie gerne im Detail.<\/p>","popseo_schlusstext":"<p>Sie suchen einen Profi f\u00fcr die fachgerecht ausgef\u00fchrte Bauwerksabdichtung. Dann rufen Sie uns bitte rasch an. Wir freuen uns auf das Gespr\u00e4ch mit Ihnen. Wenn es um Sanierung geht, sind wir Ihr verl\u00e4sslicher Handwerkspartner. Wir bieten Ihnen eine sachkundig durchgef\u00fchrte Arbeit nach dem immer derzeitigen Stand der Technik.<\/p>","popseo_stadttext":"<h3>Unser Einzugsbereich umfasst auch Brietlingen<\/h3>\n<p>Wir werden f\u00fcr Kunden aus unserer Heimatgemeinde Brietlingen aktiv. Durch unsere Gesch\u00e4ftst\u00e4tigkeit haben wir uns einen sehr guten \u00dcberblick \u00fcber die Architektur der St\u00e4dte und Gemeinden unseres Einzugsbereiches machen k\u00f6nnen. Nat\u00fcrlich geh\u00f6rt besonders auch unsere Heimatgemeinde zu unserem unmittelbaren Vertriebsgebiet. Wir freuen uns darauf, mit Ihnen in Kontakt zu kommen. <\/p>\n<h3>Wissenswertes \u00fcber Brietlingen<\/h3>\n<p>Brietlingen liegt im Westen von vom Naturpark Elbufer-Drawelen und ist zirka 10 Kilometer von der Hansestadt L\u00fcneburg entfernt. Auf einem Gebiet von cirka 19 Quadratkilometern wohnen etwa 3.500 Anwohner. Organisatorisch geh\u00f6rt Brietlingen zum Landkreis L\u00fcneburg. Der charmante Ort ist Teil der Samtgemeinde Scharnebeck, einer Vereinigung von acht kleineren Orten. Dies sind neben Scharnebck und Brietlingen die Gemeinden Echem, Hittbergen, Hohnstorf (Elbe), L\u00fcdersburg, Rullstorf und Artlenburg. Die Samtgemeinde z\u00e4hlt in Summe rund 15.000 B\u00fcrger und erstreckt sich \u00fcber eine Fl\u00e4che von etwas mehr als 135 Quadratkilometern.<\/p>\n<p>Sehr gesch\u00e4tzt wird Brietlingen von Naturliebhabern wegen seines guten Naherholungswertes. In Brietlingen startet man gerne zu langen Exkursionen durch den Naturpark Elbufer-Drawelen. Speziell f\u00fcr Familien ist Brietlingen attraktiv. Die ruhige Lage sowie eine ausgezeichnete Infrastruktur zeichnen die Gemeinde aus.<\/p>\n<h4>Privat- und Gesch\u00e4ftskunden aus Brietlingen sch\u00e4tzen unsere Leistungen!<\/h4>\n<p>Das Leben in Brietlingen ist ruhig. Die Gemeinde verf\u00fcgt \u00fcber zahlreiche beruhigte Wohnquartiere, die vor allem von einer angenehmen Einzelhausbebauung gepr\u00e4gt sind. Sie interessieren sich f\u00fcr unser Leistungsangebot und haben deshalb unsere Website besucht? Das freut uns sehr. Unser freundliches Team nimmt gerne Ihren Anruf entgegen oder beantwortet Ihre E-Mail.<\/p>","popseo_zusatztext":"<h3>Wir haben die Kosten im Blick<\/h3>\n<p>Sie interessieren sich f\u00fcr eine Kellertrockenlegung oder eine Sanierungsarbeit an Mauern bzw. W\u00e4nden und w\u00fcnschen sich ein individuelles Angebot, das eine qualitativ gute Arbeit garantiert, gleichzeitig aber die Kosten im Blick hat. Klasse, dann sind Sie bei uns an der richtigen Adresse. Als Fachbetrieb f\u00fcr Bauwerksabdichtung, Schimmelbeseitigung und Kellersanierung verwenden wir ausnahmslos exzellente Materialien. Nichtsdestotrotz achten wir stets auf die Kosten, die selbstverst\u00e4ndlich \u00fcberschaubar bleiben sollen. Wir m\u00f6chten Ihnen beste Qualit\u00e4t bieten, die zugleich auch die Kosten im Blick beh\u00e4lt. Bei uns stimmen Kosten und Leistung: Bereits seit vielen Jahren sind wir Ihr erfahrener Partner f\u00fcr Trocknungs- und Sanierungsarbeiten in Norddeutschland. Unser Firmensitz befindet sich verkehrsg\u00fcnstig in Brietlingen bei L\u00fcndeburg. Die Kosten stets vor Augen: Wir garantieren eine fachkundig ausgef\u00fchrte Sanierungsarbeit nach dem jeweils derzeitigen Stand der Technik.<\/p>\n<h3>Trocknung und Sanierung durch die Firma Wist: Beste Arbeit, geringe Kosten!<\/h3>\n<p>D\u00fcrfen wir Sie informieren, wie Sie die Kosten f\u00fcr eine Sanierung reduzieren? Toll, dann z\u00f6gern Sie bitte nicht und nehmen am besten gleich heute Kontakt mit uns auf. Ein kurzer Telefonanruf oder auch eine kurze Mail gen\u00fcgen. Eine fachlich versierte Beratung ist genauso wichtig wie die fachgerechte Ausf\u00fchrung der entprechenden Arbeiten. Unsere fachliche Beratung ist selbstverst\u00e4ndlich absolut unverbindlich. Beste Qualit\u00e4t bei niedrigen Kosten: Wir empfehlen uns als spezialisiertes Unternehmen im Norden. Unsere gro\u00dfe Erfahrung spricht f\u00fcr uns.<br \/>\nSenken Sie die Kosten f\u00fcr Ihr Sanierungsprojekt: Setzen Sie auf die Profis der Fachfirma Keul.<\/p>","popseo_links":"<a href=\"https:\/\/bautenschutz-keul.de\/angebote\/innenabdichtung-adendorf\/\">Innenabdichtung Adendorf<\/a>, <a href=\"https:\/\/bautenschutz-keul.de\/angebote\/innenabdichtung-geesthacht\/\">Innenabdichtung Geesthacht<\/a>, <a href=\"https:\/\/bautenschutz-keul.de\/angebote\/schimmelsanierung-uelzen\/\">Schimmelsanierung Uelzen<\/a>, <a href=\"https:\/\/bautenschutz-keul.de\/angebote\/salpeter-im-keller-bispingen\/\">Salpeter im Keller Bispingen<\/a>, <a href=\"https:\/\/bautenschutz-keul.de\/angebote\/aufsteigende-feuchtigkeit-jesteburg\/\">aufsteigende Feuchtigkeit Jesteburg<\/a>, <a href=\"https:\/\/bautenschutz-keul.de\/angebote\/salpeter-im-keller-buchholz-in-der-nordheide\/\">Salpeter im Keller Buchholz in der Nordheide<\/a>, <a href=\"https:\/\/bautenschutz-keul.de\/angebote\/feuchte-wand-stelle\/\">Feuchte Wand Stelle<\/a>, <a href=\"https:\/\/bautenschutz-keul.de\/angebote\/feuchtigkeit-herzogtum-lauenburg\/\">Feuchtigkeit Herzogtum Lauenburg<\/a>, <a href=\"https:\/\/bautenschutz-keul.de\/angebote\/aussenabdichtung-uelzen\/\">Au\u00dfenabdichtung Uelzen<\/a>, <a href=\"https:\/\/bautenschutz-keul.de\/angebote\/innenabdichtung-reppenstedt\/\">Innenabdichtung Reppenstedt<\/a>, <a href=\"https:\/\/bautenschutz-keul.de\/angebote\/aufsteigende-feuchtigkeit-hanstedt\/\">aufsteigende Feuchtigkeit Hanstedt<\/a>, <a href=\"https:\/\/bautenschutz-keul.de\/angebote\/feuchte-wand-hanstedt\/\">Feuchte Wand Hanstedt<\/a>, <a href=\"https:\/\/bautenschutz-keul.de\/angebote\/feuchtigkeit-buchholz-in-der-nordheide\/\">Feuchtigkeit Buchholz in der Nordheide<\/a>, <a href=\"https:\/\/bautenschutz-keul.de\/angebote\/innenabdichtung-winsen-luhe\/\">Innenabdichtung Winsen Luhe<\/a>, <a href=\"https:\/\/bautenschutz-keul.de\/angebote\/kellertrockenlegung-adendorf\/\">Kellertrockenlegung Adendorf<\/a>, <a href=\"https:\/\/bautenschutz-keul.de\/angebote\/kellersanierung-bispingen\/\">Kellersanierung Bispingen<\/a>, <a href=\"https:\/\/bautenschutz-keul.de\/angebote\/aussenabdichtung-salzhausen\/\">Au\u00dfenabdichtung Salzhausen<\/a>, <a href=\"https:\/\/bautenschutz-keul.de\/angebote\/schimmelsanierung-seevetal-rosengarten\/\">Schimmelsanierung Seevetal Rosengarten<\/a>, <a href=\"https:\/\/bautenschutz-keul.de\/angebote\/kellersanierung-tostedt-sittensen\/\">Kellersanierung Tostedt Sittensen<\/a>, <a href=\"https:\/\/bautenschutz-keul.de\/angebote\/kellertrockenlegung-reppenstedt\/\">Kellertrockenlegung Reppenstedt<\/a>, <a href=\"https:\/\/bautenschutz-keul.de\/angebote\/zerstoerter-putz-ebstorf\/\">zerst\u00f6rter Putz Ebstorf<\/a>, <a href=\"https:\/\/bautenschutz-keul.de\/angebote\/mauertrockenlegung-amt-neuhaus\/\">Mauertrockenlegung Amt Neuhaus<\/a>, <a href=\"https:\/\/bautenschutz-keul.de\/angebote\/feuchtigkeit-boizenburg\/\">Feuchtigkeit Boizenburg<\/a>, <a href=\"https:\/\/bautenschutz-keul.de\/angebote\/feuchter-keller-bergedorf-wentorf\/\">Feuchter Keller Bergedorf Wentorf<\/a>, <a href=\"https:\/\/bautenschutz-keul.de\/angebote\/zerstoerter-putz-jesteburg\/\">zerst\u00f6rter Putz Jesteburg<\/a>, <a href=\"https:\/\/bautenschutz-keul.de\/angebote\/feuchte-mauer-salzhausen\/\">Feuchte Mauer Salzhausen<\/a>, <a href=\"https:\/\/bautenschutz-keul.de\/angebote\/feuchte-wand-brietlingen\/\">Feuchte Wand Brietlingen<\/a>, <a href=\"https:\/\/bautenschutz-keul.de\/angebote\/kellerabdichtung-jesteburg\/\">Kellerabdichtung Jesteburg<\/a>"},"_links":{"self":[{"href":"https:\/\/bautenschutz-keul.de\/angebote\/wp-json\/wp\/v2\/pages\/307","targetHints":{"allow":["GET"]}}],"collection":[{"href":"https:\/\/bautenschutz-keul.de\/angebote\/wp-json\/wp\/v2\/pages"}],"about":[{"href":"https:\/\/bautenschutz-keul.de\/angebote\/wp-json\/wp\/v2\/types\/page"}],"author":[{"embeddable":true,"href":"https:\/\/bautenschutz-keul.de\/angebote\/wp-json\/wp\/v2\/users\/1"}],"replies":[{"embeddable":true,"href":"https:\/\/bautenschutz-keul.de\/angebote\/wp-json\/wp\/v2\/comments?post=307"}],"version-history":[{"count":0,"href":"https:\/\/bautenschutz-keul.de\/angebote\/wp-json\/wp\/v2\/pages\/307\/revisions"}],"wp:attachment":[{"href":"https:\/\/bautenschutz-keul.de\/angebote\/wp-json\/wp\/v2\/media?parent=307"}],"curies":[{"name":"wp","href":"https:\/\/api.w.org\/{rel}","templated":true}]}}