{"id":309,"date":"2021-09-13T08:43:56","date_gmt":"2021-09-13T06:43:56","guid":{"rendered":"https:\/\/bautenschutz-keul.de\/angebote\/horizontalsperre-buechen\/"},"modified":"2021-09-13T08:43:56","modified_gmt":"2021-09-13T06:43:56","slug":"horizontalsperre-buechen","status":"publish","type":"page","link":"https:\/\/bautenschutz-keul.de\/angebote\/horizontalsperre-buechen\/","title":{"rendered":"Horizontalsperre &#8211; B\u00fcchen"},"content":{"rendered":"<h3>Horizontalsperre: F\u00fcr die Spezialisten unserer Firma kein Problem!<\/h3>\n<p>Die Horizontalsperre ist eine bauhandwerkliche Verfahrensweise, die verhindern soll, dass N\u00e4sse ins Mauerwerk eindringen kann. Eindringende N\u00e4sse gef\u00e4hrdet die Substanz eines Geb\u00e4udes. Immobilieneigent\u00fcmer sind einfach gut beraten, massiv gegen Durchfeuchtungen vorzugehen. Mittlerweile werden die meisten neuen H\u00e4user bereits mit einer Horizontalsperre versehen. Bei den meisten \u00e4lteren H\u00e4usern fehlt sie indes ganz oder ist mit den Jahren unbrauchbar geworden. In diesem Fall gilt es Vers\u00e4umtes nachzuarbeiten. <\/p>\n<h3>Horizontalsperre: Wir helfen schnell und kompetent!<\/h3>\n<p>Bei der Horizontalsperre unterscheidet man gemeinhin drei unterschiedliche Ma\u00dfnahmen. Man spricht in diesem Zusammenhang oftmals von der chemischen, der mechanischen und der elektrophysikalischen Horizontalsperre. Eine mechanische Horizontalabdichtung greift auf Feuchtigkeitssperren aus hochwertigem Stahl, Kunststoff und auch Dachpappe zur\u00fcck. Ins Mauerwerk eingebaut, verhindern diese Baustoffe die gef\u00e4hrliche Ausdehnung von N\u00e4sse. Beim Verfahren der chemischen Horizontalsperre werden bestimmte Dichtungsstoffe nachtr\u00e4glich in die Mauer eingegeben.<br \/>\nDie elektrolytische Horizontalabdichtung schlie\u00dflich setzt auf die Technik der so bezeichneten Elektromose. Darunter wird eine Arbeitsweise verstanden, bei der ein elektrisches Feld parallel zur Oberfl\u00e4che angelegt wird. Die Wirkung der elektrolytischen Horizontalsperre ist als sehr gut zu bezeichnen. Eine professionell durchgef\u00fchrte Horizontalabdichtung ist eine lohnende Entscheidung. Nasses Mauerwerk bedroht den Wert eines Geb\u00e4udes. Und nicht nur das: Dauerhafte<br \/>\nN\u00e4sse ist gesundheitlich bedrohend und wirkt sich negativ auf das Befinden aus.<\/p>\n","protected":false},"excerpt":{"rendered":"<p>Horizontalsperre: F\u00fcr die Spezialisten unserer Firma kein Problem! Die Horizontalsperre ist eine bauhandwerkliche Verfahrensweise, die verhindern soll, dass N\u00e4sse ins Mauerwerk eindringen kann. Eindringende N\u00e4sse gef\u00e4hrdet die Substanz eines Geb\u00e4udes. Immobilieneigent\u00fcmer sind einfach gut beraten, massiv gegen Durchfeuchtungen vorzugehen. Mittlerweile werden die meisten neuen H\u00e4user bereits mit einer Horizontalsperre versehen. Bei den meisten \u00e4lteren H\u00e4usern [&hellip;]<\/p>\n","protected":false},"author":1,"featured_media":0,"parent":0,"menu_order":0,"comment_status":"closed","ping_status":"closed","template":"","meta":{"footnotes":""},"class_list":["post-309","page","type-page","status-publish","hentry"],"meta_box":{"popseo_subtitel":"Wir sind Ihr Fachunternehmen in Sachen Horizontalsperre in B\u00fcchen","popseo_subtitel2":"Horizontalsperre - setzen Sie auf unsere Erfahrung","popseo_lasttitel":"Horizontalsperre: Treten Sie in Kontakt mit uns!","popseo_region":"B\u00fcchen","popseo_sachwort":"Horizontalsperre","popseo_noupdate":"","popseo_einleitungstext":"<p>Wenn es um die Bauwerksabdichtung geht, sind Sie bei der Firma TK-Geb\u00e4udetechnik genau an der richtigen Adresse. Seit unserer Gr\u00fcndung sind wir Ihre lokalen Spezialisten f\u00fcr die Kellerabdichtung, f\u00fcr wirkungsvolle Methoden gegen aufsteigende Feuchtigkeit und das Setzen von Horizontalsperren. Unsere Fachleute ermitteln den Ist-Zustand von W\u00e4nden und Mauern und zeigen Ihnen, wie Sie die Bausubstanz Ihrer Immobilie dauerhaft absichern k\u00f6nnen. Nachfolgend haben wir einige erste Informationen f\u00fcr Sie zusammengetragen.<\/p>","popseo_schlusstext":"<p>Sie suchen einen Fachpartner f\u00fcr die Bauwerksabdichtung. Toll, dass Sie auf uns aufmerksam geworden sind. Worauf Sie neben unserer Fachkompetenz setzen d\u00fcrfen: Unser Team ist immer mit Akribie und Motivation bei der Sache. Wir freuen uns sehr, wenn wir Sie in einem unverbindlichen Beratungsgespr\u00e4ch \u00fcber die vielen Optionen, die sich Ihnen bieten, informieren d\u00fcrfen. Nehmen Sie bitte Kontakt mit uns auf. Wir sind gerne f\u00fcr Sie da!<\/p>","popseo_stadttext":"<h3>Zu Ihren Diensten in B\u00fcchen<\/h3>\n<p>Durch unsere Gesch\u00e4ftst\u00e4tigkeit haben wir uns einen sehr guten \u00dcberblick \u00fcber die Architektur der Gemeinden und St\u00e4dte unseres Einzugsbereiches erarbeiten k\u00f6nnen. Selbstverst\u00e4ndlich geh\u00f6rt auch B\u00fcchen zu unserem unmittelbaren Vertriebsgebiet. Wir freuen uns darauf, mit Ihnen ins Gespr\u00e4ch zu kommen. <\/p>\n<h3>Gute Gr\u00fcnde sprechen f\u00fcr die Wohnorte B\u00fcchen<\/h3>\n<p>B\u00fcchen liegt an der M\u00fcndung des Elbe-L\u00fcbeck-Kanals im Landkreis Herzogtum-Lauenburg im s\u00fcdlichen Schleswig-Holstein. Insgesamt 5.700 Einwohner wohnen in B\u00fcchen auf einer Fl\u00e4che von 16 qkm. Die Entfernung zwischen B\u00fcchen und der Gro\u00dfstadt Hamburg bel\u00e4uft sich auf zirka 40 Kilometer. Viele Pendler leben in der Stadt B\u00fcchen. Wer seine Arbeitsstelle in Hamburg hat, das private Umfeld allerdings lieber etwas weniger hektisch hat, wei\u00df die Vorz\u00fcge der Stadt B\u00fcchen zu sch\u00e4tzen.<\/p>\n<p>B\u00fcchen ist ein Halt auf den Eisenbahnstrecken L\u00fcneburg-L\u00fcbeck und Hamburg-Berlin. Wer die Zeit der DDR erlebt hat, erinnert sich bestimmt noch an die verst\u00f6renden Passkontrollen im Bahnhof von B\u00fcchen. Bis 1990 lag B\u00fcchen im unmittelbaren Grenzgebiet zwischen der ehemaligen Bundesrepublik und der damaligen DDR. Wer mit dem Wagen f\u00e4hrt, erreicht die Gemeinde B\u00fcchen z.B. \u00fcber die Autobahn A24. Die Anschlussstelle B\u00fcchen findet sich knapp acht Kilometer vom Zentrum entfernt.<\/p>\n<h3>Reizvolles B\u00fcchen!<\/h3>\n<p>Die heutige Gemeinde B\u00fcchen ist ein Zusammenschluss mehrerer kleinerer Orte. Dem namensgebenden B\u00fcchen selbst gemeindete man in den 1930ern die Orte N\u00fcssau und P\u00f6trau ein. Das Amt B\u00fcchen z\u00e4hlt zusammen 15 Gemeinden. Durch die r\u00e4umliche N\u00e4he zur Hansestadt Hamburg hat sich in B\u00fcchen ein erstaunlich ansehnliches Wirtschaftsleben etabliert. Der Standort ist exzellent gelegen und bietet Unternehmen ausgezeichnete Konditionen. <\/p>\n<p>Sehr gesch\u00e4tzt wird B\u00fcchen von Naturfreunden wegen seines gro\u00dfen Erholungswertes. In B\u00fcchen startet man gerne zu langen Exkursionen durch den Naturpark Lauenburgische Seen. Besonders f\u00fcr Familien ist B\u00fcchen attraktiv. Die ruhige Lage sowie eine gute Infrastruktur zeichnen die Stadt aus. Alle Schularten sind vorhanden und auch das \u00f6rtliche Jugendzentrum genie\u00dft regen Zuspruch. <\/p>\n<h4>Privat- und Gesch\u00e4ftskunden aus B\u00fcchen sch\u00e4tzen unsere Leistungen!<\/h4>\n<p>Wir finden es super, dass Sie unsere Website entdeckt haben. Unser Fachunternehmen steht f\u00fcr ein sehr gutes Preis-Leistungs-Verh\u00e4ltnis. Sie m\u00f6chten mehr \u00fcber uns erfahren? F\u00fcr R\u00fcckfragen stehen wir Ihnen jederzeit zur Verf\u00fcgung. Auf Ihre Anfragen freuen wir uns.<\/p>","popseo_zusatztext":"<h3>Keine Angst vor hohen Kosten<\/h3>\n<p>Sie sind interessiert an Trocknungs- oder Sanierungsarbeiten und w\u00fcnschen sich ein entsprechendes Angebot, das eine handwerklich gute Arbeit garantiert, gleichwohl die Kosten im Blick hat. Super, dann sind Sie bei uns an der richtigen Adresse. Als Spezialist f\u00fcr Bauwerksabdichtung, Schimmelbeseitigung und Kellersanierung verwenden wir nur hochwertige Materialien. Trotzdem schauen wir immer auf die Kosten, die nat\u00fcrlich nicht zu hoch sein sollen. Wir m\u00f6chten Ihnen beste Qualit\u00e4t bieten, die zugleich auch die Kosten im Blick hat. Bei uns stimmen Kosten und Leistung: Seit vielen Jahren schon sind wir Ihr qualifizierter Partner f\u00fcr Trocknungs- und Sanierungsarbeiten im norddeutschen Raum. Unser Unternehmenssitz befindet sich verkehrsg\u00fcnstig in Brietlingen bei L\u00fcndeburg. Die Kosten stets im Blick: Wir versprechen Ihnen eine einwandfrei durchgef\u00fchrte Arbeit nach dem jeweils neuesten Stand der Technik.<\/p>\n<h3>Trocknung und Sanierung durch die Firma Wist: Beste Arbeit, geringe Kosten!<\/h3>\n<p>D\u00fcrfen wir Sie informieren, wie Sie die Kosten f\u00fcr eine Sanierung reduzieren? Toll, dann warten Sie bitte nicht und nehmen am besten gleich heute Verbindung mit uns auf. Ein kurzer Anruf oder auch eine kurze E-Mail gen\u00fcgen. Die gute und umfangreiche Beratung ist gleicherma\u00dfen wichtig wie die perfekte Ausf\u00fchrung der entsprechenden T\u00e4tigkeiten. Unsere Beratung ist nat\u00fcrlich absolut unverbindlich. Beste Qualit\u00e4t bei niedrigen Kosten: Wir empfehlen uns als spezialisiertes Unternehmen im Norden. Unsere gro\u00dfe Erfahrung zeichnet uns aus.<br \/>\nSenken Sie die Kosten f\u00fcr Ihre Geb\u00e4udesanierung: Setzen Sie auf die Profis der Fachfirma Keul.<\/p>","popseo_links":"<a href=\"https:\/\/bautenschutz-keul.de\/angebote\/schimmelbeseitigung-maschen\/\">Schimmelbeseitigung Maschen<\/a>, <a href=\"https:\/\/bautenschutz-keul.de\/angebote\/feuchte-wand-bergedorf-wentorf\/\">Feuchte Wand Bergedorf Wentorf<\/a>, <a href=\"https:\/\/bautenschutz-keul.de\/angebote\/schimmelbeseitigung-seevetal-rosengarten\/\">Schimmelbeseitigung Seevetal Rosengarten<\/a>, <a href=\"https:\/\/bautenschutz-keul.de\/angebote\/innenabdichtung-uelzen\/\">Innenabdichtung Uelzen<\/a>, <a href=\"https:\/\/bautenschutz-keul.de\/angebote\/feuchtigkeit-harburg\/\">Feuchtigkeit Harburg<\/a>, <a href=\"https:\/\/bautenschutz-keul.de\/angebote\/mauertrockenlegung-amt-neuhaus\/\">Mauertrockenlegung Amt Neuhaus<\/a>, <a href=\"https:\/\/bautenschutz-keul.de\/angebote\/zerstoerter-putz-seevetal-rosengarten\/\">zerst\u00f6rter Putz Seevetal Rosengarten<\/a>, <a href=\"https:\/\/bautenschutz-keul.de\/angebote\/zerstoerter-putz-bispingen\/\">zerst\u00f6rter Putz Bispingen<\/a>, <a href=\"https:\/\/bautenschutz-keul.de\/angebote\/mauertrockenlegung-boizenburg\/\">Mauertrockenlegung Boizenburg<\/a>, <a href=\"https:\/\/bautenschutz-keul.de\/angebote\/aufsteigende-feuchtigkeit-bergedorf-wentorf\/\">aufsteigende Feuchtigkeit Bergedorf Wentorf<\/a>, <a href=\"https:\/\/bautenschutz-keul.de\/angebote\/zerstoerter-putz-stelle\/\">zerst\u00f6rter Putz Stelle<\/a>, <a href=\"https:\/\/bautenschutz-keul.de\/angebote\/zerstoerter-putz-schwarzenbek\/\">zerst\u00f6rter Putz Schwarzenbek<\/a>, <a href=\"https:\/\/bautenschutz-keul.de\/angebote\/aufsteigende-feuchtigkeit-lueneburg\/\">aufsteigende Feuchtigkeit L\u00fcneburg<\/a>, <a href=\"https:\/\/bautenschutz-keul.de\/angebote\/kellerabdichtung-buechen\/\">Kellerabdichtung B\u00fcchen<\/a>, <a href=\"https:\/\/bautenschutz-keul.de\/angebote\/kellertrockenlegung-seevetal-rosengarten\/\">Kellertrockenlegung Seevetal Rosengarten<\/a>, <a href=\"https:\/\/bautenschutz-keul.de\/angebote\/aussenabdichtung-stelle\/\">Au\u00dfenabdichtung Stelle<\/a>, <a href=\"https:\/\/bautenschutz-keul.de\/angebote\/aussenabdichtung-winsen-luhe\/\">Au\u00dfenabdichtung Winsen Luhe<\/a>, <a href=\"https:\/\/bautenschutz-keul.de\/angebote\/salpeter-im-keller-glinde-sachsenwald\/\">Salpeter im Keller Glinde Sachsenwald<\/a>, <a href=\"https:\/\/bautenschutz-keul.de\/angebote\/kellertrockenlegung-adendorf\/\">Kellertrockenlegung Adendorf<\/a>, <a href=\"https:\/\/bautenschutz-keul.de\/angebote\/feuchtigkeit-geesthacht\/\">Feuchtigkeit Geesthacht<\/a>, <a href=\"https:\/\/bautenschutz-keul.de\/angebote\/kellertrockenlegung-lueneburg\/\">Kellertrockenlegung L\u00fcneburg<\/a>, <a href=\"https:\/\/bautenschutz-keul.de\/angebote\/aufsteigende-feuchtigkeit-amt-neuhaus\/\">aufsteigende Feuchtigkeit Amt Neuhaus<\/a>, <a href=\"https:\/\/bautenschutz-keul.de\/angebote\/kellerabdichtung-amt-neuhaus\/\">Kellerabdichtung Amt Neuhaus<\/a>, <a href=\"https:\/\/bautenschutz-keul.de\/angebote\/innenabdichtung-amt-neuhaus\/\">Innenabdichtung Amt Neuhaus<\/a>, <a href=\"https:\/\/bautenschutz-keul.de\/angebote\/feuchte-mauer-maschen\/\">Feuchte Mauer Maschen<\/a>, <a href=\"https:\/\/bautenschutz-keul.de\/angebote\/aussenabdichtung-buchholz-in-der-nordheide\/\">Au\u00dfenabdichtung Buchholz in der Nordheide<\/a>, <a href=\"https:\/\/bautenschutz-keul.de\/angebote\/feuchtigkeitsschaden-reppenstedt\/\">Feuchtigkeitsschaden Reppenstedt<\/a>, <a href=\"https:\/\/bautenschutz-keul.de\/angebote\/feuchtigkeit-herzogtum-lauenburg\/\">Feuchtigkeit Herzogtum Lauenburg<\/a>"},"_links":{"self":[{"href":"https:\/\/bautenschutz-keul.de\/angebote\/wp-json\/wp\/v2\/pages\/309","targetHints":{"allow":["GET"]}}],"collection":[{"href":"https:\/\/bautenschutz-keul.de\/angebote\/wp-json\/wp\/v2\/pages"}],"about":[{"href":"https:\/\/bautenschutz-keul.de\/angebote\/wp-json\/wp\/v2\/types\/page"}],"author":[{"embeddable":true,"href":"https:\/\/bautenschutz-keul.de\/angebote\/wp-json\/wp\/v2\/users\/1"}],"replies":[{"embeddable":true,"href":"https:\/\/bautenschutz-keul.de\/angebote\/wp-json\/wp\/v2\/comments?post=309"}],"version-history":[{"count":0,"href":"https:\/\/bautenschutz-keul.de\/angebote\/wp-json\/wp\/v2\/pages\/309\/revisions"}],"wp:attachment":[{"href":"https:\/\/bautenschutz-keul.de\/angebote\/wp-json\/wp\/v2\/media?parent=309"}],"curies":[{"name":"wp","href":"https:\/\/api.w.org\/{rel}","templated":true}]}}