{"id":312,"date":"2021-09-13T08:43:56","date_gmt":"2021-09-13T06:43:56","guid":{"rendered":"https:\/\/bautenschutz-keul.de\/angebote\/horizontalsperre-glinde-sachsenwald\/"},"modified":"2021-09-13T08:43:56","modified_gmt":"2021-09-13T06:43:56","slug":"horizontalsperre-glinde-sachsenwald","status":"publish","type":"page","link":"https:\/\/bautenschutz-keul.de\/angebote\/horizontalsperre-glinde-sachsenwald\/","title":{"rendered":"Horizontalsperre &#8211; Glinde Sachsenwald"},"content":{"rendered":"<h3>Horizontalsperre: Fragen Sie den Sanierungsprofi!<\/h3>\n<p>Die Horizontalsperre ist eine handwerkliche Verfahrensweise, die unterbinden soll, dass Bodenfeuchtigkeit ins Mauerwerk einsickern kann. Einsickernde Feuchtigkeit gef\u00e4hrdet die Substanz einer Immobilie. Geb\u00e4udebesitzer sind entsprechend gut beraten, nachhaltig gegen Durchfeuchtungen vorzugehen. Heutzutage werden die meisten H\u00e4user bereits mit einer Horizontalsperre versehen. Bei fast allen \u00e4lteren H\u00e4usern fehlt sie indes ganz oder ist mit den Jahren unbrauchbar geworden. Hier gilt es Vers\u00e4umtes nachzuholen. <\/p>\n<h3>Kompetent und erfahren richten wir eine Horizontalsperre ein<\/h3>\n<p>Bei der Horizontalsperre unterscheidet man f\u00fcr gew\u00f6hnlich drei unterschiedliche Techniken. Man redet in diesem Zusammenhang oft von der chemischen, der mechanischen sowie der elektrophysikalischen Horizontalsperre. Eine mechanische Horizontalabdichtung greift auf Feuchtigkeitssperren aus Edelstahl, Kunststoff oder Mauerpappe zur\u00fcck. Ins Mauerwerk integriert, verhindern diese Werkstoffe die gef\u00e4hrliche Ausbreitung von Feuchtigkeit. Beim Verfahren der chemischen Horizontalsperre werden spezielle Dichtungsstoffe nachtr\u00e4glich in das Mauerwerk eingebracht.<br \/>\nEine elektrolytische Horizontalabdichtung schlie\u00dflich vertraut auf die Technik der so bezeichneten Elektromose. Hierunter wird eine Technik verstanden, bei der ein elektrisches Feld parallel zur Fassade erzeugt wird. Die Wirksamkeit der elektrolytischen Horizontalsperre ist ebenfalls sehr gut. Eine perfekt ausgef\u00fchrte Horizontalabdichtung ist eine gewinnbringende Entscheidung. Nasses Mauerwerk gef\u00e4hrdet den Wert eines Hauses. Und nicht nur das: Dauerhafte<br \/>\nN\u00e4sse ist gesundheitlich abtr\u00e4glich und wirkt sich schlecht auf das Befinden aus.<\/p>\n","protected":false},"excerpt":{"rendered":"<p>Horizontalsperre: Fragen Sie den Sanierungsprofi! Die Horizontalsperre ist eine handwerkliche Verfahrensweise, die unterbinden soll, dass Bodenfeuchtigkeit ins Mauerwerk einsickern kann. Einsickernde Feuchtigkeit gef\u00e4hrdet die Substanz einer Immobilie. Geb\u00e4udebesitzer sind entsprechend gut beraten, nachhaltig gegen Durchfeuchtungen vorzugehen. Heutzutage werden die meisten H\u00e4user bereits mit einer Horizontalsperre versehen. Bei fast allen \u00e4lteren H\u00e4usern fehlt sie indes ganz [&hellip;]<\/p>\n","protected":false},"author":1,"featured_media":0,"parent":0,"menu_order":0,"comment_status":"closed","ping_status":"closed","template":"","meta":{"footnotes":""},"class_list":["post-312","page","type-page","status-publish","hentry"],"meta_box":{"popseo_subtitel":"Die Firma TK-Geb\u00e4udetechnik Thorsten Keul ist Ihr Fachbetrieb in Sachen Horizontalsperre im Raum Glinde Sachsenwald","popseo_subtitel2":"Horizontalsperre durch die Experten unserer Firma","popseo_lasttitel":"Horizontalsperre: F\u00fcr weitere Informationen sprechen Sie uns bitte an","popseo_region":"Glinde Sachsenwald","popseo_sachwort":"Horizontalsperre","popseo_noupdate":"","popseo_einleitungstext":"<p>Sie haben sich mit der Bauwerksabdichtung auseinandergesetzt, weil Ihre Immobilie feuchte Geb\u00e4udeteile aufweist und Sie nach M\u00f6glichkeiten einer wirkungsvollen und professionellen Sanierung Ausschau halten. Toll, dass Sie unsere Website entdeckt haben. Nachfolgend m\u00f6chten wir Ihnen einige Informationen zu unserem Leistungsangebot geben. Sie lernen auf dieser Website unsere Firma n\u00e4her kennen. <\/p>\n<p>Unser Unternehmen ist ein qualifizierter und erfahrener Handwerksbetrieb mit Sitz in Brietlingen bei L\u00fcneburg. Bereits seit vielen Jahren sind wir Ihr Spezialist f\u00fcr alle Fragen rund um Geb\u00e4udeabdichtung. Wir setzen ausschlie\u00dflich praxisbew\u00e4hrte und effektive Sanierungssysteme und -methoden ein. Als Fachbetrieb f\u00fcr Abdichtung und Sanierung schauen wir auf eine lange Berufserfahrung zur\u00fcck. Unsere freundlichen Spezialisten informieren Sie sehr gerne im Detail.<\/p>","popseo_schlusstext":"<p>Sie suchen einen Profi f\u00fcr die sachgerechte Umsetzung der Innen- und Au\u00dfenabdichtung. Dann kontaktieren Sie uns bitte schnell. Wir freuen uns auf das Gespr\u00e4ch mit Ihnen. Wenn es um Sanierung geht, sind wir Ihr kompetenter Handwerkspartner. Wir stehen f\u00fcr eine fachgerecht ausgef\u00fchrte Arbeit nach dem jeweils derzeitigen Stand der Technik.<\/p>","popseo_stadttext":"<h3>Unsere Dienstleistungen auch f\u00fcr Kunden aus der Region Glinde \/ Sachsenwald<\/h3>\n<p>Sie wohnen in Glinde oder in der N\u00e4he vom Sachsenwald und sind hier im Internet auf unsere Website gesto\u00dfen? Das finden wir toll. Gerne pr\u00e4sentieren wir Ihnen unser komplettes Leistungsspektrum und beantworten Ihre Fragen. Durch unsere Gesch\u00e4ftst\u00e4tigkeit haben wir uns einen guten \u00dcberblick \u00fcber die Architektur der Gemeinden und St\u00e4dte unseres Einzugsbereiches machen k\u00f6nnen. Nat\u00fcrlich z\u00e4hlt auch die Region Glinde \/ Sachsenwald zu unserem unmittelbaren Vertriebsgebiet. Wir freuen uns darauf, mit Ihnen ins Gespr\u00e4ch zu kommen. <\/p>\n<h3>Leben und Arbeiten in der Region Glinde \/ Sachsenwald<\/h3>\n<p>Die Stormarner Gemeinde Glinde ist Teil der Metropolregion Hamburg und circa 20 km in s\u00fcd\u00f6stlicher Randlage zur Hansestadt gelegen. Durch die Anbindung an das Verkehrsnetz des Hamburger Verkehrsverbunds (HVV) sowie an die Verkehrsbetriebe Hamburg- Holstein sind Ziele in der n\u00e4heren Umgebung oder nat\u00fcrlich auch die Hamburger City von Glinde aus schnell zu erreichen.<br \/>\nInsgesamt acht Busstrecken bilden den Personennahverkehr von Glinde nach Hamburg bzw. in die Nachbargemeinden. Ferner besteht eine direkte Verbindung mit der Deutschen Bahn nach Hamburg. \u00dcber den Hamburger Hauptbahnbahnhof erh\u00e4lt man Anschluss an das gesamte Streckennetz. Dar\u00fcber hinaus besteht noch die M\u00f6glichkeit, den Metronombus zu nehmen, mit dem man von Glinde nach Hamburg ungef\u00e4hr eine Dreiviertelstunde ben\u00f6tigt. Auch f\u00fcr das Auto stehen viele \u00fcberregionale Verkehrsverbindungen zur Verf\u00fcgung. Gleich zwei Autobahnanschl\u00fcsse befinden sich in direkter Nachbarschaft. \u00dcber die Autobahn A24 (AS Reinbek\/Glinde) bzw. die Schnellstra\u00dfe A1 erreicht man schnell sein Ziel.<br \/>\nWegen seiner hervorragenden Infrastruktur hat sich Glinde zu einem beliebten Wohnquartier entwickelt.  \u00dcber die H\u00e4lfte des Stadtgebietes von Glinde wird landwirtschaftlich genutzt oder besteht aus Park- oder Wasserfl\u00e4chen. <\/p>\n<h3>Ein Idyll vor der Haust\u00fcr: Der Sachsenwald<\/h3>\n<p>Unweit von Glinde entfernt, findet sich der Sachsenwald. Mit seiner Gesamtfl\u00e4che von rund 70 Quadratkilometern z\u00e4hlt der Sachsenwald als ausgedehntestes Waldgebiet des Bundeslandes Schleswig-Holstein. Der Sachsenwald ist ein gemeindefreies Territorium. Es grenzt an die Kreise Stormarn sowie Herzogtum Lauenburg. Naturverbundene Menschen finden im Sachsenwald ein kleines Paradies. Ein ausgiebiger Spaziergang durch das herrliche Waldgebiet verspricht Ruhe und Entspannung. Viele Tiere und Pflanzen haben im Sachsenwald ihr Revier gefunden. Die heimische Tierwelt hat im Sachsenwald einen weitestgehend intakten Lebensraum. Der Sachsenwald gliedert sich in die Bezirke Aum\u00fchle, Wohltorf und Friedrichsruh\/Stangenteich auf. Die dazugeh\u00f6rigen Orte erfreuen sich als begehrte Wohnquartiere besonderer Popularit\u00e4t.<\/p>\n<h4>Privat- und Gesch\u00e4ftskunden aus Glinde und den Gemeinden am Sachsenwald sch\u00e4tzen unsere Leistungen!<\/h4>\n<p>Sie leben in Glinde oder einer der beschaulichen Orte am Sachsenwald, interessieren sich f\u00fcr unser Leistungsprogramm und haben deshalb unsere Website besucht? Dar\u00fcber freuen wir uns sehr. Unser engagiertes Team nimmt gerne Ihren Anruf entgegen oder beantwortet Ihre E-Mail.<\/p>","popseo_zusatztext":"<h3>Perfekte Sanierungsarbeiten zu geringen Kosten<\/h3>\n<p>Sie interessieren sich f\u00fcr eine Kellertrockenlegung oder eine Sanierungsarbeit an Mauern bzw. W\u00e4nden und w\u00fcnschen sich ein individuelles Angebot, das eine handwerklich gute Arbeit garantiert, gleichzeitig aber die Kosten im Blick hat. Super, dann sind Sie bei uns an der richtigen Adresse. Als Spezialist f\u00fcr Schimmelbeseitigung, Geb\u00e4udeabdichtung und Kellersanierung verwenden wir ausnahmslos ausgezeichnete Materialien. Gleichwohl achten wir stets auf die Kosten, die selbstverst\u00e4ndlich \u00fcberschaubar bleiben sollen. Wir m\u00f6chten Ihnen Qualit\u00e4t anbieten, die trotzdem auch die Kosten im Blick beh\u00e4lt. Bei uns stimmen Kosten und Qualit\u00e4t: Schon seit etlichen Jahren sind wir Ihr erfahrener Fachbetrieb f\u00fcr Trocknungs- und Sanierungsarbeiten in Norddeutschland. Unser Unternehmenssitz befindet sich verkehrsg\u00fcnstig in Brietlingen bei L\u00fcndeburg. Die Kosten stets vor Augen: Wir garantieren eine professionell ausgef\u00fchrte Arbeit nach dem jeweils neuesten Stand der Technik.<\/p>\n<h3>Hochwertige Arbeit, geringe Kosten!<\/h3>\n<p>D\u00fcrfen wir Sie informieren, wie Sie die Kosten f\u00fcr eine Sanierung begrenzen k\u00f6nnen? Toll, dann warten Sie bitte nicht und nehmen am besten gleich heute Kontakt mit uns auf. Ein kurzer Anruf oder auch eine schnelle E-Mail gen\u00fcgen. Die gute Beratung ist genauso wichtig wie die perfekte Umsetzung der eigentlichen Arbeiten. Unsere fachliche Beratung ist nat\u00fcrlich v\u00f6llig unverbindlich. Qualit\u00e4tsbewusst bei niedrigen Kosten: Wir empfehlen uns als spezialisiertes Fachunternehmen im Norden. Unsere langj\u00e4hrige Erfahrung spricht f\u00fcr uns.<br \/>\nMinimieren Sie die Kosten f\u00fcr Ihre Geb\u00e4udesanierung: Setzen Sie auf die Profis der Fachfirma Keul.<\/p>","popseo_links":"<a href=\"https:\/\/bautenschutz-keul.de\/angebote\/feuchtigkeit-amelinghausen\/\">Feuchtigkeit Amelinghausen<\/a>, <a href=\"https:\/\/bautenschutz-keul.de\/angebote\/feuchtigkeit-bad-bevensen\/\">Feuchtigkeit Bad Bevensen<\/a>, <a href=\"https:\/\/bautenschutz-keul.de\/angebote\/schimmelsanierung-amelinghausen\/\">Schimmelsanierung Amelinghausen<\/a>, <a href=\"https:\/\/bautenschutz-keul.de\/angebote\/feuchte-wand-uelzen\/\">Feuchte Wand Uelzen<\/a>, <a href=\"https:\/\/bautenschutz-keul.de\/angebote\/feuchtigkeit-reinbek-aumuehle\/\">Feuchtigkeit Reinbek Aum\u00fchle<\/a>, <a href=\"https:\/\/bautenschutz-keul.de\/angebote\/schimmelsanierung-glinde-sachsenwald\/\">Schimmelsanierung Glinde Sachsenwald<\/a>, <a href=\"https:\/\/bautenschutz-keul.de\/angebote\/rissverpressung-boizenburg\/\">Rissverpressung Boizenburg<\/a>, <a href=\"https:\/\/bautenschutz-keul.de\/angebote\/feuchter-keller-salzhausen\/\">Feuchter Keller Salzhausen<\/a>, <a href=\"https:\/\/bautenschutz-keul.de\/angebote\/feuchte-mauer-bispingen\/\">Feuchte Mauer Bispingen<\/a>, <a href=\"https:\/\/bautenschutz-keul.de\/angebote\/rissverpressung-bispingen\/\">Rissverpressung Bispingen<\/a>, <a href=\"https:\/\/bautenschutz-keul.de\/angebote\/feuchtigkeitsschaden-adendorf\/\">Feuchtigkeitsschaden Adendorf<\/a>, <a href=\"https:\/\/bautenschutz-keul.de\/angebote\/feuchter-keller-boizenburg\/\">Feuchter Keller Boizenburg<\/a>, <a href=\"https:\/\/bautenschutz-keul.de\/angebote\/salpeter-im-keller-maschen\/\">Salpeter im Keller Maschen<\/a>, <a href=\"https:\/\/bautenschutz-keul.de\/angebote\/aufsteigende-feuchtigkeit-glinde-sachsenwald\/\">aufsteigende Feuchtigkeit Glinde Sachsenwald<\/a>, <a href=\"https:\/\/bautenschutz-keul.de\/angebote\/feuchtigkeit-lueneburg\/\">Feuchtigkeit L\u00fcneburg<\/a>, <a href=\"https:\/\/bautenschutz-keul.de\/angebote\/zerstoerter-putz-buechen\/\">zerst\u00f6rter Putz B\u00fcchen<\/a>, <a href=\"https:\/\/bautenschutz-keul.de\/angebote\/aufsteigende-feuchtigkeit-schwarzenbek\/\">aufsteigende Feuchtigkeit Schwarzenbek<\/a>, <a href=\"https:\/\/bautenschutz-keul.de\/angebote\/mauertrockenlegung-bardowick\/\">Mauertrockenlegung Bardowick<\/a>, <a href=\"https:\/\/bautenschutz-keul.de\/angebote\/aufsteigende-feuchtigkeit-harburg\/\">aufsteigende Feuchtigkeit Harburg<\/a>, <a href=\"https:\/\/bautenschutz-keul.de\/angebote\/rissverpressung-geesthacht\/\">Rissverpressung Geesthacht<\/a>, <a href=\"https:\/\/bautenschutz-keul.de\/angebote\/bauwerksabdichtung-schwarzenbek\/\">Bauwerksabdichtung Schwarzenbek<\/a>, <a href=\"https:\/\/bautenschutz-keul.de\/angebote\/feuchtigkeitsschaden-buchholz-in-der-nordheide\/\">Feuchtigkeitsschaden Buchholz in der Nordheide<\/a>, <a href=\"https:\/\/bautenschutz-keul.de\/angebote\/feuchte-wand-schwarzenbek\/\">Feuchte Wand Schwarzenbek<\/a>, <a href=\"https:\/\/bautenschutz-keul.de\/angebote\/schimmel-harburg\/\">Schimmel Harburg<\/a>, <a href=\"https:\/\/bautenschutz-keul.de\/angebote\/aufsteigende-feuchtigkeit-bardowick\/\">aufsteigende Feuchtigkeit Bardowick<\/a>, <a href=\"https:\/\/bautenschutz-keul.de\/angebote\/feuchtigkeit-bergedorf-wentorf\/\">Feuchtigkeit Bergedorf Wentorf<\/a>, <a href=\"https:\/\/bautenschutz-keul.de\/angebote\/feuchter-keller-jesteburg\/\">Feuchter Keller Jesteburg<\/a>, <a href=\"https:\/\/bautenschutz-keul.de\/angebote\/feuchtigkeitsschaden-amt-neuhaus\/\">Feuchtigkeitsschaden Amt Neuhaus<\/a>"},"_links":{"self":[{"href":"https:\/\/bautenschutz-keul.de\/angebote\/wp-json\/wp\/v2\/pages\/312","targetHints":{"allow":["GET"]}}],"collection":[{"href":"https:\/\/bautenschutz-keul.de\/angebote\/wp-json\/wp\/v2\/pages"}],"about":[{"href":"https:\/\/bautenschutz-keul.de\/angebote\/wp-json\/wp\/v2\/types\/page"}],"author":[{"embeddable":true,"href":"https:\/\/bautenschutz-keul.de\/angebote\/wp-json\/wp\/v2\/users\/1"}],"replies":[{"embeddable":true,"href":"https:\/\/bautenschutz-keul.de\/angebote\/wp-json\/wp\/v2\/comments?post=312"}],"version-history":[{"count":0,"href":"https:\/\/bautenschutz-keul.de\/angebote\/wp-json\/wp\/v2\/pages\/312\/revisions"}],"wp:attachment":[{"href":"https:\/\/bautenschutz-keul.de\/angebote\/wp-json\/wp\/v2\/media?parent=312"}],"curies":[{"name":"wp","href":"https:\/\/api.w.org\/{rel}","templated":true}]}}