{"id":314,"date":"2021-09-13T08:43:56","date_gmt":"2021-09-13T06:43:56","guid":{"rendered":"https:\/\/bautenschutz-keul.de\/angebote\/horizontalsperre-harburg\/"},"modified":"2021-09-13T08:43:56","modified_gmt":"2021-09-13T06:43:56","slug":"horizontalsperre-harburg","status":"publish","type":"page","link":"https:\/\/bautenschutz-keul.de\/angebote\/horizontalsperre-harburg\/","title":{"rendered":"Horizontalsperre &#8211; Harburg"},"content":{"rendered":"<h3>Horizontalsperre: Wir helfen qualifiziert und schnell!<\/h3>\n<p>Die Horizontalsperre ist eine bauhandwerkliche Verfahrensweise, die verhindern soll, dass Bodenfeuchtigkeit in die Wand eindringen kann. Einsickernde N\u00e4sse gef\u00e4hrdet die Substanz eines Bauwerkes. Immobilieneigent\u00fcmer sind einfach gut beraten, konsequent gegen Durchfeuchtungen vorzugehen. Heute werden die meisten neuen Geb\u00e4ude schon mit einer Horizontalsperre ausgestattet. Bei vielen \u00e4lteren H\u00e4usern fehlt sie indes ganz oder ist mit den Jahren kaputt gegangen. Hier gilt es Vers\u00e4umtes nachzuholen. <\/p>\n<h3>Horizontalsperre: Schnelle Hilfe durch den Fachbetrieb!<\/h3>\n<p>Bei der Horizontalsperre unterscheidet man gemeinhin drei unterschiedliche Vorgehensweisen. Man spricht hier in der Regel von der chemischen, der mechanischen und der elektrophysikalischen Horizontalsperre. Eine mechanische Horizontalabdichtung greift auf Feuchtigkeitssperren aus hochwertigem Stahl, Kunststoff sowie Mauerpappe zur\u00fcck. Ins Mauerwerk eingebracht, verhindern diese Baustoffe die gef\u00e4hrliche Verbreitung von Feuchtigkeit. Beim Vorgang der chemischen Horizontalsperre werden bestimmte Dichtungsstoffe nachtr\u00e4glich in die Mauer eingegeben.<br \/>\nDie elektrolytische Horizontalabdichtung schlie\u00dflich setzt auf die Technik der so bezeichneten Elektromose. Darunter wird eine Arbeitsweise verstanden, bei welcher ein elektrisches Feld parallel zur Fassade angelegt wird. Die Wirksamkeit der elektrolytischen Horizontalsperre ist als sehr gut zu bezeichnen. Eine perfekt durchgef\u00fchrte Horizontalabdichtung ist eine lohnenswerte Entscheidung. Durchn\u00e4sstes Mauerwerk bedroht den Wert einer Immobilie. Au\u00dferdem: Dauerhafte<br \/>\nFeuchtigkeit ist gesundheitlich abtr\u00e4glich und wirkt sich schlecht auf das Befinden aus.<\/p>\n","protected":false},"excerpt":{"rendered":"<p>Horizontalsperre: Wir helfen qualifiziert und schnell! Die Horizontalsperre ist eine bauhandwerkliche Verfahrensweise, die verhindern soll, dass Bodenfeuchtigkeit in die Wand eindringen kann. Einsickernde N\u00e4sse gef\u00e4hrdet die Substanz eines Bauwerkes. Immobilieneigent\u00fcmer sind einfach gut beraten, konsequent gegen Durchfeuchtungen vorzugehen. Heute werden die meisten neuen Geb\u00e4ude schon mit einer Horizontalsperre ausgestattet. Bei vielen \u00e4lteren H\u00e4usern fehlt sie [&hellip;]<\/p>\n","protected":false},"author":1,"featured_media":0,"parent":0,"menu_order":0,"comment_status":"closed","ping_status":"closed","template":"","meta":{"footnotes":""},"class_list":["post-314","page","type-page","status-publish","hentry"],"meta_box":{"popseo_subtitel":"Die Firma TK-Geb\u00e4udetechnik Thorsten Keul ist Ihr Spezialist in Sachen Horizontalsperre in Harburg","popseo_subtitel2":"Horizontalsperre - unsere Experten informieren Sie gerne \u00fcber Ihre M\u00f6glichkeiten","popseo_lasttitel":"Horizontalsperre: F\u00fcr weitere Informationen sprechen Sie uns bitte an","popseo_region":"Harburg","popseo_sachwort":"Horizontalsperre","popseo_noupdate":"","popseo_einleitungstext":"<p>Die Firma TK-Geb\u00e4udetechnik Thorsten Keul ist Ihr erfahrener und qualifizierter Fachbetrieb f\u00fcr Kellertrockenlegung, Schimmelbeseitigung und Bauwerksabdichtung. Mit unserem Firmensitz in Brietlingen bei L\u00fcneburg decken wir ein geografisch gro\u00dfes Gebiet ab. Zu unseren T\u00e4tigkeitsschwerpunkten z\u00e4hlen u.a. die Kellerabdichtung, wirkungsvolle Methoden gegen aufsteigenden Feuchtigkeit, das Setzen von Horizontalsperren und ganz grunds\u00e4tzlich Arbeiten rund um die Themen Sanierung und Abdichtung. Fachgerecht und kompetent f\u00fchren wir f\u00fcr Sie s\u00e4mtliche Arbeiten aus - so wie Sie es von einem spezialisierten Fachbetrieb erwarten d\u00fcrfen. Nachfolgend d\u00fcrfen wir Ihnen unser T\u00e4tigkeitsspektrum etwas n\u00e4her vorstellen.<\/p>","popseo_schlusstext":"<p>Auf Wunsch informieren wir Sie n\u00e4her \u00fcber unser Aufgabengebiet. Wir zeigen Ihnen mit Vergn\u00fcgen auch einige Referenzprojekte, die Ihnen einen Einblick in unsere T\u00e4tigkeit geben.<br \/>\nWir sind f\u00fcr Sie da. Rufen Sie uns doch einfach einmal an oder senden Sie uns eine schnelle E-Mail. Wir freuen uns auf den Kontakt zu Ihnen.<\/p>","popseo_stadttext":"<h3>Unser Einzugsbereich umfasst auch Harburg<\/h2>\n<p>Durch unsere Vertriebst\u00e4tigkeit haben wir uns einen ausgezeichneten \u00dcberblick \u00fcber die Stadtarchitektur der St\u00e4dte und Gemeinden unseres Einzugsbereiches machen k\u00f6nnen. Nat\u00fcrlich geh\u00f6rt auch Harburg zu unserem unmittelbaren Wirkungskreis. Wir freuen uns darauf, mit Ihnen ins Gespr\u00e4ch zu kommen. <\/p>\n<h3>Ein paar Hintergrundinformationen zu Harburg<\/h3>\n<p>Harburg ist ein Stadtteil der Hansestadt Hamburg. Harburg war einstmals autonom. 1927 erfolgte zun\u00e4chst der Zusammenschluss mit Wilhelmsburg zur ehedem 110.000 Anwohner z\u00e4hlenden Gro\u00dfstadt Harburg-Wilhelmsburg. Zehn Jahre sp\u00e4ter ordnete man schlie\u00dflich dieses neu gebildete Gro\u00dfstadtkonstrukt dem Hamburger Staat zu. Harburg verlor damit seine Selbst\u00e4ndigkeit. 1951 entstand ferner der Verwaltungsbezirk Harburg. Harburg ist an der S\u00fcderelbe gelegen. Der Stadtteil grenzt an HH-Wilhelmsburg und Hamburg-Neuland sowie an die nieders\u00e4chsischen Kreise Harburg und Stade.  <\/p>\n<h3>Wir arbeiten gerne in Harburg<\/h3>\n<p>Speziell der Ausbau des Binnenhafens Mitte des 19. Jahrhunderts war f\u00fcr die Entwicklung von Harburg wichtig. Die kautschuk- und \u00f6lverarbeitende Industrie sorgte in Harburg f\u00fcr best\u00e4ndiges Wachstum. Ab den 60er Jahren zog sich die Hafenindustrie weitgehend aus Harburg zur\u00fcck. Mehr und Mehr Geb\u00e4ude und Industriegebiete lagen brach. Der Strukturwandel wirkte sich in gro\u00dfem Umfang auf das Leben im Stadtteil Harburg aus. <\/p>\n<p>In den zur\u00fcckliegenden Jahrzehnten hat sich Harburg erkennbar entwickelt und sich vorrangig als Wohnquartier einen Namen erworben. Die Infrastruktur von Harburg ist hervorragend: Die City hat sich zu einem Einzelhandelszentrum entwickelt. Allein drei gro\u00dfe Einkaufszentren sind in Harburg beheimatet. Der Stadtteil verf\u00fcgt au\u00dferdem \u00fcber zahlreiche ruhige und h\u00fcbsch gelegene Wohnviertel. Ein weiterer Pluspunkt: Mit der S-Bahn braucht man kaum mehr als 15 Minuten bis zum Hamburger Hauptbahnhof. In den zur\u00fcckligenden Jahren wurden erstaunlich viele Neubauprojekte in Harburg gestartet. Insbesondere der hafennahe Bereich um die Schlossinsel Harburg sowie das Gebiet um den Veritaskai wurden stadtarchitektonisch erneuert. Harburg ist f\u00fcr sein Bildungsangebot bekannt. Die Technische Universit\u00e4t Hamburg-Harburg, die K\u00fchne School of Logistics und das Northern Institut of Technology verf\u00fcgen \u00fcber einen hervorragenden Ruf. <\/p>\n<h4>Hohe Qualit\u00e4t f\u00fcr Kunden aus Harburg<\/h4>\n<p>Sie interessieren sich f\u00fcr unser Angebot und sind hier im World Wide Web auf unsere Website gesto\u00dfen? Dar\u00fcber freuen wir uns sehr. Sehr gerne pr\u00e4sentieren wir Ihnen unser komplettes Leistungsspektrum und beantworten Ihre Fragen. Auf den Kontakt zu Ihnen freuen wir uns.<\/p>","popseo_zusatztext":"<h3>Perfekte Sanierungsarbeiten zu geringen Kosten<\/h3>\n<p>Sie haben Interesse an Trocknungs- oder Sanierungsarbeiten und m\u00f6chten gerne ein passendes Angebot, das eine handwerklich gute Arbeit garantiert, gleichzeitig aber keine hohen Kosten verursacht. Klasse, dann sind Sie bei uns an der richtigen Adresse. Als Fachbetrieb f\u00fcr Schimmelbeseitigung, Geb\u00e4udeabdichtung und Kellersanierung verwenden wir ausschlie\u00dflich exzellente Materialien. Trotzdem achten wir immer auf die Kosten, die nat\u00fcrlich nicht zu hoch sein sollen. Wir m\u00f6chten Ihnen Qualit\u00e4t anbieten, die gleichzeitig auch die Kosten im Blick beh\u00e4lt. Bei uns stimmen Kosten und Leistung: Schon seit etlichen Jahren sind wir Ihr qualifizierter Fachbetrieb f\u00fcr Sanierungs- und Trocknungsarbeiten in Norddeutschland. Unser Unternehmenssitz liegt verkehrsg\u00fcnstig in Brietlingen bei L\u00fcndeburg. Die Kosten stets im Blick: Wir stehen f\u00fcr eine fachgerecht ausgef\u00fchrte Arbeit nach dem jeweils derzeitigen Stand der Technik.<\/p>\n<h3>Kosten vs. Leistung: Eine Sanierung rechnet sich!<\/h3>\n<p>D\u00fcrfen wir Sie beraten, wie Sie die Kosten f\u00fcr eine Sanierung senken k\u00f6nnen? Toll, dann z\u00f6gern Sie bitte nicht und nehmen am besten gleich heute Kontakt mit uns auf. Ein kurzer Anruf oder auch eine schnelle Mail gen\u00fcgen. Die optimale Beratung ist ebenso wichtig wie die fachgerechte Umsetzung der eigentlichen Arbeiten. Unsere Beratung ist selbstverst\u00e4ndlich absolut unverbindlich. Qualit\u00e4tsbewusst bei moderaten Kosten: Wir empfehlen uns als spezialisiertes Fachunternehmen in Norddeutschland. Unsere langj\u00e4hrige Erfahrung spricht f\u00fcr uns.<br \/>\nMinimieren Sie die Kosten f\u00fcr Ihre Geb\u00e4udesanierung: Vertrauen Sie den Spezialisten der Firma Keul.<\/p>","popseo_links":"<a href=\"https:\/\/bautenschutz-keul.de\/angebote\/kellerabdichtung-hanstedt\/\">Kellerabdichtung Hanstedt<\/a>, <a href=\"https:\/\/bautenschutz-keul.de\/angebote\/kellersanierung-reppenstedt\/\">Kellersanierung Reppenstedt<\/a>, <a href=\"https:\/\/bautenschutz-keul.de\/angebote\/feuchtigkeitsschaden-amt-neuhaus\/\">Feuchtigkeitsschaden Amt Neuhaus<\/a>, <a href=\"https:\/\/bautenschutz-keul.de\/angebote\/kellersanierung-tostedt-sittensen\/\">Kellersanierung Tostedt Sittensen<\/a>, <a href=\"https:\/\/bautenschutz-keul.de\/angebote\/innenabdichtung-boizenburg\/\">Innenabdichtung Boizenburg<\/a>, <a href=\"https:\/\/bautenschutz-keul.de\/angebote\/aufsteigende-feuchtigkeit-seevetal-rosengarten\/\">aufsteigende Feuchtigkeit Seevetal Rosengarten<\/a>, <a href=\"https:\/\/bautenschutz-keul.de\/angebote\/bauwerksabdichtung-amelinghausen\/\">Bauwerksabdichtung Amelinghausen<\/a>, <a href=\"https:\/\/bautenschutz-keul.de\/angebote\/zerstoerter-putz-herzogtum-lauenburg\/\">zerst\u00f6rter Putz Herzogtum Lauenburg<\/a>, <a href=\"https:\/\/bautenschutz-keul.de\/angebote\/schimmelbeseitigung-adendorf\/\">Schimmelbeseitigung Adendorf<\/a>, <a href=\"https:\/\/bautenschutz-keul.de\/angebote\/schimmelbeseitigung-reinbek-aumuehle\/\">Schimmelbeseitigung Reinbek Aum\u00fchle<\/a>, <a href=\"https:\/\/bautenschutz-keul.de\/angebote\/feuchtigkeit-adendorf\/\">Feuchtigkeit Adendorf<\/a>, <a href=\"https:\/\/bautenschutz-keul.de\/angebote\/feuchter-keller-bergedorf-wentorf\/\">Feuchter Keller Bergedorf Wentorf<\/a>, <a href=\"https:\/\/bautenschutz-keul.de\/angebote\/feuchtigkeitsschaden-amelinghausen\/\">Feuchtigkeitsschaden Amelinghausen<\/a>, <a href=\"https:\/\/bautenschutz-keul.de\/angebote\/feuchte-mauer-bardowick\/\">Feuchte Mauer Bardowick<\/a>, <a href=\"https:\/\/bautenschutz-keul.de\/angebote\/feuchter-keller-buchholz-in-der-nordheide\/\">Feuchter Keller Buchholz in der Nordheide<\/a>, <a href=\"https:\/\/bautenschutz-keul.de\/angebote\/innenabdichtung-glinde-sachsenwald\/\">Innenabdichtung Glinde Sachsenwald<\/a>, <a href=\"https:\/\/bautenschutz-keul.de\/angebote\/schimmel-bispingen\/\">Schimmel Bispingen<\/a>, <a href=\"https:\/\/bautenschutz-keul.de\/angebote\/feuchtigkeit-jesteburg\/\">Feuchtigkeit Jesteburg<\/a>, <a href=\"https:\/\/bautenschutz-keul.de\/angebote\/bauwerksabdichtung-reinbek-aumuehle\/\">Bauwerksabdichtung Reinbek Aum\u00fchle<\/a>, <a href=\"https:\/\/bautenschutz-keul.de\/angebote\/aussenabdichtung-uelzen\/\">Au\u00dfenabdichtung Uelzen<\/a>, <a href=\"https:\/\/bautenschutz-keul.de\/angebote\/kellertrockenlegung-bergedorf-wentorf\/\">Kellertrockenlegung Bergedorf Wentorf<\/a>, <a href=\"https:\/\/bautenschutz-keul.de\/angebote\/mauertrockenlegung-boizenburg\/\">Mauertrockenlegung Boizenburg<\/a>, <a href=\"https:\/\/bautenschutz-keul.de\/angebote\/feuchte-wand-maschen\/\">Feuchte Wand Maschen<\/a>, <a href=\"https:\/\/bautenschutz-keul.de\/angebote\/zerstoerter-putz-tostedt-sittensen\/\">zerst\u00f6rter Putz Tostedt Sittensen<\/a>, <a href=\"https:\/\/bautenschutz-keul.de\/angebote\/feuchte-mauer-herzogtum-lauenburg\/\">Feuchte Mauer Herzogtum Lauenburg<\/a>, <a href=\"https:\/\/bautenschutz-keul.de\/angebote\/innenabdichtung-bergedorf-wentorf\/\">Innenabdichtung Bergedorf Wentorf<\/a>, <a href=\"https:\/\/bautenschutz-keul.de\/angebote\/schimmelsanierung-winsen-luhe\/\">Schimmelsanierung Winsen Luhe<\/a>, <a href=\"https:\/\/bautenschutz-keul.de\/angebote\/schimmelbeseitigung-boizenburg\/\">Schimmelbeseitigung Boizenburg<\/a>"},"_links":{"self":[{"href":"https:\/\/bautenschutz-keul.de\/angebote\/wp-json\/wp\/v2\/pages\/314","targetHints":{"allow":["GET"]}}],"collection":[{"href":"https:\/\/bautenschutz-keul.de\/angebote\/wp-json\/wp\/v2\/pages"}],"about":[{"href":"https:\/\/bautenschutz-keul.de\/angebote\/wp-json\/wp\/v2\/types\/page"}],"author":[{"embeddable":true,"href":"https:\/\/bautenschutz-keul.de\/angebote\/wp-json\/wp\/v2\/users\/1"}],"replies":[{"embeddable":true,"href":"https:\/\/bautenschutz-keul.de\/angebote\/wp-json\/wp\/v2\/comments?post=314"}],"version-history":[{"count":0,"href":"https:\/\/bautenschutz-keul.de\/angebote\/wp-json\/wp\/v2\/pages\/314\/revisions"}],"wp:attachment":[{"href":"https:\/\/bautenschutz-keul.de\/angebote\/wp-json\/wp\/v2\/media?parent=314"}],"curies":[{"name":"wp","href":"https:\/\/api.w.org\/{rel}","templated":true}]}}