{"id":317,"date":"2021-09-13T08:43:56","date_gmt":"2021-09-13T06:43:56","guid":{"rendered":"https:\/\/bautenschutz-keul.de\/angebote\/horizontalsperre-lueneburg\/"},"modified":"2021-09-13T08:43:56","modified_gmt":"2021-09-13T06:43:56","slug":"horizontalsperre-lueneburg","status":"publish","type":"page","link":"https:\/\/bautenschutz-keul.de\/angebote\/horizontalsperre-lueneburg\/","title":{"rendered":"Horizontalsperre &#8211; L\u00fcneburg"},"content":{"rendered":"<h3>Horizontalsperre: Fragen Sie den Sanierungsprofi!<\/h3>\n<p>Eine Horizontalsperre ist eine bauhandwerkliche Anwendung, die verhindern soll, dass N\u00e4sse ins Mauerwerk eindringen kann. Einsickernde N\u00e4sse gef\u00e4hrdet die Substanz eines Bauwerkes. Hauseigent\u00fcmer sind einfach gut beraten, gr\u00fcndlich gegen Durchfeuchtungen vorzugehen. Mittlerweile werden die allermeisten Neubauten bereits mit einer Horizontalsperre versehen. Bei vielen alten Immobilien fehlt sie jedoch ganz oder ist im Laufe der Zeit unbrauchbar geworden. Hier gilt es Vers\u00e4umtes nachzuholen. <\/p>\n<h3>Schnell und gr\u00fcndlich: Wir richten eine Horizontalsperre ein<\/h3>\n<p>Bei der Horizontalsperre unterscheidet man gemeinhin drei unterschiedliche Vorgehensweisen. Man spricht hier in der Regel von der mechanischen, der chemischen sowie der elektrophysikalischen Horizontalsperre. Die mechanische Horizontalabdichtung greift auf Feuchtigkeitssperren aus hochwertigem Stahl, Kunststoff beziehungsweise Mauerpappe zur\u00fcck. Ins Mauerwerk eingebaut, unterbinden diese Werkstoffe die sch\u00e4digende Verbreitung von N\u00e4sse. Beim Vorgang der chemischen Horizontalsperre werden spezielle Dichtungsstoffe im Nachhinein in die Mauer eingebracht.<br \/>\nDie elektrolytische Horizontalabdichtung schlie\u00dflich setzt auf die Technik der sogenannten Elektromose. Darunter wird eine Arbeitsweise verstanden, bei der ein elektrisches Feld parallel zur Fassade erzeugt wird. Die Wirksamkeit der elektrolytischen Horizontalsperre ist als sehr gut zu bezeichnen. Eine perfekt vorgenommene Horizontalabdichtung ist eine lohnende Entscheidung. Durchn\u00e4sstes Mauerwerk gef\u00e4hrdet den Wert einer Immobilie. Au\u00dferdem: Dauerhafte<br \/>\nN\u00e4sse ist gesundheitlich bedenklich und wirkt sich negativ auf das Wohlbefinden aus.<\/p>\n","protected":false},"excerpt":{"rendered":"<p>Horizontalsperre: Fragen Sie den Sanierungsprofi! Eine Horizontalsperre ist eine bauhandwerkliche Anwendung, die verhindern soll, dass N\u00e4sse ins Mauerwerk eindringen kann. Einsickernde N\u00e4sse gef\u00e4hrdet die Substanz eines Bauwerkes. Hauseigent\u00fcmer sind einfach gut beraten, gr\u00fcndlich gegen Durchfeuchtungen vorzugehen. Mittlerweile werden die allermeisten Neubauten bereits mit einer Horizontalsperre versehen. Bei vielen alten Immobilien fehlt sie jedoch ganz oder [&hellip;]<\/p>\n","protected":false},"author":1,"featured_media":0,"parent":0,"menu_order":0,"comment_status":"closed","ping_status":"closed","template":"","meta":{"footnotes":""},"class_list":["post-317","page","type-page","status-publish","hentry"],"meta_box":{"popseo_subtitel":"Wir sind Ihr Fachanbieter in Sachen Horizontalsperre in L\u00fcneburg","popseo_subtitel2":"Horizontalsperre - eine Aufgabe, die wir gerne \u00fcbernehmen","popseo_lasttitel":"Horizontalsperre: Sie haben Fragen? Dann melden Sie sich bei uns","popseo_region":"L\u00fcneburg","popseo_sachwort":"Horizontalsperre","popseo_noupdate":"","popseo_einleitungstext":"<p>Kellerr\u00e4ume, Mauern oder W\u00e4nde Ihrer Wohn- oder Gesch\u00e4ftsimmobilie weisen Durchfeuchtungen und damit einen nicht zu \u00fcbersehenden Sanierungsbedarf auf. Dann ist es h\u00f6chste Eisenbahn, sich \u00fcber eine fachm\u00e4nnisch ausgef\u00fchrte Trocknung Gedanken zu machen. Das Team der Firma TK Geb\u00e4udetechnik ist auf die Bauwerksabdichtung spezialisiert. Zu den Hauptaufgaben unseres Unternehmens z\u00e4hlen zum Beispiel die Bereiche Mauertrockenlegung, Schimmelbeseitigung und Kellerabdichtung. Der nachhaltigen Sanierung haben wir uns verschrieben. Wir beraten fachsicher, wie Sie Ihr Geb\u00e4ude umweltgerecht und preisg\u00fcnstig sanieren k\u00f6nnen. Ein paar erste Informationen hierzu lesen Sie nachfolgend.<\/p>","popseo_schlusstext":"<p>Gerne informieren wir Sie n\u00e4her \u00fcber unser T\u00e4tigkeitsspektrum. Wir pr\u00e4sentieren Ihnen mit Vergn\u00fcgen auch ein paar Referenzprojekte, die Ihnen einen Einblick in unsere Unternehmenst\u00e4tigkeit geben.<br \/>\nSetzen Sie auf die Expertise eines erfahrenen Fachbetriebes. Rufen Sie uns doch rasch einmal an oder schicken Sie uns eine kurze E-Mail. Wir freuen uns auf Ihre Kontaktaufnahme.<\/p>","popseo_stadttext":"<h3>Unsere Handwerksleistung f\u00fcr Kunden aus L\u00fcneburg und Bleckede<\/h3>\n<p>Wir arbeiten f\u00fcr Kunden aus L\u00fcneburg und Bleckede. Durch unsere Vertriebst\u00e4tigkeit haben wir uns einen sehr guten \u00dcberblick \u00fcber die Stadtarchitektur der Gemeinden und St\u00e4dte unseres Einzugsbereiches erarbeiten k\u00f6nnen. Selbstverst\u00e4ndlich geh\u00f6rt auch Ihre Region zu unserem unmittelbaren Wirkungskreis. Wir freuen uns darauf, mit Ihnen ins Gespr\u00e4ch zu treten. <\/p>\n<h3>Leben und Arbeiten in L\u00fcneburg und Bleckede<\/h3>\n<p>In der nur 40 km s\u00fcdlich von Hansestadt Hamburg gelegenen Stadt L\u00fcneburg wohnen ca. 70.000 Menschen. Die Stadt erstreckt sich \u00fcber eine Gesamtfl\u00e4che von 70 qkm. L\u00fcneburg ist Kreisstadt des Kreises L\u00fcneburg und z\u00e4hlt zur Metropolregion Hamburg. Was viele nicht wissen: L\u00fcneburg ist eine historische Hansestadt. Wundersch\u00f6n an der Ilmenau gelegen, erfreut sich L\u00fcneburg hoher Beliebtheit bei Tagesbesuchern und Touristen. Die etwa 300.000 \u00dcbernachtungen, die das nieders\u00e4chsische Landesamt f\u00fcr Statistik gez\u00e4hlt hat, sprechen eine ganz eindeutige Sprache. Besonders sehenswert ist die Innenstadt von L\u00fcneburg. Zahlreiche historische H\u00e4user verleihen der Stadt einen ganz und gar unverwechselbaren Charme. Bei einem Bummel durch die Altstadt von L\u00fcneburg sollte man auf jeden Fall die Kirche St. Nicolai im Wasserviertel, das Stadtschloss am Markt und den Stintmarkt am L\u00fcneburger Hafen besuchen. Wer ein wenig Zeit mitbringt, macht Station in einem der zahlreichen sch\u00f6nen Caf\u00e9s am Marktplatz und l\u00e4sst einfach die wunderbare Stimmung von L\u00fcneburg auf sich wirken. Die zahlreichen Fachwerkh\u00e4user verleihen dem st\u00e4dtischen Ensemble eine v\u00f6llig unverwechselbare Aura. Die beschauliche Universit\u00e4tsstadt ist ber\u00fchmt f\u00fcr die Salzgewinnung. In L\u00fcneburg befindet sich ein ein alter Salzstock. Dort wurde \u00fcber Jahrhunderte in gro\u00dfem Stile Salz gef\u00f6rdert. Das Deutsche Salzmuseum L\u00fcneburg erinnert heute an diesen wichtigen Teil der Stadtchronik. Au\u00dferdem ist der Stint eine beliebte kulinarische Spezialit\u00e4t. Dem kleinen Fisch begegnet man in L\u00fcneburg fast pausenlos. Bei einem Besuch der nieders\u00e4chsischen Mittelstadt sollte man ein Stint-Essen auf keinen Fall vers\u00e4umen.      <\/p>\n<p>L\u00fcneburg befindet sich an der Schnellstra\u00dfe A39. Auch \u00fcber die Bundesstra\u00dfen B4, B209 und B216 f\u00e4hrt man rasch und sicher in die nieders\u00e4chsische Mittelstadt. Auch das Umland \u2013 u.a. Salzhausen, Fleestedt, Hanstedt, Egestorf, Amelinghausen, Scharnebeck und Bienenb\u00fcttel - ist gut angebunden. Wer mit der Bahn nach L\u00fcneburg fahren m\u00f6chte, kann dies \u00fcber die Bahnverbindung Hamburg-Hannover tun. Des Weiteren existiert eine Nahverkehrsverbindung durch den Verkehrsbetrieb Metronom. Die Reisedauer zwischen Hamburg und L\u00fcneburg betr\u00e4gt lediglich 30 Minuten. <\/p>\n<h3>L\u00fcneburg und Bleckede: Perfekt f\u00fcr junge Familien<\/h3>\n<p>Die Stadt Bleckede befindet sich im nieders\u00e4chsischen Landkreis L\u00fcneburg. Bleckede z\u00e4hlt etwas weniger als 10.000 Einwohner. Das st\u00e4dtische Areal streckt sich \u00fcber eine Fl\u00e4che von gut 139 qkm. In unmittelbarer N\u00e4he befinden sich die Orte Amt Neuhaus, Dahlenburg, Vastorf und Thomasburg. Zu Bleckede z\u00e4hlen alles in allem 15 Gemeindeteile. Die hervorragende Lage direkt an der Elbe macht Bleckede attraktiv f\u00fcr Tagesbesucher und Touristen. Besonders auf zwei R\u00e4dern lohnt sich ein Trip nach Bleckede. Der Elbradweg und der Mecklenburgische Seen-Radweg laden zum entspannten Radeln ein. Bezeichnend f\u00fcr Bleckede sind die zahllosen Fachwerkh\u00e4user. Per pedes l\u00e4sst sich die eindrucksvolle Architektur besonders gut bewundern. Entsprechend stolz sind die Stadtv\u00e4ter von Bleckede darauf, dass die Stadt Teil der Deutschen Fachwerkstra\u00dfe ist. Pittoresk ist der Hafen von Bleckede. Bis zum heutigen Tage machen viele Lastschiffe hier Halt. Besucher sch\u00e4tzen auch den Fahrgastverkehr auf der Elbe. Eine touristische Besonderheit: Der altehrw\u00fcrdige Raddampfer Kaiser-Wilhelm legt turnusm\u00e4\u00dfig in Bleckede an. Attraktiv ist der Hafen auch f\u00fcr die Sportschifffahrt. Die zahllosen Sportbootliegepl\u00e4tze veranschaulichen die Anziehungskraft des Hafen besonders gut. Bleckede ist bekannt f\u00fcr seine herrliche Umgebung. Neben der bereits erw\u00e4hnten Deutschen Fachwerkstra\u00dfe f\u00fchrt ebenfalls die Deutsche Storchenstra\u00dfe durch Bleckede. Das innerst\u00e4dtisch zu beobachtende Storchennest ist eine ganz besondere Attraktion. Aus Richtung L\u00fcneburg kommend, kann man au\u00dferdem auch mit einer historischen Eisenbahn nach Bleckede fahren. Die Fahrt mit dem sogenannten Heide-Elbe-Express ist ein Ausflugstipp f\u00fcr Ausfl\u00fcgler in der Region.<\/p>\n<h4>Unsere Leistung f\u00fcr qualit\u00e4tsbewusste Kunden aus L\u00fcneburg und Bleckede<\/h4>\n<p>Prima, dass Sie uns hier auf dieser Website entdeckt haben. Wenn Sie ein Fachunternehmen ben\u00f6tigen, sind Sie bei uns richtig. Sie m\u00f6chten mehr \u00fcber uns erfahren? F\u00fcr R\u00fcckfragen stehen wir Ihnen jederzeit zur Verf\u00fcgung. Unser engagiertes Team freut sich auf Sie.<\/p>","popseo_zusatztext":"<h3>Wir haben die Kosten im Blick<\/h3>\n<p>Sie sind interessiert an Trocknungs- oder Sanierungsarbeiten und m\u00f6chten gerne ein individuelles Angebot, das eine qualitativ gute Arbeit garantiert, gleichwohl keine hohen Kosten nach sich zieht. Prima, dann sind Sie bei uns genau richtig. Als Spezialist f\u00fcr Schimmelbeseitigung, Geb\u00e4udeabdichtung und Kellersanierung verwenden wir ausnahmslos ausgezeichnete Materialien. Nichtsdestotrotz achten wir immer auf die Kosten, die nat\u00fcrlich nicht zu hoch sein sollen. Wir m\u00f6chten Ihnen Qualit\u00e4t anbieten, die gleichzeitig auch die Kosten im Blick beh\u00e4lt. Bei uns stimmen Kosten und Leistung: Seit vielen Jahren schon sind wir Ihr qualifizierter Partner f\u00fcr Trocknungs- und Sanierungsarbeiten in Norddeutschland. Unser Unternehmenssitz befindet sich verkehrsg\u00fcnstig in Brietlingen bei L\u00fcndeburg. Die Kosten stets vor Augen: Wir stehen f\u00fcr eine sachkundig durchgef\u00fchrte Arbeit nach dem jeweils derzeitigen Stand der Technik.<\/p>\n<h3>Trocknung und Sanierung durch die Firma Wist: Beste Arbeit, geringe Kosten!<\/h3>\n<p>D\u00fcrfen wir Sie beraten, wie Sie die Kosten f\u00fcr eine Sanierung senken k\u00f6nnen? Toll, dann warten Sie bitte nicht und nehmen am besten gleich heute Verbindung mit uns auf. Ein kurzer Anruf oder eine kurze E-Mail gen\u00fcgen. Die gute und umfangreiche Beratung ist gleicherma\u00dfen wichtig wie die fachgerechte Ausf\u00fchrung der entprechenden Arbeiten. Unsere Beratung ist nat\u00fcrlich v\u00f6llig unverbindlich. Qualit\u00e4tsbewusst bei moderaten Kosten: Wir empfehlen uns als spezialisiertes Fachunternehmen im Norden. Unsere langj\u00e4hrige Erfahrung spricht f\u00fcr uns.<br \/>\nMinimieren Sie die Kosten f\u00fcr Ihre Geb\u00e4udesanierung: Vertrauen Sie den Spezialisten der Firma Keul.<\/p>","popseo_links":"<a href=\"https:\/\/bautenschutz-keul.de\/angebote\/mauertrockenlegung-schwarzenbek\/\">Mauertrockenlegung Schwarzenbek<\/a>, <a href=\"https:\/\/bautenschutz-keul.de\/angebote\/schimmelbeseitigung-amt-neuhaus\/\">Schimmelbeseitigung Amt Neuhaus<\/a>, <a href=\"https:\/\/bautenschutz-keul.de\/angebote\/feuchtigkeit-jesteburg\/\">Feuchtigkeit Jesteburg<\/a>, <a href=\"https:\/\/bautenschutz-keul.de\/angebote\/feuchter-keller-harburg\/\">Feuchter Keller Harburg<\/a>, <a href=\"https:\/\/bautenschutz-keul.de\/angebote\/feuchter-keller-adendorf\/\">Feuchter Keller Adendorf<\/a>, <a href=\"https:\/\/bautenschutz-keul.de\/angebote\/kellersanierung-bienenbuettel\/\">Kellersanierung Bienenb\u00fcttel<\/a>, <a href=\"https:\/\/bautenschutz-keul.de\/angebote\/aussenabdichtung-bienenbuettel\/\">Au\u00dfenabdichtung Bienenb\u00fcttel<\/a>, <a href=\"https:\/\/bautenschutz-keul.de\/angebote\/kellerabdichtung-seevetal-rosengarten\/\">Kellerabdichtung Seevetal Rosengarten<\/a>, <a href=\"https:\/\/bautenschutz-keul.de\/angebote\/zerstoerter-putz-glinde-sachsenwald\/\">zerst\u00f6rter Putz Glinde Sachsenwald<\/a>, <a href=\"https:\/\/bautenschutz-keul.de\/angebote\/salpeter-im-keller-bad-bevensen\/\">Salpeter im Keller Bad Bevensen<\/a>, <a href=\"https:\/\/bautenschutz-keul.de\/angebote\/aufsteigende-feuchtigkeit-geesthacht\/\">aufsteigende Feuchtigkeit Geesthacht<\/a>, <a href=\"https:\/\/bautenschutz-keul.de\/angebote\/mauertrockenlegung-stelle\/\">Mauertrockenlegung Stelle<\/a>, <a href=\"https:\/\/bautenschutz-keul.de\/angebote\/feuchtigkeitsschaden-jesteburg\/\">Feuchtigkeitsschaden Jesteburg<\/a>, <a href=\"https:\/\/bautenschutz-keul.de\/angebote\/aufsteigende-feuchtigkeit-amelinghausen\/\">aufsteigende Feuchtigkeit Amelinghausen<\/a>, <a href=\"https:\/\/bautenschutz-keul.de\/angebote\/aussenabdichtung-bergedorf-wentorf\/\">Au\u00dfenabdichtung Bergedorf Wentorf<\/a>, <a href=\"https:\/\/bautenschutz-keul.de\/angebote\/feuchtigkeit-buechen\/\">Feuchtigkeit B\u00fcchen<\/a>, <a href=\"https:\/\/bautenschutz-keul.de\/angebote\/feuchte-mauer-adendorf\/\">Feuchte Mauer Adendorf<\/a>, <a href=\"https:\/\/bautenschutz-keul.de\/angebote\/schimmelsanierung-uelzen\/\">Schimmelsanierung Uelzen<\/a>, <a href=\"https:\/\/bautenschutz-keul.de\/angebote\/zerstoerter-putz-harburg\/\">zerst\u00f6rter Putz Harburg<\/a>, <a href=\"https:\/\/bautenschutz-keul.de\/angebote\/bauwerksabdichtung-harburg\/\">Bauwerksabdichtung Harburg<\/a>, <a href=\"https:\/\/bautenschutz-keul.de\/angebote\/kellersanierung-seevetal-rosengarten\/\">Kellersanierung Seevetal Rosengarten<\/a>, <a href=\"https:\/\/bautenschutz-keul.de\/angebote\/rissverpressung-salzhausen\/\">Rissverpressung Salzhausen<\/a>, <a href=\"https:\/\/bautenschutz-keul.de\/angebote\/aufsteigende-feuchtigkeit-boizenburg\/\">aufsteigende Feuchtigkeit Boizenburg<\/a>, <a href=\"https:\/\/bautenschutz-keul.de\/angebote\/feuchte-wand-boizenburg\/\">Feuchte Wand Boizenburg<\/a>, <a href=\"https:\/\/bautenschutz-keul.de\/angebote\/kellertrockenlegung-geesthacht\/\">Kellertrockenlegung Geesthacht<\/a>, <a href=\"https:\/\/bautenschutz-keul.de\/angebote\/kellersanierung-bispingen\/\">Kellersanierung Bispingen<\/a>, <a href=\"https:\/\/bautenschutz-keul.de\/angebote\/feuchte-wand-jesteburg\/\">Feuchte Wand Jesteburg<\/a>, <a href=\"https:\/\/bautenschutz-keul.de\/angebote\/mauertrockenlegung-tostedt-sittensen\/\">Mauertrockenlegung Tostedt Sittensen<\/a>"},"_links":{"self":[{"href":"https:\/\/bautenschutz-keul.de\/angebote\/wp-json\/wp\/v2\/pages\/317","targetHints":{"allow":["GET"]}}],"collection":[{"href":"https:\/\/bautenschutz-keul.de\/angebote\/wp-json\/wp\/v2\/pages"}],"about":[{"href":"https:\/\/bautenschutz-keul.de\/angebote\/wp-json\/wp\/v2\/types\/page"}],"author":[{"embeddable":true,"href":"https:\/\/bautenschutz-keul.de\/angebote\/wp-json\/wp\/v2\/users\/1"}],"replies":[{"embeddable":true,"href":"https:\/\/bautenschutz-keul.de\/angebote\/wp-json\/wp\/v2\/comments?post=317"}],"version-history":[{"count":0,"href":"https:\/\/bautenschutz-keul.de\/angebote\/wp-json\/wp\/v2\/pages\/317\/revisions"}],"wp:attachment":[{"href":"https:\/\/bautenschutz-keul.de\/angebote\/wp-json\/wp\/v2\/media?parent=317"}],"curies":[{"name":"wp","href":"https:\/\/api.w.org\/{rel}","templated":true}]}}