{"id":319,"date":"2021-09-13T08:43:56","date_gmt":"2021-09-13T06:43:56","guid":{"rendered":"https:\/\/bautenschutz-keul.de\/angebote\/horizontalsperre-reinbek-aumuehle\/"},"modified":"2021-09-13T08:43:56","modified_gmt":"2021-09-13T06:43:56","slug":"horizontalsperre-reinbek-aumuehle","status":"publish","type":"page","link":"https:\/\/bautenschutz-keul.de\/angebote\/horizontalsperre-reinbek-aumuehle\/","title":{"rendered":"Horizontalsperre &#8211; Reinbek Aum\u00fchle"},"content":{"rendered":"<h3>Sie ben\u00f6tigen eine Horizontalsperre? Dann rufen Sie uns bitte an!<\/h3>\n<p>Die Horizontalsperre ist eine handwerkliche Verfahrensweise, die verhindern soll, dass N\u00e4sse in die Wand einsickern kann. Eindringende N\u00e4sse bedroht die Bausubstanz eines Geb\u00e4udes. Eigent\u00fcmer sind einfach gut beraten, konsequent gegen Durchfeuchtungen vorzugehen. Mittlerweile werden die meisten neuen Geb\u00e4ude bereits mit einer Horizontalsperre versehen. Bei vielen Altbauten fehlt sie dagegen ganz oder ist mit den Jahren kaputt gegangen. Hier gilt es Unterlassenes nachzuholen. <\/p>\n<h3>Horizontalsperre \u2013 wir helfen schnell und unkompliziert!<\/h3>\n<p>Bei der Horizontalsperre unterscheidet man allgemein drei unterschiedliche Methoden. Man redet in diesem Zusammenhang oft von der mechanischen, der chemischen sowie der elektrophysikalischen Horizontalsperre. Die mechanische Horizontalabdichtung greift auf Feuchtigkeitssperren aus Edelstahl, Kunststoff beziehungsweise Mauerpappe zur\u00fcck. Ins Mauerwerk eingebracht, verhindern diese Baustoffe die sch\u00e4digende Verbreitung von Feuchtigkeit. Beim Verfahren der chemischen Horizontalsperre werden spezielle Dichtungsstoffe im Nachhinein in die Mauer eingebracht.<br \/>\nEine elektrolytische Horizontalabdichtung schlie\u00dflich setzt auf die Methode der sogenannten Elektromose. Hierunter wird eine Technik verstanden, bei welcher ein elektrisches Feld parallel zur Oberfl\u00e4che erzeugt wird. Die Wirkung der elektrolytischen Horizontalsperre ist ebenfalls sehr gut. Eine perfekt vorgenommene Horizontalabdichtung ist eine lohnenswerte Investition. Durchn\u00e4sstes Mauerwerk bedroht den Wert eines Hauses. Au\u00dferdem: Best\u00e4ndige<br \/>\nN\u00e4sse ist gesundheitlich abtr\u00e4glich und wirkt sich negativ auf das Wohlempfinden aus.<\/p>\n","protected":false},"excerpt":{"rendered":"<p>Sie ben\u00f6tigen eine Horizontalsperre? Dann rufen Sie uns bitte an! Die Horizontalsperre ist eine handwerkliche Verfahrensweise, die verhindern soll, dass N\u00e4sse in die Wand einsickern kann. Eindringende N\u00e4sse bedroht die Bausubstanz eines Geb\u00e4udes. Eigent\u00fcmer sind einfach gut beraten, konsequent gegen Durchfeuchtungen vorzugehen. Mittlerweile werden die meisten neuen Geb\u00e4ude bereits mit einer Horizontalsperre versehen. Bei vielen [&hellip;]<\/p>\n","protected":false},"author":1,"featured_media":0,"parent":0,"menu_order":0,"comment_status":"closed","ping_status":"closed","template":"","meta":{"footnotes":""},"class_list":["post-319","page","type-page","status-publish","hentry"],"meta_box":{"popseo_subtitel":"Die Firma TK-Geb\u00e4udetechnik Thorsten Keul ist Ihr erfahrener Fachbetrieb in Sachen Horizontalsperre in Reinbek Aum\u00fchle","popseo_subtitel2":"Horizontalsperre - wir haben die richtige L\u00f6sung f\u00fcr Sie!","popseo_lasttitel":"Horizontalsperre: Gerne beantworten wir Ihre Fragen!","popseo_region":"Reinbek Aum\u00fchle","popseo_sachwort":"Horizontalsperre","popseo_noupdate":"","popseo_einleitungstext":"<p>Sie haben sich mit dem Thema Bauwerksabdichtung besch\u00e4ftigt, da Ihre Immobilie feuchte Geb\u00e4udeteile aufweist und Sie nach Methoden einer professionellen und vor allem wirksamen Sanierung Ausschau halten. Prima, dass Sie unsere Website gefunden haben. Auf den folgenden Seiten m\u00f6chten wir Ihnen n\u00e4here Informationen zu unserem Leistungsangebot geben. Sie lernen auf dieser Internetseite unsere Firma etwas n\u00e4her kennen. <\/p>\n<p>Unser Unternehmen ist ein qualifizierter und erfahrener Fachbetrieb mit Sitz in Brietlingen bei L\u00fcneburg. Bereits seit vielen Jahren sind wir Ihr Spezialist f\u00fcr s\u00e4mtliche Fragen rund um Geb\u00e4udeabdichtung. Wir setzen ausschlie\u00dflich praxisbew\u00e4hrte und effektive Sanierungssysteme und -methoden ein. Als Sanierungsfachbetrieb blicken wir auf eine lange Berufserfahrung zur\u00fcck. Unsere engagierten Spezialisten informieren Sie sehr gerne im Detail.<\/p>","popseo_schlusstext":"<p>Sie suchen einen Fachpartner f\u00fcr die sachgerechte Umsetzung der Innen- und Au\u00dfenabdichtung. Dann melden Sie sich am besten noch heute bei uns. Wir freuen uns auf das Gespr\u00e4ch mit Ihnen. Wenn es um Sanierung geht, sind wir Ihr erfahrener Handwerkspartner. Wir versprechen Ihnen eine sachkundig durchgef\u00fchrte Arbeit nach dem jeweils neuesten Stand der Technik.<\/p>","popseo_stadttext":"<h3>Unser Leistungsprogramm f\u00fcr Kunden aus Aum\u00fchle und Reinbek<\/h3>\n<p>Sie wohnen in Reinbek oder Aum\u00fchle und sind hier im Internet auf unsere Homepage gesto\u00dfen? Das finden wir klasse. Gerne pr\u00e4sentieren wir Ihnen unser gesamtes Leistungsspektrum und beantworten Ihre Fragen. Durch unsere Vertriebst\u00e4tigkeit haben wir uns einen sehr guten \u00dcberblick \u00fcber die Stadtarchitektur der St\u00e4dte und Gemeinden unseres Einzugsbereiches erarbeiten k\u00f6nnen. Nat\u00fcrlich z\u00e4hlt auch die Region Reinbek \/ Aum\u00fchle zu unserem unmittelbaren Vertriebsgebiet. Wir freuen uns darauf, mit Ihnen in Kontakt zu kommen. <\/p>\n<h3>Interessante Fakten zu Aum\u00fchle und Reinbek<\/h3>\n<p>Die Schleswig-Holsteinische Kleinstadt Reinbek geh\u00f6rt zum Kreis Stormarn. Zum Kreis Herzogtum-Lauenburg geh\u00f6rt hingegen das nahe gelegene Aum\u00fchle. Heute z\u00e4hlt Reinbek in etwa 26.000 gemeldete B\u00fcrger. In Aum\u00fchle leben gut 3.000 Menschen. Die Stadt Reinbek erstreckt sich \u00fcber eine Fl\u00e4che von gut 31 km\u00b2. Reinbek und Aum\u00fchle sind Bestandteil der Metropolregion Hamburg. Beide Gemeinden liegen ungef\u00e4hr 20 km \u00f6stlich der norddeutschen Gro\u00dfstadt Hamburg. <\/p>\n<p>Reinbek verf\u00fcgt \u00fcber eine eigene Haltestation f\u00fcr die Line S21 des HVV. Aum\u00fchle ist der Endbahnhof der S-Bahn. Die kurze Fahrzeit von gerade einmal 25 Minuten machen Reinbek und auch Aum\u00fchle vor allem interessant f\u00fcr Pendler. Wer also seinen Arbeitgeber in Hamburg hat, genie\u00dft in Reinbek oder Aum\u00fchle das Beste aus zwei Welten: Das hektische Leben der Hansestadt findet in den ruhigen Wohnst\u00e4tten von Reinbek und Aum\u00fchle sein Gegenst\u00fcck.<\/p>\n<h4>Reinbek und Aum\u00fchle \u2013 zwei lebenswerte St\u00e4dtchen<\/h4>\n<p>Wer das Auto bevorzugt, findet in Reinbek und in Aum\u00fchle ebenfalls gute Bedingungen: Die Autobahnen A1 und A24 sowie die Bundesstra\u00dfe B5 befinden sich nur unweit von Reinbek und Aum\u00fchle. Die Architektur von Reinbek und Aum\u00fchle besteht in erster Linie aus sehr vielen Ein- und Mehrfamilienh\u00e4usern, die ihren Besitzern einen hohen Wohnkomfort bieten. Reinbek und Aum\u00fchle zeichnen sich neben der guten Lebensqualit\u00e4t auch durch ihre gro\u00dfe Wirtschaftsleistung aus.<\/p>\n<h4>Wir f\u00fcr Sie in Reinbek und Aum\u00fchle!<\/h4>\n<p>Sie leben in Reinbek oder Aum\u00fchle, interessieren sich f\u00fcr unser Angebot und haben deshalb unsere Website besucht? Dar\u00fcber freuen wir uns sehr. Unser engagiertes Team nimmt gerne Ihren Anruf entgegen oder beantwortet Ihre E-Mail.<\/p>","popseo_zusatztext":"<h3>Keine Angst vor hohen Kosten<\/h3>\n<p>Sie haben Interesse an Trocknungs- oder Sanierungsarbeiten und m\u00f6chten gerne ein individuelles Angebot, das eine qualitativ gute Arbeit garantiert, gleichwohl die Kosten im Blick hat. Toll, in diesem Fall sind Sie bei uns genau richtig. Als Handwerksbetrieb f\u00fcr Kellersanierung, Schimmelbeseitigung und Geb\u00e4udeabdichtung verarbeiten wir nur exzellente Materialien. Gleichwohl schauen wir immer auf die Kosten, die nat\u00fcrlich nicht zu hoch sein sollen. Wir m\u00f6chten Ihnen beste Qualit\u00e4t anbieten, die zugleich auch die Kosten im Blick hat. Bei uns stimmen Kosten und Leistung: Schon seit etlichen Jahren sind wir Ihr qualifizierter Partner f\u00fcr Trocknungs- und Sanierungsarbeiten in Norddeutschland. Unser Firmensitz befindet sich verkehrsg\u00fcnstig in Brietlingen bei L\u00fcndeburg. Die Kosten stets vor Augen: Wir bieten Ihnen eine fachm\u00e4nnisch ausgef\u00fchrte Sanierungsarbeit nach dem jeweils neuesten Stand der Technik.<\/p>\n<h3>Hochwertige Arbeit, geringe Kosten!<\/h3>\n<p>D\u00fcrfen wir Sie beraten, wie Sie die Kosten f\u00fcr eine Sanierung senken k\u00f6nnen? Toll, dann warten Sie bitte nicht und nehmen am besten noch heute Kontakt mit uns auf. Ein kurzer Telefonanruf oder eine kurze Email gen\u00fcgen. Die fachm\u00e4nnische Beratung ist gleicherma\u00dfen wichtig wie die korrekte Ausf\u00fchrung der entprechenden Arbeiten. Unsere fachliche Beratung ist nat\u00fcrlich v\u00f6llig unverbindlich. Hochwertige Arbeit bei niedrigen Kosten: Wir empfehlen uns als spezialisiertes Fachunternehmen im Norden. Unsere langj\u00e4hrige Erfahrung spricht f\u00fcr uns.<br \/>\nMinimieren Sie die Kosten f\u00fcr Ihre Geb\u00e4udesanierung: Vertrauen Sie den Spezialisten der Firma Keul.<\/p>","popseo_links":"<a href=\"https:\/\/bautenschutz-keul.de\/angebote\/salpeter-im-keller-herzogtum-lauenburg\/\">Salpeter im Keller Herzogtum Lauenburg<\/a>, <a href=\"https:\/\/bautenschutz-keul.de\/angebote\/mauertrockenlegung-reppenstedt\/\">Mauertrockenlegung Reppenstedt<\/a>, <a href=\"https:\/\/bautenschutz-keul.de\/angebote\/salpeter-im-keller-uelzen\/\">Salpeter im Keller Uelzen<\/a>, <a href=\"https:\/\/bautenschutz-keul.de\/angebote\/schimmelbeseitigung-geesthacht\/\">Schimmelbeseitigung Geesthacht<\/a>, <a href=\"https:\/\/bautenschutz-keul.de\/angebote\/aufsteigende-feuchtigkeit-schwarzenbek\/\">aufsteigende Feuchtigkeit Schwarzenbek<\/a>, <a href=\"https:\/\/bautenschutz-keul.de\/angebote\/schimmelsanierung-reinbek-aumuehle\/\">Schimmelsanierung Reinbek Aum\u00fchle<\/a>, <a href=\"https:\/\/bautenschutz-keul.de\/angebote\/feuchtigkeit-tostedt-sittensen\/\">Feuchtigkeit Tostedt Sittensen<\/a>, <a href=\"https:\/\/bautenschutz-keul.de\/angebote\/schimmelsanierung-lueneburg\/\">Schimmelsanierung L\u00fcneburg<\/a>, <a href=\"https:\/\/bautenschutz-keul.de\/angebote\/kellertrockenlegung-schwarzenbek\/\">Kellertrockenlegung Schwarzenbek<\/a>, <a href=\"https:\/\/bautenschutz-keul.de\/angebote\/feuchtigkeit-glinde-sachsenwald\/\">Feuchtigkeit Glinde Sachsenwald<\/a>, <a href=\"https:\/\/bautenschutz-keul.de\/angebote\/kellertrockenlegung-buechen\/\">Kellertrockenlegung B\u00fcchen<\/a>, <a href=\"https:\/\/bautenschutz-keul.de\/angebote\/zerstoerter-putz-winsen-luhe\/\">zerst\u00f6rter Putz Winsen Luhe<\/a>, <a href=\"https:\/\/bautenschutz-keul.de\/angebote\/feuchtigkeit-ebstorf\/\">Feuchtigkeit Ebstorf<\/a>, <a href=\"https:\/\/bautenschutz-keul.de\/angebote\/rissverpressung-tostedt-sittensen\/\">Rissverpressung Tostedt Sittensen<\/a>, <a href=\"https:\/\/bautenschutz-keul.de\/angebote\/innenabdichtung-uelzen\/\">Innenabdichtung Uelzen<\/a>, <a href=\"https:\/\/bautenschutz-keul.de\/angebote\/feuchtigkeitsschaden-lueneburg\/\">Feuchtigkeitsschaden L\u00fcneburg<\/a>, <a href=\"https:\/\/bautenschutz-keul.de\/angebote\/aussenabdichtung-winsen-luhe\/\">Au\u00dfenabdichtung Winsen Luhe<\/a>, <a href=\"https:\/\/bautenschutz-keul.de\/angebote\/zerstoerter-putz-bad-bevensen\/\">zerst\u00f6rter Putz Bad Bevensen<\/a>, <a href=\"https:\/\/bautenschutz-keul.de\/angebote\/aufsteigende-feuchtigkeit-amelinghausen\/\">aufsteigende Feuchtigkeit Amelinghausen<\/a>, <a href=\"https:\/\/bautenschutz-keul.de\/angebote\/schimmel-winsen-luhe\/\">Schimmel Winsen Luhe<\/a>, <a href=\"https:\/\/bautenschutz-keul.de\/angebote\/aussenabdichtung-jesteburg\/\">Au\u00dfenabdichtung Jesteburg<\/a>, <a href=\"https:\/\/bautenschutz-keul.de\/angebote\/schimmel-adendorf\/\">Schimmel Adendorf<\/a>, <a href=\"https:\/\/bautenschutz-keul.de\/angebote\/feuchtigkeit-schwarzenbek\/\">Feuchtigkeit Schwarzenbek<\/a>, <a href=\"https:\/\/bautenschutz-keul.de\/angebote\/schimmel-jesteburg\/\">Schimmel Jesteburg<\/a>, <a href=\"https:\/\/bautenschutz-keul.de\/angebote\/feuchter-keller-herzogtum-lauenburg\/\">Feuchter Keller Herzogtum Lauenburg<\/a>, <a href=\"https:\/\/bautenschutz-keul.de\/angebote\/feuchter-keller-geesthacht\/\">Feuchter Keller Geesthacht<\/a>, <a href=\"https:\/\/bautenschutz-keul.de\/angebote\/mauertrockenlegung-amelinghausen\/\">Mauertrockenlegung Amelinghausen<\/a>, <a href=\"https:\/\/bautenschutz-keul.de\/angebote\/aufsteigende-feuchtigkeit-boizenburg\/\">aufsteigende Feuchtigkeit Boizenburg<\/a>"},"_links":{"self":[{"href":"https:\/\/bautenschutz-keul.de\/angebote\/wp-json\/wp\/v2\/pages\/319","targetHints":{"allow":["GET"]}}],"collection":[{"href":"https:\/\/bautenschutz-keul.de\/angebote\/wp-json\/wp\/v2\/pages"}],"about":[{"href":"https:\/\/bautenschutz-keul.de\/angebote\/wp-json\/wp\/v2\/types\/page"}],"author":[{"embeddable":true,"href":"https:\/\/bautenschutz-keul.de\/angebote\/wp-json\/wp\/v2\/users\/1"}],"replies":[{"embeddable":true,"href":"https:\/\/bautenschutz-keul.de\/angebote\/wp-json\/wp\/v2\/comments?post=319"}],"version-history":[{"count":0,"href":"https:\/\/bautenschutz-keul.de\/angebote\/wp-json\/wp\/v2\/pages\/319\/revisions"}],"wp:attachment":[{"href":"https:\/\/bautenschutz-keul.de\/angebote\/wp-json\/wp\/v2\/media?parent=319"}],"curies":[{"name":"wp","href":"https:\/\/api.w.org\/{rel}","templated":true}]}}