{"id":323,"date":"2021-09-13T08:43:56","date_gmt":"2021-09-13T06:43:56","guid":{"rendered":"https:\/\/bautenschutz-keul.de\/angebote\/horizontalsperre-seevetal-rosengarten\/"},"modified":"2021-09-13T08:43:56","modified_gmt":"2021-09-13T06:43:56","slug":"horizontalsperre-seevetal-rosengarten","status":"publish","type":"page","link":"https:\/\/bautenschutz-keul.de\/angebote\/horizontalsperre-seevetal-rosengarten\/","title":{"rendered":"Horizontalsperre &#8211; Seevetal Rosengarten"},"content":{"rendered":"<h3>Sie ben\u00f6tigen eine Horizontalsperre? Dann rufen Sie uns bitte an!<\/h3>\n<p>Eine Horizontalsperre ist eine bautechnische Anwendung, die verhindern soll, dass Feuchtigkeit in die Wand einsickern kann. Eindringende Feuchtigkeit gef\u00e4hrdet die Substanz eines Hauses. Hausbesitzer sind entsprechend gut beraten, nachhaltig gegen Durchfeuchtungen vorzugehen. Mittlerweile werden die meisten neuen H\u00e4user bereits mit einer Horizontalsperre versehen. Bei fast allen \u00e4lteren H\u00e4usern fehlt sie jedoch ganz oder ist mit der Zeit unbrauchbar geworden. In diesem Fall gilt es Unterlassenes nachzuholen. <\/p>\n<h3>Horizontalsperre: Schnelle Hilfe durch den Fachbetrieb!<\/h3>\n<p>Bei der Horizontalsperre unterscheidet man im Allgemeinen drei unterschiedliche Vorgehensweisen. Man redet in diesem Zusammenhang zumeist von der chemischen, der mechanischen und der elektrophysikalischen Horizontalsperre. Die mechanische Horizontalabdichtung greift auf Feuchtigkeitssperren aus Edelstahl, Kunststoff und auch Dachpappe zur\u00fcck. Ins Mauerwerk eingebracht, verhindern diese Baustoffe die sch\u00e4digende Ausbreitung von N\u00e4sse. Beim Vorgang der chemischen Horizontalsperre werden spezielle Dichtungsstoffe im Nachhinein in die Mauer eingebracht.<br \/>\nDie elektrolytische Horizontalabdichtung schlie\u00dflich setzt auf die Methode der sogenannten Elektromose. Hierunter wird eine Technik verstanden, bei der ein elektrisches Feld parallel zur Oberfl\u00e4che erzeugt wird. Die Wirkung der elektrolytischen Horizontalsperre ist als sehr gut zu bezeichnen. Eine fachm\u00e4nnisch ausgef\u00fchrte Horizontalabdichtung ist eine lohnenswerte Entscheidung. Durchn\u00e4sstes Mauerwerk gef\u00e4hrdet den Wert eines Hauses. Au\u00dferdem: Fortw\u00e4hrende<br \/>\nFeuchtigkeit ist gesundheitlich bedenklich und wirkt sich schlecht auf das Wohlbefinden aus.<\/p>\n","protected":false},"excerpt":{"rendered":"<p>Sie ben\u00f6tigen eine Horizontalsperre? Dann rufen Sie uns bitte an! Eine Horizontalsperre ist eine bautechnische Anwendung, die verhindern soll, dass Feuchtigkeit in die Wand einsickern kann. Eindringende Feuchtigkeit gef\u00e4hrdet die Substanz eines Hauses. Hausbesitzer sind entsprechend gut beraten, nachhaltig gegen Durchfeuchtungen vorzugehen. Mittlerweile werden die meisten neuen H\u00e4user bereits mit einer Horizontalsperre versehen. Bei fast [&hellip;]<\/p>\n","protected":false},"author":1,"featured_media":0,"parent":0,"menu_order":0,"comment_status":"closed","ping_status":"closed","template":"","meta":{"footnotes":""},"class_list":["post-323","page","type-page","status-publish","hentry"],"meta_box":{"popseo_subtitel":"Die Firma TK-Geb\u00e4udetechnik Thorsten Keul ist Ihr Fachbetrieb in Sachen Horizontalsperre im Raum Seevetal Rosengarten","popseo_subtitel2":"Horizontalsperre - wir haben die richtige L\u00f6sung f\u00fcr Sie!","popseo_lasttitel":"Horizontalsperre: D\u00fcrfen wir Ihre Fragen beantworten?","popseo_region":"Seevetal Rosengarten","popseo_sachwort":"Horizontalsperre","popseo_noupdate":"","popseo_einleitungstext":"<p>Sie haben sich mit der Bauwerksabdichtung besch\u00e4ftigt, da Ihr Wohn- oder Gesch\u00e4ftshaus feuchte Geb\u00e4udeteile aufweist und Sie nach M\u00f6glichkeiten einer wirkungsvollen und professionellen Sanierung Ausschau halten. Super, dass sie uns gefunden haben. Nachfolgend d\u00fcrfen wir Ihnen einige Informationen zu unserem Leistungsspektrum geben. Sie lernen auf dieser Website unsere Firma n\u00e4her kennen. <\/p>\n<p>Unser Unternehmen ist ein versierter und etablierter Fachbetrieb mit Sitz in Brietlingen bei L\u00fcneburg. Seit vielen Jahren schon sind wir Ihre Experten f\u00fcr alle auftretenden Fragen rund um Geb\u00e4udeabdichtung. Wir setzen ausschlie\u00dflich praxisbew\u00e4hrte und effektive Sanierungsmethoden und -systeme ein. Als Sanierungsfachbetrieb schauen wir auf eine lange Berufserfahrung zur\u00fcck. Unsere gut geschulten Spezialisten informieren Sie gerne im Detail.<\/p>","popseo_schlusstext":"<p>Sehr gerne informieren wir Sie n\u00e4her \u00fcber unser Themengebiet. Wir pr\u00e4sentieren Ihnen mit Vergn\u00fcgen auch ein paar Projekte, die Ihnen einen Einblick in unsere Unternehmenst\u00e4tigkeit geben.<br \/>\nSetzen Sie auf die Expertise eines erfahrenen Fachbetriebes. Rufen Sie uns doch rasch einmal an oder senden Sie uns eine kurze E-Mail. Wir freuen uns auf den Kontakt zu Ihnen.<\/p>","popseo_stadttext":"<h3>Unsere Leistung auch in Rosengarten und Seevetal<\/h2>\n<p>Unser Einzugsbereich umfasst auch Seevetal und Rosengarten. Durch unsere T\u00e4tigkeit haben wir uns einen ausgezeichneten \u00dcberblick \u00fcber die Architektur der Gemeinden und St\u00e4dte unseres Vertriebsgebietes machen k\u00f6nnen. Wir f\u00fchlen uns der Region verpflichtet und freuen uns dar\u00fcber, unseren Teil zur ausgezeichneten Infrastruktur der Gemeinden beizusteuern zu d\u00fcrfen.  <\/p>\n<h3>Seevetal und Rosengarten \u2013 einige interessante Informationen zu den beiden Gemeinden<\/h3>\n<p>Die Gemeinde Seevetal befindet sich s\u00fcdlich von Hamburg im nieders\u00e4chsischen Landkreis Harburg. Anno 1972 schlossen sich in Summe 19 ehemals selbst\u00e4ndige Orte zur Gesamtgemeinde Seevetal zusammen. Durch den Zusammenschluss gilt Seevetal mit etwa 42.000 B\u00fcrgern als die gr\u00f6\u00dfte Gemeinde der Bundesrepublik Deutschland. Trotz der noch kurzen Geschichte, sehen einige der einstmals autonomen Gemeindeteile auf eine au\u00dferordentliche lange Geschichte zur\u00fcck. Die Ortschronik von Seevetal berichtet davon, dass der Ortsteil Ramelsloh schon im Jahre 845 zum ersten Mal urkundlich genannt wurde. Die gute Bev\u00f6lkerungsentwicklung der Gemeinde Seevetal erkl\u00e4rt sich auch durch die verkehrstechnisch g\u00fcnstige Lage. Die N\u00e4he zur Gro\u00dfstadt Hamburg macht Seevetal f\u00fcr Berufspendler attraktiv. Das Arbeiten in der Gro\u00dfstadt und das Leben im eher l\u00e4ndlichen Bereich, gehen in Seevetal eine sehr gute Verbindung ein. <\/p>\n<h4>Seevetal und Rosengarten \u2013 attraktive Wohnorte am Rande der Metropole<\/h4>\n<p>Der Gewerbestandort Seevetal ist f\u00fcr viele Firmen von gro\u00dfer Anziehungskraft. Seevetal liegt in der Mitte von f\u00fcnf Schnellstra\u00dfen. Die verkehrstechnisch gute Lage garantiert sowohl eine sehr gute Erreichbarkeit als auch einen schnellen Warenverkehr. Wirtschaftsf\u00f6rderung ist den Gemeindeverantwortlichen von Seevetal wichtig. Die Gemeinde f\u00f6rdert weitfl\u00e4chig und unkompliziert die Gewerbeansiedlung. Seevetal ist Teil vom Hamburger Verkehrsverbund (HVV). Auf dem Schienenweg erreicht man den Gemeindeteil Hittfeld mit dem Metronom \u00fcber die Verbindung HH-Harburg-Buchholz-Tostedt. Die zu Seevetal z\u00e4hlenden Ortsteile Meckelfeld und Maschen sind an die Strecke HH-Harburg-Winsen-L\u00fcneburg angebunden.  <\/p>\n<p>Die Region Seevetal zeichnet sich durch eine hohe Lebensqualit\u00e4t aus. Eine ausgezeichnete Infrastruktur macht das Wohnen in Seevetal besonders f\u00fcr junge Familien reizvoll. Durch die starke und best\u00e4ndig wachsende Wirtschaft in Seevetal wird von den Gemeindeverantwortlichen des Weiteren besondere Priorit\u00e4t auf die Attraktivit\u00e4t des Wohnortes Seevetal gelegt. In den 19 Einzelgemeinden von Seevetal findet man ausreichend Baugrund f\u00fcr private Bauherren.<\/p>\n<p>\u00c4hnlich attraktiv pr\u00e4sentiert sich Rosengarten. Die Gemeinde liegt rund rund 15 Kilometer von Seevetal entfernt. Knapp 13.000 B\u00fcrger wohnen in dem idyllischen Ort, der sich \u00fcber ein Gebiet von \u00fcber 63 Quadratkilometern erstreckt. Rosengarten grenzt an die Hamburger Stadtteile Hausbruch, Heimfeld und Marmstorf. Das zumeist beschauliche Leben auf dem Lande verbindet sich in Rosengarten auf ideale Weise mit den urbanen Vorz\u00fcgen der nahen Gro\u00dfstadt. Seevetal und Rosengarten verf\u00fcgen \u00fcber zahlreiche sch\u00f6ne Wohngebiete, die vor allem von einer typischen Einzelhausbebauung gepr\u00e4gt sind. <\/p>\n<h4>Hohe Qualit\u00e4t f\u00fcr Kunden aus Seevetal und Rosengarten<\/h4>\n<p>Sie wohnen in Seevetal oder Rosengarten und interessieren sich f\u00fcr unser Leistungsangebot. Prima, dass Sie uns hier auf dieser Website entdeckt haben. F\u00fcr R\u00fcckfragen sind wir jederzeit f\u00fcr Sie da. Auf Ihre Anfragen freuen wir uns.<\/p>","popseo_zusatztext":"<h3>Hochwertige Sanierung, faire Kosten!<\/h3>\n<p>Sie interessieren sich f\u00fcr eine Kellertrockenlegung oder eine Sanierungsarbeit an Mauern bzw. W\u00e4nden und m\u00f6chten gerne ein individuelles Angebot, das eine qualitativ gute Arbeit garantiert, gleichwohl die Kosten im Blick hat. Prima, in diesem Fall sind Sie bei uns genau richtig. Als Spezialist f\u00fcr Bauwerksabdichtung, Kellersanierung und Schimmelbeseitigung verwenden wir nur hochwertige Materialien. Nichtsdestotrotz achten wir nat\u00fcrlich auf die Kosten, die nat\u00fcrlich nicht zu hoch sein sollen. Wir m\u00f6chten Ihnen Qualit\u00e4t anbieten, die trotzdem auch die Kosten im Blick beh\u00e4lt. Bei uns stimmen Kosten und Leistung: Schon seit etlichen Jahren sind wir Ihr qualifizierter Fachbetrieb f\u00fcr Trocknungs- und Sanierungsarbeiten in Norddeutschland. Unser Gesch\u00e4ftssitz liegt verkehrsg\u00fcnstig in Brietlingen bei L\u00fcndeburg. Die Kosten stets vor Augen: Wir versprechen Ihnen eine sachkundig ausgef\u00fchrte Arbeit nach dem immer aktuellsten Stand der Technik.<\/p>\n<h3>Die Kosten stets vor Augen<\/h3>\n<p>D\u00fcrfen wir Sie beraten, wie Sie die Kosten f\u00fcr eine Sanierung reduzieren? Prima, dann warten Sie bitte nicht und nehmen am besten gleich heute Verbindung mit uns auf. Ein kurzer Telefonanruf oder auch eine kurze Email gen\u00fcgen. Die fachlich versierte Beratung ist gleicherma\u00dfen wichtig wie die sachgem\u00e4\u00dfe Ausf\u00fchrung der entsprechenden T\u00e4tigkeiten. Unsere fachliche Beratung ist selbstverst\u00e4ndlich absolut unverbindlich. Qualit\u00e4tsbewusst bei niedrigen Kosten: Wir empfehlen uns als spezialisiertes Unternehmen in Norddeutschland. Unsere langj\u00e4hrige Erfahrung zeichnet uns aus.<br \/>\nVerringern Sie die Kosten f\u00fcr Ihr Sanierungsprojekt: Vertrauen Sie den Spezialisten der Firma Keul.<\/p>","popseo_links":"<a href=\"https:\/\/bautenschutz-keul.de\/angebote\/schimmel-reinbek-aumuehle\/\">Schimmel Reinbek Aum\u00fchle<\/a>, <a href=\"https:\/\/bautenschutz-keul.de\/angebote\/feuchtigkeitsschaden-bienenbuettel\/\">Feuchtigkeitsschaden Bienenb\u00fcttel<\/a>, <a href=\"https:\/\/bautenschutz-keul.de\/angebote\/salpeter-im-keller-winsen-luhe\/\">Salpeter im Keller Winsen Luhe<\/a>, <a href=\"https:\/\/bautenschutz-keul.de\/angebote\/feuchte-wand-hanstedt\/\">Feuchte Wand Hanstedt<\/a>, <a href=\"https:\/\/bautenschutz-keul.de\/angebote\/zerstoerter-putz-amt-neuhaus\/\">zerst\u00f6rter Putz Amt Neuhaus<\/a>, <a href=\"https:\/\/bautenschutz-keul.de\/angebote\/kellerabdichtung-boizenburg\/\">Kellerabdichtung Boizenburg<\/a>, <a href=\"https:\/\/bautenschutz-keul.de\/angebote\/feuchtigkeitsschaden-buechen\/\">Feuchtigkeitsschaden B\u00fcchen<\/a>, <a href=\"https:\/\/bautenschutz-keul.de\/angebote\/feuchtigkeitsschaden-amt-neuhaus\/\">Feuchtigkeitsschaden Amt Neuhaus<\/a>, <a href=\"https:\/\/bautenschutz-keul.de\/angebote\/schimmelbeseitigung-salzhausen\/\">Schimmelbeseitigung Salzhausen<\/a>, <a href=\"https:\/\/bautenschutz-keul.de\/angebote\/aussenabdichtung-glinde-sachsenwald\/\">Au\u00dfenabdichtung Glinde Sachsenwald<\/a>, <a href=\"https:\/\/bautenschutz-keul.de\/angebote\/rissverpressung-reinbek-aumuehle\/\">Rissverpressung Reinbek Aum\u00fchle<\/a>, <a href=\"https:\/\/bautenschutz-keul.de\/angebote\/mauertrockenlegung-amelinghausen\/\">Mauertrockenlegung Amelinghausen<\/a>, <a href=\"https:\/\/bautenschutz-keul.de\/angebote\/rissverpressung-boizenburg\/\">Rissverpressung Boizenburg<\/a>, <a href=\"https:\/\/bautenschutz-keul.de\/angebote\/feuchter-keller-stelle\/\">Feuchter Keller Stelle<\/a>, <a href=\"https:\/\/bautenschutz-keul.de\/angebote\/salpeter-im-keller-schwarzenbek\/\">Salpeter im Keller Schwarzenbek<\/a>, <a href=\"https:\/\/bautenschutz-keul.de\/angebote\/kellertrockenlegung-bergedorf-wentorf\/\">Kellertrockenlegung Bergedorf Wentorf<\/a>, <a href=\"https:\/\/bautenschutz-keul.de\/angebote\/mauertrockenlegung-glinde-sachsenwald\/\">Mauertrockenlegung Glinde Sachsenwald<\/a>, <a href=\"https:\/\/bautenschutz-keul.de\/angebote\/kellertrockenlegung-hanstedt\/\">Kellertrockenlegung Hanstedt<\/a>, <a href=\"https:\/\/bautenschutz-keul.de\/angebote\/feuchte-wand-adendorf\/\">Feuchte Wand Adendorf<\/a>, <a href=\"https:\/\/bautenschutz-keul.de\/angebote\/zerstoerter-putz-reinbek-aumuehle\/\">zerst\u00f6rter Putz Reinbek Aum\u00fchle<\/a>, <a href=\"https:\/\/bautenschutz-keul.de\/angebote\/mauertrockenlegung-bardowick\/\">Mauertrockenlegung Bardowick<\/a>, <a href=\"https:\/\/bautenschutz-keul.de\/angebote\/mauertrockenlegung-winsen-luhe\/\">Mauertrockenlegung Winsen Luhe<\/a>, <a href=\"https:\/\/bautenschutz-keul.de\/angebote\/kellertrockenlegung-maschen\/\">Kellertrockenlegung Maschen<\/a>, <a href=\"https:\/\/bautenschutz-keul.de\/angebote\/feuchtigkeitsschaden-winsen-luhe\/\">Feuchtigkeitsschaden Winsen Luhe<\/a>, <a href=\"https:\/\/bautenschutz-keul.de\/angebote\/aufsteigende-feuchtigkeit-hanstedt\/\">aufsteigende Feuchtigkeit Hanstedt<\/a>, <a href=\"https:\/\/bautenschutz-keul.de\/angebote\/feuchtigkeitsschaden-reinbek-aumuehle\/\">Feuchtigkeitsschaden Reinbek Aum\u00fchle<\/a>, <a href=\"https:\/\/bautenschutz-keul.de\/angebote\/schimmelbeseitigung-glinde-sachsenwald\/\">Schimmelbeseitigung Glinde Sachsenwald<\/a>, <a href=\"https:\/\/bautenschutz-keul.de\/angebote\/salpeter-im-keller-boizenburg\/\">Salpeter im Keller Boizenburg<\/a>"},"_links":{"self":[{"href":"https:\/\/bautenschutz-keul.de\/angebote\/wp-json\/wp\/v2\/pages\/323","targetHints":{"allow":["GET"]}}],"collection":[{"href":"https:\/\/bautenschutz-keul.de\/angebote\/wp-json\/wp\/v2\/pages"}],"about":[{"href":"https:\/\/bautenschutz-keul.de\/angebote\/wp-json\/wp\/v2\/types\/page"}],"author":[{"embeddable":true,"href":"https:\/\/bautenschutz-keul.de\/angebote\/wp-json\/wp\/v2\/users\/1"}],"replies":[{"embeddable":true,"href":"https:\/\/bautenschutz-keul.de\/angebote\/wp-json\/wp\/v2\/comments?post=323"}],"version-history":[{"count":0,"href":"https:\/\/bautenschutz-keul.de\/angebote\/wp-json\/wp\/v2\/pages\/323\/revisions"}],"wp:attachment":[{"href":"https:\/\/bautenschutz-keul.de\/angebote\/wp-json\/wp\/v2\/media?parent=323"}],"curies":[{"name":"wp","href":"https:\/\/api.w.org\/{rel}","templated":true}]}}