{"id":325,"date":"2021-09-13T08:43:56","date_gmt":"2021-09-13T06:43:56","guid":{"rendered":"https:\/\/bautenschutz-keul.de\/angebote\/horizontalsperre-tostedt-sittensen\/"},"modified":"2021-09-13T08:43:56","modified_gmt":"2021-09-13T06:43:56","slug":"horizontalsperre-tostedt-sittensen","status":"publish","type":"page","link":"https:\/\/bautenschutz-keul.de\/angebote\/horizontalsperre-tostedt-sittensen\/","title":{"rendered":"Horizontalsperre &#8211; Tostedt Sittensen"},"content":{"rendered":"<h3>Sie ben\u00f6tigen eine Horizontalsperre? Dann rufen Sie uns bitte an!<\/h3>\n<p>Die Horizontalsperre ist eine bautechnische Anwendung, die verhindern soll, dass N\u00e4sse in W\u00e4nde und Mauern eindringen kann. Eindringende Bodenfeuchtigkeit gef\u00e4hrdet die Substanz eines Geb\u00e4udes. Immobilienbesitzer sind entsprechend gut beraten, massiv gegen Durchfeuchtungen vorzugehen. Heutzutage werden die allermeisten Neubauten bereits mit einer Horizontalsperre versehen. Bei den meisten alten Immobilien fehlt sie indes ganz oder ist mit der Zeit unbrauchbar geworden. In diesem Fall gilt es Unterlassenes nachzuarbeiten. <\/p>\n<h3>Horizontalsperre \u2013 wir helfen schnell und unkompliziert!<\/h3>\n<p>Bei der Horizontalsperre unterscheidet man f\u00fcr gew\u00f6hnlich drei unterschiedliche Verfahren. Man spricht hier in der Regel von der chemischen, der mechanischen sowie der elektrophysikalischen Horizontalsperre. Die mechanische Horizontalabdichtung greift auf Feuchtigkeitssperren aus hochwertigem Stahl, Kunststoff und auch Mauerpappe zur\u00fcck. Ins Mauerwerk eingebaut, unterbinden diese Baustoffe die gef\u00e4hrliche Ausdehnung von N\u00e4sse. Beim Vorgang der chemischen Horizontalsperre werden spezielle Dichtungsstoffe nachtr\u00e4glich in die Wand eingegeben.<br \/>\nEine elektrolytische Horizontalabdichtung schlie\u00dflich vertraut auf die Technik der so bezeichneten Elektromose. Hierunter wird eine Arbeitsweise verstanden, bei der ein elektrisches Feld parallel zur Fassade angelegt wird. Die Wirkung der elektrolytischen Horizontalsperre ist ebenfalls sehr gut. Eine professionell vorgenommene Horizontalabdichtung ist eine lohnenswerte Entscheidung. Feuchtes Mauerwerk bedroht den Wert eines Geb\u00e4udes. Au\u00dferdem: Fortw\u00e4hrende<br \/>\nN\u00e4sse ist gesundheitlich bedrohend und wirkt sich schlecht auf das Befinden aus.<\/p>\n","protected":false},"excerpt":{"rendered":"<p>Sie ben\u00f6tigen eine Horizontalsperre? Dann rufen Sie uns bitte an! Die Horizontalsperre ist eine bautechnische Anwendung, die verhindern soll, dass N\u00e4sse in W\u00e4nde und Mauern eindringen kann. Eindringende Bodenfeuchtigkeit gef\u00e4hrdet die Substanz eines Geb\u00e4udes. Immobilienbesitzer sind entsprechend gut beraten, massiv gegen Durchfeuchtungen vorzugehen. Heutzutage werden die allermeisten Neubauten bereits mit einer Horizontalsperre versehen. Bei den [&hellip;]<\/p>\n","protected":false},"author":1,"featured_media":0,"parent":0,"menu_order":0,"comment_status":"closed","ping_status":"closed","template":"","meta":{"footnotes":""},"class_list":["post-325","page","type-page","status-publish","hentry"],"meta_box":{"popseo_subtitel":"Die Firma TK-Geb\u00e4udetechnik Thorsten Keul ist Ihr erfahrener Fachbetrieb in Sachen Horizontalsperre im Raum Tostedt Sittensen","popseo_subtitel2":"Horizontalsperre - unsere Spezialisten kennen sich aus!","popseo_lasttitel":"Horizontalsperre: Wir beantworten Ihre Fragen!","popseo_region":"Tostedt Sittensen","popseo_sachwort":"Horizontalsperre","popseo_noupdate":"","popseo_einleitungstext":"<p>Kellerr\u00e4ume, Mauern oder W\u00e4nde Ihres Wohn- oder Gesch\u00e4ftsgeb\u00e4udes weisen einen Feuchtigkeitsschaden und damit einen echten Sanierungbedarf auf. Dann ist die Zeit gekommen, sich \u00fcber eine fachlich korrekt vorgenommene Trocknung Gedanken zu machen. Das Team der Firma TK Geb\u00e4udetechnik ist auf die Bauwerksabdichtung spezialisiert. Zu den Schwerpunkten unserer Firma geh\u00f6ren zum Beispiel die Bereiche Mauertrockenlegung, Kellerabdichtung und Schimmelbeseitigung. Der nachhaltigen Sanierung gilt unsere Aufmersamkeit. Wir beraten fachsicher, wie Sie Ihr Geb\u00e4ude preisg\u00fcnstig und umweltgerecht sanieren k\u00f6nnen. Ein paar erste Informationen dazu lesen Sie nachfolgend.<\/p>","popseo_schlusstext":"<p>Wenn Sie mehr wissen m\u00f6chten, informieren wir Sie n\u00e4her \u00fcber unser Aufgabengebiet. Wir zeigen Ihnen mit Vergn\u00fcgen auch ein paar Projekte, die Ihnen einen Einblick in unsere Arbeit geben.<br \/>\nWir sind f\u00fcr Sie da. Rufen Sie uns doch rasch einmal an oder senden Sie uns eine kurze E-Mail. Wir freuen uns auf Sie.<\/p>","popseo_stadttext":"<h3>Wir freuen uns \u00fcber Anfragen aus Sittensen und Tostedt<\/h3>\n<p>Durch unsere Vertriebst\u00e4tigkeit haben wir uns einen sehr guten \u00dcberblick \u00fcber die Architektur der Gemeinden und St\u00e4dte unseres Einzugsbereiches machen k\u00f6nnen. Selbstverst\u00e4ndlich geh\u00f6ren auch Tostedt und Sittensen zu unserem unmittelbaren Vertriebsgebiet. Wir freuen uns darauf, mit Ihnen in Kontakt zu kommen. <\/p>\n<h3>Lebensmittelpunkt Tostedt und Sittensen<\/h3>\n<p>Wer in Tostedt zuhause ist, wohnt in einem eher l\u00e4ndlichen Umfeld, ohne auf die Vorteile der nahen Metropole Hamburg verzichten zu m\u00fcssen. Die Hansestadt ist lediglich ein paar Fahrkilometer entfernt. Als Wohnort bietet Tostedt ideale Bedingungen f\u00fcr die rund 13.000 Anwohner. Tostedt \u00fcberzeugt durch seine attraktiven Wohngebiete. Wer das Leben abseits der st\u00e4dtischen Hektik liebt, jedoch urbanes Leben sch\u00e4tzt, ist in Tostedt gut aufgehoben. Eine gut entwickelte Infrastruktur mit umfangreichen Einkaufsm\u00f6glichkeiten sowie  vielen Sport- und Freizeitm\u00f6glichkeiten, verleihen Tostedt eine sehr gute Wohn- und Lebensqualit\u00e4t. <\/p>\n<h3>Tostedt und Sittensen \u2013 attraktive Wohnorte<\/h3>\n<p>Gerade einmal 20 Kilometer von Tostedt entfernt liegt die Gemeinde Sittensen. Das St\u00e4dtchen geh\u00f6rt formell zum Landkreis Harburg. In Sittensen leben momentan rund 5.600 B\u00fcrger auf einer Gesamtfl\u00e4che von rund 18 km\u00b2. Auch Sittensen \u00fcberzeugt durch eine reizvolle Lage: Geografisch befindet sich Sittensen in der Zevener Geest, einem Landstrich am Elbe-Weser-Dreieck zwischen Hamburg. <\/p>\n<p>Die attraktive Gemeinde ist Sitz der Samtgemeinde Sittensen, einem Zusammenschluss von neun kleineren Orten, n\u00e4mlich Hamersen, Gro\u00df und Klein Melckelsen, Kalbe, Lengenbostel, Tiste, Sittensen, Vierden und Wohnste. Die Samtgemeinde z\u00e4hlt insgesamt rund 11.000 B\u00fcrger und erstreckt sich \u00fcber ein Areal von zirka 138 qkm. Als Lebensmittelpunkt verbindet Sittensen urbanes Leben mit dem Wohnen in der Provinz auf lobenswerte Weise. Die beiden norddeutschen Metropolen Hamburg und Bremen sind von Sittensen aus in knapp 45 Minuten erreichbar. <\/p>\n<h4>Hohe Qualit\u00e4t f\u00fcr Kunden aus Sittensen und Tostedt<\/h4>\n<p>Sie interessieren sich f\u00fcr unser Angebot und sind hier im Internet auf unsere Homepage gesto\u00dfen? Das freut uns sehr. Sehr gerne pr\u00e4sentieren wir Ihnen unser komplettes Leistungsspektrum und beantworten Ihre Fragen. Auf den Kontakt zu Ihnen freuen wir uns.<\/p>","popseo_zusatztext":"<h3>Wir haben die Kosten im Blick<\/h3>\n<p>Sie interessieren sich f\u00fcr eine Kellertrockenlegung oder eine Sanierungsarbeit an Mauern bzw. W\u00e4nden und m\u00f6chten gerne ein passendes Angebot, das eine qualitativ gute Arbeit garantiert, gleichwohl keine hohen Kosten nach sich zieht. Klasse, dann sind Sie bei uns an der richtigen Adresse. Als Spezialist f\u00fcr Bauwerksabdichtung, Schimmelbeseitigung und Kellersanierung verwenden wir ausschlie\u00dflich exzellente Materialien. Nichtsdestotrotz schauen wir immer auf die Kosten, die selbstverst\u00e4ndlich \u00fcberschaubar bleiben sollen. Wir m\u00f6chten Ihnen Qualit\u00e4t bieten, die gleichzeitig auch die Kosten im Blick beh\u00e4lt. Bei uns stimmen Kosten und Leistung: Bereits seit vielen Jahren sind wir Ihr erfahrener Fachbetrieb f\u00fcr Trocknungs- und Sanierungsarbeiten in Norddeutschland. Unser Gesch\u00e4ftssitz liegt verkehrsg\u00fcnstig in Brietlingen bei L\u00fcndeburg. Die Kosten stets vor Augen: Wir garantieren eine fachm\u00e4nnisch ausgef\u00fchrte Arbeit nach dem jeweils derzeitigen Stand der Technik.<\/p>\n<h3>Trocknung und Sanierung durch die Firma Wist: Beste Arbeit, geringe Kosten!<\/h3>\n<p>D\u00fcrfen wir Sie beraten, wie Sie die Kosten f\u00fcr eine Sanierung senken k\u00f6nnen? Super, dann warten Sie bitte nicht und nehmen am besten gleich heute Kontakt mit uns auf. Ein kurzer Anruf oder auch eine kurze eMail gen\u00fcgen. Die gute Beratung ist gleicherma\u00dfen wichtig wie die sachgem\u00e4\u00dfe Ausf\u00fchrung der entsprechenden T\u00e4tigkeiten. Unsere fachliche Beratung ist selbstverst\u00e4ndlich v\u00f6llig unverbindlich. Beste Qualit\u00e4t bei \u00fcberschaubaren Kosten: Wir empfehlen uns als spezialisiertes Unternehmen im Norden. Unsere langj\u00e4hrige Erfahrung zeichnet uns aus.<br \/>\nSenken Sie die Kosten f\u00fcr Ihr Sanierungsprojekt: Vertrauen Sie den Spezialisten der Firma Keul.<\/p>","popseo_links":"<a href=\"https:\/\/bautenschutz-keul.de\/angebote\/aufsteigende-feuchtigkeit-winsen-luhe\/\">aufsteigende Feuchtigkeit Winsen Luhe<\/a>, <a href=\"https:\/\/bautenschutz-keul.de\/angebote\/kellerabdichtung-bienenbuettel\/\">Kellerabdichtung Bienenb\u00fcttel<\/a>, <a href=\"https:\/\/bautenschutz-keul.de\/angebote\/schimmelsanierung-bispingen\/\">Schimmelsanierung Bispingen<\/a>, <a href=\"https:\/\/bautenschutz-keul.de\/angebote\/feuchter-keller-bardowick\/\">Feuchter Keller Bardowick<\/a>, <a href=\"https:\/\/bautenschutz-keul.de\/angebote\/feuchtigkeit-schwarzenbek\/\">Feuchtigkeit Schwarzenbek<\/a>, <a href=\"https:\/\/bautenschutz-keul.de\/angebote\/feuchter-keller-schwarzenbek\/\">Feuchter Keller Schwarzenbek<\/a>, <a href=\"https:\/\/bautenschutz-keul.de\/angebote\/salpeter-im-keller-seevetal-rosengarten\/\">Salpeter im Keller Seevetal Rosengarten<\/a>, <a href=\"https:\/\/bautenschutz-keul.de\/angebote\/schimmelsanierung-bad-bevensen\/\">Schimmelsanierung Bad Bevensen<\/a>, <a href=\"https:\/\/bautenschutz-keul.de\/angebote\/mauertrockenlegung-brietlingen\/\">Mauertrockenlegung Brietlingen<\/a>, <a href=\"https:\/\/bautenschutz-keul.de\/angebote\/schimmelbeseitigung-reppenstedt\/\">Schimmelbeseitigung Reppenstedt<\/a>, <a href=\"https:\/\/bautenschutz-keul.de\/angebote\/schimmelsanierung-jesteburg\/\">Schimmelsanierung Jesteburg<\/a>, <a href=\"https:\/\/bautenschutz-keul.de\/angebote\/zerstoerter-putz-brietlingen\/\">zerst\u00f6rter Putz Brietlingen<\/a>, <a href=\"https:\/\/bautenschutz-keul.de\/angebote\/kellerabdichtung-reppenstedt\/\">Kellerabdichtung Reppenstedt<\/a>, <a href=\"https:\/\/bautenschutz-keul.de\/angebote\/feuchtigkeitsschaden-reppenstedt\/\">Feuchtigkeitsschaden Reppenstedt<\/a>, <a href=\"https:\/\/bautenschutz-keul.de\/angebote\/feuchte-mauer-glinde-sachsenwald\/\">Feuchte Mauer Glinde Sachsenwald<\/a>, <a href=\"https:\/\/bautenschutz-keul.de\/angebote\/schimmel-winsen-luhe\/\">Schimmel Winsen Luhe<\/a>, <a href=\"https:\/\/bautenschutz-keul.de\/angebote\/feuchte-mauer-maschen\/\">Feuchte Mauer Maschen<\/a>, <a href=\"https:\/\/bautenschutz-keul.de\/angebote\/schimmelsanierung-buchholz-in-der-nordheide\/\">Schimmelsanierung Buchholz in der Nordheide<\/a>, <a href=\"https:\/\/bautenschutz-keul.de\/angebote\/rissverpressung-salzhausen\/\">Rissverpressung Salzhausen<\/a>, <a href=\"https:\/\/bautenschutz-keul.de\/angebote\/schimmelbeseitigung-amt-neuhaus\/\">Schimmelbeseitigung Amt Neuhaus<\/a>, <a href=\"https:\/\/bautenschutz-keul.de\/angebote\/innenabdichtung-bardowick\/\">Innenabdichtung Bardowick<\/a>, <a href=\"https:\/\/bautenschutz-keul.de\/angebote\/feuchtigkeitsschaden-brietlingen\/\">Feuchtigkeitsschaden Brietlingen<\/a>, <a href=\"https:\/\/bautenschutz-keul.de\/angebote\/feuchte-wand-glinde-sachsenwald\/\">Feuchte Wand Glinde Sachsenwald<\/a>, <a href=\"https:\/\/bautenschutz-keul.de\/angebote\/feuchte-mauer-uelzen\/\">Feuchte Mauer Uelzen<\/a>, <a href=\"https:\/\/bautenschutz-keul.de\/angebote\/feuchter-keller-stelle\/\">Feuchter Keller Stelle<\/a>, <a href=\"https:\/\/bautenschutz-keul.de\/angebote\/aufsteigende-feuchtigkeit-brietlingen\/\">aufsteigende Feuchtigkeit Brietlingen<\/a>, <a href=\"https:\/\/bautenschutz-keul.de\/angebote\/kellerabdichtung-bad-bevensen\/\">Kellerabdichtung Bad Bevensen<\/a>, <a href=\"https:\/\/bautenschutz-keul.de\/angebote\/feuchtigkeitsschaden-jesteburg\/\">Feuchtigkeitsschaden Jesteburg<\/a>"},"_links":{"self":[{"href":"https:\/\/bautenschutz-keul.de\/angebote\/wp-json\/wp\/v2\/pages\/325","targetHints":{"allow":["GET"]}}],"collection":[{"href":"https:\/\/bautenschutz-keul.de\/angebote\/wp-json\/wp\/v2\/pages"}],"about":[{"href":"https:\/\/bautenschutz-keul.de\/angebote\/wp-json\/wp\/v2\/types\/page"}],"author":[{"embeddable":true,"href":"https:\/\/bautenschutz-keul.de\/angebote\/wp-json\/wp\/v2\/users\/1"}],"replies":[{"embeddable":true,"href":"https:\/\/bautenschutz-keul.de\/angebote\/wp-json\/wp\/v2\/comments?post=325"}],"version-history":[{"count":0,"href":"https:\/\/bautenschutz-keul.de\/angebote\/wp-json\/wp\/v2\/pages\/325\/revisions"}],"wp:attachment":[{"href":"https:\/\/bautenschutz-keul.de\/angebote\/wp-json\/wp\/v2\/media?parent=325"}],"curies":[{"name":"wp","href":"https:\/\/api.w.org\/{rel}","templated":true}]}}