{"id":326,"date":"2021-09-13T08:43:56","date_gmt":"2021-09-13T06:43:56","guid":{"rendered":"https:\/\/bautenschutz-keul.de\/angebote\/horizontalsperre-uelzen\/"},"modified":"2021-09-13T08:43:56","modified_gmt":"2021-09-13T06:43:56","slug":"horizontalsperre-uelzen","status":"publish","type":"page","link":"https:\/\/bautenschutz-keul.de\/angebote\/horizontalsperre-uelzen\/","title":{"rendered":"Horizontalsperre &#8211; Uelzen"},"content":{"rendered":"<h3>Horizontalsperre: Fragen Sie den Sanierungsprofi!<\/h3>\n<p>Die Horizontalsperre ist eine handwerkliche Methode, die verhindern soll, dass Bodenfeuchtigkeit in die Wand einsickern kann. Einsickernde Feuchtigkeit bedroht die Bausubstanz eines Bauwerkes. Hauseigent\u00fcmer sind entsprechend gut beraten, gr\u00fcndlich gegen Durchfeuchtungen vorzugehen. Heutzutage werden die allermeisten Neubauten schon mit einer Horizontalsperre versehen. Bei vielen Altbauten fehlt sie indes ganz oder ist mit den Jahren unbrauchbar geworden. In diesem Fall gilt es Vers\u00e4umtes nachzuholen. <\/p>\n<h3>Schnell und gr\u00fcndlich: Wir richten eine Horizontalsperre ein<\/h3>\n<p>Bei der Horizontalsperre unterscheidet man prinzipiell drei verschiedene Ma\u00dfnahmen. Man redet in diesem Zusammenhang oftmals von der chemischen, der mechanischen sowie der elektrophysikalischen Horizontalsperre. Die mechanische Horizontalabdichtung greift auf Feuchtigkeitssperren aus hochwertigem Stahl, Kunststoff sowie Dachpappe zur\u00fcck. Ins Mauerwerk integriert, unterbinden diese Werkstoffe die gef\u00e4hrliche Ausbreitung von Feuchtigkeit. Beim Vorgang der chemischen Horizontalsperre werden bestimmte Dichtungsstoffe im Nachhinein in die Mauer eingegeben.<br \/>\nEine elektrolytische Horizontalabdichtung schlie\u00dflich vertraut auf die Technik der sogenannten Elektromose. Hierunter wird eine Arbeitsweise verstanden, bei der ein elektrisches Feld parallel zur Oberfl\u00e4che angelegt wird. Die Wirksamkeit der elektrolytischen Horizontalsperre ist ebenfalls sehr gut. Eine perfekt durchgef\u00fchrte Horizontalabdichtung ist eine lohnende Investition. Feuchtes Mauerwerk bedroht den Wert eines Geb\u00e4udes. Au\u00dferdem: Best\u00e4ndige<br \/>\nN\u00e4sse ist gesundheitlich bedenklich und wirkt sich schlecht auf das Wohlbefinden aus.<\/p>\n","protected":false},"excerpt":{"rendered":"<p>Horizontalsperre: Fragen Sie den Sanierungsprofi! Die Horizontalsperre ist eine handwerkliche Methode, die verhindern soll, dass Bodenfeuchtigkeit in die Wand einsickern kann. Einsickernde Feuchtigkeit bedroht die Bausubstanz eines Bauwerkes. Hauseigent\u00fcmer sind entsprechend gut beraten, gr\u00fcndlich gegen Durchfeuchtungen vorzugehen. Heutzutage werden die allermeisten Neubauten schon mit einer Horizontalsperre versehen. Bei vielen Altbauten fehlt sie indes ganz oder [&hellip;]<\/p>\n","protected":false},"author":1,"featured_media":0,"parent":0,"menu_order":0,"comment_status":"closed","ping_status":"closed","template":"","meta":{"footnotes":""},"class_list":["post-326","page","type-page","status-publish","hentry"],"meta_box":{"popseo_subtitel":"Die Firma TK-Geb\u00e4udetechnik Thorsten Keul ist Ihr erfahrener Fachbetrieb in Sachen Horizontalsperre in Uelzen","popseo_subtitel2":"Horizontalsperre f\u00fcr Kunden aus Norddeutschland","popseo_lasttitel":"Horizontalsperre: Unsere Experten beantworten Ihre Fragen","popseo_region":"Uelzen","popseo_sachwort":"Horizontalsperre","popseo_noupdate":"","popseo_einleitungstext":"<p>Sie haben sich mit dem Thema Bauwerksabdichtung auseinandergesetzt, weil Ihre Immobilie feuchte Geb\u00e4udebereiche aufweist und Sie nach M\u00f6glichkeiten einer wirkungsvollen und professionellen Sanierung Ausschau halten. Hervorragend, dass Sie unsere Homepage entdeckt haben. Auf den folgenden Seiten m\u00f6chten wir Ihnen einige Informationen zu unserem Leistungsspektrum geben. Sie lernen auf dieser Internetseite unsere Firma etwas n\u00e4her kennen. <\/p>\n<p>Die Firma TK-Geb\u00e4udetechnik Thorsten Keul ist ein versierter und erfahrener Handwerksbetrieb mit Gesch\u00e4ftsssitz in Brietlingen bei L\u00fcneburg. Seit vielen Jahren schon sind wir Ihr Spezialist f\u00fcr alle Fragen rund um die Bauwerksabdichtung. Wir setzen ausschlie\u00dflich effektive und praxisbew\u00e4hrte Sanierungssysteme und -methoden ein. Als Fachbetrieb f\u00fcr Abdichtung und Sanierung blicken wir auf eine lange Berufserfahrung zur\u00fcck. Unsere engagierten Mitarbeiter informieren Sie mit Vergn\u00fcgen im Detail.<\/p>","popseo_schlusstext":"<p>Wenn Sie mehr wissen m\u00f6chten, informieren wir Sie n\u00e4her \u00fcber unser T\u00e4tigkeitsspektrum. Wir zeigen Ihnen mit Vergn\u00fcgen auch ein paar Referenzen, die Ihnen einen Einblick in unsere Firment\u00e4tigkeit geben.<br \/>\nSetzen Sie auf die Expertise eines erfahrenen Fachbetriebes. Rufen Sie uns doch einfach einmal an oder senden Sie uns eine kurze E-Mail. Wir freuen uns auf Sie.<\/p>","popseo_stadttext":"<h3>Unsere Dienstleistungen auch f\u00fcr Kunden aus Uelzen<\/h3>\n<p>Durch unsere Gesch\u00e4ftst\u00e4tigkeit haben wir uns einen sehr guten \u00dcberblick \u00fcber die Architektur der Gemeinden und St\u00e4dte unseres Einzugsbereiches erarbeiten k\u00f6nnen. Selbstverst\u00e4ndlich z\u00e4hlt auch Uelzen zu unserem unmittelbaren Vertriebsgebiet. Wir freuen uns darauf, mit Ihnen in Kontakt zu kommen. <\/p>\n<h3>Einige Informationen zur Stadt Uelzen<\/h3>\n<p>Uelzen ist die Kreisstadt des nieders\u00e4chsischen Kreises Uelzen. Addiert leben 33.000 Einwohner in der zur Metropolregion Hamburg geh\u00f6renden Stadt. Das Gemeindegebiet umfasst ein Areal von knapp 135 Quadratkilometer. St\u00e4dte in der n\u00e4heren Umgebung sind z.B. Rosche, Ebstorf und Bad Beversen. Geographisch befindet sich Uelzen am am s\u00fcdlichen Rand der L\u00fcneburger Heide. Die Stadt ist zwischen ausladenden Naturschutzgebieten herrlich gelegen. Neben der L\u00fcneburger Heide ist auch das Naturreservat Elbufer-Drawehn sowie das Naturschutzgebiet Nieders\u00e4chsische Elbtalaue von Uelzen aus geschwind zu erreichen. Uelzen selbst ist an der Ilmenau gelegen. Uelzen verf\u00fcgt \u00fcber zahlreiche nett gelegene Wohnquartiere. Die Stadt ist ein sch\u00f6ner Platz zum Leben und Arbeiten. Wer das eher \u00fcberschaubare Leben in einer kleineren Stadt lieber mag, gleichzeitig aber nicht auf die Vorteile der Metropole verzichten m\u00f6chte, trifft es in Uelzen genau richtig. <\/p>\n<h3>Wir kennen uns aus in Uelzen<\/h3>\n<p>Die Stadt Uelzen teilt sich auf in insgesamt 18 Gemeindeteile. Die Stadtarchitektur von Uelzen wird beherrscht von vielen Fachwerkgeb\u00e4uden, die dem Ort einen durchaus als m\u00e4rchenhaft zu bezeichnenden Charme verleihen. Auch historische H\u00e4user im Baustil der Backsteingotik pr\u00e4gen die \u00e4u\u00dfere Erscheinung von Uelzen. Das Erkennungszeichen der Stadt ist das sogenannte \"Goldene Schiff\". Die Skulptur befindet sich an der St. Marien-Kirche zu Uelzen. Vermutlich stammt die Plastik aus der Hansezeit. F\u00fcr Kunstfreunde ist Uelzen so etwas \u00e4hnliches wie eine Pilgerst\u00e4tte. Der Ausnahmek\u00fcnstler Friedensreich Hundertwasser erschuf unmittelbar vor seinem Tod im Jahre 2000 den st\u00e4dtischen Bahnhof. Das ins Auge fallende Bauwerk tr\u00e4gt den Namen Hundertwasserbahnhof Uelzen.<\/p>\n<p>Die \u00d6konomie von Uelzen ist mittelstandsgepr\u00e4gt. Schwerpunkte sind der Lebensmittelsektor und Betriebe aus dem Dienstleistungsgewerbe. Die Wirtschaftsf\u00f6rderung der Stadt Uelzen muss als vorbildhaft bezeichnet werden. Um den Zuzug neuer Betriebe bem\u00fchen sich sich die Stadtverantwortlichen erkennbar. Die bedeutendsten Arbeitgeber in Uelzen sind die Nordzucker AG und die Uelzena AG. Der Konzern Nestl\u00e9 Schoeller f\u00fchrt in Uelzen ein Werk mit ca. 500 Besch\u00e4ftigten. <\/p>\n<h4>Hohe Qualit\u00e4t f\u00fcr Kunden aus Uelzen<\/h4>\n<p>Sie wohnen in Uelzen und interessieren sich f\u00fcr unser Angebot. Prima, dass Sie diese Seite gefunden haben. F\u00fcr R\u00fcckfragen stehen wir Ihnen jederzeit zur Verf\u00fcgung. Auf Ihre Anfragen freuen wir uns.<\/p>","popseo_zusatztext":"<h3>Hohe Kosten? Nicht bei uns!<\/h3>\n<p>Sie interessieren sich f\u00fcr eine Kellertrockenlegung oder eine Sanierungsarbeit an Mauern bzw. W\u00e4nden und w\u00fcnschen sich ein entsprechendes Angebot, das eine qualitativ gute Arbeit garantiert, gleichwohl keine hohen Kosten verursacht. Prima, in diesem Fall sind Sie bei uns an der richtigen Adresse. Als Fachbetrieb f\u00fcr Bauwerksabdichtung, Schimmelbeseitigung und Kellersanierung verarbeiten wir ausschlie\u00dflich exzellente Materialien. Nichtsdestotrotz achten wir immer auf die Kosten, die nat\u00fcrlich nicht zu hoch sein sollen. Wir m\u00f6chten Ihnen Qualit\u00e4t anbieten, die gleichzeitig auch die Kosten im Blick hat. Bei uns stimmen Kosten und Leistung: Bereits seit vielen Jahren sind wir Ihr erfahrener Fachbetrieb f\u00fcr Sanierungs- und Trocknungsarbeiten im norddeutschen Raum. Unser Standort liegt verkehrsg\u00fcnstig in Brietlingen bei L\u00fcndeburg. Die Kosten stets im Blick: Wir bieten Ihnen eine fachm\u00e4nnisch ausgef\u00fchrte Sanierungsarbeit nach dem stets derzeitigen Stand der Technik.<\/p>\n<h3>Hochwertige Arbeit, geringe Kosten!<\/h3>\n<p>D\u00fcrfen wir Sie informieren, wie Sie die Kosten f\u00fcr eine Sanierung reduzieren? Klasse, dann warten Sie bitte nicht und nehmen am besten gleich heute Kontakt mit uns auf. Ein kurzer Telefonanruf oder auch eine schnelle Email gen\u00fcgen. Die gute Beratung ist ebenso wichtig wie die fachgerechte Ausf\u00fchrung der entprechenden Arbeiten. Unsere Beratung ist selbstverst\u00e4ndlich v\u00f6llig unverbindlich. Beste Qualit\u00e4t bei \u00fcberschaubaren Kosten: Wir empfehlen uns als spezialisiertes Fachunternehmen im Norden. Unsere gro\u00dfe Erfahrung zeichnet uns aus.<br \/>\nMinimieren Sie die Kosten f\u00fcr Ihr Sanierungsprojekt: Vertrauen Sie den Spezialisten der Firma Keul.<\/p>","popseo_links":"<a href=\"https:\/\/bautenschutz-keul.de\/angebote\/kellertrockenlegung-harburg\/\">Kellertrockenlegung Harburg<\/a>, <a href=\"https:\/\/bautenschutz-keul.de\/angebote\/schimmelsanierung-bergedorf-wentorf\/\">Schimmelsanierung Bergedorf Wentorf<\/a>, <a href=\"https:\/\/bautenschutz-keul.de\/angebote\/aussenabdichtung-stelle\/\">Au\u00dfenabdichtung Stelle<\/a>, <a href=\"https:\/\/bautenschutz-keul.de\/angebote\/zerstoerter-putz-seevetal-rosengarten\/\">zerst\u00f6rter Putz Seevetal Rosengarten<\/a>, <a href=\"https:\/\/bautenschutz-keul.de\/angebote\/feuchter-keller-schwarzenbek\/\">Feuchter Keller Schwarzenbek<\/a>, <a href=\"https:\/\/bautenschutz-keul.de\/angebote\/bauwerksabdichtung-amt-neuhaus\/\">Bauwerksabdichtung Amt Neuhaus<\/a>, <a href=\"https:\/\/bautenschutz-keul.de\/angebote\/feuchtigkeit-buechen\/\">Feuchtigkeit B\u00fcchen<\/a>, <a href=\"https:\/\/bautenschutz-keul.de\/angebote\/kellersanierung-amelinghausen\/\">Kellersanierung Amelinghausen<\/a>, <a href=\"https:\/\/bautenschutz-keul.de\/angebote\/kellertrockenlegung-seevetal-rosengarten\/\">Kellertrockenlegung Seevetal Rosengarten<\/a>, <a href=\"https:\/\/bautenschutz-keul.de\/angebote\/kellertrockenlegung-adendorf\/\">Kellertrockenlegung Adendorf<\/a>, <a href=\"https:\/\/bautenschutz-keul.de\/angebote\/kellersanierung-maschen\/\">Kellersanierung Maschen<\/a>, <a href=\"https:\/\/bautenschutz-keul.de\/angebote\/feuchter-keller-maschen\/\">Feuchter Keller Maschen<\/a>, <a href=\"https:\/\/bautenschutz-keul.de\/angebote\/salpeter-im-keller-brietlingen\/\">Salpeter im Keller Brietlingen<\/a>, <a href=\"https:\/\/bautenschutz-keul.de\/angebote\/aufsteigende-feuchtigkeit-salzhausen\/\">aufsteigende Feuchtigkeit Salzhausen<\/a>, <a href=\"https:\/\/bautenschutz-keul.de\/angebote\/feuchter-keller-bienenbuettel\/\">Feuchter Keller Bienenb\u00fcttel<\/a>, <a href=\"https:\/\/bautenschutz-keul.de\/angebote\/bauwerksabdichtung-buchholz-in-der-nordheide\/\">Bauwerksabdichtung Buchholz in der Nordheide<\/a>, <a href=\"https:\/\/bautenschutz-keul.de\/angebote\/kellersanierung-winsen-luhe\/\">Kellersanierung Winsen Luhe<\/a>, <a href=\"https:\/\/bautenschutz-keul.de\/angebote\/schimmelsanierung-harburg\/\">Schimmelsanierung Harburg<\/a>, <a href=\"https:\/\/bautenschutz-keul.de\/angebote\/schimmel-amt-neuhaus\/\">Schimmel Amt Neuhaus<\/a>, <a href=\"https:\/\/bautenschutz-keul.de\/angebote\/innenabdichtung-hanstedt\/\">Innenabdichtung Hanstedt<\/a>, <a href=\"https:\/\/bautenschutz-keul.de\/angebote\/mauertrockenlegung-harburg\/\">Mauertrockenlegung Harburg<\/a>, <a href=\"https:\/\/bautenschutz-keul.de\/angebote\/bauwerksabdichtung-buechen\/\">Bauwerksabdichtung B\u00fcchen<\/a>, <a href=\"https:\/\/bautenschutz-keul.de\/angebote\/aussenabdichtung-glinde-sachsenwald\/\">Au\u00dfenabdichtung Glinde Sachsenwald<\/a>, <a href=\"https:\/\/bautenschutz-keul.de\/angebote\/schimmel-lueneburg\/\">Schimmel L\u00fcneburg<\/a>, <a href=\"https:\/\/bautenschutz-keul.de\/angebote\/rissverpressung-bispingen\/\">Rissverpressung Bispingen<\/a>, <a href=\"https:\/\/bautenschutz-keul.de\/angebote\/schimmelbeseitigung-glinde-sachsenwald\/\">Schimmelbeseitigung Glinde Sachsenwald<\/a>, <a href=\"https:\/\/bautenschutz-keul.de\/angebote\/zerstoerter-putz-bienenbuettel\/\">zerst\u00f6rter Putz Bienenb\u00fcttel<\/a>, <a href=\"https:\/\/bautenschutz-keul.de\/angebote\/feuchte-wand-seevetal-rosengarten\/\">Feuchte Wand Seevetal Rosengarten<\/a>"},"_links":{"self":[{"href":"https:\/\/bautenschutz-keul.de\/angebote\/wp-json\/wp\/v2\/pages\/326","targetHints":{"allow":["GET"]}}],"collection":[{"href":"https:\/\/bautenschutz-keul.de\/angebote\/wp-json\/wp\/v2\/pages"}],"about":[{"href":"https:\/\/bautenschutz-keul.de\/angebote\/wp-json\/wp\/v2\/types\/page"}],"author":[{"embeddable":true,"href":"https:\/\/bautenschutz-keul.de\/angebote\/wp-json\/wp\/v2\/users\/1"}],"replies":[{"embeddable":true,"href":"https:\/\/bautenschutz-keul.de\/angebote\/wp-json\/wp\/v2\/comments?post=326"}],"version-history":[{"count":0,"href":"https:\/\/bautenschutz-keul.de\/angebote\/wp-json\/wp\/v2\/pages\/326\/revisions"}],"wp:attachment":[{"href":"https:\/\/bautenschutz-keul.de\/angebote\/wp-json\/wp\/v2\/media?parent=326"}],"curies":[{"name":"wp","href":"https:\/\/api.w.org\/{rel}","templated":true}]}}