{"id":327,"date":"2021-09-13T08:43:56","date_gmt":"2021-09-13T06:43:56","guid":{"rendered":"https:\/\/bautenschutz-keul.de\/angebote\/horizontalsperre-winsen-luhe\/"},"modified":"2021-09-13T08:43:56","modified_gmt":"2021-09-13T06:43:56","slug":"horizontalsperre-winsen-luhe","status":"publish","type":"page","link":"https:\/\/bautenschutz-keul.de\/angebote\/horizontalsperre-winsen-luhe\/","title":{"rendered":"Horizontalsperre &#8211; Winsen Luhe"},"content":{"rendered":"<h3>Sie ben\u00f6tigen eine Horizontalsperre? Dann rufen Sie uns bitte an!<\/h3>\n<p>Die Horizontalsperre ist eine bautechnische Anwendung, die unterbinden soll, dass Feuchtigkeit in die Wand eindringen kann. Einsickernde Feuchtigkeit bedroht die Bausubstanz eines Bauwerkes. Immobilienbesitzer sind entsprechend gut beraten, gr\u00fcndlich gegen Durchfeuchtungen vorzugehen. Heutzutage werden die meisten neuen H\u00e4user bereits mit einer Horizontalsperre ausgestattet. Bei vielen \u00e4lteren H\u00e4usern fehlt sie dagegen ganz oder ist im Laufe der Zeit kaputt gegangen. Hier gilt es Vers\u00e4umtes nachzuholen. <\/p>\n<h3>Schnell und gr\u00fcndlich: Wir richten eine Horizontalsperre ein<\/h3>\n<p>Bei der Horizontalsperre unterscheidet man prinzipiell drei verschiedene Vorgehensweisen. Man spricht in diesem Zusammenhang oftmals von der chemischen, der mechanischen und der elektrophysikalischen Horizontalsperre. Eine mechanische Horizontalabdichtung greift auf Feuchtigkeitssperren aus hochwertigem Stahl, Kunststoff oder Mauerpappe zur\u00fcck. Ins Mauerwerk eingebracht, unterbinden diese Werkstoffe die sch\u00e4digende Verbreitung von N\u00e4sse. Beim Verfahren der chemischen Horizontalsperre werden bestimmte Dichtungsstoffe nachtr\u00e4glich in die Wand eingebracht.<br \/>\nEine elektrolytische Horizontalabdichtung schlie\u00dflich setzt auf die Technik der so bezeichneten Elektromose. Darunter wird eine Arbeitsweise verstanden, bei der ein elektrisches Feld parallel zur Au\u00dfenseite angelegt wird. Die Wirksamkeit der elektrolytischen Horizontalsperre ist als sehr gut zu bezeichnen. Eine fachm\u00e4nnisch durchgef\u00fchrte Horizontalabdichtung ist eine gewinnbringende Entscheidung. Feuchtes Mauerwerk bedroht den Wert eines Hauses. Und nicht nur das: Dauerhafte<br \/>\nN\u00e4sse ist gesundheitlich bedrohend und wirkt sich schlecht auf das Wohlempfinden aus.<\/p>\n","protected":false},"excerpt":{"rendered":"<p>Sie ben\u00f6tigen eine Horizontalsperre? Dann rufen Sie uns bitte an! Die Horizontalsperre ist eine bautechnische Anwendung, die unterbinden soll, dass Feuchtigkeit in die Wand eindringen kann. Einsickernde Feuchtigkeit bedroht die Bausubstanz eines Bauwerkes. Immobilienbesitzer sind entsprechend gut beraten, gr\u00fcndlich gegen Durchfeuchtungen vorzugehen. Heutzutage werden die meisten neuen H\u00e4user bereits mit einer Horizontalsperre ausgestattet. Bei vielen [&hellip;]<\/p>\n","protected":false},"author":1,"featured_media":0,"parent":0,"menu_order":0,"comment_status":"closed","ping_status":"closed","template":"","meta":{"footnotes":""},"class_list":["post-327","page","type-page","status-publish","hentry"],"meta_box":{"popseo_subtitel":"Wir sind Ihr Spezialist in Sachen Horizontalsperre im Raum Winsen Luhe","popseo_subtitel2":"Horizontalsperre - wir helfen Ihnen gerne!","popseo_lasttitel":"Horizontalsperre: Wir beantworten Ihre Fragen!","popseo_region":"Winsen Luhe","popseo_sachwort":"Horizontalsperre","popseo_noupdate":"","popseo_einleitungstext":"<p>Sie haben sich mit der Bauwerksabdichtung besch\u00e4ftigt, da Ihr Haus feuchte Geb\u00e4udebereiche aufweist und Sie nach M\u00f6glichkeiten einer professionellen und vor allem wirksamen Sanierung Ausschau halten. Hervorragend, dass Sie unsere Homepage entdeckt haben. Nachfolgend d\u00fcrfen wir Ihnen einige Informationen zu unserem Leistungsangebot geben. Sie lernen auf dieser Website unsere Firma etwas n\u00e4her kennen. <\/p>\n<p>Die Firma TK-Geb\u00e4udetechnik Thorsten Keul ist ein qualifizierter und erfahrener Handwerksbetrieb mit Firmensitz in Brietlingen bei L\u00fcneburg. Seit vielen Jahren schon sind wir Ihr Spezialist f\u00fcr s\u00e4mtliche Fragen rund um Geb\u00e4udeabdichtung. Wir setzen ausschlie\u00dflich praxisbew\u00e4hrte und effektive Sanierungsmethoden und -systeme ein. Als Sanierungsfachbetrieb schauen wir auf eine lange und intensive Berufserfahrung zur\u00fcck. Unsere engagierten Spezialisten informieren Sie mit Vergn\u00fcgen im Detail.<\/p>","popseo_schlusstext":"<p>Sie ben\u00f6tigen einen Fachpartner f\u00fcr die sachgerechte Umsetzung der Innen- und Au\u00dfenabdichtung. Dann rufen Sie uns bitte rasch an. Wir freuen uns auf das Gespr\u00e4ch mit Ihnen. Wenn es um Sanierung geht, sind wir Ihr verl\u00e4sslicher Handwerkspartner. Wir versprechen Ihnen eine sachkundig durchgef\u00fchrte Arbeit nach dem immer derzeitigen Stand der Technik.<\/p>","popseo_stadttext":"<h3>Unsere Dienstleistungen auch f\u00fcr Kunden aus Winsen (Luhe)<\/h3>\n<p>Winsen (Luhe) ist eine Mittelstadt aus der Metropolregion Hamburg. Die Kreisstadt des Landkreises Harburg hat 32.000 Anwohner und streckt sich \u00fcber eine Gesamtfl\u00e4che von 109 km\u00b2. Winsen (Luhe) ist ideal gelegen. In die norddeutsche Metropole Hamburg sind es nur ca. 30 Kilometer, L\u00fcneburg erreicht man bereits nach zirka 20 Kilometern. Winsen (Luhe) besteht in der jetzigen Struktur seit dem Jahre 1972. Zur damaligen Zeit wurden 13 autonome Gemeinden zur Gesamtgemeinde Winsen (Luhe) zusammengefasst.  <\/p>\n<p>Durch unsere Vertriebst\u00e4tigkeit haben wir uns einen guten \u00dcberblick \u00fcber die Architektur der Gemeinden und St\u00e4dte unseres Einzugsbereiches machen k\u00f6nnen. Nat\u00fcrlich geh\u00f6rt auch Winsen (Luhe) zu unserem unmittelbaren Vertriebsgebiet. Wir freuen uns darauf, mit Ihnen in Kontakt zu kommen. <\/p>\n<h3>Gute Gr\u00fcnde sprechen f\u00fcr den Wohnort Winsen (Luhe)<\/h3>\n<p>Obwohl Winsen (Luhe) durchaus als eine Pendlerstadt gelten darf, ist das mittelstandsorientierte Wirtschaftsleben erstaunlich. Zahlreiche Betriebe u.a. aus den Bereichen Maschinenbau, Pharma, Logistik und Bauwesen haben sich in Winsen (Luhe) niedergelassen. Wer von den Einwohnern aus Winsen (Luhe) nicht in einem Unternehmen seiner Heimatgemeinde besch\u00e4ftigt ist, pendelt meistens in die Metropole Hamburg. Mit dem Wagen reist man \u00fcber die Bundesautobahn A39 nach Winsen (Luhe). Die Schnellstra\u00dfe ist mit der A1 und der A7 verbunden. Wer die Bundesbahn lieber mag, erreicht Winsen (Luhe) \u00fcber die Schienenverbindung Hannover-Hamburg. Auch bietet der Metronom eine viel genutzte Regionallinie an. <\/p>\n<h3>Wir kennen uns aus in Winsen (Luhe)<\/h3>\n<p>Menschen, die das etwas \u00fcberschaubarere Leben in einer kleinen Gemeinde dem L\u00e4rm einer Metropole den Vorzug geben, finden in Winsen (Luhe) hervorragende Bedingungen vor. Die Infrastruktur in Winsen (Luhe) haut hin! Sehr gute Shoppingm\u00f6glichkeiten, ein \u00fcppiges Sport- und Freizeitangebot sowie eine bet\u00f6rende Umgebung sind Pluspunkte, die Winsen (Luhe) auf der Habenseite eintragen kann. Auch Familien wertsch\u00e4tzen die Stadt: S\u00e4mtliche Schularten und eine ausreichende Zahl an Kindertagesst\u00e4tten stehen in Winsen (Luhe) bereit. <\/p>\n<h4>Wir f\u00fcr Sie in Winsen (Luhe)!<\/h4>\n<p>Toll, dass Sie uns hier auf dieser Website entdeckt haben. Wenn Sie ein Fachunternehmen suchen, sind Sie bei uns genau richtig. Sie m\u00f6chten mehr \u00fcber uns wissen? F\u00fcr R\u00fcckfragen stehen wir Ihnen jederzeit zur Verf\u00fcgung. Auf den Kontakt zu Ihnen freuen wir uns.<\/p>","popseo_zusatztext":"<h3>Hohe Kosten bei der Bauwerksabdichtung m\u00fcssen nicht sein<\/h3>\n<p>Sie interessieren sich f\u00fcr eine Kellertrockenlegung oder eine Sanierungsarbeit an Mauern bzw. W\u00e4nden und w\u00fcnschen sich ein individuelles Angebot, das eine handwerklich gute Arbeit garantiert, gleichzeitig aber die Kosten im Blick hat. Toll, dann sind Sie bei uns an der richtigen Adresse. Als Handwerksbetrieb f\u00fcr Schimmelbeseitigung, Geb\u00e4udeabdichtung und Kellersanierung verwenden wir ausnahmslos exzellente Materialien. Nichtsdestotrotz schauen wir stets auf die Kosten, die selbstverst\u00e4ndlich \u00fcberschaubar bleiben sollen. Wir m\u00f6chten Ihnen beste Qualit\u00e4t anbieten, die zugleich auch die Kosten im Blick beh\u00e4lt. Bei uns stimmen Kosten und Qualit\u00e4t: Schon seit etlichen Jahren sind wir Ihr qualifizierter Fachbetrieb f\u00fcr Sanierungs- und Trocknungsarbeiten in Norddeutschland. Unser Firmensitz befindet sich verkehrsg\u00fcnstig in Brietlingen bei L\u00fcndeburg. Die Kosten stets vor Augen: Wir stehen f\u00fcr eine einwandfrei durchgef\u00fchrte Arbeit nach dem jeweils aktuellsten Stand der Technik.<\/p>\n<h3>Die Kosten stets vor Augen<\/h3>\n<p>D\u00fcrfen wir Sie informieren, wie Sie die Kosten f\u00fcr eine Sanierung reduzieren? Super, dann z\u00f6gern Sie bitte nicht und nehmen am besten noch heute Verbindung mit uns auf. Ein kurzer Anruf oder auch eine kurze Email gen\u00fcgen. Die fachlich versierte Beratung ist genauso wichtig wie die sachgem\u00e4\u00dfe Umsetzung der eigentlichen Arbeiten. Unsere fachliche Beratung ist selbstverst\u00e4ndlich absolut unverbindlich. Qualit\u00e4tsbewusst bei \u00fcberschaubaren Kosten: Wir empfehlen uns als spezialisiertes Fachunternehmen im Norden. Unsere jahrelange Erfahrung spricht f\u00fcr uns.<br \/>\nSenken Sie die Kosten f\u00fcr Ihr Sanierungsprojekt: Vertrauen Sie den Spezialisten der Firma Keul.<\/p>","popseo_links":"<a href=\"https:\/\/bautenschutz-keul.de\/angebote\/schimmelsanierung-buchholz-in-der-nordheide\/\">Schimmelsanierung Buchholz in der Nordheide<\/a>, <a href=\"https:\/\/bautenschutz-keul.de\/angebote\/kellersanierung-brietlingen\/\">Kellersanierung Brietlingen<\/a>, <a href=\"https:\/\/bautenschutz-keul.de\/angebote\/kellerabdichtung-brietlingen\/\">Kellerabdichtung Brietlingen<\/a>, <a href=\"https:\/\/bautenschutz-keul.de\/angebote\/feuchte-wand-bergedorf-wentorf\/\">Feuchte Wand Bergedorf Wentorf<\/a>, <a href=\"https:\/\/bautenschutz-keul.de\/angebote\/salpeter-im-keller-buchholz-in-der-nordheide\/\">Salpeter im Keller Buchholz in der Nordheide<\/a>, <a href=\"https:\/\/bautenschutz-keul.de\/angebote\/salpeter-im-keller-stelle\/\">Salpeter im Keller Stelle<\/a>, <a href=\"https:\/\/bautenschutz-keul.de\/angebote\/kellersanierung-tostedt-sittensen\/\">Kellersanierung Tostedt Sittensen<\/a>, <a href=\"https:\/\/bautenschutz-keul.de\/angebote\/aufsteigende-feuchtigkeit-reppenstedt\/\">aufsteigende Feuchtigkeit Reppenstedt<\/a>, <a href=\"https:\/\/bautenschutz-keul.de\/angebote\/innenabdichtung-amelinghausen\/\">Innenabdichtung Amelinghausen<\/a>, <a href=\"https:\/\/bautenschutz-keul.de\/angebote\/kellerabdichtung-seevetal-rosengarten\/\">Kellerabdichtung Seevetal Rosengarten<\/a>, <a href=\"https:\/\/bautenschutz-keul.de\/angebote\/schimmel-brietlingen\/\">Schimmel Brietlingen<\/a>, <a href=\"https:\/\/bautenschutz-keul.de\/angebote\/feuchter-keller-stelle\/\">Feuchter Keller Stelle<\/a>, <a href=\"https:\/\/bautenschutz-keul.de\/angebote\/bauwerksabdichtung-buchholz-in-der-nordheide\/\">Bauwerksabdichtung Buchholz in der Nordheide<\/a>, <a href=\"https:\/\/bautenschutz-keul.de\/angebote\/kellertrockenlegung-herzogtum-lauenburg\/\">Kellertrockenlegung Herzogtum Lauenburg<\/a>, <a href=\"https:\/\/bautenschutz-keul.de\/angebote\/bauwerksabdichtung-bispingen\/\">Bauwerksabdichtung Bispingen<\/a>, <a href=\"https:\/\/bautenschutz-keul.de\/angebote\/innenabdichtung-bienenbuettel\/\">Innenabdichtung Bienenb\u00fcttel<\/a>, <a href=\"https:\/\/bautenschutz-keul.de\/angebote\/feuchtigkeit-bergedorf-wentorf\/\">Feuchtigkeit Bergedorf Wentorf<\/a>, <a href=\"https:\/\/bautenschutz-keul.de\/angebote\/feuchtigkeit-buchholz-in-der-nordheide\/\">Feuchtigkeit Buchholz in der Nordheide<\/a>, <a href=\"https:\/\/bautenschutz-keul.de\/angebote\/feuchte-mauer-stelle\/\">Feuchte Mauer Stelle<\/a>, <a href=\"https:\/\/bautenschutz-keul.de\/angebote\/aufsteigende-feuchtigkeit-tostedt-sittensen\/\">aufsteigende Feuchtigkeit Tostedt Sittensen<\/a>, <a href=\"https:\/\/bautenschutz-keul.de\/angebote\/schimmelbeseitigung-bispingen\/\">Schimmelbeseitigung Bispingen<\/a>, <a href=\"https:\/\/bautenschutz-keul.de\/angebote\/bauwerksabdichtung-lueneburg\/\">Bauwerksabdichtung L\u00fcneburg<\/a>, <a href=\"https:\/\/bautenschutz-keul.de\/angebote\/mauertrockenlegung-bienenbuettel\/\">Mauertrockenlegung Bienenb\u00fcttel<\/a>, <a href=\"https:\/\/bautenschutz-keul.de\/angebote\/mauertrockenlegung-seevetal-rosengarten\/\">Mauertrockenlegung Seevetal Rosengarten<\/a>, <a href=\"https:\/\/bautenschutz-keul.de\/angebote\/aussenabdichtung-geesthacht\/\">Au\u00dfenabdichtung Geesthacht<\/a>, <a href=\"https:\/\/bautenschutz-keul.de\/angebote\/bauwerksabdichtung-harburg\/\">Bauwerksabdichtung Harburg<\/a>, <a href=\"https:\/\/bautenschutz-keul.de\/angebote\/schimmel-bispingen\/\">Schimmel Bispingen<\/a>, <a href=\"https:\/\/bautenschutz-keul.de\/angebote\/rissverpressung-bispingen\/\">Rissverpressung Bispingen<\/a>"},"_links":{"self":[{"href":"https:\/\/bautenschutz-keul.de\/angebote\/wp-json\/wp\/v2\/pages\/327","targetHints":{"allow":["GET"]}}],"collection":[{"href":"https:\/\/bautenschutz-keul.de\/angebote\/wp-json\/wp\/v2\/pages"}],"about":[{"href":"https:\/\/bautenschutz-keul.de\/angebote\/wp-json\/wp\/v2\/types\/page"}],"author":[{"embeddable":true,"href":"https:\/\/bautenschutz-keul.de\/angebote\/wp-json\/wp\/v2\/users\/1"}],"replies":[{"embeddable":true,"href":"https:\/\/bautenschutz-keul.de\/angebote\/wp-json\/wp\/v2\/comments?post=327"}],"version-history":[{"count":0,"href":"https:\/\/bautenschutz-keul.de\/angebote\/wp-json\/wp\/v2\/pages\/327\/revisions"}],"wp:attachment":[{"href":"https:\/\/bautenschutz-keul.de\/angebote\/wp-json\/wp\/v2\/media?parent=327"}],"curies":[{"name":"wp","href":"https:\/\/api.w.org\/{rel}","templated":true}]}}