{"id":333,"date":"2021-09-13T08:43:56","date_gmt":"2021-09-13T06:43:56","guid":{"rendered":"https:\/\/bautenschutz-keul.de\/angebote\/innenabdichtung-bergedorf-wentorf\/"},"modified":"2021-09-13T08:43:56","modified_gmt":"2021-09-13T06:43:56","slug":"innenabdichtung-bergedorf-wentorf","status":"publish","type":"page","link":"https:\/\/bautenschutz-keul.de\/angebote\/innenabdichtung-bergedorf-wentorf\/","title":{"rendered":"Innenabdichtung &#8211; Bergedorf Wentorf"},"content":{"rendered":"<h3>Innenabdichtung: Kompetente Arbeit durch den Fachbetrieb!<\/h3>\n<p>Ein feuchter Keller kann die bauliche Beschaffenheit eines Bauwerkes folgenschwer beeintr\u00e4chtigen.<br \/>\nInsbesondere von au\u00dfen einsickernde N\u00e4sse ist ein Thema, dessen sich<br \/>\nImmobilienbesitzer unbedingt annehmen sollten. Sollte eine Au\u00dfenabdichtung baulich nicht m\u00f6glich sein, kann auch eine Innenabdichtung zum gew\u00fcnschten Ergebnis f\u00fchren. Dies ist beispielsweise dann der Fall, wenn Anbauten den Zugang zur Au\u00dfenmauer verhindern. Die Innenabdichtung ist au\u00dferdem eine verh\u00e4ltnism\u00e4\u00dfig kosteng\u00fcnstige Methode, da die Mauern nicht umst\u00e4ndlich freigestemmt werden m\u00fcssen. Vorbereitende Erdarbeiten entfallen vollst\u00e4ndig. Die Abdichtung hat den Zweck, die W\u00e4nde langfristig wasserundurchl\u00e4ssig zu machen. Mit der Innenabdichtung schaffen Sie die Voraussetzung, Ihr Geb\u00e4ude vor substanzbedrohenden Feuchtigkeitssch\u00e4den zu sch\u00fctzen. Allerdings muss bedacht werden, dass Feuchtigkeit weiterhin von au\u00dfen auf das Mauerwerk dr\u00fcckt. Die N\u00e4sse kann allerdings nicht mehr ins Geb\u00e4udeinnere dringen. <\/p>\n<p>Eine gro\u00dfe Anzahl von guten Baustoffen steht f\u00fcr die Innenabdichtung zum Gebrauch bereit. Je nach Anwendungsfall lassen sich f\u00fcr die Abdichtung zum Beispiel mineralische Dichtungsschl\u00e4mme verarbeiten. Das Setzen einer horizontalen oder vertikalen Feuchtigkeitssperre geh\u00f6rt zu den Grundarbeiten. Auf die abgedichtete Wand wird abschlie\u00dfend ein hochwertiger Sanierputz gestrichen. <\/p>\n<h3>Fragen Sie unseren Fachbetrieb in Sachen Innenabdichtung!<\/h3>\n<p>Um die geeigneten Baustoffe und Methoden auszuw\u00e4hlen sowie den Sanierungsaufwand zu definieren, ist eine Begutachtung unmittelbar am jeweiligen Wohn- oder Gesch\u00e4ftsgeb\u00e4ude unbedingt von N\u00f6ten. Nur nach einer fachlichen Analyse kann man die geeigneten Ma\u00dfnahmen f\u00fcr eine Innenabdichtung festlegen. Die Diagnose ist Angelegenheit f\u00fcr einen Fachmann. Nur der erfahrene Fachhandwerker Sanierungswege empfehlenswert sind.<\/p>\n","protected":false},"excerpt":{"rendered":"<p>Innenabdichtung: Kompetente Arbeit durch den Fachbetrieb! Ein feuchter Keller kann die bauliche Beschaffenheit eines Bauwerkes folgenschwer beeintr\u00e4chtigen. Insbesondere von au\u00dfen einsickernde N\u00e4sse ist ein Thema, dessen sich Immobilienbesitzer unbedingt annehmen sollten. Sollte eine Au\u00dfenabdichtung baulich nicht m\u00f6glich sein, kann auch eine Innenabdichtung zum gew\u00fcnschten Ergebnis f\u00fchren. Dies ist beispielsweise dann der Fall, wenn Anbauten den [&hellip;]<\/p>\n","protected":false},"author":1,"featured_media":0,"parent":0,"menu_order":0,"comment_status":"closed","ping_status":"closed","template":"","meta":{"footnotes":""},"class_list":["post-333","page","type-page","status-publish","hentry"],"meta_box":{"popseo_subtitel":"Die Firma TK-Geb\u00e4udetechnik Thorsten Keul ist Ihr Partner f\u00fcr eine Innenabdichtung im Raum Bergedorf Wentorf","popseo_subtitel2":"Innenabdichtung - wir beraten Sie individuell und fachkundig!","popseo_lasttitel":"Innenabdichtung: Gerne beantworten wir Ihre Fragen!","popseo_region":"Bergedorf Wentorf","popseo_sachwort":"Innenabdichtung","popseo_noupdate":"","popseo_einleitungstext":"<p>Sie haben sich mit der Bauwerksabdichtung besch\u00e4ftigt, da Ihr Haus feuchte Geb\u00e4udebereiche aufweist und Sie nach Methoden einer wirkungsvollen und professionellen Sanierung Ausschau halten. Ausgezeichnet, dass Sie unsere Website entdeckt haben. Nachfolgend d\u00fcrfen wir Ihnen n\u00e4here Informationen zu unserem Leistungsangebot geben. Sie lernen auf dieser Website unsere Firma etwas n\u00e4her kennen. <\/p>\n<p>Unser Unternehmen ist ein versierter und etablierter Fachbetrieb mit Gesch\u00e4ftsssitz in Brietlingen bei L\u00fcneburg. Bereits seit vielen Jahren sind wir Ihr Spezialist f\u00fcr alle Fragen rund um Geb\u00e4udeabdichtung. Wir setzen ausschlie\u00dflich effektive und praxisbew\u00e4hrte Sanierungssysteme und -methoden ein. Als Sanierungsfachbetrieb schauen wir auf eine lange und intensive Berufserfahrung zur\u00fcck. Unsere freundlichen Mitarbeiter informieren Sie mit Vergn\u00fcgen im Detail.<\/p>","popseo_schlusstext":"<p>Sie suchen einen Experten f\u00fcr die sachgerechte Umsetzung der Innen- und Au\u00dfenabdichtung. Dann rufen Sie uns bitte rasch an. Wir freuen uns auf Ihren Anruf oder Ihre E-Mail. Wenn es um Sanierung geht, sind wir Ihr kompetenter Handwerkspartner. Wir garantieren Ihnen eine fachkundig ausgef\u00fchrte Arbeit nach dem jeweils neuesten Stand der Technik.<\/p>","popseo_stadttext":"<h3>Unsere Handwerksleistung f\u00fcr Kunden aus Bergedorf und Wentorf<\/h3>\n<p>Durch unsere Vertriebst\u00e4tigkeit haben wir uns einen ausgezeichneten \u00dcberblick \u00fcber die Architektur der Gemeinden und St\u00e4dte unseres Einzugsbereiches erarbeiten k\u00f6nnen. Selbstverst\u00e4ndlich geh\u00f6ren auch Bergedorf und Wentorf zu unserem unmittelbaren Vertriebsgebiet. Wir freuen uns darauf, mit Ihnen ins Gespr\u00e4ch zu treten. <\/p>\n<h3>Einige Details \u00fcber Bergedorf und Wentorf:<h3>\n<p>Ehemals selbst\u00e4ndig geh\u00f6rt Bergedorf heute zur Freien und Hansestadt Hamburg. Der Stadtteil liegt im S\u00fcdosten der Hansestadt und grenzt an die schleswig-holsteinischen St\u00e4dte Wentorf und Reinbek. In Bergedorf wohnen circa 42.000 Einwohner auf einer Fl\u00e4che von 11 Quadratkilometern. Obwohl Bergedorf bereits seit dem 01. 01. 1938 keine Selbst\u00e4ndigkeit mehr besitzt, hat sich der Stadtteil nichtsdestotrotz eine gewisse Originalit\u00e4t bewahrt. Fast m\u00f6chte man sagen, Bergedorf w\u00e4re eine Art Stadt in der Stadt. Zum Verwaltungsbezirk Bergedorf z\u00e4hlen insgesamt 14 Ortsteile. Die gr\u00f6\u00dften Ortsteile sind: Allerm\u00f6he, Billwerder, Lohbr\u00fcgge, Moorfleet, Neuallerm\u00f6he, Altengamme, Curslack, Kirchwerder, Ochsenwerder und Neuengamme. H\u00e4ufig hinzu gerechnet wird auch Wentorf. Das ist jedoch nicht v\u00f6llig richtig, da Wentorf zum schleswig-holsteinischen Kreis Herzogtum Lauenburg z\u00e4hlt.  <\/p>\n<p>In Bergedorf zu leben bedeutet, die Annehmlichkeiten der Gro\u00dfstadt zu genie\u00dfen ohne im selben Moment auf kleinst\u00e4dtischen Charme zu verzichten. Die Wohnviertel von Bergedorf sind gepr\u00e4gt von Einzel- oder Mehrfamilienhausbebauung. Gr\u00f6\u00dfere Hochh\u00e4user entdeckt man in Bergedorf insbesondere in der N\u00e4he des Stadtzentrums. Die Infrastruktur kann sich sehen lassen: In der City von Bergedorf finden sich ausgezeichnete Einkaufsm\u00f6glichkeiten. <\/p>\n<h3>Wir kennen uns aus in Bergedorf und Wentorf<\/h3>\n<p>Ob in den Passagen oder in der Fu\u00dfg\u00e4ngerzone: In Bergedorf l\u00e4sst es sich tats\u00e4chlich herrlich bummeln. Und wer sp\u00e4ter Lust und Laune auf etwas Entspannung hat, macht Pause in einem der zahllosen gem\u00fctlichen Caf\u00e9s und Restaurants. Bergedorf ist an den Hamburger Verkehrsverbund angebunden. Mit der S-Bahnlinie S2 erreicht man den Hamburg Hauptbahnhof in ungef\u00e4hr 25 Minuten. Auch mit dem Auto kommt man rasch nach Bergedorf: \u00dcber die Bundesstra\u00dfen 5 und 207 kommt man auf direktem Wege in den Stadtteil. Die Bev\u00f6lkerung von Bergedorf genie\u00dft besonders den ausgewogenen Mix ihres Stadtteils. Eine wachsende Wirtschaft, die nahen Naturgebiete sowie die \u00fcberzeugenden Freizeit- und Kulturangebote machen Bergedorf zu einem Wohnort mit besonders hoher Lebensqualit\u00e4t.<\/p>\n<p>Auch Wentorf grenzt unmittelbar an Bergedorf, die \u00dcberg\u00e4nge sind nahezu flie\u00dfend. Als sch\u00f6nes Wohngebiet ist Wentorf speziell bei Berufspendlern beliebt. Eine ausgezeichnete Infrastruktur, die N\u00e4he zur Gro\u00dfstadt sowie eine ausgezeichnete Anbindung sprechen f\u00fcr Wentorf. <\/p>\n<h4>Hohe Qualit\u00e4t f\u00fcr Kunden aus Bergedorf und Wentorf<\/h4>\n<p>Wir finden es prima, dass Sie unsere Website entdeckt haben. Ob Bergedorf oder Wentorf: Privat- und Gesch\u00e4ftskunden profitieren von einem sehr guten Preis-Leistungs-Verh\u00e4ltnis. Sie m\u00f6chten mehr \u00fcber uns erfahren? F\u00fcr R\u00fcckfragen stehen wir Ihnen jederzeit zur Verf\u00fcgung. Auf den Kontakt zu Ihnen freuen wir uns.<\/p>","popseo_zusatztext":"<h3>Hochwertige Sanierung, faire Kosten!<\/h3>\n<p>Sie sind interessiert an Trocknungs- oder Sanierungsarbeiten und w\u00fcnschen sich ein individuelles Angebot, das eine handwerklich gute Arbeit garantiert, gleichzeitig aber keine hohen Kosten nach sich zieht. Prima, dann sind Sie bei uns genau richtig. Als Spezialist f\u00fcr Bauwerksabdichtung, Kellersanierung und Schimmelbeseitigung verwenden wir nur ausgezeichnete Materialien. Gleichwohl achten wir nat\u00fcrlich auf die Kosten, die selbstverst\u00e4ndlich \u00fcberschaubar bleiben sollen. Wir m\u00f6chten Ihnen beste Qualit\u00e4t bieten, die trotzdem auch die Kosten im Blick hat. Bei uns stimmen Kosten und Leistung: Seit vielen Jahren schon sind wir Ihr erfahrener Partner f\u00fcr Trocknungs- und Sanierungsarbeiten im norddeutschen Raum. Unser Standort befindet sich verkehrsg\u00fcnstig in Brietlingen bei L\u00fcndeburg. Die Kosten stets vor Augen: Wir stehen f\u00fcr eine fachkundig durchgef\u00fchrte Arbeit nach dem jeweils derzeitigen Stand der Technik.<\/p>\n<h3>Kosten vs. Leistung: Eine Sanierung rechnet sich!<\/h3>\n<p>D\u00fcrfen wir Sie informieren, wie Sie die Kosten f\u00fcr eine Sanierung begrenzen k\u00f6nnen? Klasse, dann warten Sie bitte nicht und nehmen am besten gleich heute Kontakt mit uns auf. Ein kurzer Telefonanruf oder eine kurze Email gen\u00fcgen. Eine fachm\u00e4nnische Beratung ist ebenso wichtig wie die fachgerechte Umsetzung der eigentlichen Arbeiten. Unsere Beratung ist selbstverst\u00e4ndlich absolut unverbindlich. Beste Qualit\u00e4t bei moderaten Kosten: Wir empfehlen uns als spezialisiertes Unternehmen in Norddeutschland. Unsere langj\u00e4hrige Erfahrung zeichnet uns aus.<br \/>\nVerringern Sie die Kosten f\u00fcr Ihre Geb\u00e4udesanierung: Setzen Sie auf die Profis der Fachfirma Keul.<\/p>","popseo_links":"<a href=\"https:\/\/bautenschutz-keul.de\/angebote\/schimmelsanierung-reppenstedt\/\">Schimmelsanierung Reppenstedt<\/a>, <a href=\"https:\/\/bautenschutz-keul.de\/angebote\/schimmelbeseitigung-reppenstedt\/\">Schimmelbeseitigung Reppenstedt<\/a>, <a href=\"https:\/\/bautenschutz-keul.de\/angebote\/mauertrockenlegung-buechen\/\">Mauertrockenlegung B\u00fcchen<\/a>, <a href=\"https:\/\/bautenschutz-keul.de\/angebote\/feuchtigkeit-harburg\/\">Feuchtigkeit Harburg<\/a>, <a href=\"https:\/\/bautenschutz-keul.de\/angebote\/aussenabdichtung-herzogtum-lauenburg\/\">Au\u00dfenabdichtung Herzogtum Lauenburg<\/a>, <a href=\"https:\/\/bautenschutz-keul.de\/angebote\/kellersanierung-tostedt-sittensen\/\">Kellersanierung Tostedt Sittensen<\/a>, <a href=\"https:\/\/bautenschutz-keul.de\/angebote\/feuchte-wand-jesteburg\/\">Feuchte Wand Jesteburg<\/a>, <a href=\"https:\/\/bautenschutz-keul.de\/angebote\/zerstoerter-putz-reinbek-aumuehle\/\">zerst\u00f6rter Putz Reinbek Aum\u00fchle<\/a>, <a href=\"https:\/\/bautenschutz-keul.de\/angebote\/feuchtigkeit-winsen-luhe\/\">Feuchtigkeit Winsen Luhe<\/a>, <a href=\"https:\/\/bautenschutz-keul.de\/angebote\/kellertrockenlegung-bergedorf-wentorf\/\">Kellertrockenlegung Bergedorf Wentorf<\/a>, <a href=\"https:\/\/bautenschutz-keul.de\/angebote\/feuchte-wand-bienenbuettel\/\">Feuchte Wand Bienenb\u00fcttel<\/a>, <a href=\"https:\/\/bautenschutz-keul.de\/angebote\/horizontalsperre-schwarzenbek\/\">Horizontalsperre Schwarzenbek<\/a>, <a href=\"https:\/\/bautenschutz-keul.de\/angebote\/feuchtigkeitsschaden-hanstedt\/\">Feuchtigkeitsschaden Hanstedt<\/a>, <a href=\"https:\/\/bautenschutz-keul.de\/angebote\/aufsteigende-feuchtigkeit-amt-neuhaus\/\">aufsteigende Feuchtigkeit Amt Neuhaus<\/a>, <a href=\"https:\/\/bautenschutz-keul.de\/angebote\/bauwerksabdichtung-hanstedt\/\">Bauwerksabdichtung Hanstedt<\/a>, <a href=\"https:\/\/bautenschutz-keul.de\/angebote\/feuchtigkeitsschaden-stelle\/\">Feuchtigkeitsschaden Stelle<\/a>, <a href=\"https:\/\/bautenschutz-keul.de\/angebote\/bauwerksabdichtung-schwarzenbek\/\">Bauwerksabdichtung Schwarzenbek<\/a>, <a href=\"https:\/\/bautenschutz-keul.de\/angebote\/schimmelsanierung-reinbek-aumuehle\/\">Schimmelsanierung Reinbek Aum\u00fchle<\/a>, <a href=\"https:\/\/bautenschutz-keul.de\/angebote\/kellerabdichtung-buchholz-in-der-nordheide\/\">Kellerabdichtung Buchholz in der Nordheide<\/a>, <a href=\"https:\/\/bautenschutz-keul.de\/angebote\/feuchter-keller-bispingen\/\">Feuchter Keller Bispingen<\/a>, <a href=\"https:\/\/bautenschutz-keul.de\/angebote\/schimmelsanierung-maschen\/\">Schimmelsanierung Maschen<\/a>, <a href=\"https:\/\/bautenschutz-keul.de\/angebote\/feuchter-keller-stelle\/\">Feuchter Keller Stelle<\/a>, <a href=\"https:\/\/bautenschutz-keul.de\/angebote\/aussenabdichtung-maschen\/\">Au\u00dfenabdichtung Maschen<\/a>, <a href=\"https:\/\/bautenschutz-keul.de\/angebote\/aufsteigende-feuchtigkeit-brietlingen\/\">aufsteigende Feuchtigkeit Brietlingen<\/a>, <a href=\"https:\/\/bautenschutz-keul.de\/angebote\/kellertrockenlegung-ebstorf\/\">Kellertrockenlegung Ebstorf<\/a>, <a href=\"https:\/\/bautenschutz-keul.de\/angebote\/feuchter-keller-reppenstedt\/\">Feuchter Keller Reppenstedt<\/a>, <a href=\"https:\/\/bautenschutz-keul.de\/angebote\/aufsteigende-feuchtigkeit-geesthacht\/\">aufsteigende Feuchtigkeit Geesthacht<\/a>, <a href=\"https:\/\/bautenschutz-keul.de\/angebote\/feuchter-keller-herzogtum-lauenburg\/\">Feuchter Keller Herzogtum Lauenburg<\/a>"},"_links":{"self":[{"href":"https:\/\/bautenschutz-keul.de\/angebote\/wp-json\/wp\/v2\/pages\/333","targetHints":{"allow":["GET"]}}],"collection":[{"href":"https:\/\/bautenschutz-keul.de\/angebote\/wp-json\/wp\/v2\/pages"}],"about":[{"href":"https:\/\/bautenschutz-keul.de\/angebote\/wp-json\/wp\/v2\/types\/page"}],"author":[{"embeddable":true,"href":"https:\/\/bautenschutz-keul.de\/angebote\/wp-json\/wp\/v2\/users\/1"}],"replies":[{"embeddable":true,"href":"https:\/\/bautenschutz-keul.de\/angebote\/wp-json\/wp\/v2\/comments?post=333"}],"version-history":[{"count":0,"href":"https:\/\/bautenschutz-keul.de\/angebote\/wp-json\/wp\/v2\/pages\/333\/revisions"}],"wp:attachment":[{"href":"https:\/\/bautenschutz-keul.de\/angebote\/wp-json\/wp\/v2\/media?parent=333"}],"curies":[{"name":"wp","href":"https:\/\/api.w.org\/{rel}","templated":true}]}}