{"id":335,"date":"2021-09-13T08:43:56","date_gmt":"2021-09-13T06:43:56","guid":{"rendered":"https:\/\/bautenschutz-keul.de\/angebote\/innenabdichtung-bispingen\/"},"modified":"2021-09-13T08:43:56","modified_gmt":"2021-09-13T06:43:56","slug":"innenabdichtung-bispingen","status":"publish","type":"page","link":"https:\/\/bautenschutz-keul.de\/angebote\/innenabdichtung-bispingen\/","title":{"rendered":"Innenabdichtung &#8211; Bispingen"},"content":{"rendered":"<h3>Innenabdichtung: Unsere Mitarbeiter stehen f\u00fcr Sie bereit!<\/h3>\n<p>Ein nasser Keller kann die bauliche Substanz eines Geb\u00e4udes ernstlich sch\u00e4digen.<br \/>\nInsbesondere von au\u00dfen eintretende Feuchtigkeit ist ein Problem, welchem sich<br \/>\nHausbesitzer auf jeden Fall annehmen sollten. Sollte eine Abdichtung von au\u00dfen aus baulichen Gr\u00fcnden nicht m\u00f6glich sein, kann auch eine Innenabdichtung vorgenommen werden. Dies ist beispielsweise dann der Fall, wenn Anbauten den Zugang zur Au\u00dfenmauer verhindern. Die Innenabdichtung ist dar\u00fcber hinaus eine verh\u00e4ltnism\u00e4\u00dfig g\u00fcnstige Methode, da die Mauern nicht erst freigelegt werden m\u00fcssen. Erdarbeiten entfallen vollst\u00e4ndig. Die Abdichtung verfolgt den Zweck, die Mauern langfristig wasserdicht zu machen. Mit der Innenabdichtung schaffen Sie die Basis, Ihre Immobilie vor substanzbedrohenden N\u00e4ssesch\u00e4den zu bewahren. Jedoch muss darauf hingewiesen werden, dass Feuchtigkeit weiterhin von au\u00dfen auf das Mauerwerk dr\u00fcckt. Die N\u00e4sse kann aber nicht mehr ins Geb\u00e4udeinnere dringen. <\/p>\n<p>Eine Vielzahl von hochwertigen Baustoffen steht f\u00fcr die Innenabdichtung zum Gebrauch bereit. Je nach Anwendungsfall lassen sich f\u00fcr die Abdichtung zum Beispiel mineralische Dichtungsschl\u00e4mme verarbeiten. Das Setzen einer horizontalen oder vertikalen Feuchtigkeitssperre geh\u00f6rt zu den Grundarbeiten. Auf die abgedichtete Wand wird abschlie\u00dfend ein qualitativ hochwertiger Sanierputz gestrichen. <\/p>\n<h3>Innenabdichtung: Unser Unternehmen k\u00fcmmert sich darum!<\/h3>\n<p>Um die geeigneten Baustoffe und Methoden auszuw\u00e4hlen sowie den Sanierungsaufwand zu definieren, ist eine Begutachtung direkt am jeweiligen Geb\u00e4ude zwingend notwendig. Nur nach einer fachlichen Analyse kann man die geeigneten Ma\u00dfnahmen f\u00fcr eine Innenabdichtung festlegen. Die Diagnose ist Aufgabe f\u00fcr einen Spezialisten. Nur der erfahrene Fachhandwerker Sanierungswege ratsam sind.<\/p>\n","protected":false},"excerpt":{"rendered":"<p>Innenabdichtung: Unsere Mitarbeiter stehen f\u00fcr Sie bereit! Ein nasser Keller kann die bauliche Substanz eines Geb\u00e4udes ernstlich sch\u00e4digen. Insbesondere von au\u00dfen eintretende Feuchtigkeit ist ein Problem, welchem sich Hausbesitzer auf jeden Fall annehmen sollten. Sollte eine Abdichtung von au\u00dfen aus baulichen Gr\u00fcnden nicht m\u00f6glich sein, kann auch eine Innenabdichtung vorgenommen werden. Dies ist beispielsweise dann [&hellip;]<\/p>\n","protected":false},"author":1,"featured_media":0,"parent":0,"menu_order":0,"comment_status":"closed","ping_status":"closed","template":"","meta":{"footnotes":""},"class_list":["post-335","page","type-page","status-publish","hentry"],"meta_box":{"popseo_subtitel":"Wir sind Ihr erfahrener Fachbetrieb f\u00fcr eine Innenabdichtung im Raum Bispingen","popseo_subtitel2":"Innenabdichtung - wir beraten Sie gerne!","popseo_lasttitel":"Innenabdichtung: Gerne beantworten wir Ihre Fragen!","popseo_region":"Bispingen","popseo_sachwort":"Innenabdichtung","popseo_noupdate":"","popseo_einleitungstext":"<p>Sie haben sich mit der Bauwerksabdichtung besch\u00e4ftigt, weil Ihre Immobilie feuchte Geb\u00e4udeteile aufweist und Sie nach Methoden einer wirkungsvollen und professionellen Sanierung Ausschau halten. Gut, dass Sie unseren Internetauftritt entdeckt haben. Auf den folgenden Seiten m\u00f6chten wir Ihnen n\u00e4here Informationen zu unserem Leistungsangebot geben. Sie lernen auf dieser Internetseite unsere Firma n\u00e4her kennen. <\/p>\n<p>Unser Unternehmen ist ein spezialisierter und etablierter Handwerksbetrieb mit Firmensitz in Brietlingen bei L\u00fcneburg. Bereits seit vielen Jahren sind wir Ihre Experten f\u00fcr alle Fragen rund um die Bauwerksabdichtung. Wir setzen ausschlie\u00dflich effektive und praxisbew\u00e4hrte Sanierungsmethoden und -systeme ein. Als Fachbetrieb f\u00fcr Abdichtung und Sanierung blicken wir auf eine lange und intensive Berufserfahrung zur\u00fcck. Unsere engagierten Fachleute informieren Sie sehr gerne im Detail.<\/p>","popseo_schlusstext":"<p>Wenn Sie mehr wissen m\u00f6chten, informieren wir Sie n\u00e4her \u00fcber unser Themengebiet. Wir nennen Ihnen mit Vergn\u00fcgen auch ein paar Projekte, die Ihnen einen Einblick in unsere Unternehmenst\u00e4tigkeit geben.<br \/>\nSetzen Sie auf die Expertise eines erfahrenen Fachbetriebes. Rufen Sie uns doch einfach einmal an oder schicken Sie uns eine kurze E-Mail. Wir freuen uns auf Sie.<\/p>","popseo_stadttext":"<h3>Zu Ihren Diensten in Bispingen<\/h3>\n<p>Bispingen ist eine Einheitsgemeinde im Zentrum der L\u00fcneburger Heide. Juristisch z\u00e4hlt die Gemeinde zum Kreis Heidekreis. Bispingen hat etwas weniger als 6.000 Einwohner und streckt sich \u00fcber eine Gesamtfl\u00e4che von zirka 128 Quadratkilometer. Man erreicht man den Ort mit dem Auto \u00fcber die Bundesautobahn BAB 7. Unmittelbar an der Ausfahrt 43 erkennt man schon von Weitem dem Snowdome Bispingen, eine Skihalle, die sich seit 2006 gr\u00f6\u00dfter Beliebtheit erfreut<\/p>\n<p>Durch unsere Vertriebst\u00e4tigkeit haben wir uns einen guten \u00dcberblick \u00fcber die Architektur der St\u00e4dte und Gemeinden unseres Einzugsbereiches machen k\u00f6nnen. Sie kommen aus Bispingen und sind hier im Internet auf unsere Homepage gesto\u00dfen? Das finden wir toll. Gerne pr\u00e4sentieren wir Ihnen unser komplettes Leistungsspektrum und beantworten Ihre Fragen. Wir freuen uns darauf, mit Ihnen ins Gespr\u00e4ch zu treten. <\/p>\n<h3>Einige interessante Informationen \u00fcber Bispingen<\/h3>\n<p>Durch die die Gemeinde umgebende Heideregion und den Snow Dome ist die attraktive Gemeinde touristisch von hohem Interesse. Neben einem gesunden Mix von verschiedenen Einzelhandelsgesch\u00e4ften, finden sich dar\u00fcber hinaus sehr viele Hotels, Pensionen und Gastronomiebetriebe im Gemeindezentrum.  Bispingen ist ansonsten ein sehr familiengerechter Ort und bietet den Einwohnern ein besonders attaktives Umfeld zum Leben und Arbeiten. Die Gemeinde Bispingen hat eine funktionierende Infrastruktur und sehr gut ausgebaute Wohnquartiere. Die Einzelhausbebauung \u00fcberwiegt. Gr\u00f6\u00dfere Wohnblocks gibt es in Bispingen nicht.<\/p>\n<h4>Wir f\u00fcr Sie in Bispingen!<\/h4>\n<p>Sie leben in Bispingen oder Umgebung und interessieren sich f\u00fcr unser Leistungsangebot. Prima, dass Sie diese Website gefunden haben. F\u00fcr R\u00fcckfragen stehen wir Ihnen jederzeit zur Verf\u00fcgung. Unser engagiertes Team freut sich auf Sie.<\/p>","popseo_zusatztext":"<h3>Perfekte Sanierungsarbeiten zu geringen Kosten<\/h3>\n<p>Sie sind interessiert an Trocknungs- oder Sanierungsarbeiten und m\u00f6chten gerne ein passendes Angebot, das eine qualitativ gute Arbeit garantiert, gleichwohl keine hohen Kosten verursacht. Klasse, dann sind Sie bei uns genau richtig. Als Handwerksbetrieb f\u00fcr Bauwerksabdichtung, Schimmelbeseitigung und Kellersanierung verarbeiten wir nur hochwertige Materialien. Trotzdem achten wir immer auf die Kosten, die selbstverst\u00e4ndlich \u00fcberschaubar bleiben sollen. Wir m\u00f6chten Ihnen beste Qualit\u00e4t bieten, die trotzdem auch die Kosten im Blick hat. Bei uns stimmen Kosten und Leistung: Bereits seit vielen Jahren sind wir Ihr erfahrener Fachbetrieb f\u00fcr Trocknungs- und Sanierungsarbeiten im norddeutschen Raum. Unser Standort befindet sich verkehrsg\u00fcnstig in Brietlingen bei L\u00fcndeburg. Die Kosten stets vor Augen: Wir garantieren eine fachm\u00e4nnisch durchgef\u00fchrte Arbeit nach dem stets derzeitigen Stand der Technik.<\/p>\n<h3>Kosten vs. Leistung: Eine Sanierung rechnet sich!<\/h3>\n<p>D\u00fcrfen wir Sie beraten, wie Sie die Kosten f\u00fcr eine Sanierung begrenzen k\u00f6nnen? Toll, dann warten Sie bitte nicht und nehmen am besten gleich heute Verbindung mit uns auf. Ein kurzer Anruf oder auch eine kurze eMail gen\u00fcgen. Die gute Beratung ist gleicherma\u00dfen wichtig wie die perfekte Ausf\u00fchrung der entsprechenden T\u00e4tigkeiten. Unsere fachliche Beratung ist selbstverst\u00e4ndlich v\u00f6llig unverbindlich. Beste Qualit\u00e4t bei \u00fcberschaubaren Kosten: Wir empfehlen uns als spezialisiertes Fachunternehmen im Norden. Unsere gro\u00dfe Erfahrung spricht f\u00fcr uns.<br \/>\nSenken Sie die Kosten f\u00fcr Ihr Sanierungsprojekt: Vertrauen Sie den Spezialisten der Firma Keul.<\/p>","popseo_links":"<a href=\"https:\/\/bautenschutz-keul.de\/angebote\/bauwerksabdichtung-boizenburg\/\">Bauwerksabdichtung Boizenburg<\/a>, <a href=\"https:\/\/bautenschutz-keul.de\/angebote\/kellersanierung-buechen\/\">Kellersanierung B\u00fcchen<\/a>, <a href=\"https:\/\/bautenschutz-keul.de\/angebote\/feuchtigkeitsschaden-brietlingen\/\">Feuchtigkeitsschaden Brietlingen<\/a>, <a href=\"https:\/\/bautenschutz-keul.de\/angebote\/kellersanierung-bienenbuettel\/\">Kellersanierung Bienenb\u00fcttel<\/a>, <a href=\"https:\/\/bautenschutz-keul.de\/angebote\/schimmel-salzhausen\/\">Schimmel Salzhausen<\/a>, <a href=\"https:\/\/bautenschutz-keul.de\/angebote\/aussenabdichtung-herzogtum-lauenburg\/\">Au\u00dfenabdichtung Herzogtum Lauenburg<\/a>, <a href=\"https:\/\/bautenschutz-keul.de\/angebote\/aussenabdichtung-schwarzenbek\/\">Au\u00dfenabdichtung Schwarzenbek<\/a>, <a href=\"https:\/\/bautenschutz-keul.de\/angebote\/schimmelbeseitigung-lueneburg\/\">Schimmelbeseitigung L\u00fcneburg<\/a>, <a href=\"https:\/\/bautenschutz-keul.de\/angebote\/kellerabdichtung-bergedorf-wentorf\/\">Kellerabdichtung Bergedorf Wentorf<\/a>, <a href=\"https:\/\/bautenschutz-keul.de\/angebote\/mauertrockenlegung-geesthacht\/\">Mauertrockenlegung Geesthacht<\/a>, <a href=\"https:\/\/bautenschutz-keul.de\/angebote\/schimmel-adendorf\/\">Schimmel Adendorf<\/a>, <a href=\"https:\/\/bautenschutz-keul.de\/angebote\/aufsteigende-feuchtigkeit-seevetal-rosengarten\/\">aufsteigende Feuchtigkeit Seevetal Rosengarten<\/a>, <a href=\"https:\/\/bautenschutz-keul.de\/angebote\/schimmelsanierung-maschen\/\">Schimmelsanierung Maschen<\/a>, <a href=\"https:\/\/bautenschutz-keul.de\/angebote\/aufsteigende-feuchtigkeit-bergedorf-wentorf\/\">aufsteigende Feuchtigkeit Bergedorf Wentorf<\/a>, <a href=\"https:\/\/bautenschutz-keul.de\/angebote\/aufsteigende-feuchtigkeit-uelzen\/\">aufsteigende Feuchtigkeit Uelzen<\/a>, <a href=\"https:\/\/bautenschutz-keul.de\/angebote\/aufsteigende-feuchtigkeit-bienenbuettel\/\">aufsteigende Feuchtigkeit Bienenb\u00fcttel<\/a>, <a href=\"https:\/\/bautenschutz-keul.de\/angebote\/bauwerksabdichtung-reppenstedt\/\">Bauwerksabdichtung Reppenstedt<\/a>, <a href=\"https:\/\/bautenschutz-keul.de\/angebote\/kellersanierung-geesthacht\/\">Kellersanierung Geesthacht<\/a>, <a href=\"https:\/\/bautenschutz-keul.de\/angebote\/schimmelsanierung-lueneburg\/\">Schimmelsanierung L\u00fcneburg<\/a>, <a href=\"https:\/\/bautenschutz-keul.de\/angebote\/kellersanierung-glinde-sachsenwald\/\">Kellersanierung Glinde Sachsenwald<\/a>, <a href=\"https:\/\/bautenschutz-keul.de\/angebote\/schimmelbeseitigung-winsen-luhe\/\">Schimmelbeseitigung Winsen Luhe<\/a>, <a href=\"https:\/\/bautenschutz-keul.de\/angebote\/feuchtigkeit-ebstorf\/\">Feuchtigkeit Ebstorf<\/a>, <a href=\"https:\/\/bautenschutz-keul.de\/angebote\/schimmelbeseitigung-geesthacht\/\">Schimmelbeseitigung Geesthacht<\/a>, <a href=\"https:\/\/bautenschutz-keul.de\/angebote\/horizontalsperre-ebstorf\/\">Horizontalsperre Ebstorf<\/a>, <a href=\"https:\/\/bautenschutz-keul.de\/angebote\/schimmelbeseitigung-herzogtum-lauenburg\/\">Schimmelbeseitigung Herzogtum Lauenburg<\/a>, <a href=\"https:\/\/bautenschutz-keul.de\/angebote\/schimmel-lueneburg\/\">Schimmel L\u00fcneburg<\/a>, <a href=\"https:\/\/bautenschutz-keul.de\/angebote\/kellersanierung-stelle\/\">Kellersanierung Stelle<\/a>, <a href=\"https:\/\/bautenschutz-keul.de\/angebote\/schimmelsanierung-bienenbuettel\/\">Schimmelsanierung Bienenb\u00fcttel<\/a>"},"_links":{"self":[{"href":"https:\/\/bautenschutz-keul.de\/angebote\/wp-json\/wp\/v2\/pages\/335","targetHints":{"allow":["GET"]}}],"collection":[{"href":"https:\/\/bautenschutz-keul.de\/angebote\/wp-json\/wp\/v2\/pages"}],"about":[{"href":"https:\/\/bautenschutz-keul.de\/angebote\/wp-json\/wp\/v2\/types\/page"}],"author":[{"embeddable":true,"href":"https:\/\/bautenschutz-keul.de\/angebote\/wp-json\/wp\/v2\/users\/1"}],"replies":[{"embeddable":true,"href":"https:\/\/bautenschutz-keul.de\/angebote\/wp-json\/wp\/v2\/comments?post=335"}],"version-history":[{"count":0,"href":"https:\/\/bautenschutz-keul.de\/angebote\/wp-json\/wp\/v2\/pages\/335\/revisions"}],"wp:attachment":[{"href":"https:\/\/bautenschutz-keul.de\/angebote\/wp-json\/wp\/v2\/media?parent=335"}],"curies":[{"name":"wp","href":"https:\/\/api.w.org\/{rel}","templated":true}]}}