{"id":336,"date":"2021-09-13T08:43:56","date_gmt":"2021-09-13T06:43:56","guid":{"rendered":"https:\/\/bautenschutz-keul.de\/angebote\/innenabdichtung-boizenburg\/"},"modified":"2021-09-13T08:43:56","modified_gmt":"2021-09-13T06:43:56","slug":"innenabdichtung-boizenburg","status":"publish","type":"page","link":"https:\/\/bautenschutz-keul.de\/angebote\/innenabdichtung-boizenburg\/","title":{"rendered":"Innenabdichtung &#8211; Boizenburg"},"content":{"rendered":"<h3>Innenabdichtung: Unsere Mitarbeiter stehen f\u00fcr Sie bereit!<\/h3>\n<p>Ein nasser Keller kann die bauliche Substanz eines Hauses folgenschwer sch\u00e4digen.<br \/>\nBesonders von au\u00dfen eintretende Feuchtigkeit ist ein Problem, welchem sich<br \/>\nHauseigent\u00fcmer dringend annehmen sollten. Sollte eine Abdichtung von au\u00dfen aus baulichen Gr\u00fcnden nicht m\u00f6glich sein, kann auch eine Innenabdichtung vorgenommen werden. Dies ist beispielsweise dann der Fall, wenn Anbauten den Zugang zur Au\u00dfenmauer verhindern. Die Innenabdichtung ist dar\u00fcber hinaus eine relativ kosteng\u00fcnstige Methode, da die Au\u00dfenw\u00e4nde nicht umst\u00e4ndlich freigestemmt werden m\u00fcssen. Erdarbeiten entfallen vollst\u00e4ndig. Die Abdichtung verfolgt den Zweck, die W\u00e4nde auf Dauer wasserundurchl\u00e4ssig zu machen. Mit der Innenabdichtung schaffen Sie die Basis, Ihr Geb\u00e4ude vor substanzgef\u00e4hrdenden Feuchtigkeitssch\u00e4den zu sch\u00fctzen. Allerdings muss bedacht werden, dass Feuchtigkeit weiterhin von au\u00dfen auf das Mauerwerk dr\u00fcckt. Die N\u00e4sse kann allerdings nicht mehr ins Geb\u00e4udeinnere dringen. <\/p>\n<p>Eine gro\u00dfe Anzahl von qualitativen Baustoffen steht f\u00fcr die Innenabdichtung zur Verf\u00fcgung. Je nach Aufgabenstellung lassen sich f\u00fcr die Abdichtung beispielsweise mineralische Dichtungsschl\u00e4mme verarbeiten. Das Setzen einer vertikalen oder horizontalen Feuchtigkeitssperre geh\u00f6rt zu den Grundarbeiten. Auf die abgedichtete Wand wird abschlie\u00dfend ein hochwertiger Sanierputz gestrichen. <\/p>\n<h3>Innenabdichtung: Wir sanieren kompetent und schnell!<\/h3>\n<p>Um die geeigneten Baustoffe und Methoden auszuw\u00e4hlen sowie den Sanierungsaufwand zu beurteilen, ist eine Sichtung direkt am betroffenen Wohn- oder Gesch\u00e4ftsgeb\u00e4ude unbedingt von N\u00f6ten. Nur nach einer genauen Analyse kann man die notwendigen Mittel f\u00fcr eine Innenabdichtung festlegen. Die Diagnose ist Arbeit f\u00fcr einen Fachmann. Nur der erfahrene Fachhandwerker Sanierungswege empfehlenswert sind.<\/p>\n","protected":false},"excerpt":{"rendered":"<p>Innenabdichtung: Unsere Mitarbeiter stehen f\u00fcr Sie bereit! Ein nasser Keller kann die bauliche Substanz eines Hauses folgenschwer sch\u00e4digen. Besonders von au\u00dfen eintretende Feuchtigkeit ist ein Problem, welchem sich Hauseigent\u00fcmer dringend annehmen sollten. Sollte eine Abdichtung von au\u00dfen aus baulichen Gr\u00fcnden nicht m\u00f6glich sein, kann auch eine Innenabdichtung vorgenommen werden. Dies ist beispielsweise dann der Fall, [&hellip;]<\/p>\n","protected":false},"author":1,"featured_media":0,"parent":0,"menu_order":0,"comment_status":"closed","ping_status":"closed","template":"","meta":{"footnotes":""},"class_list":["post-336","page","type-page","status-publish","hentry"],"meta_box":{"popseo_subtitel":"Die Firma TK-Geb\u00e4udetechnik Thorsten Keul ist Ihr erfahrener Experte f\u00fcr eine Innenabdichtung in Boizenburg","popseo_subtitel2":"Innenabdichtung - wir beraten Sie gerne!","popseo_lasttitel":"Innenabdichtung: Unsere Experten beantworten Ihre Fragen","popseo_region":"Boizenburg","popseo_sachwort":"Innenabdichtung","popseo_noupdate":"","popseo_einleitungstext":"<p>Sie haben sich mit der Bauwerksabdichtung auseinandergesetzt, da Ihre Immobilie feuchte Geb\u00e4udebereiche aufweist und Sie nach M\u00f6glichkeiten einer professionellen und vor allem wirksamen Sanierung Ausschau halten. Prima, dass Sie unsere Website gefunden haben. Nachfolgend d\u00fcrfen wir Ihnen einige Informationen zu unserem Leistungsspektrum geben. Sie lernen auf dieser Website unsere Firma n\u00e4her kennen. <\/p>\n<p>Unser Unternehmen ist ein versierter und erfahrener Handwerksbetrieb mit Gesch\u00e4ftsssitz in Brietlingen bei L\u00fcneburg. Bereits seit vielen Jahren sind wir Ihr Fachpartner f\u00fcr alle Fragen rund um Geb\u00e4udeabdichtung. Wir setzen ausschlie\u00dflich praxisbew\u00e4hrte und effektive Sanierungsmethoden und -systeme ein. Als Fachbetrieb f\u00fcr Abdichtung und Sanierung blicken wir auf eine lange und intensive Berufserfahrung zur\u00fcck. Unsere engagierten Fachleute informieren Sie gerne im Detail.<\/p>","popseo_schlusstext":"<p>Sie haben eine Frage zu unserem Leistungskatalog? Auf Wunsch informieren wir Sie n\u00e4her \u00fcber unser gesamtes T\u00e4tigkeitsspektrum. Mit Vergn\u00fcgen zeigen wir Ihnen einige Projekte, die Ihnen einen Einblick in unsere T\u00e4tigkeit geben. Rufen Sie uns doch einfach einmal an oder schreiben Sie uns eine E-Mail. Unser freundliches Team arbeitet fachkundig und immer kundenorientiert. Unsere Servicenummer: <\/p>\n<p>04133 \u2013 22 37 940<\/p>","popseo_stadttext":"<h3>Zu Ihren Diensten in Boizenburg<\/h3>\n<p>Unser Gesch\u00e4ftsbereich umfasst auch Boizenburg. Durch unsere T\u00e4tigkeit haben wir uns einen sehr guten \u00dcberblick \u00fcber die Architektur der Gemeinden und St\u00e4dte unseres Vertriebsgebietes machen k\u00f6nnen. Wir f\u00fchlen uns der Region verpflichtet und freuen uns dar\u00fcber, auch unseren Teil zur gesunden Infrastruktur der Stadt Boizenburg beisteuern zu k\u00f6nnen.  <\/p>\n<h3>Ein paar Fakten \u00fcber Boizenburg<\/h3>\n<p>Die Stadt Boizenburg befindet sich im Landkreis Ludwigslust-Parchim in Mecklenburg-Vorpommern. In Boizenburg leben etwa 10.000 Einwohner auf einer Fl\u00e4che von 47 qkm. Der Name Boizenburg leitet sich ab vom Fluss Boitze. Dieser flie\u00dft direkt durch das Stadtgebiet. Etwas bekannter d\u00fcrfte allerdings sein, dass Boizenburg an der Elbe liegt. Boizenburg gliedert sich in insgesamt f\u00fcnf Stadtteile. Dies sind Bahlen, Gehrum, Bahlenburg, Heide und Gothmann. <\/p>\n<p>Boizenburg ist eine vergleichsweise alte Ortschaft. Das erste Mal erw\u00e4hnt wurde der Ort bereits im Jahre 1171. W\u00e4hrend der DDR-Diktatur war Boizenburg ziemlich abgeschieden. Die damalige Deutsch-Deutsche-Grenze lief direkt entlang des Stadtareals von Boizenburg. Seinerzeit war Boizenburg Sperrgebiet. Einwohner und G\u00e4ste der Stadt ben\u00f6tigten zu dieser Zeit einen extra Durchgangsschein. Eine Schm\u00e4lerung der pers\u00f6nlichen Freiheit, die heute gl\u00fccklicherweise gar nicht mehr vorstellbar ist. <\/p>\n<h3>Boizenburg - Kleinstadt mit Herz<\/h3>\n<p>Nach der Vereinigung der zwei deutschen Staaten bl\u00fchte Boizenburg massiv auf. Der alte Stadtkern wurde saniert. Auch der kleine Elbhafen wurde umfangreich neu gestaltet. Aktuell ist Boizenburg eine h\u00fcbsch gelegene Kleinstadt, die ihren Einwohnern ein sehr gutes Umfeld bietet. Die Innenstadt von Boizenburg wird von einer mittelalterlichen Wallanlage dominiert. Zahllose Fachwerkbauten runden das Stadtbild ab. Besonders ins Auge fallend ist auch das Rathaus Boizenburg - das sch\u00f6ne Fachwerkhaus wurde 1711 erbaut. Des Weiteren pr\u00e4gt besonders die St. Marien Kirche das Profil der mecklenburgischen Ortschaft.<\/p>\n<p>Die Wirtschaft von Boizenburg ist gepr\u00e4gt von mittelst\u00e4ndischen Firmen. Reichlich 50 Hektar Gewerbefl\u00e4che steht in Boizenburg bereit. Eine weitere Ausdehnung ist in Planung. F\u00fcr junge Familien ist Boizenburg als Wohnort von Interesse. Das Kultur- und Sportangebot wirbt durch seine Vielgestaltigkeit. Schulische Einrichtungen jeglicher Coleur sowie Kindertagesst\u00e4tten sind in gen\u00fcgender Zahl vorhanden.  <\/p>\n<h4>Privat- und Gesch\u00e4ftskunden aus Boizenburg sch\u00e4tzen unsere Leistungen!<\/h4>\n<p>Prima, dass Sie uns hier auf dieser Website entdeckt haben. Wenn Sie eine erfahrene Fachfirma suchen, sind Sie bei uns an der richtigen Adresse. Sie m\u00f6chten mehr \u00fcber uns erfahren? F\u00fcr R\u00fcckfragen stehen wir Ihnen jederzeit zur Verf\u00fcgung. Unser freundliches Team freut sich auf Sie.<\/p>","popseo_zusatztext":"<h3>Wir haben die Kosten im Blick<\/h3>\n<p>Sie haben Interesse an Trocknungs- oder Sanierungsarbeiten und w\u00fcnschen sich ein entsprechendes Angebot, das eine handwerklich gute Arbeit garantiert, gleichwohl keine hohen Kosten verursacht. Toll, dann sind Sie bei uns genau richtig. Als Handwerksbetrieb f\u00fcr Kellersanierung, Schimmelbeseitigung und Geb\u00e4udeabdichtung verarbeiten wir ausnahmslos exzellente Materialien. Trotzdem achten wir immer auf die Kosten, die nat\u00fcrlich nicht zu hoch sein sollen. Wir m\u00f6chten Ihnen beste Qualit\u00e4t bieten, die gleichzeitig auch die Kosten im Blick hat. Bei uns stimmen Kosten und Leistung: Bereits seit vielen Jahren sind wir Ihr erfahrener Partner f\u00fcr Sanierungs- und Trocknungsarbeiten im norddeutschen Raum. Unser Unternehmenssitz liegt verkehrsg\u00fcnstig in Brietlingen bei L\u00fcndeburg. Die Kosten stets im Blick: Wir bieten Ihnen eine fachkundig ausgef\u00fchrte Sanierungsarbeit nach dem jeweils aktuellsten Stand der Technik.<\/p>\n<h3>Trocknung und Sanierung durch die Firma Wist: Beste Arbeit, geringe Kosten!<\/h3>\n<p>D\u00fcrfen wir Sie informieren, wie Sie die Kosten f\u00fcr eine Sanierung reduzieren? Prima, dann warten Sie bitte nicht und nehmen am besten noch heute Verbindung mit uns auf. Ein kurzer Telefonanruf oder eine kurze eMail gen\u00fcgen. Die gute und umfangreiche Beratung ist ebenso wichtig wie die sachgem\u00e4\u00dfe Ausf\u00fchrung der entprechenden Arbeiten. Unsere fachliche Beratung ist nat\u00fcrlich absolut unverbindlich. Beste Qualit\u00e4t bei \u00fcberschaubaren Kosten: Wir empfehlen uns als spezialisiertes Fachunternehmen in Norddeutschland. Unsere langj\u00e4hrige Erfahrung zeichnet uns aus.<br \/>\nSenken Sie die Kosten f\u00fcr Ihre Geb\u00e4udesanierung: Setzen Sie auf die Profis der Fachfirma Keul.<\/p>","popseo_links":"<a href=\"https:\/\/bautenschutz-keul.de\/angebote\/kellertrockenlegung-glinde-sachsenwald\/\">Kellertrockenlegung Glinde Sachsenwald<\/a>, <a href=\"https:\/\/bautenschutz-keul.de\/angebote\/feuchtigkeit-seevetal-rosengarten\/\">Feuchtigkeit Seevetal Rosengarten<\/a>, <a href=\"https:\/\/bautenschutz-keul.de\/angebote\/rissverpressung-winsen-luhe\/\">Rissverpressung Winsen Luhe<\/a>, <a href=\"https:\/\/bautenschutz-keul.de\/angebote\/feuchtigkeit-reinbek-aumuehle\/\">Feuchtigkeit Reinbek Aum\u00fchle<\/a>, <a href=\"https:\/\/bautenschutz-keul.de\/angebote\/schimmel-bergedorf-wentorf\/\">Schimmel Bergedorf Wentorf<\/a>, <a href=\"https:\/\/bautenschutz-keul.de\/angebote\/horizontalsperre-herzogtum-lauenburg\/\">Horizontalsperre Herzogtum Lauenburg<\/a>, <a href=\"https:\/\/bautenschutz-keul.de\/angebote\/bauwerksabdichtung-amelinghausen\/\">Bauwerksabdichtung Amelinghausen<\/a>, <a href=\"https:\/\/bautenschutz-keul.de\/angebote\/mauertrockenlegung-schwarzenbek\/\">Mauertrockenlegung Schwarzenbek<\/a>, <a href=\"https:\/\/bautenschutz-keul.de\/angebote\/schimmelsanierung-amelinghausen\/\">Schimmelsanierung Amelinghausen<\/a>, <a href=\"https:\/\/bautenschutz-keul.de\/angebote\/horizontalsperre-hanstedt\/\">Horizontalsperre Hanstedt<\/a>, <a href=\"https:\/\/bautenschutz-keul.de\/angebote\/kellerabdichtung-harburg\/\">Kellerabdichtung Harburg<\/a>, <a href=\"https:\/\/bautenschutz-keul.de\/angebote\/kellertrockenlegung-winsen-luhe\/\">Kellertrockenlegung Winsen Luhe<\/a>, <a href=\"https:\/\/bautenschutz-keul.de\/angebote\/bauwerksabdichtung-glinde-sachsenwald\/\">Bauwerksabdichtung Glinde Sachsenwald<\/a>, <a href=\"https:\/\/bautenschutz-keul.de\/angebote\/zerstoerter-putz-brietlingen\/\">zerst\u00f6rter Putz Brietlingen<\/a>, <a href=\"https:\/\/bautenschutz-keul.de\/angebote\/zerstoerter-putz-amelinghausen\/\">zerst\u00f6rter Putz Amelinghausen<\/a>, <a href=\"https:\/\/bautenschutz-keul.de\/angebote\/schimmelbeseitigung-boizenburg\/\">Schimmelbeseitigung Boizenburg<\/a>, <a href=\"https:\/\/bautenschutz-keul.de\/angebote\/zerstoerter-putz-tostedt-sittensen\/\">zerst\u00f6rter Putz Tostedt Sittensen<\/a>, <a href=\"https:\/\/bautenschutz-keul.de\/angebote\/bauwerksabdichtung-stelle\/\">Bauwerksabdichtung Stelle<\/a>, <a href=\"https:\/\/bautenschutz-keul.de\/angebote\/salpeter-im-keller-reppenstedt\/\">Salpeter im Keller Reppenstedt<\/a>, <a href=\"https:\/\/bautenschutz-keul.de\/angebote\/mauertrockenlegung-salzhausen\/\">Mauertrockenlegung Salzhausen<\/a>, <a href=\"https:\/\/bautenschutz-keul.de\/angebote\/feuchtigkeitsschaden-reppenstedt\/\">Feuchtigkeitsschaden Reppenstedt<\/a>, <a href=\"https:\/\/bautenschutz-keul.de\/angebote\/kellerabdichtung-amelinghausen\/\">Kellerabdichtung Amelinghausen<\/a>, <a href=\"https:\/\/bautenschutz-keul.de\/angebote\/feuchter-keller-hanstedt\/\">Feuchter Keller Hanstedt<\/a>, <a href=\"https:\/\/bautenschutz-keul.de\/angebote\/feuchter-keller-bienenbuettel\/\">Feuchter Keller Bienenb\u00fcttel<\/a>, <a href=\"https:\/\/bautenschutz-keul.de\/angebote\/aussenabdichtung-buechen\/\">Au\u00dfenabdichtung B\u00fcchen<\/a>, <a href=\"https:\/\/bautenschutz-keul.de\/angebote\/kellertrockenlegung-stelle\/\">Kellertrockenlegung Stelle<\/a>, <a href=\"https:\/\/bautenschutz-keul.de\/angebote\/kellertrockenlegung-salzhausen\/\">Kellertrockenlegung Salzhausen<\/a>, <a href=\"https:\/\/bautenschutz-keul.de\/angebote\/schimmelbeseitigung-buchholz-in-der-nordheide\/\">Schimmelbeseitigung Buchholz in der Nordheide<\/a>"},"_links":{"self":[{"href":"https:\/\/bautenschutz-keul.de\/angebote\/wp-json\/wp\/v2\/pages\/336","targetHints":{"allow":["GET"]}}],"collection":[{"href":"https:\/\/bautenschutz-keul.de\/angebote\/wp-json\/wp\/v2\/pages"}],"about":[{"href":"https:\/\/bautenschutz-keul.de\/angebote\/wp-json\/wp\/v2\/types\/page"}],"author":[{"embeddable":true,"href":"https:\/\/bautenschutz-keul.de\/angebote\/wp-json\/wp\/v2\/users\/1"}],"replies":[{"embeddable":true,"href":"https:\/\/bautenschutz-keul.de\/angebote\/wp-json\/wp\/v2\/comments?post=336"}],"version-history":[{"count":0,"href":"https:\/\/bautenschutz-keul.de\/angebote\/wp-json\/wp\/v2\/pages\/336\/revisions"}],"wp:attachment":[{"href":"https:\/\/bautenschutz-keul.de\/angebote\/wp-json\/wp\/v2\/media?parent=336"}],"curies":[{"name":"wp","href":"https:\/\/api.w.org\/{rel}","templated":true}]}}